{"id":645,"date":"2019-02-06T23:51:59","date_gmt":"2019-02-06T20:51:59","guid":{"rendered":"http:\/\/hortum.com.tr\/product\/import-placeholder-for-529\/"},"modified":"2024-03-21T17:44:28","modified_gmt":"2024-03-21T14:44:28","slug":"trelleborg-trelljet-681-antimicrobial-protection","status":"publish","type":"product","link":"https:\/\/tuzlahortum.com.tr\/ar\/product\/trelleborg-trelljet-681-antimicrobial-protection\/","title":{"rendered":"Trelleborg TRELLJET 681 \u062d\u0645\u0627\u064a\u0629 \u0636\u062f \u0627\u0644\u0645\u064a\u0643\u0631\u0648\u0628\u0627\u062a"},"content":{"rendered":"<h2>Trelleborg TRELLJET 681 \u062d\u0645\u0627\u064a\u0629 \u0636\u062f \u0627\u0644\u0645\u064a\u0643\u0631\u0648\u0628\u0627\u062a<\/h2>\n<div>\u0635\u0646\u0627\u0639\u0629 \u0627\u063a\u0630\u064a\u0629 \/ \u0631\u0634 \u0636\u063a\u0637 \u0639\u0627\u0644\u0649<\/div>\n<div>\u0645\u0635\u0645\u0645 \u062e\u0635\u064a\u0635\u064b\u0627 \u0644\u0644\u062a\u0646\u0638\u064a\u0641 \u0628\u0627\u0644\u0636\u063a\u0637 \u0627\u0644\u0639\u0627\u0644\u064a \u0627\u0644\u0627\u062d\u062a\u0631\u0627\u0641\u064a \u0648\u0627\u0644\u0635\u0646\u0627\u0639\u064a.<\/div>\n<div>TRELLJET 681 \u0645\u0636\u0627\u062f \u0644\u0644\u0645\u064a\u0643\u0631\u0648\u0628\u0627\u062a \u0644\u062c\u0645\u064a\u0639 \u0627\u0644\u0628\u064a\u0626\u0627\u062a \u0630\u0627\u062a \u0627\u0644\u0646\u0645\u0648 \u0627\u0644\u0628\u0643\u062a\u064a\u0631\u064a<\/div>\n<div>\u0645\u0646\u0627\u0633\u0628 \u0644: \u0634\u0631\u0643\u0627\u062a \u0627\u0644\u062a\u0646\u0638\u064a\u0641 \u060c \u0627\u0644\u0635\u0646\u0627\u0639\u0627\u062a \u0627\u0644\u063a\u0630\u0627\u0626\u064a\u0629 \u060c \u0627\u0644\u0623\u062f\u0648\u064a\u0629 \u060c \u0627\u0644\u062a\u063a\u0644\u064a\u0641 \/ \u0627\u0644\u062a\u0639\u0628\u0626\u0629 \u060c \u0627\u0644\u0631\u0639\u0627\u064a\u0629 \u0627\u0644\u0635\u062d\u064a\u0629<\/div>\n<div>\u0627\u0644\u0645\u0631\u0627\u0641\u0642 \u0648\u0627\u0644\u0645\u062f\u0627\u0631\u0633 \u0648\u0645\u0627 \u0625\u0644\u0649 \u0630\u0644\u0643. \u063a\u0633\u0627\u0644\u0627\u062a \u0627\u0644\u0636\u063a\u0637 \u0627\u0644\u0645\u062a\u0646\u0642\u0644\u0629 \u0645\u0646\u0627\u0633\u0628\u0629 \u0644\u0644\u062a\u0631\u0643\u064a\u0628\u0627\u062a \u0627\u0644\u062b\u0627\u0628\u062a\u0629 \u0648\u0627\u0644\u062a\u0637\u0628\u064a\u0642\u0627\u062a \u0627\u0644\u0645\u062b\u0628\u062a\u0629 \u0639\u0644\u0649 \u0639\u062c\u0644\u0627\u062a.<\/div>\n<div>\u0645\u0632\u0627\u064a\u0627<\/div>\n<div>* \u0645\u0642\u0627\u0648\u0645\u0629 \u0627\u0644\u062a\u0643\u0633\u064a\u0631.<\/div>\n<div>* \u0627\u0644\u062d\u0645\u0627\u064a\u0629 \u0627\u0644\u0645\u0636\u0627\u062f\u0629 \u0644\u0644\u0645\u064a\u0643\u0631\u0648\u0628\u0627\u062a: \u062a\u0645\u0646\u0639 \u0627\u0644\u062a\u0642\u0635\u0641 \u0646\u062a\u064a\u062c\u0629 \u0627\u0644\u0631\u0627\u0626\u062d\u0629 \u0648\u0627\u0644\u0628\u0642\u0639 \u0648\u0627\u0644\u062a\u0644\u0641 \u0648\u0627\u0644\u0647\u062c\u0645\u0627\u062a \u0627\u0644\u0628\u0643\u062a\u064a\u0631\u064a\u0629.<\/div>\n<div>* \u0637\u0644\u0627\u0621 \u0623\u0645\u0644\u0633 \u0645\u0642\u0627\u0648\u0645 \u0644\u0644\u0628\u0642\u0639.<\/div>\n<div>* \u0637\u0644\u0627\u0621 \u0623\u0645\u0644\u0633 \u063a\u064a\u0631 \u0645\u0644\u0648\u062b.<\/div>\n<div>* \u0645\u0642\u0627\u0648\u0645\u0629 \u062f\u0631\u062c\u0627\u062a \u0627\u0644\u062d\u0631\u0627\u0631\u0629 \u0627\u0644\u0639\u0627\u0644\u064a\u0629.<\/div>\n<div>* \u0645\u0631\u0648\u0646\u0629 \u0639\u0627\u0644\u064a\u0629 \u0648\u0645\u0642\u0627\u0648\u0645\u0629 \u0627\u0644\u062a\u062c\u0639\u062f.<\/div>\n<div>*\u062d\u064a\u0627\u0629 \u0645\u062f\u064a\u062f\u0629.<\/div>\n<div>\u0627\u0644\u0648\u0635\u0641 \u0627\u0644\u0641\u0646\u064a<\/div>\n<div>\u0627\u0644\u0623\u0646\u0628\u0648\u0628 \u0627\u0644\u062f\u0627\u062e\u0644\u064a: NBR \/ SBR \u060c \u0623\u0633\u0648\u062f \u060c \u0645\u0633\u062a\u0642\u064a\u0645.<\/div>\n<div>\u062a\u0642\u0648\u064a\u0629: \u0646\u0633\u064a\u062c \u062a\u0631\u0643\u064a\u0628\u064a.<\/div>\n<div>\u0637\u0644\u0627\u0621: NBR \/ SBR \u060c \u0623\u0632\u0631\u0642 \u060c \u0639\u0627\u062f\u064a.<\/div>\n<div>\u0646\u0637\u0627\u0642 \u062f\u0631\u062c\u0629 \u0627\u0644\u062d\u0631\u0627\u0631\u0629: -40 \u062f\u0631\u062c\u0629 \u0645\u0626\u0648\u064a\u0629 \u0625\u0644\u0649 + 120 \u062f\u0631\u062c\u0629 \u0645\u0626\u0648\u064a\u0629.<\/div>\n<div>\u0627\u0644\u0645\u0639\u064a\u0627\u0631 \/ \u0627\u0644\u0645\u0648\u0627\u0641\u0642\u0629:<\/div>\n<div>\u062d\u0645\u0627\u064a\u0629 \u0645\u0636\u0627\u062f\u0627\u062a \u0627\u0644\u0645\u064a\u0643\u0631\u0648\u0628\u0627\u062a \u0627\u0644\u0645\u0637\u0627\u0628\u0642\u0629 \u0644\u0644\u0645\u0639\u0627\u064a\u064a\u0631 \u0627\u0644\u062a\u0627\u0644\u064a\u0629:<\/div>\n<div>- ISO 22196: 2007 (\u0627\u0644\u062a\u062d\u0644\u064a\u0644 \u0627\u0644\u0643\u0645\u064a \u0644\u0646\u0645\u0648 \u0627\u0644\u0628\u0643\u062a\u064a\u0631\u064a\u0627)<\/div>\n<div>- AATCC 30-2004 (\u062a\u062d\u0644\u064a\u0644 \u0646\u0648\u0639\u064a \u0644\u062a\u0642\u064a\u064a\u0645 \u0627\u0644\u0646\u0634\u0627\u0637 \u0627\u0644\u0645\u0636\u0627\u062f \u0644\u0644\u0645\u064a\u0643\u0631\u0648\u0628\u0627\u062a \u0644\u0645\u0628\u064a\u062f\u0627\u062a \u0627\u0644\u0641\u0637\u0631\u064a\u0627\u062a).<\/div>\n<div>\u0627\u0644\u0646\u0642\u0627\u0628\u0627\u062a \/ \u0627\u0644\u062a\u0631\u0643\u064a\u0628\u0627\u062a<\/div>\n<div>\u062a\u062a\u0648\u0641\u0631 \u0627\u0644\u062a\u0631\u0643\u064a\u0628\u0627\u062a \u0627\u0644\u0645\u0635\u0645\u0645\u0629 \u062e\u0635\u064a\u0635\u064b\u0627 \u0644\u062a\u062d\u0642\u064a\u0642 \u0627\u0644\u062a\u0648\u0635\u064a\u0644\u0627\u062a \u0627\u0644\u0645\u062b\u0644\u0649<\/div>\n<div>\u0627\u062a\u0635\u0644 \u0628\u0646\u0627 \u0644\u0644\u062d\u0635\u0648\u0644 \u0639\u0644\u0649 \u0645\u0632\u064a\u062f \u0645\u0646 \u0627\u0644\u0645\u0639\u0644\u0648\u0645\u0627\u062a \u062d\u0648\u0644.<\/div>\n<div>\u0645\u0639\u0644\u0648\u0645\u0627\u062a \u0625\u0636\u0627\u0641\u064a\u0629<\/div>\n<div>\u0645\u062a\u0648\u0641\u0631 \u0628\u0623\u0637\u0648\u0627\u0644 \u0639\u0634\u0648\u0627\u0626\u064a\u0629: 10 \/ -95 \u0645.<\/div>\n<div>Her teslimat hacminin %50&#8217;si rastgele uzunluklarda olacak, en k\u0131sa uzunluk 10m, en az %50<\/div>\n<div>\u064a\u062c\u0628 \u0623\u0646 \u064a\u0643\u0648\u0646 \u0628\u0637\u0648\u0644 \u062b\u0627\u0628\u062a \u0645\u062d\u062f\u062f \u0641\u064a \u0627\u0644\u062c\u062f\u0648\u0644.<\/div>\n<div><\/div>\n<div>\n<div class=\"video video-fit mb\" style=\"padding-top:56.25%;\"><p><iframe loading=\"lazy\" title=\"\u0623\u064a \u062e\u0631\u0637\u0648\u0645 \u0637\u0639\u0627\u0645 \u064a\u062c\u0628 \u0623\u0646 \u0646\u062e\u062a\u0627\u0631\u061f\" width=\"1020\" height=\"574\" src=\"https:\/\/www.youtube.com\/embed\/1RIgy8WF1Ao?feature=oembed\" frameborder=\"0\" allow=\"accelerometer; autoplay; clipboard-write; encrypted-media; gyroscope; picture-in-picture; web-share\" referrerpolicy=\"strict-origin-when-cross-origin\" allowfullscreen><\/iframe><\/p>\n<\/div>\n<div class=\"video video-fit mb\" style=\"padding-top:56.25%;\"><p><iframe loading=\"lazy\" title=\"\u0627\u0631\u062a\u0628\u0627\u0643 \u0627\u0644\u0642\u064a\u0627\u0633 (\u0628\u0648\u0635\u0629\u060c \u0625\u0635\u0628\u0639\u060c \u0636\u0628\u0627\u0628\u060c \u0645\u0644\u0644\u064a\u0645\u062a\u0631)\" width=\"1020\" height=\"574\" src=\"https:\/\/www.youtube.com\/embed\/uKk6AG_AZls?feature=oembed\" frameborder=\"0\" allow=\"accelerometer; autoplay; clipboard-write; encrypted-media; gyroscope; picture-in-picture; web-share\" referrerpolicy=\"strict-origin-when-cross-origin\" allowfullscreen><\/iframe><\/p>\n<\/div>\n<\/div>\n<p><img data-recalc-dims=\"1\" loading=\"lazy\" decoding=\"async\" class=\"alignnone size-medium wp-image-2077\" src=\"https:\/\/i0.wp.com\/hortum.com.tr\/wp-content\/uploads\/urunler\/trelleborg\/Trelleborg-TRELLJET-681-Antimicrobial-Protection-800x88.jpg?resize=800%2C88\" alt=\"\" width=\"800\" height=\"88\" title=\"\" srcset=\"https:\/\/i0.wp.com\/tuzlahortum.com.tr\/wp-content\/uploads\/urunler\/trelleborg\/Trelleborg-TRELLJET-681-Antimicrobial-Protection.jpg?resize=800%2C88&amp;ssl=1 800w, https:\/\/i0.wp.com\/tuzlahortum.com.tr\/wp-content\/uploads\/urunler\/trelleborg\/Trelleborg-TRELLJET-681-Antimicrobial-Protection.jpg?resize=768%2C84&amp;ssl=1 768w, https:\/\/i0.wp.com\/tuzlahortum.com.tr\/wp-content\/uploads\/urunler\/trelleborg\/Trelleborg-TRELLJET-681-Antimicrobial-Protection.jpg?resize=600%2C66&amp;ssl=1 600w, https:\/\/i0.wp.com\/tuzlahortum.com.tr\/wp-content\/uploads\/urunler\/trelleborg\/Trelleborg-TRELLJET-681-Antimicrobial-Protection.jpg?w=855&amp;ssl=1 855w\" sizes=\"auto, (max-width: 800px) 100vw, 800px\" \/><\/p>","protected":false},"excerpt":{"rendered":"<p>Trelleborg TRELLJET 681 Antimicrobial Protection G\u0131da End\u00fcstrisi\/Y\u00fcksek bas\u0131n\u00e7l\u0131 p\u00fcsk\u00fcrtme \u00d6zel olarak profesyonel ve end\u00fcstriyel y\u00fcksek bas\u0131n\u00e7l\u0131 temizlik i\u00e7in tasarlanm\u0131\u015ft\u0131r. Antimikrobiyel TRELLJET 681 bakteri \u00fcremesinin s\u00f6z konusu oldu\u011fu t\u00fcm ortamlar i\u00e7in uygundur: temizlik \u015firketleri, g\u0131da end\u00fcstrileri, farmas\u00f6tik, ambalajlama\/\u015fi\u015feleme, sa\u011fl\u0131k tesisleri, okullar, vs. Mobil bas\u0131n\u00e7l\u0131 y\u0131kay\u0131c\u0131lar, sabit tesisatlar ve tekerle\u011fe monte uygulamalar\u00a0i\u00e7in uygundur. Avantajlar *Ezilmeye kar\u015f\u0131 dayan\u0131kl\u0131d\u0131r. [&#8230;]\n","protected":false},"featured_media":2680,"comment_status":"open","ping_status":"closed","template":"","meta":{"jetpack_post_was_ever_published":false},"product_brand":[],"product_cat":[194],"product_tag":[563,567,556,568,558,561,560,565,559,566,564,555,525,562,557],"class_list":{"0":"post-645","1":"product","2":"type-product","3":"status-publish","4":"has-post-thumbnail","6":"product_cat-gida-endustrisi-yuksek-basincli-puskurtme-hortumlari","7":"product_tag-ambalajlama","8":"product_tag-antimikrobiyel","9":"product_tag-asinmaya-yuksek-dayanim","10":"product_tag-bakteri","11":"product_tag-basinc","12":"product_tag-farmasotik","13":"product_tag-gida-endustrisi","14":"product_tag-okullar","15":"product_tag-puskurtme","16":"product_tag-saglik-tesisleri","17":"product_tag-siseleme","18":"product_tag-su","19":"product_tag-temizlik","20":"product_tag-temizlik-sirketleri","21":"product_tag-yuksek","23":"first","24":"instock","25":"taxable","26":"shipping-taxable","27":"product-type-variable"},"jetpack-related-posts":[],"jetpack_sharing_enabled":true,"jetpack_likes_enabled":true,"_links":{"self":[{"href":"https:\/\/tuzlahortum.com.tr\/ar\/wp-json\/wp\/v2\/product\/645","targetHints":{"allow":["GET"]}}],"collection":[{"href":"https:\/\/tuzlahortum.com.tr\/ar\/wp-json\/wp\/v2\/product"}],"about":[{"href":"https:\/\/tuzlahortum.com.tr\/ar\/wp-json\/wp\/v2\/types\/product"}],"replies":[{"embeddable":true,"href":"https:\/\/tuzlahortum.com.tr\/ar\/wp-json\/wp\/v2\/comments?post=645"}],"wp:featuredmedia":[{"embeddable":true,"href":"https:\/\/tuzlahortum.com.tr\/ar\/wp-json\/wp\/v2\/media\/2680"}],"wp:attachment":[{"href":"https:\/\/tuzlahortum.com.tr\/ar\/wp-json\/wp\/v2\/media?parent=645"}],"wp:term":[{"taxonomy":"product_brand","embeddable":true,"href":"https:\/\/tuzlahortum.com.tr\/ar\/wp-json\/wp\/v2\/product_brand?post=645"},{"taxonomy":"product_cat","embeddable":true,"href":"https:\/\/tuzlahortum.com.tr\/ar\/wp-json\/wp\/v2\/product_cat?post=645"},{"taxonomy":"product_tag","embeddable":true,"href":"https:\/\/tuzlahortum.com.tr\/ar\/wp-json\/wp\/v2\/product_tag?post=645"}],"curies":[{"name":"\u062f\u0628\u0644\u064a\u0648 \u0628\u064a","href":"https:\/\/api.w.org\/{rel}","templated":true}]}}