{"id":637,"date":"2019-02-06T23:46:53","date_gmt":"2019-02-06T20:46:53","guid":{"rendered":"http:\/\/hortum.com.tr\/product\/import-placeholder-for-532\/"},"modified":"2024-03-21T17:44:34","modified_gmt":"2024-03-21T14:44:34","slug":"trelleborg-alikler-g2","status":"publish","type":"product","link":"https:\/\/tuzlahortum.com.tr\/ar\/product\/trelleborg-alikler-g2\/","title":{"rendered":"\u0645\u0634\u062a\u0631\u064a Trelleborg G2"},"content":{"rendered":"<h2>\u0645\u0634\u062a\u0631\u064a Trelleborg G2<\/h2>\n<div>\u0627\u0644\u0635\u0646\u0627\u0639\u0627\u062a \u0627\u0644\u063a\u0630\u0627\u0626\u064a\u0629 \/ \u0627\u0644\u062a\u062d\u0648\u064a\u0644<\/div>\n<div>\u015earap, bira, s\u00fct, ya\u011f, elma \u015f\u0131ras\u0131, meyve suyu ve %96&#8217;ya kadar olan alkol gibi s\u0131v\u0131 g\u0131da\u00a0maddelerinin \u00e7ekilmesi ve tahliyesi.<\/div>\n<div>\u0645\u0646\u0627\u0637\u0642 \u0627\u0644\u062a\u0641\u0631\u064a\u063a \u0648\u0645\u062d\u0637\u0627\u062a \u0627\u0644\u062a\u062c\u0647\u064a\u0632 \u0648\u0627\u0644\u062a\u0639\u0628\u0626\u0629 \u0648\u0635\u0647\u0627\u0631\u064a\u062c \u0627\u0644\u0623\u063a\u0630\u064a\u0629 \u0627\u0644\u0633\u0627\u0626\u0644\u0629 \u062d\u062a\u0649 + 120 \u062f\u0631\u062c\u0629 \u0645\u0626\u0648\u064a\u0629<\/div>\n<div>\u062e\u0637 \u0647\u0648\u0627\u0621 \u0625\u0636\u0627\u0641\u064a (\u063a\u064a\u0631 \u0645\u0636\u063a\u0648\u0637) \u0641\u064a \u0646\u0627\u0642\u0644\u0627\u062a \u0627\u0644\u0637\u0631\u0642 \u0627\u0644\u062a\u064a \u062a\u062d\u0645\u0644 \u0645\u0646\u062a\u062c\u0627\u062a \u0645\u0633\u062d\u0648\u0642 \u0633\u0627\u0626\u0628 \u0639\u0646\u062f \u062f\u0631\u062c\u0627\u062a \u062d\u0631\u0627\u0631\u0629<\/div>\n<div>\u0645\u0632\u0627\u064a\u0627<\/div>\n<div>* \u0645\u0631\u0648\u0646\u0629 \u0645\u062a\u0642\u062f\u0645\u0629 \u0648\u0633\u0647\u0648\u0644\u0629 \u0641\u064a \u0627\u0644\u062a\u0639\u0627\u0645\u0644.<\/div>\n<div>* \u0623\u0646\u0628\u0648\u0628 \u062f\u0627\u062e\u0644\u064a \u0645\u062a\u0639\u062f\u062f \u0627\u0644\u0623\u063a\u0631\u0627\u0636 \u0628\u0633\u0637\u062d \u0623\u0645\u0644\u0633 \u0645\u0646\u0627\u0633\u0628 \u0644\u0644\u0627\u0633\u062a\u062e\u062f\u0627\u0645 \u0641\u064a \u0627\u0644\u0637\u0639\u0627\u0645 \u060c \u0628\u062f\u0648\u0646 \u0641\u0648\u0627\u0635\u0644 \u060c \u064a\u0645\u0646\u0639 \u062a\u0643\u0648\u0646 \u0627\u0644\u0628\u0643\u062a\u064a\u0631\u064a\u0627.<\/div>\n<div>* \u0645\u0642\u0627\u0648\u0645\u0629 \u0645\u0645\u062a\u0627\u0632\u0629 \u0644\u0644\u0643\u0633\u0631.<\/div>\n<div>* \u0646\u0638\u0631\u064b\u0627 \u0644\u062c\u0648\u062f\u0629 \u0645\u0631\u0643\u0628 \u0627\u0644\u0645\u0637\u0627\u0637 \u060c \u0641\u0625\u0646 \u062a\u063a\u064a\u0631\u0627\u062a \u062f\u0631\u062c\u0627\u062a \u0627\u0644\u062d\u0631\u0627\u0631\u0629 \u0644\u0647\u0627 \u062a\u0623\u062b\u064a\u0631 \u0636\u0626\u064a\u0644.<\/div>\n<div>* \u0641\u064a \u0635\u0646\u0627\u0639\u0629 \u0627\u0644\u0623\u063a\u0630\u064a\u0629 \u0628\u0627\u0633\u062a\u062e\u062f\u0627\u0645 \u0627\u0644\u0645\u0648\u0627\u062f \u0627\u0644\u0643\u064a\u0645\u064a\u0627\u0626\u064a\u0629 (\u0628\u062d\u062f \u0623\u0642\u0635\u0649 90 \u062f\u0631\u062c\u0629 \u0645\u0626\u0648\u064a\u0629) \u0623\u0648 \u0627\u0644\u0628\u062e\u0627\u0631 (\u0628\u062d\u062f \u0623\u0642\u0635\u0649 130 \u062f\u0631\u062c\u0629 \u0645\u0626\u0648\u064a\u0629)<\/div>\n<div>\u064a\u0648\u0641\u0631 \u0627\u0644\u0645\u062a\u0627\u0646\u0629 \u0641\u064a \u0627\u0644\u0639\u062f\u064a\u062f \u0645\u0646 \u0639\u0645\u0644\u064a\u0627\u062a \u0627\u0644\u062a\u0646\u0638\u064a\u0641 \u0627\u0644\u0645\u0637\u0628\u0642\u0629. \u0627\u0646\u0638\u0631 \u062f\u0644\u064a\u0644 \u0627\u0644\u0645\u0633\u062a\u062e\u062f\u0645 \u0627\u0644\u062e\u0627\u0635 \u0628\u0646\u0627.<\/div>\n<div>* \u0637\u0644\u0627\u0621 \u0645\u0642\u0627\u0648\u0645 \u0644\u0644\u0627\u0647\u062a\u0631\u0627\u0621 \u0644\u0627 \u064a\u062a\u0631\u0643 \u0639\u0644\u0627\u0645\u0627\u062a.<\/div>\n<div>* \u0644\u0627 \u064a\u062d\u062a\u0648\u064a \u0639\u0644\u0649 \u0627\u0644\u0641\u062b\u0627\u0644\u0627\u062a.<\/div>\n<div>\u0627\u0644\u0648\u0635\u0641 \u0627\u0644\u0641\u0646\u064a<\/div>\n<div>\u0627\u0644\u0623\u0646\u0628\u0648\u0628 \u0627\u0644\u062f\u0627\u062e\u0644\u064a: \u062f\u0631\u062c\u0629 \u0627\u0644\u0637\u0639\u0627\u0645 \u060c \u0645\u0642\u0627\u0648\u0645 \u0644\u0644\u0632\u064a\u062a \u060c NBR \u060c \u0623\u0628\u064a\u0636 \u060c \u0639\u0627\u062f\u064a.<\/div>\n<div>\u0627\u0644\u062a\u0639\u0632\u064a\u0632: \u0646\u0633\u064a\u062c \u0635\u0646\u0627\u0639\u064a \u0628\u0632\u0646\u0628\u0631\u0643 \u0635\u0644\u0628 \u0645\u062f\u0645\u062c.<\/div>\n<div>\u0637\u0644\u0627\u0621: \u0645\u0642\u0627\u0648\u0645\u0629 \u0627\u0644\u0646\u0641\u0637 \u0648\u0627\u0644\u0634\u064a\u062e\u0648\u062e\u0629 NBR \/ PVC \u060c \u0627\u0644\u0623\u0632\u0631\u0642 \u060c \u0646\u0638\u0631\u0629 \u0627\u0644\u0646\u0633\u064a\u062c.<\/div>\n<div>\u0646\u0637\u0627\u0642 \u062f\u0631\u062c\u0629 \u0627\u0644\u062d\u0631\u0627\u0631\u0629: -30 \u062f\u0631\u062c\u0629 \u0645\u0626\u0648\u064a\u0629 \u0625\u0644\u0649 + 100 \u062f\u0631\u062c\u0629 \u0645\u0626\u0648\u064a\u0629.<\/div>\n<div>\u0627\u0644\u0645\u0639\u064a\u0627\u0631 \/ \u0627\u0644\u0645\u0648\u0627\u0641\u0642\u0629:<\/div>\n<div>\u0644\u0648\u0627\u0626\u062d \u0627\u0644\u0627\u062a\u062d\u0627\u062f \u0627\u0644\u0623\u0648\u0631\u0648\u0628\u064a 1935\/2004 \u0648 2023\/2006 \u0644\u0627\u0626\u062d\u0629 \u0625\u062f\u0627\u0631\u0629 \u0627\u0644\u063a\u0630\u0627\u0621 \u0648\u0627\u0644\u062f\u0648\u0627\u0621 \u0631\u0642\u0645 21 CFR 177.2600.<\/div>\n<div>\u0627\u0644\u062a\u0634\u0631\u064a\u0639 \u0627\u0644\u0623\u0644\u0645\u0627\u0646\u064a: \u0627\u0644\u062a\u0648\u0635\u064a\u0629 21 BfR \u0627\u0644\u0642\u0637. 2. \u0627\u0644\u062a\u0634\u0631\u064a\u0639 \u0627\u0644\u0641\u0631\u0646\u0633\u064a.<\/div>\n<div>\u062a\u0645 \u0625\u062c\u0631\u0627\u0621 \u062c\u0645\u064a\u0639 \u0627\u062e\u062a\u0628\u0627\u0631\u0627\u062a \u0627\u0644\u0646\u062c\u0627\u062d \u0630\u0627\u062a \u0627\u0644\u0635\u0644\u0629 (\u0641\u0631\u0646\u0633\u0627 \u0648\u0625\u062f\u0627\u0631\u0629 \u0627\u0644\u063a\u0630\u0627\u0621 \u0648\u0627\u0644\u062f\u0648\u0627\u0621) \u0648\u0627\u0639\u062a\u0645\u0627\u062f\u0647\u0627 \u0645\u0646 \u0642\u0628\u0644 \u0645\u0639\u0647\u062f \u0628\u0648\u0627\u062a\u064a\u064a\u0647 \u0627\u0644\u0641\u0631\u0646\u0633\u064a (IANESCO).<\/div>\n<div>\u0627\u0644\u0646\u0642\u0627\u0628\u0627\u062a \/ \u0627\u0644\u062a\u0631\u0643\u064a\u0628\u0627\u062a<\/div>\n<div>\u062a\u062a\u0648\u0641\u0631 \u0627\u0644\u062a\u0631\u0643\u064a\u0628\u0627\u062a \u0627\u0644\u0645\u0635\u0645\u0645\u0629 \u062e\u0635\u064a\u0635\u064b\u0627 \u0644\u062a\u062d\u0642\u064a\u0642 \u0627\u0644\u062a\u0648\u0635\u064a\u0644\u0627\u062a \u0627\u0644\u0645\u062b\u0644\u0649<\/div>\n<div>\u0627\u062a\u0635\u0644 \u0628\u0646\u0627 \u0644\u0644\u062d\u0635\u0648\u0644 \u0639\u0644\u0649 \u0645\u0632\u064a\u062f \u0645\u0646 \u0627\u0644\u0645\u0639\u0644\u0648\u0645\u0627\u062a \u062d\u0648\u0644.<\/div>\n<div><\/div>\n<div>\n<div class=\"video video-fit mb\" style=\"padding-top:56.25%;\"><p><iframe loading=\"lazy\" title=\"\u0623\u064a \u062e\u0631\u0637\u0648\u0645 \u0637\u0639\u0627\u0645 \u064a\u062c\u0628 \u0623\u0646 \u0646\u062e\u062a\u0627\u0631\u061f\" width=\"1020\" height=\"574\" src=\"https:\/\/www.youtube.com\/embed\/1RIgy8WF1Ao?feature=oembed\" frameborder=\"0\" allow=\"accelerometer; autoplay; clipboard-write; encrypted-media; gyroscope; picture-in-picture; web-share\" referrerpolicy=\"strict-origin-when-cross-origin\" allowfullscreen><\/iframe><\/p>\n<\/div>\n<div class=\"video video-fit mb\" style=\"padding-top:56.25%;\"><p><iframe loading=\"lazy\" title=\"\u0627\u0631\u062a\u0628\u0627\u0643 \u0627\u0644\u0642\u064a\u0627\u0633 (\u0628\u0648\u0635\u0629\u060c \u0625\u0635\u0628\u0639\u060c \u0636\u0628\u0627\u0628\u060c \u0645\u0644\u0644\u064a\u0645\u062a\u0631)\" width=\"1020\" height=\"574\" src=\"https:\/\/www.youtube.com\/embed\/uKk6AG_AZls?feature=oembed\" frameborder=\"0\" allow=\"accelerometer; autoplay; clipboard-write; encrypted-media; gyroscope; picture-in-picture; web-share\" referrerpolicy=\"strict-origin-when-cross-origin\" allowfullscreen><\/iframe><\/p>\n<\/div>\n<\/div>\n<p><img data-recalc-dims=\"1\" loading=\"lazy\" decoding=\"async\" class=\"alignnone size-medium wp-image-2139\" src=\"https:\/\/i0.wp.com\/hortum.com.tr\/wp-content\/uploads\/urunler\/trelleborg\/Trelleborg-ALIKLER-G2-800x306.jpg?resize=800%2C306\" alt=\"\" width=\"800\" height=\"306\" title=\"\" srcset=\"https:\/\/i0.wp.com\/tuzlahortum.com.tr\/wp-content\/uploads\/urunler\/trelleborg\/Trelleborg-ALIKLER-G2.jpg?resize=800%2C306&amp;ssl=1 800w, https:\/\/i0.wp.com\/tuzlahortum.com.tr\/wp-content\/uploads\/urunler\/trelleborg\/Trelleborg-ALIKLER-G2.jpg?resize=768%2C294&amp;ssl=1 768w, https:\/\/i0.wp.com\/tuzlahortum.com.tr\/wp-content\/uploads\/urunler\/trelleborg\/Trelleborg-ALIKLER-G2.jpg?resize=600%2C229&amp;ssl=1 600w, https:\/\/i0.wp.com\/tuzlahortum.com.tr\/wp-content\/uploads\/urunler\/trelleborg\/Trelleborg-ALIKLER-G2.jpg?w=845&amp;ssl=1 845w\" sizes=\"auto, (max-width: 800px) 100vw, 800px\" \/><\/p>","protected":false},"excerpt":{"rendered":"<p>Trelleborg ALIKLER G2 G\u0131da End\u00fcstrisi\/Transfer \u015earap, bira, s\u00fct, ya\u011f, elma \u015f\u0131ras\u0131, meyve suyu ve %96&#8217;ya kadar olan alkol gibi s\u0131v\u0131 g\u0131da\u00a0maddelerinin \u00e7ekilmesi ve tahliyesi. Bo\u015faltma alanlar\u0131, i\u015fleme ve doldurma tesisleri ve s\u0131v\u0131 g\u0131da maddesi tankerleri +120\u00b0C&#8217;ye kadar olan s\u0131cakl\u0131klarda d\u00f6kme toz \u00fcr\u00fcnler ta\u015f\u0131yan karayolu tankerlerindeki ek hava hatt\u0131 (bas\u0131n\u00e7l\u0131\u00a0olmayan). Avantajlar *Geli\u015fmi\u015f esneklik, kolay ta\u015f\u0131ma. *G\u0131dada [&#8230;]\n","protected":false},"featured_media":2617,"comment_status":"open","ping_status":"closed","template":"","meta":{"jetpack_post_was_ever_published":false},"product_brand":[],"product_cat":[193],"product_tag":[537,294,402,290,533,535,532,534,536],"class_list":{"0":"post-637","1":"product","2":"type-product","3":"status-publish","4":"has-post-thumbnail","6":"product_cat-gida-endustrisi-transfer-hortumlari","7":"product_tag-bosaltma","8":"product_tag-dayanikli","9":"product_tag-gida","10":"product_tag-hortum","11":"product_tag-icecekler","12":"product_tag-tesis","13":"product_tag-transfer","14":"product_tag-uretim","15":"product_tag-yukleme","17":"first","18":"instock","19":"taxable","20":"shipping-taxable","21":"product-type-variable"},"jetpack-related-posts":[{"id":636,"url":"https:\/\/tuzlahortum.com.tr\/ar\/product\/trelleborg-alikler-d\/","url_meta":{"origin":637,"position":0},"title":"\u0645\u0634\u062a\u0631\u064a \u062a\u0631\u064a\u0644\u0628\u0648\u0631\u063a \u062f","author":"admin","date":"6 \u0641\u0628\u0631\u0627\u064a\u0631 2019","format":false,"excerpt":"Trelleborg ALIKLER DG\u0131da End\u00fcstrisi\/Transfer Bira, s\u00fct, ya\u011f, elma \u015f\u0131ras\u0131, meyve suyu ve %96'ya kadar olan alkol gibi s\u0131v\u0131 g\u0131da maddelerinin\u00a0y\u00fcksek bas\u0131n\u00e7l\u0131 tahliyesi. Mand\u0131ralarda bo\u015faltma alanlar\u0131nda \u00e7ekme. \u0130\u015fleme ve doldurma tesislerinde kullan\u0131lan ekipman ve s\u0131v\u0131 g\u0131da maddesi tankerleri. Avantajlar *G\u0131dada kullan\u0131ma uygun d\u00fczg\u00fcn y\u00fczeyli, eksiz, \u00e7ok ama\u00e7l\u0131 i\u00e7 lastik bakteri olu\u015fumunu\u00a0engeller.\u2026","rel":"","context":"\u062a\u062f\u0648\u064a\u0646\u0629 \u0645\u0634\u0627\u0628\u0647\u0629","block_context":{"text":"\u062a\u062f\u0648\u064a\u0646\u0629 \u0645\u0634\u0627\u0628\u0647\u0629","link":""},"img":{"alt_text":"","src":"https:\/\/i0.wp.com\/tuzlahortum.com.tr\/wp-content\/uploads\/2019\/02\/ALIKLER-D.jpg?fit=800%2C800&ssl=1&resize=350%2C200","width":350,"height":200,"srcset":"https:\/\/i0.wp.com\/tuzlahortum.com.tr\/wp-content\/uploads\/2019\/02\/ALIKLER-D.jpg?fit=800%2C800&ssl=1&resize=350%2C200 1x, https:\/\/i0.wp.com\/tuzlahortum.com.tr\/wp-content\/uploads\/2019\/02\/ALIKLER-D.jpg?fit=800%2C800&ssl=1&resize=525%2C300 1.5x, https:\/\/i0.wp.com\/tuzlahortum.com.tr\/wp-content\/uploads\/2019\/02\/ALIKLER-D.jpg?fit=800%2C800&ssl=1&resize=700%2C400 2x"},"classes":[]},{"id":641,"url":"https:\/\/tuzlahortum.com.tr\/ar\/product\/trelleborg-trellvin\/","url_meta":{"origin":637,"position":1},"title":"Trelleborg TRELLVIN","author":"admin","date":"6 \u0641\u0628\u0631\u0627\u064a\u0631 2019","format":false,"excerpt":"Trelleborg TRELLVING\u0131da End\u00fcstrisi\/Transfer \u015earap, bira ve s\u00fct, ya\u011f, elma \u015f\u0131ras\u0131, meyve suyu ve %96'ya kadar olan alkol gibi s\u0131v\u0131 g\u0131da\u00a0maddelerinin \u00e7ekilmesi ve tahliyesi. \u00d6zellikle \u015farap \u00fcretim tesisi, bo\u015faltma alanlar\u0131ndaki tank transferleri ve s\u0131v\u0131 g\u0131da maddesi\u00a0tankerleri i\u00e7in tasarlanm\u0131\u015ft\u0131r. Avantajlar *G\u0131dada kullan\u0131ma uygun d\u00fczg\u00fcn y\u00fczeyli, eksiz, \u00e7ok ama\u00e7l\u0131 i\u00e7 lastik bakteri olu\u015fumunu\u00a0engeller.\u2026","rel":"","context":"\u062a\u062f\u0648\u064a\u0646\u0629 \u0645\u0634\u0627\u0628\u0647\u0629","block_context":{"text":"\u062a\u062f\u0648\u064a\u0646\u0629 \u0645\u0634\u0627\u0628\u0647\u0629","link":""},"img":{"alt_text":"","src":"https:\/\/i0.wp.com\/tuzlahortum.com.tr\/wp-content\/uploads\/2019\/02\/TRELLVIN.jpg?fit=800%2C800&ssl=1&resize=350%2C200","width":350,"height":200,"srcset":"https:\/\/i0.wp.com\/tuzlahortum.com.tr\/wp-content\/uploads\/2019\/02\/TRELLVIN.jpg?fit=800%2C800&ssl=1&resize=350%2C200 1x, https:\/\/i0.wp.com\/tuzlahortum.com.tr\/wp-content\/uploads\/2019\/02\/TRELLVIN.jpg?fit=800%2C800&ssl=1&resize=525%2C300 1.5x, https:\/\/i0.wp.com\/tuzlahortum.com.tr\/wp-content\/uploads\/2019\/02\/TRELLVIN.jpg?fit=800%2C800&ssl=1&resize=700%2C400 2x"},"classes":[]},{"id":917,"url":"https:\/\/tuzlahortum.com.tr\/ar\/product\/trelleborg-osx\/","url_meta":{"origin":637,"position":2},"title":"Trelleborg OSX","author":"admin","date":"6 \u0641\u0628\u0631\u0627\u064a\u0631 2019","format":false,"excerpt":"Trelleborg OSXSu\/Vakum uygulamalar\u0131 \u00c7e\u015fitli s\u0131v\u0131lar ve genel end\u00fcstride kullan\u0131lan orta derecede a\u015f\u0131nd\u0131r\u0131c\u0131 kat\u0131lar\u0131n \u00e7ekilmesi ve\u00a0tahliyesi. Tohum ekme, drenaj, kanalizasyon ve su ta\u015f\u0131ma gibi tar\u0131msal uygulamalar Ayr\u0131ca itfaiye ve tesis ekipman\u0131nda (yeralt\u0131 suyunun pompalanmas\u0131) i\u00e7in kullan\u0131l\u0131r. Avantajlar *\u015eeffaf PVC, y\u00fcksek \u00e7ekme dayan\u0131m\u0131na sahip \u00e7elik helisli \u00e7ekme ve tahliye hortumu. *D\u00fczg\u00fcn u\u00e7.\u2026","rel":"","context":"\u062a\u062f\u0648\u064a\u0646\u0629 \u0645\u0634\u0627\u0628\u0647\u0629","block_context":{"text":"\u062a\u062f\u0648\u064a\u0646\u0629 \u0645\u0634\u0627\u0628\u0647\u0629","link":""},"img":{"alt_text":"","src":"https:\/\/i0.wp.com\/tuzlahortum.com.tr\/wp-content\/uploads\/2019\/02\/OSX.jpg?fit=800%2C800&ssl=1&resize=350%2C200","width":350,"height":200,"srcset":"https:\/\/i0.wp.com\/tuzlahortum.com.tr\/wp-content\/uploads\/2019\/02\/OSX.jpg?fit=800%2C800&ssl=1&resize=350%2C200 1x, https:\/\/i0.wp.com\/tuzlahortum.com.tr\/wp-content\/uploads\/2019\/02\/OSX.jpg?fit=800%2C800&ssl=1&resize=525%2C300 1.5x, https:\/\/i0.wp.com\/tuzlahortum.com.tr\/wp-content\/uploads\/2019\/02\/OSX.jpg?fit=800%2C800&ssl=1&resize=700%2C400 2x"},"classes":[]},{"id":638,"url":"https:\/\/tuzlahortum.com.tr\/ar\/product\/trelleborg-citerdial\/","url_meta":{"origin":637,"position":3},"title":"Trelleborg CITERDIAL","author":"admin","date":"6 \u0641\u0628\u0631\u0627\u064a\u0631 2019","format":false,"excerpt":"Trelleborg CITERDIALG\u0131da End\u00fcstrisi\/Transfer S\u00fct ta\u015f\u0131mak i\u00e7in: s\u00fct toplamak ve ta\u015f\u0131mak i\u00e7in kullan\u0131lan tankerler, s\u00fct \u00fcr\u00fcnleri bo\u015faltma\u00a0alanlar\u0131 ve sabit ekipman, i\u015fleme ve doldurma tesisi. Ya\u011fl\u0131 g\u0131da maddeleri ve ya\u011flar hari\u00e7\u00a0\u015farap, elma \u015f\u0131ras\u0131, meyve suyu, sirke ve %96'ya kadar alkol gibi di\u011fer s\u0131v\u0131 g\u0131da maddelerinin\u00a0ta\u015f\u0131nmas\u0131. Avantajlar *K\u0131r\u0131lma olmaks\u0131z\u0131n en k\u00fc\u00e7\u00fck k\u0131vr\u0131lma yar\u0131\u00e7aplar\u0131n\u0131\u2026","rel":"","context":"\u062a\u062f\u0648\u064a\u0646\u0629 \u0645\u0634\u0627\u0628\u0647\u0629","block_context":{"text":"\u062a\u062f\u0648\u064a\u0646\u0629 \u0645\u0634\u0627\u0628\u0647\u0629","link":""},"img":{"alt_text":"","src":"https:\/\/i0.wp.com\/tuzlahortum.com.tr\/wp-content\/uploads\/2019\/02\/CITERDIAL.jpg?fit=800%2C800&ssl=1&resize=350%2C200","width":350,"height":200,"srcset":"https:\/\/i0.wp.com\/tuzlahortum.com.tr\/wp-content\/uploads\/2019\/02\/CITERDIAL.jpg?fit=800%2C800&ssl=1&resize=350%2C200 1x, https:\/\/i0.wp.com\/tuzlahortum.com.tr\/wp-content\/uploads\/2019\/02\/CITERDIAL.jpg?fit=800%2C800&ssl=1&resize=525%2C300 1.5x, https:\/\/i0.wp.com\/tuzlahortum.com.tr\/wp-content\/uploads\/2019\/02\/CITERDIAL.jpg?fit=800%2C800&ssl=1&resize=700%2C400 2x"},"classes":[]},{"id":916,"url":"https:\/\/tuzlahortum.com.tr\/ar\/product\/trelleborg-ost-epdm-16bar\/","url_meta":{"origin":637,"position":4},"title":"Trelleborg OST EPDM 16BAR","author":"admin","date":"6 \u0641\u0628\u0631\u0627\u064a\u0631 2019","format":false,"excerpt":"Trelleborg OST EPDM 16BARSu\/Vakum uygulamalar\u0131 Evsel su, end\u00fcstriyel su, at\u0131k sular, \u00e7amurlu su ve s\u0131v\u0131 g\u00fcbrenin \u00e7ekilmesi ve tahliyesi i\u00e7in. Avantajlar *End\u00fcstrinin t\u00fcm alanlar\u0131nda kullan\u0131lan pompalara uygun geni\u015f \u00e7e\u015fitlilikte \u00e7aplar. *M\u00fckemmel esneklik. *T\u00fcm \u00e7aplarda 16 bar'l\u0131k sabit \u00e7al\u0131\u015fma bas\u0131nc\u0131. *Is\u0131ya kar\u015f\u0131 y\u00fcksek dayan\u0131m, iletken ve a\u015f\u0131nmaya kar\u015f\u0131 dayan\u0131kl\u0131 i\u00e7 lastik.\u2026","rel":"","context":"\u062a\u062f\u0648\u064a\u0646\u0629 \u0645\u0634\u0627\u0628\u0647\u0629","block_context":{"text":"\u062a\u062f\u0648\u064a\u0646\u0629 \u0645\u0634\u0627\u0628\u0647\u0629","link":""},"img":{"alt_text":"","src":"https:\/\/i0.wp.com\/tuzlahortum.com.tr\/wp-content\/uploads\/2019\/02\/OST-EPDM-16BAR.jpg?fit=800%2C800&ssl=1&resize=350%2C200","width":350,"height":200,"srcset":"https:\/\/i0.wp.com\/tuzlahortum.com.tr\/wp-content\/uploads\/2019\/02\/OST-EPDM-16BAR.jpg?fit=800%2C800&ssl=1&resize=350%2C200 1x, https:\/\/i0.wp.com\/tuzlahortum.com.tr\/wp-content\/uploads\/2019\/02\/OST-EPDM-16BAR.jpg?fit=800%2C800&ssl=1&resize=525%2C300 1.5x, https:\/\/i0.wp.com\/tuzlahortum.com.tr\/wp-content\/uploads\/2019\/02\/OST-EPDM-16BAR.jpg?fit=800%2C800&ssl=1&resize=700%2C400 2x"},"classes":[]},{"id":635,"url":"https:\/\/tuzlahortum.com.tr\/ar\/product\/trelleborg-alcodial\/","url_meta":{"origin":637,"position":5},"title":"\u062a\u0631\u064a\u0644\u0628\u0648\u0631\u062c \u0627\u0644\u0643\u0648\u062f\u064a\u0627\u0644","author":"admin","date":"6 \u0641\u0628\u0631\u0627\u064a\u0631 2019","format":false,"excerpt":"Trelleborg ALCODIALG\u0131da End\u00fcstrisi\/Transfer \u00d6zellikle %99'a kadar olan alkol\u00fcn ta\u015f\u0131nmas\u0131 i\u00e7in uyarlanm\u0131\u015ft\u0131r. \u015earap, bira, brandy ve alkoll\u00fc i\u00e7ecekler, meyve suyu, s\u00fct, vs. dahil t\u00fcm i\u00e7ecekler i\u00e7in uygundur. - \u00dcretim tesislerinde (dam\u0131tma, alkoll\u00fc i\u00e7ecek ve lik\u00f6r \u00fcreticileri, vs.), - karayolu ve demiryolu tankerleri y\u00fckleme ve bo\u015faltma alanlar\u0131nda kullan\u0131lan ekipmanlar i\u00e7in\u00a0tasarlanm\u0131\u015ft\u0131r. Avantajlar *Olduk\u00e7a\u2026","rel":"","context":"\u062a\u062f\u0648\u064a\u0646\u0629 \u0645\u0634\u0627\u0628\u0647\u0629","block_context":{"text":"\u062a\u062f\u0648\u064a\u0646\u0629 \u0645\u0634\u0627\u0628\u0647\u0629","link":""},"img":{"alt_text":"","src":"https:\/\/i0.wp.com\/tuzlahortum.com.tr\/wp-content\/uploads\/2019\/02\/ALCODIAL.jpg?fit=800%2C800&ssl=1&resize=350%2C200","width":350,"height":200,"srcset":"https:\/\/i0.wp.com\/tuzlahortum.com.tr\/wp-content\/uploads\/2019\/02\/ALCODIAL.jpg?fit=800%2C800&ssl=1&resize=350%2C200 1x, https:\/\/i0.wp.com\/tuzlahortum.com.tr\/wp-content\/uploads\/2019\/02\/ALCODIAL.jpg?fit=800%2C800&ssl=1&resize=525%2C300 1.5x, https:\/\/i0.wp.com\/tuzlahortum.com.tr\/wp-content\/uploads\/2019\/02\/ALCODIAL.jpg?fit=800%2C800&ssl=1&resize=700%2C400 2x"},"classes":[]}],"jetpack_sharing_enabled":true,"jetpack_likes_enabled":true,"_links":{"self":[{"href":"https:\/\/tuzlahortum.com.tr\/ar\/wp-json\/wp\/v2\/product\/637","targetHints":{"allow":["GET"]}}],"collection":[{"href":"https:\/\/tuzlahortum.com.tr\/ar\/wp-json\/wp\/v2\/product"}],"about":[{"href":"https:\/\/tuzlahortum.com.tr\/ar\/wp-json\/wp\/v2\/types\/product"}],"replies":[{"embeddable":true,"href":"https:\/\/tuzlahortum.com.tr\/ar\/wp-json\/wp\/v2\/comments?post=637"}],"wp:featuredmedia":[{"embeddable":true,"href":"https:\/\/tuzlahortum.com.tr\/ar\/wp-json\/wp\/v2\/media\/2617"}],"wp:attachment":[{"href":"https:\/\/tuzlahortum.com.tr\/ar\/wp-json\/wp\/v2\/media?parent=637"}],"wp:term":[{"taxonomy":"product_brand","embeddable":true,"href":"https:\/\/tuzlahortum.com.tr\/ar\/wp-json\/wp\/v2\/product_brand?post=637"},{"taxonomy":"product_cat","embeddable":true,"href":"https:\/\/tuzlahortum.com.tr\/ar\/wp-json\/wp\/v2\/product_cat?post=637"},{"taxonomy":"product_tag","embeddable":true,"href":"https:\/\/tuzlahortum.com.tr\/ar\/wp-json\/wp\/v2\/product_tag?post=637"}],"curies":[{"name":"\u062f\u0628\u0644\u064a\u0648 \u0628\u064a","href":"https:\/\/api.w.org\/{rel}","templated":true}]}}