{"id":635,"date":"2019-02-06T23:46:53","date_gmt":"2019-02-06T20:46:53","guid":{"rendered":"http:\/\/hortum.com.tr\/product\/import-placeholder-for-530\/"},"modified":"2024-03-21T17:44:36","modified_gmt":"2024-03-21T14:44:36","slug":"trelleborg-alcodial","status":"publish","type":"product","link":"https:\/\/tuzlahortum.com.tr\/ar\/product\/trelleborg-alcodial\/","title":{"rendered":"\u062a\u0631\u064a\u0644\u0628\u0648\u0631\u062c \u0627\u0644\u0643\u0648\u062f\u064a\u0627\u0644"},"content":{"rendered":"<h2>\u062a\u0631\u064a\u0644\u0628\u0648\u0631\u062c \u0627\u0644\u0643\u0648\u062f\u064a\u0627\u0644<\/h2>\n<div>\u0627\u0644\u0635\u0646\u0627\u0639\u0627\u062a \u0627\u0644\u063a\u0630\u0627\u0626\u064a\u0629 \/ \u0627\u0644\u062a\u062d\u0648\u064a\u0644<\/div>\n<div>\u00d6zellikle %99&#8217;a kadar olan alkol\u00fcn ta\u015f\u0131nmas\u0131 i\u00e7in uyarlanm\u0131\u015ft\u0131r.<\/div>\n<div>\u0627\u0644\u0646\u0628\u064a\u0630 \u0648\u0627\u0644\u0628\u064a\u0631\u0629 \u0648\u0627\u0644\u0628\u0631\u0627\u0646\u062f\u064a \u0648\u0627\u0644\u0645\u0634\u0631\u0648\u0628\u0627\u062a \u0627\u0644\u0631\u0648\u062d\u064a\u0629 \u0648\u0627\u0644\u0639\u0635\u064a\u0631 \u0648\u0627\u0644\u062d\u0644\u064a\u0628 \u0648\u0645\u0627 \u0625\u0644\u0649 \u0630\u0644\u0643. \u0645\u0646\u0627\u0633\u0628 \u0644\u062c\u0645\u064a\u0639 \u0627\u0644\u0645\u0634\u0631\u0648\u0628\u0627\u062a \u0628\u0645\u0627 \u0641\u064a \u0630\u0644\u0643<\/div>\n<div>- \u0645\u0631\u0627\u0641\u0642 \u0627\u0644\u0625\u0646\u062a\u0627\u062c (\u062a\u0642\u0637\u064a\u0631 \u060c \u0645\u0634\u0631\u0648\u0628\u0627\u062a \u0643\u062d\u0648\u0644\u064a\u0629 \u060c \u0645\u0646\u062a\u062c\u064a \u0627\u0644\u062e\u0645\u0648\u0631 \u060c \u0625\u0644\u062e) \u060c<\/div>\n<div>- \u0645\u0635\u0645\u0645\u0629 \u0644\u0644\u0645\u0639\u062f\u0627\u062a \u0627\u0644\u0645\u0633\u062a\u062e\u062f\u0645\u0629 \u0641\u064a \u0645\u0646\u0627\u0637\u0642 \u0627\u0644\u062a\u062d\u0645\u064a\u0644 \u0648\u0627\u0644\u062a\u0641\u0631\u064a\u063a \u0639\u0644\u0649 \u0627\u0644\u0635\u0647\u0627\u0631\u064a\u062c \u0627\u0644\u0628\u0631\u064a\u0629 \u0648\u0627\u0644\u0633\u0643\u0643 \u0627\u0644\u062d\u062f\u064a\u062f\u064a\u0629.<\/div>\n<div>\u0645\u0632\u0627\u064a\u0627<\/div>\n<div>* \u062e\u0631\u0637\u0648\u0645 \u0645\u0631\u0646 \u0644\u0644\u063a\u0627\u064a\u0629 \u0648\u0645\u0642\u0627\u0648\u0645 \u0644\u0644\u0643\u0633\u0631.<\/div>\n<div>* \u064a\u0633\u0645\u062d UPE \u0628\u0627\u0644\u0627\u062d\u062a\u0641\u0627\u0638 \u0627\u0644\u0645\u0624\u0642\u062a \u0628\u0627\u0644\u0643\u062d\u0648\u0644 \u062f\u0648\u0646 \u0627\u0644\u062a\u0639\u0631\u0636 \u0644\u062e\u0637\u0631 \u062a\u0633\u0631\u0628 \u0627\u0644\u0623\u0646\u0628\u0648\u0628.<\/div>\n<div>* \u0623\u0646\u0628\u0648\u0628 \u062f\u0627\u062e\u0644\u064a \u062e\u0627\u0644\u064d \u0645\u0646 \u0627\u0644\u0631\u0627\u0626\u062d\u0629 \u0648\u0627\u0644\u0637\u0639\u0645.<\/div>\n<div>* \u0637\u0644\u0627\u0621 \u063a\u064a\u0631 \u0642\u0627\u0628\u0644 \u0644\u0644\u0639\u0644\u0627\u0645\u0627\u062a \u0648\u0645\u0642\u0627\u0648\u0645 \u0644\u0644\u0627\u0647\u062a\u0631\u0627\u0621.<\/div>\n<div>* \u0644\u0627 \u064a\u062d\u062a\u0648\u064a \u0639\u0644\u0649 \u0627\u0644\u0641\u062b\u0627\u0644\u0627\u062a.<\/div>\n<div>* \u062a\u0645 \u0627\u062e\u062a\u0628\u0627\u0631 \u0627\u0644\u062e\u0631\u0637\u0648\u0645 \u0648\u0627\u0639\u062a\u0645\u0627\u062f\u0647 \u0645\u0646 \u0642\u0628\u0644 \u0627\u0644\u0633\u0644\u0637\u0627\u062a \u0627\u0644\u0628\u0631\u064a\u0637\u0627\u0646\u064a\u0629 \u0644\u0644\u062a\u0639\u0627\u0645\u0644 \u0645\u0639 \u0645\u064a\u0627\u0647 \u0627\u0644\u0634\u0631\u0628 \u0627\u0644\u0628\u0627\u0631\u062f\u0629 (\u0628\u062d\u062f \u0623\u0642\u0635\u0649 23 \u062f\u0631\u062c\u0629 \u0645\u0626\u0648\u064a\u0629).<\/div>\n<div>\u0627\u0644\u0648\u0635\u0641 \u0627\u0644\u0641\u0646\u064a<\/div>\n<div>\u0627\u0644\u0623\u0646\u0628\u0648\u0628 \u0627\u0644\u062f\u0627\u062e\u0644\u064a: \u062f\u0631\u062c\u0629 \u0627\u0644\u0637\u0639\u0627\u0645 \u060c UPE \u060c \u0623\u0628\u064a\u0636 \u060c \u0645\u0633\u062a\u0642\u064a\u0645.<\/div>\n<div>\u0627\u0644\u062a\u0639\u0632\u064a\u0632: \u0646\u0633\u064a\u062c \u0635\u0646\u0627\u0639\u064a \u0628\u0632\u0646\u0628\u0631\u0643 \u0635\u0644\u0628 \u0645\u062f\u0645\u062c.<\/div>\n<div>\u0637\u0644\u0627\u0621: NR \u060c \u0623\u0632\u0631\u0642 \u060c \u0645\u0638\u0647\u0631 \u0627\u0644\u0646\u0633\u064a\u062c.<\/div>\n<div>\u0646\u0637\u0627\u0642 \u062f\u0631\u062c\u0629 \u0627\u0644\u062d\u0631\u0627\u0631\u0629: -30 \u062f\u0631\u062c\u0629 \u0645\u0626\u0648\u064a\u0629 \u0625\u0644\u0649 + 80 \u062f\u0631\u062c\u0629 \u0645\u0626\u0648\u064a\u0629.<\/div>\n<div>\u0627\u0644\u0645\u0639\u064a\u0627\u0631 \/ \u0627\u0644\u0645\u0648\u0627\u0641\u0642\u0629:<\/div>\n<div>\u0641\u064a \u0627\u0644\u0645\u0646\u062a\u062c\u0627\u062a \u0627\u0644\u063a\u0630\u0627\u0626\u064a\u0629: \u0644\u0648\u0627\u0626\u062d \u0627\u0644\u0627\u062a\u062d\u0627\u062f \u0627\u0644\u0623\u0648\u0631\u0648\u0628\u064a 1935\/2004 \u060c 2023\/2006 \u060c 10\/2011 \u060c<\/div>\n<div>- \u062a\u0646\u0638\u064a\u0645 FDA \u060c<\/div>\n<div>- \u0627\u0644\u062a\u0634\u0631\u064a\u0639 \u0627\u0644\u0641\u0631\u0646\u0633\u064a.<\/div>\n<div>\u062a\u0645 \u0625\u062c\u0631\u0627\u0621 \u062c\u0645\u064a\u0639 \u0627\u062e\u062a\u0628\u0627\u0631\u0627\u062a \u0627\u0644\u0646\u062c\u0627\u062d \u0630\u0627\u062a \u0627\u0644\u0635\u0644\u0629 (\u0641\u0631\u0646\u0633\u0627 \u0648\u0625\u062f\u0627\u0631\u0629 \u0627\u0644\u063a\u0630\u0627\u0621 \u0648\u0627\u0644\u062f\u0648\u0627\u0621) \u0648\u0627\u0639\u062a\u0645\u0627\u062f\u0647\u0627 \u0645\u0646 \u0642\u0628\u0644 \u0645\u0639\u0647\u062f \u0628\u0648\u0627\u062a\u064a\u064a\u0647 \u0627\u0644\u0641\u0631\u0646\u0633\u064a (IANESCO).<\/div>\n<div>\u0644\u0645\u064a\u0627\u0647 \u0627\u0644\u0634\u0631\u0628: WRAS\u060c BS 6920: 2000\u060c \u0627\u0633\u062a\u062e\u062f\u0627\u0645 \u0627\u0644\u0645\u0627\u0621 \u0627\u0644\u0628\u0627\u0631\u062f.<\/div>\n<div>\u0627\u0644\u0646\u0642\u0627\u0628\u0627\u062a \/ \u0627\u0644\u062a\u0631\u0643\u064a\u0628\u0627\u062a<\/div>\n<div>\u062a\u062a\u0648\u0641\u0631 \u0627\u0644\u062a\u0631\u0643\u064a\u0628\u0627\u062a \u0627\u0644\u0645\u0635\u0645\u0645\u0629 \u062e\u0635\u064a\u0635\u064b\u0627 \u0644\u062a\u062d\u0642\u064a\u0642 \u0627\u0644\u062a\u0648\u0635\u064a\u0644\u0627\u062a \u0627\u0644\u0645\u062b\u0644\u0649<\/div>\n<div>\u0627\u062a\u0635\u0644 \u0628\u0646\u0627 \u0644\u0644\u062d\u0635\u0648\u0644 \u0639\u0644\u0649 \u0645\u0632\u064a\u062f \u0645\u0646 \u0627\u0644\u0645\u0639\u0644\u0648\u0645\u0627\u062a \u062d\u0648\u0644.<\/div>\n<div><\/div>\n<div>\n<div class=\"video video-fit mb\" style=\"padding-top:56.25%;\"><p><iframe loading=\"lazy\" title=\"\u0623\u064a \u062e\u0631\u0637\u0648\u0645 \u0637\u0639\u0627\u0645 \u064a\u062c\u0628 \u0623\u0646 \u0646\u062e\u062a\u0627\u0631\u061f\" width=\"1020\" height=\"574\" src=\"https:\/\/www.youtube.com\/embed\/1RIgy8WF1Ao?feature=oembed\" frameborder=\"0\" allow=\"accelerometer; autoplay; clipboard-write; encrypted-media; gyroscope; picture-in-picture; web-share\" referrerpolicy=\"strict-origin-when-cross-origin\" allowfullscreen><\/iframe><\/p>\n<\/div>\n<div class=\"video video-fit mb\" style=\"padding-top:56.25%;\"><p><iframe loading=\"lazy\" title=\"\u0627\u0631\u062a\u0628\u0627\u0643 \u0627\u0644\u0642\u064a\u0627\u0633 (\u0628\u0648\u0635\u0629\u060c \u0625\u0635\u0628\u0639\u060c \u0636\u0628\u0627\u0628\u060c \u0645\u0644\u0644\u064a\u0645\u062a\u0631)\" width=\"1020\" height=\"574\" src=\"https:\/\/www.youtube.com\/embed\/uKk6AG_AZls?feature=oembed\" frameborder=\"0\" allow=\"accelerometer; autoplay; clipboard-write; encrypted-media; gyroscope; picture-in-picture; web-share\" referrerpolicy=\"strict-origin-when-cross-origin\" allowfullscreen><\/iframe><\/p>\n<\/div>\n<\/div>\n<p><img data-recalc-dims=\"1\" loading=\"lazy\" decoding=\"async\" class=\"alignnone size-medium wp-image-2141\" src=\"https:\/\/i0.wp.com\/hortum.com.tr\/wp-content\/uploads\/urunler\/trelleborg\/Trelleborg-ALCODIAL-800x162.jpg?resize=800%2C162\" alt=\"\" width=\"800\" height=\"162\" title=\"\" srcset=\"https:\/\/i0.wp.com\/tuzlahortum.com.tr\/wp-content\/uploads\/urunler\/trelleborg\/Trelleborg-ALCODIAL.jpg?resize=800%2C162&amp;ssl=1 800w, https:\/\/i0.wp.com\/tuzlahortum.com.tr\/wp-content\/uploads\/urunler\/trelleborg\/Trelleborg-ALCODIAL.jpg?resize=768%2C156&amp;ssl=1 768w, https:\/\/i0.wp.com\/tuzlahortum.com.tr\/wp-content\/uploads\/urunler\/trelleborg\/Trelleborg-ALCODIAL.jpg?resize=600%2C122&amp;ssl=1 600w, https:\/\/i0.wp.com\/tuzlahortum.com.tr\/wp-content\/uploads\/urunler\/trelleborg\/Trelleborg-ALCODIAL.jpg?w=847&amp;ssl=1 847w\" sizes=\"auto, (max-width: 800px) 100vw, 800px\" \/><\/p>","protected":false},"excerpt":{"rendered":"<p>Trelleborg ALCODIAL G\u0131da End\u00fcstrisi\/Transfer \u00d6zellikle %99&#8217;a kadar olan alkol\u00fcn ta\u015f\u0131nmas\u0131 i\u00e7in uyarlanm\u0131\u015ft\u0131r. \u015earap, bira, brandy ve alkoll\u00fc i\u00e7ecekler, meyve suyu, s\u00fct, vs. dahil t\u00fcm i\u00e7ecekler i\u00e7in uygundur. &#8211; \u00dcretim tesislerinde (dam\u0131tma, alkoll\u00fc i\u00e7ecek ve lik\u00f6r \u00fcreticileri, vs.), &#8211; karayolu ve demiryolu tankerleri y\u00fckleme ve bo\u015faltma alanlar\u0131nda kullan\u0131lan ekipmanlar i\u00e7in\u00a0tasarlanm\u0131\u015ft\u0131r. Avantajlar *Olduk\u00e7a esnek ve k\u0131r\u0131lmaya kar\u015f\u0131 [&#8230;]\n","protected":false},"featured_media":2615,"comment_status":"open","ping_status":"closed","template":"","meta":[],"product_brand":[],"product_cat":[193],"product_tag":[537,294,402,290,533,535,532,534,536],"class_list":{"0":"post-635","1":"product","2":"type-product","3":"status-publish","4":"has-post-thumbnail","6":"product_cat-gida-endustrisi-transfer-hortumlari","7":"product_tag-bosaltma","8":"product_tag-dayanikli","9":"product_tag-gida","10":"product_tag-hortum","11":"product_tag-icecekler","12":"product_tag-tesis","13":"product_tag-transfer","14":"product_tag-uretim","15":"product_tag-yukleme","17":"first","18":"instock","19":"taxable","20":"shipping-taxable","21":"product-type-variable"},"jetpack-related-posts":[{"id":644,"url":"https:\/\/tuzlahortum.com.tr\/ar\/product\/trelleborg-vinitrell\/","url_meta":{"origin":635,"position":0},"title":"\u062a\u0631\u064a\u0644\u0628\u0648\u0631\u062c \u0641\u064a\u062a\u0631\u064a\u0644","author":"admin","date":"6 \u0641\u0628\u0631\u0627\u064a\u0631 2019","format":false,"excerpt":"Trelleborg VINITRELLG\u0131da End\u00fcstrisi\/Transfer \u015earap \u00fcretim end\u00fcstrilerinde \u015farab\u0131n aktar\u0131lmas\u0131 i\u00e7in \u00f6zel olarak tasarlanm\u0131\u015ft\u0131r. Ya\u011fl\u0131 s\u0131v\u0131lar\u00a0d\u0131\u015f\u0131ndaki t\u00fcm g\u0131da maddelerinin \u00e7ekilmesi ve tahliyesi. Avantajlar *En y\u00fcksek seviyede kullan\u0131c\u0131 dostu hortum: p\u00fcr\u00fczs\u00fcz kaplama sayesinde benzersiz esneklik\u00a0ve kolay ta\u015f\u0131ma, d\u00fc\u015f\u00fck \u00e7ekme g\u00fcc\u00fc. *G\u0131dada kullan\u0131ma uygun olan beyaz i\u00e7 lastik g\u0131da maddelerinin ta\u015f\u0131nmas\u0131na y\u00f6nelik en kat\u0131\u00a0Avrupa\u2026","rel":"","context":"\u062a\u062f\u0648\u064a\u0646\u0629 \u0645\u0634\u0627\u0628\u0647\u0629","block_context":{"text":"\u062a\u062f\u0648\u064a\u0646\u0629 \u0645\u0634\u0627\u0628\u0647\u0629","link":""},"img":{"alt_text":"","src":"https:\/\/i0.wp.com\/tuzlahortum.com.tr\/wp-content\/uploads\/2019\/02\/VINITRELL.jpg?fit=800%2C800&ssl=1&resize=350%2C200","width":350,"height":200,"srcset":"https:\/\/i0.wp.com\/tuzlahortum.com.tr\/wp-content\/uploads\/2019\/02\/VINITRELL.jpg?fit=800%2C800&ssl=1&resize=350%2C200 1x, https:\/\/i0.wp.com\/tuzlahortum.com.tr\/wp-content\/uploads\/2019\/02\/VINITRELL.jpg?fit=800%2C800&ssl=1&resize=525%2C300 1.5x, https:\/\/i0.wp.com\/tuzlahortum.com.tr\/wp-content\/uploads\/2019\/02\/VINITRELL.jpg?fit=800%2C800&ssl=1&resize=700%2C400 2x"},"classes":[]},{"id":8095,"url":"https:\/\/tuzlahortum.com.tr\/ar\/product\/trelleborg-chemikler-upe\/","url_meta":{"origin":635,"position":1},"title":"Trelleborg CHEMIKLER-UPE","author":"\u0130smail \u00c7elik","date":"14 \u0645\u0627\u0631\u0633 2019","format":false,"excerpt":"Trelleborg CHEMIKLER-UPEKimyasal ve korozif \u00fcr\u00fcnler\/Transfer G\u00fc\u00e7l\u00fc asitler, y\u00fcksek aroma i\u00e7eri\u011fine sahip solventler, klorlanm\u0131\u015f veya oksijenlenmi\u015f solventler, aromatik hidrokarbonlar, vs. gibi korozif kimyasallar\u0131n t\u00fcm\u00fcn\u00fcn \u00e7ekilmesi ve tahliyesi. Karayolu ve demiryolu tankerleri, bo\u015faltma alanlar\u0131n\u0131n yan\u0131 s\u0131ra kimya tesisleri ve ilgili end\u00fcstrilerde kullan\u0131lan mobil ve sabit donan\u0131mlar i\u00e7indir. Avantajlar Geni\u015fi \u00e7e\u015fitlilikte kimyasallara uygun\u2026","rel":"","context":"\u062a\u062f\u0648\u064a\u0646\u0629 \u0645\u0634\u0627\u0628\u0647\u0629","block_context":{"text":"\u062a\u062f\u0648\u064a\u0646\u0629 \u0645\u0634\u0627\u0628\u0647\u0629","link":""},"img":{"alt_text":"","src":"https:\/\/i0.wp.com\/tuzlahortum.com.tr\/wp-content\/uploads\/2019\/02\/CHEMIKLER-UPE.jpg?fit=800%2C800&ssl=1&resize=350%2C200","width":350,"height":200,"srcset":"https:\/\/i0.wp.com\/tuzlahortum.com.tr\/wp-content\/uploads\/2019\/02\/CHEMIKLER-UPE.jpg?fit=800%2C800&ssl=1&resize=350%2C200 1x, https:\/\/i0.wp.com\/tuzlahortum.com.tr\/wp-content\/uploads\/2019\/02\/CHEMIKLER-UPE.jpg?fit=800%2C800&ssl=1&resize=525%2C300 1.5x, https:\/\/i0.wp.com\/tuzlahortum.com.tr\/wp-content\/uploads\/2019\/02\/CHEMIKLER-UPE.jpg?fit=800%2C800&ssl=1&resize=700%2C400 2x"},"classes":[]},{"id":638,"url":"https:\/\/tuzlahortum.com.tr\/ar\/product\/trelleborg-citerdial\/","url_meta":{"origin":635,"position":2},"title":"Trelleborg CITERDIAL","author":"admin","date":"6 \u0641\u0628\u0631\u0627\u064a\u0631 2019","format":false,"excerpt":"Trelleborg CITERDIALG\u0131da End\u00fcstrisi\/Transfer S\u00fct ta\u015f\u0131mak i\u00e7in: s\u00fct toplamak ve ta\u015f\u0131mak i\u00e7in kullan\u0131lan tankerler, s\u00fct \u00fcr\u00fcnleri bo\u015faltma\u00a0alanlar\u0131 ve sabit ekipman, i\u015fleme ve doldurma tesisi. Ya\u011fl\u0131 g\u0131da maddeleri ve ya\u011flar hari\u00e7\u00a0\u015farap, elma \u015f\u0131ras\u0131, meyve suyu, sirke ve %96'ya kadar alkol gibi di\u011fer s\u0131v\u0131 g\u0131da maddelerinin\u00a0ta\u015f\u0131nmas\u0131. Avantajlar *K\u0131r\u0131lma olmaks\u0131z\u0131n en k\u00fc\u00e7\u00fck k\u0131vr\u0131lma yar\u0131\u00e7aplar\u0131n\u0131\u2026","rel":"","context":"\u062a\u062f\u0648\u064a\u0646\u0629 \u0645\u0634\u0627\u0628\u0647\u0629","block_context":{"text":"\u062a\u062f\u0648\u064a\u0646\u0629 \u0645\u0634\u0627\u0628\u0647\u0629","link":""},"img":{"alt_text":"","src":"https:\/\/i0.wp.com\/tuzlahortum.com.tr\/wp-content\/uploads\/2019\/02\/CITERDIAL.jpg?fit=800%2C800&ssl=1&resize=350%2C200","width":350,"height":200,"srcset":"https:\/\/i0.wp.com\/tuzlahortum.com.tr\/wp-content\/uploads\/2019\/02\/CITERDIAL.jpg?fit=800%2C800&ssl=1&resize=350%2C200 1x, https:\/\/i0.wp.com\/tuzlahortum.com.tr\/wp-content\/uploads\/2019\/02\/CITERDIAL.jpg?fit=800%2C800&ssl=1&resize=525%2C300 1.5x, https:\/\/i0.wp.com\/tuzlahortum.com.tr\/wp-content\/uploads\/2019\/02\/CITERDIAL.jpg?fit=800%2C800&ssl=1&resize=700%2C400 2x"},"classes":[]},{"id":636,"url":"https:\/\/tuzlahortum.com.tr\/ar\/product\/trelleborg-alikler-d\/","url_meta":{"origin":635,"position":3},"title":"\u0645\u0634\u062a\u0631\u064a \u062a\u0631\u064a\u0644\u0628\u0648\u0631\u063a \u062f","author":"admin","date":"6 \u0641\u0628\u0631\u0627\u064a\u0631 2019","format":false,"excerpt":"Trelleborg ALIKLER DG\u0131da End\u00fcstrisi\/Transfer Bira, s\u00fct, ya\u011f, elma \u015f\u0131ras\u0131, meyve suyu ve %96'ya kadar olan alkol gibi s\u0131v\u0131 g\u0131da maddelerinin\u00a0y\u00fcksek bas\u0131n\u00e7l\u0131 tahliyesi. Mand\u0131ralarda bo\u015faltma alanlar\u0131nda \u00e7ekme. \u0130\u015fleme ve doldurma tesislerinde kullan\u0131lan ekipman ve s\u0131v\u0131 g\u0131da maddesi tankerleri. Avantajlar *G\u0131dada kullan\u0131ma uygun d\u00fczg\u00fcn y\u00fczeyli, eksiz, \u00e7ok ama\u00e7l\u0131 i\u00e7 lastik bakteri olu\u015fumunu\u00a0engeller.\u2026","rel":"","context":"\u062a\u062f\u0648\u064a\u0646\u0629 \u0645\u0634\u0627\u0628\u0647\u0629","block_context":{"text":"\u062a\u062f\u0648\u064a\u0646\u0629 \u0645\u0634\u0627\u0628\u0647\u0629","link":""},"img":{"alt_text":"","src":"https:\/\/i0.wp.com\/tuzlahortum.com.tr\/wp-content\/uploads\/2019\/02\/ALIKLER-D.jpg?fit=800%2C800&ssl=1&resize=350%2C200","width":350,"height":200,"srcset":"https:\/\/i0.wp.com\/tuzlahortum.com.tr\/wp-content\/uploads\/2019\/02\/ALIKLER-D.jpg?fit=800%2C800&ssl=1&resize=350%2C200 1x, https:\/\/i0.wp.com\/tuzlahortum.com.tr\/wp-content\/uploads\/2019\/02\/ALIKLER-D.jpg?fit=800%2C800&ssl=1&resize=525%2C300 1.5x, https:\/\/i0.wp.com\/tuzlahortum.com.tr\/wp-content\/uploads\/2019\/02\/ALIKLER-D.jpg?fit=800%2C800&ssl=1&resize=700%2C400 2x"},"classes":[]},{"id":641,"url":"https:\/\/tuzlahortum.com.tr\/ar\/product\/trelleborg-trellvin\/","url_meta":{"origin":635,"position":4},"title":"Trelleborg TRELLVIN","author":"admin","date":"6 \u0641\u0628\u0631\u0627\u064a\u0631 2019","format":false,"excerpt":"Trelleborg TRELLVING\u0131da End\u00fcstrisi\/Transfer \u015earap, bira ve s\u00fct, ya\u011f, elma \u015f\u0131ras\u0131, meyve suyu ve %96'ya kadar olan alkol gibi s\u0131v\u0131 g\u0131da\u00a0maddelerinin \u00e7ekilmesi ve tahliyesi. \u00d6zellikle \u015farap \u00fcretim tesisi, bo\u015faltma alanlar\u0131ndaki tank transferleri ve s\u0131v\u0131 g\u0131da maddesi\u00a0tankerleri i\u00e7in tasarlanm\u0131\u015ft\u0131r. Avantajlar *G\u0131dada kullan\u0131ma uygun d\u00fczg\u00fcn y\u00fczeyli, eksiz, \u00e7ok ama\u00e7l\u0131 i\u00e7 lastik bakteri olu\u015fumunu\u00a0engeller.\u2026","rel":"","context":"\u062a\u062f\u0648\u064a\u0646\u0629 \u0645\u0634\u0627\u0628\u0647\u0629","block_context":{"text":"\u062a\u062f\u0648\u064a\u0646\u0629 \u0645\u0634\u0627\u0628\u0647\u0629","link":""},"img":{"alt_text":"","src":"https:\/\/i0.wp.com\/tuzlahortum.com.tr\/wp-content\/uploads\/2019\/02\/TRELLVIN.jpg?fit=800%2C800&ssl=1&resize=350%2C200","width":350,"height":200,"srcset":"https:\/\/i0.wp.com\/tuzlahortum.com.tr\/wp-content\/uploads\/2019\/02\/TRELLVIN.jpg?fit=800%2C800&ssl=1&resize=350%2C200 1x, https:\/\/i0.wp.com\/tuzlahortum.com.tr\/wp-content\/uploads\/2019\/02\/TRELLVIN.jpg?fit=800%2C800&ssl=1&resize=525%2C300 1.5x, https:\/\/i0.wp.com\/tuzlahortum.com.tr\/wp-content\/uploads\/2019\/02\/TRELLVIN.jpg?fit=800%2C800&ssl=1&resize=700%2C400 2x"},"classes":[]},{"id":643,"url":"https:\/\/tuzlahortum.com.tr\/ar\/product\/trelleborg-vendange\/","url_meta":{"origin":635,"position":5},"title":"Trelleborg VENDANGE","author":"admin","date":"6 \u0641\u0628\u0631\u0627\u064a\u0631 2019","format":false,"excerpt":"Trelleborg VENDANGEG\u0131da End\u00fcstrisi\/Transfer \u015earap \u00fcretim end\u00fcstrilerinde taze \u00fcz\u00fcm\u00fcn aktar\u0131lmas\u0131 i\u00e7in \u00f6zel olarak tasarlanm\u0131\u015ft\u0131r. Avantajlar *Benzersiz esneklik ve kolay ta\u015f\u0131ma. *P\u00fcr\u00fczs\u00fcz kaplamadan dolay\u0131 \u00e7ekme esnas\u0131nda d\u00fc\u015f\u00fck kuvvet gerektirir. *G\u0131dada kullan\u0131ma uygun d\u00fczg\u00fcn y\u00fczeyli, eksiz i\u00e7 lastik bakteri olu\u015fumunu engeller. *Deterjanlar veya 110\u00b0C'ye kadar olan s\u0131cakl\u0131klardaki buhar ile (maksimum 10 dakika)\u00a0yap\u0131lan temizlikte\u2026","rel":"","context":"\u062a\u062f\u0648\u064a\u0646\u0629 \u0645\u0634\u0627\u0628\u0647\u0629","block_context":{"text":"\u062a\u062f\u0648\u064a\u0646\u0629 \u0645\u0634\u0627\u0628\u0647\u0629","link":""},"img":{"alt_text":"","src":"https:\/\/i0.wp.com\/tuzlahortum.com.tr\/wp-content\/uploads\/2019\/02\/VENDANGE.jpg?fit=800%2C800&ssl=1&resize=350%2C200","width":350,"height":200,"srcset":"https:\/\/i0.wp.com\/tuzlahortum.com.tr\/wp-content\/uploads\/2019\/02\/VENDANGE.jpg?fit=800%2C800&ssl=1&resize=350%2C200 1x, https:\/\/i0.wp.com\/tuzlahortum.com.tr\/wp-content\/uploads\/2019\/02\/VENDANGE.jpg?fit=800%2C800&ssl=1&resize=525%2C300 1.5x, https:\/\/i0.wp.com\/tuzlahortum.com.tr\/wp-content\/uploads\/2019\/02\/VENDANGE.jpg?fit=800%2C800&ssl=1&resize=700%2C400 2x"},"classes":[]}],"jetpack_sharing_enabled":true,"jetpack_likes_enabled":true,"_links":{"self":[{"href":"https:\/\/tuzlahortum.com.tr\/ar\/wp-json\/wp\/v2\/product\/635","targetHints":{"allow":["GET"]}}],"collection":[{"href":"https:\/\/tuzlahortum.com.tr\/ar\/wp-json\/wp\/v2\/product"}],"about":[{"href":"https:\/\/tuzlahortum.com.tr\/ar\/wp-json\/wp\/v2\/types\/product"}],"replies":[{"embeddable":true,"href":"https:\/\/tuzlahortum.com.tr\/ar\/wp-json\/wp\/v2\/comments?post=635"}],"wp:featuredmedia":[{"embeddable":true,"href":"https:\/\/tuzlahortum.com.tr\/ar\/wp-json\/wp\/v2\/media\/2615"}],"wp:attachment":[{"href":"https:\/\/tuzlahortum.com.tr\/ar\/wp-json\/wp\/v2\/media?parent=635"}],"wp:term":[{"taxonomy":"product_brand","embeddable":true,"href":"https:\/\/tuzlahortum.com.tr\/ar\/wp-json\/wp\/v2\/product_brand?post=635"},{"taxonomy":"product_cat","embeddable":true,"href":"https:\/\/tuzlahortum.com.tr\/ar\/wp-json\/wp\/v2\/product_cat?post=635"},{"taxonomy":"product_tag","embeddable":true,"href":"https:\/\/tuzlahortum.com.tr\/ar\/wp-json\/wp\/v2\/product_tag?post=635"}],"curies":[{"name":"\u062f\u0628\u0644\u064a\u0648 \u0628\u064a","href":"https:\/\/api.w.org\/{rel}","templated":true}]}}