{"id":633,"date":"2019-02-06T23:46:52","date_gmt":"2019-02-06T20:46:52","guid":{"rendered":"http:\/\/hortum.com.tr\/product\/import-placeholder-for-526\/"},"modified":"2024-03-21T17:44:38","modified_gmt":"2024-03-21T14:44:38","slug":"trelleborg-biovast","status":"publish","type":"product","link":"https:\/\/tuzlahortum.com.tr\/ar\/product\/trelleborg-biovast\/","title":{"rendered":"\u062a\u0631\u064a\u0644\u0628\u0648\u0631\u062c \u0628\u064a\u0648\u0641\u0627\u0633\u062a"},"content":{"rendered":"<h2>\u062a\u0631\u064a\u0644\u0628\u0648\u0631\u062c \u0628\u064a\u0648\u0641\u0627\u0633\u062a<\/h2>\n<div>\u0627\u0644\u0635\u0646\u0627\u0639\u0627\u062a \u0627\u0644\u063a\u0630\u0627\u0626\u064a\u0629 \/ \u0627\u0644\u062a\u0646\u0638\u064a\u0641<\/div>\n<div>\u0627\u0644\u062a\u0646\u0638\u064a\u0641 \u0628\u0627\u0644\u0628\u062e\u0627\u0631 \u0639\u0646\u062f +165 \u062f\u0631\u062c\u0629 \u0645\u0626\u0648\u064a\u0629 \u0648\u0627\u0644\u063a\u0633\u064a\u0644 \u0628\u0627\u0644\u0645\u0627\u0621 \u0627\u0644\u0633\u0627\u062e\u0646 \u0641\u064a \u0645\u0635\u0627\u0646\u0639 \u062a\u062c\u0647\u064a\u0632 \u0627\u0644\u0623\u063a\u0630\u064a\u0629.<\/div>\n<div>\u0646\u0642\u0644 \u0627\u0644\u0645\u0648\u0627\u062f \u0627\u0644\u063a\u0630\u0627\u0626\u064a\u0629 \u0627\u0644\u0633\u0627\u0626\u0644\u0629 \u0627\u0644\u0633\u0627\u062e\u0646\u0629. \u0645\u0646\u0627\u0633\u0628\u0629 \u0644\u0644\u062a\u0637\u0628\u064a\u0642\u0627\u062a \u0627\u0644\u0645\u062b\u0628\u062a\u0629 \u0639\u0644\u0649 \u0639\u062c\u0644\u0627\u062a.<\/div>\n<div>\u0645\u0632\u0627\u064a\u0627<\/div>\n<div>* \u0645\u0635\u0627\u0646\u0639 \u0627\u0644\u0623\u0644\u0628\u0627\u0646 \u060c \u0645\u0635\u0627\u0646\u0639 \u0627\u0644\u062a\u0639\u0644\u064a\u0628 \u060c \u0623\u0633\u0648\u0627\u0642 \u0627\u0644\u0623\u0633\u0645\u0627\u0643 \u060c \u0625\u0644\u062e. \u0625\u0646\u0647 \u062e\u0631\u0637\u0648\u0645 \u0645\u0635\u0645\u0645 \u062e\u0635\u064a\u0635\u064b\u0627.<\/div>\n<div>* \u0645\u0631\u0646 \u0644\u0644\u063a\u0627\u064a\u0629.<\/div>\n<div>* \u0645\u0631\u0643\u0628 \u0637\u0644\u0627\u0621 \u0637\u0627\u0631\u062f \u0644\u0644\u0628\u0642\u0639.<\/div>\n<div>* \u0645\u0642\u0627\u0648\u0645 \u0644\u0644\u0632\u064a\u0648\u062a \u0627\u0644\u062d\u064a\u0648\u0627\u0646\u064a\u0629 \u0648\u0627\u0644\u0646\u0628\u0627\u062a\u064a\u0629.<\/div>\n<div>* \u0644\u0627 \u064a\u062d\u062a\u0648\u064a \u0639\u0644\u0649 \u0627\u0644\u0641\u062b\u0627\u0644\u0627\u062a.<\/div>\n<div>\u0627\u0644\u0648\u0635\u0641 \u0627\u0644\u0641\u0646\u064a<\/div>\n<div>\u0627\u0644\u0623\u0646\u0628\u0648\u0628 \u0627\u0644\u062f\u0627\u062e\u0644\u064a: \u062f\u0631\u062c\u0629 \u0627\u0644\u0637\u0639\u0627\u0645 \u060c \u0645\u0642\u0627\u0648\u0645 \u0644\u0644\u0632\u064a\u062a \u060c NBR \u060c \u0623\u0628\u064a\u0636 \u060c \u0639\u0627\u062f\u064a.<\/div>\n<div>\u062a\u0642\u0648\u064a\u0629: \u0646\u0633\u064a\u062c \u062a\u0631\u0643\u064a\u0628\u064a.<\/div>\n<div>\u0627\u0644\u0637\u0644\u0627\u0621: NBR \/ PVC \u0627\u0644\u0645\u0642\u0627\u0648\u0645 \u0644\u0644\u0632\u064a\u062a \u0648\u0627\u0644\u0634\u064a\u062e\u0648\u062e\u0629 \u060c \u0623\u0632\u0631\u0642 \u060c \u0639\u0627\u062f\u064a.<\/div>\n<div>\u0646\u0637\u0627\u0642 \u062f\u0631\u062c\u0629 \u062d\u0631\u0627\u0631\u0629 :<\/div>\n<div>\u0627\u0644\u0645\u0627\u0621: -20 \u062f\u0631\u062c\u0629 \u0645\u0626\u0648\u064a\u0629 \u0625\u0644\u0649 + 100 \u062f\u0631\u062c\u0629 \u0645\u0626\u0648\u064a\u0629 \u060c \u0633\u064a\u0628 = 20 \u0628\u0627\u0631.<\/div>\n<div>\u0628\u062e\u0627\u0631 \u0645\u0634\u0628\u0639 \u0623\u0648 \u0645\u062d\u0645\u0635: +165 \u062f\u0631\u062c\u0629 \u0645\u0626\u0648\u064a\u0629 \/ 6 \u0628\u0627\u0631 ..<\/div>\n<div>\u0627\u0644\u0645\u0639\u064a\u0627\u0631 \/ \u0627\u0644\u0645\u0648\u0627\u0641\u0642\u0629:<\/div>\n<div>\u0644\u0648\u0627\u0626\u062d \u0627\u0644\u0627\u062a\u062d\u0627\u062f \u0627\u0644\u0623\u0648\u0631\u0648\u0628\u064a 1935\/2004 \u0648 2023\/2006 \u0644\u0627\u0626\u062d\u0629 \u0625\u062f\u0627\u0631\u0629 \u0627\u0644\u063a\u0630\u0627\u0621 \u0648\u0627\u0644\u062f\u0648\u0627\u0621 \u0631\u0642\u0645 21 CFR 177.2600.<\/div>\n<div>\u0627\u0644\u062a\u0634\u0631\u064a\u0639 \u0627\u0644\u0623\u0644\u0645\u0627\u0646\u064a: \u0627\u0644\u062a\u0648\u0635\u064a\u0629 21 BfR \u0627\u0644\u0642\u0637. 2. \u0627\u0644\u062a\u0634\u0631\u064a\u0639 \u0627\u0644\u0641\u0631\u0646\u0633\u064a.<\/div>\n<div>\u062c\u0645\u064a\u0639 \u0627\u062e\u062a\u0628\u0627\u0631\u0627\u062a \u0627\u0644\u0646\u062c\u0627\u062d \u0630\u0627\u062a \u0627\u0644\u0635\u0644\u0629 (\u0641\u0631\u0646\u0633\u0627 \u0648 FDA) \u0645\u0646 \u0642\u0628\u0644 \u0645\u0639\u0647\u062f \u0628\u0648\u0627\u062a\u064a\u064a\u0647 \u0627\u0644\u0641\u0631\u0646\u0633\u064a (IANESCO)<\/div>\n<div>\u0648\u0642\u062f \u062a\u0645 \u0627\u0644\u062a\u0623\u0643\u062f \u0645\u0646 \u0645\u0644\u0627\u0621\u0645\u062a\u0647\u0627.<\/div>\n<div>\u0627\u0644\u0646\u0642\u0627\u0628\u0627\u062a \/ \u0627\u0644\u062a\u0631\u0643\u064a\u0628\u0627\u062a<\/div>\n<div>\u062a\u062a\u0648\u0641\u0631 \u0627\u0644\u062a\u0631\u0643\u064a\u0628\u0627\u062a \u0627\u0644\u0645\u0635\u0645\u0645\u0629 \u062e\u0635\u064a\u0635\u064b\u0627 \u0644\u062a\u062d\u0642\u064a\u0642 \u0627\u0644\u062a\u0648\u0635\u064a\u0644\u0627\u062a \u0627\u0644\u0645\u062b\u0644\u0649<\/div>\n<div>\u0627\u062a\u0635\u0644 \u0628\u0646\u0627 \u0644\u0644\u062d\u0635\u0648\u0644 \u0639\u0644\u0649 \u0645\u0632\u064a\u062f \u0645\u0646 \u0627\u0644\u0645\u0639\u0644\u0648\u0645\u0627\u062a \u062d\u0648\u0644.<\/div>\n<div><\/div>\n<div>\n<div class=\"video video-fit mb\" style=\"padding-top:56.25%;\"><p><iframe loading=\"lazy\" title=\"\u0623\u064a \u062e\u0631\u0637\u0648\u0645 \u0637\u0639\u0627\u0645 \u064a\u062c\u0628 \u0623\u0646 \u0646\u062e\u062a\u0627\u0631\u061f\" width=\"1020\" height=\"574\" src=\"https:\/\/www.youtube.com\/embed\/1RIgy8WF1Ao?feature=oembed\" frameborder=\"0\" allow=\"accelerometer; autoplay; clipboard-write; encrypted-media; gyroscope; picture-in-picture; web-share\" referrerpolicy=\"strict-origin-when-cross-origin\" allowfullscreen><\/iframe><\/p>\n<\/div>\n<div class=\"video video-fit mb\" style=\"padding-top:56.25%;\"><p><iframe loading=\"lazy\" title=\"\u0627\u0631\u062a\u0628\u0627\u0643 \u0627\u0644\u0642\u064a\u0627\u0633 (\u0628\u0648\u0635\u0629\u060c \u0625\u0635\u0628\u0639\u060c \u0636\u0628\u0627\u0628\u060c \u0645\u0644\u0644\u064a\u0645\u062a\u0631)\" width=\"1020\" height=\"574\" src=\"https:\/\/www.youtube.com\/embed\/uKk6AG_AZls?feature=oembed\" frameborder=\"0\" allow=\"accelerometer; autoplay; clipboard-write; encrypted-media; gyroscope; picture-in-picture; web-share\" referrerpolicy=\"strict-origin-when-cross-origin\" allowfullscreen><\/iframe><\/p>\n<\/div>\n<\/div>\n<p><img data-recalc-dims=\"1\" loading=\"lazy\" decoding=\"async\" class=\"alignnone size-medium wp-image-2132\" src=\"https:\/\/i0.wp.com\/hortum.com.tr\/wp-content\/uploads\/urunler\/trelleborg\/Trelleborg-BIOVAST-800x124.jpg?resize=800%2C124\" alt=\"\" width=\"800\" height=\"124\" title=\"\" srcset=\"https:\/\/i0.wp.com\/tuzlahortum.com.tr\/wp-content\/uploads\/urunler\/trelleborg\/Trelleborg-BIOVAST.jpg?resize=800%2C124&amp;ssl=1 800w, https:\/\/i0.wp.com\/tuzlahortum.com.tr\/wp-content\/uploads\/urunler\/trelleborg\/Trelleborg-BIOVAST.jpg?resize=768%2C119&amp;ssl=1 768w, https:\/\/i0.wp.com\/tuzlahortum.com.tr\/wp-content\/uploads\/urunler\/trelleborg\/Trelleborg-BIOVAST.jpg?resize=600%2C93&amp;ssl=1 600w, https:\/\/i0.wp.com\/tuzlahortum.com.tr\/wp-content\/uploads\/urunler\/trelleborg\/Trelleborg-BIOVAST.jpg?w=845&amp;ssl=1 845w\" sizes=\"auto, (max-width: 800px) 100vw, 800px\" \/><\/p>","protected":false},"excerpt":{"rendered":"<p>Trelleborg BIOVAST G\u0131da End\u00fcstrisi\/Temizlik +165\u00b0C s\u0131cakl\u0131klarda buharla temizleme ve g\u0131da i\u015fleme tesislerinde s\u0131cak su ile y\u0131kama. S\u0131cak s\u0131v\u0131 g\u0131da maddelerinin ta\u015f\u0131nmas\u0131. Tekerlek \u00fczerine monte uygulamalar i\u00e7in uygundur. Avantajlar *Mand\u0131ralar, konserve fabrikalar\u0131, bal\u0131k pazarlar\u0131, vs. \u00f6zel olarak tasarlanm\u0131\u015f bir hortumdur. *Son derece esnek. *Leke tutmayan kaplama bile\u015fi\u011fi. *Hayvansal ve nebati ya\u011flara kar\u015f\u0131 dayan\u0131kl\u0131. *Ftalat i\u00e7ermez. Teknik [&#8230;]\n","protected":false},"featured_media":2625,"comment_status":"open","ping_status":"closed","template":"","meta":{"jetpack_post_was_ever_published":false},"product_brand":[],"product_cat":[192],"product_tag":[294,402,290,525],"class_list":{"0":"post-633","1":"product","2":"type-product","3":"status-publish","4":"has-post-thumbnail","6":"product_cat-gida-endustrisi-temizlik-hortumlari","7":"product_tag-dayanikli","8":"product_tag-gida","9":"product_tag-hortum","10":"product_tag-temizlik","12":"first","13":"instock","14":"taxable","15":"shipping-taxable","16":"product-type-variable"},"jetpack-related-posts":[],"jetpack_sharing_enabled":true,"jetpack_likes_enabled":true,"_links":{"self":[{"href":"https:\/\/tuzlahortum.com.tr\/ar\/wp-json\/wp\/v2\/product\/633","targetHints":{"allow":["GET"]}}],"collection":[{"href":"https:\/\/tuzlahortum.com.tr\/ar\/wp-json\/wp\/v2\/product"}],"about":[{"href":"https:\/\/tuzlahortum.com.tr\/ar\/wp-json\/wp\/v2\/types\/product"}],"replies":[{"embeddable":true,"href":"https:\/\/tuzlahortum.com.tr\/ar\/wp-json\/wp\/v2\/comments?post=633"}],"wp:featuredmedia":[{"embeddable":true,"href":"https:\/\/tuzlahortum.com.tr\/ar\/wp-json\/wp\/v2\/media\/2625"}],"wp:attachment":[{"href":"https:\/\/tuzlahortum.com.tr\/ar\/wp-json\/wp\/v2\/media?parent=633"}],"wp:term":[{"taxonomy":"product_brand","embeddable":true,"href":"https:\/\/tuzlahortum.com.tr\/ar\/wp-json\/wp\/v2\/product_brand?post=633"},{"taxonomy":"product_cat","embeddable":true,"href":"https:\/\/tuzlahortum.com.tr\/ar\/wp-json\/wp\/v2\/product_cat?post=633"},{"taxonomy":"product_tag","embeddable":true,"href":"https:\/\/tuzlahortum.com.tr\/ar\/wp-json\/wp\/v2\/product_tag?post=633"}],"curies":[{"name":"\u062f\u0628\u0644\u064a\u0648 \u0628\u064a","href":"https:\/\/api.w.org\/{rel}","templated":true}]}}