{"id":632,"date":"2019-02-06T23:46:52","date_gmt":"2019-02-06T20:46:52","guid":{"rendered":"http:\/\/hortum.com.tr\/product\/import-placeholder-for-527\/"},"modified":"2024-03-21T17:44:39","modified_gmt":"2024-03-21T14:44:39","slug":"trelleborg-bioclean","status":"publish","type":"product","link":"https:\/\/tuzlahortum.com.tr\/ar\/product\/trelleborg-bioclean\/","title":{"rendered":"\u062a\u0631\u064a\u0644\u0628\u0648\u0631\u062c \u0628\u064a\u0648\u0643\u0644\u064a\u0646"},"content":{"rendered":"<h2>\u062a\u0631\u064a\u0644\u0628\u0648\u0631\u062c \u0628\u064a\u0648\u0643\u0644\u064a\u0646<\/h2>\n<div>\u0627\u0644\u0635\u0646\u0627\u0639\u0627\u062a \u0627\u0644\u063a\u0630\u0627\u0626\u064a\u0629 \/ \u0627\u0644\u062a\u0646\u0638\u064a\u0641<\/div>\n<div>\u0627\u0644\u062a\u0646\u0638\u064a\u0641 \u0628\u0627\u0644\u0636\u063a\u0637 \u0627\u0644\u0639\u0627\u0644\u064a \u062e\u0627\u0635\u0629 \u0641\u064a \u0627\u0644\u0635\u0646\u0627\u0639\u0627\u062a \u0627\u0644\u063a\u0630\u0627\u0626\u064a\u0629 \u0648\u064a\u0645\u0643\u0646 \u0627\u0633\u062a\u062e\u062f\u0627\u0645\u0647 \u0623\u064a\u0636\u064b\u0627 \u0644\u0646\u0642\u0644 \u0623\u064a \u0645\u0648\u0627\u062f \u063a\u0630\u0627\u0626\u064a\u0629 \u0633\u0627\u0626\u0644\u0629.<\/div>\n<div>\u0645\u0632\u0627\u064a\u0627<\/div>\n<div>* \u0645\u0631\u0648\u0646\u0629 \u0639\u0627\u0644\u064a\u0629.<\/div>\n<div>* \u0637\u0644\u0627\u0621 \u0644\u0627 \u064a\u062a\u0631\u0643 \u0623\u062b\u0631\u0627.<\/div>\n<div>* \u0627\u0644\u0623\u0646\u0628\u0648\u0628 \u0627\u0644\u062f\u0627\u062e\u0644\u064a \u0627\u0644\u0623\u0628\u064a\u0636 \u060c \u0627\u0644\u0645\u0646\u0627\u0633\u0628 \u0644\u0644\u0627\u0633\u062a\u062e\u062f\u0627\u0645 \u0627\u0644\u063a\u0630\u0627\u0626\u064a \u060c \u0645\u0642\u0627\u0648\u0645 \u0644\u0644\u0632\u064a\u062a.<\/div>\n<div>* \u0648\u0636\u0639 \u0639\u0644\u0627\u0645\u0627\u062a \u0639\u0644\u0649 \u0627\u0644\u0634\u0631\u064a\u0637 \u0627\u0644\u0623\u062d\u0645\u0631 \u0644\u062a\u062d\u062f\u064a\u062f \u0633\u0647\u0644 \u0648\u0633\u0631\u064a\u0639.<\/div>\n<div>* \u0644\u0627 \u064a\u062d\u062a\u0648\u064a \u0639\u0644\u0649 \u0627\u0644\u0641\u062b\u0627\u0644\u0627\u062a.<\/div>\n<div>\u0627\u0644\u0648\u0635\u0641 \u0627\u0644\u0641\u0646\u064a<\/div>\n<div>\u0627\u0644\u0623\u0646\u0628\u0648\u0628 \u0627\u0644\u062f\u0627\u062e\u0644\u064a: \u062f\u0631\u062c\u0629 \u0627\u0644\u0637\u0639\u0627\u0645 \u060c \u0645\u0642\u0627\u0648\u0645 \u0644\u0644\u0632\u064a\u062a \u060c NBR \u060c \u0623\u0628\u064a\u0636 \u060c \u0639\u0627\u062f\u064a.<\/div>\n<div>\u062a\u0642\u0648\u064a\u0629: \u0646\u0633\u064a\u062c \u062a\u0631\u0643\u064a\u0628\u064a.<\/div>\n<div>\u0627\u0644\u0637\u0644\u0627\u0621: NBR \/ PVC \u0627\u0644\u0645\u0642\u0627\u0648\u0645 \u0644\u0644\u0632\u064a\u062a \u0648\u0627\u0644\u0634\u064a\u062e\u0648\u062e\u0629 \u060c \u0623\u0632\u0631\u0642 \u060c \u0639\u0627\u062f\u064a.<\/div>\n<div>\u0646\u0637\u0627\u0642 \u062f\u0631\u062c\u0629 \u0627\u0644\u062d\u0631\u0627\u0631\u0629: -20 \u062f\u0631\u062c\u0629 \u0645\u0626\u0648\u064a\u0629 \u0625\u0644\u0649 + 100 \u062f\u0631\u062c\u0629 \u0645\u0626\u0648\u064a\u0629.<\/div>\n<div>\u0627\u0644\u0645\u0639\u064a\u0627\u0631 \/ \u0627\u0644\u0645\u0648\u0627\u0641\u0642\u0629:<\/div>\n<div>\u0644\u0648\u0627\u0626\u062d \u0627\u0644\u0627\u062a\u062d\u0627\u062f \u0627\u0644\u0623\u0648\u0631\u0648\u0628\u064a 1935\/2004 \u0648 2023\/2006 \u0644\u0627\u0626\u062d\u0629 \u0625\u062f\u0627\u0631\u0629 \u0627\u0644\u063a\u0630\u0627\u0621 \u0648\u0627\u0644\u062f\u0648\u0627\u0621 \u0631\u0642\u0645 21 CFR 177.2600.<\/div>\n<div>\u0627\u0644\u062a\u0634\u0631\u064a\u0639 \u0627\u0644\u0623\u0644\u0645\u0627\u0646\u064a: \u0627\u0644\u062a\u0648\u0635\u064a\u0629 21 BfR \u0627\u0644\u0642\u0637. 3. \u0627\u0644\u062a\u0634\u0631\u064a\u0639 \u0627\u0644\u0641\u0631\u0646\u0633\u064a.<\/div>\n<div>\u062c\u0645\u064a\u0639 \u0627\u062e\u062a\u0628\u0627\u0631\u0627\u062a \u0627\u0644\u0646\u062c\u0627\u062d \u0630\u0627\u062a \u0627\u0644\u0635\u0644\u0629 (\u0641\u0631\u0646\u0633\u0627 \u0648 FDA) \u0645\u0646 \u0642\u0628\u0644 \u0645\u0639\u0647\u062f \u0628\u0648\u0627\u062a\u064a\u064a\u0647 \u0627\u0644\u0641\u0631\u0646\u0633\u064a (IANESCO)<\/div>\n<div>\u0648\u0642\u062f \u062a\u0645 \u0627\u0644\u062a\u0623\u0643\u062f \u0645\u0646 \u0645\u0644\u0627\u0621\u0645\u062a\u0647\u0627.<\/div>\n<div>\u0627\u0644\u0646\u0642\u0627\u0628\u0627\u062a \/ \u0627\u0644\u062a\u0631\u0643\u064a\u0628\u0627\u062a<\/div>\n<div>\u062a\u062a\u0648\u0641\u0631 \u0627\u0644\u062a\u0631\u0643\u064a\u0628\u0627\u062a \u0627\u0644\u0645\u0635\u0645\u0645\u0629 \u062e\u0635\u064a\u0635\u064b\u0627 \u0644\u062a\u062d\u0642\u064a\u0642 \u0627\u0644\u062a\u0648\u0635\u064a\u0644\u0627\u062a \u0627\u0644\u0645\u062b\u0644\u0649<\/div>\n<div>\u0627\u062a\u0635\u0644 \u0628\u0646\u0627 \u0644\u0644\u062d\u0635\u0648\u0644 \u0639\u0644\u0649 \u0645\u0632\u064a\u062f \u0645\u0646 \u0627\u0644\u0645\u0639\u0644\u0648\u0645\u0627\u062a \u062d\u0648\u0644.<\/div>\n<p><img data-recalc-dims=\"1\" loading=\"lazy\" decoding=\"async\" class=\"alignnone size-medium wp-image-2133\" src=\"https:\/\/i0.wp.com\/hortum.com.tr\/wp-content\/uploads\/urunler\/trelleborg\/Trelleborg-BIOCLEAN-800x111.jpg?resize=800%2C111\" alt=\"\" width=\"800\" height=\"111\" title=\"\" srcset=\"https:\/\/i0.wp.com\/tuzlahortum.com.tr\/wp-content\/uploads\/urunler\/trelleborg\/Trelleborg-BIOCLEAN.jpg?resize=800%2C111&amp;ssl=1 800w, https:\/\/i0.wp.com\/tuzlahortum.com.tr\/wp-content\/uploads\/urunler\/trelleborg\/Trelleborg-BIOCLEAN.jpg?resize=768%2C107&amp;ssl=1 768w, https:\/\/i0.wp.com\/tuzlahortum.com.tr\/wp-content\/uploads\/urunler\/trelleborg\/Trelleborg-BIOCLEAN.jpg?resize=600%2C84&amp;ssl=1 600w, https:\/\/i0.wp.com\/tuzlahortum.com.tr\/wp-content\/uploads\/urunler\/trelleborg\/Trelleborg-BIOCLEAN.jpg?w=833&amp;ssl=1 833w\" sizes=\"auto, (max-width: 800px) 100vw, 800px\" \/><\/p>\n<div class=\"video video-fit mb\" style=\"padding-top:56.25%;\"><p><iframe loading=\"lazy\" title=\"\u0623\u064a \u062e\u0631\u0637\u0648\u0645 \u0637\u0639\u0627\u0645 \u064a\u062c\u0628 \u0623\u0646 \u0646\u062e\u062a\u0627\u0631\u061f\" width=\"1020\" height=\"574\" src=\"https:\/\/www.youtube.com\/embed\/1RIgy8WF1Ao?feature=oembed\" frameborder=\"0\" allow=\"accelerometer; autoplay; clipboard-write; encrypted-media; gyroscope; picture-in-picture; web-share\" referrerpolicy=\"strict-origin-when-cross-origin\" allowfullscreen><\/iframe><\/p>\n<\/div>\n<div class=\"video video-fit mb\" style=\"padding-top:56.25%;\"><p><iframe loading=\"lazy\" title=\"\u0627\u0631\u062a\u0628\u0627\u0643 \u0627\u0644\u0642\u064a\u0627\u0633 (\u0628\u0648\u0635\u0629\u060c \u0625\u0635\u0628\u0639\u060c \u0636\u0628\u0627\u0628\u060c \u0645\u0644\u0644\u064a\u0645\u062a\u0631)\" width=\"1020\" height=\"574\" src=\"https:\/\/www.youtube.com\/embed\/uKk6AG_AZls?feature=oembed\" frameborder=\"0\" allow=\"accelerometer; autoplay; clipboard-write; encrypted-media; gyroscope; picture-in-picture; web-share\" referrerpolicy=\"strict-origin-when-cross-origin\" allowfullscreen><\/iframe><\/p>\n<\/div>","protected":false},"excerpt":{"rendered":"<p>Trelleborg BIOCLEAN G\u0131da End\u00fcstrisi\/Temizlik \u00d6zellikle g\u0131da end\u00fcstrilerinde y\u00fcksek bas\u0131n\u00e7la temizleme Herhangi bir s\u0131v\u0131 g\u0131da maddesinin\u00a0ta\u015f\u0131nmas\u0131 i\u00e7in de kullan\u0131labilir. Avantajlar *Y\u00fcksek esneklik. *\u0130z b\u0131rakmayan kaplama. *G\u0131dada kullan\u0131ma uygun kalitede beyaz i\u00e7 lastik, ya\u011fa kar\u015f\u0131 dayan\u0131kl\u0131d\u0131r. * Kolay ve h\u0131zl\u0131 tan\u0131ma i\u00e7in k\u0131rm\u0131z\u0131 \u015ferit \u00fczerine markalama. *Ftalat i\u00e7ermez. Teknik a\u00e7\u0131klama \u0130\u00e7 t\u00fcp :\u00a0G\u0131daya uygun kalitede, ya\u011fa kar\u015f\u0131 [&#8230;]\n","protected":false},"featured_media":2624,"comment_status":"open","ping_status":"closed","template":"","meta":{"jetpack_post_was_ever_published":false},"product_brand":[],"product_cat":[192],"product_tag":[294,402,290,525],"class_list":{"0":"post-632","1":"product","2":"type-product","3":"status-publish","4":"has-post-thumbnail","6":"product_cat-gida-endustrisi-temizlik-hortumlari","7":"product_tag-dayanikli","8":"product_tag-gida","9":"product_tag-hortum","10":"product_tag-temizlik","12":"first","13":"instock","14":"taxable","15":"shipping-taxable","16":"product-type-variable"},"jetpack-related-posts":[],"jetpack_sharing_enabled":true,"jetpack_likes_enabled":true,"_links":{"self":[{"href":"https:\/\/tuzlahortum.com.tr\/ar\/wp-json\/wp\/v2\/product\/632","targetHints":{"allow":["GET"]}}],"collection":[{"href":"https:\/\/tuzlahortum.com.tr\/ar\/wp-json\/wp\/v2\/product"}],"about":[{"href":"https:\/\/tuzlahortum.com.tr\/ar\/wp-json\/wp\/v2\/types\/product"}],"replies":[{"embeddable":true,"href":"https:\/\/tuzlahortum.com.tr\/ar\/wp-json\/wp\/v2\/comments?post=632"}],"wp:featuredmedia":[{"embeddable":true,"href":"https:\/\/tuzlahortum.com.tr\/ar\/wp-json\/wp\/v2\/media\/2624"}],"wp:attachment":[{"href":"https:\/\/tuzlahortum.com.tr\/ar\/wp-json\/wp\/v2\/media?parent=632"}],"wp:term":[{"taxonomy":"product_brand","embeddable":true,"href":"https:\/\/tuzlahortum.com.tr\/ar\/wp-json\/wp\/v2\/product_brand?post=632"},{"taxonomy":"product_cat","embeddable":true,"href":"https:\/\/tuzlahortum.com.tr\/ar\/wp-json\/wp\/v2\/product_cat?post=632"},{"taxonomy":"product_tag","embeddable":true,"href":"https:\/\/tuzlahortum.com.tr\/ar\/wp-json\/wp\/v2\/product_tag?post=632"}],"curies":[{"name":"\u062f\u0628\u0644\u064a\u0648 \u0628\u064a","href":"https:\/\/api.w.org\/{rel}","templated":true}]}}