{"id":625,"date":"2019-02-06T23:46:50","date_gmt":"2019-02-06T20:46:50","guid":{"rendered":"http:\/\/hortum.com.tr\/product\/import-placeholder-for-577\/"},"modified":"2024-03-21T17:44:44","modified_gmt":"2024-03-21T14:44:44","slug":"galvaniz-demir-hortum-ekleme-rekoru","status":"publish","type":"product","link":"https:\/\/tuzlahortum.com.tr\/ar\/product\/galvaniz-demir-hortum-ekleme-rekoru\/","title":{"rendered":"\u0627\u062a\u062d\u0627\u062f \u062a\u0631\u0643\u064a\u0628 \u062e\u0631\u0637\u0648\u0645 \u0627\u0644\u062d\u062f\u064a\u062f \u0627\u0644\u0645\u062c\u0644\u0641\u0646"},"content":{"rendered":"<h2>\u0627\u062a\u062d\u0627\u062f \u062a\u0631\u0643\u064a\u0628 \u062e\u0631\u0637\u0648\u0645 \u0627\u0644\u062d\u062f\u064a\u062f \u0627\u0644\u0645\u062c\u0644\u0641\u0646<\/h2>","protected":false},"excerpt":{"rendered":"<p>\u0627\u062a\u062d\u0627\u062f \u062a\u0631\u0643\u064a\u0628 \u062e\u0631\u0637\u0648\u0645 \u0627\u0644\u062d\u062f\u064a\u062f \u0627\u0644\u0645\u062c\u0644\u0641\u0646<\/p>","protected":false},"featured_media":1371,"comment_status":"open","ping_status":"closed","template":"","meta":[],"product_brand":[],"product_cat":[98],"product_tag":[457,456,515,290,252],"class_list":{"0":"post-625","1":"product","2":"type-product","3":"status-publish","4":"has-post-thumbnail","6":"product_cat-galvaniz-fittings","7":"product_tag-demir","8":"product_tag-galvaniz","9":"product_tag-galvaniz-demir-hortum-ekleme-rekoru","10":"product_tag-hortum","11":"product_tag-rekor","13":"first","14":"instock","15":"taxable","16":"shipping-taxable","17":"product-type-variable"},"jetpack-related-posts":[{"id":597,"url":"https:\/\/tuzlahortum.com.tr\/ar\/product\/galvaniz-demir-hortum-rekoru\/","url_meta":{"origin":625,"position":0},"title":"\u0627\u0642\u062a\u0631\u0627\u0646 \u062e\u0631\u0637\u0648\u0645 \u0627\u0644\u062d\u062f\u064a\u062f \u0627\u0644\u0645\u062c\u0644\u0641\u0646","author":"admin","date":"6 \u0641\u0628\u0631\u0627\u064a\u0631 2019","format":false,"excerpt":"Galvaniz Demir Hortum Rekoru \u00dcr\u00fcn \u00d6l\u00e7\u00fcs\u00fc Koli Adeti 1\/2\" 100 3\/4\" 80 1\" 100 1\u00bc\" 60 1\u00bd\" 40 2\" 40 2\u00bd\" 25 3\" 24 4\" 24 5\" 6 6\" 5 8\" 10\"","rel":"","context":"\u062a\u062f\u0648\u064a\u0646\u0629 \u0645\u0634\u0627\u0628\u0647\u0629","block_context":{"text":"\u062a\u062f\u0648\u064a\u0646\u0629 \u0645\u0634\u0627\u0628\u0647\u0629","link":""},"img":{"alt_text":"","src":"https:\/\/i0.wp.com\/tuzlahortum.com.tr\/wp-content\/uploads\/2019\/02\/Galvaniz-Demir-Hortum-Rekoru-300x300.jpg?fit=300%2C300&ssl=1&resize=350%2C200","width":350,"height":200},"classes":[]},{"id":665,"url":"https:\/\/tuzlahortum.com.tr\/ar\/product\/tc-28\/","url_meta":{"origin":625,"position":1},"title":"TC 28","author":"admin","date":"6 \u0641\u0628\u0631\u0627\u064a\u0631 2019","format":false,"excerpt":"TC 28MATERYAL: Hortum Cidar\u0131 : \u00d6zel kaplamal\u0131 E-Camelyaf \u2022 A\u011f\u0131rl\u0131k : 490 gr\/m2 \u2022 \u00c7ekme Dayan\u0131m\u0131: Warp 1100 N\/cm, Weft 700 N\/cm \u2022 Kal\u0131nl\u0131k : 0.45 mm \u2022 Renk : Gri \u2022 Kaplama : \u00c7ift taraf\u0131 30 gr\/m2 Gri poli\u00fcretan kaplama \u2022 Alev S\u0131n\u0131f\u0131 : DIN 66083 D\u0131\u015f Spiaral :\u2026","rel":"","context":"\u062a\u062f\u0648\u064a\u0646\u0629 \u0645\u0634\u0627\u0628\u0647\u0629","block_context":{"text":"\u062a\u062f\u0648\u064a\u0646\u0629 \u0645\u0634\u0627\u0628\u0647\u0629","link":""},"img":{"alt_text":"","src":"https:\/\/i0.wp.com\/tuzlahortum.com.tr\/wp-content\/uploads\/2019\/03\/TC-28.jpg?fit=600%2C450&ssl=1&resize=350%2C200","width":350,"height":200,"srcset":"https:\/\/i0.wp.com\/tuzlahortum.com.tr\/wp-content\/uploads\/2019\/03\/TC-28.jpg?fit=600%2C450&ssl=1&resize=350%2C200 1x, https:\/\/i0.wp.com\/tuzlahortum.com.tr\/wp-content\/uploads\/2019\/03\/TC-28.jpg?fit=600%2C450&ssl=1&resize=525%2C300 1.5x"},"classes":[]},{"id":13246,"url":"https:\/\/tuzlahortum.com.tr\/ar\/product\/flow-luks-jak-3-4-hortum-ekleme\/","url_meta":{"origin":625,"position":2},"title":"\u0645\u0642\u0628\u0633 \u0627\u0644\u062a\u062f\u0641\u0642 \u0627\u0644\u0641\u0627\u062e\u0631 3\/4 \u0625\u0636\u0627\u0641\u0629 \u062e\u0631\u0637\u0648\u0645","author":"admin","date":"28 \u0645\u0627\u0631\u0633 2024","format":false,"excerpt":"FLOW L\u00dcKS JAK 3\/4 HORTUM EKLEME Bah\u00e7e sulama ekipmanlar\u0131n\u0131z aras\u0131ndaki uyumu sa\u011flamak i\u00e7in tasarlanan FLOW L\u00dcKS JAK 3\/4 Hortum Ekleme, sulama i\u015flerinizi daha kolay ve verimli hale getirir. \u00d6zellikler: Evrensel Uyumluluk: Bu jak, 3\/4\" \u00e7ap\u0131ndaki hortumlarla uyumludur ve farkl\u0131 sulama ekipmanlar\u0131n\u0131 birbirine ba\u011flaman\u0131z\u0131 sa\u011flar. Bah\u00e7enizdeki sulama sistemlerinin sorunsuz \u00e7al\u0131\u015fmas\u0131n\u0131 sa\u011flar.\u2026","rel":"","context":"\u062a\u062f\u0648\u064a\u0646\u0629 \u0645\u0634\u0627\u0628\u0647\u0629","block_context":{"text":"\u062a\u062f\u0648\u064a\u0646\u0629 \u0645\u0634\u0627\u0628\u0647\u0629","link":""},"img":{"alt_text":"","src":"https:\/\/i0.wp.com\/tuzlahortum.com.tr\/wp-content\/uploads\/2024\/03\/jak_luks_hortum_ekleme_2.jpg?fit=800%2C800&ssl=1&resize=350%2C200","width":350,"height":200,"srcset":"https:\/\/i0.wp.com\/tuzlahortum.com.tr\/wp-content\/uploads\/2024\/03\/jak_luks_hortum_ekleme_2.jpg?fit=800%2C800&ssl=1&resize=350%2C200 1x, https:\/\/i0.wp.com\/tuzlahortum.com.tr\/wp-content\/uploads\/2024\/03\/jak_luks_hortum_ekleme_2.jpg?fit=800%2C800&ssl=1&resize=525%2C300 1.5x, https:\/\/i0.wp.com\/tuzlahortum.com.tr\/wp-content\/uploads\/2024\/03\/jak_luks_hortum_ekleme_2.jpg?fit=800%2C800&ssl=1&resize=700%2C400 2x"},"classes":[]},{"id":13247,"url":"https:\/\/tuzlahortum.com.tr\/ar\/product\/flow-luks-jak-1-2-3-4-hortum-ekleme\/","url_meta":{"origin":625,"position":3},"title":"\u0645\u0642\u0628\u0633 \u0627\u0644\u062a\u062f\u0641\u0642 \u0627\u0644\u0641\u0627\u062e\u0631 1\/2-3\/4 \u0625\u0636\u0627\u0641\u0629 \u062e\u0631\u0637\u0648\u0645","author":"admin","date":"28 \u0645\u0627\u0631\u0633 2024","format":false,"excerpt":"FLOW L\u00dcKS JAK 1\/2-3\/4 HORTUM EKLEME Bah\u00e7e sulama i\u015flerinizi kolayla\u015ft\u0131ran ve hortumlar\u0131n\u0131z aras\u0131ndaki uyumu sa\u011flayan FLOW L\u00dcKS JAK, bah\u00e7enizin bak\u0131m\u0131n\u0131 daha keyifli hale getirir. \u00d6zellikler: Evrensel Uyumluluk: Bu jak, 1\/2\" ve 3\/4\" hortumlar\u0131 bir araya getirir, b\u00f6ylece farkl\u0131 \u00e7aplardaki hortumlar\u0131 sorunsuzca birbirine ba\u011flayabilirsiniz. Bah\u00e7enizdeki farkl\u0131 sulama ekipmanlar\u0131 aras\u0131nda uyum sa\u011flar.\u2026","rel":"","context":"\u062a\u062f\u0648\u064a\u0646\u0629 \u0645\u0634\u0627\u0628\u0647\u0629","block_context":{"text":"\u062a\u062f\u0648\u064a\u0646\u0629 \u0645\u0634\u0627\u0628\u0647\u0629","link":""},"img":{"alt_text":"","src":"https:\/\/i0.wp.com\/tuzlahortum.com.tr\/wp-content\/uploads\/2024\/03\/jak_luks_hortum_ekleme_dusurucu_2.jpg?fit=800%2C800&ssl=1&resize=350%2C200","width":350,"height":200,"srcset":"https:\/\/i0.wp.com\/tuzlahortum.com.tr\/wp-content\/uploads\/2024\/03\/jak_luks_hortum_ekleme_dusurucu_2.jpg?fit=800%2C800&ssl=1&resize=350%2C200 1x, https:\/\/i0.wp.com\/tuzlahortum.com.tr\/wp-content\/uploads\/2024\/03\/jak_luks_hortum_ekleme_dusurucu_2.jpg?fit=800%2C800&ssl=1&resize=525%2C300 1.5x, https:\/\/i0.wp.com\/tuzlahortum.com.tr\/wp-content\/uploads\/2024\/03\/jak_luks_hortum_ekleme_dusurucu_2.jpg?fit=800%2C800&ssl=1&resize=700%2C400 2x"},"classes":[]},{"id":804,"url":"https:\/\/tuzlahortum.com.tr\/ar\/product\/c-tipi-paslanmaz-kamlok-316\/","url_meta":{"origin":625,"position":4},"title":"\u0646\u0648\u0639 C \u063a\u064a\u0631 \u0627\u0644\u0642\u0627\u0628\u0644 \u0644\u0644\u0635\u062f\u0623 Camlock (316)","author":"admin","date":"6 \u0641\u0628\u0631\u0627\u064a\u0631 2019","format":false,"excerpt":"C Tipi Paslanmaz Kamlok (316)C T\u0130P\u0130 PASLANMAZ KAMLOK D\u0130\u015e\u0130 \u00a0VE HORTUMA GE\u00c7ME \u00a0\u015eEKL\u0130 OLUP EKLEME MODEL\u0130 OLARAK \u00a0M\u00dc\u015eTER\u0130M\u0130ZE SUNMAKTAYIZ KULLANIM ALANLARI K\u0130MYEV\u0130 MADDE AS\u0130T , SOLVENT , PETROL VB T\u00dcM K\u0130MYASALLAR \u0130\u00c7\u0130N DEM\u0130R \u00c7EL\u0130K FABR\u0130KALARINDA SICAK ORTAMLAR DA GEM\u0130 SEKT\u00d6R\u00dc DEN\u0130Z SUYU VB B\u0130R \u00c7OK AMACA UYGUN KULLANIM KOLAYLI\u011eI VE\u2026","rel":"","context":"\u062a\u062f\u0648\u064a\u0646\u0629 \u0645\u0634\u0627\u0628\u0647\u0629","block_context":{"text":"\u062a\u062f\u0648\u064a\u0646\u0629 \u0645\u0634\u0627\u0628\u0647\u0629","link":""},"img":{"alt_text":"","src":"https:\/\/i0.wp.com\/tuzlahortum.com.tr\/wp-content\/uploads\/2019\/02\/316C-1.jpg?fit=1200%2C1187&ssl=1&resize=350%2C200","width":350,"height":200,"srcset":"https:\/\/i0.wp.com\/tuzlahortum.com.tr\/wp-content\/uploads\/2019\/02\/316C-1.jpg?fit=1200%2C1187&ssl=1&resize=350%2C200 1x, https:\/\/i0.wp.com\/tuzlahortum.com.tr\/wp-content\/uploads\/2019\/02\/316C-1.jpg?fit=1200%2C1187&ssl=1&resize=525%2C300 1.5x, https:\/\/i0.wp.com\/tuzlahortum.com.tr\/wp-content\/uploads\/2019\/02\/316C-1.jpg?fit=1200%2C1187&ssl=1&resize=700%2C400 2x, https:\/\/i0.wp.com\/tuzlahortum.com.tr\/wp-content\/uploads\/2019\/02\/316C-1.jpg?fit=1200%2C1187&ssl=1&resize=1050%2C600 3x"},"classes":[]},{"id":808,"url":"https:\/\/tuzlahortum.com.tr\/ar\/product\/e-tipi-paslanmaz-kamlok-316\/","url_meta":{"origin":625,"position":5},"title":"E \u0646\u0648\u0639 \u063a\u064a\u0631 \u0627\u0644\u0642\u0627\u0628\u0644 \u0644\u0644\u0635\u062f\u0623 Camlock (316)","author":"admin","date":"6 \u0641\u0628\u0631\u0627\u064a\u0631 2019","format":false,"excerpt":"E Tipi Paslanmaz Kamlok (316)PASLANMAZ KAMLOK (E T\u0130P\u0130) ERKEK VE HORTUMA GE\u00c7ME \u00a0\u015eEKL\u0130 OLUP EKLEME MODEL\u0130 OLARAK \u00a0M\u00dc\u015eTER\u0130M\u0130ZE SUNMAKTAYIZ KULLANIM ALANLARI K\u0130MYEV\u0130 MADDE AS\u0130T , SOLVENT , PETROL VB T\u00dcM K\u0130MYASALLAR \u0130\u00c7\u0130N DEM\u0130R \u00c7EL\u0130K FABR\u0130KALARINDA SICAK ORTAMLAR DA GEM\u0130 SEKT\u00d6R\u00dc DEN\u0130Z SUYU VB B\u0130R \u00c7OK AMACA UYGUN KULLANIM KOLAYLI\u011eI VE\u2026","rel":"","context":"\u062a\u062f\u0648\u064a\u0646\u0629 \u0645\u0634\u0627\u0628\u0647\u0629","block_context":{"text":"\u062a\u062f\u0648\u064a\u0646\u0629 \u0645\u0634\u0627\u0628\u0647\u0629","link":""},"img":{"alt_text":"","src":"https:\/\/i0.wp.com\/tuzlahortum.com.tr\/wp-content\/uploads\/2019\/02\/316E-1.jpg?fit=1200%2C1187&ssl=1&resize=350%2C200","width":350,"height":200,"srcset":"https:\/\/i0.wp.com\/tuzlahortum.com.tr\/wp-content\/uploads\/2019\/02\/316E-1.jpg?fit=1200%2C1187&ssl=1&resize=350%2C200 1x, https:\/\/i0.wp.com\/tuzlahortum.com.tr\/wp-content\/uploads\/2019\/02\/316E-1.jpg?fit=1200%2C1187&ssl=1&resize=525%2C300 1.5x, https:\/\/i0.wp.com\/tuzlahortum.com.tr\/wp-content\/uploads\/2019\/02\/316E-1.jpg?fit=1200%2C1187&ssl=1&resize=700%2C400 2x, https:\/\/i0.wp.com\/tuzlahortum.com.tr\/wp-content\/uploads\/2019\/02\/316E-1.jpg?fit=1200%2C1187&ssl=1&resize=1050%2C600 3x"},"classes":[]}],"jetpack_sharing_enabled":true,"jetpack_likes_enabled":true,"_links":{"self":[{"href":"https:\/\/tuzlahortum.com.tr\/ar\/wp-json\/wp\/v2\/product\/625","targetHints":{"allow":["GET"]}}],"collection":[{"href":"https:\/\/tuzlahortum.com.tr\/ar\/wp-json\/wp\/v2\/product"}],"about":[{"href":"https:\/\/tuzlahortum.com.tr\/ar\/wp-json\/wp\/v2\/types\/product"}],"replies":[{"embeddable":true,"href":"https:\/\/tuzlahortum.com.tr\/ar\/wp-json\/wp\/v2\/comments?post=625"}],"wp:featuredmedia":[{"embeddable":true,"href":"https:\/\/tuzlahortum.com.tr\/ar\/wp-json\/wp\/v2\/media\/1371"}],"wp:attachment":[{"href":"https:\/\/tuzlahortum.com.tr\/ar\/wp-json\/wp\/v2\/media?parent=625"}],"wp:term":[{"taxonomy":"product_brand","embeddable":true,"href":"https:\/\/tuzlahortum.com.tr\/ar\/wp-json\/wp\/v2\/product_brand?post=625"},{"taxonomy":"product_cat","embeddable":true,"href":"https:\/\/tuzlahortum.com.tr\/ar\/wp-json\/wp\/v2\/product_cat?post=625"},{"taxonomy":"product_tag","embeddable":true,"href":"https:\/\/tuzlahortum.com.tr\/ar\/wp-json\/wp\/v2\/product_tag?post=625"}],"curies":[{"name":"\u062f\u0628\u0644\u064a\u0648 \u0628\u064a","href":"https:\/\/api.w.org\/{rel}","templated":true}]}}