{"id":622,"date":"2019-02-06T23:46:49","date_gmt":"2019-02-06T20:46:49","guid":{"rendered":"http:\/\/hortum.com.tr\/product\/import-placeholder-for-229\/"},"modified":"2024-03-21T17:44:46","modified_gmt":"2024-03-21T14:44:46","slug":"poliuretan-hortum","status":"publish","type":"product","link":"https:\/\/tuzlahortum.com.tr\/ar\/product\/poliuretan-hortum\/","title":{"rendered":"\u062e\u0631\u0637\u0648\u0645 \u0627\u0644\u0628\u0648\u0644\u064a \u064a\u0648\u0631\u064a\u062b\u064a\u0646"},"content":{"rendered":"<h2>\u062e\u0631\u0637\u0648\u0645 \u0627\u0644\u0628\u0648\u0644\u064a \u064a\u0648\u0631\u064a\u062b\u064a\u0646<\/h2>\n<div>\u0627\u0644\u0645\u0648\u0627\u062f:<\/div>\n<div>\u062c\u062f\u0627\u0631 \u0642\u0645\u0627\u0634\u064a: \u062e\u0627\u0635 \u0628\u0631\u064a\u0645\u064a\u0648\u0645 \u0628\u0648\u0644\u064a \u064a\u0648\u0631\u064a\u062b\u064a\u0646 \u0625\u0633\u062a\u0631<\/div>\n<div>\u2022 \u0633\u0645\u0643 \u0627\u0644\u062c\u062f\u0627\u0631: 0.7 \u0645\u0645<\/div>\n<div>\u2022 \u0627\u0644\u0637\u0648\u0644 \u0627\u0644\u0642\u064a\u0627\u0633\u064a: 10 \u0645.<\/div>\n<div>\u2022 \u0627\u0644\u0644\u0648\u0646: \u0634\u0641\u0627\u0641<\/div>\n<div>\u0644\u0648\u0644\u0628 \u062e\u0627\u0631\u062c\u064a: \u0633\u0644\u0643 \u062d\u0644\u0632\u0648\u0646\u064a \u0646\u062d\u0627\u0633\u064a<\/div>\n<div><strong>-20 \u062f\u0631\u062c\u0629 \u0645\u0626\u0648\u064a\u0629 \/ +90 \u062f\u0631\u062c\u0629 \u0645\u0626\u0648\u064a\u0629<\/strong>\u00a0<img data-recalc-dims=\"1\" decoding=\"async\" src=\"https:\/\/i0.wp.com\/www.burcugroup.com\/images\/termo.png?w=1020\" alt=\"\" title=\"\"><\/div>\n<div><\/div>\n<div><div class=\"video video-fit mb\" style=\"padding-top:56.25%;\"><p><iframe loading=\"lazy\" title=\"\u0627\u0631\u062a\u0628\u0627\u0643 \u0627\u0644\u0642\u064a\u0627\u0633 (\u0628\u0648\u0635\u0629\u060c \u0625\u0635\u0628\u0639\u060c \u0636\u0628\u0627\u0628\u060c \u0645\u0644\u0644\u064a\u0645\u062a\u0631)\" width=\"1020\" height=\"574\" src=\"https:\/\/www.youtube.com\/embed\/uKk6AG_AZls?feature=oembed\" frameborder=\"0\" allow=\"accelerometer; autoplay; clipboard-write; encrypted-media; gyroscope; picture-in-picture\" allowfullscreen><\/iframe><\/p>\n<\/div><\/div>\n<div><\/div>\n<div>\u062a\u0637\u0628\u064a\u0642\u0627\u062a:<\/div>\n<div>\u2022 \u0627\u0645\u062a\u0635\u0627\u0635 \u0648\u0646\u0642\u0644 \u0627\u0644\u0645\u0648\u0627\u062f \u0627\u0644\u0643\u0627\u0634\u0637\u0629<\/div>\n<div>\u2022 \u0646\u0642\u0644 \u0627\u0644\u062c\u0633\u064a\u0645\u0627\u062a \u0627\u0644\u062d\u0628\u064a\u0628\u064a\u0629 \u0627\u0644\u0635\u063a\u064a\u0631\u0629<\/div>\n<div>\u2022 \u0643\u062e\u0631\u0637\u0648\u0645 \u062d\u0645\u0627\u064a\u0629 \u0636\u062f \u0627\u0644\u0636\u063a\u0637 \u0627\u0644\u0645\u064a\u0643\u0627\u0646\u064a\u0643\u064a<\/div>\n<div>\u2022 \u0627\u0645\u062a\u0635\u0627\u0635 \u0648\u0646\u0642\u0644 \u0627\u0644\u0623\u062c\u0632\u0627\u0621 \u0641\u064a \u0635\u0646\u0627\u0639\u0629 \u0627\u0644\u0648\u0631\u0642 \u0648\u0627\u0644\u0646\u0633\u064a\u062c<\/div>\n<div>\u2022 \u0646\u0642\u0644 \u0627\u0644\u0645\u0648\u0627\u062f \u0627\u0644\u063a\u0627\u0632\u064a\u0629 \u0648\u0627\u0644\u0633\u0627\u0626\u0644\u0629<\/div>\n<div>\u2022 \u062a\u062d\u0645\u064a\u0644 \u0627\u0644\u0635\u0648\u0645\u0639\u0629<\/div>\n<div>\u2022 \u0646\u0642\u0644 \u0627\u0644\u0633\u0648\u0627\u0626\u0644 \u0648\u0627\u0644\u0645\u0633\u0627\u062d\u064a\u0642 \u0627\u0644\u0643\u0627\u0634\u0637\u0629<\/div>\n<div>\u2022 \u0646\u0642\u0644 \u0627\u0644\u062d\u0628\u064a\u0628\u0627\u062a<\/div>\n<div>\u2022 \u0641\u064a \u0635\u0646\u0627\u0639\u0629 \u0627\u0644\u0645\u0648\u0627\u062f \u0627\u0644\u063a\u0630\u0627\u0626\u064a\u0629<\/div>\n<div>\u2022 \u062a\u0637\u0628\u064a\u0642\u0627\u062a \u0645\u0643\u0627\u0641\u062d\u0629 \u0633\u0627\u0643\u0646\u0629<\/div>\n<div>\u0645\u064a\u0632\u0627\u062a:<\/div>\n<div>\u2022 \u0647\u064a\u0643\u0644 \u062e\u0641\u064a\u0641 \u0627\u0644\u0648\u0632\u0646 \u0648\u0645\u0639\u0632\u0632<\/div>\n<div>\u2022 \u0645\u0631\u0648\u0646\u0629 \u062c\u064a\u062f\u0629 \u0648\u0646\u0633\u0628\u0629 \u0636\u063a\u0637: 4: 1<\/div>\n<div>\u2022 \u0645\u0642\u0627\u0648\u0645\u0629 \u0644\u0644\u062a\u0622\u0643\u0644<\/div>\n<div>\u2022 \u0645\u0642\u0627\u0648\u0645\u0629 \u0644\u0644\u0645\u0648\u0627\u062f \u0627\u0644\u0643\u064a\u0645\u064a\u0627\u0626\u064a\u0629<\/div>\n<div>\u2022 \u0646\u0635\u0641 \u0642\u0637\u0631 \u0627\u0644\u0627\u0646\u062d\u0646\u0627\u0621 \u0627\u0644\u062c\u064a\u062f<\/div>\n<div>\u2022 \u0645\u0642\u0627\u0648\u0645\u0629 \u0646\u0641\u0627\u0630\u064a\u0629 \u0627\u0644\u063a\u0627\u0632 \u0648\u0627\u0644\u0633\u0627\u0626\u0644<\/div>\n<div>\u2022 \u0645\u0636\u0627\u062f \u0644\u0644\u062c\u0631\u0627\u062b\u064a\u0645<\/div>\n<div>\u2022 \u0645\u0642\u0627\u0648\u0645 \u0644\u0644\u0632\u064a\u0648\u062a \u0627\u0644\u0645\u0639\u062f\u0646\u064a\u0629<\/div>\n<div>\u2022 \u062e\u0627\u0635\u064a\u0629 \u062a\u0641\u0631\u064a\u063a \u0627\u0644\u0643\u0647\u0631\u0628\u0627\u0621 \u0627\u0644\u0633\u0627\u0643\u0646\u0629<\/div>\n<div>\u2022 \u0623\u0643\u062b\u0631 \u0645\u062a\u0627\u0646\u0629 \u0645\u0646 Techni PU 50<\/div>\n<div><\/div>","protected":false},"excerpt":{"rendered":"<p>Poli\u00fcretan Hortum MATERYAL: Kuma\u015f Duvar\u0131 : \u00d6zel Premium ester-poli\u00fcretan \u2022 \u00a0Duvar Kal\u0131nl\u0131\u011f\u0131 : \u00a00,7 mm \u2022 \u00a0Standart Uzunluk : 10 mt. \u2022 Renk : \u00a0Transparent D\u0131\u015f Spiral : Bak\u0131r Spiral Tel -20 C \/ +90 C\u00a0 UYGULAMALAR: \u2022 \u00a0 A\u015f\u0131nd\u0131r\u0131c\u0131 materyallerin emilmesi ve transferi \u2022 \u00a0 K\u00fc\u00e7\u00fck tanecikli par\u00e7alar\u0131n transferi \u2022 \u00a0 Mekanik bas\u0131nca kar\u015f\u0131 [&#8230;]\n","protected":false},"featured_media":5881,"comment_status":"open","ping_status":"closed","template":"","meta":{"jetpack_post_was_ever_published":false},"product_brand":[],"product_cat":[142,147,150],"product_tag":[509,507,510,511,508],"class_list":{"0":"post-622","1":"product","2":"type-product","3":"status-publish","4":"has-post-thumbnail","6":"product_cat-agac-isleri-hortumlari","7":"product_cat-poliuretan-pu-flex-hortumlari","8":"product_cat-tarim-sektoru-hortumlari","9":"product_tag-bakir-dis-spiral-tel","10":"product_tag-ester-poliuretan-kumas","11":"product_tag-mikrop-gecirmez","12":"product_tag-statik-elektrik","13":"product_tag-transparent","15":"first","16":"outofstock","17":"sold-individually","18":"taxable","19":"shipping-taxable","20":"product-type-variable"},"jetpack-related-posts":[],"jetpack_sharing_enabled":true,"jetpack_likes_enabled":true,"_links":{"self":[{"href":"https:\/\/tuzlahortum.com.tr\/ar\/wp-json\/wp\/v2\/product\/622","targetHints":{"allow":["GET"]}}],"collection":[{"href":"https:\/\/tuzlahortum.com.tr\/ar\/wp-json\/wp\/v2\/product"}],"about":[{"href":"https:\/\/tuzlahortum.com.tr\/ar\/wp-json\/wp\/v2\/types\/product"}],"replies":[{"embeddable":true,"href":"https:\/\/tuzlahortum.com.tr\/ar\/wp-json\/wp\/v2\/comments?post=622"}],"wp:featuredmedia":[{"embeddable":true,"href":"https:\/\/tuzlahortum.com.tr\/ar\/wp-json\/wp\/v2\/media\/5881"}],"wp:attachment":[{"href":"https:\/\/tuzlahortum.com.tr\/ar\/wp-json\/wp\/v2\/media?parent=622"}],"wp:term":[{"taxonomy":"product_brand","embeddable":true,"href":"https:\/\/tuzlahortum.com.tr\/ar\/wp-json\/wp\/v2\/product_brand?post=622"},{"taxonomy":"product_cat","embeddable":true,"href":"https:\/\/tuzlahortum.com.tr\/ar\/wp-json\/wp\/v2\/product_cat?post=622"},{"taxonomy":"product_tag","embeddable":true,"href":"https:\/\/tuzlahortum.com.tr\/ar\/wp-json\/wp\/v2\/product_tag?post=622"}],"curies":[{"name":"\u062f\u0628\u0644\u064a\u0648 \u0628\u064a","href":"https:\/\/api.w.org\/{rel}","templated":true}]}}