{"id":621,"date":"2019-02-06T23:46:49","date_gmt":"2019-02-06T20:46:49","guid":{"rendered":"http:\/\/hortum.com.tr\/product\/import-placeholder-for-254\/"},"modified":"2024-03-21T17:44:47","modified_gmt":"2024-03-21T14:44:47","slug":"tn-80","status":"publish","type":"product","link":"https:\/\/tuzlahortum.com.tr\/ar\/product\/tn-80\/","title":{"rendered":"TN 80"},"content":{"rendered":"<h2>TN 80<\/h2>\n<div>\u0627\u0644\u0645\u0648\u0627\u062f:<\/div>\n<div>\u062c\u062f\u0627\u0631 \u0627\u0644\u0646\u0633\u064a\u062c: \u0646\u0633\u064a\u062c \u0627\u0644\u0623\u0644\u064a\u0627\u0641 \u0627\u0644\u0632\u062c\u0627\u062c\u064a\u0629 \u0627\u0644\u0645\u0637\u0644\u064a \u0628\u0627\u0644\u0646\u064a\u0648\u0628\u0631\u064a\u0646 \u060c \u0637\u0628\u0642\u0629 \u0648\u0627\u062d\u062f\u0629<\/div>\n<div>\u2022 \u0627\u0644\u0637\u0648\u0644 \u0627\u0644\u0642\u064a\u0627\u0633\u064a: 4 \u0645<\/div>\n<div>\u2022 \u0644\u0648\u0646 \u0623\u0633\u0648\u062f<\/div>\n<div>\u0644\u0648\u0644\u0628 \u062e\u0627\u0631\u062c\u064a: \u0633\u0644\u0643 \u0641\u0648\u0644\u0627\u0630\u064a \u062d\u0644\u0632\u0648\u0646\u064a<\/div>\n<div><\/div>\n<div><div class=\"video video-fit mb\" style=\"padding-top:56.25%;\"><p><iframe loading=\"lazy\" title=\"\u0627\u0631\u062a\u0628\u0627\u0643 \u0627\u0644\u0642\u064a\u0627\u0633 (\u0628\u0648\u0635\u0629\u060c \u0625\u0635\u0628\u0639\u060c \u0636\u0628\u0627\u0628\u060c \u0645\u0644\u0644\u064a\u0645\u062a\u0631)\" width=\"1020\" height=\"574\" src=\"https:\/\/www.youtube.com\/embed\/uKk6AG_AZls?feature=oembed\" frameborder=\"0\" allow=\"accelerometer; autoplay; clipboard-write; encrypted-media; gyroscope; picture-in-picture; web-share\" referrerpolicy=\"strict-origin-when-cross-origin\" allowfullscreen><\/iframe><\/p>\n<\/div><\/div>\n<div><\/div>\n<div>\u062a\u0637\u0628\u064a\u0642\u0627\u062a:<\/div>\n<div>\u2022 \u0641\u064a \u0635\u0646\u0627\u0639\u0629 \u0627\u0644\u0637\u0627\u0626\u0631\u0627\u062a<\/div>\n<div>\u2022 \u0627\u0644\u0645\u0648\u0627\u062f \u0627\u0644\u0633\u0627\u062e\u0646\u0629 \u0627\u0644\u062a\u064a \u062a\u062d\u062a\u0648\u064a \u0639\u0644\u0649 \u0633\u0627\u0626\u0644 \u063a\u0627\u0632\u064a<\/div>\n<div>\u0641\u064a \u0627\u0644\u0646\u0642\u0644<\/div>\n<div>\u2022 \u0641\u064a \u0628\u0646\u0627\u0621 \u0627\u0644\u0645\u0631\u0643\u0628\u0627\u062a<\/div>\n<div>\u2022 \u0641\u064a \u0627\u0644\u0635\u0646\u0627\u0639\u0629 \u0627\u0644\u0643\u064a\u0645\u064a\u0627\u0626\u064a\u0629<\/div>\n<div>\u2022 \u0641\u064a \u0623\u062d\u0648\u0627\u0636 \u0628\u0646\u0627\u0621 \u0627\u0644\u0633\u0641\u0646<\/div>\n<div>\u2022 \u0627\u0644\u0647\u0646\u062f\u0633\u0629 \u0627\u0644\u0639\u0627\u0645\u0629 \u0648\u0628\u0646\u0627\u0621 \u0627\u0644\u0645\u062d\u0631\u0643\u0627\u062a<\/div>\n<div>\u2022 \u0645\u062d\u0637\u0627\u062a \u0627\u0644\u0627\u062d\u062a\u0631\u0627\u0642<\/div>\n<div>\u2022 \u0641\u064a \u0635\u0646\u0627\u0639\u0629 \u0627\u0644\u0628\u0644\u0627\u0633\u062a\u064a\u0643<\/div>\n<div>\u2022 \u0646\u0642\u0644 \u0627\u0644\u0647\u0648\u0627\u0621 \u0627\u0644\u0633\u0627\u062e\u0646 \u0644\u0645\u062c\u0641\u0641\u0627\u062a \u0627\u0644\u062d\u0628\u064a\u0628\u0627\u062a<\/div>\n<div>\u062e\u0631\u0637\u0648\u0645<\/div>\n<div>\u0645\u064a\u0632\u0627\u062a:<\/div>\n<div>\u2022 \u0627\u0646\u062e\u0641\u0627\u0636 \u0646\u0635\u0641 \u0642\u0637\u0631 \u0627\u0644\u0627\u0646\u062d\u0646\u0627\u0621<\/div>\n<div>\u2022 \u0645\u0631\u0646 \u0644\u0644\u063a\u0627\u064a\u0629<\/div>\n<div>\u2022 \u0627\u0644\u062a\u0633\u0637\u064a\u062d \u0627\u0644\u0630\u0627\u062a\u064a \u0639\u0646\u062f \u062a\u062d\u0631\u064a\u0631\u0647\u0627<\/div>\n<div>\u2022 \u0645\u0642\u0627\u0648\u0645\u0629 \u0643\u064a\u0645\u064a\u0627\u0626\u064a\u0629 \u062c\u064a\u062f\u0629<\/div>\n<div>\u2022 \u062e\u0641\u064a\u0641<\/div>\n<div>\u2022 \u0633\u0637\u062d \u062f\u0627\u062e\u0644\u064a \u0623\u0645\u0644\u0633<\/div>\n<div>\u2022 \u0627\u0644\u0627\u0646\u062d\u0646\u0627\u0621 \u0627\u0644\u0645\u062a\u0645\u0627\u062b\u0644<\/div>\n<div>\u2022 \u062c\u062f\u0627\u0631 \u062e\u0631\u0637\u0648\u0645 \u0645\u0628\u0631\u0643\u0646 \u0645\u0633\u062a\u0642\u0631 \u0648<\/div>\n<div>\u0641\u0648\u0644\u0627\u0630 \u062d\u0644\u0632\u0648\u0646\u064a<\/div>","protected":false},"excerpt":{"rendered":"<p>TN 80 MATERYAL: Kuma\u015f Duvar\u0131 : Neoprene kapl\u0131 Cam elyaf kuma\u015f, tek katl\u0131 \u2022 Standart Uzunluk : 4 mt \u2022 Renk : Siyah D\u0131\u015f Spiral : Spiral \u00e7elik tel UYGULAMALAR: \u2022 U\u00e7ak yap\u0131m\u0131nda \u2022 Gaz ak\u0131\u015fkan ihtiva eden s\u0131cak materyallerin ta\u015f\u0131nmas\u0131nda \u2022 Ta\u015f\u0131t yap\u0131m\u0131nda \u2022 Kimya sekt\u00f6r\u00fcnde \u2022 Tersanelerde \u2022 Genel m\u00fchendislik ve motor yap\u0131m\u0131nda [&#8230;]\n","protected":false},"featured_media":6352,"comment_status":"open","ping_status":"closed","template":"","meta":{"jetpack_post_was_ever_published":false},"product_brand":[],"product_cat":[143,145,146],"product_tag":[499,500,498,503,506,454,502,504,501,505],"class_list":{"0":"post-621","1":"product","2":"type-product","3":"status-publish","4":"has-post-thumbnail","6":"product_cat-havacilik-endustrisi-hortumlari","7":"product_cat-isiya-dayanikli-hortumlar","8":"product_cat-kimyasal-hortumlar","9":"product_tag-cam-elyaf-kumas","10":"product_tag-celik-dis-spiral","11":"product_tag-isiya-dayanikli","12":"product_tag-kimya-sektorunde","13":"product_tag-plastik-sanayinde","14":"product_tag-siyah","15":"product_tag-tasit-yapiminda","16":"product_tag-tersanelerde","17":"product_tag-ucak-yapiminda","18":"product_tag-yakma-tesisleri","20":"first","21":"instock","22":"taxable","23":"shipping-taxable","24":"product-type-variable"},"jetpack-related-posts":[],"jetpack_sharing_enabled":true,"jetpack_likes_enabled":true,"_links":{"self":[{"href":"https:\/\/tuzlahortum.com.tr\/ar\/wp-json\/wp\/v2\/product\/621","targetHints":{"allow":["GET"]}}],"collection":[{"href":"https:\/\/tuzlahortum.com.tr\/ar\/wp-json\/wp\/v2\/product"}],"about":[{"href":"https:\/\/tuzlahortum.com.tr\/ar\/wp-json\/wp\/v2\/types\/product"}],"replies":[{"embeddable":true,"href":"https:\/\/tuzlahortum.com.tr\/ar\/wp-json\/wp\/v2\/comments?post=621"}],"wp:featuredmedia":[{"embeddable":true,"href":"https:\/\/tuzlahortum.com.tr\/ar\/wp-json\/wp\/v2\/media\/6352"}],"wp:attachment":[{"href":"https:\/\/tuzlahortum.com.tr\/ar\/wp-json\/wp\/v2\/media?parent=621"}],"wp:term":[{"taxonomy":"product_brand","embeddable":true,"href":"https:\/\/tuzlahortum.com.tr\/ar\/wp-json\/wp\/v2\/product_brand?post=621"},{"taxonomy":"product_cat","embeddable":true,"href":"https:\/\/tuzlahortum.com.tr\/ar\/wp-json\/wp\/v2\/product_cat?post=621"},{"taxonomy":"product_tag","embeddable":true,"href":"https:\/\/tuzlahortum.com.tr\/ar\/wp-json\/wp\/v2\/product_tag?post=621"}],"curies":[{"name":"\u062f\u0628\u0644\u064a\u0648 \u0628\u064a","href":"https:\/\/api.w.org\/{rel}","templated":true}]}}