{"id":619,"date":"2019-02-06T23:46:49","date_gmt":"2019-02-06T20:46:49","guid":{"rendered":"http:\/\/hortum.com.tr\/product\/import-placeholder-for-260\/"},"modified":"2024-03-21T17:44:48","modified_gmt":"2024-03-21T14:44:48","slug":"tc-06","status":"publish","type":"product","link":"https:\/\/tuzlahortum.com.tr\/ar\/product\/tc-06\/","title":{"rendered":"TC 06"},"content":{"rendered":"<h2>TC 06<\/h2>\n<div>\u0627\u0644\u0645\u0648\u0627\u062f:<\/div>\n<div>\u062c\u062f\u0627\u0631 \u0642\u0645\u0627\u0634\u064a: 170 \u0645\u064a\u0643\u0631\u0648\u0646 \u0623\u0644\u0648\u0645\u0646\u064a\u0648\u0645 + \u0628\u0648\u0644\u064a \u0643\u0644\u0648\u0631\u064a\u062f \u0627\u0644\u0641\u064a\u0646\u064a\u0644<\/div>\n<div>\u2022 \u0627\u0644\u0637\u0648\u0644 \u0627\u0644\u0642\u064a\u0627\u0633\u064a: 10 \u0645.<\/div>\n<div>\u2022 \u0627\u0644\u062a\u0633\u0627\u0631\u0639: 30 \u0645 \/ \u062b (\u0643\u062d\u062f \u0623\u0642\u0635\u0649)<\/div>\n<div>\u2022 \u0636\u063a\u0637 \u0627\u0644\u0639\u0645\u0644: 3000 \u0628\u0627\u0633\u0643\u0627\u0644 (\u062d\u062f \u0623\u0642\u0635\u0649)<\/div>\n<div>\u2022 \u0644\u0648\u0646 \u0623\u0633\u0648\u062f<\/div>\n<div>\u0627\u0644\u0644\u0648\u0644\u0628 \u0627\u0644\u062e\u0627\u0631\u062c\u064a: \u0641\u0648\u0644\u0627\u0630 \u062d\u0644\u0632\u0648\u0646\u064a<\/div>\n<div><\/div>\n<div><div class=\"video video-fit mb\" style=\"padding-top:56.25%;\"><p><iframe loading=\"lazy\" title=\"\u0627\u0631\u062a\u0628\u0627\u0643 \u0627\u0644\u0642\u064a\u0627\u0633 (\u0628\u0648\u0635\u0629\u060c \u0625\u0635\u0628\u0639\u060c \u0636\u0628\u0627\u0628\u060c \u0645\u0644\u0644\u064a\u0645\u062a\u0631)\" width=\"1020\" height=\"574\" src=\"https:\/\/www.youtube.com\/embed\/uKk6AG_AZls?feature=oembed\" frameborder=\"0\" allow=\"accelerometer; autoplay; clipboard-write; encrypted-media; gyroscope; picture-in-picture; web-share\" referrerpolicy=\"strict-origin-when-cross-origin\" allowfullscreen><\/iframe><\/p>\n<\/div><\/div>\n<div><\/div>\n<div>\u062a\u0637\u0628\u064a\u0642\u0627\u062a:<\/div>\n<div>\u2022 \u062e\u0637\u0648\u0637 \u0634\u0641\u0637 \u0627\u0644\u0644\u062d\u0627\u0645<\/div>\n<div>\u2022 \u0635\u0639\u0648\u0628\u0629 \u0625\u0634\u0639\u0627\u0644 \u0627\u0644\u062e\u0631\u0627\u0637\u064a\u0645 \u0641\u064a \u062e\u0637\u0648\u0637 \u0627\u0644\u0634\u0641\u0637<\/div>\n<div>\u0639\u0646\u062f \u0627\u0644\u062d\u0627\u062c\u0629<\/div>\n<div>\u2022 \u0625\u062e\u0644\u0627\u0621 \u0628\u0627\u0644\u0628\u062e\u0627\u0631<\/div>\n<div>\u2022 \u062a\u0637\u0628\u064a\u0642\u0627\u062a \u0627\u0644\u062a\u0643\u064a\u064a\u0641 \u0648\u0627\u0644\u062a\u0647\u0648\u064a\u0629<\/div>\n<div>\u0641\u064a \u0627\u0644\u0623\u0646\u0638\u0645\u0629<\/div>\n<div>\u0645\u064a\u0632\u0627\u062a:<\/div>\n<div>\u2022 \u0642\u0627\u0628\u0644 \u0644\u0644\u0636\u063a\u0637 \u0628\u0646\u0633\u0628\u0629 1: 5<\/div>\n<div>\u2022 \u0645\u0631\u0646 \u0644\u0644\u063a\u0627\u064a\u0629.<\/div>\n<div>\u2022 \u0641\u0626\u0629 \u0627\u0644\u0646\u0627\u0631 DIN 4102 B2<\/div>\n<div>\u2022 \u0627\u0646\u062e\u0641\u0627\u0636 \u0646\u0635\u0641 \u0642\u0637\u0631 \u0627\u0644\u0627\u0646\u062d\u0646\u0627\u0621<\/div>\n<div>\u2022 \u062e\u0641\u064a\u0641\u0629 \u0627\u0644\u0648\u0632\u0646 \u0644\u0644\u063a\u0627\u064a\u0629.<\/div>\n<div>\u2022 \u0644\u0648\u0644\u0628\u064a\u0629 \u0645\u0642\u0648\u0627\u0629 \u0628\u0646\u0627\u0628\u0636 \u0641\u0648\u0644\u0627\u0630\u064a.<\/div>","protected":false},"excerpt":{"rendered":"<p>TC 06 MATERYAL: Kuma\u015f Duvar\u0131 : 170 mikron Aluminum+PVC \u2022 Standart Uzunluk : 10 mt. \u2022 \u0130vme : 30 m\/s (max) \u2022 \u00c7al\u0131\u015fma Bas\u0131nc\u0131 : 3000 Pa (max) \u2022 Renk : Siyah D\u0131\u015f Spiral : Helisel \u00c7elik UYGULAMALAR: \u2022 \u00a0Kaynak emi\u015f hatlar\u0131 \u2022 \u00a0Emi\u015f hatlar\u0131nda, hortumlar\u0131n zor alev almas\u0131 gerekti\u011fi yerlerde \u2022 Buhar tahliyesi \u2022 [&#8230;]\n","protected":false},"featured_media":6344,"comment_status":"open","ping_status":"closed","template":"","meta":{"jetpack_post_was_ever_published":false},"product_brand":[],"product_cat":[145],"product_tag":[493,495,497,492,498,496,494,454],"class_list":{"0":"post-619","1":"product","2":"type-product","3":"status-publish","4":"has-post-thumbnail","6":"product_cat-isiya-dayanikli-hortumlar","7":"product_tag-170-mikron-aluminumpvc","8":"product_tag-buhar-tahliyesi","9":"product_tag-calisma-basinci-3000-pa-max","10":"product_tag-helisel-celik-dis-spiral","11":"product_tag-isiya-dayanikli","12":"product_tag-kaynak-emis-hatlari","13":"product_tag-klima-ve-havalandirma-sistemleri","14":"product_tag-siyah","16":"first","17":"instock","18":"taxable","19":"shipping-taxable","20":"product-type-variable"},"jetpack-related-posts":[],"jetpack_sharing_enabled":true,"jetpack_likes_enabled":true,"_links":{"self":[{"href":"https:\/\/tuzlahortum.com.tr\/ar\/wp-json\/wp\/v2\/product\/619","targetHints":{"allow":["GET"]}}],"collection":[{"href":"https:\/\/tuzlahortum.com.tr\/ar\/wp-json\/wp\/v2\/product"}],"about":[{"href":"https:\/\/tuzlahortum.com.tr\/ar\/wp-json\/wp\/v2\/types\/product"}],"replies":[{"embeddable":true,"href":"https:\/\/tuzlahortum.com.tr\/ar\/wp-json\/wp\/v2\/comments?post=619"}],"wp:featuredmedia":[{"embeddable":true,"href":"https:\/\/tuzlahortum.com.tr\/ar\/wp-json\/wp\/v2\/media\/6344"}],"wp:attachment":[{"href":"https:\/\/tuzlahortum.com.tr\/ar\/wp-json\/wp\/v2\/media?parent=619"}],"wp:term":[{"taxonomy":"product_brand","embeddable":true,"href":"https:\/\/tuzlahortum.com.tr\/ar\/wp-json\/wp\/v2\/product_brand?post=619"},{"taxonomy":"product_cat","embeddable":true,"href":"https:\/\/tuzlahortum.com.tr\/ar\/wp-json\/wp\/v2\/product_cat?post=619"},{"taxonomy":"product_tag","embeddable":true,"href":"https:\/\/tuzlahortum.com.tr\/ar\/wp-json\/wp\/v2\/product_tag?post=619"}],"curies":[{"name":"\u062f\u0628\u0644\u064a\u0648 \u0628\u064a","href":"https:\/\/api.w.org\/{rel}","templated":true}]}}