{"id":616,"date":"2019-02-06T23:46:48","date_gmt":"2019-02-06T20:46:48","guid":{"rendered":"http:\/\/hortum.com.tr\/product\/import-placeholder-for-242\/"},"modified":"2024-03-21T17:44:49","modified_gmt":"2024-03-21T14:44:49","slug":"tc-02as","status":"publish","type":"product","link":"https:\/\/tuzlahortum.com.tr\/ar\/product\/tc-02as\/","title":{"rendered":"TC 02AS"},"content":{"rendered":"<h2>TC 02AS<\/h2>\n<p>\u0627\u0644\u0645\u0648\u0627\u062f:<br \/>\n\u062c\u062f\u0627\u0631 \u0627\u0644\u0646\u0633\u064a\u062c: \u0645\u0636\u0627\u062f \u0644\u0644\u0643\u0647\u0631\u0628\u0627\u0621 \u0627\u0644\u0633\u0627\u0643\u0646\u0629 \u2264 10 ^ 8 \u0623\u0648\u0645<br \/>\n\u2022 \u0627\u0644\u0648\u0632\u0646: 570 \u062c\u0631\u0627\u0645 \/ \u0645 2<br \/>\nDIN EN ISO 2286-2<br \/>\n\u2022 \u0642\u0648\u0629 \u0627\u0644\u0634\u062f: 2200\/2200 \u0646\u064a\u0648\u062a\u0646 \/ 5 \u0633\u0645<br \/>\n\u2022 \u0642\u0648\u0629 \u0627\u0644\u062a\u0645\u0632\u0642: 310\/350 \u0646\u064a\u0648\u062a\u0646<br \/>\n\u2022 \u0633\u0645\u0627\u0643\u0629 \u0627\u0644\u0648\u0635\u0644\u0629: 0.55 \u0645\u0645<br \/>\n\u2022 \u0644\u0648\u0646 \u0623\u0633\u0648\u062f<br \/>\n\u0627\u0644\u0644\u0648\u0644\u0628 \u0627\u0644\u062e\u0627\u0631\u062c\u064a: \u0627\u0644\u0641\u0648\u0644\u0627\u0630 \u0627\u0644\u0645\u062c\u0644\u0641\u0646<\/p>\n<div class=\"video video-fit mb\" style=\"padding-top:56.25%;\"><p><iframe loading=\"lazy\" title=\"\u0627\u0631\u062a\u0628\u0627\u0643 \u0627\u0644\u0642\u064a\u0627\u0633 (\u0628\u0648\u0635\u0629\u060c \u0625\u0635\u0628\u0639\u060c \u0636\u0628\u0627\u0628\u060c \u0645\u0644\u0644\u064a\u0645\u062a\u0631)\" width=\"1020\" height=\"574\" src=\"https:\/\/www.youtube.com\/embed\/uKk6AG_AZls?feature=oembed\" frameborder=\"0\" allow=\"accelerometer; autoplay; clipboard-write; encrypted-media; gyroscope; picture-in-picture; web-share\" referrerpolicy=\"strict-origin-when-cross-origin\" allowfullscreen><\/iframe><\/p>\n<\/div>\n<p>\u062a\u0637\u0628\u064a\u0642\u0627\u062a:<br \/>\n\u2022 \u0641\u064a \u0627\u0644\u0641\u0631\u0627\u063a \u0648\u062a\u0641\u0631\u064a\u063a \u0627\u0644\u0647\u0648\u0627\u0621<br \/>\n\u2022 \u0627\u0644\u062a\u0643\u064a\u064a\u0641 \u0648\u0627\u0644\u062a\u0647\u0648\u064a\u0629<br \/>\n\u2022 \u0641\u064a \u062a\u0637\u0628\u064a\u0642\u0627\u062a \u0627\u0644\u0636\u063a\u0637 \u0627\u0644\u0645\u0646\u062e\u0641\u0636<br \/>\n\u2022 \u0641\u064a \u0646\u0642\u0644 \u0627\u0644\u0639\u0627\u062f\u0645<br \/>\n\u2022 \u062d\u064a\u062b \u062a\u062a\u0637\u0644\u0628 \u0634\u0631\u0648\u0637 \u0623\u0645\u0646\u064a\u0629 \u0645\u0634\u062f\u062f\u0629<br \/>\n\u0645\u064a\u0632\u0627\u062a:<br \/>\n\u2022 \u0645\u062a\u064a\u0646<br \/>\n\u2022 \u0627\u0646\u062e\u0641\u0627\u0636 \u0646\u0635\u0641 \u0642\u0637\u0631 \u0627\u0644\u0627\u0646\u062d\u0646\u0627\u0621<br \/>\n\u2022 \u0627\u0644\u0627\u0633\u062a\u0627\u062a\u064a\u0643\u064a\u0647 \u2264 10<br \/>\n8 \u0623\u0648\u0645<br \/>\n\u2022 \u0645\u0631\u0646 \u0644\u0644\u063a\u0627\u064a\u0629<br \/>\n\u2022 \u0645\u0642\u0627\u0648\u0645\u0629 \u0644\u0644\u062a\u0623\u062b\u064a\u0631\u0627\u062a \u0627\u0644\u0645\u064a\u0643\u0627\u0646\u064a\u0643\u064a\u0629 \u0648\u0627\u0644\u062a\u0645\u0632\u0642<br \/>\n\u2022 \u0637\u0631\u064a\u0642\u0629 \u0631\u0628\u0637 \u062e\u0627\u0635\u0629 \u062a\u0633\u0645\u062d \u0644\u0644\u062e\u0631\u0637\u0648\u0645 \u0628\u0623\u0646 \u064a\u0643\u0648\u0646 \u062d\u0644\u0632\u0648\u0646\u064a\u064b\u0627 \u0648<br \/>\n\u0628\u0625\u062d\u0643\u0627\u0645 \u0627\u0644\u0646\u0633\u064a\u062c.<br \/>\n\u064a\u0636\u0645\u0646 \u0627\u0644\u0642\u0641\u0644.<br \/>\n\u2022 \u062e\u0641\u064a\u0641<br \/>\n\u2022 \u0642\u0627\u0628\u0644 \u0644\u0644\u0636\u063a\u0637 \u0628\u0646\u0633\u0628\u0629 1: 6<br \/>\n\u2022 \u062d\u0644\u0632\u0648\u0646\u064a \u062e\u0627\u0631\u062c\u064a \u064a\u062d\u0645\u064a \u0645\u0646 \u0627\u0644\u062a\u0622\u0643\u0644<\/p>","protected":false},"excerpt":{"rendered":"<p>TC 02AS MATERYAL: Kuma\u015f Duvar : Antistatik \u2264 10^8Ohm \u2022 A\u011f\u0131rl\u0131k : 570 gr\/m2 DIN EN ISO 2286-2 \u2022 \u00c7ekme Dayan\u0131m\u0131 : 2200 \/ 2200 N\/5 cm \u2022 Y\u0131rt\u0131lma Dayan\u0131m\u0131 : 310 \/ 350 N \u2022 Ek Kal\u0131nl\u0131\u011f\u0131 : 0,55 mm \u2022 Renk : Siyah D\u0131\u015f Spiral : Galvaniz \u00c7elik UYGULAMALAR: \u2022 Vakum ve havan\u0131n [&#8230;]\n","protected":false},"featured_media":6341,"comment_status":"open","ping_status":"closed","template":"","meta":[],"product_brand":[],"product_cat":[143,144,151],"product_tag":[483,481,482,454],"class_list":{"0":"post-616","1":"product","2":"type-product","3":"status-publish","4":"has-post-thumbnail","6":"product_cat-havacilik-endustrisi-hortumlari","7":"product_cat-havalandirma-ve-kaynak-hortumlari","8":"product_cat-tunel-kanali-havalandirma-hortumlari","9":"product_tag-egzos-transferinde","10":"product_tag-galvaniz-celik-dis-spiral","11":"product_tag-klima-ve-havalandirma","12":"product_tag-siyah","14":"first","15":"instock","16":"taxable","17":"shipping-taxable","18":"product-type-variable"},"jetpack-related-posts":[{"id":879,"url":"https:\/\/tuzlahortum.com.tr\/ar\/product\/tc-24as\/","url_meta":{"origin":616,"position":0},"title":"TC 24AS","author":"admin","date":"6 \u0641\u0628\u0631\u0627\u064a\u0631 2019","format":false,"excerpt":"TC 24AS MATERYAL: Kuma\u015f Duvar\u0131: PTFE lamine cam Elyaf kuma\u015f \u2022 A\u011f\u0131rl\u0131k : 155-270 gr\/m2 \u2022 \u00c7ekme Dayan\u0131m\u0131 : 800 N\/5 cm 1200 N\/5 cm \u2022 Ek Kal\u0131nl\u0131\u011f\u0131 : 0.08 - 0.25 mm \u2022 Renk : Siyah D\u0131\u015f Spiral : Galvaniz \u00c7elik UYGULAMALAR: \u2022 Boyahanelerde \u2022 \u0130la\u00e7 end\u00fcstrisi \u2022 Elektrik\u2026","rel":"","context":"\u062a\u062f\u0648\u064a\u0646\u0629 \u0645\u0634\u0627\u0628\u0647\u0629","block_context":{"text":"\u062a\u062f\u0648\u064a\u0646\u0629 \u0645\u0634\u0627\u0628\u0647\u0629","link":""},"img":{"alt_text":"","src":"https:\/\/i0.wp.com\/tuzlahortum.com.tr\/wp-content\/uploads\/2019\/03\/TC-24AS.jpg?fit=600%2C450&ssl=1&resize=350%2C200","width":350,"height":200,"srcset":"https:\/\/i0.wp.com\/tuzlahortum.com.tr\/wp-content\/uploads\/2019\/03\/TC-24AS.jpg?fit=600%2C450&ssl=1&resize=350%2C200 1x, https:\/\/i0.wp.com\/tuzlahortum.com.tr\/wp-content\/uploads\/2019\/03\/TC-24AS.jpg?fit=600%2C450&ssl=1&resize=525%2C300 1.5x"},"classes":[]},{"id":614,"url":"https:\/\/tuzlahortum.com.tr\/ar\/product\/tc-01fr\/","url_meta":{"origin":616,"position":1},"title":"TC 01FR","author":"admin","date":"6 \u0641\u0628\u0631\u0627\u064a\u0631 2019","format":false,"excerpt":"TC 01FRMATERYAL: Kuma\u015f Duvar\u0131 : PVC Kapl\u0131 Kuma\u015f, Alev Y\u00fcr\u00fcmez \u00d6zellikte \u2022 A\u011f\u0131rl\u0131k : 430 gr\/m2 \u2022 \u00c7ekme Dayan\u0131m\u0131 : 100\/100 kg.F \u2022 Y\u0131rt\u0131lma Dayan\u0131m\u0131 : 5\/6 kg.F \u2022 Renk : Sar\u0131 - Siyah - Gri D\u0131\u015f Spiral : Galvaniz \u00c7elik UYGULAMALAR: \u2022 Klima \u2022 Havaland\u0131rma \u2022 Emi\u015f uygulamas\u0131 \u2022\u2026","rel":"","context":"\u062a\u062f\u0648\u064a\u0646\u0629 \u0645\u0634\u0627\u0628\u0647\u0629","block_context":{"text":"\u062a\u062f\u0648\u064a\u0646\u0629 \u0645\u0634\u0627\u0628\u0647\u0629","link":""},"img":{"alt_text":"","src":"https:\/\/i0.wp.com\/tuzlahortum.com.tr\/wp-content\/uploads\/2019\/03\/TC-02FR-01FR-TC25.jpg?fit=600%2C450&ssl=1&resize=350%2C200","width":350,"height":200,"srcset":"https:\/\/i0.wp.com\/tuzlahortum.com.tr\/wp-content\/uploads\/2019\/03\/TC-02FR-01FR-TC25.jpg?fit=600%2C450&ssl=1&resize=350%2C200 1x, https:\/\/i0.wp.com\/tuzlahortum.com.tr\/wp-content\/uploads\/2019\/03\/TC-02FR-01FR-TC25.jpg?fit=600%2C450&ssl=1&resize=525%2C300 1.5x"},"classes":[]},{"id":668,"url":"https:\/\/tuzlahortum.com.tr\/ar\/product\/tc-25\/","url_meta":{"origin":616,"position":2},"title":"TC 25","author":"admin","date":"6 \u0641\u0628\u0631\u0627\u064a\u0631 2019","format":false,"excerpt":"TC 25MATERYAL: Hortum duvar\u0131 : PVC Kapl\u0131 Kuma\u015f \u2022 A\u011f\u0131rl\u0131k : 850 gr\/m2 \u2022 \u00c7ekme dayan\u0131m\u0131 : 320 \/ 300 kg.F \u2022 Y\u0131rt\u0131lma dayan\u0131m\u0131 : 37 \/ 45 kg.F \u2022 Kal\u0131nl\u0131k : 0.65 mm \u2022 Renk : Sar\u0131 - Gri \u2022 Su Ge\u00e7irgenli\u011fi : 2000 mmWG D\u0131\u015f Spiral : Galvaniz\u2026","rel":"","context":"\u062a\u062f\u0648\u064a\u0646\u0629 \u0645\u0634\u0627\u0628\u0647\u0629","block_context":{"text":"\u062a\u062f\u0648\u064a\u0646\u0629 \u0645\u0634\u0627\u0628\u0647\u0629","link":""},"img":{"alt_text":"","src":"https:\/\/i0.wp.com\/tuzlahortum.com.tr\/wp-content\/uploads\/2019\/03\/TC-02FR-01FR-TC25.jpg?fit=600%2C450&ssl=1&resize=350%2C200","width":350,"height":200,"srcset":"https:\/\/i0.wp.com\/tuzlahortum.com.tr\/wp-content\/uploads\/2019\/03\/TC-02FR-01FR-TC25.jpg?fit=600%2C450&ssl=1&resize=350%2C200 1x, https:\/\/i0.wp.com\/tuzlahortum.com.tr\/wp-content\/uploads\/2019\/03\/TC-02FR-01FR-TC25.jpg?fit=600%2C450&ssl=1&resize=525%2C300 1.5x"},"classes":[]},{"id":691,"url":"https:\/\/tuzlahortum.com.tr\/ar\/product\/tc-24\/","url_meta":{"origin":616,"position":3},"title":"TC 24","author":"admin","date":"6 \u0641\u0628\u0631\u0627\u064a\u0631 2019","format":false,"excerpt":"TC 24MATERYAL: Hortum Cidar\u0131 : PTFE (Teflon) Kapl\u0131 kuma\u015f \u2022 A\u011f\u0131rl\u0131k : 155 - 270 gr\/m2 \u00c7apa g\u00f6re de\u011fi\u015fmektedir \u2022 \u00c7ekme dayan\u0131m\u0131 : Warp: 800 N\/5cm, Weft: 1200 N\/5cm \u2022 Renk : Gri D\u0131\u015f Spiaral : Galvaniz \u00e7elik UYGULAMALAR: \u2022 S\u0131cak hava transferi \u2022 Egzoz transferi \u2022 Savunma sanayi \u0131s\u0131\u2026","rel":"","context":"\u062a\u062f\u0648\u064a\u0646\u0629 \u0645\u0634\u0627\u0628\u0647\u0629","block_context":{"text":"\u062a\u062f\u0648\u064a\u0646\u0629 \u0645\u0634\u0627\u0628\u0647\u0629","link":""},"img":{"alt_text":"","src":"https:\/\/i0.wp.com\/tuzlahortum.com.tr\/wp-content\/uploads\/2019\/03\/TC-24.jpg?fit=600%2C450&ssl=1&resize=350%2C200","width":350,"height":200,"srcset":"https:\/\/i0.wp.com\/tuzlahortum.com.tr\/wp-content\/uploads\/2019\/03\/TC-24.jpg?fit=600%2C450&ssl=1&resize=350%2C200 1x, https:\/\/i0.wp.com\/tuzlahortum.com.tr\/wp-content\/uploads\/2019\/03\/TC-24.jpg?fit=600%2C450&ssl=1&resize=525%2C300 1.5x"},"classes":[]},{"id":667,"url":"https:\/\/tuzlahortum.com.tr\/ar\/product\/tc-10\/","url_meta":{"origin":616,"position":4},"title":"TC 10","author":"admin","date":"6 \u0641\u0628\u0631\u0627\u064a\u0631 2019","format":false,"excerpt":"TC 10MATERYAL: Kuma\u015f duvar\u0131 : PVC Kapl\u0131 Canvas \u2022 A\u011f\u0131rl\u0131k : 600 gr\/m2 \u2022 \u00c7ekme Dayan\u0131m\u0131 : 150 \/ 75 kg \/ 5cm \u2022 Ek Kal\u0131nl\u0131\u011f\u0131 : 0,90 mm \u2022 Renk : Siyah D\u0131\u015f Spiral : Galvaniz \u00c7elik UYGULAMALAR: \u2022 S\u0131cak hava transferi \u2022 G\u0131da tanelerinin tahliyesinde \u2022 D\u00fc\u015f\u00fck bas\u0131n\u00e7l\u0131\u2026","rel":"","context":"\u062a\u062f\u0648\u064a\u0646\u0629 \u0645\u0634\u0627\u0628\u0647\u0629","block_context":{"text":"\u062a\u062f\u0648\u064a\u0646\u0629 \u0645\u0634\u0627\u0628\u0647\u0629","link":""},"img":{"alt_text":"","src":"https:\/\/i0.wp.com\/tuzlahortum.com.tr\/wp-content\/uploads\/2019\/03\/TC-10.jpg?fit=600%2C450&ssl=1&resize=350%2C200","width":350,"height":200,"srcset":"https:\/\/i0.wp.com\/tuzlahortum.com.tr\/wp-content\/uploads\/2019\/03\/TC-10.jpg?fit=600%2C450&ssl=1&resize=350%2C200 1x, https:\/\/i0.wp.com\/tuzlahortum.com.tr\/wp-content\/uploads\/2019\/03\/TC-10.jpg?fit=600%2C450&ssl=1&resize=525%2C300 1.5x"},"classes":[]},{"id":687,"url":"https:\/\/tuzlahortum.com.tr\/ar\/product\/tc-04\/","url_meta":{"origin":616,"position":5},"title":"TC 04","author":"admin","date":"6 \u0641\u0628\u0631\u0627\u064a\u0631 2019","format":false,"excerpt":"TC 04MATERYAL: Hortum Duvar\u0131 : Silikon kapl\u0131 E-Camelyaf kuma\u015f \u2022 A\u011f\u0131rl\u0131k : 590 gr\/m2 \u2022 \u00c7ek. dayan\u0131m\u0131 : Warp 4277 N\/5cm, Weft 2757 N\/5cm \u2022 Kal\u0131nl\u0131k : 0.45 mm \u2022 Renk : Gri \u2022 Kaplama : \u00c7ift tarafl\u0131 80\/80 gr\/m2 gri silikon \u2022 Alev s\u0131n\u0131f\u0131 : DIN 66083, TNO 3883\u2026","rel":"","context":"\u062a\u062f\u0648\u064a\u0646\u0629 \u0645\u0634\u0627\u0628\u0647\u0629","block_context":{"text":"\u062a\u062f\u0648\u064a\u0646\u0629 \u0645\u0634\u0627\u0628\u0647\u0629","link":""},"img":{"alt_text":"","src":"https:\/\/i0.wp.com\/tuzlahortum.com.tr\/wp-content\/uploads\/2019\/03\/TC-04.jpg?fit=600%2C450&ssl=1&resize=350%2C200","width":350,"height":200,"srcset":"https:\/\/i0.wp.com\/tuzlahortum.com.tr\/wp-content\/uploads\/2019\/03\/TC-04.jpg?fit=600%2C450&ssl=1&resize=350%2C200 1x, https:\/\/i0.wp.com\/tuzlahortum.com.tr\/wp-content\/uploads\/2019\/03\/TC-04.jpg?fit=600%2C450&ssl=1&resize=525%2C300 1.5x"},"classes":[]}],"jetpack_sharing_enabled":true,"jetpack_likes_enabled":true,"_links":{"self":[{"href":"https:\/\/tuzlahortum.com.tr\/ar\/wp-json\/wp\/v2\/product\/616","targetHints":{"allow":["GET"]}}],"collection":[{"href":"https:\/\/tuzlahortum.com.tr\/ar\/wp-json\/wp\/v2\/product"}],"about":[{"href":"https:\/\/tuzlahortum.com.tr\/ar\/wp-json\/wp\/v2\/types\/product"}],"replies":[{"embeddable":true,"href":"https:\/\/tuzlahortum.com.tr\/ar\/wp-json\/wp\/v2\/comments?post=616"}],"wp:featuredmedia":[{"embeddable":true,"href":"https:\/\/tuzlahortum.com.tr\/ar\/wp-json\/wp\/v2\/media\/6341"}],"wp:attachment":[{"href":"https:\/\/tuzlahortum.com.tr\/ar\/wp-json\/wp\/v2\/media?parent=616"}],"wp:term":[{"taxonomy":"product_brand","embeddable":true,"href":"https:\/\/tuzlahortum.com.tr\/ar\/wp-json\/wp\/v2\/product_brand?post=616"},{"taxonomy":"product_cat","embeddable":true,"href":"https:\/\/tuzlahortum.com.tr\/ar\/wp-json\/wp\/v2\/product_cat?post=616"},{"taxonomy":"product_tag","embeddable":true,"href":"https:\/\/tuzlahortum.com.tr\/ar\/wp-json\/wp\/v2\/product_tag?post=616"}],"curies":[{"name":"\u062f\u0628\u0644\u064a\u0648 \u0628\u064a","href":"https:\/\/api.w.org\/{rel}","templated":true}]}}