{"id":610,"date":"2019-02-06T23:46:47","date_gmt":"2019-02-06T20:46:47","guid":{"rendered":"http:\/\/hortum.com.tr\/product\/import-placeholder-for-299\/"},"modified":"2024-03-21T17:44:53","modified_gmt":"2024-03-21T14:44:53","slug":"sari-te","status":"publish","type":"product","link":"https:\/\/tuzlahortum.com.tr\/ar\/product\/sari-te\/","title":{"rendered":"\u0646\u0642\u0637\u0629 \u0627\u0644\u0625\u0646\u0637\u0644\u0627\u0642 \u0627\u0644\u0635\u0641\u0631\u0627\u0621"},"content":{"rendered":"<h2>\u0646\u0642\u0637\u0629 \u0627\u0644\u0625\u0646\u0637\u0644\u0627\u0642 \u0627\u0644\u0635\u0641\u0631\u0627\u0621<\/h2>","protected":false},"excerpt":{"rendered":"<p>\u0646\u0642\u0637\u0629 \u0627\u0644\u0625\u0646\u0637\u0644\u0627\u0642 \u0627\u0644\u0635\u0641\u0631\u0627\u0621<\/p>","protected":false},"featured_media":3836,"comment_status":"open","ping_status":"closed","template":"","meta":{"jetpack_post_was_ever_published":false},"product_brand":[],"product_cat":[99],"product_tag":[465,478],"class_list":{"0":"post-610","1":"product","2":"type-product","3":"status-publish","4":"has-post-thumbnail","6":"product_cat-sari-fittings","7":"product_tag-sari","8":"product_tag-sari-te","10":"first","11":"instock","12":"taxable","13":"shipping-taxable","14":"product-type-variable"},"jetpack-related-posts":[{"id":608,"url":"https:\/\/tuzlahortum.com.tr\/ar\/product\/sari-hortum-te\/","url_meta":{"origin":610,"position":0},"title":"\u062e\u0631\u0637\u0648\u0645 \u0623\u0635\u0641\u0631 \u062a\u064a \u0634\u064a\u0631\u062a","author":"admin","date":"6 \u0641\u0628\u0631\u0627\u064a\u0631 2019","format":false,"excerpt":"\u062e\u0631\u0637\u0648\u0645 \u0623\u0635\u0641\u0631 \u062a\u064a \u0634\u064a\u0631\u062a","rel":"","context":"\u062a\u062f\u0648\u064a\u0646\u0629 \u0645\u0634\u0627\u0628\u0647\u0629","block_context":{"text":"\u062a\u062f\u0648\u064a\u0646\u0629 \u0645\u0634\u0627\u0628\u0647\u0629","link":""},"img":{"alt_text":"","src":"https:\/\/i0.wp.com\/tuzlahortum.com.tr\/wp-content\/uploads\/2019\/02\/sarihortumte-300x300.jpg?fit=300%2C300&ssl=1&resize=350%2C200","width":350,"height":200},"classes":[]},{"id":818,"url":"https:\/\/tuzlahortum.com.tr\/ar\/product\/plastik-hortum-te\/","url_meta":{"origin":610,"position":1},"title":"\u062e\u0631\u0637\u0648\u0645 \u0628\u0644\u0627\u0633\u062a\u064a\u0643","author":"admin","date":"6 \u0641\u0628\u0631\u0627\u064a\u0631 2019","format":false,"excerpt":"\u062e\u0631\u0637\u0648\u0645 \u0628\u0644\u0627\u0633\u062a\u064a\u0643","rel":"","context":"\u062a\u062f\u0648\u064a\u0646\u0629 \u0645\u0634\u0627\u0628\u0647\u0629","block_context":{"text":"\u062a\u062f\u0648\u064a\u0646\u0629 \u0645\u0634\u0627\u0628\u0647\u0629","link":""},"img":{"alt_text":"","src":"https:\/\/i0.wp.com\/tuzlahortum.com.tr\/wp-content\/uploads\/2019\/02\/PLAST%C4%B0K-HORTUM-TE-300x300.jpg?fit=300%2C300&ssl=1&resize=350%2C200","width":350,"height":200},"classes":[]},{"id":896,"url":"https:\/\/tuzlahortum.com.tr\/ar\/product\/siyah-te\/","url_meta":{"origin":610,"position":2},"title":"\u062a\u064a \u0634\u064a\u0631\u062a \u0623\u0633\u0648\u062f","author":"admin","date":"6 \u0641\u0628\u0631\u0627\u064a\u0631 2019","format":false,"excerpt":"\u062a\u064a \u0634\u064a\u0631\u062a \u0623\u0633\u0648\u062f","rel":"","context":"\u062a\u062f\u0648\u064a\u0646\u0629 \u0645\u0634\u0627\u0628\u0647\u0629","block_context":{"text":"\u062a\u062f\u0648\u064a\u0646\u0629 \u0645\u0634\u0627\u0628\u0647\u0629","link":""},"img":{"alt_text":"","src":"https:\/\/i0.wp.com\/tuzlahortum.com.tr\/wp-content\/uploads\/2019\/02\/Siyah-Te.jpg?fit=600%2C600&ssl=1&resize=350%2C200","width":350,"height":200,"srcset":"https:\/\/i0.wp.com\/tuzlahortum.com.tr\/wp-content\/uploads\/2019\/02\/Siyah-Te.jpg?fit=600%2C600&ssl=1&resize=350%2C200 1x, https:\/\/i0.wp.com\/tuzlahortum.com.tr\/wp-content\/uploads\/2019\/02\/Siyah-Te.jpg?fit=600%2C600&ssl=1&resize=525%2C300 1.5x"},"classes":[]},{"id":3304,"url":"https:\/\/tuzlahortum.com.tr\/ar\/product\/galvaniz-te\/","url_meta":{"origin":610,"position":3},"title":"\u0627\u0644\u0645\u062c\u0644\u0641\u0646 \u0627\u0644\u0645\u062d\u0645\u0644\u0629","author":"\u0130smail \u00c7elik","date":"19 \u0641\u0628\u0631\u0627\u064a\u0631 2019","format":false,"excerpt":"\u0627\u0644\u0645\u062c\u0644\u0641\u0646 \u0627\u0644\u0645\u062d\u0645\u0644\u0629","rel":"","context":"\u062a\u062f\u0648\u064a\u0646\u0629 \u0645\u0634\u0627\u0628\u0647\u0629","block_context":{"text":"\u062a\u062f\u0648\u064a\u0646\u0629 \u0645\u0634\u0627\u0628\u0647\u0629","link":""},"img":{"alt_text":"","src":"https:\/\/i0.wp.com\/tuzlahortum.com.tr\/wp-content\/uploads\/2019\/02\/Galvaniz-Te-1.jpg?fit=600%2C600&ssl=1&resize=350%2C200","width":350,"height":200,"srcset":"https:\/\/i0.wp.com\/tuzlahortum.com.tr\/wp-content\/uploads\/2019\/02\/Galvaniz-Te-1.jpg?fit=600%2C600&ssl=1&resize=350%2C200 1x, https:\/\/i0.wp.com\/tuzlahortum.com.tr\/wp-content\/uploads\/2019\/02\/Galvaniz-Te-1.jpg?fit=600%2C600&ssl=1&resize=525%2C300 1.5x"},"classes":[]},{"id":22004,"url":"https:\/\/tuzlahortum.com.tr\/ar\/product\/soma-17-bar-wp\/","url_meta":{"origin":610,"position":4},"title":"SOMA 17 BAR WP","author":"admin","date":"11 \u0623\u063a\u0633\u0637\u0633 2025","format":false,"excerpt":"\u00a0 \u00dcr\u00fcn Ad\u0131: SOMA 17 BAR WP \u00dcr\u00fcn Kodu: TBF87 Alev Geciktirici ve Antistatik Hortum Kullanim Alan\u0131 : Madencilik end\u00fcstrisi i\u00e7in tasarlanm\u0131\u015f y\u00fcksek teknoloji anti-statik hava ve su temin hortumu. Alt Katman : \u0130letken Siyah PVC Takviye Katman\u0131 : Y\u00fcksek Mukavemetli Polyester Fiber \u0130plik. \u00dcst Katman : A\u015f\u0131nmaya Dayan\u0131kl\u0131 Sar\u0131\u2026","rel":"","context":"\u062a\u062f\u0648\u064a\u0646\u0629 \u0645\u0634\u0627\u0628\u0647\u0629","block_context":{"text":"\u062a\u062f\u0648\u064a\u0646\u0629 \u0645\u0634\u0627\u0628\u0647\u0629","link":""},"img":{"alt_text":"","src":"https:\/\/i0.wp.com\/tuzlahortum.com.tr\/wp-content\/uploads\/2025\/08\/PVC_97.png?fit=449%2C449&ssl=1&resize=350%2C200","width":350,"height":200},"classes":[]},{"id":22814,"url":"https:\/\/tuzlahortum.com.tr\/ar\/product\/soma-21-bar-wp\/","url_meta":{"origin":610,"position":5},"title":"SOMA 21 BAR WP","author":"admin","date":"11 \u0623\u063a\u0633\u0637\u0633 2025","format":false,"excerpt":"\u00a0 \u00dcr\u00fcn Ad\u0131: SOMA 21 BAR WP \u00dcr\u00fcn Kodu: TBF87 Alev Geciktirici ve Antistatik Hortum Kullanim Alan\u0131 : Madencilik end\u00fcstrisi i\u00e7in tasarlanm\u0131\u015f y\u00fcksek teknoloji antistatik hava ve su temin hortumu. Alt Katman : \u0130letken Siyah PVC Takviye Katman\u0131 : Y\u00fcksek Mukavemetli Polyester Fiber \u0130plik. \u00dcst Katman : A\u015f\u0131nmaya Dayan\u0131kl\u0131 Sar\u0131\u2026","rel":"","context":"\u062a\u062f\u0648\u064a\u0646\u0629 \u0645\u0634\u0627\u0628\u0647\u0629","block_context":{"text":"\u062a\u062f\u0648\u064a\u0646\u0629 \u0645\u0634\u0627\u0628\u0647\u0629","link":""},"img":{"alt_text":"","src":"https:\/\/i0.wp.com\/tuzlahortum.com.tr\/wp-content\/uploads\/2025\/08\/PVC_97.png?fit=449%2C449&ssl=1&resize=350%2C200","width":350,"height":200},"classes":[]}],"jetpack_sharing_enabled":true,"jetpack_likes_enabled":true,"_links":{"self":[{"href":"https:\/\/tuzlahortum.com.tr\/ar\/wp-json\/wp\/v2\/product\/610","targetHints":{"allow":["GET"]}}],"collection":[{"href":"https:\/\/tuzlahortum.com.tr\/ar\/wp-json\/wp\/v2\/product"}],"about":[{"href":"https:\/\/tuzlahortum.com.tr\/ar\/wp-json\/wp\/v2\/types\/product"}],"replies":[{"embeddable":true,"href":"https:\/\/tuzlahortum.com.tr\/ar\/wp-json\/wp\/v2\/comments?post=610"}],"wp:featuredmedia":[{"embeddable":true,"href":"https:\/\/tuzlahortum.com.tr\/ar\/wp-json\/wp\/v2\/media\/3836"}],"wp:attachment":[{"href":"https:\/\/tuzlahortum.com.tr\/ar\/wp-json\/wp\/v2\/media?parent=610"}],"wp:term":[{"taxonomy":"product_brand","embeddable":true,"href":"https:\/\/tuzlahortum.com.tr\/ar\/wp-json\/wp\/v2\/product_brand?post=610"},{"taxonomy":"product_cat","embeddable":true,"href":"https:\/\/tuzlahortum.com.tr\/ar\/wp-json\/wp\/v2\/product_cat?post=610"},{"taxonomy":"product_tag","embeddable":true,"href":"https:\/\/tuzlahortum.com.tr\/ar\/wp-json\/wp\/v2\/product_tag?post=610"}],"curies":[{"name":"\u062f\u0628\u0644\u064a\u0648 \u0628\u064a","href":"https:\/\/api.w.org\/{rel}","templated":true}]}}