{"id":604,"date":"2019-02-06T23:46:33","date_gmt":"2019-02-06T20:46:33","guid":{"rendered":"http:\/\/hortum.com.tr\/product\/import-placeholder-for-285\/"},"modified":"2024-03-21T17:44:57","modified_gmt":"2024-03-21T14:44:57","slug":"sari-dirsek","status":"publish","type":"product","link":"https:\/\/tuzlahortum.com.tr\/ar\/product\/sari-dirsek\/","title":{"rendered":"\u0627\u0644\u0643\u0648\u0639 \u0627\u0644\u0623\u0635\u0641\u0631"},"content":{"rendered":"<h2>\u0627\u0644\u0643\u0648\u0639 \u0627\u0644\u0623\u0635\u0641\u0631<\/h2>","protected":false},"excerpt":{"rendered":"<p>\u0627\u0644\u0643\u0648\u0639 \u0627\u0644\u0623\u0635\u0641\u0631<\/p>","protected":false},"featured_media":3831,"comment_status":"open","ping_status":"closed","template":"","meta":[],"product_brand":[],"product_cat":[99],"product_tag":[468,465,469],"class_list":{"0":"post-604","1":"product","2":"type-product","3":"status-publish","4":"has-post-thumbnail","6":"product_cat-sari-fittings","7":"product_tag-dirsek","8":"product_tag-sari","9":"product_tag-sari-dirsek","11":"first","12":"instock","13":"taxable","14":"shipping-taxable","15":"product-type-variable"},"jetpack-related-posts":[{"id":755,"url":"https:\/\/tuzlahortum.com.tr\/ar\/product\/sari-klape\/","url_meta":{"origin":604,"position":0},"title":"\u0631\u0641\u0631\u0641 \u0623\u0635\u0641\u0631","author":"admin","date":"6 \u0641\u0628\u0631\u0627\u064a\u0631 2019","format":false,"excerpt":"Sar\u0131 Klape\u00a0 ISO 9001 Kalite Sistem Sertfikas\u0131. Maksimum ak\u0131\u015fkanl\u0131k i\u00e7in tam ge\u00e7i\u015f. ISO 228 Di\u015fi X Di\u015fi ba\u011flant\u0131. Maksimum g\u00fcvenlik i\u00e7in EPDM O-ring. End\u00fcstriyel, Tesisat ve sulama sistemlerinde kullan\u0131lmak \u00fczere geni\u015f kullan\u0131m alan\u0131. S\u0131cakl\u0131k -10\u00b0C + 50\u00b0C ANMA \u00d6L\u00c7\u00dcS\u00dc G (mm) d (mm) L (mm) 3\/4\" 20 18 90 1\"\u2026","rel":"","context":"\u062a\u062f\u0648\u064a\u0646\u0629 \u0645\u0634\u0627\u0628\u0647\u0629","block_context":{"text":"\u062a\u062f\u0648\u064a\u0646\u0629 \u0645\u0634\u0627\u0628\u0647\u0629","link":""},"img":{"alt_text":"","src":"https:\/\/i0.wp.com\/tuzlahortum.com.tr\/wp-content\/uploads\/2019\/02\/Sar%C4%B1-Klape.jpg?fit=520%2C350&ssl=1&resize=350%2C200","width":350,"height":200},"classes":[]},{"id":825,"url":"https:\/\/tuzlahortum.com.tr\/ar\/product\/v-tipi-sari-verici-hortum-standart\/","url_meta":{"origin":604,"position":1},"title":"\u062e\u0631\u0637\u0648\u0645 \u0627\u0644\u0625\u0631\u0633\u0627\u0644 \u0627\u0644\u0623\u0635\u0641\u0631 \u0645\u0646 \u0627\u0644\u0646\u0648\u0639 V (\u0642\u064a\u0627\u0633\u064a)","author":"admin","date":"6 \u0641\u0628\u0631\u0627\u064a\u0631 2019","format":false,"excerpt":"V Tipi Sar\u0131 Verici Hortum (STANDART)\u00d6zellikler Emici ve verici olarak kullan\u0131labilir. Esnek \u015feffaf PVC, y\u00fcksek mukavemetli, k\u0131r\u0131lmaya kar\u015f\u0131 maksimum dayan\u0131kl\u0131 sert PVC takviyesiyle \u00fcretilmektedir. \u0130\u00e7 ve d\u0131\u015f y\u00fczey d\u00fczd\u00fcr. \u00c7al\u0131\u015fma S\u0131cakl\u0131\u011f\u0131 -5\u00b0C ile +60\u00b0C aras\u0131 Kullan\u0131m Alanlar\u0131 Tar\u0131m, sanayi ve in\u015faat sekt\u00f6r\u00fcnde , pompa emi\u015flerinde, likit ve sair malzeme naklinde\u00a0\u2026","rel":"","context":"\u062a\u062f\u0648\u064a\u0646\u0629 \u0645\u0634\u0627\u0628\u0647\u0629","block_context":{"text":"\u062a\u062f\u0648\u064a\u0646\u0629 \u0645\u0634\u0627\u0628\u0647\u0629","link":""},"img":{"alt_text":"","src":"https:\/\/i0.wp.com\/tuzlahortum.com.tr\/wp-content\/uploads\/urunler\/plastik\/39.jpg?fit=456%2C232&ssl=1&resize=350%2C200","width":350,"height":200},"classes":[]},{"id":865,"url":"https:\/\/tuzlahortum.com.tr\/ar\/product\/v-tipi-sari-verici-hortum-orta-hizmet\/","url_meta":{"origin":604,"position":2},"title":"\u062e\u0631\u0637\u0648\u0645 \u0627\u0644\u0625\u0631\u0633\u0627\u0644 \u0627\u0644\u0623\u0635\u0641\u0631 \u0645\u0646 \u0627\u0644\u0646\u0648\u0639 V (\u0631\u0633\u0648\u0645 \u0645\u062a\u0648\u0633\u0637\u0629)","author":"admin","date":"6 \u0641\u0628\u0631\u0627\u064a\u0631 2019","format":false,"excerpt":"V Tipi Sar\u0131 Verici Hortum (ORTA H\u0130ZMET)\u00d6zellikler Verici olarak kullan\u0131labilir. Esnek \u015feffaf PVC, y\u00fcksek mukavemetli, k\u0131r\u0131lmaya kar\u015f\u0131 maksimum dayan\u0131kl\u0131 sert PVC takviyesiyle \u00fcretilmektedir. \u0130\u00e7 ve d\u0131\u015f y\u00fczeyler d\u00fczd\u00fcr. \u00c7al\u0131\u015fma S\u0131cakl\u0131\u011f\u0131 -5\u00b0C ile +60\u00b0C aras\u0131 Kullan\u0131m Alanlar\u0131 Tar\u0131m, sanayi ve in\u015faat sekt\u00f6r\u00fcnde her t\u00fcrl\u00fc orta hizmetlerde, pompa emi\u015flerinde, likit ve sair\u2026","rel":"","context":"\u062a\u062f\u0648\u064a\u0646\u0629 \u0645\u0634\u0627\u0628\u0647\u0629","block_context":{"text":"\u062a\u062f\u0648\u064a\u0646\u0629 \u0645\u0634\u0627\u0628\u0647\u0629","link":""},"img":{"alt_text":"","src":"https:\/\/i0.wp.com\/tuzlahortum.com.tr\/wp-content\/uploads\/urunler\/plastik\/39.jpg?fit=456%2C232&ssl=1&resize=350%2C200","width":350,"height":200},"classes":[]},{"id":13067,"url":"https:\/\/tuzlahortum.com.tr\/ar\/product\/z-mafsal-1\/","url_meta":{"origin":604,"position":3},"title":"Z \u0627\u0644\u0645\u0634\u062a\u0631\u0643\u0629 1","author":"admin","date":"16 \u0645\u0627\u0631\u0633 2024","format":false,"excerpt":"Z Mafsal 1 Al\u00fcminyum d\u00f6k\u00fcm g\u00f6vdeli dirsek ve pirin\u00e7 nipel kombinasyonu, dayan\u0131kl\u0131l\u0131\u011f\u0131 ve i\u015flevselli\u011fiyle \u00f6ne \u00e7\u0131kar. Bu malzemeler, uzun \u00f6m\u00fcrl\u00fc ve g\u00fcvenilir bir performans sa\u011flar. M\u00fckemmel s\u0131zd\u0131rmazl\u0131k i\u00e7in \u00e7ift O-Ring kullan\u0131l\u0131r. Bu, g\u00fcvenli ve sa\u011flam bir ba\u011flant\u0131 sa\u011flar, b\u00f6ylece s\u0131z\u0131nt\u0131 riskini en aza indirir. Her t\u00fcrl\u00fc akaryak\u0131ta dayan\u0131kl\u0131 teflon yataklama,\u2026","rel":"","context":"\u062a\u062f\u0648\u064a\u0646\u0629 \u0645\u0634\u0627\u0628\u0647\u0629","block_context":{"text":"\u062a\u062f\u0648\u064a\u0646\u0629 \u0645\u0634\u0627\u0628\u0647\u0629","link":""},"img":{"alt_text":"","src":"https:\/\/i0.wp.com\/tuzlahortum.com.tr\/wp-content\/uploads\/2024\/03\/Z_Mafsal_1inch_3.jpg?fit=1200%2C1200&ssl=1&resize=350%2C200","width":350,"height":200,"srcset":"https:\/\/i0.wp.com\/tuzlahortum.com.tr\/wp-content\/uploads\/2024\/03\/Z_Mafsal_1inch_3.jpg?fit=1200%2C1200&ssl=1&resize=350%2C200 1x, https:\/\/i0.wp.com\/tuzlahortum.com.tr\/wp-content\/uploads\/2024\/03\/Z_Mafsal_1inch_3.jpg?fit=1200%2C1200&ssl=1&resize=525%2C300 1.5x, https:\/\/i0.wp.com\/tuzlahortum.com.tr\/wp-content\/uploads\/2024\/03\/Z_Mafsal_1inch_3.jpg?fit=1200%2C1200&ssl=1&resize=700%2C400 2x, https:\/\/i0.wp.com\/tuzlahortum.com.tr\/wp-content\/uploads\/2024\/03\/Z_Mafsal_1inch_3.jpg?fit=1200%2C1200&ssl=1&resize=1050%2C600 3x"},"classes":[]},{"id":13068,"url":"https:\/\/tuzlahortum.com.tr\/ar\/product\/z-mafsal-3-4\/","url_meta":{"origin":604,"position":4},"title":"Z \u0645\u0634\u062a\u0631\u0643 3\/4","author":"admin","date":"16 \u0645\u0627\u0631\u0633 2024","format":false,"excerpt":"Z Mafsal 3\/4 Al\u00fcminyum d\u00f6k\u00fcm g\u00f6vdeli dirsek ve pirin\u00e7 nipel kombinasyonu, dayan\u0131kl\u0131l\u0131\u011f\u0131 ve i\u015flevselli\u011fiyle \u00f6ne \u00e7\u0131kar. Bu malzemeler, uzun \u00f6m\u00fcrl\u00fc ve g\u00fcvenilir bir performans sa\u011flar. M\u00fckemmel s\u0131zd\u0131rmazl\u0131k i\u00e7in \u00e7ift O-Ring kullan\u0131l\u0131r. Bu, g\u00fcvenli ve sa\u011flam bir ba\u011flant\u0131 sa\u011flar, b\u00f6ylece s\u0131z\u0131nt\u0131 riskini en aza indirir. Her t\u00fcrl\u00fc akaryak\u0131ta dayan\u0131kl\u0131 teflon yataklama,\u2026","rel":"","context":"\u062a\u062f\u0648\u064a\u0646\u0629 \u0645\u0634\u0627\u0628\u0647\u0629","block_context":{"text":"\u062a\u062f\u0648\u064a\u0646\u0629 \u0645\u0634\u0627\u0628\u0647\u0629","link":""},"img":{"alt_text":"","src":"https:\/\/i0.wp.com\/tuzlahortum.com.tr\/wp-content\/uploads\/2024\/03\/Z_Mafsal_3-4inch_3.jpg?fit=1200%2C1200&ssl=1&resize=350%2C200","width":350,"height":200,"srcset":"https:\/\/i0.wp.com\/tuzlahortum.com.tr\/wp-content\/uploads\/2024\/03\/Z_Mafsal_3-4inch_3.jpg?fit=1200%2C1200&ssl=1&resize=350%2C200 1x, https:\/\/i0.wp.com\/tuzlahortum.com.tr\/wp-content\/uploads\/2024\/03\/Z_Mafsal_3-4inch_3.jpg?fit=1200%2C1200&ssl=1&resize=525%2C300 1.5x, https:\/\/i0.wp.com\/tuzlahortum.com.tr\/wp-content\/uploads\/2024\/03\/Z_Mafsal_3-4inch_3.jpg?fit=1200%2C1200&ssl=1&resize=700%2C400 2x, https:\/\/i0.wp.com\/tuzlahortum.com.tr\/wp-content\/uploads\/2024\/03\/Z_Mafsal_3-4inch_3.jpg?fit=1200%2C1200&ssl=1&resize=1050%2C600 3x"},"classes":[]},{"id":21989,"url":"https:\/\/tuzlahortum.com.tr\/ar\/product\/eden-silver\/","url_meta":{"origin":604,"position":5},"title":"\u0625\u064a\u062f\u0646 - \u0641\u0636\u064a","author":"admin","date":"11 \u0623\u063a\u0633\u0637\u0633 2025","format":false,"excerpt":"\u00a0 \u00dcr\u00fcn Ad\u0131: EDEN - SILVER \u00dcr\u00fcn Kodu: TBG92 3 Katl\u0131 PVC Bah\u00e7e Kullanim Alan\u0131 : Bah\u00e7ecilik, sulama ve genel su tahliyesi. Hafif, \u015feklini korur, esnek, kullan\u0131m\u0131 kolay, orta hizmet tipi sulama uygulamalar\u0131 i\u00e7in uygundur. Alt Katman : Sar\u0131 Plastik Kapl\u0131 PVC. Takviye Katman\u0131 : Y\u00fcksek Mukavemetli Sentetik Tekstil. \u00dcst\u2026","rel":"","context":"\u062a\u062f\u0648\u064a\u0646\u0629 \u0645\u0634\u0627\u0628\u0647\u0629","block_context":{"text":"\u062a\u062f\u0648\u064a\u0646\u0629 \u0645\u0634\u0627\u0628\u0647\u0629","link":""},"img":{"alt_text":"","src":"https:\/\/i0.wp.com\/tuzlahortum.com.tr\/wp-content\/uploads\/2025\/08\/PVC_91.png?fit=577%2C577&ssl=1&resize=350%2C200","width":350,"height":200,"srcset":"https:\/\/i0.wp.com\/tuzlahortum.com.tr\/wp-content\/uploads\/2025\/08\/PVC_91.png?fit=577%2C577&ssl=1&resize=350%2C200 1x, https:\/\/i0.wp.com\/tuzlahortum.com.tr\/wp-content\/uploads\/2025\/08\/PVC_91.png?fit=577%2C577&ssl=1&resize=525%2C300 1.5x"},"classes":[]}],"jetpack_sharing_enabled":true,"jetpack_likes_enabled":true,"_links":{"self":[{"href":"https:\/\/tuzlahortum.com.tr\/ar\/wp-json\/wp\/v2\/product\/604","targetHints":{"allow":["GET"]}}],"collection":[{"href":"https:\/\/tuzlahortum.com.tr\/ar\/wp-json\/wp\/v2\/product"}],"about":[{"href":"https:\/\/tuzlahortum.com.tr\/ar\/wp-json\/wp\/v2\/types\/product"}],"replies":[{"embeddable":true,"href":"https:\/\/tuzlahortum.com.tr\/ar\/wp-json\/wp\/v2\/comments?post=604"}],"wp:featuredmedia":[{"embeddable":true,"href":"https:\/\/tuzlahortum.com.tr\/ar\/wp-json\/wp\/v2\/media\/3831"}],"wp:attachment":[{"href":"https:\/\/tuzlahortum.com.tr\/ar\/wp-json\/wp\/v2\/media?parent=604"}],"wp:term":[{"taxonomy":"product_brand","embeddable":true,"href":"https:\/\/tuzlahortum.com.tr\/ar\/wp-json\/wp\/v2\/product_brand?post=604"},{"taxonomy":"product_cat","embeddable":true,"href":"https:\/\/tuzlahortum.com.tr\/ar\/wp-json\/wp\/v2\/product_cat?post=604"},{"taxonomy":"product_tag","embeddable":true,"href":"https:\/\/tuzlahortum.com.tr\/ar\/wp-json\/wp\/v2\/product_tag?post=604"}],"curies":[{"name":"\u062f\u0628\u0644\u064a\u0648 \u0628\u064a","href":"https:\/\/api.w.org\/{rel}","templated":true}]}}