{"id":603,"date":"2019-02-06T23:46:32","date_gmt":"2019-02-06T20:46:32","guid":{"rendered":"http:\/\/hortum.com.tr\/product\/import-placeholder-for-286\/"},"modified":"2024-03-21T17:44:58","modified_gmt":"2024-03-21T14:44:58","slug":"sari-disi-hortum-rekoru","status":"publish","type":"product","link":"https:\/\/tuzlahortum.com.tr\/ar\/product\/sari-disi-hortum-rekoru\/","title":{"rendered":"\u062a\u0631\u0643\u064a\u0628 \u062e\u0631\u0637\u0648\u0645 \u0623\u0646\u062b\u0649 \u0623\u0635\u0641\u0631"},"content":{"rendered":"<h2>\u062a\u0631\u0643\u064a\u0628 \u062e\u0631\u0637\u0648\u0645 \u0623\u0646\u062b\u0649 \u0623\u0635\u0641\u0631<\/h2>","protected":false},"excerpt":{"rendered":"<p>\u062a\u0631\u0643\u064a\u0628 \u062e\u0631\u0637\u0648\u0645 \u0623\u0646\u062b\u0649 \u0623\u0635\u0641\u0631<\/p>","protected":false},"featured_media":1382,"comment_status":"open","ping_status":"closed","template":"","meta":{"jetpack_post_was_ever_published":false},"product_brand":[],"product_cat":[99],"product_tag":[252,465,466,467],"class_list":{"0":"post-603","1":"product","2":"type-product","3":"status-publish","4":"has-post-thumbnail","6":"product_cat-sari-fittings","7":"product_tag-rekor","8":"product_tag-sari","9":"product_tag-sari-disi-hortum","10":"product_tag-sari-disi-hortum-rekoru","12":"first","13":"instock","14":"taxable","15":"shipping-taxable","16":"product-type-variable"},"jetpack-related-posts":[{"id":609,"url":"https:\/\/tuzlahortum.com.tr\/ar\/product\/sari-kose-rekor\/","url_meta":{"origin":603,"position":0},"title":"\u0627\u062a\u062d\u0627\u062f \u0627\u0644\u0645\u0628\u0631\u062f \u0628\u0627\u0644\u0632\u0627\u0648\u064a\u0629 \u0627\u0644\u0635\u0641\u0631\u0627\u0621","author":"admin","date":"6 \u0641\u0628\u0631\u0627\u064a\u0631 2019","format":false,"excerpt":"Sar\u0131 K\u00f6\u015fe Radyat\u00f6r RekoruISO 9001 Kalite Sistem Sertfikas\u0131.ISO 228 Di\u015fi X Di\u015fi ba\u011flant\u0131.End\u00fcstriyel, Tesisat ve sulama sistemlerinde kullan\u0131lmak \u00fczere geni\u015f kullan\u0131m alan\u0131.S\u0131cakl\u0131k -10\u00b0C + 120\u00b0C\u00a0\u00a0","rel":"","context":"\u062a\u062f\u0648\u064a\u0646\u0629 \u0645\u0634\u0627\u0628\u0647\u0629","block_context":{"text":"\u062a\u062f\u0648\u064a\u0646\u0629 \u0645\u0634\u0627\u0628\u0647\u0629","link":""},"img":{"alt_text":"","src":"https:\/\/i0.wp.com\/tuzlahortum.com.tr\/wp-content\/uploads\/2019\/02\/Sar%C4%B1-K%C3%B6%C5%9Fe-Radyat%C3%B6r-Rekoru.jpg?fit=520%2C350&ssl=1&resize=350%2C200","width":350,"height":200},"classes":[]},{"id":888,"url":"https:\/\/tuzlahortum.com.tr\/ar\/product\/sari-hortum-rekoru\/","url_meta":{"origin":603,"position":1},"title":"\u0627\u062a\u062d\u0627\u062f \u062e\u0631\u0637\u0648\u0645 \u0623\u0635\u0641\u0631 \u0630\u0643\u0631 (\u0646\u0648\u0639 \u062b\u0642\u064a\u0644)","author":"admin","date":"6 \u0641\u0628\u0631\u0627\u064a\u0631 2019","format":false,"excerpt":"\u0627\u062a\u062d\u0627\u062f \u062e\u0631\u0637\u0648\u0645 \u0623\u0635\u0641\u0631 \u0630\u0643\u0631 (\u0646\u0648\u0639 \u062b\u0642\u064a\u0644)","rel":"","context":"\u062a\u062f\u0648\u064a\u0646\u0629 \u0645\u0634\u0627\u0628\u0647\u0629","block_context":{"text":"\u062a\u062f\u0648\u064a\u0646\u0629 \u0645\u0634\u0627\u0628\u0647\u0629","link":""},"img":{"alt_text":"","src":"https:\/\/i0.wp.com\/tuzlahortum.com.tr\/wp-content\/uploads\/2019\/02\/erkek-hortum-rekoru.jpg?fit=600%2C600&ssl=1&resize=350%2C200","width":350,"height":200,"srcset":"https:\/\/i0.wp.com\/tuzlahortum.com.tr\/wp-content\/uploads\/2019\/02\/erkek-hortum-rekoru.jpg?fit=600%2C600&ssl=1&resize=350%2C200 1x, https:\/\/i0.wp.com\/tuzlahortum.com.tr\/wp-content\/uploads\/2019\/02\/erkek-hortum-rekoru.jpg?fit=600%2C600&ssl=1&resize=525%2C300 1.5x"},"classes":[]},{"id":3579,"url":"https:\/\/tuzlahortum.com.tr\/ar\/product\/sari-hortum-rekoru-erkek-hafif-tip\/","url_meta":{"origin":603,"position":2},"title":"\u0627\u062a\u062d\u0627\u062f \u062e\u0631\u0637\u0648\u0645 \u0623\u0635\u0641\u0631 (\u0646\u0648\u0639 \u062e\u0641\u064a\u0641)","author":"\u0130smail \u00c7elik","date":"20 \u0641\u0628\u0631\u0627\u064a\u0631 2019","format":false,"excerpt":"\u0627\u062a\u062d\u0627\u062f \u062e\u0631\u0637\u0648\u0645 \u0623\u0635\u0641\u0631 (\u0646\u0648\u0639 \u062e\u0641\u064a\u0641)","rel":"","context":"\u062a\u062f\u0648\u064a\u0646\u0629 \u0645\u0634\u0627\u0628\u0647\u0629","block_context":{"text":"\u062a\u062f\u0648\u064a\u0646\u0629 \u0645\u0634\u0627\u0628\u0647\u0629","link":""},"img":{"alt_text":"Sar\u0131 Hortum Rekoru","src":"https:\/\/i0.wp.com\/tuzlahortum.com.tr\/wp-content\/uploads\/2019\/02\/Sar%C4%B1-Hortum-Rekoru.jpg?fit=400%2C300&ssl=1&resize=350%2C200","width":350,"height":200},"classes":[]},{"id":8168,"url":"https:\/\/tuzlahortum.com.tr\/ar\/product\/sari-su-jak-cesitleri-erkek-disigovde-uc\/","url_meta":{"origin":603,"position":3},"title":"\u0623\u0646\u0648\u0627\u0639 \u062c\u0627\u0643 \u0627\u0644\u0645\u0627\u0621 \u0627\u0644\u0623\u0635\u0641\u0631 (\u0630\u0643\u0631 - \u0623\u0646\u062b\u0649 \u060c \u0637\u0631\u0641 \u0627\u0644\u062c\u0633\u0645)","author":"\u0130smail \u00c7elik","date":"15 \u0645\u0627\u0631\u0633 2019","format":false,"excerpt":"\u0623\u0646\u0648\u0627\u0639 \u062c\u0627\u0643 \u0627\u0644\u0645\u0627\u0621 \u0627\u0644\u0623\u0635\u0641\u0631 (\u0630\u0643\u0631 - \u0623\u0646\u062b\u0649 \u060c \u0637\u0631\u0641 \u0627\u0644\u062c\u0633\u0645)","rel":"","context":"\u062a\u062f\u0648\u064a\u0646\u0629 \u0645\u0634\u0627\u0628\u0647\u0629","block_context":{"text":"\u062a\u062f\u0648\u064a\u0646\u0629 \u0645\u0634\u0627\u0628\u0647\u0629","link":""},"img":{"alt_text":"","src":"https:\/\/i0.wp.com\/tuzlahortum.com.tr\/wp-content\/uploads\/2019\/03\/sar%C4%B1-su-jak%C4%B1-600-x-800.jpg?fit=600%2C800&ssl=1&resize=350%2C200","width":350,"height":200,"srcset":"https:\/\/i0.wp.com\/tuzlahortum.com.tr\/wp-content\/uploads\/2019\/03\/sar%C4%B1-su-jak%C4%B1-600-x-800.jpg?fit=600%2C800&ssl=1&resize=350%2C200 1x, https:\/\/i0.wp.com\/tuzlahortum.com.tr\/wp-content\/uploads\/2019\/03\/sar%C4%B1-su-jak%C4%B1-600-x-800.jpg?fit=600%2C800&ssl=1&resize=525%2C300 1.5x"},"classes":[]},{"id":7264,"url":"https:\/\/tuzlahortum.com.tr\/ar\/product\/sari-hava-jak-cesitleri-erkek-disigovde-uc\/","url_meta":{"origin":603,"position":4},"title":"\u0623\u0646\u0648\u0627\u0639 \u062c\u0627\u0643 \u0627\u0644\u0647\u0648\u0627\u0621 \u0627\u0644\u0623\u0635\u0641\u0631 (\u0630\u0643\u0631 - \u0623\u0646\u062b\u0649 \u060c \u0637\u0631\u0641 \u0627\u0644\u062c\u0633\u0645)","author":"\u0130smail \u00c7elik","date":"8 \u0645\u0627\u0631\u0633 2019","format":false,"excerpt":"\u0623\u0646\u0648\u0627\u0639 \u062c\u0627\u0643 \u0627\u0644\u0647\u0648\u0627\u0621 \u0627\u0644\u0623\u0635\u0641\u0631 (\u0630\u0643\u0631 - \u0623\u0646\u062b\u0649 \u060c \u0637\u0631\u0641 \u0627\u0644\u062c\u0633\u0645)","rel":"","context":"\u062a\u062f\u0648\u064a\u0646\u0629 \u0645\u0634\u0627\u0628\u0647\u0629","block_context":{"text":"\u062a\u062f\u0648\u064a\u0646\u0629 \u0645\u0634\u0627\u0628\u0647\u0629","link":""},"img":{"alt_text":"","src":"https:\/\/i0.wp.com\/tuzlahortum.com.tr\/wp-content\/uploads\/2019\/03\/sar%C4%B1-hava-jak2.jpg?fit=628%2C830&ssl=1&resize=350%2C200","width":350,"height":200,"srcset":"https:\/\/i0.wp.com\/tuzlahortum.com.tr\/wp-content\/uploads\/2019\/03\/sar%C4%B1-hava-jak2.jpg?fit=628%2C830&ssl=1&resize=350%2C200 1x, https:\/\/i0.wp.com\/tuzlahortum.com.tr\/wp-content\/uploads\/2019\/03\/sar%C4%B1-hava-jak2.jpg?fit=628%2C830&ssl=1&resize=525%2C300 1.5x"},"classes":[]},{"id":964,"url":"https:\/\/tuzlahortum.com.tr\/ar\/product\/ingiliz-disi-rekor-kulakli\/","url_meta":{"origin":603,"position":5},"title":"\u0633\u062c\u0644 \u0627\u0644\u0623\u0646\u062b\u0649 \u0627\u0644\u0628\u0631\u064a\u0637\u0627\u0646\u064a\u0629 (\u0645\u0639 \u0622\u0630\u0627\u0646)","author":"admin","date":"6 \u0641\u0628\u0631\u0627\u064a\u0631 2019","format":false,"excerpt":"\u0633\u062c\u0644 \u0627\u0644\u0623\u0646\u062b\u0649 \u0627\u0644\u0628\u0631\u064a\u0637\u0627\u0646\u064a\u0629 (\u0645\u0639 \u0622\u0630\u0627\u0646)","rel":"","context":"\u062a\u062f\u0648\u064a\u0646\u0629 \u0645\u0634\u0627\u0628\u0647\u0629","block_context":{"text":"\u062a\u062f\u0648\u064a\u0646\u0629 \u0645\u0634\u0627\u0628\u0647\u0629","link":""},"img":{"alt_text":"","src":"https:\/\/i0.wp.com\/tuzlahortum.com.tr\/wp-content\/uploads\/2019\/02\/ingiliz-disi-rekorkulakli.jpg?fit=500%2C500&ssl=1&resize=350%2C200","width":350,"height":200},"classes":[]}],"jetpack_sharing_enabled":true,"jetpack_likes_enabled":true,"_links":{"self":[{"href":"https:\/\/tuzlahortum.com.tr\/ar\/wp-json\/wp\/v2\/product\/603","targetHints":{"allow":["GET"]}}],"collection":[{"href":"https:\/\/tuzlahortum.com.tr\/ar\/wp-json\/wp\/v2\/product"}],"about":[{"href":"https:\/\/tuzlahortum.com.tr\/ar\/wp-json\/wp\/v2\/types\/product"}],"replies":[{"embeddable":true,"href":"https:\/\/tuzlahortum.com.tr\/ar\/wp-json\/wp\/v2\/comments?post=603"}],"wp:featuredmedia":[{"embeddable":true,"href":"https:\/\/tuzlahortum.com.tr\/ar\/wp-json\/wp\/v2\/media\/1382"}],"wp:attachment":[{"href":"https:\/\/tuzlahortum.com.tr\/ar\/wp-json\/wp\/v2\/media?parent=603"}],"wp:term":[{"taxonomy":"product_brand","embeddable":true,"href":"https:\/\/tuzlahortum.com.tr\/ar\/wp-json\/wp\/v2\/product_brand?post=603"},{"taxonomy":"product_cat","embeddable":true,"href":"https:\/\/tuzlahortum.com.tr\/ar\/wp-json\/wp\/v2\/product_cat?post=603"},{"taxonomy":"product_tag","embeddable":true,"href":"https:\/\/tuzlahortum.com.tr\/ar\/wp-json\/wp\/v2\/product_tag?post=603"}],"curies":[{"name":"\u062f\u0628\u0644\u064a\u0648 \u0628\u064a","href":"https:\/\/api.w.org\/{rel}","templated":true}]}}