{"id":591,"date":"2019-02-06T23:46:29","date_gmt":"2019-02-06T20:46:29","guid":{"rendered":"http:\/\/hortum.com.tr\/product\/import-placeholder-for-357\/"},"modified":"2024-03-21T17:45:07","modified_gmt":"2024-03-21T14:45:07","slug":"isoafs-alu-hijyen-green","status":"publish","type":"product","link":"https:\/\/tuzlahortum.com.tr\/ar\/product\/isoafs-alu-hijyen-green\/","title":{"rendered":"ISOAFS-ALU \u0627\u0644\u0646\u0638\u0627\u0641\u0629 \u0627\u0644\u062e\u0636\u0631\u0627\u0621"},"content":{"rendered":"<h2>ISOAFS-ALU \u0627\u0644\u0646\u0638\u0627\u0641\u0629 \u0627\u0644\u062e\u0636\u0631\u0627\u0621<\/h2>\n<div class=\"info txt\">\u0645\u062c\u0627\u0631\u064a \u0627\u0644\u0647\u0648\u0627\u0621 \u0627\u0644\u0645\u0631\u0646\u0629 \u0627\u0644\u0645\u0635\u0646\u0648\u0639\u0629 \u0645\u0646 \u0627\u0644\u0623\u0644\u0648\u0645\u0646\u064a\u0648\u0645 \u0648\u0627\u0644\u0645\u0636\u0627\u062f\u0629 \u0644\u0644\u0645\u064a\u0643\u0631\u0648\u0628\u0627\u062a \u0648\u0627\u0644\u0645\u0639\u062a\u0645\u062f\u0629 \u0645\u0646 Greenguard<\/div>\n<h3>\u0623\u0646\u0648\u0627\u0639<\/h3>\n<div class=\"txt\">\n<p><span id=\"ctl00_ContentPlaceHolder1_lblTxt\">ISOAFS-ALU.F \u0623\u062e\u0636\u0631 \u0635\u062d\u064a<\/span><\/p>\n<h4>\u0627\u0644\u0645\u0644\u0627\u0645\u062d \u0627\u0644\u0639\u0627\u0645\u0629<\/h4>\n<table class=\"table table-hover table-bordered\">\n<tbody>\n<tr>\n<th class=\"urunDetayth\">\u0628\u0646\u0627\u0621 \u0642\u0646\u0627\u0629 \u0645\u0631\u0646\u0629<\/th>\n<td>3 \u0637\u0628\u0642\u0627\u062a \u0645\u0646 \u0627\u0644\u0623\u0644\u0645\u0646\u064a\u0648\u0645 + \u0637\u0628\u0642\u062a\u064a\u0646 \u0645\u0646 \u0627\u0644\u0628\u0648\u0644\u064a\u0633\u062a\u0631 + \u0637\u0644\u0627\u0621 \u0635\u062d\u064a<\/td>\n<\/tr>\n<tr>\n<th class=\"urunDetayth\">\u0627\u0644\u0633\u0645\u0627\u0643\u0629 \u0627\u0644\u0627\u0633\u0645\u064a\u0629 \u0644\u0644\u0642\u0646\u0627\u0629 \u0627\u0644\u0645\u0631\u0646\u0629<\/th>\n<td>70 \u0645\u064a\u0643\u0631\u0648\u0646 + \u0637\u0644\u0627\u0621 \u0635\u062d\u064a<\/td>\n<\/tr>\n<tr>\n<th class=\"urunDetayth\">\u0628\u0646\u0627\u0621 \u0633\u062a\u0631\u0629<\/th>\n<td>\u0637\u0628\u0642\u0629 \u0648\u0627\u062d\u062f\u0629 \u0645\u0646 \u0627\u0644\u0623\u0644\u0645\u0646\u064a\u0648\u0645 + \u0637\u0628\u0642\u062a\u064a\u0646 \u0645\u0646 \u0627\u0644\u0628\u0648\u0644\u064a\u0633\u062a\u0631<\/td>\n<\/tr>\n<tr>\n<th class=\"urunDetayth\">\u0633\u0645\u0643 \u0627\u0644\u0633\u062a\u0631\u0629 \u0627\u0644\u0627\u0633\u0645\u064a<\/th>\n<td>45 \u0645\u064a\u0643\u0631\u0648\u0646<\/td>\n<\/tr>\n<tr>\n<th class=\"urunDetayth\">\u0627\u0644\u0639\u0632\u0644 - \u0627\u0644\u0633\u0645\u0627\u0643\u0629 - \u0627\u0644\u0643\u062b\u0627\u0641\u0629<\/th>\n<td>\u0635\u0648\u0641 \u0632\u062c\u0627\u062c\u064a 25 \u0645\u0645 - 16 \u0643\u062c\u0645 \/ \u0645\u062a\u0631 \u0645\u0643\u0639\u0628<\/td>\n<\/tr>\n<tr>\n<th class=\"urunDetayth\">\u0646\u0637\u0627\u0642 \u0627\u0644\u0642\u0637\u0631<\/th>\n<td>82 \u0645\u0645 - 800 \u0645\u0645<\/td>\n<\/tr>\n<tr>\n<th class=\"urunDetayth\">\u0646\u0637\u0627\u0642 \u0627\u0644\u062d\u0631\u0627\u0631\u0629 \u0627\u0644\u0634\u063a\u0627\u0644\u0629<\/th>\n<td>-30 \u062f\u0631\u062c\u0629 \u0645\u0626\u0648\u064a\u0629 \/ +150 \u062f\u0631\u062c\u0629 \u0645\u0626\u0648\u064a\u0629<\/td>\n<\/tr>\n<tr>\n<th class=\"urunDetayth\">\u0645\u0639\u062f\u0644 \u062a\u062f\u0641\u0642 \u0627\u0644\u0647\u0648\u0627\u0621<\/th>\n<td>30 \u0645 \/ \u062b (\u0643\u062d\u062f \u0623\u0642\u0635\u0649)<\/td>\n<\/tr>\n<tr>\n<th class=\"urunDetayth\">\u0636\u063a\u0637 \u0627\u0644\u062a\u0634\u063a\u064a\u0644<\/th>\n<td>3000 \u0628\u0627\u0633\u0643\u0627\u0644 (\u0643\u062d\u062f \u0623\u0642\u0635\u0649)<\/td>\n<\/tr>\n<tr>\n<th class=\"urunDetayth\">\u0637\u0648\u0644 \u0642\u064a\u0627\u0633\u064a<\/th>\n<td>10 \u0645<\/td>\n<\/tr>\n<tr>\n<th class=\"urunDetayth\">\u0627\u0644\u062a\u0639\u0628\u0626\u0629 \u0648\u0627\u0644\u062a\u063a\u0644\u064a\u0641<\/th>\n<td>\u0635\u0646\u062f\u0648\u0642 \u0643\u0631\u062a\u0648\u0646 \u0648\u0627\u062d\u062f<\/td>\n<\/tr>\n<tr>\n<th class=\"urunDetayth\">\u0627\u0644\u062a\u0639\u0627\u0645\u0644 \u0645\u0639 \u0627\u0644\u062d\u0631\u064a\u0642<\/th>\n<td>\u0644\u0627 \u0644\u0647\u0628<\/td>\n<\/tr>\n<\/tbody>\n<\/table>\n<div><\/div>\n<\/div>\n<div><div class=\"video video-fit mb\" style=\"padding-top:56.25%;\"><p><iframe loading=\"lazy\" title=\"\u0627\u0631\u062a\u0628\u0627\u0643 \u0627\u0644\u0642\u064a\u0627\u0633 (\u0628\u0648\u0635\u0629\u060c \u0625\u0635\u0628\u0639\u060c \u0636\u0628\u0627\u0628\u060c \u0645\u0644\u0644\u064a\u0645\u062a\u0631)\" width=\"1020\" height=\"574\" src=\"https:\/\/www.youtube.com\/embed\/uKk6AG_AZls?feature=oembed\" frameborder=\"0\" allow=\"accelerometer; autoplay; clipboard-write; encrypted-media; gyroscope; picture-in-picture; web-share\" referrerpolicy=\"strict-origin-when-cross-origin\" allowfullscreen><\/iframe><\/p>\n<\/div><\/div>\n<div><\/div>\n<div class=\"txt\">\n<div class=\"txt\"><strong>ISOAFS-ALU \u0627\u0644\u0646\u0638\u0627\u0641\u0629 \u0627\u0644\u062e\u0636\u0631\u0627\u0621<\/strong>\u00a0\u0645\u062c\u0627\u0631\u064a \u0647\u0648\u0627\u0621 \u0645\u0631\u0646\u0629 \u0645\u0646 \u0627\u0644\u0623\u0644\u0645\u0646\u064a\u0648\u0645 \u0627\u0644\u0645\u0639\u0632\u0648\u0644 \u0628\u0627\u0644\u062d\u0631\u0627\u0631\u0629 \u060c \u062a\u0639\u0645\u0644 \u0628\u0636\u063a\u0637 \u0645\u0646\u062e\u0641\u0636 \u0648\u0645\u062a\u0648\u0633\u0637<\/div>\n<div class=\"txt\">\u0645\u0635\u0645\u0645 \u062e\u0635\u064a\u0635\u064b\u0627 \u0644\u0623\u0646\u0638\u0645\u0629 \u0627\u0644\u062a\u062f\u0641\u0626\u0629 \u0648\u0627\u0644\u062a\u0628\u0631\u064a\u062f \u0648\u0627\u0644\u062a\u0647\u0648\u064a\u0629 \u0648\u062a\u0643\u064a\u064a\u0641 \u0627\u0644\u0647\u0648\u0627\u0621 \u0648\u0627\u0644\u063a\u0627\u0632 \u0627\u0644\u0639\u0627\u062f\u0645 \u0645\u062a\u0639\u062f\u062f \u0627\u0644\u0623\u063a\u0631\u0627\u0636<\/div>\n<div class=\"txt\">\u0648\u0647\u064a \u0639\u0628\u0627\u0631\u0629 \u0639\u0646 \u0645\u062c\u0631\u0649 \u0647\u0648\u0627\u0621 \u0645\u0631\u0646 \u0639\u0627\u0632\u0644 \u0644\u0644\u062d\u0631\u0627\u0631\u0629 (\u0639\u0627\u0632\u0644 \u0644\u0644\u062d\u0631\u0627\u0631\u0629). \u0645\u062a\u0639\u062f\u062f \u0627\u0644\u0637\u0628\u0642\u0627\u062a \u0627\u0644\u0623\u0644\u0648\u0645\u0646\u064a\u0648\u0645 \u0645\u063a\u0644\u0641\u0629 \u0648\u0645\u0648\u0627\u062f \u0627\u0644\u0628\u0648\u0644\u064a\u0633\u062a\u0631<\/div>\n<div class=\"txt\">ALUAFS HYGIENE GREEN \u0647\u0648\u0627\u0621 \u0645\u0631\u0646 \u0645\u0635\u0646\u0648\u0639 \u0645\u0646 \u0627\u0644\u0623\u0644\u0645\u0646\u064a\u0648\u0645 \u0639\u0646 \u0637\u0631\u064a\u0642 \u0627\u0644\u062a\u0633\u0644\u064a\u062d \u0628\u0623\u0633\u0644\u0627\u0643 \u0641\u0648\u0644\u0627\u0630\u064a\u0629 \u0644\u0648\u0644\u0628\u064a\u0629 \u0639\u0627\u0644\u064a\u0629 \u0627\u0644\u0634\u062f<\/div>\n<div class=\"txt\">\u064a\u062a\u0645 \u0625\u0646\u062a\u0627\u062c\u0647 \u0639\u0646 \u0637\u0631\u064a\u0642 \u0639\u0632\u0644 \u0627\u0644\u0642\u0646\u0648\u0627\u062a \u0628\u0627\u0644\u0635\u0648\u0641 \u0627\u0644\u0632\u062c\u0627\u062c\u064a \u0628\u0639\u062f \u0627\u0644\u062a\u062b\u0642\u064a\u0628. \u0645\u0646 \u0645\u0648\u0627\u062f \u0627\u0644\u0639\u0632\u0644<\/div>\n<div class=\"txt\">\u0625\u0646\u0647 \u0645\u063a\u0637\u0649 \u0628\u063a\u0637\u0627\u0621 \u0645\u0646 \u0627\u0644\u0623\u0644\u0648\u0645\u0646\u064a\u0648\u0645 \u060c \u0623\u064a \u062d\u0627\u062c\u0632 \u0631\u0637\u0648\u0628\u0629. ISOAFS-ALU HYGIENE GREEN \u0645\u0631\u062a\u0641\u0639 \u0644\u0644\u063a\u0627\u064a\u0629<\/div>\n<div class=\"txt\">\u0644\u062f\u064a\u0647\u0627 \u0627\u0644\u0642\u062f\u0631\u0629 \u0639\u0644\u0649 \u0627\u0644\u062a\u0645\u062f\u062f \u0648\u0627\u0644\u0627\u0646\u062d\u0646\u0627\u0621 \u0648\u0627\u0644\u0636\u063a\u0637. \u0645\u0646 \u0627\u0644\u0633\u0647\u0644 \u062a\u062c\u0645\u064a\u0639\u0647\u0627 \u0641\u064a \u0645\u0641\u0627\u0635\u0644 \u0628\u064a\u0636\u0627\u0648\u064a\u0629 \u060c \u0645\u0633\u062a\u062f\u064a\u0631\u0629 \u0648\u0632\u0627\u0648\u064a\u0629.<\/div>\n<div class=\"txt\">\u062a\u0645 \u0641\u062d\u0635 \u0645\u062c\u0627\u0631\u064a \u0627\u0644\u0647\u0648\u0627\u0621 \u0627\u0644\u0645\u0631\u0646\u0629 ISOAFS-ALU HYGIENE GREEN \u0628\u062d\u062b\u064b\u0627 \u0639\u0646 \u0645\u0626\u0627\u062a \u0627\u0644\u0645\u0648\u0627\u062f \u0627\u0644\u0643\u064a\u0645\u064a\u0627\u0626\u064a\u0629 \u060c \u0648\u062a\u0645 \u0627\u062e\u062a\u0628\u0627\u0631\u0647\u0627 \u0641\u064a \u063a\u0631\u0641\u0629 \u0627\u062e\u062a\u0628\u0627\u0631 \u062f\u064a\u0646\u0627\u0645\u064a\u0643\u064a\u0629<\/div>\n<div class=\"txt\">\u0644\u0628\u064a\u0626\u0627\u062a \u0645\u062b\u0644 \u0631\u064a\u0627\u0636 \u0627\u0644\u0623\u0637\u0641\u0627\u0644 \u0648\u0627\u0644\u0645\u062f\u0627\u0631\u0633 \u060c \u0645\u0639 \u0645\u0631\u0627\u0639\u0627\u0629 \u0645\u0639\u0627\u064a\u064a\u0631 \u0627\u0644\u0628\u064a\u0626\u0629 \u0627\u0644\u062f\u0627\u062e\u0644\u064a\u0629 \u0648\u0627\u0644\u0637\u0628\u064a\u0639\u0629 \u0627\u0644\u062d\u0633\u0627\u0633\u0629 \u0644\u0644\u0623\u0637\u0641\u0627\u0644.<\/div>\n<div class=\"txt\">\u062a\u0645 \u0627\u0639\u062a\u0645\u0627\u062f\u0647 \u0644\u062a\u0644\u0628\u064a\u0629 \u0645\u0639\u0627\u064a\u064a\u0631 \u0627\u0644\u0645\u0633\u062a\u0648\u0649 \u0627\u0644\u0623\u062f\u0646\u0649 \u0627\u0644\u0645\u062d\u0633\u0646\u0629. \u0627\u0646\u0628\u0639\u0627\u062b \u0627\u0644\u0645\u0648\u0627\u062f \u0627\u0644\u0643\u064a\u0645\u064a\u0627\u0626\u064a\u0629 Greenguard<\/div>\n<div class=\"txt\">ISOAFS-ALU HYGIENE GREEN \u0645\u0631\u0646 \u060c \u064a\u0644\u0628\u064a \u0627\u0644\u0645\u0639\u0627\u064a\u064a\u0631 \u060c \u0645\u0639\u062a\u0645\u062f \u060c \u0644\u0627 \u0627\u0646\u0628\u0639\u0627\u062b\u0627\u062a \u062a\u0642\u0631\u064a\u0628\u064b\u0627<\/div>\n<div class=\"txt\">\u062a\u0623\u0643\u062f \u0645\u0646 \u062c\u0648\u062f\u0629 \u0627\u0644\u0647\u0648\u0627\u0621 \u0627\u0644\u062f\u0627\u062e\u0644\u064a \u0628\u0627\u0633\u062a\u062e\u062f\u0627\u0645 \u0645\u062c\u0627\u0631\u064a \u0627\u0644\u0647\u0648\u0627\u0621. ISOAFS-ALU HYGIENE GREEN \u0647\u0648\u0627\u0621 \u0645\u0631\u0646<\/div>\n<div class=\"txt\">\u064a\u062a\u0645 \u0627\u062e\u062a\u0628\u0627\u0631 \u0627\u0644\u0623\u0628\u0639\u0627\u062f \u0648\u0627\u0644\u062a\u0641\u0627\u0648\u062a\u0627\u062a \u0648\u062e\u0635\u0627\u0626\u0635 \u0627\u0644\u0642\u0648\u0629 \u0627\u0644\u0645\u064a\u0643\u0627\u0646\u064a\u0643\u064a\u0629 \u0644\u0644\u0642\u0646\u0648\u0627\u062a \u0648\u0641\u0642\u064b\u0627 \u0644\u0645\u0639\u064a\u0627\u0631 EN 13180 \u060c<\/div>\n<div class=\"txt\">\u0645\u0635\u0646\u0641\u0629 \u0648\u0645\u0639\u062a\u0645\u062f\u0629.<\/div>\n<\/div>","protected":false},"excerpt":{"rendered":"<p>ISOAFS-ALU H\u0130JYEN GREEN Greenguard sertifikal\u0131, \u0131s\u0131 izoleli anti mikrobiyal al\u00fcminyum flexible hava kanallar\u0131 Tipler ISOAFS-ALU.F HYGIENE GREEN Genel \u00d6zellikler Flexible Kanal Konstr\u00fcksiyonu 3 kat Al\u00fcminyum + 2 kat Polyester + Hijyen Kaplama Flexible Kanal Nominal Kal\u0131nl\u0131\u011f\u0131 70 mikron + Hijyen Kaplama Ceket Kontr\u00fcksiyonu 1 kat Al\u00fcminyum + 2 kat Polyester Ceket Nominal Kal\u0131nl\u0131\u011f\u0131 45 mikron [&#8230;]\n","protected":false},"featured_media":6964,"comment_status":"open","ping_status":"closed","template":"","meta":{"jetpack_post_was_ever_published":false},"product_brand":[],"product_cat":[135],"product_tag":[265,264,260,261,258,268,266,262,259,267,263],"class_list":{"0":"post-591","1":"product","2":"type-product","3":"status-publish","4":"has-post-thumbnail","6":"product_cat-esnek-aluminyum-hava-kanali","7":"product_tag-bukulme","8":"product_tag-esneme","9":"product_tag-havalandirma-ve-iklimlendirme-sistemleri","10":"product_tag-helezon-celik","11":"product_tag-isitma","12":"product_tag-kimyasal-direnc","13":"product_tag-sikistirilabilme","14":"product_tag-sizdirmaz","15":"product_tag-sogutma","16":"product_tag-tasima-kolayligi","17":"product_tag-yogusmayi-engelleme","19":"first","20":"instock","21":"taxable","22":"shipping-taxable","23":"product-type-variable"},"jetpack-related-posts":[{"id":592,"url":"https:\/\/tuzlahortum.com.tr\/ar\/product\/sonoafs-hijyen-green\/","url_meta":{"origin":591,"position":0},"title":"\u0635\u0648\u0646\u0627\u0641\u0633-\u0623\u0644\u0648 \u0627\u0644\u0646\u0638\u0627\u0641\u0629 \u0627\u0644\u062e\u0636\u0631\u0627\u0621","author":"admin","date":"6 \u0641\u0628\u0631\u0627\u064a\u0631 2019","format":false,"excerpt":"SONOAFS-ALU H\u0130JYEN GREEN Greenguard Sertifikal\u0131 Is\u0131 ve Ses \u0130zoleli Al\u00fcminyum Hijyen Flexible Hava Kanallar\u0131 Flexible Kanal Konstr\u00fcksiyonu [3 kat Al\u00fcminyum + 2 kat Polyester + Hijyen Kaplama] (Perfore) \/ Bariyer Flexible Kanal Nominal Kal\u0131nl\u0131\u011f\u0131 70 mikron + Hijyen Kaplama Ceket Kontr\u00fcksiyonu 1 kat Al\u00fcminyum + 2 kat Polyester Ceket Nominal\u2026","rel":"","context":"\u062a\u062f\u0648\u064a\u0646\u0629 \u0645\u0634\u0627\u0628\u0647\u0629","block_context":{"text":"\u062a\u062f\u0648\u064a\u0646\u0629 \u0645\u0634\u0627\u0628\u0647\u0629","link":""},"img":{"alt_text":"","src":"https:\/\/i0.wp.com\/tuzlahortum.com.tr\/wp-content\/uploads\/2019\/03\/SONOAFS-ALU.B-HYGIENE-GREEN-1.png?fit=800%2C800&ssl=1&resize=350%2C200","width":350,"height":200,"srcset":"https:\/\/i0.wp.com\/tuzlahortum.com.tr\/wp-content\/uploads\/2019\/03\/SONOAFS-ALU.B-HYGIENE-GREEN-1.png?fit=800%2C800&ssl=1&resize=350%2C200 1x, https:\/\/i0.wp.com\/tuzlahortum.com.tr\/wp-content\/uploads\/2019\/03\/SONOAFS-ALU.B-HYGIENE-GREEN-1.png?fit=800%2C800&ssl=1&resize=525%2C300 1.5x, https:\/\/i0.wp.com\/tuzlahortum.com.tr\/wp-content\/uploads\/2019\/03\/SONOAFS-ALU.B-HYGIENE-GREEN-1.png?fit=800%2C800&ssl=1&resize=700%2C400 2x"},"classes":[]},{"id":590,"url":"https:\/\/tuzlahortum.com.tr\/ar\/product\/isoafs-alu-green\/","url_meta":{"origin":591,"position":1},"title":"ISOAFS-ALU GREEN","author":"admin","date":"6 \u0641\u0628\u0631\u0627\u064a\u0631 2019","format":false,"excerpt":"ISOAFS-ALU GREENGreenguard Sertifikal\u0131 Is\u0131 \u0130zoleli Al\u00fcminyum Flexible Hava Kanallar\u0131 Tipler ISOAFS-ALU.70 GREEN ISOAFS-ALU F GREEN Genel \u00d6zellikler Flexible Kanal Konstr\u00fcksiyonu 3 kat Al\u00fcminyum + 1 kat Polyester Flexible Kanal Nominal Kal\u0131nl\u0131\u011f\u0131 74 mikron Ceket Kontr\u00fcksiyonu 1 kat Al\u00fcminyum + 2 kat Polyester Ceket Nominal Kal\u0131nl\u0131\u011f\u0131 45 mikron \u0130zolasyon - Kal\u0131nl\u0131k\u2026","rel":"","context":"\u062a\u062f\u0648\u064a\u0646\u0629 \u0645\u0634\u0627\u0628\u0647\u0629","block_context":{"text":"\u062a\u062f\u0648\u064a\u0646\u0629 \u0645\u0634\u0627\u0628\u0647\u0629","link":""},"img":{"alt_text":"","src":"https:\/\/i0.wp.com\/tuzlahortum.com.tr\/wp-content\/uploads\/2019\/03\/ISOAFS-ALU.70-GREEN.png?fit=800%2C800&ssl=1&resize=350%2C200","width":350,"height":200,"srcset":"https:\/\/i0.wp.com\/tuzlahortum.com.tr\/wp-content\/uploads\/2019\/03\/ISOAFS-ALU.70-GREEN.png?fit=800%2C800&ssl=1&resize=350%2C200 1x, https:\/\/i0.wp.com\/tuzlahortum.com.tr\/wp-content\/uploads\/2019\/03\/ISOAFS-ALU.70-GREEN.png?fit=800%2C800&ssl=1&resize=525%2C300 1.5x, https:\/\/i0.wp.com\/tuzlahortum.com.tr\/wp-content\/uploads\/2019\/03\/ISOAFS-ALU.70-GREEN.png?fit=800%2C800&ssl=1&resize=700%2C400 2x"},"classes":[]},{"id":583,"url":"https:\/\/tuzlahortum.com.tr\/ar\/product\/isoafs-alu-forte-green\/","url_meta":{"origin":591,"position":2},"title":"ISOAFS-ALU FORTE GREEN","author":"admin","date":"6 \u0641\u0628\u0631\u0627\u064a\u0631 2019","format":false,"excerpt":"ISOAFS-ALU FORTE GREENGreenguard Sertifikal\u0131 Is\u0131 \u0130zoleli Al\u00fcminyum Y\u00fcksek Mukavemetli Flexible Hava Kanallar\u0131 Tipler ISOAFS-ALU.F FORTE GREEN Genel \u00d6zellikler Flexible Kanal Konstr\u00fcksiyonu 3 kat Al\u00fcminyum + 2 kat Polyester Flexible Kanal Nominal Kal\u0131nl\u0131\u011f\u0131 70 mikron Ceket Kontr\u00fcksiyonu 1 kat Al\u00fcminyum + 2 kat Polyester Ceket Nominal Kal\u0131nl\u0131\u011f\u0131 45 mikron \u0130zolasyon -\u2026","rel":"","context":"\u062a\u062f\u0648\u064a\u0646\u0629 \u0645\u0634\u0627\u0628\u0647\u0629","block_context":{"text":"\u062a\u062f\u0648\u064a\u0646\u0629 \u0645\u0634\u0627\u0628\u0647\u0629","link":""},"img":{"alt_text":"","src":"https:\/\/i0.wp.com\/tuzlahortum.com.tr\/wp-content\/uploads\/2019\/03\/ISOAFS-ALU.70-FORTE-GREEN.png?fit=800%2C800&ssl=1&resize=350%2C200","width":350,"height":200,"srcset":"https:\/\/i0.wp.com\/tuzlahortum.com.tr\/wp-content\/uploads\/2019\/03\/ISOAFS-ALU.70-FORTE-GREEN.png?fit=800%2C800&ssl=1&resize=350%2C200 1x, https:\/\/i0.wp.com\/tuzlahortum.com.tr\/wp-content\/uploads\/2019\/03\/ISOAFS-ALU.70-FORTE-GREEN.png?fit=800%2C800&ssl=1&resize=525%2C300 1.5x, https:\/\/i0.wp.com\/tuzlahortum.com.tr\/wp-content\/uploads\/2019\/03\/ISOAFS-ALU.70-FORTE-GREEN.png?fit=800%2C800&ssl=1&resize=700%2C400 2x"},"classes":[]},{"id":585,"url":"https:\/\/tuzlahortum.com.tr\/ar\/product\/sonoafs-alu-green\/","url_meta":{"origin":591,"position":3},"title":"\u0635\u0648\u0646\u0627\u0641\u0633 \u0623\u0644\u0648 \u062c\u0631\u064a\u0646","author":"admin","date":"6 \u0641\u0628\u0631\u0627\u064a\u0631 2019","format":false,"excerpt":"SONOAFS-ALU GREENGreenguard Sertifikal\u0131 Is\u0131 ve Ses \u0130zoleli Al\u00fcminyum Flexible Hava Kanallar\u0131 Flexible Kanal Konstr\u00fcksiyonu [3 kat Al\u00fcminyum + 2 kat Polyester] (Perfore) \/ Bariyer Flexible Kanal Nominal Kal\u0131nl\u0131\u011f\u0131 70 mikron Ceket Kontr\u00fcksiyonu 1 kat Al\u00fcminyum + 2 kat Polyester Ceket Nominal Kal\u0131nl\u0131\u011f\u0131 45 mikron \u0130zolasyon - Kal\u0131nl\u0131k - Yo\u011funluk Cam\u2026","rel":"","context":"\u062a\u062f\u0648\u064a\u0646\u0629 \u0645\u0634\u0627\u0628\u0647\u0629","block_context":{"text":"\u062a\u062f\u0648\u064a\u0646\u0629 \u0645\u0634\u0627\u0628\u0647\u0629","link":""},"img":{"alt_text":"","src":"https:\/\/i0.wp.com\/tuzlahortum.com.tr\/wp-content\/uploads\/2019\/03\/SONOAFS-ALU.70B-GREEN.png?fit=800%2C800&ssl=1&resize=350%2C200","width":350,"height":200,"srcset":"https:\/\/i0.wp.com\/tuzlahortum.com.tr\/wp-content\/uploads\/2019\/03\/SONOAFS-ALU.70B-GREEN.png?fit=800%2C800&ssl=1&resize=350%2C200 1x, https:\/\/i0.wp.com\/tuzlahortum.com.tr\/wp-content\/uploads\/2019\/03\/SONOAFS-ALU.70B-GREEN.png?fit=800%2C800&ssl=1&resize=525%2C300 1.5x, https:\/\/i0.wp.com\/tuzlahortum.com.tr\/wp-content\/uploads\/2019\/03\/SONOAFS-ALU.70B-GREEN.png?fit=800%2C800&ssl=1&resize=700%2C400 2x"},"classes":[]},{"id":593,"url":"https:\/\/tuzlahortum.com.tr\/ar\/product\/sonoafs-alu-forte-green\/","url_meta":{"origin":591,"position":4},"title":"SONOAFS-ALU FORTE GREEN","author":"admin","date":"6 \u0641\u0628\u0631\u0627\u064a\u0631 2019","format":false,"excerpt":"SONOAFS-ALU FORTE GREENTipler Flexible Kanal Konstr\u00fcksiyonu 3 kat Al\u00fcminyum + 2 kat Polyester Flexible Kanal Nominal Kal\u0131nl\u0131\u011f\u0131 70 mikron Ceket Kontr\u00fcksiyonu 1 kat Al\u00fcminyum + 2 kat Polyester Ceket Nominal Kal\u0131nl\u0131\u011f\u0131 45 mikron \u0130zolasyon - Kal\u0131nl\u0131k - Yo\u011funluk Cam Y\u00fcn\u00fc 25 mm - 16 kg\/m\u00b3 \u00c7ap Aral\u0131\u011f\u0131 52 mm -\u2026","rel":"","context":"\u062a\u062f\u0648\u064a\u0646\u0629 \u0645\u0634\u0627\u0628\u0647\u0629","block_context":{"text":"\u062a\u062f\u0648\u064a\u0646\u0629 \u0645\u0634\u0627\u0628\u0647\u0629","link":""},"img":{"alt_text":"","src":"https:\/\/i0.wp.com\/tuzlahortum.com.tr\/wp-content\/uploads\/2019\/03\/SONOAFS-ALU.70B-FORTE-GREEN-1.png?fit=800%2C800&ssl=1&resize=350%2C200","width":350,"height":200,"srcset":"https:\/\/i0.wp.com\/tuzlahortum.com.tr\/wp-content\/uploads\/2019\/03\/SONOAFS-ALU.70B-FORTE-GREEN-1.png?fit=800%2C800&ssl=1&resize=350%2C200 1x, https:\/\/i0.wp.com\/tuzlahortum.com.tr\/wp-content\/uploads\/2019\/03\/SONOAFS-ALU.70B-FORTE-GREEN-1.png?fit=800%2C800&ssl=1&resize=525%2C300 1.5x, https:\/\/i0.wp.com\/tuzlahortum.com.tr\/wp-content\/uploads\/2019\/03\/SONOAFS-ALU.70B-FORTE-GREEN-1.png?fit=800%2C800&ssl=1&resize=700%2C400 2x"},"classes":[]},{"id":588,"url":"https:\/\/tuzlahortum.com.tr\/ar\/product\/aluafs-hijyen-green\/","url_meta":{"origin":591,"position":5},"title":"\u0627\u0644\u0623\u0648\u0641\u0633 \u0627\u0644\u0646\u0638\u0627\u0641\u0629 \u0627\u0644\u062e\u0636\u0631\u0627\u0621","author":"admin","date":"6 \u0641\u0628\u0631\u0627\u064a\u0631 2019","format":false,"excerpt":"ALUAFS H\u0130JYEN GREENGreenguard sertifikal\u0131, izolesiz, hijyen al\u00fcminyum flexible hava kanallar\u0131 Genel \u00d6zellikler Flexible Kanal Konstr\u00fcksiyonu 3 kat Al\u00fcminyum + 2 kat Polyester + Hijyen Kaplama Flexible Kanal Nominal Kal\u0131nl\u0131\u011f\u0131 70 mikron + Hijyen Kaplama \u00c7ap Aral\u0131\u011f\u0131 82 mm - 800 mm \u00c7al\u0131\u015fma S\u0131cakl\u0131\u011f\u0131 Aral\u0131\u011f\u0131 -30 \u00b0C \/ +150 \u00b0C Hava\u2026","rel":"","context":"\u062a\u062f\u0648\u064a\u0646\u0629 \u0645\u0634\u0627\u0628\u0647\u0629","block_context":{"text":"\u062a\u062f\u0648\u064a\u0646\u0629 \u0645\u0634\u0627\u0628\u0647\u0629","link":""},"img":{"alt_text":"","src":"https:\/\/i0.wp.com\/tuzlahortum.com.tr\/wp-content\/uploads\/2019\/03\/ALUAFS-HYGIENE-GREEN.png?fit=800%2C800&ssl=1&resize=350%2C200","width":350,"height":200,"srcset":"https:\/\/i0.wp.com\/tuzlahortum.com.tr\/wp-content\/uploads\/2019\/03\/ALUAFS-HYGIENE-GREEN.png?fit=800%2C800&ssl=1&resize=350%2C200 1x, https:\/\/i0.wp.com\/tuzlahortum.com.tr\/wp-content\/uploads\/2019\/03\/ALUAFS-HYGIENE-GREEN.png?fit=800%2C800&ssl=1&resize=525%2C300 1.5x, https:\/\/i0.wp.com\/tuzlahortum.com.tr\/wp-content\/uploads\/2019\/03\/ALUAFS-HYGIENE-GREEN.png?fit=800%2C800&ssl=1&resize=700%2C400 2x"},"classes":[]}],"jetpack_sharing_enabled":true,"jetpack_likes_enabled":true,"_links":{"self":[{"href":"https:\/\/tuzlahortum.com.tr\/ar\/wp-json\/wp\/v2\/product\/591","targetHints":{"allow":["GET"]}}],"collection":[{"href":"https:\/\/tuzlahortum.com.tr\/ar\/wp-json\/wp\/v2\/product"}],"about":[{"href":"https:\/\/tuzlahortum.com.tr\/ar\/wp-json\/wp\/v2\/types\/product"}],"replies":[{"embeddable":true,"href":"https:\/\/tuzlahortum.com.tr\/ar\/wp-json\/wp\/v2\/comments?post=591"}],"wp:featuredmedia":[{"embeddable":true,"href":"https:\/\/tuzlahortum.com.tr\/ar\/wp-json\/wp\/v2\/media\/6964"}],"wp:attachment":[{"href":"https:\/\/tuzlahortum.com.tr\/ar\/wp-json\/wp\/v2\/media?parent=591"}],"wp:term":[{"taxonomy":"product_brand","embeddable":true,"href":"https:\/\/tuzlahortum.com.tr\/ar\/wp-json\/wp\/v2\/product_brand?post=591"},{"taxonomy":"product_cat","embeddable":true,"href":"https:\/\/tuzlahortum.com.tr\/ar\/wp-json\/wp\/v2\/product_cat?post=591"},{"taxonomy":"product_tag","embeddable":true,"href":"https:\/\/tuzlahortum.com.tr\/ar\/wp-json\/wp\/v2\/product_tag?post=591"}],"curies":[{"name":"\u062f\u0628\u0644\u064a\u0648 \u0628\u064a","href":"https:\/\/api.w.org\/{rel}","templated":true}]}}