{"id":587,"date":"2019-02-06T23:46:28","date_gmt":"2019-02-06T20:46:28","guid":{"rendered":"http:\/\/hortum.com.tr\/product\/import-placeholder-for-221\/"},"modified":"2024-03-21T17:45:10","modified_gmt":"2024-03-21T14:45:10","slug":"aluafs-green","status":"publish","type":"product","link":"https:\/\/tuzlahortum.com.tr\/ar\/product\/aluafs-green\/","title":{"rendered":"\u0623\u0644\u0648\u0641\u0633 \u062c\u0631\u064a\u0646"},"content":{"rendered":"<h2>\u0623\u0644\u0648\u0641\u0633 \u062c\u0631\u064a\u0646<\/h2>\n<h4>\u0645\u062c\u0627\u0631\u064a \u0627\u0644\u0647\u0648\u0627\u0621 \u0627\u0644\u0645\u0631\u0646\u0629 \u0627\u0644\u0645\u0635\u0646\u0648\u0639\u0629 \u0645\u0646 \u0627\u0644\u0623\u0644\u0648\u0645\u0646\u064a\u0648\u0645 \u0648\u063a\u064a\u0631 \u0627\u0644\u0645\u0639\u0632\u0648\u0644\u0629 \u0645\u0646 Greenguard<\/h4>\n<h4>\u0627\u0644\u0645\u0644\u0627\u0645\u062d \u0627\u0644\u0639\u0627\u0645\u0629<\/h4>\n<table class=\"table table-hover table-bordered\">\n<tbody>\n<tr>\n<th class=\"urunDetayth\">\u0628\u0646\u0627\u0621 \u0642\u0646\u0627\u0629 \u0645\u0631\u0646\u0629<\/th>\n<td>3 \u0637\u0628\u0642\u0627\u062a \u0645\u0646 \u0627\u0644\u0623\u0644\u0645\u0646\u064a\u0648\u0645 + \u0637\u0628\u0642\u0629 \u0648\u0627\u062d\u062f\u0629 \u0645\u0646 \u0627\u0644\u0628\u0648\u0644\u064a\u0633\u062a\u0631<\/td>\n<\/tr>\n<tr>\n<th class=\"urunDetayth\">\u0627\u0644\u0633\u0645\u0627\u0643\u0629 \u0627\u0644\u0627\u0633\u0645\u064a\u0629 \u0644\u0644\u0642\u0646\u0627\u0629 \u0627\u0644\u0645\u0631\u0646\u0629<\/th>\n<td>74 \u0645\u064a\u0643\u0631\u0648\u0646<\/td>\n<\/tr>\n<tr>\n<th class=\"urunDetayth\">\u0646\u0637\u0627\u0642 \u0627\u0644\u0642\u0637\u0631<\/th>\n<td>82 \u0645\u0645 - 800 \u0645\u0645<\/td>\n<\/tr>\n<tr>\n<th class=\"urunDetayth\">\u0646\u0637\u0627\u0642 \u0627\u0644\u062d\u0631\u0627\u0631\u0629 \u0627\u0644\u0634\u063a\u0627\u0644\u0629<\/th>\n<td>-30 \u062f\u0631\u062c\u0629 \u0645\u0626\u0648\u064a\u0629 \/ +250 \u062f\u0631\u062c\u0629 \u0645\u0626\u0648\u064a\u0629<\/td>\n<\/tr>\n<tr>\n<th class=\"urunDetayth\">\u0645\u0639\u062f\u0644 \u062a\u062f\u0641\u0642 \u0627\u0644\u0647\u0648\u0627\u0621<\/th>\n<td>30 \u0645 \/ \u062b (\u0643\u062d\u062f \u0623\u0642\u0635\u0649)<\/td>\n<\/tr>\n<tr>\n<th class=\"urunDetayth\">\u0636\u063a\u0637 \u0627\u0644\u062a\u0634\u063a\u064a\u0644<\/th>\n<td>3000 \u0628\u0627\u0633\u0643\u0627\u0644 (\u0643\u062d\u062f \u0623\u0642\u0635\u0649)<\/td>\n<\/tr>\n<tr>\n<th class=\"urunDetayth\">\u0637\u0648\u0644 \u0642\u064a\u0627\u0633\u064a<\/th>\n<td>10 \u0645<\/td>\n<\/tr>\n<tr>\n<th class=\"urunDetayth\">\u0627\u0644\u062a\u0639\u0628\u0626\u0629 \u0648\u0627\u0644\u062a\u063a\u0644\u064a\u0641<\/th>\n<td>\u0635\u0646\u062f\u0648\u0642 \u0643\u0631\u062a\u0648\u0646 \u0648\u0627\u062d\u062f<\/td>\n<\/tr>\n<tr>\n<th class=\"urunDetayth\">\u0627\u0644\u062a\u0639\u0627\u0645\u0644 \u0645\u0639 \u0627\u0644\u062d\u0631\u064a\u0642<\/th>\n<td>\u0628\u0627\u0644\u0643\u0627\u062f \u0642\u0627\u0628\u0644\u0629 \u0644\u0644\u0627\u0634\u062a\u0639\u0627\u0644<\/td>\n<\/tr>\n<\/tbody>\n<\/table>\n<div><\/div>\n<div><div class=\"video video-fit mb\" style=\"padding-top:56.25%;\"><p><iframe loading=\"lazy\" title=\"\u0627\u0631\u062a\u0628\u0627\u0643 \u0627\u0644\u0642\u064a\u0627\u0633 (\u0628\u0648\u0635\u0629\u060c \u0625\u0635\u0628\u0639\u060c \u0636\u0628\u0627\u0628\u060c \u0645\u0644\u0644\u064a\u0645\u062a\u0631)\" width=\"1020\" height=\"574\" src=\"https:\/\/www.youtube.com\/embed\/uKk6AG_AZls?feature=oembed\" frameborder=\"0\" allow=\"accelerometer; autoplay; clipboard-write; encrypted-media; gyroscope; picture-in-picture; web-share\" referrerpolicy=\"strict-origin-when-cross-origin\" allowfullscreen><\/iframe><\/p>\n<\/div><\/div>\n<div><\/div>\n<div class=\"txt\"><strong>\u0623\u0644\u0648\u0641\u0633\u00a0<\/strong>\u0645\u062c\u0627\u0631\u064a \u0647\u0648\u0627\u0621 \u0645\u0631\u0646\u0629 \u0645\u0646 \u0627\u0644\u0623\u0644\u0648\u0645\u0646\u064a\u0648\u0645 \u063a\u064a\u0631 \u0627\u0644\u0645\u0639\u0632\u0648\u0644 \u0645\u0646 GREEN \u060c \u062a\u0633\u062e\u064a\u0646 \u0628\u0627\u0644\u0636\u063a\u0637 \u0627\u0644\u0645\u0646\u062e\u0641\u0636 \u0648\u0627\u0644\u0645\u062a\u0648\u0633\u0637 \u060c<\/div>\n<div class=\"txt\">\u0645\u0635\u0645\u0645 \u062e\u0635\u064a\u0635\u064b\u0627 \u0644\u0623\u0646\u0638\u0645\u0629 \u0627\u0644\u062a\u0628\u0631\u064a\u062f \u0648\u0627\u0644\u062a\u0647\u0648\u064a\u0629 \u0648\u062a\u0643\u064a\u064a\u0641 \u0627\u0644\u0647\u0648\u0627\u0621 \u0648\u0627\u0644\u063a\u0627\u0632\u0627\u062a \u0627\u0644\u0639\u0627\u062f\u0645\u0629 \u060c<\/div>\n<div class=\"txt\">\u0648\u0647\u064a \u0639\u0628\u0627\u0631\u0629 \u0639\u0646 \u0645\u062c\u0631\u0649 \u0647\u0648\u0627\u0621 \u0645\u0631\u0646 \u063a\u064a\u0631 \u0645\u0639\u0632\u0648\u0644 (\u063a\u064a\u0631 \u0645\u0639\u0632\u0648\u0644). \u0645\u062a\u0639\u062f\u062f \u0627\u0644\u0637\u0628\u0642\u0627\u062a \u0627\u0644\u0623\u0644\u0648\u0645\u0646\u064a\u0648\u0645 \u0645\u063a\u0644\u0641\u0629 \u0648\u0627\u0644\u0628\u0648\u0644\u064a\u0633\u062a\u0631<\/div>\n<div class=\"txt\">\u064a\u062a\u0645 \u0625\u0646\u062a\u0627\u062c\u0647 \u0639\u0646 \u0637\u0631\u064a\u0642 \u062a\u0642\u0648\u064a\u0629 \u0627\u0644\u0645\u0648\u0627\u062f \u0628\u0623\u0633\u0644\u0627\u0643 \u0641\u0648\u0644\u0627\u0630\u064a\u0629 \u0644\u0648\u0644\u0628\u064a\u0629 \u0639\u0627\u0644\u064a\u0629 \u0627\u0644\u0634\u062f. ALUAFS GREEN \u0645\u0631\u0646<\/div>\n<div class=\"txt\">\u0645\u062c\u0627\u0631\u064a \u0627\u0644\u0647\u0648\u0627\u0621 \u0645\u062d\u0643\u0645\u0629 \u0627\u0644\u063a\u0644\u0642. ALUAFS GREEN \u060c \u0645\u0631\u0648\u0646\u0629 \u0639\u0627\u0644\u064a\u0629 \u0644\u0644\u063a\u0627\u064a\u0629 \u060c \u0648\u0627\u0644\u0627\u0646\u062d\u0646\u0627\u0621 \u0648\u0642\u0627\u0628\u0644\u064a\u0629 \u0627\u0644\u0627\u0646\u0636\u063a\u0627\u0637<\/div>\n<div class=\"txt\">\u0644\u062f\u064a\u0647 \u0627\u0644\u0645\u064a\u0632\u0629. \u0645\u0646 \u0627\u0644\u0633\u0647\u0644 \u062a\u062c\u0645\u064a\u0639\u0647\u0627 \u0641\u064a \u0645\u0641\u0627\u0635\u0644 \u0628\u064a\u0636\u0627\u0648\u064a\u0629 \u060c \u0645\u0633\u062a\u062f\u064a\u0631\u0629 \u0648\u0632\u0627\u0648\u064a\u0629. ALUAFS GREEN \u0645\u0631\u0646<\/div>\n<div class=\"txt\">\u062a\u0645 \u0641\u062d\u0635 \u0645\u062c\u0627\u0631\u064a \u0627\u0644\u0647\u0648\u0627\u0621 \u0628\u062d\u062b\u064b\u0627 \u0639\u0646 \u0645\u0626\u0627\u062a \u0627\u0644\u0645\u0648\u0627\u062f \u0627\u0644\u0643\u064a\u0645\u064a\u0627\u0626\u064a\u0629 \u060c \u0648\u0627\u062e\u062a\u0628\u0627\u0631\u0647\u0627 \u0641\u064a \u063a\u0631\u0641\u0629 \u0627\u062e\u062a\u0628\u0627\u0631 \u062f\u064a\u0646\u0627\u0645\u064a\u0643\u064a\u0629 \u0648\u0627\u0633\u062a\u0648\u0641\u062a \u0627\u0644\u0645\u0639\u0627\u064a\u064a\u0631 \u0627\u0644\u062f\u0627\u062e\u0644\u064a\u0629.<\/div>\n<div class=\"txt\">\u062a\u0645 \u062a\u0637\u0648\u064a\u0631\u0647 \u0644\u0628\u064a\u0626\u0627\u062a \u0645\u062b\u0644 \u0631\u064a\u0627\u0636 \u0627\u0644\u0623\u0637\u0641\u0627\u0644 \u0648\u0627\u0644\u0645\u062f\u0627\u0631\u0633 \u060c \u0645\u0639 \u0645\u0631\u0627\u0639\u0627\u0629 \u0627\u0644\u0637\u0628\u064a\u0639\u0629 \u0627\u0644\u062d\u0633\u0627\u0633\u0629 \u0644\u0644\u0623\u0637\u0641\u0627\u0644 \u060c<\/div>\n<div class=\"txt\">\u062a\u0645 \u0627\u0644\u062a\u0635\u062f\u064a\u0642 \u0639\u0644\u0649 \u0623\u0646\u0647 \u064a\u062a\u0648\u0627\u0641\u0642 \u0645\u0639 \u0627\u0644\u0645\u0639\u0627\u064a\u064a\u0631 \u0639\u0644\u0649 \u0627\u0644\u0645\u0633\u062a\u0648\u0649. \u0627\u0644\u0627\u0645\u062a\u062b\u0627\u0644 \u0644\u0645\u0639\u0627\u064a\u064a\u0631 Greenguard \u0644\u0644\u0627\u0646\u0628\u0639\u0627\u062b\u0627\u062a \u0627\u0644\u0643\u064a\u0645\u064a\u0627\u0626\u064a\u0629 \u060c<\/div>\n<div class=\"txt\">\u0628\u0627\u0633\u062a\u062e\u062f\u0627\u0645 \u0645\u062c\u0627\u0631\u064a \u0627\u0644\u0647\u0648\u0627\u0621 \u0627\u0644\u0645\u0631\u0646\u0629 ALUAFS GREEN \u0627\u0644\u0645\u0639\u062a\u0645\u062f\u0629 \u060c \u0627\u0644\u062e\u0627\u0644\u064a\u0629 \u0645\u0646 \u0627\u0644\u0627\u0646\u0628\u0639\u0627\u062b\u0627\u062a \u062a\u0642\u0631\u064a\u0628\u064b\u0627.<\/div>\n<div class=\"txt\">\u062a\u0623\u0643\u062f \u0645\u0646 \u062c\u0648\u062f\u0629 \u0627\u0644\u0647\u0648\u0627\u0621 \u0627\u0644\u062f\u0627\u062e\u0644\u064a. \u0627\u0644\u0623\u0628\u0639\u0627\u062f \u0648\u0627\u0644\u062a\u0641\u0627\u0648\u062a\u0627\u062a \u0648\u0627\u0644\u062e\u0635\u0627\u0626\u0635 \u0627\u0644\u0645\u064a\u0643\u0627\u0646\u064a\u0643\u064a\u0629 \u0644\u0645\u062c\u0627\u0631\u064a \u0627\u0644\u0647\u0648\u0627\u0621 \u0627\u0644\u0645\u0631\u0646\u0629 ALUAFS GREEN<\/div>\n<div class=\"txt\">\u064a\u062a\u0645 \u0627\u062e\u062a\u0628\u0627\u0631 \u062e\u0635\u0627\u0626\u0635 \u0627\u0644\u0642\u0648\u0629 \u0648\u062a\u0635\u0646\u064a\u0641\u0647\u0627 \u0648\u0627\u0639\u062a\u0645\u0627\u062f\u0647\u0627 \u0648\u0641\u0642\u064b\u0627 \u0644\u0645\u0639\u064a\u0627\u0631 EN 13180.<\/div>\n<h4>\u0627\u0644\u0645\u064a\u0632\u0627\u062a \u0648\u0627\u0644\u0641\u0648\u0627\u0626\u062f<\/h4>\n<div class=\"wrp clearfix\">\n<div class=\"tripleContent\">\n<p><b>\u0627\u0644\u0628\u0646\u0627\u0621 \u0627\u0644\u0645\u0635\u0641\u062d \u0628\u0627\u0644\u0623\u0644\u0645\u0646\u064a\u0648\u0645<\/b><\/p>\n<div class=\"txt\">\n<ul>\n<li>\u063a\u064a\u0631 \u0642\u0627\u0628\u0644 \u0644\u0644\u0627\u0634\u062a\u0639\u0627\u0644 (ALUAFS.70)<\/li>\n<li>\u0628\u0627\u0644\u0643\u0627\u062f \u0642\u0627\u0628\u0644 \u0644\u0644\u0627\u0634\u062a\u0639\u0627\u0644 (ALUAFS.F)<\/li>\n<li>\u0644\u0627 \u064a\u0645\u0631 \u0628\u0627\u0644\u0623\u0634\u0639\u0629 \u0641\u0648\u0642 \u0627\u0644\u0628\u0646\u0641\u0633\u062c\u064a\u0629<\/li>\n<li>\u0645\u0642\u0627\u0648\u0645\u0629 \u0639\u0627\u0644\u064a\u0629 \u0644\u0644\u0623\u0634\u0639\u0629 \u0641\u0648\u0642 \u0627\u0644\u0628\u0646\u0641\u0633\u062c\u064a\u0629<\/li>\n<li>% 98 \u0645\u064a\u0632\u0629 \u0639\u0627\u0643\u0633\u0629<\/li>\n<li>\u0645\u0642\u0627\u0648\u0645\u0629 \u0643\u064a\u0645\u064a\u0627\u0626\u064a\u0629<\/li>\n<\/ul>\n<\/div>\n<\/div>\n<div class=\"tripleContent\">\n<p><b>\u0647\u064a\u0643\u0644 \u0645\u0631\u0646 \u0648\u0645\u0633\u062a\u0645\u0631<\/b><\/p>\n<div class=\"txt\">\n<ul>\n<li>\u0633\u0647\u0648\u0644\u0629 \u0627\u0644\u062a\u062e\u0632\u064a\u0646<\/li>\n<li>\u0633\u0647\u0648\u0644\u0629 \u0627\u0644\u0646\u0642\u0644<\/li>\n<li>\u0627\u0646\u062e\u0641\u0627\u0636 \u062a\u0643\u0627\u0644\u064a\u0641 \u0627\u0644\u0639\u0645\u0627\u0644\u0629<\/li>\n<li>\u0645\u0642\u0627\u0648\u0645\u0629 \u0639\u0627\u0644\u064a\u0629 \u0644\u0644\u062a\u0645\u0632\u0642 \u0648\u0627\u0644\u062a\u0623\u062b\u064a\u0631\u0627\u062a<\/li>\n<li>\u0636\u064a\u0642 \u0627\u0644\u0647\u0648\u0627\u0621<\/li>\n<li>\u0643\u0641\u0627\u0621\u0629 \u0627\u0644\u0637\u0627\u0642\u0629<\/li>\n<li>\u062a\u0643\u0627\u0644\u064a\u0641 \u062a\u0634\u063a\u064a\u0644 \u0648\u0635\u064a\u0627\u0646\u0629 \u0645\u0646\u062e\u0641\u0636\u0629<\/li>\n<\/ul>\n<\/div>\n<\/div>\n<div class=\"tripleContent\">\n<p><b>\u062c\u062f\u0627\u0631 \u062f\u0627\u062e\u0644\u064a \u0646\u0627\u0639\u0645<\/b><\/p>\n<div class=\"txt\">\n<ul>\n<li>\u0641\u0642\u062f\u0627\u0646 \u0627\u0644\u0636\u063a\u0637 \u0627\u0644\u0645\u0646\u062e\u0641\u0636<\/li>\n<li>\u0645\u0635\u0627\u0631\u064a\u0641 \u062a\u0634\u063a\u064a\u0644 \u0645\u0646\u062e\u0641\u0636\u0629<\/li>\n<li>\u0644\u0627 \u0627\u062d\u062a\u0628\u0627\u0633 \u0627\u0644\u062c\u0633\u064a\u0645\u0627\u062a<\/li>\n<\/ul>\n<\/div>\n<\/div>\n<\/div>\n<div class=\"wrp clearfix\">\n<div class=\"tripleContent\">\n<p><b>\u0633\u0644\u0643 \u0641\u0648\u0644\u0627\u0630\u064a \u0639\u0627\u0644\u064a \u0627\u0644\u0634\u062f<\/b><\/p>\n<div class=\"txt\">\n<ul>\n<li>\u0642\u0648\u0629 \u0639\u0627\u0644\u064a\u0629<\/li>\n<li>\u063a\u064a\u0631 \u0645\u0634\u0648\u0647<\/li>\n<li>\u0645\u0648\u0646\u062a\u0627\u062c \u0633\u0647\u0644<\/li>\n<\/ul>\n<\/div>\n<\/div>\n<\/div>","protected":false},"excerpt":{"rendered":"<p>ALUAFS GREEN Greenguard sertifikal\u0131, izolesiz, aluminyum flexible hava kanallar\u0131 Genel \u00d6zellikler Flexible Kanal Konstr\u00fcksiyonu 3 kat Al\u00fcminyum + 1 kat Polyester Flexible Kanal Nominal Kal\u0131nl\u0131\u011f\u0131 74 mikron \u00c7ap Aral\u0131\u011f\u0131 82 mm &#8211; 800 mm \u00c7al\u0131\u015fma S\u0131cakl\u0131\u011f\u0131 Aral\u0131\u011f\u0131 -30 \u00b0C \/ +250 \u00b0C Hava Ak\u0131\u015f H\u0131z\u0131 30 m\/s (maksimum) \u00c7al\u0131\u015fma Bas\u0131nc\u0131 3000 Pa (maksimum) Standart Uzunluk [&#8230;]\n","protected":false},"featured_media":6962,"comment_status":"open","ping_status":"closed","template":"","meta":{"jetpack_post_was_ever_published":false},"product_brand":[],"product_cat":[135],"product_tag":[265,264,260,261,258,268,266,262,259,267,263,450,451],"class_list":{"0":"post-587","1":"product","2":"type-product","3":"status-publish","4":"has-post-thumbnail","6":"product_cat-esnek-aluminyum-hava-kanali","7":"product_tag-bukulme","8":"product_tag-esneme","9":"product_tag-havalandirma-ve-iklimlendirme-sistemleri","10":"product_tag-helezon-celik","11":"product_tag-isitma","12":"product_tag-kimyasal-direnc","13":"product_tag-sikistirilabilme","14":"product_tag-sizdirmaz","15":"product_tag-sogutma","16":"product_tag-tasima-kolayligi","17":"product_tag-yogusmayi-engelleme","18":"product_tag-zor-alevlenici","19":"product_tag-zor-yanici","21":"first","22":"instock","23":"taxable","24":"shipping-taxable","25":"product-type-variable"},"jetpack-related-posts":[{"id":581,"url":"https:\/\/tuzlahortum.com.tr\/ar\/product\/aluafs-70-green\/","url_meta":{"origin":587,"position":0},"title":"\u0623\u0644\u0648\u0641\u0633 70 \u0623\u062e\u0636\u0631","author":"admin","date":"6 \u0641\u0628\u0631\u0627\u064a\u0631 2019","format":false,"excerpt":"ALUAFS.70 GREEN Flexible Kanal Konstr\u00fcksiyonu 3 kat Al\u00fcminyum + 2 kat Polyester Flexible Kanal Nominal Kal\u0131nl\u0131\u011f\u0131 70 mikron \u00c7ap Aral\u0131\u011f\u0131 52 mm - 800 mm \u00c7al\u0131\u015fma S\u0131cakl\u0131\u011f\u0131 Aral\u0131\u011f\u0131 -30 \u00b0C \/ +150 \u00b0C Hava Ak\u0131\u015f H\u0131z\u0131 30 m\/s (maksimum) \u00c7al\u0131\u015fma Bas\u0131nc\u0131 3000 Pa (maksimum) Standart Uzunluk 10 m Paketleme Tekli\u2026","rel":"","context":"\u062a\u062f\u0648\u064a\u0646\u0629 \u0645\u0634\u0627\u0628\u0647\u0629","block_context":{"text":"\u062a\u062f\u0648\u064a\u0646\u0629 \u0645\u0634\u0627\u0628\u0647\u0629","link":""},"img":{"alt_text":"","src":"https:\/\/i0.wp.com\/tuzlahortum.com.tr\/wp-content\/uploads\/2019\/03\/ALUAFS.70-GREEN.png?fit=800%2C800&ssl=1&resize=350%2C200","width":350,"height":200,"srcset":"https:\/\/i0.wp.com\/tuzlahortum.com.tr\/wp-content\/uploads\/2019\/03\/ALUAFS.70-GREEN.png?fit=800%2C800&ssl=1&resize=350%2C200 1x, https:\/\/i0.wp.com\/tuzlahortum.com.tr\/wp-content\/uploads\/2019\/03\/ALUAFS.70-GREEN.png?fit=800%2C800&ssl=1&resize=525%2C300 1.5x, https:\/\/i0.wp.com\/tuzlahortum.com.tr\/wp-content\/uploads\/2019\/03\/ALUAFS.70-GREEN.png?fit=800%2C800&ssl=1&resize=700%2C400 2x"},"classes":[]},{"id":588,"url":"https:\/\/tuzlahortum.com.tr\/ar\/product\/aluafs-hijyen-green\/","url_meta":{"origin":587,"position":1},"title":"\u0627\u0644\u0623\u0648\u0641\u0633 \u0627\u0644\u0646\u0638\u0627\u0641\u0629 \u0627\u0644\u062e\u0636\u0631\u0627\u0621","author":"admin","date":"6 \u0641\u0628\u0631\u0627\u064a\u0631 2019","format":false,"excerpt":"ALUAFS H\u0130JYEN GREENGreenguard sertifikal\u0131, izolesiz, hijyen al\u00fcminyum flexible hava kanallar\u0131 Genel \u00d6zellikler Flexible Kanal Konstr\u00fcksiyonu 3 kat Al\u00fcminyum + 2 kat Polyester + Hijyen Kaplama Flexible Kanal Nominal Kal\u0131nl\u0131\u011f\u0131 70 mikron + Hijyen Kaplama \u00c7ap Aral\u0131\u011f\u0131 82 mm - 800 mm \u00c7al\u0131\u015fma S\u0131cakl\u0131\u011f\u0131 Aral\u0131\u011f\u0131 -30 \u00b0C \/ +150 \u00b0C Hava\u2026","rel":"","context":"\u062a\u062f\u0648\u064a\u0646\u0629 \u0645\u0634\u0627\u0628\u0647\u0629","block_context":{"text":"\u062a\u062f\u0648\u064a\u0646\u0629 \u0645\u0634\u0627\u0628\u0647\u0629","link":""},"img":{"alt_text":"","src":"https:\/\/i0.wp.com\/tuzlahortum.com.tr\/wp-content\/uploads\/2019\/03\/ALUAFS-HYGIENE-GREEN.png?fit=800%2C800&ssl=1&resize=350%2C200","width":350,"height":200,"srcset":"https:\/\/i0.wp.com\/tuzlahortum.com.tr\/wp-content\/uploads\/2019\/03\/ALUAFS-HYGIENE-GREEN.png?fit=800%2C800&ssl=1&resize=350%2C200 1x, https:\/\/i0.wp.com\/tuzlahortum.com.tr\/wp-content\/uploads\/2019\/03\/ALUAFS-HYGIENE-GREEN.png?fit=800%2C800&ssl=1&resize=525%2C300 1.5x, https:\/\/i0.wp.com\/tuzlahortum.com.tr\/wp-content\/uploads\/2019\/03\/ALUAFS-HYGIENE-GREEN.png?fit=800%2C800&ssl=1&resize=700%2C400 2x"},"classes":[]},{"id":586,"url":"https:\/\/tuzlahortum.com.tr\/ar\/product\/aluafs-forte-green\/","url_meta":{"origin":587,"position":2},"title":"\u0623\u0644\u0648\u0641\u0633 \u0641\u0648\u0631\u062a \u062c\u0631\u064a\u0646","author":"admin","date":"6 \u0641\u0628\u0631\u0627\u064a\u0631 2019","format":false,"excerpt":"ALUAFS FORTE GREENGreenguard sertifikal\u0131, y\u00fcksek mukavemetli, izolesiz aluminyum flexible hava kanallar\u0131 Genel \u00d6zellikler Flexible Kanal Konstr\u00fcksiyonu 3 kat Al\u00fcminyum + 2 kat Polyester Flexible Kanal Nominal Kal\u0131nl\u0131\u011f\u0131 70 mikron \u00c7ap Aral\u0131\u011f\u0131 52 mm - 800 mm \u00c7al\u0131\u015fma S\u0131cakl\u0131\u011f\u0131 Aral\u0131\u011f\u0131 -30 \u00b0C \/ +150 \u00b0C Hava Ak\u0131\u015f H\u0131z\u0131 30 m\/s (maksimum)\u2026","rel":"","context":"\u062a\u062f\u0648\u064a\u0646\u0629 \u0645\u0634\u0627\u0628\u0647\u0629","block_context":{"text":"\u062a\u062f\u0648\u064a\u0646\u0629 \u0645\u0634\u0627\u0628\u0647\u0629","link":""},"img":{"alt_text":"","src":"https:\/\/i0.wp.com\/tuzlahortum.com.tr\/wp-content\/uploads\/2019\/03\/ALUAFS.70-FORTE-GREEN.png?fit=800%2C800&ssl=1&resize=350%2C200","width":350,"height":200,"srcset":"https:\/\/i0.wp.com\/tuzlahortum.com.tr\/wp-content\/uploads\/2019\/03\/ALUAFS.70-FORTE-GREEN.png?fit=800%2C800&ssl=1&resize=350%2C200 1x, https:\/\/i0.wp.com\/tuzlahortum.com.tr\/wp-content\/uploads\/2019\/03\/ALUAFS.70-FORTE-GREEN.png?fit=800%2C800&ssl=1&resize=525%2C300 1.5x, https:\/\/i0.wp.com\/tuzlahortum.com.tr\/wp-content\/uploads\/2019\/03\/ALUAFS.70-FORTE-GREEN.png?fit=800%2C800&ssl=1&resize=700%2C400 2x"},"classes":[]},{"id":590,"url":"https:\/\/tuzlahortum.com.tr\/ar\/product\/isoafs-alu-green\/","url_meta":{"origin":587,"position":3},"title":"ISOAFS-ALU GREEN","author":"admin","date":"6 \u0641\u0628\u0631\u0627\u064a\u0631 2019","format":false,"excerpt":"ISOAFS-ALU GREENGreenguard Sertifikal\u0131 Is\u0131 \u0130zoleli Al\u00fcminyum Flexible Hava Kanallar\u0131 Tipler ISOAFS-ALU.70 GREEN ISOAFS-ALU F GREEN Genel \u00d6zellikler Flexible Kanal Konstr\u00fcksiyonu 3 kat Al\u00fcminyum + 1 kat Polyester Flexible Kanal Nominal Kal\u0131nl\u0131\u011f\u0131 74 mikron Ceket Kontr\u00fcksiyonu 1 kat Al\u00fcminyum + 2 kat Polyester Ceket Nominal Kal\u0131nl\u0131\u011f\u0131 45 mikron \u0130zolasyon - Kal\u0131nl\u0131k\u2026","rel":"","context":"\u062a\u062f\u0648\u064a\u0646\u0629 \u0645\u0634\u0627\u0628\u0647\u0629","block_context":{"text":"\u062a\u062f\u0648\u064a\u0646\u0629 \u0645\u0634\u0627\u0628\u0647\u0629","link":""},"img":{"alt_text":"","src":"https:\/\/i0.wp.com\/tuzlahortum.com.tr\/wp-content\/uploads\/2019\/03\/ISOAFS-ALU.70-GREEN.png?fit=800%2C800&ssl=1&resize=350%2C200","width":350,"height":200,"srcset":"https:\/\/i0.wp.com\/tuzlahortum.com.tr\/wp-content\/uploads\/2019\/03\/ISOAFS-ALU.70-GREEN.png?fit=800%2C800&ssl=1&resize=350%2C200 1x, https:\/\/i0.wp.com\/tuzlahortum.com.tr\/wp-content\/uploads\/2019\/03\/ISOAFS-ALU.70-GREEN.png?fit=800%2C800&ssl=1&resize=525%2C300 1.5x, https:\/\/i0.wp.com\/tuzlahortum.com.tr\/wp-content\/uploads\/2019\/03\/ISOAFS-ALU.70-GREEN.png?fit=800%2C800&ssl=1&resize=700%2C400 2x"},"classes":[]},{"id":583,"url":"https:\/\/tuzlahortum.com.tr\/ar\/product\/isoafs-alu-forte-green\/","url_meta":{"origin":587,"position":4},"title":"ISOAFS-ALU FORTE GREEN","author":"admin","date":"6 \u0641\u0628\u0631\u0627\u064a\u0631 2019","format":false,"excerpt":"ISOAFS-ALU FORTE GREENGreenguard Sertifikal\u0131 Is\u0131 \u0130zoleli Al\u00fcminyum Y\u00fcksek Mukavemetli Flexible Hava Kanallar\u0131 Tipler ISOAFS-ALU.F FORTE GREEN Genel \u00d6zellikler Flexible Kanal Konstr\u00fcksiyonu 3 kat Al\u00fcminyum + 2 kat Polyester Flexible Kanal Nominal Kal\u0131nl\u0131\u011f\u0131 70 mikron Ceket Kontr\u00fcksiyonu 1 kat Al\u00fcminyum + 2 kat Polyester Ceket Nominal Kal\u0131nl\u0131\u011f\u0131 45 mikron \u0130zolasyon -\u2026","rel":"","context":"\u062a\u062f\u0648\u064a\u0646\u0629 \u0645\u0634\u0627\u0628\u0647\u0629","block_context":{"text":"\u062a\u062f\u0648\u064a\u0646\u0629 \u0645\u0634\u0627\u0628\u0647\u0629","link":""},"img":{"alt_text":"","src":"https:\/\/i0.wp.com\/tuzlahortum.com.tr\/wp-content\/uploads\/2019\/03\/ISOAFS-ALU.70-FORTE-GREEN.png?fit=800%2C800&ssl=1&resize=350%2C200","width":350,"height":200,"srcset":"https:\/\/i0.wp.com\/tuzlahortum.com.tr\/wp-content\/uploads\/2019\/03\/ISOAFS-ALU.70-FORTE-GREEN.png?fit=800%2C800&ssl=1&resize=350%2C200 1x, https:\/\/i0.wp.com\/tuzlahortum.com.tr\/wp-content\/uploads\/2019\/03\/ISOAFS-ALU.70-FORTE-GREEN.png?fit=800%2C800&ssl=1&resize=525%2C300 1.5x, https:\/\/i0.wp.com\/tuzlahortum.com.tr\/wp-content\/uploads\/2019\/03\/ISOAFS-ALU.70-FORTE-GREEN.png?fit=800%2C800&ssl=1&resize=700%2C400 2x"},"classes":[]},{"id":585,"url":"https:\/\/tuzlahortum.com.tr\/ar\/product\/sonoafs-alu-green\/","url_meta":{"origin":587,"position":5},"title":"\u0635\u0648\u0646\u0627\u0641\u0633 \u0623\u0644\u0648 \u062c\u0631\u064a\u0646","author":"admin","date":"6 \u0641\u0628\u0631\u0627\u064a\u0631 2019","format":false,"excerpt":"SONOAFS-ALU GREENGreenguard Sertifikal\u0131 Is\u0131 ve Ses \u0130zoleli Al\u00fcminyum Flexible Hava Kanallar\u0131 Flexible Kanal Konstr\u00fcksiyonu [3 kat Al\u00fcminyum + 2 kat Polyester] (Perfore) \/ Bariyer Flexible Kanal Nominal Kal\u0131nl\u0131\u011f\u0131 70 mikron Ceket Kontr\u00fcksiyonu 1 kat Al\u00fcminyum + 2 kat Polyester Ceket Nominal Kal\u0131nl\u0131\u011f\u0131 45 mikron \u0130zolasyon - Kal\u0131nl\u0131k - Yo\u011funluk Cam\u2026","rel":"","context":"\u062a\u062f\u0648\u064a\u0646\u0629 \u0645\u0634\u0627\u0628\u0647\u0629","block_context":{"text":"\u062a\u062f\u0648\u064a\u0646\u0629 \u0645\u0634\u0627\u0628\u0647\u0629","link":""},"img":{"alt_text":"","src":"https:\/\/i0.wp.com\/tuzlahortum.com.tr\/wp-content\/uploads\/2019\/03\/SONOAFS-ALU.70B-GREEN.png?fit=800%2C800&ssl=1&resize=350%2C200","width":350,"height":200,"srcset":"https:\/\/i0.wp.com\/tuzlahortum.com.tr\/wp-content\/uploads\/2019\/03\/SONOAFS-ALU.70B-GREEN.png?fit=800%2C800&ssl=1&resize=350%2C200 1x, https:\/\/i0.wp.com\/tuzlahortum.com.tr\/wp-content\/uploads\/2019\/03\/SONOAFS-ALU.70B-GREEN.png?fit=800%2C800&ssl=1&resize=525%2C300 1.5x, https:\/\/i0.wp.com\/tuzlahortum.com.tr\/wp-content\/uploads\/2019\/03\/SONOAFS-ALU.70B-GREEN.png?fit=800%2C800&ssl=1&resize=700%2C400 2x"},"classes":[]}],"jetpack_sharing_enabled":true,"jetpack_likes_enabled":true,"_links":{"self":[{"href":"https:\/\/tuzlahortum.com.tr\/ar\/wp-json\/wp\/v2\/product\/587","targetHints":{"allow":["GET"]}}],"collection":[{"href":"https:\/\/tuzlahortum.com.tr\/ar\/wp-json\/wp\/v2\/product"}],"about":[{"href":"https:\/\/tuzlahortum.com.tr\/ar\/wp-json\/wp\/v2\/types\/product"}],"replies":[{"embeddable":true,"href":"https:\/\/tuzlahortum.com.tr\/ar\/wp-json\/wp\/v2\/comments?post=587"}],"wp:featuredmedia":[{"embeddable":true,"href":"https:\/\/tuzlahortum.com.tr\/ar\/wp-json\/wp\/v2\/media\/6962"}],"wp:attachment":[{"href":"https:\/\/tuzlahortum.com.tr\/ar\/wp-json\/wp\/v2\/media?parent=587"}],"wp:term":[{"taxonomy":"product_brand","embeddable":true,"href":"https:\/\/tuzlahortum.com.tr\/ar\/wp-json\/wp\/v2\/product_brand?post=587"},{"taxonomy":"product_cat","embeddable":true,"href":"https:\/\/tuzlahortum.com.tr\/ar\/wp-json\/wp\/v2\/product_cat?post=587"},{"taxonomy":"product_tag","embeddable":true,"href":"https:\/\/tuzlahortum.com.tr\/ar\/wp-json\/wp\/v2\/product_tag?post=587"}],"curies":[{"name":"\u062f\u0628\u0644\u064a\u0648 \u0628\u064a","href":"https:\/\/api.w.org\/{rel}","templated":true}]}}