{"id":574,"date":"2019-02-06T23:46:07","date_gmt":"2019-02-06T20:46:07","guid":{"rendered":"http:\/\/hortum.com.tr\/product\/import-placeholder-for-504\/"},"modified":"2024-03-21T17:45:15","modified_gmt":"2024-03-21T14:45:15","slug":"trelleborg-klegaine-gsv","status":"publish","type":"product","link":"https:\/\/tuzlahortum.com.tr\/ar\/product\/trelleborg-klegaine-gsv\/","title":{"rendered":"Trelleborg KLEGAINE GSV"},"content":{"rendered":"<h2>Trelleborg KLEGAINE GSV<\/h2>\n<div>\u062e\u0631\u0627\u0637\u064a\u0645 \u0635\u0646\u0627\u0639\u064a\u0629 \/ PVC<\/div>\n<div>\u0646\u0638\u0627\u0645 \u0645\u062a\u064a\u0646 \u0648\u0645\u0631\u0646 \u0644\u0644\u063a\u0627\u064a\u0629 \u0645\u0639 \u0627\u0644\u0639\u062f\u064a\u062f \u0645\u0646 \u0627\u0644\u0627\u0633\u062a\u062e\u062f\u0627\u0645\u0627\u062a \u0628\u0645\u0627 \u0641\u064a \u0630\u0644\u0643 \u0625\u0632\u0627\u0644\u0629 \u0627\u0644\u0647\u0648\u0627\u0621 \u0648\u0627\u0644\u063a\u0628\u0627\u0631 \u0648\u0627\u0644\u062f\u062e\u0627\u0646.<\/div>\n<div>\u0625\u0646\u0647\u0627 \u0645\u0646\u0627\u0633\u0628\u0629 \u0628\u0634\u0643\u0644 \u062e\u0627\u0635 \u0644\u0644\u0645\u0643\u0627\u0646\u0633 \u0627\u0644\u0643\u0647\u0631\u0628\u0627\u0626\u064a\u0629 \u0627\u0644\u0645\u0646\u0632\u0644\u064a\u0629 \u0648\u0627\u0644\u0635\u0646\u0627\u0639\u064a\u0629 \u0646\u0638\u0631\u064b\u0627 \u0644\u062e\u0635\u0627\u0626\u0635 \u062d\u0645\u0644\u0647\u0627 \u0648\u0645\u0638\u0647\u0631\u0647\u0627 \u0627\u0644\u062c\u0630\u0627\u0628.<\/div>\n<div>\u0645\u0632\u0627\u064a\u0627<\/div>\n<div>* \u0625\u0646\u0647 \u062e\u0641\u064a\u0641 \u0648\u0633\u0647\u0644 \u0627\u0644\u062d\u0645\u0644.<\/div>\n<div>* \u0647\u064a\u0643\u0644 \u0645\u062a\u0639\u062f\u062f \u0627\u0644\u0637\u0628\u0642\u0627\u062a \u0648\u0644\u0648\u0644\u0628 \u0641\u0648\u0644\u0627\u0630\u064a \u0644\u0645\u0631\u0648\u0646\u0629 \u0639\u0627\u0644\u064a\u0629.<\/div>\n<div>* \u0644\u0627 \u064a\u0646\u0643\u0633\u0631 \u0639\u0646\u062f \u0627\u0644\u0627\u0646\u062d\u0646\u0627\u0621 \u060c \u0648\u064a\u0648\u0641\u0631 \u0623\u0642\u0635\u0649 \u0642\u062f\u0631 \u0645\u0646 \u0627\u0644\u062a\u062f\u0641\u0642.<\/div>\n<div>* \u0645\u0631\u0648\u0646\u0629 \u0645\u0645\u062a\u0627\u0632\u0629 \u0628\u0633\u0628\u0628 \u0642\u0648\u0629 \u0627\u0644\u0634\u062f \u0627\u0644\u0639\u0627\u0644\u064a\u0629 \u0648\u0627\u0644\u0623\u0633\u0644\u0627\u0643 \u0627\u0644\u0645\u062d\u0648\u0631\u064a\u0629 \u0648\u0627\u0644\u062d\u0644\u0632\u0648\u0646\u064a\u0629.<\/div>\n<div>* \u0627\u0644\u0647\u064a\u0643\u0644 \u0630\u0648 \u0627\u0644\u062c\u062f\u0631\u0627\u0646 \u0627\u0644\u0645\u0632\u062f\u0648\u062c\u0629 \u064a\u0639\u0637\u064a \u0645\u0642\u0627\u0648\u0645\u0629 \u062c\u064a\u062f\u0629 \u0644\u0644\u062a\u0622\u0643\u0644.<\/div>\n<div>* \u062a\u0635\u0645\u064a\u0645 \u062e\u0627\u0635 \u062c\u062f\u0627 \u060c \u0645\u0646\u062a\u062c \u0641\u0631\u064a\u062f.<\/div>\n<div>\u0627\u0644\u0648\u0635\u0641 \u0627\u0644\u0641\u0646\u064a<\/div>\n<div>\u0627\u0644\u0623\u0646\u0628\u0648\u0628 \u0627\u0644\u062f\u0627\u062e\u0644\u064a: \u0628\u0648\u0644\u064a \u0643\u0644\u0648\u0631\u064a\u062f \u0627\u0644\u0641\u064a\u0646\u064a\u0644 \u060c \u0623\u0633\u0648\u062f.<\/div>\n<div>\u0627\u0644\u062a\u0639\u0632\u064a\u0632: \u0623\u0644\u064a\u0627\u0641 \u062a\u0631\u0643\u064a\u0628\u064a\u0629 \u0645\u062d\u0648\u0631\u064a\u0629 \u0648\u062d\u0644\u0632\u0648\u0646\u064a\u0629 \u060c \u0628\u064a\u0636\u0627\u0621 \u0645\u0637\u0644\u064a\u0629 \u0628\u0640 PVC \u060c \u0632\u0646\u0628\u0631\u0643 \u0641\u0648\u0644\u0627\u0630\u064a \u0645\u0631\u0626\u064a \u0645\u062f\u0645\u062c \u0641\u064a \u0627\u0644\u062c\u0633\u0645.<\/div>\n<div>\u0637\u0644\u0627\u0621: \u0628\u0648\u0644\u064a \u0643\u0644\u0648\u0631\u064a\u062f \u0627\u0644\u0641\u064a\u0646\u064a\u0644 \u060c \u0634\u0641\u0627\u0641 \u060c \u0645\u0645\u0648\u062c.<\/div>\n<div>\u0646\u0637\u0627\u0642 \u062f\u0631\u062c\u0629 \u0627\u0644\u062d\u0631\u0627\u0631\u0629: -5 \u062f\u0631\u062c\u0629 \u0645\u0626\u0648\u064a\u0629 \u0625\u0644\u0649 + 80 \u062f\u0631\u062c\u0629 \u0645\u0626\u0648\u064a\u0629.<\/div>\n<div>\u0627\u0644\u062e\u0648\u0627\u0635 \u0627\u0644\u0643\u0647\u0631\u0628\u0627\u0626\u064a\u0629: \u063a\u064a\u0631 \u0645\u0648\u0635\u0644\u0629 \u0644\u0644\u0643\u0647\u0631\u0628\u0627\u0621. \u0625\u0630\u0627 \u0643\u0627\u0646\u062a \u0627\u0644\u062a\u0648\u0635\u064a\u0644\u064a\u0629 \u0645\u0637\u0644\u0648\u0628\u0629 \u060c \u064a\u062a\u0645 \u0643\u0634\u0641 \u0637\u0631\u0641\u064a \u0627\u0644\u0644\u0648\u0644\u0628.<\/div>\n<div>\u064a\u0645\u0643\u0646 \u062a\u0648\u0635\u064a\u0644\u0647 \u0628\u0627\u0644\u0633\u062d\u0627\u0628\u0627\u062a \/ \u0627\u0644\u062d\u0644\u0642\u0627\u062a.<\/div>\n<div>\u0627\u0644\u0646\u0642\u0627\u0628\u0627\u062a \/ \u0627\u0644\u062a\u0631\u0643\u064a\u0628\u0627\u062a<\/div>\n<div>\u0627\u0644\u0645\u0639\u064a\u0627\u0631: \u0627\u062a\u0635\u0627\u0644 \u0627\u0644\u0645\u0634\u0628\u0643.<\/div>\n<div>\u0627\u0644\u062e\u064a\u0627\u0631: PVC \u0623\u0633\u0648\u062f \u060c \u064a\u0645\u0643\u0646 \u062a\u062b\u0628\u064a\u062a\u0647 \u0639\u0644\u0649 \u0627\u0644\u062a\u0631\u0643\u064a\u0628\u0627\u062a \u060c \u0627\u0644\u062e\u0637\u0648\u0629 \u0627\u0644\u064a\u0633\u0631\u0649 \u060c 25 \u060c 32 \u060c 38 \u060c 51 \u060c 63 \u0645\u0645 \u0639\u0646\u062f \u0627\u0644\u0637\u0644\u0628<\/div>\n<div>\u064a\u062a\u0645 \u062a\u0648\u0641\u064a\u0631\u0647 \u0641\u064a.<\/div>\n<div>\u0645\u0639\u0644\u0648\u0645\u0627\u062a \u0625\u0636\u0627\u0641\u064a\u0629<\/div>\n<div>\u0627\u0644\u0628\u064a\u0627\u0646\u0627\u062a \u0627\u0644\u0641\u0646\u064a\u0629 \u0644\u0638\u0631\u0648\u0641 \u0627\u0644\u062a\u0634\u063a\u064a\u0644 \u0639\u0646\u062f 20 \u062f\u0631\u062c\u0629 \u0645\u0626\u0648\u064a\u0629.<\/div>\n<div class=\"video video-fit mb\" style=\"padding-top:56.25%;\"><p><iframe loading=\"lazy\" title=\"\u0627\u0631\u062a\u0628\u0627\u0643 \u0627\u0644\u0642\u064a\u0627\u0633 (\u0628\u0648\u0635\u0629\u060c \u0625\u0635\u0628\u0639\u060c \u0636\u0628\u0627\u0628\u060c \u0645\u0644\u0644\u064a\u0645\u062a\u0631)\" width=\"1020\" height=\"574\" src=\"https:\/\/www.youtube.com\/embed\/uKk6AG_AZls?feature=oembed\" frameborder=\"0\" allow=\"accelerometer; autoplay; clipboard-write; encrypted-media; gyroscope; picture-in-picture; web-share\" referrerpolicy=\"strict-origin-when-cross-origin\" allowfullscreen><\/iframe><\/p>\n<\/div>\n<div class=\"video video-fit mb\" style=\"padding-top:56.25%;\"><p>https:\/\/www.youtube.com\/watch?v=O8ZlzKEjfEQ%20<\/p>\n<\/div>\n<p><img data-recalc-dims=\"1\" loading=\"lazy\" decoding=\"async\" class=\"alignnone size-full wp-image-2145\" src=\"https:\/\/i0.wp.com\/tuzlahortum.com.tr\/wp-content\/uploads\/urunler\/trelleborg\/TRELLEBORG-KLEGAINE-GSV.jpg?resize=919%2C352&#038;ssl=1\" alt=\"\" width=\"919\" height=\"352\" title=\"\" srcset=\"https:\/\/i0.wp.com\/tuzlahortum.com.tr\/wp-content\/uploads\/urunler\/trelleborg\/TRELLEBORG-KLEGAINE-GSV.jpg?w=919&amp;ssl=1 919w, https:\/\/i0.wp.com\/tuzlahortum.com.tr\/wp-content\/uploads\/urunler\/trelleborg\/TRELLEBORG-KLEGAINE-GSV.jpg?resize=800%2C306&amp;ssl=1 800w, https:\/\/i0.wp.com\/tuzlahortum.com.tr\/wp-content\/uploads\/urunler\/trelleborg\/TRELLEBORG-KLEGAINE-GSV.jpg?resize=768%2C294&amp;ssl=1 768w, https:\/\/i0.wp.com\/tuzlahortum.com.tr\/wp-content\/uploads\/urunler\/trelleborg\/TRELLEBORG-KLEGAINE-GSV.jpg?resize=600%2C230&amp;ssl=1 600w\" sizes=\"auto, (max-width: 919px) 100vw, 919px\" \/><\/p>","protected":false},"excerpt":{"rendered":"<p>Trelleborg KLEGAINE GSV End\u00fcstriyel hortumlar\/PVC Hava, toz ve duman uzakla\u015ft\u0131rma da dahil olmak \u00fczere bir\u00e7ok kullan\u0131m\u0131 olan son derece\u00a0esnek, dayan\u0131kl\u0131 sistem. \u00d6zellikle ta\u015f\u0131ma \u00f6zellikleri ve \u00e7ekici g\u00f6r\u00fcn\u00fcm\u00fc nedeniyle evsel ve end\u00fcstriyel elektrikli\u00a0s\u00fcp\u00fcrgeler i\u00e7in uygundur. Avantajlar *Hafiftir ve kolay ta\u015f\u0131n\u0131r. *Y\u00fcksek esneklik i\u00e7in \u00e7ok katl\u0131 yap\u0131 ve \u00e7elik helis. *B\u00fck\u00fcld\u00fc\u011f\u00fcnde k\u0131r\u0131lma yapmaz, maksimum ak\u0131\u015f sa\u011flar. *Y\u00fcksek [&#8230;]\n","protected":false},"featured_media":2650,"comment_status":"open","ping_status":"closed","template":"","meta":{"jetpack_post_was_ever_published":false},"product_brand":[],"product_cat":[176],"product_tag":[294,425,357,427,222,426,424,290,358,361],"class_list":{"0":"post-574","1":"product","2":"type-product","3":"status-publish","4":"has-post-thumbnail","6":"product_cat-endustriyel-hortumlar","7":"product_tag-dayanikli","8":"product_tag-duman-uzaklastirma","9":"product_tag-endustriyel","10":"product_tag-endustriyel-supurge","11":"product_tag-esnek","12":"product_tag-evsel-supurge","13":"product_tag-hava","14":"product_tag-hortum","15":"product_tag-pvc","16":"product_tag-toz","18":"first","19":"instock","20":"taxable","21":"shipping-taxable","22":"product-type-variable"},"jetpack-related-posts":[],"jetpack_sharing_enabled":true,"jetpack_likes_enabled":true,"_links":{"self":[{"href":"https:\/\/tuzlahortum.com.tr\/ar\/wp-json\/wp\/v2\/product\/574","targetHints":{"allow":["GET"]}}],"collection":[{"href":"https:\/\/tuzlahortum.com.tr\/ar\/wp-json\/wp\/v2\/product"}],"about":[{"href":"https:\/\/tuzlahortum.com.tr\/ar\/wp-json\/wp\/v2\/types\/product"}],"replies":[{"embeddable":true,"href":"https:\/\/tuzlahortum.com.tr\/ar\/wp-json\/wp\/v2\/comments?post=574"}],"wp:featuredmedia":[{"embeddable":true,"href":"https:\/\/tuzlahortum.com.tr\/ar\/wp-json\/wp\/v2\/media\/2650"}],"wp:attachment":[{"href":"https:\/\/tuzlahortum.com.tr\/ar\/wp-json\/wp\/v2\/media?parent=574"}],"wp:term":[{"taxonomy":"product_brand","embeddable":true,"href":"https:\/\/tuzlahortum.com.tr\/ar\/wp-json\/wp\/v2\/product_brand?post=574"},{"taxonomy":"product_cat","embeddable":true,"href":"https:\/\/tuzlahortum.com.tr\/ar\/wp-json\/wp\/v2\/product_cat?post=574"},{"taxonomy":"product_tag","embeddable":true,"href":"https:\/\/tuzlahortum.com.tr\/ar\/wp-json\/wp\/v2\/product_tag?post=574"}],"curies":[{"name":"\u062f\u0628\u0644\u064a\u0648 \u0628\u064a","href":"https:\/\/api.w.org\/{rel}","templated":true}]}}