{"id":571,"date":"2019-02-06T23:46:06","date_gmt":"2019-02-06T20:46:06","guid":{"rendered":"http:\/\/hortum.com.tr\/product\/import-placeholder-for-507\/"},"modified":"2024-03-21T17:45:18","modified_gmt":"2024-03-21T14:45:18","slug":"trelleborg-klegaine-gpu-ms","status":"publish","type":"product","link":"https:\/\/tuzlahortum.com.tr\/ar\/product\/trelleborg-klegaine-gpu-ms\/","title":{"rendered":"Trelleborg KLEGAINE GPU-MS"},"content":{"rendered":"<h2>Trelleborg KLEGAINE GPU-MS<\/h2>\n<div>\u062e\u0631\u0627\u0637\u064a\u0645 \u0635\u0646\u0627\u0639\u064a\u0629 \/ \u0628\u0648\u0644\u064a \u064a\u0648\u0631\u064a\u062b\u064a\u0646<\/div>\n<div>\u0625\u0646\u0647 \u0645\u0631\u0646 \u0644\u0644\u063a\u0627\u064a\u0629 \u0648\u062f\u0627\u0626\u0645.<\/div>\n<div>\u064a\u062a\u0645 \u0627\u0633\u062a\u062e\u062f\u0627\u0645\u0647 \u0641\u064a \u0627\u0644\u0639\u062f\u064a\u062f \u0645\u0646 \u0627\u0644\u0635\u0646\u0627\u0639\u0627\u062a \u0645\u062b\u0644 \u0627\u0644\u0635\u0646\u0627\u0639\u0627\u062a \u0627\u0644\u0645\u0639\u062f\u0646\u064a\u0629 \u0648\u0627\u0644\u0646\u062c\u0627\u0631\u0629 \u0648\u0627\u0644\u0623\u063a\u0630\u064a\u0629 \u0648\u0627\u0644\u0635\u0646\u0627\u0639\u0627\u062a \u0627\u0644\u062f\u0648\u0627\u0626\u064a\u0629.<\/div>\n<div>\u0627\u0644\u062d\u0628\u0648\u0628 \u0648\u0627\u0644\u062d\u0628\u064a\u0628\u0627\u062a \u0648\u0646\u0634\u0627\u0631\u0629 \u0627\u0644\u062e\u0634\u0628 \u0648\u0631\u0642\u0627\u0626\u0642 \u0627\u0644\u062e\u0634\u0628 \u0648\u0627\u0644\u0645\u0639\u0627\u062f\u0646 \u0641\u064a \u0627\u0644\u0628\u064a\u0626\u0627\u062a \u0627\u0644\u0631\u0637\u0628\u0629 \u0648 \/ \u0623\u0648 \u0627\u0644\u0633\u0627\u062e\u0646\u0629<\/div>\n<div>\u0645\u062b\u0627\u0644\u064a\u0629 \u0644\u0646\u0642\u0644 \u0646\u0634\u0627\u0631\u0629 \u0627\u0644\u062e\u0634\u0628.<\/div>\n<div>\u0645\u0646\u0627\u0633\u0628\u0629 \u0628\u0634\u0643\u0644 \u062e\u0627\u0635 \u0644\u0645\u0646\u0638\u0641\u0627\u062a \u0627\u0644\u0634\u0648\u0627\u0631\u0639 \u0648\u062c\u0632\u0627\u0632\u0627\u062a \u0627\u0644\u0639\u0634\u0628 Flame \u0648\u0641\u0642\u064b\u0627 \u0644\u0640 DIN4102B1<\/div>\n<div>\u0645\u0639\u0648\u0642 \u0623\u0648 \u064a\u0641\u0636\u0644 \u0623\u0646 \u062a\u0643\u0648\u0646 \u0645\u0635\u0646\u0648\u0639\u0629 \u0645\u0646 \u0645\u0627\u062f\u0629 \u0645\u0636\u0627\u062f\u0629 \u0644\u0644\u0643\u0647\u0631\u0628\u0627\u0621 \u0627\u0644\u0633\u0627\u0643\u0646\u0629.<\/div>\n<div>\u0645\u0632\u0627\u064a\u0627<\/div>\n<div>* \u0625\u0646\u0647 \u062e\u0641\u064a\u0641 \u0648\u0633\u0647\u0644 \u0627\u0644\u062d\u0645\u0644.<\/div>\n<div>* \u0645\u0627\u062f\u0629 \u0627\u0644\u0628\u0648\u0644\u064a \u064a\u0648\u0631\u064a\u062b\u0627\u0646 \u063a\u064a\u0631 \u0627\u0644\u0633\u0627\u0645\u0629 \u0648\u0627\u0644\u0645\u063a\u0630\u064a\u0629 \u0627\u0644\u0645\u0642\u0627\u0648\u0645\u0629 \u0644\u0644\u062a\u062d\u0644\u0644 \u0627\u0644\u0645\u0627\u0626\u064a \u0648\u0627\u0644\u0647\u062c\u0648\u0645 \u0627\u0644\u0645\u064a\u0643\u0631\u0648\u0628\u064a\u0648\u0644\u0648\u062c\u064a.<\/div>\n<div>* \u0645\u0642\u0627\u0648\u0645\u0629 \u0644\u0627 \u0645\u062b\u064a\u0644 \u0644\u0647\u0627 \u0644\u0644\u062a\u0622\u0643\u0644 \u0648\u0627\u0644\u062b\u0642\u0628.<\/div>\n<div>* \u0645\u0631\u0648\u0646\u0629 \u0645\u064a\u0643\u0627\u0646\u064a\u0643\u064a\u0629 \u0639\u0627\u0644\u064a\u0629 \u0644\u0644\u063a\u0627\u064a\u0629 \u0628\u0633\u0628\u0628 \u0627\u0644\u0627\u0642\u062a\u0631\u0627\u0646 \u0627\u0644\u0645\u062b\u0627\u0644\u064a \u0628\u064a\u0646 \u0627\u0644\u0645\u0643\u0648\u0646\u0627\u062a<\/div>\n<div>(\u062d\u0644\u0632\u0648\u0646 \u0641\u0648\u0644\u0627\u0630\u064a \u0645\u0637\u0644\u064a \u0628\u0627\u0644\u0632\u0646\u0628\u0631\u0643 PVC \u0645\u0644\u062d\u0648\u0645 \u0628\u062c\u0633\u0645 \u0627\u0644\u0628\u0648\u0644\u064a \u064a\u0648\u0631\u064a\u062b\u064a\u0646).<\/div>\n<div>* \u064a\u0648\u0641\u0631 \u0627\u0644\u0633\u0637\u062d \u0627\u0644\u062f\u0627\u062e\u0644\u064a \u0627\u0644\u0623\u0645\u0644\u0633 \u0627\u0644\u062a\u062f\u0641\u0642 \u0627\u0644\u0623\u0645\u062b\u0644.<\/div>\n<div>* \u0645\u0642\u0627\u0648\u0645\u0629 \u0639\u0627\u0644\u064a\u0629 \u0644\u0644\u0623\u0648\u0632\u0648\u0646 \u0648\u0627\u0644\u0623\u0634\u0639\u0629 \u0641\u0648\u0642 \u0627\u0644\u0628\u0646\u0641\u0633\u062c\u064a\u0629.<\/div>\n<div>* \u0645\u0642\u0627\u0648\u0645\u0629 \u062c\u064a\u062f\u0629 \u0644\u0644\u0632\u064a\u0648\u062a \u0648\u0627\u0644\u0645\u0630\u064a\u0628\u0627\u062a \u0648\u0627\u0644\u0645\u0648\u0627\u062f \u0627\u0644\u0643\u064a\u0645\u064a\u0627\u0626\u064a\u0629 \u0627\u0644\u0635\u0646\u0627\u0639\u064a\u0629 \u0630\u0627\u062a \u0627\u0644\u0645\u0631\u062d\u0644\u0629 \u0627\u0644\u0628\u062e\u0627\u0631\u064a\u0629 \u0645\u062a\u0648\u0633\u0637\u0629 \u0627\u0644\u0643\u062b\u0627\u0641\u0629.<\/div>\n<div>\u0627\u0644\u0648\u0635\u0641 \u0627\u0644\u0641\u0646\u064a<\/div>\n<div>\u062c\u0633\u0645 \u0627\u0644\u0628\u0648\u0644\u064a \u064a\u0648\u0631\u064a\u062b\u064a\u0646 \u0627\u0644\u0642\u0627\u0626\u0645 \u0639\u0644\u0649 \u0627\u0644\u0623\u062b\u064a\u0631 \u060c \u0633\u0637\u062d \u062f\u0627\u062e\u0644\u064a \u0646\u0627\u0639\u0645 \u0648\u0634\u0641\u0627\u0641.<\/div>\n<div>\u0627\u0644\u062a\u0639\u0632\u064a\u0632: \u062d\u0644\u0632\u0648\u0646 \u0641\u0648\u0644\u0627\u0630\u064a \u0645\u0637\u0644\u064a \u0628\u0627\u0644\u0628\u0644\u0627\u0633\u062a\u064a\u0643 \u0627\u0644\u0623\u0628\u064a\u0636.<\/div>\n<div>\u0646\u0637\u0627\u0642 \u062f\u0631\u062c\u0629 \u0627\u0644\u062d\u0631\u0627\u0631\u0629: -30 \u062f\u0631\u062c\u0629 \u0645\u0626\u0648\u064a\u0629 \u0625\u0644\u0649 + 100 \u062f\u0631\u062c\u0629 \u0645\u0626\u0648\u064a\u0629.<\/div>\n<div>\u0627\u0644\u062e\u0648\u0627\u0635 \u0627\u0644\u0643\u0647\u0631\u0628\u0627\u0626\u064a\u0629: \u0627\u0644\u0645\u0639\u064a\u0627\u0631\u064a\u0629: \u063a\u064a\u0631 \u0645\u0648\u0635\u0644\u0629 \u0644\u0644\u0643\u0647\u0631\u0628\u0627\u0621.<\/div>\n<div>\u062e\u064a\u0627\u0631 \u0645\u0636\u0627\u062f \u0644\u0644\u0643\u0647\u0631\u0628\u0627\u0621 \u0627\u0644\u0633\u0627\u0643\u0646\u0629 \u060c R &lt;108\u03a9 \/ \u0645: \u0627\u0633\u062a\u0634\u0631\u0646\u0627.<\/div>\n<div>\u0627\u0644\u0645\u064a\u0632\u0627\u062a \u0627\u0644\u062e\u0627\u0635\u0629: \u0627\u0631\u062a\u062f\u0627\u0621 ISO 4649: 40 \u0645\u0645 3. \u062e\u064a\u0627\u0631 \u0645\u062b\u0628\u0637\u0627\u062a \u0627\u0644\u0644\u0647\u0628 \u060c DIN 4102B1: \u0627\u0633\u062a\u0634\u0631\u0646\u0627.<\/div>\n<div>\u0644\u0627 \u064a\u062d\u062a\u0648\u064a \u0639\u0644\u0649 \u0627\u0644\u0647\u0627\u0644\u0648\u062c\u064a\u0646 \u0648\u0627\u0644\u0645\u0644\u062f\u0646\u0627\u062a.<\/div>\n<div>\u0627\u0644\u0645\u0639\u064a\u0627\u0631 \/ \u0627\u0644\u0645\u0648\u0627\u0641\u0642\u0629: \u0627\u0644\u0627\u062a\u0635\u0627\u0644 \u0627\u0644\u063a\u0630\u0627\u0626\u064a: \u0644\u0627\u0626\u062d\u0629 \u0627\u0644\u0627\u062a\u062d\u0627\u062f \u0627\u0644\u0623\u0648\u0631\u0648\u0628\u064a 10\/2011 \/ EC.<\/div>\n<div>\u0645\u0639\u0644\u0648\u0645\u0627\u062a \u0625\u0636\u0627\u0641\u064a\u0629<\/div>\n<div>\u0627\u0644\u0628\u064a\u0627\u0646\u0627\u062a \u0627\u0644\u0641\u0646\u064a\u0629 \u0644\u0638\u0631\u0648\u0641 \u0627\u0644\u062a\u0634\u063a\u064a\u0644 \u0639\u0646\u062f 20 \u062f\u0631\u062c\u0629 \u0645\u0626\u0648\u064a\u0629.<\/div>\n<div>\n<div class=\"video video-fit mb\" style=\"padding-top:56.25%;\"><p><iframe loading=\"lazy\" title=\"\u0627\u0631\u062a\u0628\u0627\u0643 \u0627\u0644\u0642\u064a\u0627\u0633 (\u0628\u0648\u0635\u0629\u060c \u0625\u0635\u0628\u0639\u060c \u0636\u0628\u0627\u0628\u060c \u0645\u0644\u0644\u064a\u0645\u062a\u0631)\" width=\"1020\" height=\"574\" src=\"https:\/\/www.youtube.com\/embed\/uKk6AG_AZls?feature=oembed\" frameborder=\"0\" allow=\"accelerometer; autoplay; clipboard-write; encrypted-media; gyroscope; picture-in-picture; web-share\" referrerpolicy=\"strict-origin-when-cross-origin\" allowfullscreen><\/iframe><\/p>\n<\/div>\n<div class=\"video video-fit mb\" style=\"padding-top:56.25%;\"><p>https:\/\/www.youtube.com\/watch?v=O8ZlzKEjfEQ%20<\/p>\n<\/div>\n<\/div>\n<p><img data-recalc-dims=\"1\" loading=\"lazy\" decoding=\"async\" class=\"alignnone size-medium wp-image-2108\" src=\"https:\/\/i0.wp.com\/hortum.com.tr\/wp-content\/uploads\/urunler\/trelleborg\/Trelleborg-KLEGAINE-GPU-MS-535x400.jpg?resize=535%2C400\" alt=\"\" width=\"535\" height=\"400\" title=\"\" srcset=\"https:\/\/i0.wp.com\/tuzlahortum.com.tr\/wp-content\/uploads\/urunler\/trelleborg\/Trelleborg-KLEGAINE-GPU-MS.jpg?resize=535%2C400&amp;ssl=1 535w, https:\/\/i0.wp.com\/tuzlahortum.com.tr\/wp-content\/uploads\/urunler\/trelleborg\/Trelleborg-KLEGAINE-GPU-MS.jpg?resize=600%2C449&amp;ssl=1 600w, https:\/\/i0.wp.com\/tuzlahortum.com.tr\/wp-content\/uploads\/urunler\/trelleborg\/Trelleborg-KLEGAINE-GPU-MS.jpg?w=762&amp;ssl=1 762w\" sizes=\"auto, (max-width: 535px) 100vw, 535px\" \/><\/p>","protected":false},"excerpt":{"rendered":"<p>Trelleborg KLEGAINE GPU-MS End\u00fcstriyel hortumlar\/Poli\u00fcretan Son derece esnek ve dayan\u0131kl\u0131d\u0131r. Metalurji, ah\u015fap i\u015fleme, g\u0131da, ila\u00e7 end\u00fcstrileri gibi bir\u00e7ok end\u00fcstride kullan\u0131l\u0131r. Nemli ve\/veya s\u0131cak ortamlarda tah\u0131llar\u0131n, gran\u00fcllerin, tala\u015f ve ah\u015fap par\u00e7alar\u0131, metal tala\u015flar\u0131n\u0131n ta\u015f\u0131nmas\u0131 i\u00e7in idealdir. \u00d6zellikle sokak tipi s\u00fcp\u00fcrgeler ve \u00e7im bi\u00e7me makineleri i\u00e7in uygundur DIN4102B1&#8217;e g\u00f6re alev geciktiricidir veya tercihen antistatik malzemeden yap\u0131l\u0131r. Avantajlar [&#8230;]\n","protected":false},"featured_media":2647,"comment_status":"open","ping_status":"closed","template":"","meta":{"jetpack_post_was_ever_published":false},"product_brand":[],"product_cat":[176],"product_tag":[407,401,294,357,222,402,389,290,403,408,400,404,381,405,406,362],"class_list":{"0":"post-571","1":"product","2":"type-product","3":"status-publish","4":"has-post-thumbnail","6":"product_cat-endustriyel-hortumlar","7":"product_tag-ahsap","8":"product_tag-ahsap-isleme","9":"product_tag-dayanikli","10":"product_tag-endustriyel","11":"product_tag-esnek","12":"product_tag-gida","13":"product_tag-granul","14":"product_tag-hortum","15":"product_tag-ilac-endustrileri","16":"product_tag-metal-talaslarinin-tasinmasi","17":"product_tag-metalurji","18":"product_tag-nemli","19":"product_tag-poliuretan","20":"product_tag-sicak-ortamlar","21":"product_tag-tahil","22":"product_tag-talas","24":"first","25":"instock","26":"taxable","27":"shipping-taxable","28":"product-type-variable"},"jetpack-related-posts":[{"id":570,"url":"https:\/\/tuzlahortum.com.tr\/ar\/product\/trelleborg-klegaine-gpu-m\/","url_meta":{"origin":571,"position":0},"title":"Trelleborg KLEGAINE GPU-M","author":"admin","date":"6 \u0641\u0628\u0631\u0627\u064a\u0631 2019","format":false,"excerpt":"Trelleborg KLEGAINE GPU-MEnd\u00fcstriyel hortumlar\/Poli\u00fcretan Ah\u015fap i\u015fleme end\u00fcstrileri, d\u00f6k\u00fcmhaneler ve di\u011fer genel uygulamalar i\u00e7in uygundur. Tozlar, a\u015f\u0131nd\u0131r\u0131c\u0131 partik\u00fcller, toz, tala\u015f, z\u0131mba, tekstil lifleri, metal tala\u015flar\u0131n\u0131n ta\u015f\u0131nmas\u0131 i\u00e7in\u00a0uygundur. End\u00fcstriyel elektrik s\u00fcp\u00fcrgeleri. Kimya ve petrol end\u00fcstrilerinde duman tahliyesi i\u00e7in uygundur Robotlar ve tak\u0131m tezgahlar\u0131nda\u00a0kablo kanal\u0131. Avantajlar *Hafif ve olduk\u00e7a esnektir, d\u00fc\u015f\u00fck s\u0131cakl\u0131kta esnektir.\u2026","rel":"","context":"\u062a\u062f\u0648\u064a\u0646\u0629 \u0645\u0634\u0627\u0628\u0647\u0629","block_context":{"text":"\u062a\u062f\u0648\u064a\u0646\u0629 \u0645\u0634\u0627\u0628\u0647\u0629","link":""},"img":{"alt_text":"","src":"https:\/\/i0.wp.com\/tuzlahortum.com.tr\/wp-content\/uploads\/2019\/02\/KLEGAINE-GPU-M.jpg?fit=800%2C800&ssl=1&resize=350%2C200","width":350,"height":200,"srcset":"https:\/\/i0.wp.com\/tuzlahortum.com.tr\/wp-content\/uploads\/2019\/02\/KLEGAINE-GPU-M.jpg?fit=800%2C800&ssl=1&resize=350%2C200 1x, https:\/\/i0.wp.com\/tuzlahortum.com.tr\/wp-content\/uploads\/2019\/02\/KLEGAINE-GPU-M.jpg?fit=800%2C800&ssl=1&resize=525%2C300 1.5x, https:\/\/i0.wp.com\/tuzlahortum.com.tr\/wp-content\/uploads\/2019\/02\/KLEGAINE-GPU-M.jpg?fit=800%2C800&ssl=1&resize=700%2C400 2x"},"classes":[]},{"id":569,"url":"https:\/\/tuzlahortum.com.tr\/ar\/product\/trelleborg-klegaine-gpu-fg\/","url_meta":{"origin":571,"position":1},"title":"Trelleborg KLEGAINE GPU-FG","author":"admin","date":"6 \u0641\u0628\u0631\u0627\u064a\u0631 2019","format":false,"excerpt":"Trelleborg KLEGAINE GPU-FGEnd\u00fcstriyel hortumlar\/Poli\u00fcretan G\u0131daya uygun kalitede, son derece d\u00fczg\u00fcn. G\u0131da end\u00fcstrisinde a\u015f\u0131nd\u0131r\u0131c\u0131 malzemeler, tozlar ve gran\u00fcllerin ve ila\u00e7 laboratuvarlar\u0131nda\u00a0ila\u00e7lar\u0131n \u00e7ekilmesi ve ta\u015f\u0131nmas\u0131 i\u00e7in idealdir. End\u00fcstriyel elektrik s\u00fcp\u00fcrgeleri ve zemin bak\u0131m uygulamalar\u0131, \u00e7imen bi\u00e7me makineleri ve kaya\u00a0y\u00fcn\u00fc projeksiyonu. Ah\u015fap i\u015fleme end\u00fcstrileri. Robotikler, r\u00f6ntgen makineleri i\u00e7in kablo kanal\u0131. Avantajlar *G\u0131dada kullan\u0131ma\u2026","rel":"","context":"\u062a\u062f\u0648\u064a\u0646\u0629 \u0645\u0634\u0627\u0628\u0647\u0629","block_context":{"text":"\u062a\u062f\u0648\u064a\u0646\u0629 \u0645\u0634\u0627\u0628\u0647\u0629","link":""},"img":{"alt_text":"","src":"https:\/\/i0.wp.com\/tuzlahortum.com.tr\/wp-content\/uploads\/2019\/02\/KLEGAINE-GPU-FG.jpg?fit=800%2C800&ssl=1&resize=350%2C200","width":350,"height":200,"srcset":"https:\/\/i0.wp.com\/tuzlahortum.com.tr\/wp-content\/uploads\/2019\/02\/KLEGAINE-GPU-FG.jpg?fit=800%2C800&ssl=1&resize=350%2C200 1x, https:\/\/i0.wp.com\/tuzlahortum.com.tr\/wp-content\/uploads\/2019\/02\/KLEGAINE-GPU-FG.jpg?fit=800%2C800&ssl=1&resize=525%2C300 1.5x, https:\/\/i0.wp.com\/tuzlahortum.com.tr\/wp-content\/uploads\/2019\/02\/KLEGAINE-GPU-FG.jpg?fit=800%2C800&ssl=1&resize=700%2C400 2x"},"classes":[]},{"id":572,"url":"https:\/\/tuzlahortum.com.tr\/ar\/product\/trelleborg-klegaine-gpu-s\/","url_meta":{"origin":571,"position":2},"title":"Trelleborg KLEGAINE GPU-S","author":"admin","date":"6 \u0641\u0628\u0631\u0627\u064a\u0631 2019","format":false,"excerpt":"Trelleborg KLEGAINE GPU-SEnd\u00fcstriyel hortumlar\/Poli\u00fcretan Son derece dayan\u0131kl\u0131d\u0131r. Cam tesisleri, \u00e7elik end\u00fcstrisi, mineral i\u015fleme, limanlar, \u00e7imento tesisleri, b\u00fcy\u00fck end\u00fcstriyel elektrikli s\u00fcp\u00fcrgelerde metal tala\u015f\u0131, kum, \u00e7ak\u0131l, buz, vs. gibi son derece a\u015f\u0131nd\u0131r\u0131c\u0131 malzemelerin\u00a0ta\u015f\u0131nmas\u0131 i\u00e7in idealdir. Avantajlar *A\u015f\u0131nma ve delinmeye kar\u015f\u0131 benzersiz dayan\u0131m. *Ezilme, bas\u0131n\u00e7, vakuma dayan\u0131kl\u0131 bak\u0131r kapl\u0131 \u00e7elik helis. Poli\u00fcretan g\u00f6vdeyle\u2026","rel":"","context":"\u062a\u062f\u0648\u064a\u0646\u0629 \u0645\u0634\u0627\u0628\u0647\u0629","block_context":{"text":"\u062a\u062f\u0648\u064a\u0646\u0629 \u0645\u0634\u0627\u0628\u0647\u0629","link":""},"img":{"alt_text":"","src":"https:\/\/i0.wp.com\/tuzlahortum.com.tr\/wp-content\/uploads\/2019\/02\/KLEGAINE-GPU-S.jpg?fit=800%2C800&ssl=1&resize=350%2C200","width":350,"height":200,"srcset":"https:\/\/i0.wp.com\/tuzlahortum.com.tr\/wp-content\/uploads\/2019\/02\/KLEGAINE-GPU-S.jpg?fit=800%2C800&ssl=1&resize=350%2C200 1x, https:\/\/i0.wp.com\/tuzlahortum.com.tr\/wp-content\/uploads\/2019\/02\/KLEGAINE-GPU-S.jpg?fit=800%2C800&ssl=1&resize=525%2C300 1.5x, https:\/\/i0.wp.com\/tuzlahortum.com.tr\/wp-content\/uploads\/2019\/02\/KLEGAINE-GPU-S.jpg?fit=800%2C800&ssl=1&resize=700%2C400 2x"},"classes":[]},{"id":919,"url":"https:\/\/tuzlahortum.com.tr\/ar\/product\/trelleborg-starkler\/","url_meta":{"origin":571,"position":3},"title":"\u062a\u0631\u064a\u0644\u0628\u0648\u0631\u062c \u0633\u062a\u0627\u0631\u0643\u0644\u0631","author":"admin","date":"6 \u0641\u0628\u0631\u0627\u064a\u0631 2019","format":false,"excerpt":"Trelleborg STARKLERSu\/Tahliye uygulamalar\u0131 Y\u00fcksek bas\u0131n\u00e7la temizleme i\u015flemleri ve s\u0131cak veya so\u011fuk su ve bir\u00e7ok farkl\u0131 s\u0131v\u0131n\u0131n kullan\u0131ld\u0131\u011f\u0131 genel tahliye uygulamalar\u0131na y\u00f6nelik \u00e7ok ama\u00e7l\u0131 hortum (EPDM i\u00e7in kimyasal diren\u00e7 tablosuna\u00a0bak\u0131n\u0131z). T\u00fcm sekt\u00f6rler i\u00e7in uygundur: in\u015faat ve bay\u0131nd\u0131rl\u0131k hizmetleri, end\u00fcstri, tar\u0131m, vs. Avantajlar *Eskime ve atmosfer ko\u015fullar\u0131na kar\u015f\u0131 son derece dayan\u0131kl\u0131. *Geni\u015f\u2026","rel":"","context":"\u062a\u062f\u0648\u064a\u0646\u0629 \u0645\u0634\u0627\u0628\u0647\u0629","block_context":{"text":"\u062a\u062f\u0648\u064a\u0646\u0629 \u0645\u0634\u0627\u0628\u0647\u0629","link":""},"img":{"alt_text":"","src":"https:\/\/i0.wp.com\/tuzlahortum.com.tr\/wp-content\/uploads\/2019\/02\/STARKLER.jpg?fit=800%2C800&ssl=1&resize=350%2C200","width":350,"height":200,"srcset":"https:\/\/i0.wp.com\/tuzlahortum.com.tr\/wp-content\/uploads\/2019\/02\/STARKLER.jpg?fit=800%2C800&ssl=1&resize=350%2C200 1x, https:\/\/i0.wp.com\/tuzlahortum.com.tr\/wp-content\/uploads\/2019\/02\/STARKLER.jpg?fit=800%2C800&ssl=1&resize=525%2C300 1.5x, https:\/\/i0.wp.com\/tuzlahortum.com.tr\/wp-content\/uploads\/2019\/02\/STARKLER.jpg?fit=800%2C800&ssl=1&resize=700%2C400 2x"},"classes":[]},{"id":879,"url":"https:\/\/tuzlahortum.com.tr\/ar\/product\/tc-24as\/","url_meta":{"origin":571,"position":4},"title":"TC 24AS","author":"admin","date":"6 \u0641\u0628\u0631\u0627\u064a\u0631 2019","format":false,"excerpt":"TC 24AS MATERYAL: Kuma\u015f Duvar\u0131: PTFE lamine cam Elyaf kuma\u015f \u2022 A\u011f\u0131rl\u0131k : 155-270 gr\/m2 \u2022 \u00c7ekme Dayan\u0131m\u0131 : 800 N\/5 cm 1200 N\/5 cm \u2022 Ek Kal\u0131nl\u0131\u011f\u0131 : 0.08 - 0.25 mm \u2022 Renk : Siyah D\u0131\u015f Spiral : Galvaniz \u00c7elik UYGULAMALAR: \u2022 Boyahanelerde \u2022 \u0130la\u00e7 end\u00fcstrisi \u2022 Elektrik\u2026","rel":"","context":"\u062a\u062f\u0648\u064a\u0646\u0629 \u0645\u0634\u0627\u0628\u0647\u0629","block_context":{"text":"\u062a\u062f\u0648\u064a\u0646\u0629 \u0645\u0634\u0627\u0628\u0647\u0629","link":""},"img":{"alt_text":"","src":"https:\/\/i0.wp.com\/tuzlahortum.com.tr\/wp-content\/uploads\/2019\/03\/TC-24AS.jpg?fit=600%2C450&ssl=1&resize=350%2C200","width":350,"height":200,"srcset":"https:\/\/i0.wp.com\/tuzlahortum.com.tr\/wp-content\/uploads\/2019\/03\/TC-24AS.jpg?fit=600%2C450&ssl=1&resize=350%2C200 1x, https:\/\/i0.wp.com\/tuzlahortum.com.tr\/wp-content\/uploads\/2019\/03\/TC-24AS.jpg?fit=600%2C450&ssl=1&resize=525%2C300 1.5x"},"classes":[]},{"id":622,"url":"https:\/\/tuzlahortum.com.tr\/ar\/product\/poliuretan-hortum\/","url_meta":{"origin":571,"position":5},"title":"\u062e\u0631\u0637\u0648\u0645 \u0627\u0644\u0628\u0648\u0644\u064a \u064a\u0648\u0631\u064a\u062b\u064a\u0646","author":"admin","date":"6 \u0641\u0628\u0631\u0627\u064a\u0631 2019","format":false,"excerpt":"Poli\u00fcretan HortumMATERYAL: Kuma\u015f Duvar\u0131 : \u00d6zel Premium ester-poli\u00fcretan \u2022 \u00a0Duvar Kal\u0131nl\u0131\u011f\u0131 : \u00a00,7 mm \u2022 \u00a0Standart Uzunluk : 10 mt. \u2022 Renk : \u00a0Transparent D\u0131\u015f Spiral : Bak\u0131r Spiral Tel -20 C \/ +90 C\u00a0 UYGULAMALAR: \u2022 \u00a0 A\u015f\u0131nd\u0131r\u0131c\u0131 materyallerin emilmesi ve transferi \u2022 \u00a0 K\u00fc\u00e7\u00fck tanecikli par\u00e7alar\u0131n transferi \u2022\u2026","rel":"","context":"\u062a\u062f\u0648\u064a\u0646\u0629 \u0645\u0634\u0627\u0628\u0647\u0629","block_context":{"text":"\u062a\u062f\u0648\u064a\u0646\u0629 \u0645\u0634\u0627\u0628\u0647\u0629","link":""},"img":{"alt_text":"","src":"https:\/\/i0.wp.com\/tuzlahortum.com.tr\/wp-content\/uploads\/2019\/02\/POL%C4%B0%C3%9CRETAN-2.jpg?fit=505%2C502&ssl=1&resize=350%2C200","width":350,"height":200},"classes":[]}],"jetpack_sharing_enabled":true,"jetpack_likes_enabled":true,"_links":{"self":[{"href":"https:\/\/tuzlahortum.com.tr\/ar\/wp-json\/wp\/v2\/product\/571","targetHints":{"allow":["GET"]}}],"collection":[{"href":"https:\/\/tuzlahortum.com.tr\/ar\/wp-json\/wp\/v2\/product"}],"about":[{"href":"https:\/\/tuzlahortum.com.tr\/ar\/wp-json\/wp\/v2\/types\/product"}],"replies":[{"embeddable":true,"href":"https:\/\/tuzlahortum.com.tr\/ar\/wp-json\/wp\/v2\/comments?post=571"}],"wp:featuredmedia":[{"embeddable":true,"href":"https:\/\/tuzlahortum.com.tr\/ar\/wp-json\/wp\/v2\/media\/2647"}],"wp:attachment":[{"href":"https:\/\/tuzlahortum.com.tr\/ar\/wp-json\/wp\/v2\/media?parent=571"}],"wp:term":[{"taxonomy":"product_brand","embeddable":true,"href":"https:\/\/tuzlahortum.com.tr\/ar\/wp-json\/wp\/v2\/product_brand?post=571"},{"taxonomy":"product_cat","embeddable":true,"href":"https:\/\/tuzlahortum.com.tr\/ar\/wp-json\/wp\/v2\/product_cat?post=571"},{"taxonomy":"product_tag","embeddable":true,"href":"https:\/\/tuzlahortum.com.tr\/ar\/wp-json\/wp\/v2\/product_tag?post=571"}],"curies":[{"name":"\u062f\u0628\u0644\u064a\u0648 \u0628\u064a","href":"https:\/\/api.w.org\/{rel}","templated":true}]}}