{"id":570,"date":"2019-02-06T23:46:05","date_gmt":"2019-02-06T20:46:05","guid":{"rendered":"http:\/\/hortum.com.tr\/product\/import-placeholder-for-506\/"},"modified":"2024-03-21T17:45:19","modified_gmt":"2024-03-21T14:45:19","slug":"trelleborg-klegaine-gpu-m","status":"publish","type":"product","link":"https:\/\/tuzlahortum.com.tr\/ar\/product\/trelleborg-klegaine-gpu-m\/","title":{"rendered":"Trelleborg KLEGAINE GPU-M"},"content":{"rendered":"<h2>Trelleborg KLEGAINE GPU-M<\/h2>\n<div>\u062e\u0631\u0627\u0637\u064a\u0645 \u0635\u0646\u0627\u0639\u064a\u0629 \/ \u0628\u0648\u0644\u064a \u064a\u0648\u0631\u064a\u062b\u064a\u0646<\/div>\n<div>\u0645\u0646\u0627\u0633\u0628 \u0644\u0635\u0646\u0627\u0639\u0627\u062a \u0627\u0644\u0646\u062c\u0627\u0631\u0629 \u0648\u0627\u0644\u0645\u0633\u0627\u0628\u0643 \u0648\u0627\u0644\u062a\u0637\u0628\u064a\u0642\u0627\u062a \u0627\u0644\u0639\u0627\u0645\u0629 \u0627\u0644\u0623\u062e\u0631\u0649.<\/div>\n<div>\u0625\u0646\u0647\u0627 \u0645\u0646\u0627\u0633\u0628\u0629 \u0644\u0646\u0642\u0644 \u0627\u0644\u0645\u0633\u0627\u062d\u064a\u0642 \u060c \u0627\u0644\u062c\u0633\u064a\u0645\u0627\u062a \u0627\u0644\u0643\u0627\u0634\u0637\u0629 \u060c \u0627\u0644\u063a\u0628\u0627\u0631 \u060c \u0646\u0634\u0627\u0631\u0629 \u0627\u0644\u062e\u0634\u0628 \u060c \u0627\u0644\u0645\u0648\u0627\u062f \u0627\u0644\u063a\u0630\u0627\u0626\u064a\u0629 \u0627\u0644\u0623\u0633\u0627\u0633\u064a\u0629 \u060c \u0623\u0644\u064a\u0627\u0641 \u0627\u0644\u0646\u0633\u064a\u062c \u060c \u0646\u0634\u0627\u0631\u0629 \u0627\u0644\u0645\u0639\u0627\u062f\u0646.<\/div>\n<div>\u0645\u0643\u0627\u0646\u0633 \u0643\u0647\u0631\u0628\u0627\u0626\u064a\u0629 \u0635\u0646\u0627\u0639\u064a\u0629.<\/div>\n<div>\u0645\u0646\u0627\u0633\u0628\u0629 \u0644\u0625\u062e\u0644\u0627\u0621 \u0627\u0644\u062f\u062e\u0627\u0646 \u0641\u064a \u0627\u0644\u0635\u0646\u0627\u0639\u0627\u062a \u0627\u0644\u0643\u064a\u0645\u0627\u0648\u064a\u0629 \u0648\u0627\u0644\u0628\u062a\u0631\u0648\u0644\u064a\u0629 \u0645\u062c\u0627\u0631\u064a \u0627\u0644\u0643\u0627\u0628\u0644\u0627\u062a \u0641\u064a \u0627\u0644\u0631\u0648\u0628\u0648\u062a\u0627\u062a \u0648\u0627\u0644\u0623\u062f\u0648\u0627\u062a \u0627\u0644\u0622\u0644\u064a\u0629.<\/div>\n<div>\u0645\u0632\u0627\u064a\u0627<\/div>\n<div>* \u062e\u0641\u064a\u0641 \u0648\u0645\u0631\u0646 \u0644\u0644\u063a\u0627\u064a\u0629 \u0648\u0645\u0631\u0646 \u0641\u064a \u062f\u0631\u062c\u0627\u062a \u062d\u0631\u0627\u0631\u0629 \u0645\u0646\u062e\u0641\u0636\u0629.<\/div>\n<div>* \u0645\u0642\u0627\u0648\u0645\u0629 \u0644\u0627 \u0645\u062b\u064a\u0644 \u0644\u0647\u0627 \u0644\u0644\u062a\u0622\u0643\u0644 \u0648\u0627\u0644\u062b\u0642\u0628.<\/div>\n<div>* \u0645\u0631\u0648\u0646\u0629 \u0648\u0642\u0648\u0629 \u0645\u0645\u062a\u0627\u0632\u0629 \u0623\u062b\u0646\u0627\u0621 \u0627\u0644\u0646\u0642\u0644.<\/div>\n<div>* \u062d\u0644\u0632\u0648\u0646 \u0641\u0648\u0644\u0627\u0630\u064a \u0645\u0637\u0644\u064a \u0628\u0627\u0644\u0646\u062d\u0627\u0633 \u060c \u0645\u0642\u0627\u0648\u0645 \u0644\u0644\u062a\u0643\u0633\u064a\u0631.<\/div>\n<div>* \u064a\u0648\u0641\u0631 \u0627\u0644\u0633\u0637\u062d \u0627\u0644\u062f\u0627\u062e\u0644\u064a \u0627\u0644\u0623\u0645\u0644\u0633 \u0644\u0644\u063a\u0627\u064a\u0629 \u0627\u0644\u062a\u062f\u0641\u0642 \u0627\u0644\u0623\u0645\u062b\u0644.<\/div>\n<div>* \u0645\u0642\u0627\u0648\u0645\u0629 \u0639\u0627\u0644\u064a\u0629 \u0644\u0644\u0623\u0648\u0632\u0648\u0646 \u0648\u0627\u0644\u0623\u0634\u0639\u0629 \u0641\u0648\u0642 \u0627\u0644\u0628\u0646\u0641\u0633\u062c\u064a\u0629.<\/div>\n<div>* \u0645\u0642\u0627\u0648\u0645\u0629 \u062c\u064a\u062f\u0629 \u0644\u0644\u0632\u064a\u0648\u062a \u0648\u0627\u0644\u0645\u0630\u064a\u0628\u0627\u062a \u0648\u0627\u0644\u0645\u0648\u0627\u062f \u0627\u0644\u0643\u064a\u0645\u064a\u0627\u0626\u064a\u0629 \u0627\u0644\u0635\u0646\u0627\u0639\u064a\u0629 \u0630\u0627\u062a \u0627\u0644\u0645\u0631\u062d\u0644\u0629 \u0627\u0644\u0628\u062e\u0627\u0631\u064a\u0629 \u0645\u062a\u0648\u0633\u0637\u0629 \u0627\u0644\u0643\u062b\u0627\u0641\u0629.<\/div>\n<div>\u0627\u0644\u0648\u0635\u0641 \u0627\u0644\u0641\u0646\u064a<\/div>\n<div>\u062c\u0633\u0645 \u0627\u0644\u0628\u0648\u0644\u064a \u064a\u0648\u0631\u064a\u062b\u064a\u0646 \u0627\u0644\u0642\u0627\u0626\u0645 \u0639\u0644\u0649 \u0627\u0644\u0623\u062b\u064a\u0631 \u060c \u0633\u0637\u062d \u062f\u0627\u062e\u0644\u064a \u0646\u0627\u0639\u0645 \u0648\u0634\u0641\u0627\u0641.<\/div>\n<div>\u0627\u0644\u062a\u0639\u0632\u064a\u0632: \u0632\u0646\u0628\u0631\u0643 \u0641\u0648\u0644\u0627\u0630\u064a \u0645\u0637\u0644\u064a \u0628\u0627\u0644\u0646\u062d\u0627\u0633.<\/div>\n<div>\u0646\u0637\u0627\u0642 \u062f\u0631\u062c\u0629 \u0627\u0644\u062d\u0631\u0627\u0631\u0629: -30 \u062f\u0631\u062c\u0629 \u0645\u0626\u0648\u064a\u0629 \u0625\u0644\u0649 + 100 \u062f\u0631\u062c\u0629 \u0645\u0626\u0648\u064a\u0629.<\/div>\n<div>\u0627\u0644\u062e\u0648\u0627\u0635 \u0627\u0644\u0643\u0647\u0631\u0628\u0627\u0626\u064a\u0629: \u063a\u064a\u0631 \u0645\u0648\u0635\u0644\u0629 \u0644\u0644\u0643\u0647\u0631\u0628\u0627\u0621. \u0625\u0630\u0627 \u0643\u0627\u0646\u062a \u0627\u0644\u062a\u0648\u0635\u064a\u0644\u064a\u0629 \u0645\u0637\u0644\u0648\u0628\u0629 \u060c \u064a\u062a\u0645 \u062a\u0648\u0635\u064a\u0644 \u0637\u0631\u0641\u064a \u0627\u0644\u0644\u0648\u0644\u0628.<\/div>\n<div>\u064a\u0645\u0643\u0646 \u062a\u0648\u0635\u064a\u0644\u0647\u0627 \u0628\u0627\u0644\u0639\u0646\u0627\u0635\u0631 \/ \u0627\u0644\u0645\u0641\u0627\u0635\u0644.<\/div>\n<div>\u0627\u0644\u0645\u064a\u0632\u0627\u062a \u0627\u0644\u062e\u0627\u0635\u0629: \u0627\u0631\u062a\u062f\u0650 ISO 4649: 30mm3.<\/div>\n<div>\u0644\u0627 \u064a\u062d\u062a\u0648\u064a \u0639\u0644\u0649 \u0627\u0644\u0647\u0627\u0644\u0648\u062c\u064a\u0646 \u0648\u0627\u0644\u0645\u0644\u062f\u0646\u0627\u062a.<\/div>\n<div>\u0627\u0644\u0645\u0639\u064a\u0627\u0631 \/ \u0627\u0644\u0645\u0648\u0627\u0641\u0642\u0629: \u0627\u0644\u0645\u0639\u064a\u0627\u0631: \u062a\u0648\u0635\u064a\u0644 \u0627\u0644\u0645\u0634\u0628\u0643.<\/div>\n<div>\u0645\u0639\u0644\u0648\u0645\u0627\u062a \u0625\u0636\u0627\u0641\u064a\u0629<\/div>\n<div>\u0627\u0644\u0628\u064a\u0627\u0646\u0627\u062a \u0627\u0644\u0641\u0646\u064a\u0629 \u0644\u0638\u0631\u0648\u0641 \u0627\u0644\u062a\u0634\u063a\u064a\u0644 \u0639\u0646\u062f 20 \u062f\u0631\u062c\u0629 \u0645\u0626\u0648\u064a\u0629.<\/div>\n<div class=\"video video-fit mb\" style=\"padding-top:56.25%;\"><p><iframe loading=\"lazy\" title=\"\u0627\u0631\u062a\u0628\u0627\u0643 \u0627\u0644\u0642\u064a\u0627\u0633 (\u0628\u0648\u0635\u0629\u060c \u0625\u0635\u0628\u0639\u060c \u0636\u0628\u0627\u0628\u060c \u0645\u0644\u0644\u064a\u0645\u062a\u0631)\" width=\"1020\" height=\"574\" src=\"https:\/\/www.youtube.com\/embed\/uKk6AG_AZls?feature=oembed\" frameborder=\"0\" allow=\"accelerometer; autoplay; clipboard-write; encrypted-media; gyroscope; picture-in-picture; web-share\" referrerpolicy=\"strict-origin-when-cross-origin\" allowfullscreen><\/iframe><\/p>\n<\/div>\n<div class=\"video video-fit mb\" style=\"padding-top:56.25%;\"><p>https:\/\/www.youtube.com\/watch?v=O8ZlzKEjfEQ%20<\/p>\n<\/div>\n<p><img data-recalc-dims=\"1\" loading=\"lazy\" decoding=\"async\" class=\"alignnone size-full wp-image-2109\" src=\"https:\/\/i0.wp.com\/tuzlahortum.com.tr\/wp-content\/uploads\/urunler\/trelleborg\/Trelleborg-KLEGAINE-GPU-M.jpg?resize=760%2C584&#038;ssl=1\" alt=\"\" width=\"760\" height=\"584\" title=\"\" srcset=\"https:\/\/i0.wp.com\/tuzlahortum.com.tr\/wp-content\/uploads\/urunler\/trelleborg\/Trelleborg-KLEGAINE-GPU-M.jpg?w=760&amp;ssl=1 760w, https:\/\/i0.wp.com\/tuzlahortum.com.tr\/wp-content\/uploads\/urunler\/trelleborg\/Trelleborg-KLEGAINE-GPU-M.jpg?resize=521%2C400&amp;ssl=1 521w, https:\/\/i0.wp.com\/tuzlahortum.com.tr\/wp-content\/uploads\/urunler\/trelleborg\/Trelleborg-KLEGAINE-GPU-M.jpg?resize=600%2C461&amp;ssl=1 600w\" sizes=\"auto, (max-width: 760px) 100vw, 760px\" \/><\/p>","protected":false},"excerpt":{"rendered":"<p>Trelleborg KLEGAINE GPU-M End\u00fcstriyel hortumlar\/Poli\u00fcretan Ah\u015fap i\u015fleme end\u00fcstrileri, d\u00f6k\u00fcmhaneler ve di\u011fer genel uygulamalar i\u00e7in uygundur. Tozlar, a\u015f\u0131nd\u0131r\u0131c\u0131 partik\u00fcller, toz, tala\u015f, z\u0131mba, tekstil lifleri, metal tala\u015flar\u0131n\u0131n ta\u015f\u0131nmas\u0131 i\u00e7in\u00a0uygundur. End\u00fcstriyel elektrik s\u00fcp\u00fcrgeleri. Kimya ve petrol end\u00fcstrilerinde duman tahliyesi i\u00e7in uygundur Robotlar ve tak\u0131m tezgahlar\u0131nda\u00a0kablo kanal\u0131. Avantajlar *Hafif ve olduk\u00e7a esnektir, d\u00fc\u015f\u00fck s\u0131cakl\u0131kta esnektir. *A\u015f\u0131nma ve delinmeye kar\u015f\u0131 [&#8230;]\n","protected":false},"featured_media":2646,"comment_status":"open","ping_status":"closed","template":"","meta":{"jetpack_post_was_ever_published":false},"product_brand":[],"product_cat":[176],"product_tag":[392,396,393,357,394,290,399,381,362,398,361,395,397],"class_list":{"0":"post-570","1":"product","2":"type-product","3":"status-publish","4":"has-post-thumbnail","6":"product_cat-endustriyel-hortumlar","7":"product_tag-ahsap-isleme-endustrileri","8":"product_tag-asindirici-partikuller","9":"product_tag-dokumhaneler","10":"product_tag-endustriyel","11":"product_tag-genel-uygulamalar","12":"product_tag-hortum","13":"product_tag-metal-talaslarin-tasinmasi","14":"product_tag-poliuretan","15":"product_tag-talas","16":"product_tag-tekstil-lifleri","17":"product_tag-toz","18":"product_tag-tozlar","19":"product_tag-zimba","21":"first","22":"instock","23":"taxable","24":"shipping-taxable","25":"product-type-variable"},"jetpack-related-posts":[{"id":569,"url":"https:\/\/tuzlahortum.com.tr\/ar\/product\/trelleborg-klegaine-gpu-fg\/","url_meta":{"origin":570,"position":0},"title":"Trelleborg KLEGAINE GPU-FG","author":"admin","date":"6 \u0641\u0628\u0631\u0627\u064a\u0631 2019","format":false,"excerpt":"Trelleborg KLEGAINE GPU-FGEnd\u00fcstriyel hortumlar\/Poli\u00fcretan G\u0131daya uygun kalitede, son derece d\u00fczg\u00fcn. G\u0131da end\u00fcstrisinde a\u015f\u0131nd\u0131r\u0131c\u0131 malzemeler, tozlar ve gran\u00fcllerin ve ila\u00e7 laboratuvarlar\u0131nda\u00a0ila\u00e7lar\u0131n \u00e7ekilmesi ve ta\u015f\u0131nmas\u0131 i\u00e7in idealdir. End\u00fcstriyel elektrik s\u00fcp\u00fcrgeleri ve zemin bak\u0131m uygulamalar\u0131, \u00e7imen bi\u00e7me makineleri ve kaya\u00a0y\u00fcn\u00fc projeksiyonu. Ah\u015fap i\u015fleme end\u00fcstrileri. Robotikler, r\u00f6ntgen makineleri i\u00e7in kablo kanal\u0131. Avantajlar *G\u0131dada kullan\u0131ma\u2026","rel":"","context":"\u062a\u062f\u0648\u064a\u0646\u0629 \u0645\u0634\u0627\u0628\u0647\u0629","block_context":{"text":"\u062a\u062f\u0648\u064a\u0646\u0629 \u0645\u0634\u0627\u0628\u0647\u0629","link":""},"img":{"alt_text":"","src":"https:\/\/i0.wp.com\/tuzlahortum.com.tr\/wp-content\/uploads\/2019\/02\/KLEGAINE-GPU-FG.jpg?fit=800%2C800&ssl=1&resize=350%2C200","width":350,"height":200,"srcset":"https:\/\/i0.wp.com\/tuzlahortum.com.tr\/wp-content\/uploads\/2019\/02\/KLEGAINE-GPU-FG.jpg?fit=800%2C800&ssl=1&resize=350%2C200 1x, https:\/\/i0.wp.com\/tuzlahortum.com.tr\/wp-content\/uploads\/2019\/02\/KLEGAINE-GPU-FG.jpg?fit=800%2C800&ssl=1&resize=525%2C300 1.5x, https:\/\/i0.wp.com\/tuzlahortum.com.tr\/wp-content\/uploads\/2019\/02\/KLEGAINE-GPU-FG.jpg?fit=800%2C800&ssl=1&resize=700%2C400 2x"},"classes":[]},{"id":571,"url":"https:\/\/tuzlahortum.com.tr\/ar\/product\/trelleborg-klegaine-gpu-ms\/","url_meta":{"origin":570,"position":1},"title":"Trelleborg KLEGAINE GPU-MS","author":"admin","date":"6 \u0641\u0628\u0631\u0627\u064a\u0631 2019","format":false,"excerpt":"Trelleborg KLEGAINE GPU-MSEnd\u00fcstriyel hortumlar\/Poli\u00fcretan Son derece esnek ve dayan\u0131kl\u0131d\u0131r. Metalurji, ah\u015fap i\u015fleme, g\u0131da, ila\u00e7 end\u00fcstrileri gibi bir\u00e7ok end\u00fcstride kullan\u0131l\u0131r. Nemli ve\/veya s\u0131cak ortamlarda tah\u0131llar\u0131n, gran\u00fcllerin, tala\u015f ve ah\u015fap par\u00e7alar\u0131, metal tala\u015flar\u0131n\u0131n ta\u015f\u0131nmas\u0131 i\u00e7in idealdir. \u00d6zellikle sokak tipi s\u00fcp\u00fcrgeler ve \u00e7im bi\u00e7me makineleri i\u00e7in uygundur DIN4102B1'e g\u00f6re alev geciktiricidir veya tercihen\u2026","rel":"","context":"\u062a\u062f\u0648\u064a\u0646\u0629 \u0645\u0634\u0627\u0628\u0647\u0629","block_context":{"text":"\u062a\u062f\u0648\u064a\u0646\u0629 \u0645\u0634\u0627\u0628\u0647\u0629","link":""},"img":{"alt_text":"","src":"https:\/\/i0.wp.com\/tuzlahortum.com.tr\/wp-content\/uploads\/2019\/02\/KLEGAINE-GPU-MS.jpg?fit=800%2C800&ssl=1&resize=350%2C200","width":350,"height":200,"srcset":"https:\/\/i0.wp.com\/tuzlahortum.com.tr\/wp-content\/uploads\/2019\/02\/KLEGAINE-GPU-MS.jpg?fit=800%2C800&ssl=1&resize=350%2C200 1x, https:\/\/i0.wp.com\/tuzlahortum.com.tr\/wp-content\/uploads\/2019\/02\/KLEGAINE-GPU-MS.jpg?fit=800%2C800&ssl=1&resize=525%2C300 1.5x, https:\/\/i0.wp.com\/tuzlahortum.com.tr\/wp-content\/uploads\/2019\/02\/KLEGAINE-GPU-MS.jpg?fit=800%2C800&ssl=1&resize=700%2C400 2x"},"classes":[]},{"id":572,"url":"https:\/\/tuzlahortum.com.tr\/ar\/product\/trelleborg-klegaine-gpu-s\/","url_meta":{"origin":570,"position":2},"title":"Trelleborg KLEGAINE GPU-S","author":"admin","date":"6 \u0641\u0628\u0631\u0627\u064a\u0631 2019","format":false,"excerpt":"Trelleborg KLEGAINE GPU-SEnd\u00fcstriyel hortumlar\/Poli\u00fcretan Son derece dayan\u0131kl\u0131d\u0131r. Cam tesisleri, \u00e7elik end\u00fcstrisi, mineral i\u015fleme, limanlar, \u00e7imento tesisleri, b\u00fcy\u00fck end\u00fcstriyel elektrikli s\u00fcp\u00fcrgelerde metal tala\u015f\u0131, kum, \u00e7ak\u0131l, buz, vs. gibi son derece a\u015f\u0131nd\u0131r\u0131c\u0131 malzemelerin\u00a0ta\u015f\u0131nmas\u0131 i\u00e7in idealdir. Avantajlar *A\u015f\u0131nma ve delinmeye kar\u015f\u0131 benzersiz dayan\u0131m. *Ezilme, bas\u0131n\u00e7, vakuma dayan\u0131kl\u0131 bak\u0131r kapl\u0131 \u00e7elik helis. Poli\u00fcretan g\u00f6vdeyle\u2026","rel":"","context":"\u062a\u062f\u0648\u064a\u0646\u0629 \u0645\u0634\u0627\u0628\u0647\u0629","block_context":{"text":"\u062a\u062f\u0648\u064a\u0646\u0629 \u0645\u0634\u0627\u0628\u0647\u0629","link":""},"img":{"alt_text":"","src":"https:\/\/i0.wp.com\/tuzlahortum.com.tr\/wp-content\/uploads\/2019\/02\/KLEGAINE-GPU-S.jpg?fit=800%2C800&ssl=1&resize=350%2C200","width":350,"height":200,"srcset":"https:\/\/i0.wp.com\/tuzlahortum.com.tr\/wp-content\/uploads\/2019\/02\/KLEGAINE-GPU-S.jpg?fit=800%2C800&ssl=1&resize=350%2C200 1x, https:\/\/i0.wp.com\/tuzlahortum.com.tr\/wp-content\/uploads\/2019\/02\/KLEGAINE-GPU-S.jpg?fit=800%2C800&ssl=1&resize=525%2C300 1.5x, https:\/\/i0.wp.com\/tuzlahortum.com.tr\/wp-content\/uploads\/2019\/02\/KLEGAINE-GPU-S.jpg?fit=800%2C800&ssl=1&resize=700%2C400 2x"},"classes":[]},{"id":573,"url":"https:\/\/tuzlahortum.com.tr\/ar\/product\/trelleborg-klegaine-grv\/","url_meta":{"origin":570,"position":3},"title":"Trelleborg KLEGAINE GRV","author":"admin","date":"6 \u0641\u0628\u0631\u0627\u064a\u0631 2019","format":false,"excerpt":"Trelleborg KLEGAINE GRVEnd\u00fcstriyel hortumlar\/PVC Havaland\u0131rma, toz ve duman tahliyesi i\u00e7in a\u011f\u0131r hizmet ko\u015fullar\u0131na uygun. \u00d6zellikle s\u00fcrekli esnemeye ihtiya\u00e7 duyulan mobil uygulamalar (bas\u0131n\u00e7s\u0131z s\u0131hhi tesisatlar: mobil ev, tekne, karavan, stand, vs.) i\u00e7in uygundur. Kablo kanal\u0131. Avantajlar *Dayan\u0131kl\u0131d\u0131r ve ta\u015f\u0131mas\u0131 kolayd\u0131r. *\u00c7ok iyi esneklik. *Yar\u0131 rijit darbeye dayan\u0131kl\u0131 PVC helis. *Ak\u0131\u015f\u0131 optimize\u2026","rel":"","context":"\u062a\u062f\u0648\u064a\u0646\u0629 \u0645\u0634\u0627\u0628\u0647\u0629","block_context":{"text":"\u062a\u062f\u0648\u064a\u0646\u0629 \u0645\u0634\u0627\u0628\u0647\u0629","link":""},"img":{"alt_text":"","src":"https:\/\/i0.wp.com\/tuzlahortum.com.tr\/wp-content\/uploads\/2019\/02\/KLEGAINE-GRV.jpg?fit=800%2C800&ssl=1&resize=350%2C200","width":350,"height":200,"srcset":"https:\/\/i0.wp.com\/tuzlahortum.com.tr\/wp-content\/uploads\/2019\/02\/KLEGAINE-GRV.jpg?fit=800%2C800&ssl=1&resize=350%2C200 1x, https:\/\/i0.wp.com\/tuzlahortum.com.tr\/wp-content\/uploads\/2019\/02\/KLEGAINE-GRV.jpg?fit=800%2C800&ssl=1&resize=525%2C300 1.5x, https:\/\/i0.wp.com\/tuzlahortum.com.tr\/wp-content\/uploads\/2019\/02\/KLEGAINE-GRV.jpg?fit=800%2C800&ssl=1&resize=700%2C400 2x"},"classes":[]},{"id":916,"url":"https:\/\/tuzlahortum.com.tr\/ar\/product\/trelleborg-ost-epdm-16bar\/","url_meta":{"origin":570,"position":4},"title":"Trelleborg OST EPDM 16BAR","author":"admin","date":"6 \u0641\u0628\u0631\u0627\u064a\u0631 2019","format":false,"excerpt":"Trelleborg OST EPDM 16BARSu\/Vakum uygulamalar\u0131 Evsel su, end\u00fcstriyel su, at\u0131k sular, \u00e7amurlu su ve s\u0131v\u0131 g\u00fcbrenin \u00e7ekilmesi ve tahliyesi i\u00e7in. Avantajlar *End\u00fcstrinin t\u00fcm alanlar\u0131nda kullan\u0131lan pompalara uygun geni\u015f \u00e7e\u015fitlilikte \u00e7aplar. *M\u00fckemmel esneklik. *T\u00fcm \u00e7aplarda 16 bar'l\u0131k sabit \u00e7al\u0131\u015fma bas\u0131nc\u0131. *Is\u0131ya kar\u015f\u0131 y\u00fcksek dayan\u0131m, iletken ve a\u015f\u0131nmaya kar\u015f\u0131 dayan\u0131kl\u0131 i\u00e7 lastik.\u2026","rel":"","context":"\u062a\u062f\u0648\u064a\u0646\u0629 \u0645\u0634\u0627\u0628\u0647\u0629","block_context":{"text":"\u062a\u062f\u0648\u064a\u0646\u0629 \u0645\u0634\u0627\u0628\u0647\u0629","link":""},"img":{"alt_text":"","src":"https:\/\/i0.wp.com\/tuzlahortum.com.tr\/wp-content\/uploads\/2019\/02\/OST-EPDM-16BAR.jpg?fit=800%2C800&ssl=1&resize=350%2C200","width":350,"height":200,"srcset":"https:\/\/i0.wp.com\/tuzlahortum.com.tr\/wp-content\/uploads\/2019\/02\/OST-EPDM-16BAR.jpg?fit=800%2C800&ssl=1&resize=350%2C200 1x, https:\/\/i0.wp.com\/tuzlahortum.com.tr\/wp-content\/uploads\/2019\/02\/OST-EPDM-16BAR.jpg?fit=800%2C800&ssl=1&resize=525%2C300 1.5x, https:\/\/i0.wp.com\/tuzlahortum.com.tr\/wp-content\/uploads\/2019\/02\/OST-EPDM-16BAR.jpg?fit=800%2C800&ssl=1&resize=700%2C400 2x"},"classes":[]},{"id":661,"url":"https:\/\/tuzlahortum.com.tr\/ar\/product\/trelleborg-supermines\/","url_meta":{"origin":570,"position":5},"title":"\u062a\u0631\u064a\u0644\u0628\u0648\u0631\u062c \u0633\u0648\u0628\u0631\u0645\u064a\u0646\u0632","author":"admin","date":"6 \u0641\u0628\u0631\u0627\u064a\u0631 2019","format":false,"excerpt":"Trelleborg SUPERMINES \u0647\u0648\u0627\u0621\/\u0627\u0633\u062a\u062e\u062f\u0627\u0645\u0627\u062a \u0627\u0644\u0647\u0648\u0627\u0621 \u0627\u0644\u0645\u0636\u063a\u0648\u0637 \u062e\u0631\u0637\u0648\u0645 \u0636\u0627\u063a\u0637 \u0627\u0644\u0647\u0648\u0627\u0621 \u0634\u062f\u064a\u062f \u0627\u0644\u062a\u062d\u0645\u0644 \u0644\u0645\u0648\u0627\u0642\u0639 \u0627\u0644\u0628\u0646\u0627\u0621\u060c \u0648\u0645\u0634\u0627\u0631\u064a\u0639 \u0627\u0644\u0628\u0646\u0627\u0621\u060c \u0648\u0627\u0644\u0645\u0646\u0627\u062c\u0645\u060c \u0625\u0644\u062e. \u0627\u0644\u0645\u0632\u0627\u064a\u0627 * \u0645\u0642\u0627\u0648\u0645\u0629 \u0639\u0627\u0644\u064a\u0629 \u0644\u0644\u062a\u0639\u0628 \u0648\u0627\u0644\u0643\u0633\u0631 \u0648\u0627\u0644\u0627\u0644\u062a\u0648\u0627\u0621. *\u0645\u0642\u0627\u0648\u0645\u0629 \u0645\u0645\u062a\u0627\u0632\u0629 \u0644\u0644\u062a\u0622\u0643\u0644 \u0648\u0627\u0644\u0638\u0631\u0648\u0641 \u0627\u0644\u062c\u0648\u064a\u0629 \u0648\u0627\u0644\u0633\u062d\u0628 \u0639\u0644\u0649 \u0627\u0644\u0623\u0633\u0637\u062d \u0627\u0644\u062e\u0634\u0646\u0629 \u0648\u0627\u0644\u062f\u0647\u0646\u064a\u0629. *\u0645\u0631\u0648\u0646\u0629 \u062c\u064a\u062f\u0629 \u0641\u064a \u0627\u0644\u0628\u0631\u062f. *\u0645\u0646\u0627\u0633\u0628 \u0644\u062a\u0641\u0631\u064a\u063a \u0627\u0644\u0623\u0643\u0633\u062c\u064a\u0646 (IAQ\u226425 \u0645\u0645 \u0641\u0642\u0637). *\u0637\u0644\u0627\u0621 \u0634\u0641\u0627\u0641 (\u0623\u0635\u0641\u0631 \u0627\u0644\u0644\u0648\u0646). \u062a\u0642\u0646\u064a","rel":"","context":"\u062a\u062f\u0648\u064a\u0646\u0629 \u0645\u0634\u0627\u0628\u0647\u0629","block_context":{"text":"\u062a\u062f\u0648\u064a\u0646\u0629 \u0645\u0634\u0627\u0628\u0647\u0629","link":""},"img":{"alt_text":"","src":"https:\/\/i0.wp.com\/tuzlahortum.com.tr\/wp-content\/uploads\/2019\/02\/SUPERMINES.jpg?fit=800%2C800&ssl=1&resize=350%2C200","width":350,"height":200,"srcset":"https:\/\/i0.wp.com\/tuzlahortum.com.tr\/wp-content\/uploads\/2019\/02\/SUPERMINES.jpg?fit=800%2C800&ssl=1&resize=350%2C200 1x, https:\/\/i0.wp.com\/tuzlahortum.com.tr\/wp-content\/uploads\/2019\/02\/SUPERMINES.jpg?fit=800%2C800&ssl=1&resize=525%2C300 1.5x, https:\/\/i0.wp.com\/tuzlahortum.com.tr\/wp-content\/uploads\/2019\/02\/SUPERMINES.jpg?fit=800%2C800&ssl=1&resize=700%2C400 2x"},"classes":[]}],"jetpack_sharing_enabled":true,"jetpack_likes_enabled":true,"_links":{"self":[{"href":"https:\/\/tuzlahortum.com.tr\/ar\/wp-json\/wp\/v2\/product\/570","targetHints":{"allow":["GET"]}}],"collection":[{"href":"https:\/\/tuzlahortum.com.tr\/ar\/wp-json\/wp\/v2\/product"}],"about":[{"href":"https:\/\/tuzlahortum.com.tr\/ar\/wp-json\/wp\/v2\/types\/product"}],"replies":[{"embeddable":true,"href":"https:\/\/tuzlahortum.com.tr\/ar\/wp-json\/wp\/v2\/comments?post=570"}],"wp:featuredmedia":[{"embeddable":true,"href":"https:\/\/tuzlahortum.com.tr\/ar\/wp-json\/wp\/v2\/media\/2646"}],"wp:attachment":[{"href":"https:\/\/tuzlahortum.com.tr\/ar\/wp-json\/wp\/v2\/media?parent=570"}],"wp:term":[{"taxonomy":"product_brand","embeddable":true,"href":"https:\/\/tuzlahortum.com.tr\/ar\/wp-json\/wp\/v2\/product_brand?post=570"},{"taxonomy":"product_cat","embeddable":true,"href":"https:\/\/tuzlahortum.com.tr\/ar\/wp-json\/wp\/v2\/product_cat?post=570"},{"taxonomy":"product_tag","embeddable":true,"href":"https:\/\/tuzlahortum.com.tr\/ar\/wp-json\/wp\/v2\/product_tag?post=570"}],"curies":[{"name":"\u062f\u0628\u0644\u064a\u0648 \u0628\u064a","href":"https:\/\/api.w.org\/{rel}","templated":true}]}}