{"id":559,"date":"2019-02-06T23:46:03","date_gmt":"2019-02-06T20:46:03","guid":{"rendered":"http:\/\/hortum.com.tr\/product\/import-placeholder-for-524\/"},"modified":"2024-03-21T17:45:24","modified_gmt":"2024-03-21T14:45:24","slug":"trelleborg-ag2100-marine-smooth","status":"publish","type":"product","link":"https:\/\/tuzlahortum.com.tr\/ar\/product\/trelleborg-ag2100-marine-smooth\/","title":{"rendered":"Trelleborg AG2100 \u0645\u0627\u0631\u064a\u0646 \u0633\u0645\u0648\u062b"},"content":{"rendered":"<h2>Trelleborg AG2100 \u0645\u0627\u0631\u064a\u0646 \u0633\u0645\u0648\u062b<\/h2>\n<p>\u063a\u0627\u0632 \u0627\u0644\u0639\u0627\u062f\u0645<\/p>\n<p>\u0623\u0646\u0638\u0645\u0629 \u0627\u0644\u0639\u0627\u062f\u0645 \u0627\u0644\u0631\u0637\u0628 \u0644\u0644\u0645\u062d\u0631\u0643 \u0627\u0644\u0628\u062d\u0631\u064a \u062d\u064a\u062b \u064a\u062a\u0645 \u062e\u0644\u0637 \u063a\u0627\u0632\u0627\u062a \u0627\u0644\u0639\u0627\u062f\u0645 \u0628\u0627\u0644\u0645\u0627\u0621 \u0627\u0644\u0628\u0627\u0631\u062f \u0627\u0644\u0645\u0641\u0631\u063a.<\/p>\n<p>\u0645\u0632\u0627\u064a\u0627<\/p>\n<p>*\u0645\u0631\u0646.<\/p>\n<p>* \u0645\u0642\u0627\u0648\u0645\u0629 \u0627\u0644\u0628\u0644\u0649.<\/p>\n<p>* \u0628\u0646\u0627\u0621 \u0641\u0644\u064a\u0643\u0633 \u0645\u0627\u0643\u0633 (\u0639\u0644\u0649 \u0633\u0628\u064a\u0644 \u0627\u0644\u0645\u062b\u0627\u0644 \u0645\u062a\u0639\u062f\u062f \u0627\u0644\u062d\u0644\u0632\u0648\u0646).<\/p>\n<p>* \u0645\u0633\u0637\u062d\u0629 \u0648\u062f\u0627\u0626\u0645\u0629.<\/p>\n<p>* \u064a\u0642\u0627\u0648\u0645 \u0627\u0644\u0639\u0627\u062f\u0645 \u0627\u0644\u062c\u0627\u0641 \u0644\u0623\u0643\u062b\u0631 \u0645\u0646 3 \u0633\u0627\u0639\u0627\u062a.<\/p>\n<p>* DNV \u0645\u0639\u062a\u0645\u062f.<\/p>\n<p>\u0627\u0644\u0648\u0635\u0641 \u0627\u0644\u0641\u0646\u064a<\/p>\n<p>\u0627\u0644\u0623\u0646\u0628\u0648\u0628 \u0627\u0644\u062f\u0627\u062e\u0644\u064a: CR \u060c \u0623\u0633\u0648\u062f \u060c \u0645\u0633\u062a\u0642\u064a\u0645.<\/p>\n<p>\u0627\u0644\u062a\u0639\u0632\u064a\u0632: \u0646\u0633\u064a\u062c \u0635\u0646\u0627\u0639\u064a \u0628\u0632\u0646\u0628\u0631\u0643 \u0635\u0644\u0628 \u0645\u062f\u0645\u062c.<\/p>\n<p>\u0627\u0644\u0637\u0644\u0627\u0621: CR \u060c \u0623\u0633\u0648\u062f \u060c \u0645\u0638\u0647\u0631 \u0627\u0644\u0646\u0633\u064a\u062c.<\/p>\n<p>\u0646\u0637\u0627\u0642 \u062f\u0631\u062c\u0629 \u0627\u0644\u062d\u0631\u0627\u0631\u0629: -30 \u062f\u0631\u062c\u0629 \u0645\u0626\u0648\u064a\u0629 \u0625\u0644\u0649 + 100 \u062f\u0631\u062c\u0629 \u0645\u0626\u0648\u064a\u0629.<\/p>\n<p>\u064a\u0642\u0627\u0648\u0645 \u0645\u0624\u0642\u062a\u064b\u0627 + 580 \u062f\u0631\u062c\u0629 \u0645\u0626\u0648\u064a\u0629.<\/p>\n<p>\u0627\u0644\u0646\u0642\u0627\u0628\u0627\u062a \/ \u0627\u0644\u062a\u0631\u0643\u064a\u0628\u0627\u062a<\/p>\n<p>\u0623\u0635\u0641\u0627\u062f.<\/p>\n<p>\u0645\u0639\u0644\u0648\u0645\u0627\u062a \u0625\u0636\u0627\u0641\u064a\u0629<\/p>\n<p>\u0645\u0639\u062a\u0645\u062f \u0645\u0646 DNV \u0648\u0641\u0642\u064b\u0627 \u0644\u0645\u0639\u064a\u0627\u0631 ISO 13363 type 2 \u0648 SAE J 2006 type R2 \u0648\u0627\u0644\u0645\u0639\u064a\u0627\u0631 \u0627\u0644\u0625\u0633\u0643\u0646\u062f\u0646\u0627\u0641\u064a \u0644\u0644\u0642\u0648\u0627\u0631\u0628 MC9.<\/p>\n<p>\u064a\u062a\u0645 \u0625\u0646\u062a\u0627\u062c \u0623\u062d\u062c\u0627\u0645 \u0645\u062e\u062a\u0644\u0641\u0629 \u0639\u0646\u062f \u0627\u0644\u0637\u0644\u0628.<\/p>\n<div class=\"video video-fit mb\" style=\"padding-top:56.25%;\"><p><iframe loading=\"lazy\" title=\"\u0627\u0631\u062a\u0628\u0627\u0643 \u0627\u0644\u0642\u064a\u0627\u0633 (\u0628\u0648\u0635\u0629\u060c \u0625\u0635\u0628\u0639\u060c \u0636\u0628\u0627\u0628\u060c \u0645\u0644\u0644\u064a\u0645\u062a\u0631)\" width=\"1020\" height=\"574\" src=\"https:\/\/www.youtube.com\/embed\/uKk6AG_AZls?feature=oembed\" frameborder=\"0\" allow=\"accelerometer; autoplay; clipboard-write; encrypted-media; gyroscope; picture-in-picture; web-share\" referrerpolicy=\"strict-origin-when-cross-origin\" allowfullscreen><\/iframe><\/p>\n<\/div>\n<div class=\"video video-fit mb\" style=\"padding-top:56.25%;\"><p>https:\/\/www.youtube.com\/watch?v=O8ZlzKEjfEQ%20<\/p>\n<\/div>\n<p><img data-recalc-dims=\"1\" loading=\"lazy\" decoding=\"async\" class=\"alignnone size-full wp-image-2152\" src=\"https:\/\/i0.wp.com\/tuzlahortum.com.tr\/wp-content\/uploads\/urunler\/trelleborg\/TRELLEBORG-AG2100-MARI%CC%87NE-SMOOTH.jpg?resize=933%2C307&#038;ssl=1\" alt=\"\" width=\"933\" height=\"307\" title=\"\" srcset=\"https:\/\/i0.wp.com\/tuzlahortum.com.tr\/wp-content\/uploads\/urunler\/trelleborg\/TRELLEBORG-AG2100-MARI%CC%87NE-SMOOTH.jpg?w=933&amp;ssl=1 933w, https:\/\/i0.wp.com\/tuzlahortum.com.tr\/wp-content\/uploads\/urunler\/trelleborg\/TRELLEBORG-AG2100-MARI%CC%87NE-SMOOTH.jpg?resize=800%2C263&amp;ssl=1 800w, https:\/\/i0.wp.com\/tuzlahortum.com.tr\/wp-content\/uploads\/urunler\/trelleborg\/TRELLEBORG-AG2100-MARI%CC%87NE-SMOOTH.jpg?resize=768%2C253&amp;ssl=1 768w, https:\/\/i0.wp.com\/tuzlahortum.com.tr\/wp-content\/uploads\/urunler\/trelleborg\/TRELLEBORG-AG2100-MARI%CC%87NE-SMOOTH.jpg?resize=600%2C197&amp;ssl=1 600w\" sizes=\"auto, (max-width: 933px) 100vw, 933px\" \/><\/p>","protected":false},"excerpt":{"rendered":"<p>Trelleborg AG2100 Marine Smooth Egzoz gaz\u0131 Egzoz gazlar\u0131n\u0131n tahliye edilen so\u011fuk su ile kar\u0131\u015ft\u0131\u011f\u0131 deniz motoru \u0131slak egzoz sistemleri. Avantajlar *Esnek. *Y\u0131pranma ve eskimeye dayan\u0131kl\u0131. *Flex Max yap\u0131 (\u00f6r. \u00e7oklu helis). *D\u00fcz ve dayan\u0131kl\u0131. *Kuru egzoza 3 saatten fazla dayan\u0131r. *DNV onayl\u0131d\u0131r. Teknik a\u00e7\u0131klama \u0130\u00e7 t\u00fcp :\u00a0CR, siyah, d\u00fcz. Takviye :\u00a0\u00e7elik g\u00f6m\u00fcl\u00fc yay bulunan sentetik [&#8230;]\n","protected":false},"featured_media":2613,"comment_status":"open","ping_status":"closed","template":"","meta":{"jetpack_post_was_ever_published":false},"product_brand":[],"product_cat":[175],"product_tag":[337,338,290,344,343],"class_list":{"0":"post-559","1":"product","2":"type-product","3":"status-publish","4":"has-post-thumbnail","6":"product_cat-egzoz-gazi-hortumlari","7":"product_tag-egzoz","8":"product_tag-gaz","9":"product_tag-hortum","10":"product_tag-islak","11":"product_tag-tahliye","13":"first","14":"instock","15":"taxable","16":"shipping-taxable","17":"product-type-variable"},"jetpack-related-posts":[{"id":558,"url":"https:\/\/tuzlahortum.com.tr\/ar\/product\/trelleborg-ag2100-marine-corrugated\/","url_meta":{"origin":559,"position":0},"title":"Trelleborg AG2100 \u0645\u0645\u0648\u062c \u0628\u062d\u0631\u064a","author":"admin","date":"6 \u0641\u0628\u0631\u0627\u064a\u0631 2019","format":false,"excerpt":"Trelleborg AG2100 Marine CorrugatedEgzoz gaz\u0131 Egzoz gazlar\u0131n\u0131n tahliye edilen so\u011fuk su ile kar\u0131\u015ft\u0131\u011f\u0131 deniz motoru \u0131slak egzoz sistemleri. Avantajlar *Son derece y\u00fcksek esneklik. *Hafiftir. *Y\u0131pranma ve eskimeye dayan\u0131kl\u0131. *Oluklu ve kullan\u0131c\u0131 dostu. *DNV onayl\u0131d\u0131r. Teknik a\u00e7\u0131klama \u0130\u00e7 t\u00fcp :\u00a0CR, siyah, d\u00fcz. Takviye :\u00a0\u00e7elik tel g\u00f6m\u00fcl\u00fc helis bulunan sentetik tekstil. Kaplama\u2026","rel":"","context":"\u062a\u062f\u0648\u064a\u0646\u0629 \u0645\u0634\u0627\u0628\u0647\u0629","block_context":{"text":"\u062a\u062f\u0648\u064a\u0646\u0629 \u0645\u0634\u0627\u0628\u0647\u0629","link":""},"img":{"alt_text":"","src":"https:\/\/i0.wp.com\/tuzlahortum.com.tr\/wp-content\/uploads\/2019\/02\/AG-2100-MARINE-CORRUGATED.jpg?fit=800%2C800&ssl=1&resize=350%2C200","width":350,"height":200,"srcset":"https:\/\/i0.wp.com\/tuzlahortum.com.tr\/wp-content\/uploads\/2019\/02\/AG-2100-MARINE-CORRUGATED.jpg?fit=800%2C800&ssl=1&resize=350%2C200 1x, https:\/\/i0.wp.com\/tuzlahortum.com.tr\/wp-content\/uploads\/2019\/02\/AG-2100-MARINE-CORRUGATED.jpg?fit=800%2C800&ssl=1&resize=525%2C300 1.5x, https:\/\/i0.wp.com\/tuzlahortum.com.tr\/wp-content\/uploads\/2019\/02\/AG-2100-MARINE-CORRUGATED.jpg?fit=800%2C800&ssl=1&resize=700%2C400 2x"},"classes":[]},{"id":557,"url":"https:\/\/tuzlahortum.com.tr\/ar\/product\/trelleborg-ag-1000-lt\/","url_meta":{"origin":559,"position":1},"title":"Trelleborg AG 1000 LT","author":"admin","date":"6 \u0641\u0628\u0631\u0627\u064a\u0631 2019","format":false,"excerpt":"Trelleborg AG 1000 LTEgzoz gaz\u0131 Motorlu ara\u00e7lardan egzoz gaz\u0131 ve di\u011fer s\u0131cak gazlar\u0131n uzakla\u015ft\u0131r\u0131lmas\u0131. Her t\u00fcrl\u00fc yayl\u0131 geri\u00a0sar\u0131m mekanizmas\u0131na sahip egzoz hortumu kasnaklar\u0131, egzoz duman\u0131 uzakla\u015ft\u0131r\u0131c\u0131lar ve ayn\u0131\u00a0zamanda ara\u00e7lar\u0131n hareket ettirildi\u011fi egzoz raylar\u0131. Avantajlar *Son derece hafif ve esnek olmas\u0131 hortumu \u00f6zellikle manuel ta\u015f\u0131ma i\u00e7in uygun hale getiriyor. *D\u00fczg\u00fcn i\u00e7\u2026","rel":"","context":"\u062a\u062f\u0648\u064a\u0646\u0629 \u0645\u0634\u0627\u0628\u0647\u0629","block_context":{"text":"\u062a\u062f\u0648\u064a\u0646\u0629 \u0645\u0634\u0627\u0628\u0647\u0629","link":""},"img":{"alt_text":"","src":"https:\/\/i0.wp.com\/tuzlahortum.com.tr\/wp-content\/uploads\/2019\/02\/AG-1000-LT.jpg?fit=800%2C800&ssl=1&resize=350%2C200","width":350,"height":200,"srcset":"https:\/\/i0.wp.com\/tuzlahortum.com.tr\/wp-content\/uploads\/2019\/02\/AG-1000-LT.jpg?fit=800%2C800&ssl=1&resize=350%2C200 1x, https:\/\/i0.wp.com\/tuzlahortum.com.tr\/wp-content\/uploads\/2019\/02\/AG-1000-LT.jpg?fit=800%2C800&ssl=1&resize=525%2C300 1.5x, https:\/\/i0.wp.com\/tuzlahortum.com.tr\/wp-content\/uploads\/2019\/02\/AG-1000-LT.jpg?fit=800%2C800&ssl=1&resize=700%2C400 2x"},"classes":[]},{"id":556,"url":"https:\/\/tuzlahortum.com.tr\/ar\/product\/trelleborg-ag-1000-ht\/","url_meta":{"origin":559,"position":2},"title":"Trelleborg AG 1000 HT","author":"admin","date":"6 \u0641\u0628\u0631\u0627\u064a\u0631 2019","format":false,"excerpt":"Trelleborg AG 1000 HTEgzoz gaz\u0131 Motorlu ara\u00e7lardan egzoz gaz\u0131 ve di\u011fer s\u0131cak gazlar\u0131n uzakla\u015ft\u0131r\u0131lmas\u0131. Her t\u00fcrl\u00fc yayl\u0131 geri\u00a0sar\u0131m mekanizmas\u0131na sahip egzoz hortumu kasnaklar\u0131, egzoz duman\u0131 uzakla\u015ft\u0131r\u0131c\u0131lar ve ayn\u0131\u00a0zamanda ara\u00e7lar\u0131n hareket ettirildi\u011fi egzoz raylar\u0131. Avantajlar *Son derece hafif ve esnek olmas\u0131 hortumu \u00f6zellikle manuel ta\u015f\u0131ma i\u00e7in uygun hale getiriyor. *D\u00fczg\u00fcn i\u00e7\u2026","rel":"","context":"\u062a\u062f\u0648\u064a\u0646\u0629 \u0645\u0634\u0627\u0628\u0647\u0629","block_context":{"text":"\u062a\u062f\u0648\u064a\u0646\u0629 \u0645\u0634\u0627\u0628\u0647\u0629","link":""},"img":{"alt_text":"","src":"https:\/\/i0.wp.com\/tuzlahortum.com.tr\/wp-content\/uploads\/2019\/02\/AG-1000-HT.jpg?fit=800%2C800&ssl=1&resize=350%2C200","width":350,"height":200,"srcset":"https:\/\/i0.wp.com\/tuzlahortum.com.tr\/wp-content\/uploads\/2019\/02\/AG-1000-HT.jpg?fit=800%2C800&ssl=1&resize=350%2C200 1x, https:\/\/i0.wp.com\/tuzlahortum.com.tr\/wp-content\/uploads\/2019\/02\/AG-1000-HT.jpg?fit=800%2C800&ssl=1&resize=525%2C300 1.5x, https:\/\/i0.wp.com\/tuzlahortum.com.tr\/wp-content\/uploads\/2019\/02\/AG-1000-HT.jpg?fit=800%2C800&ssl=1&resize=700%2C400 2x"},"classes":[]},{"id":946,"url":"https:\/\/tuzlahortum.com.tr\/ar\/product\/trelleborg-boat-fuel-hose-iso-7840-a1\/","url_meta":{"origin":559,"position":3},"title":"\u062a\u0631\u064a\u0644\u0628\u0648\u0631\u062c \u062e\u0631\u0637\u0648\u0645 \u0648\u0642\u0648\u062f \u0627\u0644\u0642\u0627\u0631\u0628 ISO 7840 A1","author":"admin","date":"6 \u0641\u0628\u0631\u0627\u064a\u0631 2019","format":false,"excerpt":"Trelleborg BOAT FUEL HOSE ISO 7840 A1Ya\u011f Tekne uygulamalar\u0131nda kullan\u0131lan yanmaya dayan\u0131kl\u0131 yak\u0131t hortumu. Spor teknelerde CEN gerekliliklerine uygun. Avantajlar *Ge\u00e7irim direnci konusunda en y\u00fcksek standard\u0131 kar\u015f\u0131lar. *Uluslararas\u0131 Deniz Belgelendirme Enstit\u00fcs\u00fc taraf\u0131ndan belgelendirilmi\u015ftir. Teknik a\u00e7\u0131klama \u0130\u00e7 t\u00fcp :\u00a0NBR, siyah, d\u00fcz. Takviye :\u00a0\u0130\u00c7>25mm i\u00e7in g\u00f6m\u00fcl\u00fc \u00e7elik helis bulunan sentetik tekstil \u00f6rg\u00fc.\u2026","rel":"","context":"\u062a\u062f\u0648\u064a\u0646\u0629 \u0645\u0634\u0627\u0628\u0647\u0629","block_context":{"text":"\u062a\u062f\u0648\u064a\u0646\u0629 \u0645\u0634\u0627\u0628\u0647\u0629","link":""},"img":{"alt_text":"","src":"https:\/\/i0.wp.com\/tuzlahortum.com.tr\/wp-content\/uploads\/2019\/02\/BOAT-FUEL-HOSE-ISO-7840-A1.jpg?fit=800%2C800&ssl=1&resize=350%2C200","width":350,"height":200,"srcset":"https:\/\/i0.wp.com\/tuzlahortum.com.tr\/wp-content\/uploads\/2019\/02\/BOAT-FUEL-HOSE-ISO-7840-A1.jpg?fit=800%2C800&ssl=1&resize=350%2C200 1x, https:\/\/i0.wp.com\/tuzlahortum.com.tr\/wp-content\/uploads\/2019\/02\/BOAT-FUEL-HOSE-ISO-7840-A1.jpg?fit=800%2C800&ssl=1&resize=525%2C300 1.5x, https:\/\/i0.wp.com\/tuzlahortum.com.tr\/wp-content\/uploads\/2019\/02\/BOAT-FUEL-HOSE-ISO-7840-A1.jpg?fit=800%2C800&ssl=1&resize=700%2C400 2x"},"classes":[]},{"id":949,"url":"https:\/\/tuzlahortum.com.tr\/ar\/product\/trelleborg-polyoil\/","url_meta":{"origin":559,"position":4},"title":"\u062a\u0631\u064a\u0644\u0628\u0648\u0631\u062c \u0628\u0648\u0644\u064a \u0623\u0648\u064a\u0644","author":"admin","date":"6 \u0641\u0628\u0631\u0627\u064a\u0631 2019","format":false,"excerpt":"Trelleborg POLYOILYa\u011f ve petrol Petrol \u00fcr\u00fcnlerinin y\u00fcksek bas\u0131n\u00e7 alt\u0131nda ta\u015f\u0131nmas\u0131 ve d\u00fc\u015f\u00fck bas\u0131n\u00e7l\u0131 hidrolik tahrik sistemleri ve\u00a0ya\u011f d\u00f6n\u00fc\u015f\u00fc. Ayr\u0131ca, hafif ve a\u011f\u0131r petrol t\u00fcrevlerinin, kimyasallar\u0131n ve antifriz maddelerin, ya\u011f i\u00e7eren bas\u0131n\u00e7l\u0131 hava, end\u00fcstriyel alkalin ve tuzlu suyun ta\u015f\u0131nmas\u0131. Avantajlar *Eskime, atmosfer ko\u015fullar\u0131 ve ozona kar\u015f\u0131 m\u00fckemmel dayan\u0131m. *Bas\u0131nca kar\u015f\u0131 \u00e7ok\u2026","rel":"","context":"\u062a\u062f\u0648\u064a\u0646\u0629 \u0645\u0634\u0627\u0628\u0647\u0629","block_context":{"text":"\u062a\u062f\u0648\u064a\u0646\u0629 \u0645\u0634\u0627\u0628\u0647\u0629","link":""},"img":{"alt_text":"","src":"https:\/\/i0.wp.com\/tuzlahortum.com.tr\/wp-content\/uploads\/2019\/02\/POLYOIL.jpg?fit=800%2C800&ssl=1&resize=350%2C200","width":350,"height":200,"srcset":"https:\/\/i0.wp.com\/tuzlahortum.com.tr\/wp-content\/uploads\/2019\/02\/POLYOIL.jpg?fit=800%2C800&ssl=1&resize=350%2C200 1x, https:\/\/i0.wp.com\/tuzlahortum.com.tr\/wp-content\/uploads\/2019\/02\/POLYOIL.jpg?fit=800%2C800&ssl=1&resize=525%2C300 1.5x, https:\/\/i0.wp.com\/tuzlahortum.com.tr\/wp-content\/uploads\/2019\/02\/POLYOIL.jpg?fit=800%2C800&ssl=1&resize=700%2C400 2x"},"classes":[]},{"id":659,"url":"https:\/\/tuzlahortum.com.tr\/ar\/product\/trelleborg-maxair\/","url_meta":{"origin":559,"position":5},"title":"\u0645\u0627\u0643\u0633\u064a\u0631 \u062a\u0631\u064a\u0644\u0628\u0648\u0631\u062c","author":"admin","date":"6 \u0641\u0628\u0631\u0627\u064a\u0631 2019","format":false,"excerpt":"Trelleborg MAXAIRAirAir\/ \u062a\u0637\u0628\u064a\u0642\u0627\u062a \u0627\u0644\u0647\u0648\u0627\u0621 \u0627\u0644\u0645\u0636\u063a\u0648\u0637 \u062e\u0631\u0637\u0648\u0645 \u0627\u0644\u0647\u0648\u0627\u0621 \u0627\u0644\u0645\u0636\u063a\u0648\u0637 \u0644\u0644\u062a\u0637\u0628\u064a\u0642\u0627\u062a \u0627\u0644\u0635\u0646\u0627\u0639\u064a\u0629 \u0648\u063a\u064a\u0631\u0647\u0627 \u0645\u0646 \u0627\u0644\u062a\u0637\u0628\u064a\u0642\u0627\u062a \u0644\u0644\u0623\u062f\u0648\u0627\u062a \u0627\u0644\u0647\u0648\u0627\u0626\u064a\u0629 \u0648\u0627\u0644\u0623\u063a\u0631\u0627\u0636 \u0627\u0644\u0639\u0627\u0645\u0629. \u0645\u0646\u0627\u0633\u0628 \u0644\u0644\u0647\u0648\u0627\u0621 \u0627\u0644\u0645\u0636\u063a\u0648\u0637 \u0644\u062c\u0645\u064a\u0639 \u0627\u0644\u062a\u0637\u0628\u064a\u0642\u0627\u062a\u060c \u0648\u0627\u0644\u0623\u0643\u0633\u062c\u064a\u0646 (POI\u226425 \u0645\u0645 \u0641\u0642\u0637) \u0648\u0627\u0644\u063a\u0627\u0632\u0627\u062a \u0627\u0644\u062e\u0627\u0645\u0644\u0629 \u0627\u0644\u0623\u0631\u062c\u0648\u0646 \u0648\u0627\u0644\u0646\u064a\u062a\u0631\u0648\u062c\u064a\u0646 \u0648\u062b\u0627\u0646\u064a \u0623\u0643\u0633\u064a\u062f \u0627\u0644\u0643\u0631\u0628\u0648\u0646 \u0644\u0644\u062d\u0627\u0645 \u0627\u0644\u0642\u0648\u0633\u064a. \u0623\u064a\u0636\u0627\u064b \u0644\u0644\u0645\u062d\u0627\u0644\u064a\u0644 \u0627\u0644\u0645\u0627\u0626\u064a\u0629 \u0623\u0648 \u0627\u0644\u0645\u0633\u062a\u062d\u0644\u0628\u0627\u062a \u0627\u0644\u0645\u0633\u062a\u062e\u062f\u0645\u0629 \u0641\u064a \u0627\u0644\u0631\u0634 \u0627\u0644\u0632\u0631\u0627\u0639\u064a \u0628\u0627\u0644\u0645\u064a\u0627\u0647 \u0627\u0644\u0635\u0646\u0627\u0639\u064a\u0629\u060c \u0648\u0627\u0644\u062a\u0628\u064a\u064a\u0636\u060c \u0648\u0627\u0644\u062a\u0637\u0647\u064a\u0631\u060c \u0648\u0627\u0644\u0623\u062d\u0645\u0627\u0636 \u0648...","rel":"","context":"\u062a\u062f\u0648\u064a\u0646\u0629 \u0645\u0634\u0627\u0628\u0647\u0629","block_context":{"text":"\u062a\u062f\u0648\u064a\u0646\u0629 \u0645\u0634\u0627\u0628\u0647\u0629","link":""},"img":{"alt_text":"","src":"https:\/\/i0.wp.com\/tuzlahortum.com.tr\/wp-content\/uploads\/2019\/02\/MAXAIR.jpg?fit=800%2C800&ssl=1&resize=350%2C200","width":350,"height":200,"srcset":"https:\/\/i0.wp.com\/tuzlahortum.com.tr\/wp-content\/uploads\/2019\/02\/MAXAIR.jpg?fit=800%2C800&ssl=1&resize=350%2C200 1x, https:\/\/i0.wp.com\/tuzlahortum.com.tr\/wp-content\/uploads\/2019\/02\/MAXAIR.jpg?fit=800%2C800&ssl=1&resize=525%2C300 1.5x, https:\/\/i0.wp.com\/tuzlahortum.com.tr\/wp-content\/uploads\/2019\/02\/MAXAIR.jpg?fit=800%2C800&ssl=1&resize=700%2C400 2x"},"classes":[]}],"jetpack_sharing_enabled":true,"jetpack_likes_enabled":true,"_links":{"self":[{"href":"https:\/\/tuzlahortum.com.tr\/ar\/wp-json\/wp\/v2\/product\/559","targetHints":{"allow":["GET"]}}],"collection":[{"href":"https:\/\/tuzlahortum.com.tr\/ar\/wp-json\/wp\/v2\/product"}],"about":[{"href":"https:\/\/tuzlahortum.com.tr\/ar\/wp-json\/wp\/v2\/types\/product"}],"replies":[{"embeddable":true,"href":"https:\/\/tuzlahortum.com.tr\/ar\/wp-json\/wp\/v2\/comments?post=559"}],"wp:featuredmedia":[{"embeddable":true,"href":"https:\/\/tuzlahortum.com.tr\/ar\/wp-json\/wp\/v2\/media\/2613"}],"wp:attachment":[{"href":"https:\/\/tuzlahortum.com.tr\/ar\/wp-json\/wp\/v2\/media?parent=559"}],"wp:term":[{"taxonomy":"product_brand","embeddable":true,"href":"https:\/\/tuzlahortum.com.tr\/ar\/wp-json\/wp\/v2\/product_brand?post=559"},{"taxonomy":"product_cat","embeddable":true,"href":"https:\/\/tuzlahortum.com.tr\/ar\/wp-json\/wp\/v2\/product_cat?post=559"},{"taxonomy":"product_tag","embeddable":true,"href":"https:\/\/tuzlahortum.com.tr\/ar\/wp-json\/wp\/v2\/product_tag?post=559"}],"curies":[{"name":"\u062f\u0628\u0644\u064a\u0648 \u0628\u064a","href":"https:\/\/api.w.org\/{rel}","templated":true}]}}