{"id":558,"date":"2019-02-06T23:46:03","date_gmt":"2019-02-06T20:46:03","guid":{"rendered":"http:\/\/hortum.com.tr\/product\/import-placeholder-for-523\/"},"modified":"2024-03-21T17:45:25","modified_gmt":"2024-03-21T14:45:25","slug":"trelleborg-ag2100-marine-corrugated","status":"publish","type":"product","link":"https:\/\/tuzlahortum.com.tr\/ar\/product\/trelleborg-ag2100-marine-corrugated\/","title":{"rendered":"Trelleborg AG2100 \u0645\u0645\u0648\u062c \u0628\u062d\u0631\u064a"},"content":{"rendered":"<h2>Trelleborg AG2100 \u0645\u0645\u0648\u062c \u0628\u062d\u0631\u064a<\/h2>\n<p>\u063a\u0627\u0632 \u0627\u0644\u0639\u0627\u062f\u0645<\/p>\n<p>\u0623\u0646\u0638\u0645\u0629 \u0627\u0644\u0639\u0627\u062f\u0645 \u0627\u0644\u0631\u0637\u0628 \u0644\u0644\u0645\u062d\u0631\u0643 \u0627\u0644\u0628\u062d\u0631\u064a \u062d\u064a\u062b \u064a\u062a\u0645 \u062e\u0644\u0637 \u063a\u0627\u0632\u0627\u062a \u0627\u0644\u0639\u0627\u062f\u0645 \u0628\u0627\u0644\u0645\u0627\u0621 \u0627\u0644\u0628\u0627\u0631\u062f \u0627\u0644\u0645\u0641\u0631\u063a.<\/p>\n<p>\u0645\u0632\u0627\u064a\u0627<\/p>\n<p>* \u0645\u0631\u0648\u0646\u0629 \u0639\u0627\u0644\u064a\u0629 \u0644\u0644\u063a\u0627\u064a\u0629.<\/p>\n<p>* \u0625\u0646\u0647 \u062e\u0641\u064a\u0641.<\/p>\n<p>* \u0645\u0642\u0627\u0648\u0645\u0629 \u0627\u0644\u0628\u0644\u0649.<\/p>\n<p>* \u0627\u0644\u0645\u0645\u0648\u062c \u0648\u0633\u0647\u0644 \u0627\u0644\u0627\u0633\u062a\u062e\u062f\u0627\u0645.<\/p>\n<p>* DNV \u0645\u0639\u062a\u0645\u062f.<\/p>\n<p>\u0627\u0644\u0648\u0635\u0641 \u0627\u0644\u0641\u0646\u064a<\/p>\n<p>\u0627\u0644\u0623\u0646\u0628\u0648\u0628 \u0627\u0644\u062f\u0627\u062e\u0644\u064a: CR \u060c \u0623\u0633\u0648\u062f \u060c \u0645\u0633\u062a\u0642\u064a\u0645.<\/p>\n<p>\u0627\u0644\u062a\u0639\u0632\u064a\u0632: \u0646\u0633\u064a\u062c \u062a\u0631\u0643\u064a\u0628\u064a \u0645\u0639 \u0633\u0644\u0643 \u0641\u0648\u0644\u0627\u0630\u064a \u062d\u0644\u0632\u0648\u0646\u064a \u0645\u062f\u0645\u062c.<\/p>\n<p>\u0627\u0644\u0637\u0644\u0627\u0621: CR \u060c \u0623\u0633\u0648\u062f \u060c \u0645\u0638\u0647\u0631 \u0627\u0644\u0642\u0645\u0627\u0634 \u060c \u0645\u0645\u0648\u062c.<\/p>\n<p>\u0646\u0637\u0627\u0642 \u062f\u0631\u062c\u0629 \u0627\u0644\u062d\u0631\u0627\u0631\u0629: -30 \u062f\u0631\u062c\u0629 \u0645\u0626\u0648\u064a\u0629 \u0625\u0644\u0649 + 100 \u062f\u0631\u062c\u0629 \u0645\u0626\u0648\u064a\u0629.<\/p>\n<p>\u064a\u0642\u0627\u0648\u0645 \u0645\u0624\u0642\u062a\u064b\u0627 + 580 \u062f\u0631\u062c\u0629 \u0645\u0626\u0648\u064a\u0629.<\/p>\n<p>\u0627\u0644\u0646\u0642\u0627\u0628\u0627\u062a \/ \u0627\u0644\u062a\u0631\u0643\u064a\u0628\u0627\u062a<\/p>\n<p>\u0623\u0635\u0641\u0627\u062f.<\/p>\n<p>\u0645\u0639\u0644\u0648\u0645\u0627\u062a \u0625\u0636\u0627\u0641\u064a\u0629<\/p>\n<p>\u0645\u0639\u062a\u0645\u062f \u0645\u0646 DNV \u0648\u0641\u0642\u064b\u0627 \u0644\u0645\u0639\u064a\u0627\u0631 ISO 13363 type 2 \u0648 SAE J 2006 type R2 \u0648\u0627\u0644\u0645\u0639\u064a\u0627\u0631 \u0627\u0644\u0625\u0633\u0643\u0646\u062f\u0646\u0627\u0641\u064a \u0644\u0644\u0642\u0648\u0627\u0631\u0628 MC9.<\/p>\n<p>\u064a\u062a\u0645 \u0625\u0646\u062a\u0627\u062c \u0623\u062d\u062c\u0627\u0645 \u0645\u062e\u062a\u0644\u0641\u0629 \u0639\u0646\u062f \u0627\u0644\u0637\u0644\u0628.<\/p>\n<div class=\"video video-fit mb\" style=\"padding-top:56.25%;\"><p><iframe loading=\"lazy\" title=\"\u0627\u0631\u062a\u0628\u0627\u0643 \u0627\u0644\u0642\u064a\u0627\u0633 (\u0628\u0648\u0635\u0629\u060c \u0625\u0635\u0628\u0639\u060c \u0636\u0628\u0627\u0628\u060c \u0645\u0644\u0644\u064a\u0645\u062a\u0631)\" width=\"1020\" height=\"574\" src=\"https:\/\/www.youtube.com\/embed\/uKk6AG_AZls?feature=oembed\" frameborder=\"0\" allow=\"accelerometer; autoplay; clipboard-write; encrypted-media; gyroscope; picture-in-picture; web-share\" referrerpolicy=\"strict-origin-when-cross-origin\" allowfullscreen><\/iframe><\/p>\n<\/div>\n<div class=\"video video-fit mb\" style=\"padding-top:56.25%;\"><p>https:\/\/www.youtube.com\/watch?v=O8ZlzKEjfEQ%20<\/p>\n<\/div>\n<p><img data-recalc-dims=\"1\" loading=\"lazy\" decoding=\"async\" class=\"alignnone size-full wp-image-2153\" src=\"https:\/\/i0.wp.com\/tuzlahortum.com.tr\/wp-content\/uploads\/urunler\/trelleborg\/TRELLEBORG-AG2100-MARI%CC%87NE-CORRUGATED.jpg?resize=932%2C185&#038;ssl=1\" alt=\"\" width=\"932\" height=\"185\" title=\"\" srcset=\"https:\/\/i0.wp.com\/tuzlahortum.com.tr\/wp-content\/uploads\/urunler\/trelleborg\/TRELLEBORG-AG2100-MARI%CC%87NE-CORRUGATED.jpg?w=932&amp;ssl=1 932w, https:\/\/i0.wp.com\/tuzlahortum.com.tr\/wp-content\/uploads\/urunler\/trelleborg\/TRELLEBORG-AG2100-MARI%CC%87NE-CORRUGATED.jpg?resize=800%2C159&amp;ssl=1 800w, https:\/\/i0.wp.com\/tuzlahortum.com.tr\/wp-content\/uploads\/urunler\/trelleborg\/TRELLEBORG-AG2100-MARI%CC%87NE-CORRUGATED.jpg?resize=768%2C152&amp;ssl=1 768w, https:\/\/i0.wp.com\/tuzlahortum.com.tr\/wp-content\/uploads\/urunler\/trelleborg\/TRELLEBORG-AG2100-MARI%CC%87NE-CORRUGATED.jpg?resize=600%2C119&amp;ssl=1 600w\" sizes=\"auto, (max-width: 932px) 100vw, 932px\" \/><\/p>","protected":false},"excerpt":{"rendered":"<p>Trelleborg AG2100 Marine Corrugated Egzoz gaz\u0131 Egzoz gazlar\u0131n\u0131n tahliye edilen so\u011fuk su ile kar\u0131\u015ft\u0131\u011f\u0131 deniz motoru \u0131slak egzoz sistemleri. Avantajlar *Son derece y\u00fcksek esneklik. *Hafiftir. *Y\u0131pranma ve eskimeye dayan\u0131kl\u0131. *Oluklu ve kullan\u0131c\u0131 dostu. *DNV onayl\u0131d\u0131r. Teknik a\u00e7\u0131klama \u0130\u00e7 t\u00fcp :\u00a0CR, siyah, d\u00fcz. Takviye :\u00a0\u00e7elik tel g\u00f6m\u00fcl\u00fc helis bulunan sentetik tekstil. Kaplama :\u00a0CR, siyah, kuma\u015f g\u00f6r\u00fcn\u00fcml\u00fc, [&#8230;]\n","protected":false},"featured_media":2612,"comment_status":"open","ping_status":"closed","template":"","meta":{"jetpack_post_was_ever_published":false},"product_brand":[],"product_cat":[175],"product_tag":[346,337,338,290,344,345,343],"class_list":{"0":"post-558","1":"product","2":"type-product","3":"status-publish","4":"has-post-thumbnail","6":"product_cat-egzoz-gazi-hortumlari","7":"product_tag-deniz-motoru","8":"product_tag-egzoz","9":"product_tag-gaz","10":"product_tag-hortum","11":"product_tag-islak","12":"product_tag-islak-egzoz-sistemi","13":"product_tag-tahliye","15":"first","16":"instock","17":"taxable","18":"shipping-taxable","19":"product-type-variable"},"jetpack-related-posts":[],"jetpack_sharing_enabled":true,"jetpack_likes_enabled":true,"_links":{"self":[{"href":"https:\/\/tuzlahortum.com.tr\/ar\/wp-json\/wp\/v2\/product\/558","targetHints":{"allow":["GET"]}}],"collection":[{"href":"https:\/\/tuzlahortum.com.tr\/ar\/wp-json\/wp\/v2\/product"}],"about":[{"href":"https:\/\/tuzlahortum.com.tr\/ar\/wp-json\/wp\/v2\/types\/product"}],"replies":[{"embeddable":true,"href":"https:\/\/tuzlahortum.com.tr\/ar\/wp-json\/wp\/v2\/comments?post=558"}],"wp:featuredmedia":[{"embeddable":true,"href":"https:\/\/tuzlahortum.com.tr\/ar\/wp-json\/wp\/v2\/media\/2612"}],"wp:attachment":[{"href":"https:\/\/tuzlahortum.com.tr\/ar\/wp-json\/wp\/v2\/media?parent=558"}],"wp:term":[{"taxonomy":"product_brand","embeddable":true,"href":"https:\/\/tuzlahortum.com.tr\/ar\/wp-json\/wp\/v2\/product_brand?post=558"},{"taxonomy":"product_cat","embeddable":true,"href":"https:\/\/tuzlahortum.com.tr\/ar\/wp-json\/wp\/v2\/product_cat?post=558"},{"taxonomy":"product_tag","embeddable":true,"href":"https:\/\/tuzlahortum.com.tr\/ar\/wp-json\/wp\/v2\/product_tag?post=558"}],"curies":[{"name":"\u062f\u0628\u0644\u064a\u0648 \u0628\u064a","href":"https:\/\/api.w.org\/{rel}","templated":true}]}}