{"id":557,"date":"2019-02-06T23:46:02","date_gmt":"2019-02-06T20:46:02","guid":{"rendered":"http:\/\/hortum.com.tr\/product\/import-placeholder-for-522\/"},"modified":"2024-03-21T17:45:25","modified_gmt":"2024-03-21T14:45:25","slug":"trelleborg-ag-1000-lt","status":"publish","type":"product","link":"https:\/\/tuzlahortum.com.tr\/ar\/product\/trelleborg-ag-1000-lt\/","title":{"rendered":"Trelleborg AG 1000 LT"},"content":{"rendered":"<h2>Trelleborg AG 1000 LT<\/h2>\n<p>\u063a\u0627\u0632 \u0627\u0644\u0639\u0627\u062f\u0645<\/p>\n<p>\u0625\u0632\u0627\u0644\u0629 \u063a\u0627\u0632\u0627\u062a \u0627\u0644\u0639\u0627\u062f\u0645 \u0648\u0627\u0644\u063a\u0627\u0632\u0627\u062a \u0627\u0644\u0633\u0627\u062e\u0646\u0629 \u0627\u0644\u0623\u062e\u0631\u0649 \u0645\u0646 \u0627\u0644\u0645\u0631\u0643\u0628\u0627\u062a \u0630\u0627\u062a \u0627\u0644\u0645\u062d\u0631\u0643\u0627\u062a. \u062e\u0631\u0637\u0648\u0645 \u0627\u0644\u0639\u0627\u062f\u0645 \u0645\u0639 \u062c\u0645\u064a\u0639 \u0623\u0646\u0648\u0627\u0639 \u0622\u0644\u064a\u0629 \u0627\u0644\u062a\u0631\u062c\u064a\u0639 \u0627\u0644\u0631\u0628\u064a\u0639\u064a<\/p>\n<p>\u0627\u0644\u0628\u0643\u0631\u0627\u062a \u0648\u0645\u0632\u064a\u0644\u0627\u062a \u062f\u062e\u0627\u0646 \u0627\u0644\u0639\u0627\u062f\u0645 \u0648\u0643\u0630\u0644\u0643 \u0642\u0636\u0628\u0627\u0646 \u0627\u0644\u0639\u0627\u062f\u0645 \u0627\u0644\u062a\u064a \u062a\u062a\u062d\u0631\u0643 \u0639\u0644\u064a\u0647\u0627 \u0627\u0644\u0645\u0631\u0643\u0628\u0627\u062a.<\/p>\n<p>\u0645\u0632\u0627\u064a\u0627<\/p>\n<p>* \u062a\u062c\u0639\u0644 \u0627\u0644\u0637\u0628\u064a\u0639\u0629 \u0627\u0644\u062e\u0641\u064a\u0641\u0629 \u0648\u0627\u0644\u0645\u0631\u0646\u0629 \u0644\u0644\u063a\u0627\u064a\u0629 \u0644\u0644\u062e\u0631\u0637\u0648\u0645 \u0645\u0646\u0627\u0633\u0628\u064b\u0627 \u0628\u0634\u0643\u0644 \u062e\u0627\u0635 \u0644\u0644\u0646\u0642\u0644 \u0627\u0644\u064a\u062f\u0648\u064a.<\/p>\n<p>* \u0627\u0644\u0633\u0637\u062d \u0627\u0644\u062f\u0627\u062e\u0644\u064a \u0627\u0644\u0623\u0645\u0644\u0633 \u064a\u0642\u0644\u0644 \u0645\u0646 \u062e\u0633\u0627\u0626\u0631 \u0627\u0644\u0627\u062d\u062a\u0643\u0627\u0643.<\/p>\n<p>* \u064a\u0645\u0643\u0646 \u062a\u0648\u0635\u064a\u0644 \u0627\u0644\u062e\u0631\u0627\u0637\u064a\u0645 \u0639\u0646 \u0637\u0631\u064a\u0642 \u0627\u0644\u0634\u062f.<\/p>\n<p>\u0627\u0644\u0648\u0635\u0641 \u0627\u0644\u0641\u0646\u064a<\/p>\n<p>\u0627\u0644\u0623\u0646\u0628\u0648\u0628 \u0627\u0644\u062f\u0627\u062e\u0644\u064a: \u0642\u0645\u0627\u0634 \u0645\u062a\u064a\u0646 \u0648\u0645\u0637\u0627\u0637 \u060c EPDM \/ \u0628\u0648\u0644\u064a\u0633\u062a\u0631 \u060c \u0623\u0633\u0648\u062f.<\/p>\n<p>\u0627\u0644\u062a\u0639\u0632\u064a\u0632: \u0641\u0648\u0644\u0627\u0630 \u0645\u0637\u0644\u064a \u0628\u0640 EPDM \u060c \u0623\u0633\u0648\u062f.<\/p>\n<p>\u0646\u0637\u0627\u0642 \u062f\u0631\u062c\u0629 \u0627\u0644\u062d\u0631\u0627\u0631\u0629: -40 \u062f\u0631\u062c\u0629 \u0645\u0626\u0648\u064a\u0629 \u0625\u0644\u0649 + 150 \u062f\u0631\u062c\u0629 \u0645\u0626\u0648\u064a\u0629.<\/p>\n<p>\u0645\u0639\u0644\u0648\u0645\u0627\u062a \u0625\u0636\u0627\u0641\u064a\u0629<\/p>\n<p>\u064a\u062a\u0645 \u062a\u0633\u0644\u064a\u0645\u0647\u0627 \u0641\u064a \u0644\u0641\u0627\u0626\u0641 \u0645\u0644\u0641\u0648\u0641\u0629 \u0628\u0627\u0644\u0628\u0644\u0627\u0633\u062a\u064a\u0643.<\/p>\n<div class=\"video video-fit mb\" style=\"padding-top:56.25%;\"><p><iframe loading=\"lazy\" title=\"\u0627\u0631\u062a\u0628\u0627\u0643 \u0627\u0644\u0642\u064a\u0627\u0633 (\u0628\u0648\u0635\u0629\u060c \u0625\u0635\u0628\u0639\u060c \u0636\u0628\u0627\u0628\u060c \u0645\u0644\u0644\u064a\u0645\u062a\u0631)\" width=\"1020\" height=\"574\" src=\"https:\/\/www.youtube.com\/embed\/uKk6AG_AZls?feature=oembed\" frameborder=\"0\" allow=\"accelerometer; autoplay; clipboard-write; encrypted-media; gyroscope; picture-in-picture; web-share\" referrerpolicy=\"strict-origin-when-cross-origin\" allowfullscreen><\/iframe><\/p>\n<\/div>\n<div class=\"video video-fit mb\" style=\"padding-top:56.25%;\"><p>https:\/\/www.youtube.com\/watch?v=O8ZlzKEjfEQ%20<\/p>\n<\/div>\n<p><img data-recalc-dims=\"1\" loading=\"lazy\" decoding=\"async\" class=\"alignnone wp-image-2154\" src=\"https:\/\/i0.wp.com\/hortum.com.tr\/wp-content\/uploads\/urunler\/trelleborg\/TRELLEBORG-AG-1000-LT.jpg-800x132.jpg?resize=800%2C132\" alt=\"\" width=\"800\" height=\"132\" title=\"\" srcset=\"https:\/\/i0.wp.com\/tuzlahortum.com.tr\/wp-content\/uploads\/urunler\/trelleborg\/TRELLEBORG-AG-1000-LT.jpg.jpg?resize=800%2C132&amp;ssl=1 800w, https:\/\/i0.wp.com\/tuzlahortum.com.tr\/wp-content\/uploads\/urunler\/trelleborg\/TRELLEBORG-AG-1000-LT.jpg.jpg?resize=768%2C127&amp;ssl=1 768w, https:\/\/i0.wp.com\/tuzlahortum.com.tr\/wp-content\/uploads\/urunler\/trelleborg\/TRELLEBORG-AG-1000-LT.jpg.jpg?resize=600%2C99&amp;ssl=1 600w, https:\/\/i0.wp.com\/tuzlahortum.com.tr\/wp-content\/uploads\/urunler\/trelleborg\/TRELLEBORG-AG-1000-LT.jpg.jpg?w=889&amp;ssl=1 889w\" sizes=\"auto, (max-width: 800px) 100vw, 800px\" \/><\/p>","protected":false},"excerpt":{"rendered":"<p>Trelleborg AG 1000 LT Egzoz gaz\u0131 Motorlu ara\u00e7lardan egzoz gaz\u0131 ve di\u011fer s\u0131cak gazlar\u0131n uzakla\u015ft\u0131r\u0131lmas\u0131. Her t\u00fcrl\u00fc yayl\u0131 geri\u00a0sar\u0131m mekanizmas\u0131na sahip egzoz hortumu kasnaklar\u0131, egzoz duman\u0131 uzakla\u015ft\u0131r\u0131c\u0131lar ve ayn\u0131\u00a0zamanda ara\u00e7lar\u0131n hareket ettirildi\u011fi egzoz raylar\u0131. Avantajlar *Son derece hafif ve esnek olmas\u0131 hortumu \u00f6zellikle manuel ta\u015f\u0131ma i\u00e7in uygun hale getiriyor. *D\u00fczg\u00fcn i\u00e7 y\u00fczeyi s\u00fcrt\u00fcnme kay\u0131plar\u0131n\u0131 azalt\u0131r. [&#8230;]\n","protected":false},"featured_media":2611,"comment_status":"open","ping_status":"closed","template":"","meta":{"jetpack_post_was_ever_published":false},"product_brand":[],"product_cat":[175],"product_tag":[336,337,339,338,290,341,335,342,340],"class_list":{"0":"post-557","1":"product","2":"type-product","3":"status-publish","4":"has-post-thumbnail","6":"product_cat-egzoz-gazi-hortumlari","7":"product_tag-arac","8":"product_tag-egzoz","9":"product_tag-egzoz-gazi","10":"product_tag-gaz","11":"product_tag-hortum","12":"product_tag-hortum-kasnaklari","13":"product_tag-motor","14":"product_tag-motorlu-arac","15":"product_tag-sicak-gaz","17":"first","18":"instock","19":"taxable","20":"shipping-taxable","21":"product-type-variable"},"jetpack-related-posts":[],"jetpack_sharing_enabled":true,"jetpack_likes_enabled":true,"_links":{"self":[{"href":"https:\/\/tuzlahortum.com.tr\/ar\/wp-json\/wp\/v2\/product\/557","targetHints":{"allow":["GET"]}}],"collection":[{"href":"https:\/\/tuzlahortum.com.tr\/ar\/wp-json\/wp\/v2\/product"}],"about":[{"href":"https:\/\/tuzlahortum.com.tr\/ar\/wp-json\/wp\/v2\/types\/product"}],"replies":[{"embeddable":true,"href":"https:\/\/tuzlahortum.com.tr\/ar\/wp-json\/wp\/v2\/comments?post=557"}],"wp:featuredmedia":[{"embeddable":true,"href":"https:\/\/tuzlahortum.com.tr\/ar\/wp-json\/wp\/v2\/media\/2611"}],"wp:attachment":[{"href":"https:\/\/tuzlahortum.com.tr\/ar\/wp-json\/wp\/v2\/media?parent=557"}],"wp:term":[{"taxonomy":"product_brand","embeddable":true,"href":"https:\/\/tuzlahortum.com.tr\/ar\/wp-json\/wp\/v2\/product_brand?post=557"},{"taxonomy":"product_cat","embeddable":true,"href":"https:\/\/tuzlahortum.com.tr\/ar\/wp-json\/wp\/v2\/product_cat?post=557"},{"taxonomy":"product_tag","embeddable":true,"href":"https:\/\/tuzlahortum.com.tr\/ar\/wp-json\/wp\/v2\/product_tag?post=557"}],"curies":[{"name":"\u062f\u0628\u0644\u064a\u0648 \u0628\u064a","href":"https:\/\/api.w.org\/{rel}","templated":true}]}}