{"id":556,"date":"2019-02-06T23:46:02","date_gmt":"2019-02-06T20:46:02","guid":{"rendered":"http:\/\/hortum.com.tr\/product\/import-placeholder-for-521\/"},"modified":"2024-03-21T17:45:26","modified_gmt":"2024-03-21T14:45:26","slug":"trelleborg-ag-1000-ht","status":"publish","type":"product","link":"https:\/\/tuzlahortum.com.tr\/ar\/product\/trelleborg-ag-1000-ht\/","title":{"rendered":"Trelleborg AG 1000 HT"},"content":{"rendered":"<h2>Trelleborg AG 1000 HT<\/h2>\n<div>\u063a\u0627\u0632 \u0627\u0644\u0639\u0627\u062f\u0645<\/div>\n<div>\u0625\u0632\u0627\u0644\u0629 \u063a\u0627\u0632\u0627\u062a \u0627\u0644\u0639\u0627\u062f\u0645 \u0648\u0627\u0644\u063a\u0627\u0632\u0627\u062a \u0627\u0644\u0633\u0627\u062e\u0646\u0629 \u0627\u0644\u0623\u062e\u0631\u0649 \u0645\u0646 \u0627\u0644\u0645\u0631\u0643\u0628\u0627\u062a \u0630\u0627\u062a \u0627\u0644\u0645\u062d\u0631\u0643\u0627\u062a. \u0644\u062c\u0645\u064a\u0639 \u0623\u0646\u0648\u0627\u0639 \u0622\u0644\u064a\u0627\u062a \u0627\u0644\u062a\u0631\u062c\u064a\u0639 \u0627\u0644\u0631\u0628\u064a\u0639\u064a<\/div>\n<div>\u0645\u0639 \u0628\u0643\u0631\u0627\u062a \u062e\u0631\u0627\u0637\u064a\u0645 \u0627\u0644\u0639\u0627\u062f\u0645 \u0648\u0645\u0632\u064a\u0644\u0627\u062a \u062f\u062e\u0627\u0646 \u0627\u0644\u0639\u0627\u062f\u0645 \u0628\u0627\u0644\u0625\u0636\u0627\u0641\u0629 \u0625\u0644\u0649 \u0642\u0636\u0628\u0627\u0646 \u0627\u0644\u0639\u0627\u062f\u0645 \u0627\u0644\u062a\u064a \u062a\u062a\u062d\u0631\u0643 \u0639\u0644\u064a\u0647\u0627 \u0627\u0644\u0645\u0631\u0643\u0628\u0627\u062a.<\/div>\n<div>\u0645\u0632\u0627\u064a\u0627<\/div>\n<div>* \u062a\u062c\u0639\u0644 \u0627\u0644\u0637\u0628\u064a\u0639\u0629 \u0627\u0644\u062e\u0641\u064a\u0641\u0629 \u0648\u0627\u0644\u0645\u0631\u0646\u0629 \u0644\u0644\u063a\u0627\u064a\u0629 \u0644\u0644\u062e\u0631\u0637\u0648\u0645 \u0645\u0646\u0627\u0633\u0628\u064b\u0627 \u0628\u0634\u0643\u0644 \u062e\u0627\u0635 \u0644\u0644\u0646\u0642\u0644 \u0627\u0644\u064a\u062f\u0648\u064a.<\/div>\n<div>* \u0627\u0644\u0633\u0637\u062d \u0627\u0644\u062f\u0627\u062e\u0644\u064a \u0627\u0644\u0623\u0645\u0644\u0633 \u064a\u0642\u0644\u0644 \u0627\u0644\u0627\u062d\u062a\u0643\u0627\u0643.<\/div>\n<div>* \u064a\u062a\u0645 \u0625\u0646\u062a\u0627\u062c\u0647 \u0628\u0627\u0633\u062a\u062e\u062f\u0627\u0645 \u062d\u0644\u0632\u0648\u0646 \u0628\u0648\u0644\u064a\u0633\u062a\u0631 \u0643\u0645\u0639\u064a\u0627\u0631.<\/div>\n<div>* \u0639\u0646\u062f\u0645\u0627 \u062a\u0645\u0631 \u0645\u0631\u0643\u0628\u0629 \u0628\u0645\u062d\u0631\u0643 \u0641\u0648\u0642 \u062e\u0631\u0637\u0648\u0645 \u062d\u0644\u0632\u0648\u0646\u064a \u0628\u0648\u0644\u064a\u0633\u062a\u0631 \u060c \u062a\u0633\u062a\u0639\u064a\u062f \u0634\u0643\u0644\u0647\u0627 \u0627\u0644\u0633\u0627\u0628\u0642.<\/div>\n<div>* \u064a\u0645\u0643\u0646 \u062a\u0648\u0635\u064a\u0644 \u0627\u0644\u062e\u0631\u0627\u0637\u064a\u0645 \u0639\u0646 \u0637\u0631\u064a\u0642 \u0627\u0644\u0634\u062f.<\/div>\n<div>* \u0645\u062a\u0648\u0641\u0631 \u0623\u064a\u0636\u064b\u0627 \u0645\u0639 \u062d\u0644\u0632\u0648\u0646 \u0641\u0648\u0644\u0627\u0630\u064a \u0644\u062a\u062d\u0645\u0644 \u0627\u0644\u0641\u0631\u0627\u063a \u0627\u0644\u0639\u0627\u0644\u064a.<\/div>\n<div>\u0627\u0644\u0648\u0635\u0641 \u0627\u0644\u0641\u0646\u064a<\/div>\n<div>\u0627\u0644\u0623\u0646\u0628\u0648\u0628 \u0627\u0644\u062f\u0627\u062e\u0644\u064a: \u0645\u0642\u0627\u0648\u0645 \u0644\u0644\u062d\u0631\u0627\u0631\u0629 \u060c \u0642\u0645\u0627\u0634 \u0645\u0637\u0627\u0637\u064a \u060c EPDM \/ \u0628\u0648\u0644\u064a\u0633\u062a\u0631 \u060c \u0623\u0633\u0648\u062f.<\/div>\n<div>\u0627\u0644\u062a\u0639\u0632\u064a\u0632: \u0628\u0648\u0644\u064a\u0633\u062a\u0631 \u0645\u0637\u0644\u064a \u0628\u0640 EPDM \u060c \u0623\u0633\u0648\u062f.<\/div>\n<div>\u0637\u0644\u0627\u0621: \u0623\u0633\u0648\u062f.<\/div>\n<div>\u0646\u0637\u0627\u0642 \u062f\u0631\u062c\u0629 \u0627\u0644\u062d\u0631\u0627\u0631\u0629: -40 \u062f\u0631\u062c\u0629 \u0645\u0626\u0648\u064a\u0629 \u0625\u0644\u0649 + 180 \u062f\u0631\u062c\u0629 \u0645\u0626\u0648\u064a\u0629.<\/div>\n<div>\u0645\u0639\u0644\u0648\u0645\u0627\u062a \u0625\u0636\u0627\u0641\u064a\u0629<\/div>\n<div>\u0645\u0639\u0628\u0623\u0629 \u0641\u064a \u0639\u0644\u0628 \u0643\u0631\u062a\u0648\u0646.<\/div>\n<div class=\"video video-fit mb\" style=\"padding-top:56.25%;\"><p><iframe loading=\"lazy\" title=\"\u0627\u0631\u062a\u0628\u0627\u0643 \u0627\u0644\u0642\u064a\u0627\u0633 (\u0628\u0648\u0635\u0629\u060c \u0625\u0635\u0628\u0639\u060c \u0636\u0628\u0627\u0628\u060c \u0645\u0644\u0644\u064a\u0645\u062a\u0631)\" width=\"1020\" height=\"574\" src=\"https:\/\/www.youtube.com\/embed\/uKk6AG_AZls?feature=oembed\" frameborder=\"0\" allow=\"accelerometer; autoplay; clipboard-write; encrypted-media; gyroscope; picture-in-picture; web-share\" referrerpolicy=\"strict-origin-when-cross-origin\" allowfullscreen><\/iframe><\/p>\n<\/div>\n<div class=\"video video-fit mb\" style=\"padding-top:56.25%;\"><p>https:\/\/www.youtube.com\/watch?v=O8ZlzKEjfEQ%20<\/p>\n<\/div>\n<p><img data-recalc-dims=\"1\" loading=\"lazy\" decoding=\"async\" class=\"alignnone size-full wp-image-2155\" src=\"https:\/\/i0.wp.com\/tuzlahortum.com.tr\/wp-content\/uploads\/urunler\/trelleborg\/TRELLEBORG-AG-1000-HT.jpg?resize=888%2C250&#038;ssl=1\" alt=\"\" width=\"888\" height=\"250\" title=\"\" srcset=\"https:\/\/i0.wp.com\/tuzlahortum.com.tr\/wp-content\/uploads\/urunler\/trelleborg\/TRELLEBORG-AG-1000-HT.jpg?w=888&amp;ssl=1 888w, https:\/\/i0.wp.com\/tuzlahortum.com.tr\/wp-content\/uploads\/urunler\/trelleborg\/TRELLEBORG-AG-1000-HT.jpg?resize=800%2C225&amp;ssl=1 800w, https:\/\/i0.wp.com\/tuzlahortum.com.tr\/wp-content\/uploads\/urunler\/trelleborg\/TRELLEBORG-AG-1000-HT.jpg?resize=768%2C216&amp;ssl=1 768w, https:\/\/i0.wp.com\/tuzlahortum.com.tr\/wp-content\/uploads\/urunler\/trelleborg\/TRELLEBORG-AG-1000-HT.jpg?resize=600%2C169&amp;ssl=1 600w\" sizes=\"auto, (max-width: 888px) 100vw, 888px\" \/><\/p>","protected":false},"excerpt":{"rendered":"<p>Trelleborg AG 1000 HT Egzoz gaz\u0131 Motorlu ara\u00e7lardan egzoz gaz\u0131 ve di\u011fer s\u0131cak gazlar\u0131n uzakla\u015ft\u0131r\u0131lmas\u0131. Her t\u00fcrl\u00fc yayl\u0131 geri\u00a0sar\u0131m mekanizmas\u0131na sahip egzoz hortumu kasnaklar\u0131, egzoz duman\u0131 uzakla\u015ft\u0131r\u0131c\u0131lar ve ayn\u0131\u00a0zamanda ara\u00e7lar\u0131n hareket ettirildi\u011fi egzoz raylar\u0131. Avantajlar *Son derece hafif ve esnek olmas\u0131 hortumu \u00f6zellikle manuel ta\u015f\u0131ma i\u00e7in uygun hale getiriyor. *D\u00fczg\u00fcn i\u00e7 y\u00fczeyi s\u00fcrt\u00fcnmeyi azalt\u0131r. *Standart [&#8230;]\n","protected":false},"featured_media":2610,"comment_status":"open","ping_status":"closed","template":"","meta":[],"product_brand":[],"product_cat":[175],"product_tag":[336,337,339,338,290,341,335,342,340],"class_list":{"0":"post-556","1":"product","2":"type-product","3":"status-publish","4":"has-post-thumbnail","6":"product_cat-egzoz-gazi-hortumlari","7":"product_tag-arac","8":"product_tag-egzoz","9":"product_tag-egzoz-gazi","10":"product_tag-gaz","11":"product_tag-hortum","12":"product_tag-hortum-kasnaklari","13":"product_tag-motor","14":"product_tag-motorlu-arac","15":"product_tag-sicak-gaz","17":"first","18":"instock","19":"taxable","20":"shipping-taxable","21":"product-type-variable"},"jetpack-related-posts":[{"id":557,"url":"https:\/\/tuzlahortum.com.tr\/ar\/product\/trelleborg-ag-1000-lt\/","url_meta":{"origin":556,"position":0},"title":"Trelleborg AG 1000 LT","author":"admin","date":"6 \u0641\u0628\u0631\u0627\u064a\u0631 2019","format":false,"excerpt":"Trelleborg AG 1000 LTEgzoz gaz\u0131 Motorlu ara\u00e7lardan egzoz gaz\u0131 ve di\u011fer s\u0131cak gazlar\u0131n uzakla\u015ft\u0131r\u0131lmas\u0131. Her t\u00fcrl\u00fc yayl\u0131 geri\u00a0sar\u0131m mekanizmas\u0131na sahip egzoz hortumu kasnaklar\u0131, egzoz duman\u0131 uzakla\u015ft\u0131r\u0131c\u0131lar ve ayn\u0131\u00a0zamanda ara\u00e7lar\u0131n hareket ettirildi\u011fi egzoz raylar\u0131. Avantajlar *Son derece hafif ve esnek olmas\u0131 hortumu \u00f6zellikle manuel ta\u015f\u0131ma i\u00e7in uygun hale getiriyor. *D\u00fczg\u00fcn i\u00e7\u2026","rel":"","context":"\u062a\u062f\u0648\u064a\u0646\u0629 \u0645\u0634\u0627\u0628\u0647\u0629","block_context":{"text":"\u062a\u062f\u0648\u064a\u0646\u0629 \u0645\u0634\u0627\u0628\u0647\u0629","link":""},"img":{"alt_text":"","src":"https:\/\/i0.wp.com\/tuzlahortum.com.tr\/wp-content\/uploads\/2019\/02\/AG-1000-LT.jpg?fit=800%2C800&ssl=1&resize=350%2C200","width":350,"height":200,"srcset":"https:\/\/i0.wp.com\/tuzlahortum.com.tr\/wp-content\/uploads\/2019\/02\/AG-1000-LT.jpg?fit=800%2C800&ssl=1&resize=350%2C200 1x, https:\/\/i0.wp.com\/tuzlahortum.com.tr\/wp-content\/uploads\/2019\/02\/AG-1000-LT.jpg?fit=800%2C800&ssl=1&resize=525%2C300 1.5x, https:\/\/i0.wp.com\/tuzlahortum.com.tr\/wp-content\/uploads\/2019\/02\/AG-1000-LT.jpg?fit=800%2C800&ssl=1&resize=700%2C400 2x"},"classes":[]},{"id":558,"url":"https:\/\/tuzlahortum.com.tr\/ar\/product\/trelleborg-ag2100-marine-corrugated\/","url_meta":{"origin":556,"position":1},"title":"Trelleborg AG2100 \u0645\u0645\u0648\u062c \u0628\u062d\u0631\u064a","author":"admin","date":"6 \u0641\u0628\u0631\u0627\u064a\u0631 2019","format":false,"excerpt":"Trelleborg AG2100 Marine CorrugatedEgzoz gaz\u0131 Egzoz gazlar\u0131n\u0131n tahliye edilen so\u011fuk su ile kar\u0131\u015ft\u0131\u011f\u0131 deniz motoru \u0131slak egzoz sistemleri. Avantajlar *Son derece y\u00fcksek esneklik. *Hafiftir. *Y\u0131pranma ve eskimeye dayan\u0131kl\u0131. *Oluklu ve kullan\u0131c\u0131 dostu. *DNV onayl\u0131d\u0131r. Teknik a\u00e7\u0131klama \u0130\u00e7 t\u00fcp :\u00a0CR, siyah, d\u00fcz. Takviye :\u00a0\u00e7elik tel g\u00f6m\u00fcl\u00fc helis bulunan sentetik tekstil. Kaplama\u2026","rel":"","context":"\u062a\u062f\u0648\u064a\u0646\u0629 \u0645\u0634\u0627\u0628\u0647\u0629","block_context":{"text":"\u062a\u062f\u0648\u064a\u0646\u0629 \u0645\u0634\u0627\u0628\u0647\u0629","link":""},"img":{"alt_text":"","src":"https:\/\/i0.wp.com\/tuzlahortum.com.tr\/wp-content\/uploads\/2019\/02\/AG-2100-MARINE-CORRUGATED.jpg?fit=800%2C800&ssl=1&resize=350%2C200","width":350,"height":200,"srcset":"https:\/\/i0.wp.com\/tuzlahortum.com.tr\/wp-content\/uploads\/2019\/02\/AG-2100-MARINE-CORRUGATED.jpg?fit=800%2C800&ssl=1&resize=350%2C200 1x, https:\/\/i0.wp.com\/tuzlahortum.com.tr\/wp-content\/uploads\/2019\/02\/AG-2100-MARINE-CORRUGATED.jpg?fit=800%2C800&ssl=1&resize=525%2C300 1.5x, https:\/\/i0.wp.com\/tuzlahortum.com.tr\/wp-content\/uploads\/2019\/02\/AG-2100-MARINE-CORRUGATED.jpg?fit=800%2C800&ssl=1&resize=700%2C400 2x"},"classes":[]},{"id":559,"url":"https:\/\/tuzlahortum.com.tr\/ar\/product\/trelleborg-ag2100-marine-smooth\/","url_meta":{"origin":556,"position":2},"title":"Trelleborg AG2100 \u0645\u0627\u0631\u064a\u0646 \u0633\u0645\u0648\u062b","author":"admin","date":"6 \u0641\u0628\u0631\u0627\u064a\u0631 2019","format":false,"excerpt":"Trelleborg AG2100 Marine SmoothEgzoz gaz\u0131 Egzoz gazlar\u0131n\u0131n tahliye edilen so\u011fuk su ile kar\u0131\u015ft\u0131\u011f\u0131 deniz motoru \u0131slak egzoz sistemleri. Avantajlar *Esnek. *Y\u0131pranma ve eskimeye dayan\u0131kl\u0131. *Flex Max yap\u0131 (\u00f6r. \u00e7oklu helis). *D\u00fcz ve dayan\u0131kl\u0131. *Kuru egzoza 3 saatten fazla dayan\u0131r. *DNV onayl\u0131d\u0131r. Teknik a\u00e7\u0131klama \u0130\u00e7 t\u00fcp :\u00a0CR, siyah, d\u00fcz. Takviye :\u00a0\u00e7elik\u2026","rel":"","context":"\u062a\u062f\u0648\u064a\u0646\u0629 \u0645\u0634\u0627\u0628\u0647\u0629","block_context":{"text":"\u062a\u062f\u0648\u064a\u0646\u0629 \u0645\u0634\u0627\u0628\u0647\u0629","link":""},"img":{"alt_text":"","src":"https:\/\/i0.wp.com\/tuzlahortum.com.tr\/wp-content\/uploads\/2019\/02\/AG-2100-MAR%C4%B0NE-SMOOTH.jpg?fit=800%2C800&ssl=1&resize=350%2C200","width":350,"height":200,"srcset":"https:\/\/i0.wp.com\/tuzlahortum.com.tr\/wp-content\/uploads\/2019\/02\/AG-2100-MAR%C4%B0NE-SMOOTH.jpg?fit=800%2C800&ssl=1&resize=350%2C200 1x, https:\/\/i0.wp.com\/tuzlahortum.com.tr\/wp-content\/uploads\/2019\/02\/AG-2100-MAR%C4%B0NE-SMOOTH.jpg?fit=800%2C800&ssl=1&resize=525%2C300 1.5x, https:\/\/i0.wp.com\/tuzlahortum.com.tr\/wp-content\/uploads\/2019\/02\/AG-2100-MAR%C4%B0NE-SMOOTH.jpg?fit=800%2C800&ssl=1&resize=700%2C400 2x"},"classes":[]},{"id":22762,"url":"https:\/\/tuzlahortum.com.tr\/ar\/product\/ibiza\/","url_meta":{"origin":556,"position":3},"title":"\u0625\u0628\u064a\u0632\u0627","author":"admin","date":"11 \u0623\u063a\u0633\u0637\u0633 2025","format":false,"excerpt":"\u00a0 \u00dcr\u00fcn Ad\u0131: IBIZA \u00dcr\u00fcn Kodu: MWED390 Denizcilik Tipi Sulu Egzos Hortumu Verici Kullanim Alan\u0131 : Deniz ara\u00e7lar\u0131n\u0131n so\u011futma sistemlerinde \u0131slak egzoz gazlar\u0131 ve deniz suyu ta\u015f\u0131nmas\u0131 i\u00e7in. Alt Katman : Siyah EPDM Kau\u00e7uk. Takviye Katman\u0131 : Y\u00fcksek Mukavemetli Sentetik Tekstil. \u00dcst Katman : Deniz Suyuna, Is\u0131ya, A\u015f\u0131nmaya, Ozona ve\u2026","rel":"","context":"\u062a\u062f\u0648\u064a\u0646\u0629 \u0645\u0634\u0627\u0628\u0647\u0629","block_context":{"text":"\u062a\u062f\u0648\u064a\u0646\u0629 \u0645\u0634\u0627\u0628\u0647\u0629","link":""},"img":{"alt_text":"","src":"https:\/\/i0.wp.com\/tuzlahortum.com.tr\/wp-content\/uploads\/2025\/08\/Ibiza.png?fit=341%2C341&ssl=1&resize=350%2C200","width":350,"height":200},"classes":[]},{"id":22768,"url":"https:\/\/tuzlahortum.com.tr\/ar\/product\/cancun-sc\/","url_meta":{"origin":556,"position":4},"title":"\u0643\u0627\u0646\u0643\u0648\u0646 SC","author":"admin","date":"11 \u0623\u063a\u0633\u0637\u0633 2025","format":false,"excerpt":"\u00a0 \u00dcr\u00fcn Ad\u0131: CANCUN SC \u00dcr\u00fcn Kodu: MWEC932 Denizcilik Tipi Sulu Egzos Hortumu, Bo\u011fumlu Kullanim Alan\u0131 : Deniz ara\u00e7lar\u0131n\u0131n so\u011futma sistemlerinde \u0131slak egzoz gazlar\u0131 ve deniz suyu ta\u015f\u0131nmas\u0131 i\u00e7in. Alt Katman : Siyah EPDM Kau\u00e7uk. Takviye Katman\u0131 : Y\u00fcksek Mukavemetli Sentetik Tekstil, \u00c7elik Tel Sarmal. \u00dcst Katman : Deniz Suyuna,\u2026","rel":"","context":"\u062a\u062f\u0648\u064a\u0646\u0629 \u0645\u0634\u0627\u0628\u0647\u0629","block_context":{"text":"\u062a\u062f\u0648\u064a\u0646\u0629 \u0645\u0634\u0627\u0628\u0647\u0629","link":""},"img":{"alt_text":"","src":"https:\/\/i0.wp.com\/tuzlahortum.com.tr\/wp-content\/uploads\/2025\/08\/Cancun-SC.png?fit=256%2C256&ssl=1&resize=350%2C200","width":350,"height":200},"classes":[]},{"id":22765,"url":"https:\/\/tuzlahortum.com.tr\/ar\/product\/cancun-sd\/","url_meta":{"origin":556,"position":5},"title":"\u0643\u0627\u0646\u0643\u0648\u0646 SD","author":"admin","date":"11 \u0623\u063a\u0633\u0637\u0633 2025","format":false,"excerpt":"\u00a0 \u00dcr\u00fcn Ad\u0131: CANCUN SD \u00dcr\u00fcn Kodu: MWESD931 Denizcilik Tipi Sulu Egzos Hortumu Al\u0131c\u0131\/Verici Kullanim Alan\u0131 : Deniz ta\u015f\u0131tlar\u0131n\u0131n so\u011futma sistemlerinde \u0131slak egzoz gazlar\u0131 ve deniz suyunun ta\u015f\u0131nmas\u0131 i\u00e7in. Alt Katman : Siyah EPDM Kau\u00e7uk. Takviye Katman\u0131 : Y\u00fcksek Mukavemetli Sentetik Tekstil ve 2 \u00c7elik Tel Spiral. \u00dcst Katman :\u2026","rel":"","context":"\u062a\u062f\u0648\u064a\u0646\u0629 \u0645\u0634\u0627\u0628\u0647\u0629","block_context":{"text":"\u062a\u062f\u0648\u064a\u0646\u0629 \u0645\u0634\u0627\u0628\u0647\u0629","link":""},"img":{"alt_text":"","src":"https:\/\/i0.wp.com\/tuzlahortum.com.tr\/wp-content\/uploads\/2025\/08\/Cancun-SD.png?fit=339%2C339&ssl=1&resize=350%2C200","width":350,"height":200},"classes":[]}],"jetpack_sharing_enabled":true,"jetpack_likes_enabled":true,"_links":{"self":[{"href":"https:\/\/tuzlahortum.com.tr\/ar\/wp-json\/wp\/v2\/product\/556","targetHints":{"allow":["GET"]}}],"collection":[{"href":"https:\/\/tuzlahortum.com.tr\/ar\/wp-json\/wp\/v2\/product"}],"about":[{"href":"https:\/\/tuzlahortum.com.tr\/ar\/wp-json\/wp\/v2\/types\/product"}],"replies":[{"embeddable":true,"href":"https:\/\/tuzlahortum.com.tr\/ar\/wp-json\/wp\/v2\/comments?post=556"}],"wp:featuredmedia":[{"embeddable":true,"href":"https:\/\/tuzlahortum.com.tr\/ar\/wp-json\/wp\/v2\/media\/2610"}],"wp:attachment":[{"href":"https:\/\/tuzlahortum.com.tr\/ar\/wp-json\/wp\/v2\/media?parent=556"}],"wp:term":[{"taxonomy":"product_brand","embeddable":true,"href":"https:\/\/tuzlahortum.com.tr\/ar\/wp-json\/wp\/v2\/product_brand?post=556"},{"taxonomy":"product_cat","embeddable":true,"href":"https:\/\/tuzlahortum.com.tr\/ar\/wp-json\/wp\/v2\/product_cat?post=556"},{"taxonomy":"product_tag","embeddable":true,"href":"https:\/\/tuzlahortum.com.tr\/ar\/wp-json\/wp\/v2\/product_tag?post=556"}],"curies":[{"name":"\u062f\u0628\u0644\u064a\u0648 \u0628\u064a","href":"https:\/\/api.w.org\/{rel}","templated":true}]}}