{"id":555,"date":"2019-02-06T23:46:02","date_gmt":"2019-02-06T20:46:02","guid":{"rendered":"http:\/\/hortum.com.tr\/product\/import-placeholder-for-208\/"},"modified":"2024-03-21T17:45:27","modified_gmt":"2024-03-21T14:45:27","slug":"dogalgaz-vanasi-mop-5-20-kilitli","status":"publish","type":"product","link":"https:\/\/tuzlahortum.com.tr\/ar\/product\/dogalgaz-vanasi-mop-5-20-kilitli\/","title":{"rendered":"\u0635\u0645\u0627\u0645 \u0627\u0644\u063a\u0627\u0632 \u0627\u0644\u0637\u0628\u064a\u0639\u064a MOP 5-20 \u0645\u063a\u0644\u0642"},"content":{"rendered":"<h2>\u0635\u0645\u0627\u0645 \u0627\u0644\u063a\u0627\u0632 \u0627\u0644\u0637\u0628\u064a\u0639\u064a MOP 5-20 \u0645\u063a\u0644\u0642<\/h2>\n<p>\u0645\u0648\u0627\u0641\u0642\u0629 \u0645\u0639\u0647\u062f \u0627\u0644\u0645\u0639\u0627\u064a\u064a\u0631 \u0627\u0644\u062a\u0631\u0643\u064a\u0629 TS CEN \/ EN 331 \/ A1.<\/p>\n<p>\u0634\u0647\u0627\u062f\u0629 \u0646\u0638\u0627\u0645 \u0627\u0644\u062c\u0648\u062f\u0629 ISO 9001.<\/p>\n<p>\u0636\u063a\u0637 \u0627\u0644\u0639\u0645\u0644 MOP5-20.<\/p>\n<p>\u062a\u0645\u0631\u064a\u0631\u0629 \u0643\u0627\u0645\u0644\u0629 \u0644\u0623\u0642\u0635\u0649 \u0642\u062f\u0631 \u0645\u0646 \u0627\u0644\u0633\u064a\u0648\u0644\u0629.<\/p>\n<p>\u0643\u0631\u0629 \u0645\u0637\u0644\u064a\u0629 \u0628\u0627\u0644\u0633\u062e\u0627\u0645 \u0644\u062d\u064a\u0627\u0629 \u0623\u0637\u0648\u0644.<\/p>\n<p>\u0627\u062a\u0635\u0627\u0644 ISO 228 \u0623\u0646\u062b\u0649 X \u0623\u0646\u062b\u0649.<\/p>\n<p>\u062d\u0634\u064a\u0629 PTFE \u0648\u062d\u0644\u0642\u0629 EPDM O \u0644\u062a\u062d\u0642\u064a\u0642 \u0623\u0642\u0635\u0649 \u062f\u0631\u062c\u0627\u062a \u0627\u0644\u0623\u0645\u0627\u0646.<\/p>\n<p>\u0645\u0646\u0637\u0642\u0629 \u0627\u0633\u062a\u062e\u062f\u0627\u0645 \u0648\u0627\u0633\u0639\u0629 \u0644\u0627\u0633\u062a\u062e\u062f\u0627\u0645\u0647\u0627 \u0641\u064a \u0623\u0646\u0638\u0645\u0629 \u0627\u0644\u063a\u0627\u0632 \u0627\u0644\u0637\u0628\u064a\u0639\u064a.<\/p>\n<p>\u0645\u0642\u0628\u0636 \u0641\u0648\u0644\u0627\u0630\u064a \u0633\u0645\u064a\u0643 \u0645\u0637\u0644\u064a \u0628\u0640 PVC.<\/p>\n<p>\u062f\u0631\u062c\u0629 \u0627\u0644\u062d\u0631\u0627\u0631\u0629 -10 \u062f\u0631\u062c\u0629 \u0645\u0626\u0648\u064a\u0629 + 120 \u062f\u0631\u062c\u0629 \u0645\u0626\u0648\u064a\u0629<\/p>\n<table border=\"0\" cellspacing=\"0\" cellpadding=\"0\">\n<tbody>\n<tr bgcolor=\"#002f62\">\n<td>\u062d\u062c\u0645 \u0645\u0635\u0646\u0651\u0641<\/td>\n<td>DN<br \/>(\u0632)<\/td>\n<td>\u062f 1<br \/>(\u0645\u0645)<\/td>\n<td>\u0625\u0644<br \/>(\u0645\u0645)<\/td>\n<td>\u0643<br \/>(\u0645\u0645)<\/td>\n<td>\u0631<br \/>(\u0645\u0645)<\/td>\n<td>\u0625\u0644\u0649<br \/>(\u0645\u0645)<\/td>\n<\/tr>\n<tr>\n<td>1-2\u2033<\/td>\n<td>15<\/td>\n<td>14-14<\/td>\n<td>54<\/td>\n<td>80<\/td>\n<td>15<\/td>\n<td>37<\/td>\n<\/tr>\n<tr>\n<td>3\/4\u2033<\/td>\n<td>20<\/td>\n<td>19-19<\/td>\n<td>61<\/td>\n<td>95<\/td>\n<td>16<\/td>\n<td>53<\/td>\n<\/tr>\n<tr>\n<td>1\u2033<\/td>\n<td>25<\/td>\n<td>24-24<\/td>\n<td>73<\/td>\n<td>115<\/td>\n<td>17<\/td>\n<td>55<\/td>\n<\/tr>\n<\/tbody>\n<\/table>","protected":false},"excerpt":{"rendered":"<p>Do\u011falgaz Vanas\u0131 MOP 5-20 Kilitli TS CEN\/EN 331\/A1 T\u00fcrk Standartlar\u0131 Enstit\u00fcs\u00fc Onay\u0131. ISO 9001 Kalite Sistem Sertfikas\u0131. MOP5-20 \u00e7al\u0131\u015fma bas\u0131nc\u0131. Maksimum ak\u0131\u015fkanl\u0131k i\u00e7in tam ge\u00e7i\u015f. Daha uzun \u00f6m\u00fcr i\u00e7in kurum kaplama k\u00fcre. ISO 228 Di\u015fi X Di\u015fi ba\u011flant\u0131. Maksimum g\u00fcvenlik i\u00e7in PTFE conta ve EPDM O-ring. Do\u011falgaz sistemlerinde kullan\u0131lmak \u00fczere geni\u015f kullan\u0131m alan\u0131. Kal\u0131n PVC [&#8230;]\n","protected":false},"featured_media":2857,"comment_status":"open","ping_status":"closed","template":"","meta":{"jetpack_post_was_ever_published":false},"product_brand":[],"product_cat":[200],"product_tag":[330,334,2275,333,331],"class_list":{"0":"post-555","1":"product","2":"type-product","3":"status-publish","4":"has-post-thumbnail","6":"product_cat-dogalgaz-vanalari","7":"product_tag-dogalgaz","8":"product_tag-dogalgaz-kilitli-vana","9":"product_tag-dogalgaz-vanasi","10":"product_tag-kilitli","11":"product_tag-vana","13":"first","14":"instock","15":"taxable","16":"shipping-taxable","17":"product-type-variable"},"jetpack-related-posts":[],"jetpack_sharing_enabled":true,"jetpack_likes_enabled":true,"_links":{"self":[{"href":"https:\/\/tuzlahortum.com.tr\/ar\/wp-json\/wp\/v2\/product\/555","targetHints":{"allow":["GET"]}}],"collection":[{"href":"https:\/\/tuzlahortum.com.tr\/ar\/wp-json\/wp\/v2\/product"}],"about":[{"href":"https:\/\/tuzlahortum.com.tr\/ar\/wp-json\/wp\/v2\/types\/product"}],"replies":[{"embeddable":true,"href":"https:\/\/tuzlahortum.com.tr\/ar\/wp-json\/wp\/v2\/comments?post=555"}],"wp:featuredmedia":[{"embeddable":true,"href":"https:\/\/tuzlahortum.com.tr\/ar\/wp-json\/wp\/v2\/media\/2857"}],"wp:attachment":[{"href":"https:\/\/tuzlahortum.com.tr\/ar\/wp-json\/wp\/v2\/media?parent=555"}],"wp:term":[{"taxonomy":"product_brand","embeddable":true,"href":"https:\/\/tuzlahortum.com.tr\/ar\/wp-json\/wp\/v2\/product_brand?post=555"},{"taxonomy":"product_cat","embeddable":true,"href":"https:\/\/tuzlahortum.com.tr\/ar\/wp-json\/wp\/v2\/product_cat?post=555"},{"taxonomy":"product_tag","embeddable":true,"href":"https:\/\/tuzlahortum.com.tr\/ar\/wp-json\/wp\/v2\/product_tag?post=555"}],"curies":[{"name":"\u062f\u0628\u0644\u064a\u0648 \u0628\u064a","href":"https:\/\/api.w.org\/{rel}","templated":true}]}}