{"id":552,"date":"2019-02-06T23:46:01","date_gmt":"2019-02-06T20:46:01","guid":{"rendered":"http:\/\/hortum.com.tr\/product\/import-placeholder-for-214\/"},"modified":"2024-03-21T17:45:30","modified_gmt":"2024-03-21T14:45:30","slug":"calparali-cekvalf","status":"publish","type":"product","link":"https:\/\/tuzlahortum.com.tr\/ar\/product\/calparali-cekvalf\/","title":{"rendered":"\u0635\u0645\u0627\u0645 \u0627\u0644\u0627\u062e\u062a\u064a\u0627\u0631 \u0627\u0644\u0628\u062f\u064a\u0644"},"content":{"rendered":"<h2>\u0635\u0645\u0627\u0645 \u0627\u0644\u0627\u062e\u062a\u064a\u0627\u0631 \u0627\u0644\u0628\u062f\u064a\u0644<\/h2>\n<p>\u0634\u0647\u0627\u062f\u0629 \u0646\u0638\u0627\u0645 \u0627\u0644\u062c\u0648\u062f\u0629 ISO 9001.<\/p>\n<p>\u062a\u0645\u0631\u064a\u0631\u0629 \u0643\u0627\u0645\u0644\u0629 \u0644\u0623\u0642\u0635\u0649 \u0642\u062f\u0631 \u0645\u0646 \u0627\u0644\u0633\u064a\u0648\u0644\u0629.<\/p>\n<p><img data-recalc-dims=\"1\" loading=\"lazy\" decoding=\"async\" class=\"size-full wp-image-2855 alignright\" src=\"https:\/\/i0.wp.com\/hortum.com.tr\/wp-content\/uploads\/2019\/02\/%C3%87alparal%C4%B1-%C3%87ekvalf-T.jpg?resize=520%2C350\" alt=\"\" width=\"520\" height=\"350\" title=\"\"><\/p>\n<p>\u0627\u062a\u0635\u0627\u0644 ISO 228 \u0623\u0646\u062b\u0649 X \u0623\u0646\u062b\u0649.<\/p>\n<p>\u0644\u0627\u0633\u062a\u062e\u062f\u0627\u0645\u0647\u0627 \u0641\u064a \u0623\u0646\u0638\u0645\u0629 \u0627\u0644\u0635\u0646\u0627\u0639\u0629 \u0648\u0627\u0644\u0633\u0628\u0627\u0643\u0629 \u0648\u0627\u0644\u0631\u064a<\/p>\n<p>\u0645\u0633\u0627\u062d\u0629 \u0648\u0627\u0633\u0639\u0629 \u0644\u0644\u0627\u0633\u062a\u062e\u062f\u0627\u0645.<\/p>\n<p>\u062f\u0631\u062c\u0629 \u0627\u0644\u062d\u0631\u0627\u0631\u0629 -10 \u062f\u0631\u062c\u0629 \u0645\u0626\u0648\u064a\u0629 + 90 \u062f\u0631\u062c\u0629 \u0645\u0626\u0648\u064a\u0629<\/p>","protected":false},"excerpt":{"rendered":"<p>\u00c7alparal\u0131 \u00c7ekvalf ISO 9001 Kalite Sistem Sertfikas\u0131. Maksimum ak\u0131\u015fkanl\u0131k i\u00e7in tam ge\u00e7i\u015f. ISO 228 Di\u015fi X Di\u015fi ba\u011flant\u0131. End\u00fcstriyel, Tesisat ve sulama sistemlerinde kullan\u0131lmak \u00fczere geni\u015f kullan\u0131m alan\u0131. S\u0131cakl\u0131k -10\u00b0C + 90\u00b0C<\/p>","protected":false},"featured_media":2854,"comment_status":"open","ping_status":"closed","template":"","meta":{"jetpack_post_was_ever_published":false},"product_brand":[],"product_cat":[197],"product_tag":[324,326,325],"class_list":{"0":"post-552","1":"product","2":"type-product","3":"status-publish","4":"has-post-thumbnail","6":"product_cat-cekvalf-tipleri","7":"product_tag-calparali","8":"product_tag-calparali-cekvalf","9":"product_tag-cekvalf","11":"first","12":"instock","13":"taxable","14":"shipping-taxable","15":"product-type-variable"},"jetpack-related-posts":[],"jetpack_sharing_enabled":true,"jetpack_likes_enabled":true,"_links":{"self":[{"href":"https:\/\/tuzlahortum.com.tr\/ar\/wp-json\/wp\/v2\/product\/552","targetHints":{"allow":["GET"]}}],"collection":[{"href":"https:\/\/tuzlahortum.com.tr\/ar\/wp-json\/wp\/v2\/product"}],"about":[{"href":"https:\/\/tuzlahortum.com.tr\/ar\/wp-json\/wp\/v2\/types\/product"}],"replies":[{"embeddable":true,"href":"https:\/\/tuzlahortum.com.tr\/ar\/wp-json\/wp\/v2\/comments?post=552"}],"wp:featuredmedia":[{"embeddable":true,"href":"https:\/\/tuzlahortum.com.tr\/ar\/wp-json\/wp\/v2\/media\/2854"}],"wp:attachment":[{"href":"https:\/\/tuzlahortum.com.tr\/ar\/wp-json\/wp\/v2\/media?parent=552"}],"wp:term":[{"taxonomy":"product_brand","embeddable":true,"href":"https:\/\/tuzlahortum.com.tr\/ar\/wp-json\/wp\/v2\/product_brand?post=552"},{"taxonomy":"product_cat","embeddable":true,"href":"https:\/\/tuzlahortum.com.tr\/ar\/wp-json\/wp\/v2\/product_cat?post=552"},{"taxonomy":"product_tag","embeddable":true,"href":"https:\/\/tuzlahortum.com.tr\/ar\/wp-json\/wp\/v2\/product_tag?post=552"}],"curies":[{"name":"\u062f\u0628\u0644\u064a\u0648 \u0628\u064a","href":"https:\/\/api.w.org\/{rel}","templated":true}]}}