{"id":543,"date":"2019-02-06T23:45:42","date_gmt":"2019-02-06T20:45:42","guid":{"rendered":"http:\/\/hortum.com.tr\/product\/import-placeholder-for-73\/"},"modified":"2024-03-21T17:45:38","modified_gmt":"2024-03-21T14:45:38","slug":"beton-cimento-alici-verici-hortumlar","status":"publish","type":"product","link":"https:\/\/tuzlahortum.com.tr\/ar\/product\/beton-cimento-alici-verici-hortumlar\/","title":{"rendered":"\u062e\u0631\u0627\u0637\u064a\u0645 \u0627\u0644\u062e\u0631\u0633\u0627\u0646\u0629 - \u062e\u0631\u0627\u0637\u064a\u0645 \u0627\u0631\u0633\u0627\u0644 \u0627\u0644\u0623\u0633\u0645\u0646\u062a"},"content":{"rendered":"<h2>\u062e\u0631\u0627\u0637\u064a\u0645 \u0627\u0644\u062e\u0631\u0633\u0627\u0646\u0629 - \u062e\u0631\u0627\u0637\u064a\u0645 \u0627\u0631\u0633\u0627\u0644 \u0627\u0644\u0623\u0633\u0645\u0646\u062a<\/h2>\n<div>\u0645\u062c\u0627\u0644\u0627\u062a \u0627\u0644\u0627\u0633\u062a\u062e\u062f\u0627\u0645: \u062c\u0645\u064a\u0639 \u0623\u0646\u0648\u0627\u0639 \u0627\u0644\u062e\u0631\u0633\u0627\u0646\u0629 \u0648\u0627\u0644\u0623\u0633\u0645\u0646\u062a (\u0634\u0641\u0637) \u0648\u0627\u0644\u0646\u0642\u0644 \u0648\u0627\u0644\u0635\u0628 \u0641\u064a \u0645\u0635\u0627\u0646\u0639 \u0627\u0644\u0623\u0633\u0645\u0646\u062a \u0648\u0627\u0644\u0635\u0648\u0627\u0645\u0639<\/div>\n<div><\/div>\n<div>\u0628\u0646\u0627\u0621<\/div>\n<div>\u0623\u0633\u0641\u0644: \u0645\u0632\u064a\u062c \u0645\u0646 \u0627\u0644\u0645\u0637\u0627\u0637 \u0627\u0644\u0635\u0646\u0627\u0639\u064a \u0648\u0627\u0644\u0637\u0628\u064a\u0639\u064a \u060c \u0623\u0633\u0648\u062f \u060c \u0633\u0627\u062f\u0629<\/div>\n<div>\u0627\u0644\u062a\u0639\u0632\u064a\u0632: \u0646\u0633\u064a\u062c \u0633\u0644\u0643 \u0639\u0627\u0644\u064a \u0627\u0644\u0642\u0648\u0629 \u060c \u0633\u0644\u0643 \u0646\u062d\u0627\u0633\u064a \u0645\u0648\u0635\u0644 (\u0633\u0644\u0643 \u0641\u0648\u0644\u0627\u0630\u064a \u0637\u0628\u0642\u0629 \u062f\u0627\u062e\u0644\u064a\u0629)<\/div>\n<div>\u0627\u0644\u062c\u0632\u0621 \u0627\u0644\u0639\u0644\u0648\u064a: SBR \u060c \u0623\u0633\u0648\u062f \u060c \u0645\u0642\u0627\u0648\u0645\u0629 \u0644\u0644\u062a\u0622\u0643\u0644 \u0648\u0627\u0644\u0639\u0648\u0627\u0645\u0644 \u0627\u0644\u062c\u0648\u064a\u0629<\/div>\n<div><\/div>\n<div>\n<div class=\"video video-fit mb\" style=\"padding-top:56.25%;\"><p><iframe loading=\"lazy\" title=\"\u0627\u0631\u062a\u0628\u0627\u0643 \u0627\u0644\u0642\u064a\u0627\u0633 (\u0628\u0648\u0635\u0629\u060c \u0625\u0635\u0628\u0639\u060c \u0636\u0628\u0627\u0628\u060c \u0645\u0644\u0644\u064a\u0645\u062a\u0631)\" width=\"1020\" height=\"574\" src=\"https:\/\/www.youtube.com\/embed\/uKk6AG_AZls?feature=oembed\" frameborder=\"0\" allow=\"accelerometer; autoplay; clipboard-write; encrypted-media; gyroscope; picture-in-picture; web-share\" referrerpolicy=\"strict-origin-when-cross-origin\" allowfullscreen><\/iframe><\/p>\n<\/div>\n<div class=\"video video-fit mb\" style=\"padding-top:56.25%;\"><p>https:\/\/www.youtube.com\/watch?v=O8ZlzKEjfEQ%20<\/p>\n<\/div>\n<\/div>","protected":false},"excerpt":{"rendered":"<p>\u062e\u0631\u0627\u0637\u064a\u0645 \u0627\u0633\u062a\u0642\u0628\u0627\u0644 \u0627\u0644\u062e\u0631\u0633\u0627\u0646\u0629 - \u0627\u0633\u062a\u0642\u0628\u0627\u0644 \u0627\u0644\u0623\u0633\u0645\u0646\u062a - \u062e\u0631\u0627\u0637\u064a\u0645 \u0627\u0644\u0646\u0642\u0644 \u0645\u062c\u0627\u0644\u0627\u062a \u0627\u0644\u0627\u0633\u062a\u062e\u062f\u0627\u0645 : \u062c\u0645\u064a\u0639 \u0623\u0646\u0648\u0627\u0639 \u0627\u0644\u062e\u0631\u0633\u0627\u0646\u0629 \u0648\u0627\u0644\u0623\u0633\u0645\u0646\u062a (\u0627\u0644\u0634\u0641\u0637)\u060c \u0648\u0623\u0639\u0645\u0627\u0644 \u0627\u0644\u0646\u0642\u0644 \u0648\u0627\u0644\u0635\u0628 \u0641\u064a \u0645\u0635\u0627\u0646\u0639 \u0627\u0644\u0623\u0633\u0645\u0646\u062a \u0648\u0627\u0644\u0635\u0648\u0627\u0645\u0639 \u0627\u0644\u0628\u0646\u0627\u0621 \u0627\u0644\u062c\u0632\u0621 \u0627\u0644\u0633\u0641\u0644\u064a: \u062e\u0644\u064a\u0637 \u0645\u0637\u0627\u0637\u064a \u0635\u0646\u0627\u0639\u064a \u0648\u0637\u0628\u064a\u0639\u064a\u060c \u0623\u0633\u0648\u062f\u060c \u0645\u0633\u0637\u062d \u0627\u0644\u062a\u0633\u0644\u064a\u062d: \u0646\u0633\u064a\u062c \u0633\u0644\u0643\u064a \u0639\u0627\u0644\u064a \u0627\u0644\u0642\u0648\u0629 \u0648\u0623\u0633\u0644\u0627\u0643 \u0646\u062d\u0627\u0633\u064a\u0629 \u0645\u0648\u0635\u0644\u0629 (\u0633\u0644\u0643 \u0641\u0648\u0644\u0627\u0630\u064a \u0628\u064a\u0646\u064a) \u0627\u0644\u062c\u0632\u0621 \u0627\u0644\u0639\u0644\u0648\u064a : SBR\u060c \u0623\u0633\u0648\u062f\u060c \u0645\u0642\u0627\u0648\u0645 \u0644\u0644\u0627\u062d\u062a\u0643\u0627\u0643 \u0648\u0627\u0644\u0638\u0631\u0648\u0641 \u0627\u0644\u0645\u0646\u0627\u062e\u064a\u0629<\/p>","protected":false},"featured_media":1693,"comment_status":"open","ping_status":"closed","template":"","meta":{"jetpack_post_was_ever_published":false},"product_brand":[],"product_cat":[153],"product_tag":[310,304,309,303,308,306],"class_list":{"0":"post-543","1":"product","2":"type-product","3":"status-publish","4":"has-post-thumbnail","6":"product_cat-beton-hortumlari","7":"product_tag-beton-ve-cimento-alici-verici-hortumlar","8":"product_tag-beton-ve-cimento-dokme-hortumu","9":"product_tag-beton-ve-cimento-emme-hortumu","10":"product_tag-beton-ve-cimento-nakletme-hortumu","11":"product_tag-cimento-fabrikalarinda-ve-silolarinda-kullanilan-hortum","12":"product_tag-silobas-hortumu","14":"first","15":"instock","16":"taxable","17":"shipping-taxable","18":"product-type-variable"},"jetpack-related-posts":[{"id":724,"url":"https:\/\/tuzlahortum.com.tr\/ar\/product\/beton-cimento-verici-hortumlar\/","url_meta":{"origin":543,"position":0},"title":"\u062e\u0631\u0627\u0637\u064a\u0645 \u0627\u0644\u062e\u0631\u0633\u0627\u0646\u0629 - \u062e\u0631\u0627\u0637\u064a\u0645 \u0636\u062e \u0627\u0644\u0623\u0633\u0645\u0646\u062a","author":"admin","date":"6 \u0641\u0628\u0631\u0627\u064a\u0631 2019","format":false,"excerpt":"\u062e\u0631\u0627\u0637\u064a\u0645 \u0646\u0642\u0644 \u0627\u0644\u062e\u0631\u0633\u0627\u0646\u0629 \u0648\u0627\u0644\u0623\u0633\u0645\u0646\u062a \u0645\u062c\u0627\u0644\u0627\u062a \u0627\u0644\u0627\u0633\u062a\u062e\u062f\u0627\u0645 : \u062e\u0631\u0637\u0648\u0645 \u0630\u0648 \u0645\u0642\u0627\u0648\u0645\u0629 \u0639\u0627\u0644\u064a\u0629 \u0644\u0644\u062a\u0622\u0643\u0644 \u064a\u0633\u062a\u062e\u062f\u0645 \u0641\u064a \u062c\u0645\u064a\u0639 \u0623\u0646\u0648\u0627\u0639 \u0623\u0639\u0645\u0627\u0644 \u0646\u0642\u0644 \u0627\u0644\u062e\u0631\u0633\u0627\u0646\u0629 \u0648\u0627\u0644\u0623\u0633\u0645\u0646\u062a \u0641\u064a \u0645\u0635\u0627\u0646\u0639 \u0627\u0644\u0623\u0633\u0645\u0646\u062a \u062e\u0631\u0637\u0648\u0645 \u0645\u0642\u0627\u0648\u0645 \u0644\u0644\u062a\u0622\u0643\u0644 \u0627\u0644\u062c\u0632\u0621 \u0627\u0644\u0633\u0641\u0644\u064a : \u062e\u0644\u064a\u0637 \u0645\u0637\u0627\u0637\u064a \u0635\u0646\u0627\u0639\u064a \u0648\u0637\u0628\u064a\u0639\u064a\u060c \u0623\u0633\u0648\u062f\u060c \u0645\u0633\u0637\u062d \u0627\u0644\u062a\u0633\u0644\u064a\u062d: \u0646\u0633\u064a\u062c \u0633\u0644\u0643\u064a \u0639\u0627\u0644\u064a \u0627\u0644\u0642\u0648\u0629\u060c \u0633\u0644\u0643 \u0646\u062d\u0627\u0633\u064a \u0645\u0648\u0635\u0644 \u0627\u0644\u062c\u0632\u0621 \u0627\u0644\u0639\u0644\u0648\u064a : SBR\u060c \u0623\u0633\u0648\u062f\u060c \u0645\u0642\u0627\u0648\u0645 \u0644\u0644\u0627\u062d\u062a\u0643\u0627\u0643 \u0648\u0627\u0644\u0638\u0631\u0648\u0641 \u0627\u0644\u0645\u0646\u0627\u062e\u064a\u0629","rel":"","context":"\u062a\u062f\u0648\u064a\u0646\u0629 \u0645\u0634\u0627\u0628\u0647\u0629","block_context":{"text":"\u062a\u062f\u0648\u064a\u0646\u0629 \u0645\u0634\u0627\u0628\u0647\u0629","link":""},"img":{"alt_text":"","src":"https:\/\/i0.wp.com\/tuzlahortum.com.tr\/wp-content\/uploads\/urunler\/kaucuk\/superlas-silobas-hortumu.jpg?fit=360%2C270&ssl=1&resize=350%2C200","width":350,"height":200},"classes":[]},{"id":710,"url":"https:\/\/tuzlahortum.com.tr\/ar\/product\/beton-enjeksiyon-hortumu\/","url_meta":{"origin":543,"position":1},"title":"\u062e\u0631\u0637\u0648\u0645 \u062d\u0642\u0646 \u0627\u0644\u062e\u0631\u0633\u0627\u0646\u0629","author":"admin","date":"6 \u0641\u0628\u0631\u0627\u064a\u0631 2019","format":false,"excerpt":"Beton Enjeksiyon HortumuKULLANIM ALANLARI : Y\u00fcksek bina ve t\u00fcnel in\u015faatlar\u0131nda s\u0131va ve har\u00e7 gibi malzemelerin bas\u0131n\u00e7l\u0131 uygulamalar\u0131nda Alt : Tabi sentetik ve do\u011fal kau\u00e7uk kar\u0131\u015f\u0131m\u0131, siyah,k\u0131r\u0131lmaya dayan\u0131kl\u0131 Takviye : Y\u00fcksek mukavemetli kord bezi, iletken bak\u0131r tel \u00dcst : SBR, siyah, s\u00fcrt\u00fcnmeye ve iklim \u015fartlar\u0131na dayan\u0131kl\u0131 \u00a0 \u00a0 \u00a0 \u00a0 \u00a0\u2026","rel":"","context":"\u062a\u062f\u0648\u064a\u0646\u0629 \u0645\u0634\u0627\u0628\u0647\u0629","block_context":{"text":"\u062a\u062f\u0648\u064a\u0646\u0629 \u0645\u0634\u0627\u0628\u0647\u0629","link":""},"img":{"alt_text":"","src":"https:\/\/i0.wp.com\/tuzlahortum.com.tr\/wp-content\/uploads\/urunler\/kaucuk\/Beton-Enjeksiyon-Hortumu.jpg?fit=535%2C283&ssl=1&resize=350%2C200","width":350,"height":200,"srcset":"https:\/\/i0.wp.com\/tuzlahortum.com.tr\/wp-content\/uploads\/urunler\/kaucuk\/Beton-Enjeksiyon-Hortumu.jpg?fit=535%2C283&ssl=1&resize=350%2C200 1x, https:\/\/i0.wp.com\/tuzlahortum.com.tr\/wp-content\/uploads\/urunler\/kaucuk\/Beton-Enjeksiyon-Hortumu.jpg?fit=535%2C283&ssl=1&resize=525%2C300 1.5x"},"classes":[]},{"id":717,"url":"https:\/\/tuzlahortum.com.tr\/ar\/product\/katlanabilir-silobas-hortumu\/","url_meta":{"origin":543,"position":2},"title":"\u062e\u0631\u0637\u0648\u0645 \u0627\u0644\u0634\u0627\u062d\u0646\u0629 \u0627\u0644\u0642\u0627\u0628\u0644 \u0644\u0644\u0637\u064a","author":"admin","date":"6 \u0641\u0628\u0631\u0627\u064a\u0631 2019","format":false,"excerpt":"Katlanabilir Silobas HortumuKULLANIM ALANLARI : \u0130nce, kolay ta\u015f\u0131nabilir, \u00e7imento, kum gibi a\u015f\u0131nd\u0131r\u0131c\u0131 maddelerin pnomatik ve hidrolik naklinde KONTR\u00dcKS\u0130YON Alt : Sentetik ve do\u011fal kau\u00e7uk kar\u0131\u015f\u0131m\u0131, a\u015f\u0131nmaya dayan\u0131kl\u0131, siyah, d\u00fcz Takviye : Y\u00fcksek mukavemetli kord bezi, g\u00f6m\u00fcl\u00fc bak\u0131r tel \u00dcst : SBR, siyah, s\u00fcrt\u00fcnmeye ve iklim \u015fartlar\u0131na dayan\u0131kl\u0131","rel":"","context":"\u062a\u062f\u0648\u064a\u0646\u0629 \u0645\u0634\u0627\u0628\u0647\u0629","block_context":{"text":"\u062a\u062f\u0648\u064a\u0646\u0629 \u0645\u0634\u0627\u0628\u0647\u0629","link":""},"img":{"alt_text":"","src":"https:\/\/i0.wp.com\/tuzlahortum.com.tr\/wp-content\/uploads\/urunler\/kaucuk\/superlas-silobas-hortumu.jpg?fit=360%2C270&ssl=1&resize=350%2C200","width":350,"height":200},"classes":[]},{"id":719,"url":"https:\/\/tuzlahortum.com.tr\/ar\/product\/akaryakit-alici-verici-hortum\/","url_meta":{"origin":543,"position":3},"title":"\u062e\u0631\u0637\u0648\u0645 \u0627\u0644\u0648\u0642\u0648\u062f \u062c\u0647\u0627\u0632 \u0627\u0644\u0625\u0631\u0633\u0627\u0644 \u0648\u0627\u0644\u0627\u0633\u062a\u0642\u0628\u0627\u0644","author":"admin","date":"6 \u0641\u0628\u0631\u0627\u064a\u0631 2019","format":false,"excerpt":"Akaryak\u0131t Al\u0131c\u0131-Verici HortumKULLANIM ALANLARI : Depolardan tankerlere her nevi akaryak\u0131t emme ve nakil i\u015flerinde ve rafineri \u00e7al\u0131\u015fmalar\u0131nda kullan\u0131lan hortumlard\u0131r. SERT\u0130F\u0130KALAR : Hortumlar TSE markal\u0131d\u0131r. TS3916 B T\u00dcR 1 KONTR\u00dcKS\u0130YON Alt : NBR, siyah, iletken Takviye : Y\u00fcksek mukavemetli kord bezi, \u00e7elik tel, iletken bak\u0131r tel \u00dcst CR, siyah, a\u015f\u0131nmaya, akaryak\u0131ta\u2026","rel":"","context":"\u062a\u062f\u0648\u064a\u0646\u0629 \u0645\u0634\u0627\u0628\u0647\u0629","block_context":{"text":"\u062a\u062f\u0648\u064a\u0646\u0629 \u0645\u0634\u0627\u0628\u0647\u0629","link":""},"img":{"alt_text":"","src":"https:\/\/i0.wp.com\/tuzlahortum.com.tr\/wp-content\/uploads\/urunler\/kaucuk\/superlas-yakit-alici-verici-hortum.jpg?fit=360%2C270&ssl=1&resize=350%2C200","width":350,"height":200},"classes":[]},{"id":773,"url":"https:\/\/tuzlahortum.com.tr\/ar\/product\/kumlama-verici-hortumlar\/","url_meta":{"origin":543,"position":4},"title":"\u062e\u0631\u0627\u0637\u064a\u0645 \u0625\u0631\u0633\u0627\u0644 \u0627\u0644\u0633\u0641\u0639 \u0627\u0644\u0631\u0645\u0644\u064a","author":"admin","date":"6 \u0641\u0628\u0631\u0627\u064a\u0631 2019","format":false,"excerpt":"Kumlama Verici HortumlarKULLANIM ALANLARI : Her t\u00fcrl\u00fc kumlama i\u015flerinde ve tahliyesinde, t\u00fcm beton ve metal y\u00fczeylerin kum p\u00fcsk\u00fcrt\u00fclerek temizlenmesi ve parlat\u0131lmas\u0131 i\u015flerinde SERT\u0130F\u0130KALAR : Hortumlar TSE markal\u0131d\u0131r. TS5928 EN ISO 3861 KONTR\u00dcKS\u0130YON Alt : A\u015f\u0131nma mukavemeti y\u00fcksek, siyah, kal\u0131n, d\u00fcz Takviye : Y\u00fcksek mukavemetli kord bezi, iletken bak\u0131r tel \u00dcst\u2026","rel":"","context":"\u062a\u062f\u0648\u064a\u0646\u0629 \u0645\u0634\u0627\u0628\u0647\u0629","block_context":{"text":"\u062a\u062f\u0648\u064a\u0646\u0629 \u0645\u0634\u0627\u0628\u0647\u0629","link":""},"img":{"alt_text":"","src":"https:\/\/i0.wp.com\/tuzlahortum.com.tr\/wp-content\/uploads\/urunler\/kaucuk\/superlas-kumlama-hortumu.jpg?fit=360%2C270&ssl=1&resize=350%2C200","width":350,"height":200},"classes":[]},{"id":722,"url":"https:\/\/tuzlahortum.com.tr\/ar\/product\/akaryakit-verici-hortumlar\/","url_meta":{"origin":543,"position":5},"title":"\u062e\u0631\u0627\u0637\u064a\u0645 \u062a\u0648\u0635\u064a\u0644 \u0627\u0644\u0648\u0642\u0648\u062f","author":"admin","date":"6 \u0641\u0628\u0631\u0627\u064a\u0631 2019","format":false,"excerpt":"Akaryak\u0131t Verici HortumlarKULLANIM ALANLARI : S\u00fcper benzin, mazot, fuel-oil ve her nevi akaryak\u0131t da\u011f\u0131tma i\u015flerinde SERT\u0130F\u0130KALAR : Hortumlar TSE markal\u0131d\u0131r. TS3916 B T\u00dcR 1 KONTR\u00dcKS\u0130YON Alt : NBR, siyah, parlak, ya\u011fa dayan\u0131kl\u0131 Takviye : Y\u00fcksek mukavemetli kord bezi, iletken bak\u0131r tel \u00dcst : CR, siyah, parlak, bask\u0131l\u0131 \u015ferit, a\u015f\u0131nmaya ve\u2026","rel":"","context":"\u062a\u062f\u0648\u064a\u0646\u0629 \u0645\u0634\u0627\u0628\u0647\u0629","block_context":{"text":"\u062a\u062f\u0648\u064a\u0646\u0629 \u0645\u0634\u0627\u0628\u0647\u0629","link":""},"img":{"alt_text":"","src":"https:\/\/i0.wp.com\/tuzlahortum.com.tr\/wp-content\/uploads\/urunler\/kaucuk\/superlas-yakit-verici-hortum.jpg?fit=360%2C270&ssl=1&resize=350%2C200","width":350,"height":200},"classes":[]}],"jetpack_sharing_enabled":true,"jetpack_likes_enabled":true,"_links":{"self":[{"href":"https:\/\/tuzlahortum.com.tr\/ar\/wp-json\/wp\/v2\/product\/543","targetHints":{"allow":["GET"]}}],"collection":[{"href":"https:\/\/tuzlahortum.com.tr\/ar\/wp-json\/wp\/v2\/product"}],"about":[{"href":"https:\/\/tuzlahortum.com.tr\/ar\/wp-json\/wp\/v2\/types\/product"}],"replies":[{"embeddable":true,"href":"https:\/\/tuzlahortum.com.tr\/ar\/wp-json\/wp\/v2\/comments?post=543"}],"wp:featuredmedia":[{"embeddable":true,"href":"https:\/\/tuzlahortum.com.tr\/ar\/wp-json\/wp\/v2\/media\/1693"}],"wp:attachment":[{"href":"https:\/\/tuzlahortum.com.tr\/ar\/wp-json\/wp\/v2\/media?parent=543"}],"wp:term":[{"taxonomy":"product_brand","embeddable":true,"href":"https:\/\/tuzlahortum.com.tr\/ar\/wp-json\/wp\/v2\/product_brand?post=543"},{"taxonomy":"product_cat","embeddable":true,"href":"https:\/\/tuzlahortum.com.tr\/ar\/wp-json\/wp\/v2\/product_cat?post=543"},{"taxonomy":"product_tag","embeddable":true,"href":"https:\/\/tuzlahortum.com.tr\/ar\/wp-json\/wp\/v2\/product_tag?post=543"}],"curies":[{"name":"\u062f\u0628\u0644\u064a\u0648 \u0628\u064a","href":"https:\/\/api.w.org\/{rel}","templated":true}]}}