{"id":538,"date":"2019-02-06T23:45:41","date_gmt":"2019-02-06T20:45:41","guid":{"rendered":"http:\/\/hortum.com.tr\/product\/import-placeholder-for-497\/"},"modified":"2024-03-21T17:45:41","modified_gmt":"2024-03-21T14:45:41","slug":"trelleborg-push-lock-hose-green","status":"publish","type":"product","link":"https:\/\/tuzlahortum.com.tr\/ar\/product\/trelleborg-push-lock-hose-green\/","title":{"rendered":"\u062e\u0631\u0637\u0648\u0645 \u0636\u063a\u0637 \u0627\u0644\u063a\u0644\u0642 \u062a\u0631\u064a\u0644\u0628\u0648\u0631\u062c \u0623\u062e\u0636\u0631"},"content":{"rendered":"<h2>\u062e\u0631\u0637\u0648\u0645 \u0636\u063a\u0637 \u0627\u0644\u063a\u0644\u0642 \u062a\u0631\u064a\u0644\u0628\u0648\u0631\u062c \u0623\u062e\u0636\u0631<\/h2>\n<p>\u0635\u0646\u0627\u0639\u0627\u062a \u0627\u0644\u0633\u064a\u0627\u0631\u0627\u062a<\/p>\n<p>\u0645\u062b\u0627\u0644\u064a\u0629 \u0644\u062e\u0637\u0648\u0637 \u0627\u0644\u0636\u063a\u0637 \u0627\u0644\u0645\u0646\u062e\u0641\u0636 \u0627\u0644\u0647\u0648\u0627\u0626\u064a\u0629 \u0627\u0644\u0647\u0648\u0627\u0626\u064a\u0629 \u0627\u0644\u0645\u0633\u062a\u062e\u062f\u0645\u0629 \u0641\u064a \u0635\u0646\u0627\u0639\u0627\u062a \u0627\u0644\u0631\u0648\u0628\u0648\u062a\u0627\u062a \u0648\u0627\u0644\u0633\u064a\u0627\u0631\u0627\u062a<\/p>\n<p>\u062a\u0645 \u062a\u0635\u0645\u064a\u0645\u0647 \u0643\u0640<\/p>\n<p>\u064a\u062a\u0645 \u0627\u0633\u062a\u062e\u062f\u0627\u0645\u0647 \u0645\u0639 \u0623\u062c\u0647\u0632\u0629 \u062a\u0648\u0635\u064a\u0644 \u0633\u0647\u0644\u0629 \u0627\u0644\u062a\u0631\u0643\u064a\u0628 \u0628\u0623\u0642\u0635\u0649 \u0636\u063a\u0637 \u0639\u0645\u0644 \u064a\u0628\u0644\u063a 16 \u0628\u0627\u0631\u064b\u0627 (250 \u0631\u0637\u0644 \/ \u0628\u0648\u0635\u0629 \u0645\u0631\u0628\u0639\u0629).<\/p>\n<p>\u063a\u064a\u0631 \u0645\u0646\u0627\u0633\u0628 \u0644\u062a\u0637\u0628\u064a\u0642\u0627\u062a \u0627\u0644\u0636\u063a\u0637 \u0627\u0644\u0645\u062a\u0642\u0637\u0639.<\/p>\n<p>\u0645\u0632\u0627\u064a\u0627<\/p>\n<p>* \u064a\u062a\u0645 \u062a\u0633\u0644\u064a\u0645\u0647\u0627 \u0628\u062d\u062c\u0645 40 \u0648 80 \u0648 100 \u0645 \u0639\u0644\u0649 \u0628\u0643\u0631\u0629 \u062e\u0634\u0628\u064a\u0629.<\/p>\n<p>* \u0645\u0642\u0627\u0648\u0645\u0629 \u062c\u064a\u062f\u0629 \u0644\u0644\u062a\u0622\u0643\u0644.<\/p>\n<p>* \u0625\u0646\u0647 \u0645\u0631\u0646 \u0648\u062e\u0641\u064a\u0641 \u0648\u064a\u0633\u0647\u0644 \u062d\u0645\u0644\u0647.<\/p>\n<p>* \u0644\u0627 \u064a\u062d\u062a\u0648\u064a \u0639\u0644\u0649 \u0645\u0627\u062f\u0629 \u0627\u0644\u0633\u064a\u0644\u064a\u0643\u0648\u0646.<\/p>\n<p>\u0627\u0644\u0648\u0635\u0641 \u0627\u0644\u0641\u0646\u064a<\/p>\n<p>\u0627\u0644\u0623\u0646\u0628\u0648\u0628 \u0627\u0644\u062f\u0627\u062e\u0644\u064a: NBR \/ PVC \u0627\u0644\u0645\u0642\u0627\u0648\u0645 \u0644\u0644\u0632\u064a\u062a \u060c \u0623\u0633\u0648\u062f \u060c \u0639\u0627\u062f\u064a.<\/p>\n<p>\u062a\u0642\u0648\u064a\u0629: \u062c\u062f\u064a\u0644\u0629 \u0646\u0633\u064a\u062c\u064a\u0629 \u0648\u0627\u062d\u062f\u0629.<\/p>\n<p>\u0637\u0644\u0627\u0621: \u0645\u0642\u0627\u0648\u0645\u0629 \u0627\u0644\u062a\u0622\u0643\u0644 \u0648\u0627\u0644\u0632\u064a\u062a \u0648\u0627\u0644\u0634\u064a\u062e\u0648\u062e\u0629 NBR \/ PVC \u060c \u0623\u062e\u0636\u0631 \u060c \u0639\u0627\u062f\u064a.<\/p>\n<p>\u0646\u0637\u0627\u0642 \u062f\u0631\u062c\u0629 \u062d\u0631\u0627\u0631\u0629 :<\/p>\n<p>\u0627\u0644\u0637\u0642\u0633: -20 \u062f\u0631\u062c\u0629 \u0645\u0626\u0648\u064a\u0629 \/ + 110 \u062f\u0631\u062c\u0629 \u0645\u0626\u0648\u064a\u0629 (\u0630\u0631\u0648\u0629 + 125 \u062f\u0631\u062c\u0629 \u0645\u0626\u0648\u064a\u0629).<\/p>\n<p>\u0627\u0644\u0645\u0627\u0621: 0 \u062f\u0631\u062c\u0629 \u0645\u0626\u0648\u064a\u0629 \/ + 100 \u062f\u0631\u062c\u0629 \u0645\u0626\u0648\u064a\u0629 (\u0630\u0631\u0648\u0629 + 110 \u062f\u0631\u062c\u0629 \u0645\u0626\u0648\u064a\u0629).<\/p>\n<p>\u0632\u064a\u0648\u062a \u0647\u064a\u062f\u0631\u0648\u0644\u064a\u0643\u064a\u0629: -20 \u062f\u0631\u062c\u0629 \u0645\u0626\u0648\u064a\u0629 \/ + 70 \u062f\u0631\u062c\u0629 \u0645\u0626\u0648\u064a\u0629 (\u0630\u0631\u0648\u0629 + 90 \u062f\u0631\u062c\u0629 \u0645\u0626\u0648\u064a\u0629).<\/p>\n<p>\u062c\u0644\u0627\u064a\u0643\u0648\u0644 \u0627\u0644\u0645\u0627\u0621: -20 \u062f\u0631\u062c\u0629 \u0645\u0626\u0648\u064a\u0629 \/ + 70 \u062f\u0631\u062c\u0629 \u0645\u0626\u0648\u064a\u0629 (\u0630\u0631\u0648\u0629 + 90 \u062f\u0631\u062c\u0629 \u0645\u0626\u0648\u064a\u0629).<\/p>\n<p>\u0627\u0644\u062e\u0648\u0627\u0635 \u0627\u0644\u0643\u0647\u0631\u0628\u0627\u0626\u064a\u0629: \u0627\u0644\u0623\u0646\u0628\u0648\u0628 \u0627\u0644\u062f\u0627\u062e\u0644\u064a \u063a\u064a\u0631 \u0627\u0644\u0645\u0648\u0635\u0651\u0644 \u060c R&gt; 1012\u03a9 \/ m.<\/p>\n<p>\u0627\u0644\u0646\u0642\u0627\u0628\u0627\u062a \/ \u0627\u0644\u062a\u0631\u0643\u064a\u0628\u0627\u062a<\/p>\n<p>\u064a\u062a\u0645 \u0627\u0633\u062a\u062e\u062f\u0627\u0645\u0647 \u0645\u0639 \u0623\u062c\u0647\u0632\u0629 \u062a\u0648\u0635\u064a\u0644 \u0633\u0647\u0644\u0629 \u0627\u0644\u062a\u0631\u0643\u064a\u0628 \u0628\u0623\u0642\u0635\u0649 \u0636\u063a\u0637 \u0639\u0645\u0644 \u064a\u0628\u0644\u063a 16 \u0628\u0627\u0631\u064b\u0627 (250 \u0631\u0637\u0644 \/ \u0628\u0648\u0635\u0629 \u0645\u0631\u0628\u0639\u0629).<\/p>\n<p>\u0645\u0639\u0644\u0648\u0645\u0627\u062a \u0625\u0636\u0627\u0641\u064a\u0629<\/p>\n<p>\u064a\u062a\u0645 \u062a\u0633\u0644\u064a\u0645\u0647\u0627 \u0628\u062d\u062c\u0645 40 \u0648 80 \u0648 100 \u0645\u062a\u0631 \u0639\u0644\u0649 \u0628\u0643\u0631\u0629 \u062e\u0634\u0628\u064a\u0629. 20 \u0645: \u0637\u0644\u0627\u0621 PE \u0639\u0644\u0649 \u0645\u0646\u0635\u0629 \u0646\u0642\u0627\u0644\u0629<\/p>\n<p>\u062a\u0633\u0644\u064a\u0645\u0647\u0627 \u0641\u064a \u0644\u0641\u0627\u0626\u0641.<\/p>\n<div class=\"video video-fit mb\" style=\"padding-top:56.25%;\"><p><iframe loading=\"lazy\" title=\"\u0627\u0631\u062a\u0628\u0627\u0643 \u0627\u0644\u0642\u064a\u0627\u0633 (\u0628\u0648\u0635\u0629\u060c \u0625\u0635\u0628\u0639\u060c \u0636\u0628\u0627\u0628\u060c \u0645\u0644\u0644\u064a\u0645\u062a\u0631)\" width=\"1020\" height=\"574\" src=\"https:\/\/www.youtube.com\/embed\/uKk6AG_AZls?feature=oembed\" frameborder=\"0\" allow=\"accelerometer; autoplay; clipboard-write; encrypted-media; gyroscope; picture-in-picture; web-share\" referrerpolicy=\"strict-origin-when-cross-origin\" allowfullscreen><\/iframe><\/p>\n<\/div>\n<div class=\"video video-fit mb\" style=\"padding-top:56.25%;\"><p>https:\/\/www.youtube.com\/watch?v=O8ZlzKEjfEQ%20<\/p>\n<\/div>\n<p><img data-recalc-dims=\"1\" loading=\"lazy\" decoding=\"async\" class=\"size-medium wp-image-2556 alignleft\" src=\"https:\/\/i0.wp.com\/hortum.com.tr\/wp-content\/uploads\/2019\/02\/PUSH-LOCK-HOSE-GREEN-800x128.jpg?resize=800%2C128\" alt=\"\" width=\"800\" height=\"128\" title=\"\" srcset=\"https:\/\/i0.wp.com\/tuzlahortum.com.tr\/wp-content\/uploads\/2019\/02\/PUSH-LOCK-HOSE-GREEN.jpg?resize=800%2C128&amp;ssl=1 800w, https:\/\/i0.wp.com\/tuzlahortum.com.tr\/wp-content\/uploads\/2019\/02\/PUSH-LOCK-HOSE-GREEN.jpg?resize=768%2C123&amp;ssl=1 768w, https:\/\/i0.wp.com\/tuzlahortum.com.tr\/wp-content\/uploads\/2019\/02\/PUSH-LOCK-HOSE-GREEN.jpg?resize=600%2C96&amp;ssl=1 600w, https:\/\/i0.wp.com\/tuzlahortum.com.tr\/wp-content\/uploads\/2019\/02\/PUSH-LOCK-HOSE-GREEN.jpg?w=920&amp;ssl=1 920w\" sizes=\"auto, (max-width: 800px) 100vw, 800px\" \/><\/p>","protected":false},"excerpt":{"rendered":"<p>Trelleborg PUSH-LOCK HOSE GREEN Otomotiv End\u00fcstrileri Robotik ve otomotiv end\u00fcstrilerinde kullan\u0131lan hidrolik pn\u00f6matik d\u00fc\u015f\u00fck bas\u0131n\u00e7l\u0131 hatlar i\u00e7in ideal olarak tasarlanm\u0131\u015ft\u0131r. Maksimum 16 bar (250psi) \u00e7al\u0131\u015fma bas\u0131nc\u0131nda kolay tak\u0131l\u0131r ba\u011flant\u0131 donan\u0131mlar\u0131 ile kullan\u0131l\u0131r. Fas\u0131lal\u0131 bas\u0131n\u00e7 uygulamalar\u0131 i\u00e7in uygun de\u011fildir. Avantajlar *Bir ah\u015fap kasnak \u00fczerinde 40, 80 ve 100m olarak teslim edilir. *\u00c7ok iyi a\u015f\u0131nma dayan\u0131m\u0131. *Esnek, [&#8230;]\n","protected":false},"featured_media":2670,"comment_status":"open","ping_status":"closed","template":"","meta":{"jetpack_post_was_ever_published":false},"product_brand":[],"product_cat":[174],"product_tag":[294,297,295,290,296],"class_list":{"0":"post-538","1":"product","2":"type-product","3":"status-publish","4":"has-post-thumbnail","6":"product_cat-araba-ve-otomobil-hortumlari","7":"product_tag-dayanikli","8":"product_tag-dusuk-basinc","9":"product_tag-endustri","10":"product_tag-hortum","11":"product_tag-otomotiv","13":"first","14":"instock","15":"taxable","16":"shipping-taxable","17":"product-type-variable"},"jetpack-related-posts":[],"jetpack_sharing_enabled":true,"jetpack_likes_enabled":true,"_links":{"self":[{"href":"https:\/\/tuzlahortum.com.tr\/ar\/wp-json\/wp\/v2\/product\/538","targetHints":{"allow":["GET"]}}],"collection":[{"href":"https:\/\/tuzlahortum.com.tr\/ar\/wp-json\/wp\/v2\/product"}],"about":[{"href":"https:\/\/tuzlahortum.com.tr\/ar\/wp-json\/wp\/v2\/types\/product"}],"replies":[{"embeddable":true,"href":"https:\/\/tuzlahortum.com.tr\/ar\/wp-json\/wp\/v2\/comments?post=538"}],"wp:featuredmedia":[{"embeddable":true,"href":"https:\/\/tuzlahortum.com.tr\/ar\/wp-json\/wp\/v2\/media\/2670"}],"wp:attachment":[{"href":"https:\/\/tuzlahortum.com.tr\/ar\/wp-json\/wp\/v2\/media?parent=538"}],"wp:term":[{"taxonomy":"product_brand","embeddable":true,"href":"https:\/\/tuzlahortum.com.tr\/ar\/wp-json\/wp\/v2\/product_brand?post=538"},{"taxonomy":"product_cat","embeddable":true,"href":"https:\/\/tuzlahortum.com.tr\/ar\/wp-json\/wp\/v2\/product_cat?post=538"},{"taxonomy":"product_tag","embeddable":true,"href":"https:\/\/tuzlahortum.com.tr\/ar\/wp-json\/wp\/v2\/product_tag?post=538"}],"curies":[{"name":"\u062f\u0628\u0644\u064a\u0648 \u0628\u064a","href":"https:\/\/api.w.org\/{rel}","templated":true}]}}