{"id":529,"date":"2019-02-06T23:45:39","date_gmt":"2019-02-06T20:45:39","guid":{"rendered":"http:\/\/hortum.com.tr\/product\/import-placeholder-for-162\/"},"modified":"2024-03-21T17:45:50","modified_gmt":"2024-03-21T14:45:50","slug":"e-tipi-aluminyum-kamlok","status":"publish","type":"product","link":"https:\/\/tuzlahortum.com.tr\/ar\/product\/e-tipi-aluminyum-kamlok\/","title":{"rendered":"\u0646\u0648\u0639 E Camlock \u0627\u0644\u0623\u0644\u0648\u0645\u0646\u064a\u0648\u0645"},"content":{"rendered":"<h2>\u0646\u0648\u0639 E Camlock \u0627\u0644\u0623\u0644\u0648\u0645\u0646\u064a\u0648\u0645<\/h2>\n<p>https:\/\/www.youtube.com\/watch?v=reOpL0l36s0<\/p>\n<p><iframe loading=\"lazy\" title=\"\u0623\u0646\u0648\u0627\u0639 \u0627\u0644\u0643\u0627\u0645\u0644\u0648\u0643\u060c \u0645\u062c\u0627\u0644\u0627\u062a \u0627\u0644\u0627\u0633\u062a\u062e\u062f\u0627\u0645\u060c \u0642\u0637\u0639 \u0627\u0644\u063a\u064a\u0627\u0631\" width=\"1020\" height=\"574\" src=\"https:\/\/www.youtube.com\/embed\/O8ZlzKEjfEQ?feature=oembed\" frameborder=\"0\" allow=\"accelerometer; autoplay; clipboard-write; encrypted-media; gyroscope; picture-in-picture; web-share\" referrerpolicy=\"strict-origin-when-cross-origin\" allowfullscreen><\/iframe><\/p>\n<p>&nbsp;<\/p>\n<p>&nbsp;<\/p>\n<p>&nbsp;<\/p>\n<p>&nbsp;<\/p>","protected":false},"excerpt":{"rendered":"<p>E Tipi Al\u00fcminyum Kamlok https:\/\/www.youtube.com\/watch?v=reOpL0l36s0 &nbsp; &nbsp; &nbsp; &nbsp;<\/p>","protected":false},"featured_media":8206,"comment_status":"open","ping_status":"closed","template":"","meta":[],"product_brand":[],"product_cat":[102],"product_tag":[251,271,279,280,278,270,269,277,274,276,275],"class_list":{"0":"post-529","1":"product","2":"type-product","3":"status-publish","4":"has-post-thumbnail","6":"product_cat-aluminyum-kamloklar","7":"product_tag-aluminyum","8":"product_tag-baglanti-elemani","9":"product_tag-e-tipi","10":"product_tag-e-tipi-aluminyum","11":"product_tag-hizli-baglanti","12":"product_tag-hortum-baglantisi","13":"product_tag-kamlok","14":"product_tag-kolay-baglanti","15":"product_tag-sok","16":"product_tag-sok-tak","17":"product_tag-tak","19":"first","20":"instock","21":"taxable","22":"shipping-taxable","23":"product-type-variable"},"jetpack-related-posts":[{"id":808,"url":"https:\/\/tuzlahortum.com.tr\/ar\/product\/e-tipi-paslanmaz-kamlok-316\/","url_meta":{"origin":529,"position":0},"title":"E \u0646\u0648\u0639 \u063a\u064a\u0631 \u0627\u0644\u0642\u0627\u0628\u0644 \u0644\u0644\u0635\u062f\u0623 Camlock (316)","author":"admin","date":"6 \u0641\u0628\u0631\u0627\u064a\u0631 2019","format":false,"excerpt":"E Tipi Paslanmaz Kamlok (316)PASLANMAZ KAMLOK (E T\u0130P\u0130) ERKEK VE HORTUMA GE\u00c7ME \u00a0\u015eEKL\u0130 OLUP EKLEME MODEL\u0130 OLARAK \u00a0M\u00dc\u015eTER\u0130M\u0130ZE SUNMAKTAYIZ KULLANIM ALANLARI K\u0130MYEV\u0130 MADDE AS\u0130T , SOLVENT , PETROL VB T\u00dcM K\u0130MYASALLAR \u0130\u00c7\u0130N DEM\u0130R \u00c7EL\u0130K FABR\u0130KALARINDA SICAK ORTAMLAR DA GEM\u0130 SEKT\u00d6R\u00dc DEN\u0130Z SUYU VB B\u0130R \u00c7OK AMACA UYGUN KULLANIM KOLAYLI\u011eI VE\u2026","rel":"","context":"\u062a\u062f\u0648\u064a\u0646\u0629 \u0645\u0634\u0627\u0628\u0647\u0629","block_context":{"text":"\u062a\u062f\u0648\u064a\u0646\u0629 \u0645\u0634\u0627\u0628\u0647\u0629","link":""},"img":{"alt_text":"","src":"https:\/\/i0.wp.com\/tuzlahortum.com.tr\/wp-content\/uploads\/2019\/02\/316E-1.jpg?fit=1200%2C1187&ssl=1&resize=350%2C200","width":350,"height":200,"srcset":"https:\/\/i0.wp.com\/tuzlahortum.com.tr\/wp-content\/uploads\/2019\/02\/316E-1.jpg?fit=1200%2C1187&ssl=1&resize=350%2C200 1x, https:\/\/i0.wp.com\/tuzlahortum.com.tr\/wp-content\/uploads\/2019\/02\/316E-1.jpg?fit=1200%2C1187&ssl=1&resize=525%2C300 1.5x, https:\/\/i0.wp.com\/tuzlahortum.com.tr\/wp-content\/uploads\/2019\/02\/316E-1.jpg?fit=1200%2C1187&ssl=1&resize=700%2C400 2x, https:\/\/i0.wp.com\/tuzlahortum.com.tr\/wp-content\/uploads\/2019\/02\/316E-1.jpg?fit=1200%2C1187&ssl=1&resize=1050%2C600 3x"},"classes":[]},{"id":12686,"url":"https:\/\/tuzlahortum.com.tr\/ar\/product\/e-tipi-paslanmaz-kamlok-304\/","url_meta":{"origin":529,"position":1},"title":"E \u0646\u0648\u0639 \u063a\u064a\u0631 \u0627\u0644\u0642\u0627\u0628\u0644 \u0644\u0644\u0635\u062f\u0623 Camlock (304)","author":"admin","date":"13 \u0633\u0628\u062a\u0645\u0628\u0631 2023","format":false,"excerpt":"E Tipi Paslanmaz Kamlok (304)PASLANMAZ KAMLOK (E T\u0130P\u0130) ERKEK VE HORTUMA GE\u00c7ME \u00a0\u015eEKL\u0130 OLUP EKLEME MODEL\u0130 OLARAK \u00a0M\u00dc\u015eTER\u0130M\u0130ZE SUNMAKTAYIZ KULLANIM ALANLARI K\u0130MYEV\u0130 MADDE AS\u0130T , SOLVENT , PETROL VB T\u00dcM K\u0130MYASALLAR \u0130\u00c7\u0130N DEM\u0130R \u00c7EL\u0130K FABR\u0130KALARINDA SICAK ORTAMLAR DA GEM\u0130 SEKT\u00d6R\u00dc DEN\u0130Z SUYU VB B\u0130R \u00c7OK AMACA UYGUN KULLANIM KOLAYLI\u011eI VE\u2026","rel":"","context":"\u062a\u062f\u0648\u064a\u0646\u0629 \u0645\u0634\u0627\u0628\u0647\u0629","block_context":{"text":"\u062a\u062f\u0648\u064a\u0646\u0629 \u0645\u0634\u0627\u0628\u0647\u0629","link":""},"img":{"alt_text":"","src":"https:\/\/i0.wp.com\/tuzlahortum.com.tr\/wp-content\/uploads\/2019\/02\/316E-1.jpg?fit=1200%2C1187&ssl=1&resize=350%2C200","width":350,"height":200,"srcset":"https:\/\/i0.wp.com\/tuzlahortum.com.tr\/wp-content\/uploads\/2019\/02\/316E-1.jpg?fit=1200%2C1187&ssl=1&resize=350%2C200 1x, https:\/\/i0.wp.com\/tuzlahortum.com.tr\/wp-content\/uploads\/2019\/02\/316E-1.jpg?fit=1200%2C1187&ssl=1&resize=525%2C300 1.5x, https:\/\/i0.wp.com\/tuzlahortum.com.tr\/wp-content\/uploads\/2019\/02\/316E-1.jpg?fit=1200%2C1187&ssl=1&resize=700%2C400 2x, https:\/\/i0.wp.com\/tuzlahortum.com.tr\/wp-content\/uploads\/2019\/02\/316E-1.jpg?fit=1200%2C1187&ssl=1&resize=1050%2C600 3x"},"classes":[]},{"id":870,"url":"https:\/\/tuzlahortum.com.tr\/ar\/product\/e-tipi-yesil-emici-hortum-standart\/","url_meta":{"origin":529,"position":2},"title":"\u062e\u0631\u0637\u0648\u0645 \u0634\u0641\u0637 \u0623\u062e\u0636\u0631 \u0645\u0646 \u0627\u0644\u0646\u0648\u0639 E (\u0642\u064a\u0627\u0633\u064a)","author":"admin","date":"6 \u0641\u0628\u0631\u0627\u064a\u0631 2019","format":false,"excerpt":"E Tipi Ye\u015fil Emici Hortum (STANDART)\u00d6zellikler A\u011f\u0131r hizmet emici ve verici olarak kullan\u0131labilir. Esnek \u015feffaf PVC, y\u00fcksek mukavemetli, k\u0131r\u0131lmaya kar\u015f\u0131 maksimum dayan\u0131kl\u0131 sert PVC takviyesiyle \u00fcretilmektedir. \u0130\u00e7 ve d\u0131\u015f y\u00fczey d\u00fczd\u00fcr. \u00c7al\u0131\u015fma S\u0131cakl\u0131\u011f\u0131 -5\u00b0C ile +60\u00b0C aras\u0131 Kullan\u0131m Alanlar\u0131 Tar\u0131m, sanayi ve in\u015faat sekt\u00f6r\u00fcnde her t\u00fcrl\u00fc a\u011f\u0131r hizmetlerde, pompa emi\u015flerinde,\u2026","rel":"","context":"\u062a\u062f\u0648\u064a\u0646\u0629 \u0645\u0634\u0627\u0628\u0647\u0629","block_context":{"text":"\u062a\u062f\u0648\u064a\u0646\u0629 \u0645\u0634\u0627\u0628\u0647\u0629","link":""},"img":{"alt_text":"","src":"https:\/\/i0.wp.com\/tuzlahortum.com.tr\/wp-content\/uploads\/urunler\/plastik\/33.jpg?fit=487%2C276&ssl=1&resize=350%2C200","width":350,"height":200},"classes":[]},{"id":827,"url":"https:\/\/tuzlahortum.com.tr\/ar\/product\/e-tipi-beyaz-emici-hortum\/","url_meta":{"origin":529,"position":3},"title":"\u062e\u0631\u0637\u0648\u0645 \u0634\u0641\u0637 \u0623\u0628\u064a\u0636 \u0645\u0646 \u0627\u0644\u0646\u0648\u0639 E","author":"admin","date":"6 \u0641\u0628\u0631\u0627\u064a\u0631 2019","format":false,"excerpt":"E Tipi Beyaz Emici Hortum\u00d6zellikler A\u011f\u0131r hizmet emici ve verici olarak kullan\u0131labilir. Esnek \u015feffaf PVC, y\u00fcksek mukavemetli, k\u0131r\u0131lmaya kar\u015f\u0131 maksimum dayan\u0131kl\u0131 sert PVC takviyesiyle \u00fcretilmektedir.\u0130\u00e7 ve d\u0131\u015f y\u00fczey d\u00fczd\u00fcr. \u00c7al\u0131\u015fma S\u0131cakl\u0131\u011f\u0131 -5\u00b0C ile +60\u00b0C aras\u0131 Kullan\u0131m Alanlar\u0131 Tar\u0131m, sanayi ve in\u015faat sekt\u00f6r\u00fcnde her t\u00fcrl\u00fc a\u011f\u0131r hizmetlerde, pompa emi\u015flerinde, likit ve\u2026","rel":"","context":"\u062a\u062f\u0648\u064a\u0646\u0629 \u0645\u0634\u0627\u0628\u0647\u0629","block_context":{"text":"\u062a\u062f\u0648\u064a\u0646\u0629 \u0645\u0634\u0627\u0628\u0647\u0629","link":""},"img":{"alt_text":"","src":"https:\/\/i0.wp.com\/tuzlahortum.com.tr\/wp-content\/uploads\/urunler\/plastik\/43.jpg?fit=500%2C255&ssl=1&resize=350%2C200","width":350,"height":200},"classes":[]},{"id":871,"url":"https:\/\/tuzlahortum.com.tr\/ar\/product\/e-tipi-yesil-emici-hortum-orta-hizmet\/","url_meta":{"origin":529,"position":4},"title":"\u062e\u0631\u0637\u0648\u0645 \u0634\u0641\u0637 \u0623\u062e\u0636\u0631 \u0645\u0646 \u0627\u0644\u0646\u0648\u0639 E (\u0631\u0633\u0648\u0645 \u0645\u062a\u0648\u0633\u0637\u0629)","author":"admin","date":"6 \u0641\u0628\u0631\u0627\u064a\u0631 2019","format":false,"excerpt":"E Tipi Ye\u015fil Emici Hortum (ORTA H\u0130ZMET)\u00d6zellikler Orta\u00a0hizmet emici ve verici olarak kullan\u0131labilir. Esnek \u015feffaf PVC, y\u00fcksek mukavemetli, k\u0131r\u0131lmaya kar\u015f\u0131 maksimum dayan\u0131kl\u0131 sert PVC takviyesiyle \u00fcretilmektedir. \u0130\u00e7 ve d\u0131\u015f y\u00fczeyler d\u00fczd\u00fcr. \u00c7al\u0131\u015fma S\u0131cakl\u0131\u011f\u0131 -5\u00b0C ile +60\u00b0C aras\u0131 Kullan\u0131m Alanlar\u0131 Tar\u0131m, sanayi ve in\u015faat sekt\u00f6r\u00fcnde her t\u00fcrl\u00fc a\u011f\u0131r hizmetlerde, pompa emi\u015flerinde,\u2026","rel":"","context":"\u062a\u062f\u0648\u064a\u0646\u0629 \u0645\u0634\u0627\u0628\u0647\u0629","block_context":{"text":"\u062a\u062f\u0648\u064a\u0646\u0629 \u0645\u0634\u0627\u0628\u0647\u0629","link":""},"img":{"alt_text":"","src":"https:\/\/i0.wp.com\/tuzlahortum.com.tr\/wp-content\/uploads\/urunler\/plastik\/33.jpg?fit=487%2C276&ssl=1&resize=350%2C200","width":350,"height":200},"classes":[]},{"id":8808,"url":"https:\/\/tuzlahortum.com.tr\/ar\/product\/trellflex-chem-10-pg\/","url_meta":{"origin":529,"position":5},"title":"TRELLFLEX CHEM 10 PG","author":"\u0130smail \u00c7elik","date":"26 \u0645\u0627\u0631\u0633 2019","format":false,"excerpt":"TRELLFLEX CHEM 10 PGKompozit hortumlar\/Kimyasal ve korozif \u00fcr\u00fcnler Aromatik i\u00e7eri\u011fi %100'e kadar olan t\u00fcm petrol \u00fcr\u00fcnleri, agresif ve korozif kimyasallar\u0131n ve kimyasal at\u0131klar\u0131n b\u00fcy\u00fck bir k\u0131sm\u0131n\u0131n \u00e7ekilmesi ve tahliyesi. Karayolu ve demiryolu tankerleri ekipman\u0131 veya kimya end\u00fcstrisindeki sabit sistemler. Avantajlar Hortumun esnekli\u011finden (d\u00fc\u015f\u00fck k\u0131vr\u0131lma yar\u0131\u00e7ap\u0131) dolay\u0131 ta\u015f\u0131mas\u0131 kolayd\u0131r. Geni\u015f bir\u2026","rel":"","context":"\u062a\u062f\u0648\u064a\u0646\u0629 \u0645\u0634\u0627\u0628\u0647\u0629","block_context":{"text":"\u062a\u062f\u0648\u064a\u0646\u0629 \u0645\u0634\u0627\u0628\u0647\u0629","link":""},"img":{"alt_text":"","src":"https:\/\/i0.wp.com\/tuzlahortum.com.tr\/wp-content\/uploads\/2019\/03\/trellflex-chem.jpg?fit=669%2C604&ssl=1&resize=350%2C200","width":350,"height":200,"srcset":"https:\/\/i0.wp.com\/tuzlahortum.com.tr\/wp-content\/uploads\/2019\/03\/trellflex-chem.jpg?fit=669%2C604&ssl=1&resize=350%2C200 1x, https:\/\/i0.wp.com\/tuzlahortum.com.tr\/wp-content\/uploads\/2019\/03\/trellflex-chem.jpg?fit=669%2C604&ssl=1&resize=525%2C300 1.5x"},"classes":[]}],"jetpack_sharing_enabled":true,"jetpack_likes_enabled":true,"_links":{"self":[{"href":"https:\/\/tuzlahortum.com.tr\/ar\/wp-json\/wp\/v2\/product\/529","targetHints":{"allow":["GET"]}}],"collection":[{"href":"https:\/\/tuzlahortum.com.tr\/ar\/wp-json\/wp\/v2\/product"}],"about":[{"href":"https:\/\/tuzlahortum.com.tr\/ar\/wp-json\/wp\/v2\/types\/product"}],"replies":[{"embeddable":true,"href":"https:\/\/tuzlahortum.com.tr\/ar\/wp-json\/wp\/v2\/comments?post=529"}],"wp:featuredmedia":[{"embeddable":true,"href":"https:\/\/tuzlahortum.com.tr\/ar\/wp-json\/wp\/v2\/media\/8206"}],"wp:attachment":[{"href":"https:\/\/tuzlahortum.com.tr\/ar\/wp-json\/wp\/v2\/media?parent=529"}],"wp:term":[{"taxonomy":"product_brand","embeddable":true,"href":"https:\/\/tuzlahortum.com.tr\/ar\/wp-json\/wp\/v2\/product_brand?post=529"},{"taxonomy":"product_cat","embeddable":true,"href":"https:\/\/tuzlahortum.com.tr\/ar\/wp-json\/wp\/v2\/product_cat?post=529"},{"taxonomy":"product_tag","embeddable":true,"href":"https:\/\/tuzlahortum.com.tr\/ar\/wp-json\/wp\/v2\/product_tag?post=529"}],"curies":[{"name":"\u062f\u0628\u0644\u064a\u0648 \u0628\u064a","href":"https:\/\/api.w.org\/{rel}","templated":true}]}}