{"id":525,"date":"2019-02-06T23:45:38","date_gmt":"2019-02-06T20:45:38","guid":{"rendered":"http:\/\/hortum.com.tr\/product\/import-placeholder-for-364\/"},"modified":"2024-03-21T17:45:52","modified_gmt":"2024-03-21T14:45:52","slug":"combiafs-heavy","status":"publish","type":"product","link":"https:\/\/tuzlahortum.com.tr\/ar\/product\/combiafs-heavy\/","title":{"rendered":"\u0643\u0648\u0645\u0628\u064a\u0627\u0641\u0633 \u062b\u0642\u064a\u0644"},"content":{"rendered":"<h2>\u0643\u0648\u0645\u0628\u064a\u0627\u0641\u0633 \u062b\u0642\u064a\u0644<\/h2>\n<div>\u0645\u062c\u0627\u0631\u064a \u0647\u0648\u0627\u0621 \u0645\u0631\u0646\u0629 \u0628\u0642\u0648\u0629 \u0639\u0627\u0644\u064a\u0629 \u0648\u062a\u0635\u0645\u064a\u0645 \u0642\u0648\u064a<\/div>\n<div>\n<h4>\u0627\u0644\u0645\u0644\u0627\u0645\u062d \u0627\u0644\u0639\u0627\u0645\u0629<\/h4>\n<div class=\"txt\"><span id=\"ctl00_ContentPlaceHolder1_lblTxt\">\u062a\u0631\u0643\u064a\u0628\u0629 COMBIAFS-HEAVY \u0645\u0646 \u0627\u0644\u0623\u0644\u0648\u0645\u0646\u064a\u0648\u0645 \u0648\u0627\u0644\u0628\u0644\u0627\u0633\u062a\u064a\u0643 PVC \u0639\u0628\u0627\u0631\u0629 \u0639\u0646 \u0645\u062c\u0627\u0631\u064a \u0647\u0648\u0627\u0621 \u0645\u0631\u0646\u0629 \u0630\u0627\u062a \u0642\u0648\u0629 \u0639\u0627\u0644\u064a\u0629 \u0648\u062a\u0635\u0645\u064a\u0645 \u0642\u0648\u064a \u0639\u0628\u0627\u0631\u0629 \u0639\u0646 \u0645\u062c\u0631\u0649 \u0647\u0648\u0627\u0621 \u0645\u0631\u0646 \u0645\u062a\u0639\u062f\u062f \u0627\u0644\u0623\u063a\u0631\u0627\u0636 \u0645\u0635\u0645\u0645 \u062e\u0635\u064a\u0635\u064b\u0627 \u0644\u0644\u062a\u0637\u0628\u064a\u0642\u0627\u062a \u0627\u0644\u062a\u064a \u062a\u062a\u0637\u0644\u0628 \u062a\u0641\u0631\u064a\u063a \u062f\u062e\u0627\u0646 \u0627\u0644\u0644\u062d\u0627\u0645 \u0648\u0627\u0644\u0642\u0648\u0629 \u0627\u0644\u0645\u064a\u0643\u0627\u0646\u064a\u0643\u064a\u0629 \u0627\u0644\u0639\u0627\u0644\u064a\u0629. \u062a\u0639\u062a\u0628\u0631 COMBIAFS-HEAVY \u0645\u0646\u0627\u0633\u0628\u0629 \u0644\u0644\u063a\u0627\u064a\u0629 \u0648\u0641\u0639\u0627\u0644\u0629 \u0644\u0623\u0646\u0638\u0645\u0629 \u0627\u0644\u062a\u062f\u0641\u0626\u0629 \u0648\u0627\u0644\u062a\u0628\u0631\u064a\u062f \u0648\u0627\u0644\u062a\u0647\u0648\u064a\u0629 \u0648\u062a\u0643\u064a\u064a\u0641 \u0627\u0644\u0647\u0648\u0627\u0621. \u064a\u062a\u0645 \u0625\u0646\u062a\u0627\u062c\u0647 \u0645\u0646 \u062e\u0644\u0627\u0644 \u062a\u063a\u0637\u064a\u0629 \u0645\u062c\u0627\u0631\u064a \u0627\u0644\u0647\u0648\u0627\u0621 \u0627\u0644\u0645\u0631\u0646\u0629 \u0627\u0644\u0645\u0635\u0646\u0648\u0639\u0629 \u0645\u0646 \u0627\u0644\u0623\u0644\u0648\u0645\u0646\u064a\u0648\u0645 \u0628\u063a\u0637\u0627\u0621 PVC \u060c \u0648\u0627\u0644\u0630\u064a \u064a\u062a\u0645 \u0625\u0646\u062a\u0627\u062c\u0647 \u0645\u0646 \u062e\u0644\u0627\u0644 \u062a\u0642\u0648\u064a\u0629 \u0645\u0627\u062f\u0629 \u0627\u0644\u0623\u0644\u0648\u0645\u0646\u064a\u0648\u0645 \u0648\u0627\u0644\u0628\u0648\u0644\u064a\u0633\u062a\u0631 \u0627\u0644\u0645\u0635\u0641\u062d\u0629 \u0645\u062a\u0639\u062f\u062f\u0629 \u0627\u0644\u0637\u0628\u0642\u0627\u062a \u0628\u0633\u0644\u0643 \u0641\u0648\u0644\u0627\u0630\u064a \u062d\u0644\u0632\u0648\u0646\u064a \u0639\u0627\u0644\u064a \u0627\u0644\u0634\u062f. \u062a\u0645 \u0625\u063a\u0644\u0627\u0642 \u0645\u062c\u0627\u0631\u064a \u0627\u0644\u0647\u0648\u0627\u0621 \u0627\u0644\u0645\u0631\u0646\u0629 COMBIAFS-HEAVY. \u0644\u0627 \u064a\u0632\u064a\u062f \u0627\u0644\u063a\u0644\u0627\u0641 PVC \u0645\u0646 \u0627\u0644\u0642\u0648\u0629 \u0627\u0644\u0645\u064a\u0643\u0627\u0646\u064a\u0643\u064a\u0629 \u0641\u062d\u0633\u0628 \u060c \u0628\u0644 \u064a\u062a\u0645\u064a\u0632 \u0623\u064a\u0636\u064b\u0627 \u0628\u062e\u0627\u0635\u064a\u0629 \u062d\u0627\u062c\u0632 \u0627\u0644\u0631\u0637\u0648\u0628\u0629. \u0644\u062f\u064a\u0647\u0627 \u0645\u064a\u0632\u0629 \u0645\u0646\u0639 \u0627\u0644\u062a\u0643\u062b\u064a\u0641. \u062a\u062a\u0645\u064a\u0632 COMBIAFS-HEAVY \u0628\u0645\u0631\u0648\u0646\u0629 \u0639\u0627\u0644\u064a\u0629 \u0644\u0644\u063a\u0627\u064a\u0629 \u0648\u0627\u0646\u062d\u0646\u0627\u0621 \u0648\u0627\u0646\u0636\u063a\u0627\u0637. \u0645\u0646 \u0627\u0644\u0633\u0647\u0644 \u062a\u062c\u0645\u064a\u0639\u0647\u0627 \u0641\u064a \u0645\u0641\u0627\u0635\u0644 \u0628\u064a\u0636\u0627\u0648\u064a\u0629 \u060c \u0645\u0633\u062a\u062f\u064a\u0631\u0629 \u0648\u0632\u0627\u0648\u064a\u0629.<\/span> <span id=\"ctl00_ContentPlaceHolder1_lblTxt\">\u0627\u0644\u0623\u0628\u0639\u0627\u062f \u0648\u0627\u0644\u062a\u0641\u0627\u0648\u062a\u0627\u062a \u0648\u062e\u0635\u0627\u0626\u0635 \u0627\u0644\u0642\u0648\u0629 \u0627\u0644\u0645\u064a\u0643\u0627\u0646\u064a\u0643\u064a\u0629 \u0644\u0645\u062c\u0627\u0631\u064a \u0627\u0644\u0647\u0648\u0627\u0621 \u0627\u0644\u0645\u0631\u0646\u0629 COMBIAFS-HEAVY\u00a0<u><strong>EN 13180<\/strong><\/u>\u00a0\u064a\u062a\u0645 \u0627\u062e\u062a\u0628\u0627\u0631\u0647\u0627 \u0648\u062a\u0635\u0646\u064a\u0641\u0647\u0627 \u0648\u0627\u0639\u062a\u0645\u0627\u062f\u0647\u0627 \u0648\u0641\u0642\u064b\u0627 \u0644\u0644\u0645\u0639\u0627\u064a\u064a\u0631.<\/span><\/div>\n<h4>\u0627\u0644\u0645\u064a\u0632\u0627\u062a \u0648\u0627\u0644\u0641\u0648\u0627\u0626\u062f<\/h4>\n<table class=\"table table-hover table-bordered\">\n<tbody>\n<tr>\n<th class=\"urunDetayth\">\u062d\u0627\u0626\u0637<\/th>\n<td>3 \u0637\u0628\u0642\u0627\u062a \u0623\u0644\u0648\u0645\u0646\u064a\u0648\u0645 + \u0637\u0628\u0642\u062a\u064a\u0646 \u0628\u0648\u0644\u064a\u0633\u062a\u0631 1 \u0637\u0628\u0642\u0629 PVC<\/td>\n<\/tr>\n<tr>\n<th class=\"urunDetayth\">\u0633\u0645\u0643 \u0627\u0644\u062d\u0627\u0626\u0637<\/th>\n<td>150 \u0645\u064a\u0643\u0631\u0648\u0646<\/td>\n<\/tr>\n<tr>\n<th class=\"urunDetayth\">\u0645\u0639\u062f\u0644 \u062a\u062f\u0641\u0642 \u0627\u0644\u0647\u0648\u0627\u0621<\/th>\n<td>30 \u0645 \/ \u062b (\u0643\u062d\u062f \u0623\u0642\u0635\u0649)<\/td>\n<\/tr>\n<tr>\n<th class=\"urunDetayth\">\u0627\u0644\u062a\u0639\u0628\u0626\u0629 \u0648\u0627\u0644\u062a\u063a\u0644\u064a\u0641<\/th>\n<td>\u0635\u0646\u062f\u0648\u0642 \u0643\u0631\u062a\u0648\u0646 \u0648\u0627\u062d\u062f<\/td>\n<\/tr>\n<\/tbody>\n<\/table>\n<div class=\"wrp clearfix\">\n<div><\/div>\n<div class=\"tripleContent\">\n<div class=\"video video-fit mb\" style=\"padding-top:56.25%;\"><p><iframe loading=\"lazy\" title=\"\u0627\u0631\u062a\u0628\u0627\u0643 \u0627\u0644\u0642\u064a\u0627\u0633 (\u0628\u0648\u0635\u0629\u060c \u0625\u0635\u0628\u0639\u060c \u0636\u0628\u0627\u0628\u060c \u0645\u0644\u0644\u064a\u0645\u062a\u0631)\" width=\"1020\" height=\"574\" src=\"https:\/\/www.youtube.com\/embed\/uKk6AG_AZls?feature=oembed\" frameborder=\"0\" allow=\"accelerometer; autoplay; clipboard-write; encrypted-media; gyroscope; picture-in-picture; web-share\" referrerpolicy=\"strict-origin-when-cross-origin\" allowfullscreen><\/iframe><\/p>\n<\/div>\n<p>&nbsp;<\/p>\n<p><b>\u0627\u0644\u0628\u0646\u0627\u0621 \u0627\u0644\u0645\u0635\u0641\u062d \u0628\u0627\u0644\u0623\u0644\u0645\u0646\u064a\u0648\u0645<\/b><\/p>\n<div class=\"txt\">\n<ul>\n<li>\u0644\u0627 \u064a\u0645\u0631 \u0628\u0627\u0644\u0623\u0634\u0639\u0629 \u0641\u0648\u0642 \u0627\u0644\u0628\u0646\u0641\u0633\u062c\u064a\u0629<\/li>\n<li>\u0645\u0642\u0627\u0648\u0645\u0629 \u0639\u0627\u0644\u064a\u0629 \u0644\u0644\u0623\u0634\u0639\u0629 \u0641\u0648\u0642 \u0627\u0644\u0628\u0646\u0641\u0633\u062c\u064a\u0629<\/li>\n<li>\u0645\u0642\u0627\u0648\u0645\u0629 \u0643\u064a\u0645\u064a\u0627\u0626\u064a\u0629<\/li>\n<\/ul>\n<\/div>\n<\/div>\n<div class=\"tripleContent\">\n<p><b>\u0647\u064a\u0643\u0644 \u0645\u0631\u0646 \u0648\u0645\u0633\u062a\u0645\u0631<\/b><\/p>\n<div class=\"txt\">\n<ul>\n<li>\u0633\u0647\u0648\u0644\u0629 \u0627\u0644\u062a\u062e\u0632\u064a\u0646<\/li>\n<li>\u0633\u0647\u0648\u0644\u0629 \u0627\u0644\u0646\u0642\u0644<\/li>\n<li>\u0627\u0646\u062e\u0641\u0627\u0636 \u062a\u0643\u0627\u0644\u064a\u0641 \u0627\u0644\u0639\u0645\u0627\u0644\u0629<\/li>\n<li>\u0636\u064a\u0642 \u0627\u0644\u0647\u0648\u0627\u0621<\/li>\n<li>\u0643\u0641\u0627\u0621\u0629 \u0627\u0644\u0637\u0627\u0642\u0629<\/li>\n<li>\u062a\u0643\u0627\u0644\u064a\u0641 \u062a\u0634\u063a\u064a\u0644 \u0648\u0635\u064a\u0627\u0646\u0629 \u0645\u0646\u062e\u0641\u0636\u0629<\/li>\n<\/ul>\n<\/div>\n<\/div>\n<div class=\"tripleContent\">\n<p><b>\u062c\u062f\u0627\u0631 \u062f\u0627\u062e\u0644\u064a \u0646\u0627\u0639\u0645<\/b><\/p>\n<div class=\"txt\">\n<ul>\n<li>\u0641\u0642\u062f\u0627\u0646 \u0627\u0644\u0636\u063a\u0637 \u0627\u0644\u0645\u0646\u062e\u0641\u0636<\/li>\n<li>\u0645\u0635\u0627\u0631\u064a\u0641 \u062a\u0634\u063a\u064a\u0644 \u0645\u0646\u062e\u0641\u0636\u0629<\/li>\n<li>\u0644\u0627 \u0627\u062d\u062a\u0628\u0627\u0633 \u0627\u0644\u062c\u0633\u064a\u0645\u0627\u062a<\/li>\n<\/ul>\n<\/div>\n<\/div>\n<\/div>\n<div class=\"wrp clearfix\">\n<div class=\"tripleContent\">\n<p><b>\u0633\u0644\u0643 \u0641\u0648\u0644\u0627\u0630\u064a \u0639\u0627\u0644\u064a \u0627\u0644\u0634\u062f<\/b><\/p>\n<div class=\"txt\">\n<ul>\n<li>\u0642\u0648\u0629 \u0639\u0627\u0644\u064a\u0629<\/li>\n<li>\u063a\u064a\u0631 \u0645\u0634\u0648\u0647<\/li>\n<li>\u0645\u0648\u0646\u062a\u0627\u062c \u0633\u0647\u0644<\/li>\n<\/ul>\n<\/div>\n<\/div>\n<div class=\"tripleContent\">\n<p><b>\u062c\u0627\u0643\u064a\u062a PVC<\/b><\/p>\n<div class=\"txt\">\n<ul>\n<li>\u0645\u0642\u0627\u0648\u0645\u0629 \u0639\u0627\u0644\u064a\u0629 \u0644\u0644\u062a\u0645\u0632\u0642 \u0648\u0627\u0644\u062a\u0623\u062b\u064a\u0631\u0627\u062a<\/li>\n<li>\u0642\u0648\u0629 \u0645\u064a\u0643\u0627\u0646\u064a\u0643\u064a\u0629 \u062e\u0627\u0635\u0629<\/li>\n<li>\u0645\u0642\u0627\u0648\u0645\u0629 \u0639\u0627\u0644\u064a\u0629 \u0644\u0644\u0623\u0634\u0639\u0629 \u0641\u0648\u0642 \u0627\u0644\u0628\u0646\u0641\u0633\u062c\u064a\u0629<\/li>\n<li>\u0645\u0642\u0627\u0648\u0645\u0629 \u0643\u064a\u0645\u064a\u0627\u0626\u064a\u0629<\/li>\n<\/ul>\n<\/div>\n<\/div>\n<\/div>\n<\/div>","protected":false},"excerpt":{"rendered":"<p>COMBIAFS HEAVY Y\u00fcksek mukavemetli, g\u00fc\u00e7l\u00fc dizayna sahip flexible hava kanallar\u0131 Genel \u00d6zellikler COMBIAFS-HEAVY al\u00fcminyum &amp; PVC kombinasyonlu y\u00fcksek\u00a0mukavemetli g\u00fc\u00e7l\u00fc dizayna sahip flexible hava kanallar\u0131 kaynak duman\u0131 tahliyesi ve y\u00fcksek mekanik mukavemet istenilen uygulamalar i\u00e7in \u00f6zel olarak dizayn edilmi\u015f, \u00e7ok ama\u00e7l\u0131 bir flexible hava kanal\u0131d\u0131r. COMBIAFS-HEAVY \u0131s\u0131tma, so\u011futma, havaland\u0131rma ve iklimlendirme sistemleri i\u00e7in de son derece [&#8230;]\n","protected":false},"featured_media":6957,"comment_status":"open","ping_status":"closed","template":"","meta":{"jetpack_post_was_ever_published":false},"product_brand":[],"product_cat":[134],"product_tag":[265,264,260,261,258,268,266,262,259,267,263],"class_list":{"0":"post-525","1":"product","2":"type-product","3":"status-publish","4":"has-post-thumbnail","6":"product_cat-aluminyum-ve-pvc-hava-kanali","7":"product_tag-bukulme","8":"product_tag-esneme","9":"product_tag-havalandirma-ve-iklimlendirme-sistemleri","10":"product_tag-helezon-celik","11":"product_tag-isitma","12":"product_tag-kimyasal-direnc","13":"product_tag-sikistirilabilme","14":"product_tag-sizdirmaz","15":"product_tag-sogutma","16":"product_tag-tasima-kolayligi","17":"product_tag-yogusmayi-engelleme","19":"first","20":"instock","21":"taxable","22":"shipping-taxable","23":"product-type-variable"},"jetpack-related-posts":[{"id":524,"url":"https:\/\/tuzlahortum.com.tr\/ar\/product\/combiafs\/","url_meta":{"origin":525,"position":0},"title":"\u0643\u0648\u0645\u0628\u064a\u0627\u0641\u0633","author":"admin","date":"6 \u0641\u0628\u0631\u0627\u064a\u0631 2019","format":false,"excerpt":"COMBIAFSAl\u00fcminyum & PVC kombinasyonlu flexible hava kanallar\u0131 Genel \u00d6zellikler COMBIAFS al\u00fcminyum & PVC kombinasyonlu flexible hava kanallar\u0131 kaynak duman\u0131 tahliyesi ve y\u00fcksek mekanik mukavemet istenilen uygulamalar i\u00e7in \u00f6zel olarak dizayn edilmi\u015f, \u00e7ok ama\u00e7l\u0131 bir flexible hava kanal\u0131d\u0131r. COMBIAFS \u0131s\u0131tma, so\u011futma, havaland\u0131rma ve iklimlendirme sistemleri i\u00e7in de son derece uygun ve\u2026","rel":"","context":"\u062a\u062f\u0648\u064a\u0646\u0629 \u0645\u0634\u0627\u0628\u0647\u0629","block_context":{"text":"\u062a\u062f\u0648\u064a\u0646\u0629 \u0645\u0634\u0627\u0628\u0647\u0629","link":""},"img":{"alt_text":"","src":"https:\/\/i0.wp.com\/tuzlahortum.com.tr\/wp-content\/uploads\/2019\/03\/COMBIAFS.png?fit=800%2C800&ssl=1&resize=350%2C200","width":350,"height":200,"srcset":"https:\/\/i0.wp.com\/tuzlahortum.com.tr\/wp-content\/uploads\/2019\/03\/COMBIAFS.png?fit=800%2C800&ssl=1&resize=350%2C200 1x, https:\/\/i0.wp.com\/tuzlahortum.com.tr\/wp-content\/uploads\/2019\/03\/COMBIAFS.png?fit=800%2C800&ssl=1&resize=525%2C300 1.5x, https:\/\/i0.wp.com\/tuzlahortum.com.tr\/wp-content\/uploads\/2019\/03\/COMBIAFS.png?fit=800%2C800&ssl=1&resize=700%2C400 2x"},"classes":[]},{"id":854,"url":"https:\/\/tuzlahortum.com.tr\/ar\/product\/pvcafs-heavy\/","url_meta":{"origin":525,"position":1},"title":"PVCAFS- \u062b\u0642\u064a\u0644","author":"admin","date":"6 \u0641\u0628\u0631\u0627\u064a\u0631 2019","format":false,"excerpt":"PVCAFS-HEAVY\u0130zolesiz, end\u00fcstriyel takviyeli PVC flexible hava kanallar\u0131 Genel \u00d6zellikler PVCAFS-HEAVY izolesiz end\u00fcstriyel takviyeli PVC flexible hava kanallar\u0131, d\u00fc\u015f\u00fck ve orta bas\u0131n\u00e7ta \u00e7al\u0131\u015fan \u0131s\u0131tma, so\u011futma, havaland\u0131rma, iklimlendirme, at\u0131k gaz ve toz aktarma sistemleri i\u00e7in \u00f6zel olarak dizayn edilmi\u015f, \u00e7ok ama\u00e7l\u0131 bir izolesiz (yal\u0131t\u0131ms\u0131z) flexible hava kanal\u0131d\u0131r. A\u015f\u0131r\u0131 titre\u015fimli ve\/veya s\u00fcrekli hareketlilik\u2026","rel":"","context":"\u062a\u062f\u0648\u064a\u0646\u0629 \u0645\u0634\u0627\u0628\u0647\u0629","block_context":{"text":"\u062a\u062f\u0648\u064a\u0646\u0629 \u0645\u0634\u0627\u0628\u0647\u0629","link":""},"img":{"alt_text":"","src":"https:\/\/i0.wp.com\/tuzlahortum.com.tr\/wp-content\/uploads\/2019\/03\/PVC-AFS-Heavy-.jpg?fit=800%2C800&ssl=1&resize=350%2C200","width":350,"height":200,"srcset":"https:\/\/i0.wp.com\/tuzlahortum.com.tr\/wp-content\/uploads\/2019\/03\/PVC-AFS-Heavy-.jpg?fit=800%2C800&ssl=1&resize=350%2C200 1x, https:\/\/i0.wp.com\/tuzlahortum.com.tr\/wp-content\/uploads\/2019\/03\/PVC-AFS-Heavy-.jpg?fit=800%2C800&ssl=1&resize=525%2C300 1.5x, https:\/\/i0.wp.com\/tuzlahortum.com.tr\/wp-content\/uploads\/2019\/03\/PVC-AFS-Heavy-.jpg?fit=800%2C800&ssl=1&resize=700%2C400 2x"},"classes":[]},{"id":583,"url":"https:\/\/tuzlahortum.com.tr\/ar\/product\/isoafs-alu-forte-green\/","url_meta":{"origin":525,"position":2},"title":"ISOAFS-ALU FORTE GREEN","author":"admin","date":"6 \u0641\u0628\u0631\u0627\u064a\u0631 2019","format":false,"excerpt":"ISOAFS-ALU FORTE GREENGreenguard Sertifikal\u0131 Is\u0131 \u0130zoleli Al\u00fcminyum Y\u00fcksek Mukavemetli Flexible Hava Kanallar\u0131 Tipler ISOAFS-ALU.F FORTE GREEN Genel \u00d6zellikler Flexible Kanal Konstr\u00fcksiyonu 3 kat Al\u00fcminyum + 2 kat Polyester Flexible Kanal Nominal Kal\u0131nl\u0131\u011f\u0131 70 mikron Ceket Kontr\u00fcksiyonu 1 kat Al\u00fcminyum + 2 kat Polyester Ceket Nominal Kal\u0131nl\u0131\u011f\u0131 45 mikron \u0130zolasyon -\u2026","rel":"","context":"\u062a\u062f\u0648\u064a\u0646\u0629 \u0645\u0634\u0627\u0628\u0647\u0629","block_context":{"text":"\u062a\u062f\u0648\u064a\u0646\u0629 \u0645\u0634\u0627\u0628\u0647\u0629","link":""},"img":{"alt_text":"","src":"https:\/\/i0.wp.com\/tuzlahortum.com.tr\/wp-content\/uploads\/2019\/03\/ISOAFS-ALU.70-FORTE-GREEN.png?fit=800%2C800&ssl=1&resize=350%2C200","width":350,"height":200,"srcset":"https:\/\/i0.wp.com\/tuzlahortum.com.tr\/wp-content\/uploads\/2019\/03\/ISOAFS-ALU.70-FORTE-GREEN.png?fit=800%2C800&ssl=1&resize=350%2C200 1x, https:\/\/i0.wp.com\/tuzlahortum.com.tr\/wp-content\/uploads\/2019\/03\/ISOAFS-ALU.70-FORTE-GREEN.png?fit=800%2C800&ssl=1&resize=525%2C300 1.5x, https:\/\/i0.wp.com\/tuzlahortum.com.tr\/wp-content\/uploads\/2019\/03\/ISOAFS-ALU.70-FORTE-GREEN.png?fit=800%2C800&ssl=1&resize=700%2C400 2x"},"classes":[]},{"id":8675,"url":"https:\/\/tuzlahortum.com.tr\/ar\/product\/sonoafs-alu-70b\/","url_meta":{"origin":525,"position":3},"title":"SONOAFS-ALU.70B (PE \u062c\u0627\u0643\u064a\u062a)","author":"\u0130smail \u00c7elik","date":"22 \u0645\u0627\u0631\u0633 2019","format":false,"excerpt":"SONOAFS-ALU.70B (PE CEKET) Du\u0308\u015fu\u0308k ve orta bas\u0131n\u00e7ta \u00e7al\u0131\u015fan havaland\u0131rma ve iklimlendirme sistemlerine uygun Is\u0131 ve ses yal\u0131t\u0131ml\u0131 (izoleli) Formaldehit i\u00e7ermeyen cam y\u00fcn\u00fc ile izoleli flexible hava kanal\u0131 Flexible Kanal Konstr\u00fcksiyonu [3 kat Al\u00fcminyum + 2 kat Polyester] (Perfore) \/ Bariyer Flexible Kanal Nominal Kal\u0131nl\u0131\u011f\u0131 70 mikron Ceket Kontr\u00fcksiyonu 1 kat\u2026","rel":"","context":"\u062a\u062f\u0648\u064a\u0646\u0629 \u0645\u0634\u0627\u0628\u0647\u0629","block_context":{"text":"\u062a\u062f\u0648\u064a\u0646\u0629 \u0645\u0634\u0627\u0628\u0647\u0629","link":""},"img":{"alt_text":"","src":"https:\/\/i0.wp.com\/tuzlahortum.com.tr\/wp-content\/uploads\/2019\/03\/SONOAFS-ALU.70B-PE-CEKET.png?fit=800%2C800&ssl=1&resize=350%2C200","width":350,"height":200,"srcset":"https:\/\/i0.wp.com\/tuzlahortum.com.tr\/wp-content\/uploads\/2019\/03\/SONOAFS-ALU.70B-PE-CEKET.png?fit=800%2C800&ssl=1&resize=350%2C200 1x, https:\/\/i0.wp.com\/tuzlahortum.com.tr\/wp-content\/uploads\/2019\/03\/SONOAFS-ALU.70B-PE-CEKET.png?fit=800%2C800&ssl=1&resize=525%2C300 1.5x, https:\/\/i0.wp.com\/tuzlahortum.com.tr\/wp-content\/uploads\/2019\/03\/SONOAFS-ALU.70B-PE-CEKET.png?fit=800%2C800&ssl=1&resize=700%2C400 2x"},"classes":[]},{"id":590,"url":"https:\/\/tuzlahortum.com.tr\/ar\/product\/isoafs-alu-green\/","url_meta":{"origin":525,"position":4},"title":"ISOAFS-ALU GREEN","author":"admin","date":"6 \u0641\u0628\u0631\u0627\u064a\u0631 2019","format":false,"excerpt":"ISOAFS-ALU GREENGreenguard Sertifikal\u0131 Is\u0131 \u0130zoleli Al\u00fcminyum Flexible Hava Kanallar\u0131 Tipler ISOAFS-ALU.70 GREEN ISOAFS-ALU F GREEN Genel \u00d6zellikler Flexible Kanal Konstr\u00fcksiyonu 3 kat Al\u00fcminyum + 1 kat Polyester Flexible Kanal Nominal Kal\u0131nl\u0131\u011f\u0131 74 mikron Ceket Kontr\u00fcksiyonu 1 kat Al\u00fcminyum + 2 kat Polyester Ceket Nominal Kal\u0131nl\u0131\u011f\u0131 45 mikron \u0130zolasyon - Kal\u0131nl\u0131k\u2026","rel":"","context":"\u062a\u062f\u0648\u064a\u0646\u0629 \u0645\u0634\u0627\u0628\u0647\u0629","block_context":{"text":"\u062a\u062f\u0648\u064a\u0646\u0629 \u0645\u0634\u0627\u0628\u0647\u0629","link":""},"img":{"alt_text":"","src":"https:\/\/i0.wp.com\/tuzlahortum.com.tr\/wp-content\/uploads\/2019\/03\/ISOAFS-ALU.70-GREEN.png?fit=800%2C800&ssl=1&resize=350%2C200","width":350,"height":200,"srcset":"https:\/\/i0.wp.com\/tuzlahortum.com.tr\/wp-content\/uploads\/2019\/03\/ISOAFS-ALU.70-GREEN.png?fit=800%2C800&ssl=1&resize=350%2C200 1x, https:\/\/i0.wp.com\/tuzlahortum.com.tr\/wp-content\/uploads\/2019\/03\/ISOAFS-ALU.70-GREEN.png?fit=800%2C800&ssl=1&resize=525%2C300 1.5x, https:\/\/i0.wp.com\/tuzlahortum.com.tr\/wp-content\/uploads\/2019\/03\/ISOAFS-ALU.70-GREEN.png?fit=800%2C800&ssl=1&resize=700%2C400 2x"},"classes":[]},{"id":585,"url":"https:\/\/tuzlahortum.com.tr\/ar\/product\/sonoafs-alu-green\/","url_meta":{"origin":525,"position":5},"title":"\u0635\u0648\u0646\u0627\u0641\u0633 \u0623\u0644\u0648 \u062c\u0631\u064a\u0646","author":"admin","date":"6 \u0641\u0628\u0631\u0627\u064a\u0631 2019","format":false,"excerpt":"SONOAFS-ALU GREENGreenguard Sertifikal\u0131 Is\u0131 ve Ses \u0130zoleli Al\u00fcminyum Flexible Hava Kanallar\u0131 Flexible Kanal Konstr\u00fcksiyonu [3 kat Al\u00fcminyum + 2 kat Polyester] (Perfore) \/ Bariyer Flexible Kanal Nominal Kal\u0131nl\u0131\u011f\u0131 70 mikron Ceket Kontr\u00fcksiyonu 1 kat Al\u00fcminyum + 2 kat Polyester Ceket Nominal Kal\u0131nl\u0131\u011f\u0131 45 mikron \u0130zolasyon - Kal\u0131nl\u0131k - Yo\u011funluk Cam\u2026","rel":"","context":"\u062a\u062f\u0648\u064a\u0646\u0629 \u0645\u0634\u0627\u0628\u0647\u0629","block_context":{"text":"\u062a\u062f\u0648\u064a\u0646\u0629 \u0645\u0634\u0627\u0628\u0647\u0629","link":""},"img":{"alt_text":"","src":"https:\/\/i0.wp.com\/tuzlahortum.com.tr\/wp-content\/uploads\/2019\/03\/SONOAFS-ALU.70B-GREEN.png?fit=800%2C800&ssl=1&resize=350%2C200","width":350,"height":200,"srcset":"https:\/\/i0.wp.com\/tuzlahortum.com.tr\/wp-content\/uploads\/2019\/03\/SONOAFS-ALU.70B-GREEN.png?fit=800%2C800&ssl=1&resize=350%2C200 1x, https:\/\/i0.wp.com\/tuzlahortum.com.tr\/wp-content\/uploads\/2019\/03\/SONOAFS-ALU.70B-GREEN.png?fit=800%2C800&ssl=1&resize=525%2C300 1.5x, https:\/\/i0.wp.com\/tuzlahortum.com.tr\/wp-content\/uploads\/2019\/03\/SONOAFS-ALU.70B-GREEN.png?fit=800%2C800&ssl=1&resize=700%2C400 2x"},"classes":[]}],"jetpack_sharing_enabled":true,"jetpack_likes_enabled":true,"_links":{"self":[{"href":"https:\/\/tuzlahortum.com.tr\/ar\/wp-json\/wp\/v2\/product\/525","targetHints":{"allow":["GET"]}}],"collection":[{"href":"https:\/\/tuzlahortum.com.tr\/ar\/wp-json\/wp\/v2\/product"}],"about":[{"href":"https:\/\/tuzlahortum.com.tr\/ar\/wp-json\/wp\/v2\/types\/product"}],"replies":[{"embeddable":true,"href":"https:\/\/tuzlahortum.com.tr\/ar\/wp-json\/wp\/v2\/comments?post=525"}],"wp:featuredmedia":[{"embeddable":true,"href":"https:\/\/tuzlahortum.com.tr\/ar\/wp-json\/wp\/v2\/media\/6957"}],"wp:attachment":[{"href":"https:\/\/tuzlahortum.com.tr\/ar\/wp-json\/wp\/v2\/media?parent=525"}],"wp:term":[{"taxonomy":"product_brand","embeddable":true,"href":"https:\/\/tuzlahortum.com.tr\/ar\/wp-json\/wp\/v2\/product_brand?post=525"},{"taxonomy":"product_cat","embeddable":true,"href":"https:\/\/tuzlahortum.com.tr\/ar\/wp-json\/wp\/v2\/product_cat?post=525"},{"taxonomy":"product_tag","embeddable":true,"href":"https:\/\/tuzlahortum.com.tr\/ar\/wp-json\/wp\/v2\/product_tag?post=525"}],"curies":[{"name":"\u062f\u0628\u0644\u064a\u0648 \u0628\u064a","href":"https:\/\/api.w.org\/{rel}","templated":true}]}}