{"id":519,"date":"2019-02-06T23:45:37","date_gmt":"2019-02-06T20:45:37","guid":{"rendered":"http:\/\/hortum.com.tr\/product\/import-placeholder-for-311\/"},"modified":"2024-03-21T17:45:58","modified_gmt":"2024-03-21T14:45:58","slug":"superflex","status":"publish","type":"product","link":"https:\/\/tuzlahortum.com.tr\/ar\/product\/superflex\/","title":{"rendered":"\u0633\u0648\u0628\u0631 \u0641\u0644\u064a\u0643\u0633"},"content":{"rendered":"<h2>\u0633\u0648\u0628\u0631 \u0641\u0644\u064a\u0643\u0633<\/h2>\n<div class=\"span5\">\n<p><strong> +4 \u062f\u0631\u062c\u0629 \u0645\u0626\u0648\u064a\u0629 \/ +60 \u062f\u0631\u062c\u0629 \u0645\u0626\u0648\u064a\u0629<\/strong> <img data-recalc-dims=\"1\" decoding=\"async\" src=\"https:\/\/i0.wp.com\/www.burcugroup.com\/images\/termo.png?w=1020\" alt=\"\" title=\"\"><\/p>\n<table class=\"table table-striped\">\n<tbody>\n<tr>\n<td>\u0627\u0644\u0645\u0648\u0627\u062f: <strong>\u0645\u0637\u0627\u0637 \u0627\u0644\u0646\u062a\u0631\u064a\u0644 PVC<\/strong><\/td>\n<\/tr>\n<tr>\n<td>\u0646\u0648\u0639 \u0627\u0644\u0623\u0633\u0644\u0627\u0643: <strong>\u0623\u0633\u0644\u0627\u0643 \u0627\u0644\u0641\u0648\u0644\u0627\u0630<\/strong><\/td>\n<\/tr>\n<tr>\n<td>\u0644\u0648\u0646: <strong>\u0631\u0645\u0627\u062f\u064a<\/strong><\/td>\n<\/tr>\n<tr>\n<td>\u0633\u0645\u0643 \u0627\u0644\u0644\u062d\u0645: <strong>0.60 \u0645\u0645<\/strong><\/td>\n<\/tr>\n<tr>\n<td>\u0645\u062c\u0645\u0648\u0639\u0629 \u0627\u0644\u0623\u0633\u0644\u0627\u0643: <strong>15 \u0645\u0645 - 32 \u0645\u0645<\/strong><\/td>\n<\/tr>\n<\/tbody>\n<\/table>\n<div class=\"video video-fit mb\" style=\"padding-top:56.25%;\"><p><iframe loading=\"lazy\" title=\"\u0627\u0631\u062a\u0628\u0627\u0643 \u0627\u0644\u0642\u064a\u0627\u0633 (\u0628\u0648\u0635\u0629\u060c \u0625\u0635\u0628\u0639\u060c \u0636\u0628\u0627\u0628\u060c \u0645\u0644\u0644\u064a\u0645\u062a\u0631)\" width=\"1020\" height=\"574\" src=\"https:\/\/www.youtube.com\/embed\/uKk6AG_AZls?feature=oembed\" frameborder=\"0\" allow=\"accelerometer; autoplay; clipboard-write; encrypted-media; gyroscope; picture-in-picture\" allowfullscreen><\/iframe><\/p>\n<\/div>\n<p><strong>\u0644\u0645\u0627\u0630\u0627 \u0633\u0648\u0628\u0631 \u0641\u0644\u064a\u0643\u0633\u061f<\/strong><br \/>\n&gt; \u0646\u0627\u0639\u0645\u0629 \u0645\u0646 \u0627\u0644\u062f\u0627\u062e\u0644<br \/>\n&gt; \u0642\u0648\u064a\u0629 \u0648\u0645\u0631\u0646\u0629 \u0648\u0645\u0642\u0627\u0648\u0645\u0629<br \/>\n&gt; \u0645\u062a\u062d\u0631\u0643 \u062c\u062f\u0627<br \/>\n&gt; \u062a\u0643\u0644\u0641\u0629 \u0645\u0646\u062e\u0641\u0636\u0629<br \/>\n&gt; \u0645\u0633\u0627\u062d\u0629 \u0648\u0627\u0633\u0639\u0629<\/p>\n<p><strong>\u0645\u0646\u0637\u0642\u0629 \u0627\u0644\u0627\u0633\u062a\u062e\u062f\u0627\u0645<\/strong><\/p>\n<ul class=\"links\">\n<li>\u0641\u064a \u0627\u0644\u0645\u0646\u0633\u0648\u062c\u0627\u062a \u060c \u0648\u0627\u0644\u062e\u0634\u0628 \u060c \u0648\u0623\u0639\u0645\u0627\u0644 \u0627\u0644\u0645\u0641\u0631\u0648\u0634\u0627\u062a<\/li>\n<li>\u0641\u064a \u0627\u0644\u0647\u0648\u0627\u0621 \u0627\u0644\u0633\u0627\u062e\u0646 \u0627\u0644\u0634\u0641\u0637 \u0648\u0627\u0644\u062a\u0641\u0631\u064a\u063a<\/li>\n<li>\u0641\u064a \u0623\u0646\u0638\u0645\u0629 \u062c\u0645\u0639 \u0627\u0644\u063a\u0628\u0627\u0631 \u0648\u0627\u0644\u062a\u0647\u0648\u064a\u0629<\/li>\n<li>\u0641\u064a \u0627\u0644\u0647\u0648\u0627\u0621 \u060c \u0648\u0627\u0644\u062f\u062e\u0627\u0646 \u060c \u0648\u0627\u0644\u063a\u0628\u0627\u0631 \u060c \u0648\u0627\u0644\u063a\u0627\u0632 \u060c \u0648\u0627\u0644\u0623\u0644\u064a\u0627\u0641 \u060c \u0648\u0627\u0633\u062a\u062e\u0631\u0627\u062c \u0631\u0642\u0627\u0642\u0629<\/li>\n<\/ul>\n<\/div>","protected":false},"excerpt":{"rendered":"<p>S\u00dcPERFLEX +4 C \/ +60 C MATERYAL: N\u0130TR\u0130L KAU\u00c7UKLU P.V.C TEL C\u0130NS\u0130: \u00c7EL\u0130K TEL RENK: GR\u0130 ET KALINLI\u011eI: 0,60 MM TEL ARALI\u011eI: 15 MM \u2013 32 MM NEDEN SUPERFLEX ? &gt; YUMU\u015eAK \u0130\u00c7 Y\u00dcZEY &gt;KUVVETL\u0130 , ESNEK, D\u0130REN\u00c7L\u0130 &gt; \u00c7OK HARAKETL\u0130 &gt; D\u00dc\u015e\u00dcK MAL\u0130YET &gt; GEN\u0130\u015e HATVE KULLANIM ALANI TEKST\u0130L, A\u011eA\u00c7, MOB\u0130LYA \u0130\u015eLER\u0130NDE SICAK HAVA [&#8230;]\n","protected":false},"featured_media":5880,"comment_status":"open","ping_status":"closed","template":"","meta":[],"product_brand":[],"product_cat":[142,144,148],"product_tag":[229,224,223,225,222,230,221,219,227,226,228,220],"class_list":{"0":"post-519","1":"product","2":"type-product","3":"status-publish","4":"has-post-thumbnail","6":"product_cat-agac-isleri-hortumlari","7":"product_cat-havalandirma-ve-kaynak-hortumlari","8":"product_cat-pvc-ozellikli-flex-hortumlar","9":"product_tag-celik-tel","10":"product_tag-cok-hareketli","11":"product_tag-direncli","12":"product_tag-dusuk-maliyet","13":"product_tag-esnek","14":"product_tag-gri","15":"product_tag-kuvvetli","16":"product_tag-nitril-kaucuklu","17":"product_tag-sicak-hava-emis-ve-tahliyesinde","18":"product_tag-tekstil-agac-mobilya-islerinde","19":"product_tag-toz-toplama-ve-havalandirma-sistemlerinde","20":"product_tag-yumusak-ic-yuzey","22":"first","23":"instock","24":"taxable","25":"shipping-taxable","26":"product-type-variable"},"jetpack-related-posts":[{"id":21309,"url":"https:\/\/tuzlahortum.com.tr\/ar\/product\/mars\/","url_meta":{"origin":519,"position":0},"title":"\u0645\u0627\u0631\u0633","author":"admin","date":"11 \u0623\u063a\u0633\u0637\u0633 2025","format":false,"excerpt":"\u00a0 \u00dcr\u00fcn Ad\u0131: MARS \u00dcr\u00fcn Kodu: ADS240 Hava ve Toz Emme Kullanim Alan\u0131 : Hava, toz, tah\u0131l, toz madde vb. emi\u015f ve transferi i\u00e7in. Alt Katman : Do\u011fal ve Sentetik Kau\u00e7uk. Takviye Katman\u0131 : Sentetik Tekstil ve \u00c7elik Tel Spiral \u00dcst Katman : A\u015f\u0131nma, Ozon, Is\u0131 ve Hava Ko\u015fullar\u0131na Dayan\u0131kl\u0131\u2026","rel":"","context":"\u062a\u062f\u0648\u064a\u0646\u0629 \u0645\u0634\u0627\u0628\u0647\u0629","block_context":{"text":"\u062a\u062f\u0648\u064a\u0646\u0629 \u0645\u0634\u0627\u0628\u0647\u0629","link":""},"img":{"alt_text":"","src":"https:\/\/i0.wp.com\/tuzlahortum.com.tr\/wp-content\/uploads\/2025\/08\/mars-p.png?fit=539%2C539&ssl=1&resize=350%2C200","width":350,"height":200,"srcset":"https:\/\/i0.wp.com\/tuzlahortum.com.tr\/wp-content\/uploads\/2025\/08\/mars-p.png?fit=539%2C539&ssl=1&resize=350%2C200 1x, https:\/\/i0.wp.com\/tuzlahortum.com.tr\/wp-content\/uploads\/2025\/08\/mars-p.png?fit=539%2C539&ssl=1&resize=525%2C300 1.5x"},"classes":[]},{"id":653,"url":"https:\/\/tuzlahortum.com.tr\/ar\/product\/toz-ve-hava-emis-hortumlari\/","url_meta":{"origin":519,"position":1},"title":"\u062e\u0631\u0627\u0637\u064a\u0645 \u0634\u0641\u0637 \u0627\u0644\u063a\u0628\u0627\u0631 \u0648\u0627\u0644\u0647\u0648\u0627\u0621","author":"admin","date":"6 \u0641\u0628\u0631\u0627\u064a\u0631 2019","format":false,"excerpt":"Toz ve Hava Emi\u015f Hortumlar\u0131KULLANIM ALANLARI : Tar\u0131mda, madenlerde ve fabrikalarda toz ve kirlenmi\u015f hava emme i\u015flerinde kullan\u0131lan emici hortumdur KONTR\u00dcKS\u0130YON Alt : SBR\/NR, siyah, antistatik ve a\u015f\u0131nmaya dayan\u0131kl\u0131 Takviye : Kord bezi, katlararas\u0131nda \u00e7elik spiral tel \u00dcst : SBR\/NR, siyah, s\u00fcrt\u00fcnmeye ve her t\u00fcrl\u00fc iklim \u015fartlar\u0131na dayan\u0131kl\u0131","rel":"","context":"\u062a\u062f\u0648\u064a\u0646\u0629 \u0645\u0634\u0627\u0628\u0647\u0629","block_context":{"text":"\u062a\u062f\u0648\u064a\u0646\u0629 \u0645\u0634\u0627\u0628\u0647\u0629","link":""},"img":{"alt_text":"","src":"https:\/\/i0.wp.com\/tuzlahortum.com.tr\/wp-content\/uploads\/urunler\/kaucuk\/superlas-supurge-hortumu.jpg?fit=360%2C270&ssl=1&resize=350%2C200","width":350,"height":200},"classes":[]},{"id":857,"url":"https:\/\/tuzlahortum.com.tr\/ar\/product\/seffaf-burflex-flexible-hortum\/","url_meta":{"origin":519,"position":2},"title":"\u0627\u0644\u062e\u0631\u0637\u0648\u0645 \u0627\u0644\u0645\u0631\u0646 \u0627\u0644\u0634\u0641\u0627\u0641 Burflex","author":"admin","date":"6 \u0641\u0628\u0631\u0627\u064a\u0631 2019","format":false,"excerpt":"\u015eeffaf Burflex Flexible Hortum MATERYAL: P.V.C TEL C\u0130NS\u0130: P.V.C KAPLI \u00c7EL\u0130K TEL RENK: \u015eEFFAF ET KALINLI\u011eI: 0,60 MM NEDEN P.V.C \u015eEFFAF FLEX ? > \u015eEFFAF PVC \u0130\u00c7 Y\u00dcZEY > SERT > \u015eOKA DAYANIKLI > D\u00dc\u015e\u00dcK MAL\u0130YET KULLANIM ALANI AZ HARAKETL\u0130 ORTAMLAR \u0130\u00c7\u0130N MARANGOZ VE TEKST\u0130L MAK\u0130NELER\u0130NDE TOZ EMME S\u0130STEMLER\u0130NDE TARIM\u2026","rel":"","context":"\u062a\u062f\u0648\u064a\u0646\u0629 \u0645\u0634\u0627\u0628\u0647\u0629","block_context":{"text":"\u062a\u062f\u0648\u064a\u0646\u0629 \u0645\u0634\u0627\u0628\u0647\u0629","link":""},"img":{"alt_text":"","src":"https:\/\/i0.wp.com\/tuzlahortum.com.tr\/wp-content\/uploads\/2019\/03\/%C5%9Eeffaf-Burflex-Flexible-Hortum2.jpg?fit=501%2C501&ssl=1&resize=350%2C200","width":350,"height":200},"classes":[]},{"id":848,"url":"https:\/\/tuzlahortum.com.tr\/ar\/product\/pvcafs\/","url_meta":{"origin":519,"position":3},"title":"PVCAFS","author":"admin","date":"6 \u0641\u0628\u0631\u0627\u064a\u0631 2019","format":false,"excerpt":"PVCAFS\u0130zolesiz, takviyeli PVC flexible hava kanallar\u0131 Genel \u00d6zellikler PVCAFS izolesiz takviyeli PVC flexible hava kanallar\u0131, d\u00fc\u015f\u00fck ve orta bas\u0131n\u00e7ta \u00e7al\u0131\u015fan \u0131s\u0131tma, so\u011futma, havaland\u0131rma, iklimlendirme, at\u0131k gaz ve toz aktarma sistemleri i\u00e7in \u00f6zel olarak dizayn edilmi\u015f, \u00e7ok ama\u00e7l\u0131 bir izolesiz (yal\u0131t\u0131ms\u0131z) flexible hava kanal\u0131d\u0131r. A\u015f\u0131r\u0131 titre\u015fimli ve\/veya s\u00fcrekli hareketlilik gerektiren sistemlerde\u2026","rel":"","context":"\u062a\u062f\u0648\u064a\u0646\u0629 \u0645\u0634\u0627\u0628\u0647\u0629","block_context":{"text":"\u062a\u062f\u0648\u064a\u0646\u0629 \u0645\u0634\u0627\u0628\u0647\u0629","link":""},"img":{"alt_text":"","src":"https:\/\/i0.wp.com\/tuzlahortum.com.tr\/wp-content\/uploads\/2019\/03\/PVCAFS.png?fit=800%2C800&ssl=1&resize=350%2C200","width":350,"height":200,"srcset":"https:\/\/i0.wp.com\/tuzlahortum.com.tr\/wp-content\/uploads\/2019\/03\/PVCAFS.png?fit=800%2C800&ssl=1&resize=350%2C200 1x, https:\/\/i0.wp.com\/tuzlahortum.com.tr\/wp-content\/uploads\/2019\/03\/PVCAFS.png?fit=800%2C800&ssl=1&resize=525%2C300 1.5x, https:\/\/i0.wp.com\/tuzlahortum.com.tr\/wp-content\/uploads\/2019\/03\/PVCAFS.png?fit=800%2C800&ssl=1&resize=700%2C400 2x"},"classes":[]},{"id":854,"url":"https:\/\/tuzlahortum.com.tr\/ar\/product\/pvcafs-heavy\/","url_meta":{"origin":519,"position":4},"title":"PVCAFS- \u062b\u0642\u064a\u0644","author":"admin","date":"6 \u0641\u0628\u0631\u0627\u064a\u0631 2019","format":false,"excerpt":"PVCAFS-HEAVY\u0130zolesiz, end\u00fcstriyel takviyeli PVC flexible hava kanallar\u0131 Genel \u00d6zellikler PVCAFS-HEAVY izolesiz end\u00fcstriyel takviyeli PVC flexible hava kanallar\u0131, d\u00fc\u015f\u00fck ve orta bas\u0131n\u00e7ta \u00e7al\u0131\u015fan \u0131s\u0131tma, so\u011futma, havaland\u0131rma, iklimlendirme, at\u0131k gaz ve toz aktarma sistemleri i\u00e7in \u00f6zel olarak dizayn edilmi\u015f, \u00e7ok ama\u00e7l\u0131 bir izolesiz (yal\u0131t\u0131ms\u0131z) flexible hava kanal\u0131d\u0131r. A\u015f\u0131r\u0131 titre\u015fimli ve\/veya s\u00fcrekli hareketlilik\u2026","rel":"","context":"\u062a\u062f\u0648\u064a\u0646\u0629 \u0645\u0634\u0627\u0628\u0647\u0629","block_context":{"text":"\u062a\u062f\u0648\u064a\u0646\u0629 \u0645\u0634\u0627\u0628\u0647\u0629","link":""},"img":{"alt_text":"","src":"https:\/\/i0.wp.com\/tuzlahortum.com.tr\/wp-content\/uploads\/2019\/03\/PVC-AFS-Heavy-.jpg?fit=800%2C800&ssl=1&resize=350%2C200","width":350,"height":200,"srcset":"https:\/\/i0.wp.com\/tuzlahortum.com.tr\/wp-content\/uploads\/2019\/03\/PVC-AFS-Heavy-.jpg?fit=800%2C800&ssl=1&resize=350%2C200 1x, https:\/\/i0.wp.com\/tuzlahortum.com.tr\/wp-content\/uploads\/2019\/03\/PVC-AFS-Heavy-.jpg?fit=800%2C800&ssl=1&resize=525%2C300 1.5x, https:\/\/i0.wp.com\/tuzlahortum.com.tr\/wp-content\/uploads\/2019\/03\/PVC-AFS-Heavy-.jpg?fit=800%2C800&ssl=1&resize=700%2C400 2x"},"classes":[]},{"id":846,"url":"https:\/\/tuzlahortum.com.tr\/ar\/product\/polyafs\/","url_meta":{"origin":519,"position":5},"title":"\u0628\u0648\u0644\u064a\u0627\u0641","author":"admin","date":"6 \u0641\u0628\u0631\u0627\u064a\u0631 2019","format":false,"excerpt":"POLYAFS\u0130zolesiz polyester flexible flexible hava kanallar\u0131 Genel \u00d6zellikler Flexible Kanal Konstr\u00fcksiyonu 2 kat Polyester Flexible Kanal Nominal Kal\u0131nl\u0131\u011f\u0131 30 mikron \u00c7ap Aral\u0131\u011f\u0131 82 mm - 800 mm \u00c7al\u0131\u015fma S\u0131cakl\u0131\u011f\u0131 Aral\u0131\u011f\u0131 -30 \u00b0C \/ +120 \u00b0C Hava Ak\u0131\u015f H\u0131z\u0131 30 m\/s (maksimum) \u00c7al\u0131\u015fma Bas\u0131nc\u0131 3000 Pa (maksimum) Standart Uzunluk 7.6 m\u2026","rel":"","context":"\u062a\u062f\u0648\u064a\u0646\u0629 \u0645\u0634\u0627\u0628\u0647\u0629","block_context":{"text":"\u062a\u062f\u0648\u064a\u0646\u0629 \u0645\u0634\u0627\u0628\u0647\u0629","link":""},"img":{"alt_text":"","src":"https:\/\/i0.wp.com\/tuzlahortum.com.tr\/wp-content\/uploads\/2019\/03\/POLYAFS.png?fit=800%2C800&ssl=1&resize=350%2C200","width":350,"height":200,"srcset":"https:\/\/i0.wp.com\/tuzlahortum.com.tr\/wp-content\/uploads\/2019\/03\/POLYAFS.png?fit=800%2C800&ssl=1&resize=350%2C200 1x, https:\/\/i0.wp.com\/tuzlahortum.com.tr\/wp-content\/uploads\/2019\/03\/POLYAFS.png?fit=800%2C800&ssl=1&resize=525%2C300 1.5x, https:\/\/i0.wp.com\/tuzlahortum.com.tr\/wp-content\/uploads\/2019\/03\/POLYAFS.png?fit=800%2C800&ssl=1&resize=700%2C400 2x"},"classes":[]}],"jetpack_sharing_enabled":true,"jetpack_likes_enabled":true,"_links":{"self":[{"href":"https:\/\/tuzlahortum.com.tr\/ar\/wp-json\/wp\/v2\/product\/519","targetHints":{"allow":["GET"]}}],"collection":[{"href":"https:\/\/tuzlahortum.com.tr\/ar\/wp-json\/wp\/v2\/product"}],"about":[{"href":"https:\/\/tuzlahortum.com.tr\/ar\/wp-json\/wp\/v2\/types\/product"}],"replies":[{"embeddable":true,"href":"https:\/\/tuzlahortum.com.tr\/ar\/wp-json\/wp\/v2\/comments?post=519"}],"wp:featuredmedia":[{"embeddable":true,"href":"https:\/\/tuzlahortum.com.tr\/ar\/wp-json\/wp\/v2\/media\/5880"}],"wp:attachment":[{"href":"https:\/\/tuzlahortum.com.tr\/ar\/wp-json\/wp\/v2\/media?parent=519"}],"wp:term":[{"taxonomy":"product_brand","embeddable":true,"href":"https:\/\/tuzlahortum.com.tr\/ar\/wp-json\/wp\/v2\/product_brand?post=519"},{"taxonomy":"product_cat","embeddable":true,"href":"https:\/\/tuzlahortum.com.tr\/ar\/wp-json\/wp\/v2\/product_cat?post=519"},{"taxonomy":"product_tag","embeddable":true,"href":"https:\/\/tuzlahortum.com.tr\/ar\/wp-json\/wp\/v2\/product_tag?post=519"}],"curies":[{"name":"\u062f\u0628\u0644\u064a\u0648 \u0628\u064a","href":"https:\/\/api.w.org\/{rel}","templated":true}]}}