{"id":4643,"date":"2019-02-25T15:15:58","date_gmt":"2019-02-25T12:15:58","guid":{"rendered":"http:\/\/hortum.com.tr\/?post_type=product&#038;p=4643"},"modified":"2024-03-21T17:39:07","modified_gmt":"2024-03-21T14:39:07","slug":"yangin-tupu-kkt-12kg","status":"publish","type":"product","link":"https:\/\/tuzlahortum.com.tr\/ar\/product\/yangin-tupu-kkt-12kg\/","title":{"rendered":"\u0637\u0641\u0627\u064a\u0629 \u062d\u0631\u064a\u0642 KKT (12 \u0643\u062c\u0645)"},"content":{"rendered":"<h2>\u0637\u0641\u0627\u064a\u0629 \u062d\u0631\u064a\u0642 KKT (12 \u0643\u062c\u0645)<\/h2>\n<p>\u0627\u0644\u062c\u0633\u0645 \u0645\u0635\u0646\u0648\u0639 \u0645\u0646 \u0635\u0641\u0627\u0626\u062d \u0645\u063a\u0637\u0627\u0629 \u0628\u062c\u0648\u062f\u0629 \u0639\u0627\u0644\u064a\u0629 A1 7114<br \/>\n\u0627\u0644\u0644\u062d\u0627\u0645 \u0628\u0627\u0644\u063a\u0627\u0632<br \/>\n\u0627\u0644\u062c\u0645\u0639\u064a\u0629 \u0635\u0645\u0627\u0645 \u0627\u0644\u0632\u0646\u0627\u062f \u0627\u0644\u0646\u062d\u0627\u0633<br \/>\n\u0627\u0644\u0645\u0627\u0646\u0648\u0645\u062a\u0631 \u0627\u0644\u0645\u0633\u062a\u0648\u0631\u062f<br \/>\n\u0637\u0641\u0627\u064a\u0629 ABC \u0645\u0633\u062a\u0648\u0631\u062f\u0629<br \/>\n18 \u0628\u0627\u0631 \u0636\u063a\u0637 \u0627\u0644\u0639\u0645\u0644<br \/>\n0.70 \u0645\u064a\u0643\u0631\u0648\u0646 Electro Static \u0645\u0633\u062d\u0648\u0642 \u0627\u0644\u0637\u0644\u0627\u0621<br \/>\n\u0634\u0645\u0627\u0639\u0627\u062a \u062a\u0631\u0643\u064a\u0628 \u062e\u0627\u0635\u0629<br \/>\n\u0639\u0627\u0645\u0644 \u0625\u0637\u0641\u0627\u0621 6-12 \u0643\u062c\u0645.<br \/>\n\u0645\u062a\u0648\u0633\u0637 \u0648\u0642\u062a \u0627\u0644\u0639\u0645\u0644 18 \u062b\u0627\u0646\u064a\u0629<br \/>\n\u062f\u0631\u062c\u0629 \u062d\u0631\u0627\u0631\u0629 \u0627\u0644\u062a\u0634\u063a\u064a\u0644 -20 +60<\/p>","protected":false},"excerpt":{"rendered":"<p>Yang\u0131n T\u00fcp\u00fc KKT(12kg) A1 7114 Kalite S\u0131vama Sactan G\u00f6vde Gazalt\u0131 Kaynak Prin\u00e7 Tetik Vana Tertibat\u0131 \u0130thal Manometre \u0130thal ABC s\u00f6nd\u00fcr\u00fcc\u00fc 18 Bar \u00c7al\u0131\u015fma Bas\u0131nc\u0131 0.70 Mikron Elektro Statik Toz Boya \u00d6zel Montaj Ask\u0131s\u0131 S\u00f6nd\u00fcrme Maddesi 6-12 Kg. Ortalama \u00c7al\u0131\u015fma S\u00fcresi 18 Saniye \u00c7al\u0131\u015fma S\u0131cakl\u0131\u011f\u0131 -20 +60<\/p>","protected":false},"featured_media":391,"comment_status":"open","ping_status":"closed","template":"","meta":{"jetpack_post_was_ever_published":false},"product_brand":[],"product_cat":[121],"product_tag":[1296,1297,256,2289],"class_list":{"0":"post-4643","1":"product","2":"type-product","3":"status-publish","4":"has-post-thumbnail","6":"product_cat-yangin-tupu","7":"product_tag-sondurme","8":"product_tag-tupu","9":"product_tag-yangin","10":"product_tag-yangin-tupu","12":"first","13":"instock","14":"taxable","15":"shipping-taxable","16":"product-type-simple"},"jetpack-related-posts":[],"jetpack_sharing_enabled":true,"jetpack_likes_enabled":true,"_links":{"self":[{"href":"https:\/\/tuzlahortum.com.tr\/ar\/wp-json\/wp\/v2\/product\/4643","targetHints":{"allow":["GET"]}}],"collection":[{"href":"https:\/\/tuzlahortum.com.tr\/ar\/wp-json\/wp\/v2\/product"}],"about":[{"href":"https:\/\/tuzlahortum.com.tr\/ar\/wp-json\/wp\/v2\/types\/product"}],"replies":[{"embeddable":true,"href":"https:\/\/tuzlahortum.com.tr\/ar\/wp-json\/wp\/v2\/comments?post=4643"}],"wp:featuredmedia":[{"embeddable":true,"href":"https:\/\/tuzlahortum.com.tr\/ar\/wp-json\/wp\/v2\/media\/391"}],"wp:attachment":[{"href":"https:\/\/tuzlahortum.com.tr\/ar\/wp-json\/wp\/v2\/media?parent=4643"}],"wp:term":[{"taxonomy":"product_brand","embeddable":true,"href":"https:\/\/tuzlahortum.com.tr\/ar\/wp-json\/wp\/v2\/product_brand?post=4643"},{"taxonomy":"product_cat","embeddable":true,"href":"https:\/\/tuzlahortum.com.tr\/ar\/wp-json\/wp\/v2\/product_cat?post=4643"},{"taxonomy":"product_tag","embeddable":true,"href":"https:\/\/tuzlahortum.com.tr\/ar\/wp-json\/wp\/v2\/product_tag?post=4643"}],"curies":[{"name":"\u062f\u0628\u0644\u064a\u0648 \u0628\u064a","href":"https:\/\/api.w.org\/{rel}","templated":true}]}}