{"id":2698,"date":"2019-02-14T14:09:33","date_gmt":"2019-02-14T11:09:33","guid":{"rendered":"http:\/\/hortum.com.tr\/?post_type=product&#038;p=2698"},"modified":"2024-03-21T17:39:17","modified_gmt":"2024-03-21T14:39:17","slug":"yayli-klape-ekonomik","status":"publish","type":"product","link":"https:\/\/tuzlahortum.com.tr\/ar\/product\/yayli-klape-ekonomik\/","title":{"rendered":"\u0635\u0645\u0627\u0645 \u0627\u0644\u0631\u0628\u064a\u0639 (\u0627\u0642\u062a\u0635\u0627\u062f\u064a)"},"content":{"rendered":"<h2>\u0635\u0645\u0627\u0645 \u0627\u0644\u0631\u0628\u064a\u0639 (\u0627\u0642\u062a\u0635\u0627\u062f\u064a)<\/h2>\n<p>\u0634\u0647\u0627\u062f\u0629 \u0646\u0638\u0627\u0645 \u0627\u0644\u062c\u0648\u062f\u0629 ISO 9001.<\/p>\n<p>\u062a\u0645\u0631\u064a\u0631\u0629 \u0643\u0627\u0645\u0644\u0629 \u0644\u0623\u0642\u0635\u0649 \u0642\u062f\u0631 \u0645\u0646 \u0627\u0644\u0633\u064a\u0648\u0644\u0629.<\/p>\n<p>\u0627\u062a\u0635\u0627\u0644 ISO 228 \u0623\u0646\u062b\u0649 X \u0623\u0646\u062b\u0649.<\/p>\n<p>&nbsp;<\/p>\n<p>EPDM O-ring \u0644\u0623\u0642\u0635\u0649 \u062f\u0631\u062c\u0627\u062a \u0627\u0644\u0623\u0645\u0627\u0646.<\/p>\n<p>\u0644\u0627\u0633\u062a\u062e\u062f\u0627\u0645\u0647\u0627 \u0641\u064a \u0623\u0646\u0638\u0645\u0629 \u0627\u0644\u0635\u0646\u0627\u0639\u0629 \u0648\u0627\u0644\u0633\u0628\u0627\u0643\u0629 \u0648\u0627\u0644\u0631\u064a<\/p>\n<p>\u0645\u0633\u0627\u062d\u0629 \u0648\u0627\u0633\u0639\u0629 \u0644\u0644\u0627\u0633\u062a\u062e\u062f\u0627\u0645.<\/p>\n<p>\u062f\u0631\u062c\u0629 \u0627\u0644\u062d\u0631\u0627\u0631\u0629 -10 \u062f\u0631\u062c\u0629 \u0645\u0626\u0648\u064a\u0629 + 50 \u062f\u0631\u062c\u0629 \u0645\u0626\u0648\u064a\u0629<\/p>\n<table border=\"0\" cellspacing=\"0\" cellpadding=\"0\">\n<tbody>\n<tr bgcolor=\"#002f62\">\n<td>\u062d\u062c\u0645 \u0645\u0635\u0646\u0651\u0641<\/td>\n<td>\u062f<br \/>\n(\u0645\u0645)<\/td>\n<td>\u062c\u064a<br \/>\n(\u0645\u0645)<\/td>\n<td>\u0625\u0644<br \/>\n(\u0645\u0645)<\/td>\n<\/tr>\n<tr>\n<td>3\/4\u2033<\/td>\n<td>17<\/td>\n<td>20<\/td>\n<td>85<\/td>\n<\/tr>\n<tr>\n<td>1\u2033<\/td>\n<td>21<\/td>\n<td>25<\/td>\n<td>95<\/td>\n<\/tr>\n<tr>\n<td>1 1\/4\u2033<\/td>\n<td>27<\/td>\n<td>32<\/td>\n<td>120<\/td>\n<\/tr>\n<tr>\n<td>1 1\/2\u2033<\/td>\n<td>34<\/td>\n<td>40<\/td>\n<td>122<\/td>\n<\/tr>\n<tr>\n<td>2\u2033<\/td>\n<td>40<\/td>\n<td>50<\/td>\n<td>142<\/td>\n<\/tr>\n<tr>\n<td>2 1\/2\u2033<\/td>\n<td>52<\/td>\n<td>65<\/td>\n<td>190<\/td>\n<\/tr>\n<tr>\n<td>3\u2033<\/td>\n<td>66<\/td>\n<td>80<\/td>\n<td>210<\/td>\n<\/tr>\n<tr>\n<td>4\u2033<\/td>\n<td>85<\/td>\n<td>100<\/td>\n<td>250<\/td>\n<\/tr>\n<\/tbody>\n<\/table>\n<p>&nbsp;<\/p>\n<div class=\"video video-fit mb\" style=\"padding-top:56.25%;\"><p><iframe loading=\"lazy\" title=\"\u0635\u0645\u0627\u0645 \u0627\u0644\u0631\u0628\u064a\u0639\" width=\"1020\" height=\"574\" src=\"https:\/\/www.youtube.com\/embed\/G3hkxWOl9dU?feature=oembed\" frameborder=\"0\" allow=\"accelerometer; autoplay; clipboard-write; encrypted-media; gyroscope; picture-in-picture; web-share\" referrerpolicy=\"strict-origin-when-cross-origin\" allowfullscreen><\/iframe><\/p>\n<\/div>","protected":false},"excerpt":{"rendered":"<p>Yayl\u0131 Klape (Ekonomik) ISO 9001 Kalite Sistem Sertfikas\u0131. Maksimum ak\u0131\u015fkanl\u0131k i\u00e7in tam ge\u00e7i\u015f. ISO 228 Di\u015fi X Di\u015fi ba\u011flant\u0131. &nbsp; Maksimum g\u00fcvenlik i\u00e7in EPDM O-ring. End\u00fcstriyel, Tesisat ve sulama sistemlerinde kullan\u0131lmak \u00fczere geni\u015f kullan\u0131m alan\u0131. S\u0131cakl\u0131k -10\u00b0C + 50\u00b0C ANMA \u00d6L\u00c7\u00dcS\u00dc d (mm) G (mm) L (mm) 3\/4&#8243; 17 20 85 1&#8243; 21 25 95 [&#8230;]\n","protected":false},"featured_media":2699,"comment_status":"open","ping_status":"closed","template":"","meta":{"jetpack_post_was_ever_published":false},"product_brand":[],"product_cat":[198],"product_tag":[2172,896,327,2175,900],"class_list":{"0":"post-2698","1":"product","2":"type-product","3":"status-publish","4":"has-post-thumbnail","6":"product_cat-klapeler","7":"product_tag-klape","8":"product_tag-klepe","9":"product_tag-yayli","10":"product_tag-yayli-klape","11":"product_tag-yayli-klepe","13":"first","14":"instock","15":"taxable","16":"shipping-taxable","17":"product-type-variable"},"jetpack-related-posts":[],"jetpack_sharing_enabled":true,"jetpack_likes_enabled":true,"_links":{"self":[{"href":"https:\/\/tuzlahortum.com.tr\/ar\/wp-json\/wp\/v2\/product\/2698","targetHints":{"allow":["GET"]}}],"collection":[{"href":"https:\/\/tuzlahortum.com.tr\/ar\/wp-json\/wp\/v2\/product"}],"about":[{"href":"https:\/\/tuzlahortum.com.tr\/ar\/wp-json\/wp\/v2\/types\/product"}],"replies":[{"embeddable":true,"href":"https:\/\/tuzlahortum.com.tr\/ar\/wp-json\/wp\/v2\/comments?post=2698"}],"wp:featuredmedia":[{"embeddable":true,"href":"https:\/\/tuzlahortum.com.tr\/ar\/wp-json\/wp\/v2\/media\/2699"}],"wp:attachment":[{"href":"https:\/\/tuzlahortum.com.tr\/ar\/wp-json\/wp\/v2\/media?parent=2698"}],"wp:term":[{"taxonomy":"product_brand","embeddable":true,"href":"https:\/\/tuzlahortum.com.tr\/ar\/wp-json\/wp\/v2\/product_brand?post=2698"},{"taxonomy":"product_cat","embeddable":true,"href":"https:\/\/tuzlahortum.com.tr\/ar\/wp-json\/wp\/v2\/product_cat?post=2698"},{"taxonomy":"product_tag","embeddable":true,"href":"https:\/\/tuzlahortum.com.tr\/ar\/wp-json\/wp\/v2\/product_tag?post=2698"}],"curies":[{"name":"\u062f\u0628\u0644\u064a\u0648 \u0628\u064a","href":"https:\/\/api.w.org\/{rel}","templated":true}]}}