{"id":2520,"date":"2019-02-13T10:10:36","date_gmt":"2019-02-13T07:10:36","guid":{"rendered":"http:\/\/hortum.com.tr\/?post_type=product&#038;p=2520"},"modified":"2024-03-21T17:39:18","modified_gmt":"2024-03-21T14:39:18","slug":"pvc-seffaf-milimetrik-hortumlar-terazi-hortumlari","status":"publish","type":"product","link":"https:\/\/tuzlahortum.com.tr\/ar\/product\/pvc-seffaf-milimetrik-hortumlar-terazi-hortumlari\/","title":{"rendered":"\u0645\u0642\u064a\u0627\u0633 \u0627\u0644\u062e\u0631\u0627\u0637\u064a\u0645 \u0627\u0644\u0634\u0641\u0627\u0641\u0629 \u0627\u0644\u0628\u0644\u0627\u0633\u062a\u064a\u0643\u064a\u0629 \u0627\u0644\u0634\u0641\u0627\u0641\u0629"},"content":{"rendered":"<h2>\u0645\u0642\u064a\u0627\u0633 \u0627\u0644\u062e\u0631\u0627\u0637\u064a\u0645 \u0627\u0644\u0634\u0641\u0627\u0641\u0629 \u0627\u0644\u0628\u0644\u0627\u0633\u062a\u064a\u0643\u064a\u0629 \u0627\u0644\u0634\u0641\u0627\u0641\u0629<\/h2>\n<p><strong>\u0633\u0645\u0627\u062a<\/strong><\/p>\n<p>\u0645\u0635\u0646\u0648\u0639 \u0645\u0646 \u0645\u0627\u062f\u0629 PVC \u0627\u0644\u0634\u0641\u0627\u0641\u0629 \u0627\u0644\u0645\u0642\u0627\u0648\u0645\u0629 \u0644\u0644\u0627\u0647\u062a\u0631\u0627\u0621.<\/p>\n<p><strong>\u062f\u0631\u062c\u0629 \u062d\u0631\u0627\u0631\u0629 \u0627\u0644\u062a\u0634\u063a\u064a\u0644<\/strong><\/p>\n<p>-10 \u062f\u0631\u062c\u0629 \u0645\u0626\u0648\u064a\u0629 \u0625\u0644\u0649 +50 \u062f\u0631\u062c\u0629 \u0645\u0626\u0648\u064a\u0629<\/p>\n<p><strong>\u0645\u062c\u0627\u0644\u0627\u062a \u0627\u0644\u0627\u0633\u062a\u062e\u062f\u0627\u0645<\/strong><\/p>\n<p>\u064a\u062a\u0645 \u0627\u0633\u062a\u062e\u062f\u0627\u0645\u0647 \u0641\u064a \u0635\u0646\u0627\u0639\u0629 \u0627\u0644\u0628\u0646\u0627\u0621.<\/p>\n<table class=\"table table-bordered\">\n<thead>\n<tr>\n<th><\/th>\n<th>\u0642\u0637\u0631 (\u0628\u0648\u0635\u0629)<\/th>\n<th>\u0627\u0644\u0642\u0637\u0631 (\u0645\u0645)<\/th>\n<th>\u0627\u0644\u0637\u0648\u0644 (\u0637\u0646 \u0645\u062a\u0631\u064a)<\/th>\n<\/tr>\n<\/thead>\n<tbody>\n<tr>\n<th scope=\"row\"><\/th>\n<td>5\/32\u2033<\/td>\n<td>4 \u0645\u0645<\/td>\n<td>100<\/td>\n<\/tr>\n<tr>\n<th scope=\"row\"><\/th>\n<td>1\/4\u2033<\/td>\n<td>6 \u0645\u0645<\/td>\n<td>100<\/td>\n<\/tr>\n<tr>\n<th scope=\"row\"><\/th>\n<td>5\/16\u2033<\/td>\n<td>8 \u0645\u0644\u0645<\/td>\n<td>100<\/td>\n<\/tr>\n<tr>\n<th scope=\"row\"><\/th>\n<td>3\/8\u2033<\/td>\n<td>10 \u0645\u0644\u0645<\/td>\n<td>100<\/td>\n<\/tr>\n<\/tbody>\n<\/table>\n<div class=\"video video-fit mb\" style=\"padding-top:56.25%;\"><p><iframe loading=\"lazy\" title=\"\u0627\u0631\u062a\u0628\u0627\u0643 \u0627\u0644\u0642\u064a\u0627\u0633 (\u0628\u0648\u0635\u0629\u060c \u0625\u0635\u0628\u0639\u060c \u0636\u0628\u0627\u0628\u060c \u0645\u0644\u0644\u064a\u0645\u062a\u0631)\" width=\"1020\" height=\"574\" src=\"https:\/\/www.youtube.com\/embed\/uKk6AG_AZls?feature=oembed\" frameborder=\"0\" allow=\"accelerometer; autoplay; clipboard-write; encrypted-media; gyroscope; picture-in-picture\" allowfullscreen><\/iframe><\/p>\n<\/div>","protected":false},"excerpt":{"rendered":"<p>PVC \u015eeffaf Milimetrik Hortumlar Terazi Hortumlar\u0131 \u00d6zellikler A\u015f\u0131nmaya \u00a0dayan\u0131kl\u0131 \u015feffaf\u00a0PVC ile \u00fcretilmi\u015ftir. \u00c7al\u0131\u015fma S\u0131cakl\u0131\u011f\u0131 -10\u00b0C ile +50\u00b0C aras\u0131 Kullan\u0131m Alanlar\u0131 \u0130n\u015faat sekt\u00f6r\u00fcnde kullan\u0131lmaktad\u0131r. \u00c7ap (inch) \u00c7ap (mm) Uzunluk (mt) 5\/32&#8243; 4 mm 100 1\/4&#8243; 6 mm 100 5\/16&#8243; 8 mm 100 3\/8&#8243; 10 mm 100<\/p>","protected":false},"featured_media":2522,"comment_status":"open","ping_status":"closed","template":"","meta":{"jetpack_post_was_ever_published":false},"product_brand":[],"product_cat":[170],"product_tag":[],"class_list":{"0":"post-2520","1":"product","2":"type-product","3":"status-publish","4":"has-post-thumbnail","6":"product_cat-seffaf-hortumlar","8":"first","9":"instock","10":"taxable","11":"shipping-taxable","12":"product-type-variable"},"jetpack-related-posts":[],"jetpack_sharing_enabled":true,"jetpack_likes_enabled":true,"_links":{"self":[{"href":"https:\/\/tuzlahortum.com.tr\/ar\/wp-json\/wp\/v2\/product\/2520","targetHints":{"allow":["GET"]}}],"collection":[{"href":"https:\/\/tuzlahortum.com.tr\/ar\/wp-json\/wp\/v2\/product"}],"about":[{"href":"https:\/\/tuzlahortum.com.tr\/ar\/wp-json\/wp\/v2\/types\/product"}],"replies":[{"embeddable":true,"href":"https:\/\/tuzlahortum.com.tr\/ar\/wp-json\/wp\/v2\/comments?post=2520"}],"wp:featuredmedia":[{"embeddable":true,"href":"https:\/\/tuzlahortum.com.tr\/ar\/wp-json\/wp\/v2\/media\/2522"}],"wp:attachment":[{"href":"https:\/\/tuzlahortum.com.tr\/ar\/wp-json\/wp\/v2\/media?parent=2520"}],"wp:term":[{"taxonomy":"product_brand","embeddable":true,"href":"https:\/\/tuzlahortum.com.tr\/ar\/wp-json\/wp\/v2\/product_brand?post=2520"},{"taxonomy":"product_cat","embeddable":true,"href":"https:\/\/tuzlahortum.com.tr\/ar\/wp-json\/wp\/v2\/product_cat?post=2520"},{"taxonomy":"product_tag","embeddable":true,"href":"https:\/\/tuzlahortum.com.tr\/ar\/wp-json\/wp\/v2\/product_tag?post=2520"}],"curies":[{"name":"\u062f\u0628\u0644\u064a\u0648 \u0628\u064a","href":"https:\/\/api.w.org\/{rel}","templated":true}]}}