{"id":23028,"date":"2025-09-30T12:32:55","date_gmt":"2025-09-30T09:32:55","guid":{"rendered":"https:\/\/tuzlahortum.com.tr\/?post_type=product&#038;p=23028"},"modified":"2025-09-30T12:33:40","modified_gmt":"2025-09-30T09:33:40","slug":"trench-cutter","status":"publish","type":"product","link":"https:\/\/tuzlahortum.com.tr\/ar\/product\/trench-cutter\/","title":{"rendered":"\u0642\u0627\u0637\u0639 \u0627\u0644\u062e\u0646\u0627\u062f\u0642"},"content":{"rendered":"<ul data-start=\"131\" data-end=\"566\">\n<li data-start=\"131\" data-end=\"182\">\n<p data-start=\"133\" data-end=\"182\">Tip: <strong data-start=\"138\" data-end=\"180\">Bulk Material Suction &amp; Discharge Hose<\/strong><\/p>\n<\/li>\n<li data-start=\"183\" data-end=\"210\">\n<p data-start=\"185\" data-end=\"210\">\u0130\u00e7 \u00e7ap: <strong data-start=\"193\" data-end=\"208\">152 mm (6&#8243;)<\/strong><\/p>\n<\/li>\n<li data-start=\"211\" data-end=\"236\">\n<p data-start=\"213\" data-end=\"236\">D\u0131\u015f \u00e7ap: <strong data-start=\"222\" data-end=\"234\">214.8 mm<\/strong><\/p>\n<\/li>\n<li data-start=\"237\" data-end=\"278\">\n<p data-start=\"239\" data-end=\"278\">\u00c7al\u0131\u015fma bas\u0131nc\u0131: <strong data-start=\"256\" data-end=\"276\">40 bar (580 psi)<\/strong><\/p>\n<\/li>\n<li data-start=\"279\" data-end=\"322\">\n<p data-start=\"281\" data-end=\"322\">Patlama bas\u0131nc\u0131: <strong data-start=\"298\" data-end=\"320\">120 bar (1740 psi)<\/strong><\/p>\n<\/li>\n<li data-start=\"323\" data-end=\"356\">\n<p data-start=\"325\" data-end=\"356\">Vakum dayan\u0131m\u0131: <strong data-start=\"341\" data-end=\"354\">-0.82 bar<\/strong><\/p>\n<\/li>\n<li data-start=\"357\" data-end=\"383\">\n<p data-start=\"359\" data-end=\"383\">A\u011f\u0131rl\u0131k: <strong data-start=\"368\" data-end=\"381\">18.4 kg\/m<\/strong><\/p>\n<\/li>\n<li data-start=\"384\" data-end=\"566\">\n<p data-start=\"386\" data-end=\"566\">Yap\u0131: BR blend kau\u00e7uk i\u00e7 y\u00fczey, y\u00fcksek dayan\u0131ml\u0131 sentetik tekstil takviye + \u00e7elik helix tel + antistatik bak\u0131r tel, d\u0131\u015f y\u00fczey NR blend kau\u00e7uk<button class=\"ms-1 flex h-[25px] text-[10px] leading-[13px] rounded-xl items-center justify-center gap-1 px-2 relative text-token-text-secondary! hover:text-token-text-primary! hover:bg-token-bg-secondary dark:bg-token-main-surface-secondary dark:hover:bg-token-bg-secondary bg-[#f4f4f4] \"><\/button><\/p>\n<\/li>\n<\/ul>\n<p data-start=\"568\" data-end=\"592\">\ud83d\udccc <strong data-start=\"571\" data-end=\"590\">Kullan\u0131m alan\u0131:<\/strong><\/p>\n<ul data-start=\"593\" data-end=\"1023\">\n<li data-start=\"593\" data-end=\"655\">\n<p data-start=\"595\" data-end=\"655\"><strong data-start=\"595\" data-end=\"634\">Kuru d\u00f6kme malzeme (bulk materials)<\/strong> ta\u015f\u0131mak i\u00e7in \u00f6zel.<\/p>\n<\/li>\n<li data-start=\"656\" data-end=\"800\">\n<p data-start=\"658\" data-end=\"800\">\u00d6zellikle <strong data-start=\"668\" data-end=\"696\">kum, \u00e7ak\u0131l, kuru \u00e7imento<\/strong> ve benzeri a\u015f\u0131nd\u0131r\u0131c\u0131 malzemelerin <strong data-start=\"732\" data-end=\"750\">emme (suction)<\/strong> ve <strong data-start=\"754\" data-end=\"775\">basma (discharge)<\/strong> hatt\u0131nda kullan\u0131l\u0131yor.<\/p>\n<\/li>\n<li data-start=\"801\" data-end=\"872\">\n<p data-start=\"803\" data-end=\"872\">A\u011f\u0131r \u015fartlara uygun: Hem bas\u0131n\u00e7 hem de vakum alt\u0131nda \u00e7al\u0131\u015fabiliyor.<\/p>\n<\/li>\n<li data-start=\"873\" data-end=\"1023\">\n<p data-start=\"875\" data-end=\"1023\">Antistatik bak\u0131r tel sayesinde elektriksel y\u00fck bo\u015faltma \u00f6zelli\u011fi var<\/p>\n<\/li>\n<\/ul>\n<ul data-start=\"1076\" data-end=\"1414\">\n<li data-start=\"1130\" data-end=\"1191\">\n<p data-start=\"1132\" data-end=\"1191\">Her iki u\u00e7ta da <strong data-start=\"1148\" data-end=\"1161\">ROKM15005<\/strong> kodlu fitting kullan\u0131l\u0131yor.<\/p>\n<\/li>\n<li data-start=\"1192\" data-end=\"1414\">\n<p data-start=\"1194\" data-end=\"1414\">Yani bu hortum, standart &#8220;trench cutter hose&#8221; gibi bentonit\/\u00e7amur ta\u015f\u0131maktan ziyade, daha \u00e7ok <strong data-start=\"1288\" data-end=\"1316\">bulk malzeme transferine<\/strong> (\u00f6zellikle silo\u2013gemi, silo\u2013kamyon, \u00e7imento fabrikas\u0131 gibi hatlarda) optimize edilmi\u015f g\u00f6r\u00fcn\u00fcyor.<\/p>\n<\/li>\n<\/ul>\n","protected":false},"excerpt":{"rendered":"<p>Tip: Bulk Material Suction &amp; Discharge Hose \u0130\u00e7 \u00e7ap: 152 mm (6&#8243;) D\u0131\u015f \u00e7ap: 214.8 mm \u00c7al\u0131\u015fma bas\u0131nc\u0131: 40 bar (580 psi) Patlama bas\u0131nc\u0131: 120 bar (1740 psi) Vakum dayan\u0131m\u0131: -0.82 bar A\u011f\u0131rl\u0131k: 18.4 kg\/m Yap\u0131: BR blend kau\u00e7uk i\u00e7 y\u00fczey, y\u00fcksek dayan\u0131ml\u0131 sentetik tekstil takviye + \u00e7elik helix tel + antistatik bak\u0131r tel, d\u0131\u015f [&#8230;]\n","protected":false},"featured_media":23029,"comment_status":"open","ping_status":"closed","template":"","meta":{"jetpack_post_was_ever_published":false},"product_brand":[],"product_cat":[70,2360],"product_tag":[2404],"class_list":{"0":"post-23028","1":"product","2":"type-product","3":"status-publish","4":"has-post-thumbnail","6":"product_cat-baglanti-elemanlari","7":"product_cat-sel_asinmaya_dayanikli_hortumlar","8":"product_tag-trench-cutter","10":"first","11":"instock","12":"taxable","13":"shipping-taxable","14":"product-type-simple"},"jetpack-related-posts":[],"jetpack_sharing_enabled":true,"jetpack_likes_enabled":true,"_links":{"self":[{"href":"https:\/\/tuzlahortum.com.tr\/ar\/wp-json\/wp\/v2\/product\/23028","targetHints":{"allow":["GET"]}}],"collection":[{"href":"https:\/\/tuzlahortum.com.tr\/ar\/wp-json\/wp\/v2\/product"}],"about":[{"href":"https:\/\/tuzlahortum.com.tr\/ar\/wp-json\/wp\/v2\/types\/product"}],"replies":[{"embeddable":true,"href":"https:\/\/tuzlahortum.com.tr\/ar\/wp-json\/wp\/v2\/comments?post=23028"}],"wp:featuredmedia":[{"embeddable":true,"href":"https:\/\/tuzlahortum.com.tr\/ar\/wp-json\/wp\/v2\/media\/23029"}],"wp:attachment":[{"href":"https:\/\/tuzlahortum.com.tr\/ar\/wp-json\/wp\/v2\/media?parent=23028"}],"wp:term":[{"taxonomy":"product_brand","embeddable":true,"href":"https:\/\/tuzlahortum.com.tr\/ar\/wp-json\/wp\/v2\/product_brand?post=23028"},{"taxonomy":"product_cat","embeddable":true,"href":"https:\/\/tuzlahortum.com.tr\/ar\/wp-json\/wp\/v2\/product_cat?post=23028"},{"taxonomy":"product_tag","embeddable":true,"href":"https:\/\/tuzlahortum.com.tr\/ar\/wp-json\/wp\/v2\/product_tag?post=23028"}],"curies":[{"name":"\u062f\u0628\u0644\u064a\u0648 \u0628\u064a","href":"https:\/\/api.w.org\/{rel}","templated":true}]}}