{"id":22687,"date":"2025-08-11T15:51:59","date_gmt":"2025-08-11T12:51:59","guid":{"rendered":"https:\/\/tuzlahortum.com.tr\/urun\/selpaint-hd-sae-100-r7-twin\/"},"modified":"2025-08-20T14:56:02","modified_gmt":"2025-08-20T11:56:02","slug":"selpaint-hd-sae-100-r7-twin","status":"publish","type":"product","link":"https:\/\/tuzlahortum.com.tr\/ar\/product\/selpaint-hd-sae-100-r7-twin\/","title":{"rendered":"\u0633\u064a\u0644\u0628\u0627\u064a\u0646\u062a \u0639\u0627\u0644\u064a \u0627\u0644\u062f\u0642\u0629 HD SAE 100 R7 \u062a\u0648\u064a\u0646"},"content":{"rendered":"<p>&nbsp;<\/p>\n<div class=\"report-container\">\n<div class=\"report-header\">\n<div class=\"standard-text\">\u0627\u0633\u0645 \u0627\u0644\u0645\u0646\u062a\u062c: SELPAINT HD SAE 100 R7 TWIN SELPAINT 100 R7 TWIN<\/div>\n<div class=\"standard-text\">\u0631\u0645\u0632 \u0627\u0644\u0645\u0646\u062a\u062c: PHDTW421<\/div>\n<\/div>\n<div class=\"product-image-container\">\n<div class=\"key-feature\">\u0646\u0633\u064a\u062c \u0645\u0636\u0641\u0631 \u0645\u062a\u0648\u0633\u0637 \u0627\u0644\u0636\u063a\u0637 \u0627\u0644\u0645\u062a\u0648\u0633\u0637 \u0648\u0627\u0644\u0639\u0627\u0644\u064a R7 \u0645\u0632\u062f\u0648\u062c \u0627\u0644\u0645\u0630\u064a\u0628\u0627\u062a \u0648\u0627\u0644\u0635\u0628\u0627\u063a\u0629<\/div>\n<\/div>\n<div class=\"horizontal-line\"><\/div>\n<div class=\"product-details\">\n<div class=\"detail-row\">\n<div class=\"detail-label\">\u0645\u0646\u0637\u0642\u0629 \u0627\u0644\u0627\u0633\u062a\u062e\u062f\u0627\u0645<\/div>\n<div class=\"detail-value\">: \u0645\u0646\u0627\u0633\u0628\u0629 \u0644\u0644\u0627\u0633\u062a\u062e\u062f\u0627\u0645 \u0639\u0646\u062f \u0627\u0644\u0636\u063a\u0637 \u0627\u0644\u0645\u062a\u0648\u0633\u0637 \u0627\u0644\u0639\u0627\u0644\u064a \u0644\u0644\u0633\u0648\u0627\u0626\u0644 \u0630\u0627\u062a \u0627\u0644\u0623\u0633\u0627\u0633 \u0627\u0644\u0645\u0627\u0626\u064a \u0648\u0627\u0644\u0645\u0630\u064a\u0628\u0627\u062a \u0648\u0627\u0644\u062f\u0647\u0627\u0646\u0627\u062a \u0648\u0627\u0644\u0632\u064a\u0648\u062a \u0627\u0644\u0647\u064a\u062f\u0631\u0648\u0644\u064a\u0643\u064a\u0629.<\/div>\n<\/div>\n<div class=\"detail-row\">\n<div class=\"detail-label\">\u0627\u0644\u0637\u0628\u0642\u0629 \u0627\u0644\u0633\u0641\u0644\u0649<\/div>\n<div class=\"detail-value\">: \u0628\u0648\u0644\u064a \u0623\u0645\u064a\u062f \u0645\u0642\u0627\u0648\u0645 \u0644\u0644\u0645\u0630\u064a\u0628\u0627\u062a \u0648\u0627\u0644\u062f\u0647\u0627\u0646\u0627\u062a \u0648\u0627\u0644\u0632\u064a\u0648\u062a \u0627\u0644\u0647\u064a\u062f\u0631\u0648\u0644\u064a\u0643\u064a\u0629.<\/div>\n<\/div>\n<div class=\"detail-row\">\n<div class=\"detail-label\">\u0637\u0628\u0642\u0629 \u0627\u0644\u062a\u0639\u0632\u064a\u0632<\/div>\n<div class=\"detail-value\">: 2 \u0631\u0642\u0627\u0626\u0642 \u0645\u0646 \u0623\u0644\u064a\u0627\u0641 \u0627\u0644\u0628\u0648\u0644\u064a\u0633\u062a\u0631 \u0639\u0627\u0644\u064a\u0629 \u0627\u0644\u062a\u0645\u0627\u0633\u0643 2 \u0631\u0642\u0627\u0626\u0642.<\/div>\n<\/div>\n<div class=\"detail-row\">\n<div class=\"detail-label\">\u0627\u0644\u0637\u0628\u0642\u0629 \u0627\u0644\u0639\u0644\u064a\u0627<\/div>\n<div class=\"detail-value\">: \u0628\u0648\u0644\u064a \u064a\u0648\u0631\u064a\u062b\u0627\u0646 \u0645\u0642\u0627\u0648\u0645 \u0644\u0644\u0632\u064a\u062a \u0648\u0627\u0644\u062a\u0622\u0643\u0644 \u0648\u0627\u0644\u0639\u0648\u0627\u0645\u0644 \u0627\u0644\u062c\u0648\u064a\u0629.<\/div>\n<\/div>\n<\/div>\n<div class=\"datasheet_table\"><img decoding=\"async\" class=\"alignnone size-full\" src=\"https:\/\/tuzlahortum.com.tr\/wp-content\/uploads\/2025\/08\/datasheet556.svg\" alt=\"\" title=\"\"><\/div>\n<div class=\"table-notes\">\u0628\u062d\u062f \u0623\u0642\u0635\u0649 +65 \u062f\u0631\u062c\u0629 \u0645\u0626\u0648\u064a\u0629 +65 \u062f\u0631\u062c\u0629 \u0645\u0626\u0648\u064a\u0629 \/ 149 \u062f\u0631\u062c\u0629 \u0641\u0647\u0631\u0646\u0647\u0627\u064a\u062a \u0644\u0644\u0633\u0648\u0627\u0626\u0644 \u0630\u0627\u062a \u0627\u0644\u0623\u0633\u0627\u0633 \u0627\u0644\u0645\u0627\u0626\u064a \u0648\u0646\u0642\u0644 \u0627\u0644\u0647\u0648\u0627\u0621<\/div>\n<div class=\"horizontal-line\"><\/div>\n<div class=\"footer\">\n<div class=\"standards-section\">\n<div class=\"standard-item\" style=\"margin-top: 9px;\"><\/div>\n<div class=\"standard-info\"><\/div>\n<\/div>\n<div class=\"temperature-section\">\n<div class=\"temp-icon\"><img decoding=\"async\" src=\"data:image\/svg+xml;base64,PD94bWwgdmVyc2lvbj0iMS4wIiBlbmNvZGluZz0iVVRGLTgiPz4KPHN2ZyBpZD0ia2F0bWFuXzIiIGRhdGEtbmFtZT0ia2F0bWFuIDIiIHhtbG5zPSJodHRwOi8vd3d3LnczLm9yZy8yMDAwL3N2ZyIgdmlld0JveD0iMCAwIDcyLjI3IDE2Ljk4Ij4KICA8ZGVmcz4KICAgIDxzdHlsZT4KICAgICAgLmNscy0xIHsKICAgICAgICBzdHJva2Utd2lkdGg6IC41OXB4OwogICAgICB9CgogICAgICAuY2xzLTEsIC5jbHMtMiwgLmNscy0zLCAuY2xzLTQgewogICAgICAgIGZpbGw6IG5vbmU7CiAgICAgICAgc3Ryb2tlLW1pdGVybGltaXQ6IDMuODY7CiAgICAgIH0KCiAgICAgIC5jbHMtMSwgLmNscy0zLCAuY2xzLTQgewogICAgICAgIHN0cm9rZTogI2E3YTlhYjsKICAgICAgfQoKICAgICAgLmNscy01IHsKICAgICAgICBmaWxsOiAjYTdhOWFiOwogICAgICB9CgogICAgICAuY2xzLTIgewogICAgICAgIHN0cm9rZTogI2ZmZjsKICAgICAgfQoKICAgICAgLmNscy0zIHsKICAgICAgICBzdHJva2Utd2lkdGg6IDIuMDZweDsKICAgICAgfQoKICAgICAgLmNscy00IHsKICAgICAgICBzdHJva2Utd2lkdGg6IC4ycHg7CiAgICAgIH0KICAgIDwvc3R5bGU+CiAgPC9kZWZzPgogIDxnIGlkPSJrYXRtYW5fMSIgZGF0YS1uYW1lPSJrYXRtYW4gMSI+CiAgICA8Zz4KICAgICAgPHBhdGggY2xhc3M9ImNscy0zIiBkPSJNMTEuMzQsMTEuNTdjLS45NCwxLjcxLTIuNzEsMi42Ni00LjgsMi42Ni0zLjA1LDAtNS41MS0yLjQ3LTUuNTEtNS41MlMzLjUsMy4xOSw2LjU1LDMuMTljMS45NCwwLDMuNjUsMSw0LjYzLDIuNTIiLz4KICAgICAgPGNpcmNsZSBjbGFzcz0iY2xzLTUiIGN4PSI2LjU1IiBjeT0iOC42NiIgcj0iMi40Ii8+CiAgICAgIDxjaXJjbGUgY2xhc3M9ImNscy0yIiBjeD0iNi41NSIgY3k9IjguNjYiIHI9IjIuNCIvPgogICAgICA8bGluZSBjbGFzcz0iY2xzLTMiIHgxPSI2OC4zNCIgeTE9IjExLjc2IiB4Mj0iOS45MiIgeTI9IjExLjc2Ii8+CiAgICAgIDxsaW5lIGNsYXNzPSJjbHMtMyIgeDE9IjY4Ljc4IiB5MT0iNS41MSIgeDI9IjkuNzMiIHkyPSI1LjUxIi8+CiAgICAgIDxsaW5lIGNsYXNzPSJjbHMtMyIgeDE9IjU0LjA3IiB5MT0iOC43NSIgeDI9IjguNjQiIHkyPSI4Ljc1Ii8+CiAgICAgIDxwYXRoIGNsYXNzPSJjbHMtMyIgZD0iTTY4LjE1LDUuNTVjMS43MSwwLDMuMDksMS4zOSwzLjA5LDMuMDlzLTEuOTIsMy4wNi0zLjYyLDMuMDYiLz4KICAgICAgPHBhdGggY2xhc3M9ImNscy01IiBkPSJNNTMuOTEsOC43NWMwLS4xNC4xMi0uMjYuMjYtLjI2cy4yNy4xMi4yNy4yNi0uMTIuMjctLjI3LjI3LS4yNi0uMTItLjI2LS4yN1oiLz4KICAgICAgPHBhdGggY2xhc3M9ImNscy0zIiBkPSJNNTMuOTEsOC43NWMwLS4xNC4xMi0uMjYuMjYtLjI2cy4yNy4xMi4yNy4yNi0uMTIuMjctLjI3LjI3LS4yNi0uMTItLjI2LS4yN1oiLz4KICAgICAgPGxpbmUgY2xhc3M9ImNscy0xIiB4MT0iMzYuNDMiIHkxPSIxNi45OCIgeDI9IjM2LjQzIiB5Mj0iMTQuMjQiLz4KICAgICAgPGxpbmUgY2xhc3M9ImNscy0xIiB4MT0iMjguMDUiIHkxPSIxNi45OCIgeDI9IjI4LjA1IiB5Mj0iMTQuMjQiLz4KICAgICAgPGxpbmUgY2xhc3M9ImNscy0xIiB4MT0iMTkuNTkiIHkxPSIxNi45OCIgeDI9IjE5LjU5IiB5Mj0iMTQuMjQiLz4KICAgICAgPGxpbmUgY2xhc3M9ImNscy0xIiB4MT0iNDEuNTciIHkxPSIyLjc0IiB4Mj0iNDEuNTciLz4KICAgICAgPGxpbmUgY2xhc3M9ImNscy0xIiB4MT0iMzMuMjgiIHkxPSIyLjc0IiB4Mj0iMzMuMjgiLz4KICAgICAgPGxpbmUgY2xhc3M9ImNscy0xIiB4MT0iMjQuOTkiIHkxPSIyLjc0IiB4Mj0iMjQuOTkiLz4KICAgICAgPGxpbmUgY2xhc3M9ImNscy0xIiB4MT0iMTYuMDgiIHkxPSIyLjc0IiB4Mj0iMTYuMDgiLz4KICAgICAgPGxpbmUgY2xhc3M9ImNscy0xIiB4MT0iNDQuNjMiIHkxPSIxNi45OCIgeDI9IjQ0LjYzIiB5Mj0iMTQuMjQiLz4KICAgICAgPGxpbmUgY2xhc3M9ImNscy0xIiB4MT0iNDkuNDkiIHkxPSIyLjc0IiB4Mj0iNDkuNDkiLz4KICAgICAgPGxpbmUgY2xhc3M9ImNscy00IiB4MT0iNDAuODgiIHkxPSIxNi45OCIgeDI9IjQwLjg4IiB5Mj0iMTQuMjQiLz4KICAgICAgPGxpbmUgY2xhc3M9ImNscy00IiB4MT0iMzIuMzMiIHkxPSIxNi45OCIgeDI9IjMyLjMzIiB5Mj0iMTQuMjQiLz4KICAgICAgPGxpbmUgY2xhc3M9ImNscy00IiB4MT0iMjMuNzkiIHkxPSIxNi45OCIgeDI9IjIzLjc5IiB5Mj0iMTQuMjQiLz4KICAgICAgPGxpbmUgY2xhc3M9ImNscy00IiB4MT0iMjAuNTkiIHkxPSIyLjc0IiB4Mj0iMjAuNTkiLz4KICAgICAgPGxpbmUgY2xhc3M9ImNscy00IiB4MT0iMjkuMTMiIHkxPSIyLjc0IiB4Mj0iMjkuMTMiLz4KICAgICAgPGxpbmUgY2xhc3M9ImNscy00IiB4MT0iMzcuMTYiIHkxPSIyLjc0IiB4Mj0iMzcuMTYiLz4KICAgICAgPGxpbmUgY2xhc3M9ImNscy00IiB4MT0iNDUuNzEiIHkxPSIyLjc0IiB4Mj0iNDUuNzEiLz4KICAgIDwvZz4KICA8L2c+Cjwvc3ZnPg==\" alt=\"S\u0131cakl\u0131k\" width=\"100\" title=\"\"><\/div>\n<div class=\"temp-values\">\n<div>-40 \u062f\u0631\u062c\u0629 \u0645\u0626\u0648\u064a\u0629 \/ +100 \u062f\u0631\u062c\u0629 \u0645\u0626\u0648\u064a\u0629<\/div>\n<div>-40 \u062f\u0631\u062c\u0629 \u0641\u0647\u0631\u0646\u0647\u0627\u064a\u062a \/ +212 \u062f\u0631\u062c\u0629 \u0641\u0647\u0631\u0646\u0647\u0627\u064a\u062a<\/div>\n<\/div>\n<\/div>\n<div class=\"marking-section\">\n<div class=\"detail-row\">\n<div class=\"detail-label\">\u0648\u0636\u0639 \u0627\u0644\u0639\u0644\u0627\u0645\u0627\u062a<\/div>\n<div class=\"detail-value\">: \u0627\u0644\u0646\u0627\u0641\u062b\u0629 \u0644\u0644\u062d\u0628\u0631<\/div>\n<\/div>\n<\/div>\n<div>\n<table style=\"width: 100%;\" cellspacing=\"0\" cellpadding=\"0\">\n<tbody>\n<tr>\n<td style=\"width: 120px; font-weight: bold;\">\u0646\u0648\u0631\u0645<\/td>\n<td style=\"width: 400px; text-align: left;\">SAE J517<br \/>\nSAE 100 R7<br \/>\nISO 3949<br \/>\n\u0628\u0648\u0631\u0635\u0629 \u0637\u0648\u0643\u064a\u0648 11191<br \/>\nEN 855<\/td>\n<td style=\"width: 120px; font-weight: bold;\">\u0644\u0648\u0646<\/td>\n<td style=\"width: 400px;\">\n<div class=\"color-icons\"><img decoding=\"async\" src=\"data:image\/svg+xml;base64,PHN2ZyB2aWV3Qm94PSIwIDAgMTAwIDEwMCIgeG1sbnM9Imh0dHA6Ly93d3cudzMub3JnLzIwMDAvc3ZnIj4KICA8Y2lyY2xlIGN4PSI1MCIgY3k9IjUwIiByPSI0OSIgZmlsbD0iIzQ2QTZEOCIgc3Ryb2tlPSJibGFjayIgc3Ryb2tlLXdpZHRoPSIwLjUiLz4KICA8Y2lyY2xlIGN4PSI1MCIgY3k9IjUwIiByPSIzOCIgZmlsbD0id2hpdGUiIHN0cm9rZT0iYmxhY2siIHN0cm9rZS13aWR0aD0iMC41Ii8+CiAgPGNpcmNsZSBjeD0iNTAiIGN5PSI1MCIgcj0iMzMiIGZpbGw9IiNGRkQ3MDAiIHN0cm9rZT0iYmxhY2siIHN0cm9rZS13aWR0aD0iMC41Ii8+CiAgPGNpcmNsZSBjeD0iNTAiIGN5PSI1MCIgcj0iMjIiIGZpbGw9IndoaXRlIiBzdHJva2U9ImJsYWNrIiBzdHJva2Utd2lkdGg9IjAuNSIvPgo8L3N2Zz4=\" alt=\"\" title=\"\"><br \/>\n<img decoding=\"async\" src=\"data:image\/svg+xml;base64,PHN2ZyB2aWV3Qm94PSIwIDAgMTAwIDEwMCIgeG1sbnM9Imh0dHA6Ly93d3cudzMub3JnLzIwMDAvc3ZnIj4KICA8Y2lyY2xlIGN4PSI1MCIgY3k9IjUwIiByPSI0OSIgZmlsbD0iIzAwMDAwMCIgc3Ryb2tlPSJibGFjayIgc3Ryb2tlLXdpZHRoPSIwLjUiLz4KICA8Y2lyY2xlIGN4PSI1MCIgY3k9IjUwIiByPSIzOCIgZmlsbD0id2hpdGUiIHN0cm9rZT0iYmxhY2siIHN0cm9rZS13aWR0aD0iMC41Ii8+CiAgPGNpcmNsZSBjeD0iNTAiIGN5PSI1MCIgcj0iMzMiIGZpbGw9IiNGRkREMDAiIHN0cm9rZT0iYmxhY2siIHN0cm9rZS13aWR0aD0iMC41Ii8+CiAgPGNpcmNsZSBjeD0iNTAiIGN5PSI1MCIgcj0iMjIiIGZpbGw9IndoaXRlIiBzdHJva2U9ImJsYWNrIiBzdHJva2Utd2lkdGg9IjAuNSIvPgo8L3N2Zz4=\" alt=\"\" title=\"\"><\/div>\n<\/td>\n<\/tr>\n<\/tbody>\n<\/table>\n<\/div>\n<\/div>\n<\/div>","protected":false},"excerpt":{"rendered":"<p>&nbsp; \u00dcr\u00fcn Ad\u0131: SELPAINT HD SAE 100 R7 TWIN \u00dcr\u00fcn Kodu: PHDTW421 Tekstil \u00d6rg\u00fcl\u00fc Orta-Y\u00fcksek Bas\u0131n\u00e7 R7 Solvent ve Boya \u0130kiz Kullanim Alan\u0131 : Su bazl\u0131 s\u0131v\u0131lar, \u00e7\u00f6z\u00fcc\u00fcler, boyalar ve hidrolik ya\u011flar i\u00e7in orta-y\u00fcksek bas\u0131n\u00e7ta kullan\u0131ma uygundur. Alt Katman : Solventlere, boyalara ve hidrolik ya\u011flara dayan\u0131kl\u0131 poliamid. Takviye Katman\u0131 : 2 Kat Y\u00fcksek Mukavemetli Polyester [&#8230;]\n","protected":false},"featured_media":22685,"comment_status":"open","ping_status":"closed","template":"","meta":{"jetpack_post_was_ever_published":false},"product_brand":[],"product_cat":[2392],"product_tag":[],"class_list":{"0":"post-22687","1":"product","2":"type-product","3":"status-publish","4":"has-post-thumbnail","6":"product_cat-stb","8":"first","9":"instock","10":"taxable","11":"shipping-taxable","12":"product-type-simple"},"jetpack-related-posts":[{"id":22684,"url":"https:\/\/tuzlahortum.com.tr\/ar\/product\/selpaint-hd-sae-100-r7\/","url_meta":{"origin":22687,"position":0},"title":"\u0633\u064a\u0644\u0628\u0627\u064a\u0646\u062a HD SAE 100 R7","author":"admin","date":"11 \u0623\u063a\u0633\u0637\u0633 2025","format":false,"excerpt":"\u00a0 \u00dcr\u00fcn Ad\u0131: SELPAINT HD SAE 100 R7 \u00dcr\u00fcn Kodu: PHD420 Tekstil \u00d6rg\u00fcl\u00fc Orta-Y\u00fcksek Bas\u0131n\u00e7 R7 Solvent ve Boya Kullanim Alan\u0131 : Su bazl\u0131 s\u0131v\u0131lar, \u00e7\u00f6z\u00fcc\u00fcler, boyalar ve hidrolik ya\u011flar i\u00e7in orta-y\u00fcksek bas\u0131n\u00e7ta kullan\u0131ma uygundur. Alt Katman : Solventlere, Boyalara ve Hidrolik Ya\u011flara Dayan\u0131kl\u0131 Poliamid. Takviye Katman\u0131 : 2 Kat\u2026","rel":"","context":"\u062a\u062f\u0648\u064a\u0646\u0629 \u0645\u0634\u0627\u0628\u0647\u0629","block_context":{"text":"\u062a\u062f\u0648\u064a\u0646\u0629 \u0645\u0634\u0627\u0628\u0647\u0629","link":""},"img":{"alt_text":"","src":"https:\/\/i0.wp.com\/tuzlahortum.com.tr\/wp-content\/uploads\/2025\/08\/THERMO_20.png?fit=583%2C583&ssl=1&resize=350%2C200","width":350,"height":200,"srcset":"https:\/\/i0.wp.com\/tuzlahortum.com.tr\/wp-content\/uploads\/2025\/08\/THERMO_20.png?fit=583%2C583&ssl=1&resize=350%2C200 1x, https:\/\/i0.wp.com\/tuzlahortum.com.tr\/wp-content\/uploads\/2025\/08\/THERMO_20.png?fit=583%2C583&ssl=1&resize=525%2C300 1.5x"},"classes":[]},{"id":22711,"url":"https:\/\/tuzlahortum.com.tr\/ar\/product\/selpaint-ar-2-sae-100-r8-twin\/","url_meta":{"origin":22687,"position":1},"title":"\u0637\u0644\u0627\u0621 \u0633\u064a\u0644\u0628\u0627\u064a\u0646\u062a AR-2 SAE 100 R8 \u0627\u0644\u0645\u0632\u062f\u0648\u062c","author":"admin","date":"11 \u0623\u063a\u0633\u0637\u0633 2025","format":false,"excerpt":"\u00a0 \u00dcr\u00fcn Ad\u0131: SELPAINT AR-2 SAE 100 R8 TWIN \u00dcr\u00fcn Kodu: PAR2TW471 Tekstil (Aramid) \u00d6rg\u00fcl\u00fc \u00c7ok Y\u00fcksek Bas\u0131n\u00e7 R8 Solvent ve Boya \u0130kiz Kullanim Alan\u0131 : Su bazl\u0131 s\u0131v\u0131lar, \u00e7\u00f6z\u00fcc\u00fcler, boyalar ve hidrolik ya\u011flar i\u00e7in \u00e7ok y\u00fcksek bas\u0131n\u00e7. Alt Katman : Solventlere, boyalara ve hidrolik ya\u011flara dayan\u0131kl\u0131 poliamid. Takviye Katman\u0131\u2026","rel":"","context":"\u062a\u062f\u0648\u064a\u0646\u0629 \u0645\u0634\u0627\u0628\u0647\u0629","block_context":{"text":"\u062a\u062f\u0648\u064a\u0646\u0629 \u0645\u0634\u0627\u0628\u0647\u0629","link":""},"img":{"alt_text":"","src":"https:\/\/i0.wp.com\/tuzlahortum.com.tr\/wp-content\/uploads\/2025\/08\/THERMO_29.png?fit=563%2C563&ssl=1&resize=350%2C200","width":350,"height":200,"srcset":"https:\/\/i0.wp.com\/tuzlahortum.com.tr\/wp-content\/uploads\/2025\/08\/THERMO_29.png?fit=563%2C563&ssl=1&resize=350%2C200 1x, https:\/\/i0.wp.com\/tuzlahortum.com.tr\/wp-content\/uploads\/2025\/08\/THERMO_29.png?fit=563%2C563&ssl=1&resize=525%2C300 1.5x"},"classes":[]},{"id":22681,"url":"https:\/\/tuzlahortum.com.tr\/ar\/product\/selpaint-md-twin\/","url_meta":{"origin":22687,"position":2},"title":"\u0633\u064a\u0644\u0628\u0627\u064a\u0646\u062a MD \u062a\u0648\u064a\u0646","author":"admin","date":"11 \u0623\u063a\u0633\u0637\u0633 2025","format":false,"excerpt":"\u00a0 \u00dcr\u00fcn Ad\u0131: SELPAINT MD TWIN \u00dcr\u00fcn Kodu: PMDTW411 Tekstil \u00d6rg\u00fcl\u00fc Orta Bas\u0131n\u00e7 Solvent ve Boya \u0130kiz Kullanim Alan\u0131 : Su bazl\u0131 s\u0131v\u0131lar, \u00e7\u00f6z\u00fcc\u00fcler, boyalar ve hidrolik ya\u011flar i\u00e7in orta bas\u0131n\u00e7ta kullan\u0131ma uygundur. Alt Katman : Solventlere, boyalara ve hidrolik ya\u011flara dayan\u0131kl\u0131 poliamid. Takviye Katman\u0131 : Y\u00fcksek Mukavemetli Polyester Fiber\u2026","rel":"","context":"\u062a\u062f\u0648\u064a\u0646\u0629 \u0645\u0634\u0627\u0628\u0647\u0629","block_context":{"text":"\u062a\u062f\u0648\u064a\u0646\u0629 \u0645\u0634\u0627\u0628\u0647\u0629","link":""},"img":{"alt_text":"","src":"https:\/\/i0.wp.com\/tuzlahortum.com.tr\/wp-content\/uploads\/2025\/08\/THERMO_19.png?fit=571%2C571&ssl=1&resize=350%2C200","width":350,"height":200,"srcset":"https:\/\/i0.wp.com\/tuzlahortum.com.tr\/wp-content\/uploads\/2025\/08\/THERMO_19.png?fit=571%2C571&ssl=1&resize=350%2C200 1x, https:\/\/i0.wp.com\/tuzlahortum.com.tr\/wp-content\/uploads\/2025\/08\/THERMO_19.png?fit=571%2C571&ssl=1&resize=525%2C300 1.5x"},"classes":[]},{"id":22717,"url":"https:\/\/tuzlahortum.com.tr\/ar\/product\/selpaint-arst-twin\/","url_meta":{"origin":22687,"position":3},"title":"\u0633\u064a\u0644\u0628\u0627\u0646 \u0623\u0631\u0633\u062a \u062a\u0648\u064a\u0646","author":"admin","date":"11 \u0623\u063a\u0633\u0637\u0633 2025","format":false,"excerpt":"\u00a0 \u00dcr\u00fcn Ad\u0131: SELPAINT ARST TWIN \u00dcr\u00fcn Kodu: PSTARTW351 Tekstil (Aramid) ve \u00c7elik Takviyeli \u00c7ok Y\u00fcksek Bas\u0131n\u00e7 Solvent ve Boya \u0130kiz Kullanim Alan\u0131 : Su bazl\u0131 s\u0131v\u0131lar, \u00e7\u00f6z\u00fcc\u00fcler, boyalar ve hidrolik ya\u011flar i\u00e7in \u00e7ok y\u00fcksek bas\u0131n\u00e7 alt\u0131nda kullan\u0131l\u0131r. Alt Katman : \u00c7\u00f6z\u00fcc\u00fclere, Boyalara ve Hidrolik Ya\u011flara Dayan\u0131kl\u0131 Poliamid. Takviye Katman\u0131\u2026","rel":"","context":"\u062a\u062f\u0648\u064a\u0646\u0629 \u0645\u0634\u0627\u0628\u0647\u0629","block_context":{"text":"\u062a\u062f\u0648\u064a\u0646\u0629 \u0645\u0634\u0627\u0628\u0647\u0629","link":""},"img":{"alt_text":"","src":"https:\/\/i0.wp.com\/tuzlahortum.com.tr\/wp-content\/uploads\/2025\/08\/THERMO_31.png?fit=562%2C562&ssl=1&resize=350%2C200","width":350,"height":200,"srcset":"https:\/\/i0.wp.com\/tuzlahortum.com.tr\/wp-content\/uploads\/2025\/08\/THERMO_31.png?fit=562%2C562&ssl=1&resize=350%2C200 1x, https:\/\/i0.wp.com\/tuzlahortum.com.tr\/wp-content\/uploads\/2025\/08\/THERMO_31.png?fit=562%2C562&ssl=1&resize=525%2C300 1.5x"},"classes":[]},{"id":22648,"url":"https:\/\/tuzlahortum.com.tr\/ar\/product\/selpo-hd-sae-100-r7-twin\/","url_meta":{"origin":22687,"position":4},"title":"\u0633\u064a\u0644\u0628\u0648 HD SAE 100 R7 \u0627\u0644\u062a\u0648\u0623\u0645 100 R7","author":"admin","date":"11 \u0623\u063a\u0633\u0637\u0633 2025","format":false,"excerpt":"\u00a0 \u00dcr\u00fcn Ad\u0131: SELPO HD SAE 100 R7 TWIN \u00dcr\u00fcn Kodu: POHDTW151 Tekstil \u00d6rg\u00fcl\u00fc Orta-Y\u00fcksek Bas\u0131n\u00e7 R7 \u0130kiz Kullanim Alan\u0131 : Hava, su, mineral ve\/veya sentetik ya\u011flar\u0131n orta-y\u00fcksek bas\u0131n\u00e7ta tahliyesi i\u00e7in. Alt Katman : Hidrolik Ya\u011flara, Hava ve Su Bazl\u0131 Ak\u0131\u015fkanlara Dayan\u0131kl\u0131 Polyester. Takviye Katman\u0131 : 2 Kat Y\u00fcksek Mukavemetli\u2026","rel":"","context":"\u062a\u062f\u0648\u064a\u0646\u0629 \u0645\u0634\u0627\u0628\u0647\u0629","block_context":{"text":"\u062a\u062f\u0648\u064a\u0646\u0629 \u0645\u0634\u0627\u0628\u0647\u0629","link":""},"img":{"alt_text":"","src":"https:\/\/i0.wp.com\/tuzlahortum.com.tr\/wp-content\/uploads\/2025\/08\/THERMO_7.png?fit=540%2C540&ssl=1&resize=350%2C200","width":350,"height":200,"srcset":"https:\/\/i0.wp.com\/tuzlahortum.com.tr\/wp-content\/uploads\/2025\/08\/THERMO_7.png?fit=540%2C540&ssl=1&resize=350%2C200 1x, https:\/\/i0.wp.com\/tuzlahortum.com.tr\/wp-content\/uploads\/2025\/08\/THERMO_7.png?fit=540%2C540&ssl=1&resize=525%2C300 1.5x"},"classes":[]},{"id":22705,"url":"https:\/\/tuzlahortum.com.tr\/ar\/product\/selpaint-ar-1-twin\/","url_meta":{"origin":22687,"position":5},"title":"\u0633\u064a\u0644\u0628\u0627\u064a\u0646\u062a \u0622\u0631-1 \u062a\u0648\u064a\u0646","author":"admin","date":"11 \u0623\u063a\u0633\u0637\u0633 2025","format":false,"excerpt":"\u00a0 \u00dcr\u00fcn Ad\u0131: SELPAINT AR-1 TWIN \u00dcr\u00fcn Kodu: PAR1TW451 Tekstil (Aramid) \u00d6rg\u00fcl\u00fc \u00c7ok Y\u00fcksek Bas\u0131n\u00e7 Solvent ve Boya \u0130kiz Kullanim Alan\u0131 : Su bazl\u0131 s\u0131v\u0131lar, \u00e7\u00f6z\u00fcc\u00fcler, boyalar ve hidrolik ya\u011flar i\u00e7in y\u00fcksek bas\u0131n\u00e7 alt\u0131nda kullan\u0131ma uygundur. Alt Katman : Solventlere, boyalara ve hidrolik ya\u011flara dayan\u0131kl\u0131 poliamid. Takviye Katman\u0131 : \u00c7ok\u2026","rel":"","context":"\u062a\u062f\u0648\u064a\u0646\u0629 \u0645\u0634\u0627\u0628\u0647\u0629","block_context":{"text":"\u062a\u062f\u0648\u064a\u0646\u0629 \u0645\u0634\u0627\u0628\u0647\u0629","link":""},"img":{"alt_text":"","src":"https:\/\/i0.wp.com\/tuzlahortum.com.tr\/wp-content\/uploads\/2025\/08\/THERMO_27.png?fit=559%2C559&ssl=1&resize=350%2C200","width":350,"height":200,"srcset":"https:\/\/i0.wp.com\/tuzlahortum.com.tr\/wp-content\/uploads\/2025\/08\/THERMO_27.png?fit=559%2C559&ssl=1&resize=350%2C200 1x, https:\/\/i0.wp.com\/tuzlahortum.com.tr\/wp-content\/uploads\/2025\/08\/THERMO_27.png?fit=559%2C559&ssl=1&resize=525%2C300 1.5x"},"classes":[]}],"jetpack_sharing_enabled":true,"jetpack_likes_enabled":true,"_links":{"self":[{"href":"https:\/\/tuzlahortum.com.tr\/ar\/wp-json\/wp\/v2\/product\/22687","targetHints":{"allow":["GET"]}}],"collection":[{"href":"https:\/\/tuzlahortum.com.tr\/ar\/wp-json\/wp\/v2\/product"}],"about":[{"href":"https:\/\/tuzlahortum.com.tr\/ar\/wp-json\/wp\/v2\/types\/product"}],"replies":[{"embeddable":true,"href":"https:\/\/tuzlahortum.com.tr\/ar\/wp-json\/wp\/v2\/comments?post=22687"}],"wp:featuredmedia":[{"embeddable":true,"href":"https:\/\/tuzlahortum.com.tr\/ar\/wp-json\/wp\/v2\/media\/22685"}],"wp:attachment":[{"href":"https:\/\/tuzlahortum.com.tr\/ar\/wp-json\/wp\/v2\/media?parent=22687"}],"wp:term":[{"taxonomy":"product_brand","embeddable":true,"href":"https:\/\/tuzlahortum.com.tr\/ar\/wp-json\/wp\/v2\/product_brand?post=22687"},{"taxonomy":"product_cat","embeddable":true,"href":"https:\/\/tuzlahortum.com.tr\/ar\/wp-json\/wp\/v2\/product_cat?post=22687"},{"taxonomy":"product_tag","embeddable":true,"href":"https:\/\/tuzlahortum.com.tr\/ar\/wp-json\/wp\/v2\/product_tag?post=22687"}],"curies":[{"name":"\u062f\u0628\u0644\u064a\u0648 \u0628\u064a","href":"https:\/\/api.w.org\/{rel}","templated":true}]}}