{"id":21878,"date":"2025-08-11T11:45:26","date_gmt":"2025-08-11T08:45:26","guid":{"rendered":"https:\/\/tuzlahortum.com.tr\/urun\/letoon-md\/"},"modified":"2025-08-20T15:11:48","modified_gmt":"2025-08-20T12:11:48","slug":"letoon-md","status":"publish","type":"product","link":"https:\/\/tuzlahortum.com.tr\/ar\/product\/letoon-md\/","title":{"rendered":"\u0644\u064a\u062a\u0648\u0646 \u062f\u0643\u062a\u0648\u0631\u0627\u0647 \u0641\u064a \u0627\u0644\u0637\u0628"},"content":{"rendered":"<p>&nbsp;<\/p>\n<div class=\"report-container\">\n<div class=\"report-header\">\n<div class=\"standard-text\">\u0627\u0633\u0645 \u0627\u0644\u0645\u0646\u062a\u062c: \u0644\u064a\u062a\u0648\u0646 \u0625\u0645 \u062f\u064a<\/div>\n<div class=\"standard-text\">\u0631\u0645\u0632 \u0627\u0644\u0645\u0646\u062a\u062c: TSF51<\/div>\n<\/div>\n<div class=\"product-image-container\">\n<div class=\"key-feature\">\u0634\u0641\u0637 \u0648\u0636\u063a\u0637 \u0627\u0644\u062e\u062f\u0645\u0629 \u0627\u0644\u0645\u062a\u0648\u0633\u0637\u0629<\/div>\n<\/div>\n<div class=\"horizontal-line\"><\/div>\n<div class=\"product-details\">\n<div class=\"detail-row\">\n<div class=\"detail-label\">\u0645\u0646\u0637\u0642\u0629 \u0627\u0644\u0627\u0633\u062a\u062e\u062f\u0627\u0645<\/div>\n<div class=\"detail-value\">: \u0639\u0645\u0644\u064a\u0627\u062a \u0634\u0641\u0637 \u0648\u0646\u0642\u0644 \u0627\u0644\u0645\u064a\u0627\u0647\u060c \u0648\u0627\u0644\u0645\u064a\u0627\u0647 \u0627\u0644\u0645\u0639\u062f\u0646\u064a\u0629\u060c \u0648\u0627\u0644\u062d\u0644\u064a\u0628\u060c \u0648\u0639\u0635\u0627\u0626\u0631 \u0627\u0644\u0641\u0627\u0643\u0647\u0629\u060c \u0648\u0627\u0644\u0633\u0648\u0627\u0626\u0644 \u0627\u0644\u063a\u0630\u0627\u0626\u064a\u0629\u060c \u0625\u0644\u062e... \u0628\u062d\u0645\u0648\u0644\u0629 \u0645\u062a\u0648\u0633\u0637\u0629.<\/div>\n<\/div>\n<div class=\"detail-row\">\n<div class=\"detail-label\">\u0627\u0644\u0637\u0628\u0642\u0629 \u0627\u0644\u0633\u0641\u0644\u0649<\/div>\n<div class=\"detail-value\">: \u0628\u0648\u0644\u064a \u0643\u0644\u0648\u0631\u064a\u062f \u0627\u0644\u0641\u064a\u0646\u064a\u0644 \u0627\u0644\u0628\u0644\u0627\u0633\u062a\u064a\u0643\u064a \u0627\u0644\u0642\u0648\u064a \u0648\u0627\u0644\u0645\u0631\u0646 \u0648\u0627\u0644\u0633\u0644\u0633.<\/div>\n<\/div>\n<div class=\"detail-row\">\n<div class=\"detail-label\">\u0637\u0628\u0642\u0629 \u0627\u0644\u062a\u0639\u0632\u064a\u0632<\/div>\n<div class=\"detail-value\">: \u0628\u0648\u0644\u064a \u0643\u0644\u0648\u0631\u064a\u062f \u0627\u0644\u0641\u064a\u0646\u064a\u0644 \u0627\u0644\u062d\u0644\u0632\u0648\u0646\u064a \u0627\u0644\u0645\u0642\u0627\u0648\u0645 \u0644\u0644\u0635\u062f\u0645\u0627\u062a.<\/div>\n<\/div>\n<div class=\"detail-row\">\n<div class=\"detail-label\">\u0627\u0644\u0637\u0628\u0642\u0629 \u0627\u0644\u0639\u0644\u064a\u0627<\/div>\n<div class=\"detail-value\">: \u0645\u0642\u0627\u0648\u0645 \u0644\u0644\u0633\u062d\u0642 \u0648\u0627\u0644\u062a\u0622\u0643\u0644 \u0648\u0627\u0644\u0639\u0648\u0627\u0645\u0644 \u0627\u0644\u062c\u0648\u064a\u0629\u060c \u062e\u0627\u0631\u062c\u064a \u0645\u0645\u0648\u062c \u062e\u0641\u064a\u0641 \u0627\u0644\u0648\u0632\u0646.<\/div>\n<\/div>\n<\/div>\n<div class=\"datasheet_table\"><img decoding=\"async\" class=\"alignnone size-full\" src=\"https:\/\/tuzlahortum.com.tr\/wp-content\/uploads\/2025\/08\/datasheet445.svg\" alt=\"\" title=\"\"><\/div>\n<div class=\"table-notes\">\u0623\u064f\u062c\u0631\u064a\u062a \u0627\u062e\u062a\u0628\u0627\u0631\u0627\u062a \u0645\u062d\u0627\u0643\u0627\u0629 \u0647\u062c\u0631\u0629 \u0627\u0644\u0645\u0648\u0627\u062f \u0627\u0644\u0643\u064a\u0645\u064a\u0627\u0626\u064a\u0629 \u0627\u0644\u0633\u0627\u0626\u0644\u0629 \u0644\u0644\u0645\u0646\u062a\u062c\u0627\u062a \u0627\u0644\u0645\u0644\u0627\u0645\u0633\u0629 \u0644\u0644\u0623\u063a\u0630\u064a\u0629 \u0639\u0646\u062f \u062f\u0631\u062c\u0629 \u062d\u0631\u0627\u0631\u0629 40 \u062f\u0631\u062c\u0629 \u0645\u0626\u0648\u064a\u0629 \u0644\u0645\u062f\u0629 10 \u0623\u064a\u0627\u0645 \u0648\u0641\u0642\u064b\u0627 \u0644\u0644\u0627\u0626\u062d\u0629 \u0627\u0644\u0625\u0637\u0627\u0631\u064a\u0629 (EC) \u0631\u0642\u0645 1935\/2004 \u0648\u0644\u0627\u0626\u062d\u0629 (\u0627\u0644\u0627\u062a\u062d\u0627\u062f \u0627\u0644\u0623\u0648\u0631\u0648\u0628\u064a) \u0631\u0642\u0645 10\/2011 \u0648\u0627\u0644\u0644\u0627\u0626\u062d\u0629 \u0627\u0644\u0645\u0639\u062f\u0644\u0629 (\u0627\u0644\u0627\u062a\u062d\u0627\u062f \u0627\u0644\u0623\u0648\u0631\u0648\u0628\u064a) \u0631\u0642\u0645 2016\/1416.<\/div>\n<div class=\"horizontal-line\"><\/div>\n<div class=\"footer\">\n<div class=\"standards-section\">\n<div class=\"standard-item\" style=\"margin-top: 9px;\"><\/div>\n<div class=\"standard-info\"><\/div>\n<\/div>\n<div class=\"temperature-section\">\n<div class=\"temp-icon\"><img decoding=\"async\" src=\"data:image\/svg+xml;base64,PD94bWwgdmVyc2lvbj0iMS4wIiBlbmNvZGluZz0iVVRGLTgiPz4KPHN2ZyBpZD0ia2F0bWFuXzIiIGRhdGEtbmFtZT0ia2F0bWFuIDIiIHhtbG5zPSJodHRwOi8vd3d3LnczLm9yZy8yMDAwL3N2ZyIgdmlld0JveD0iMCAwIDcyLjI3IDE2Ljk4Ij4KICA8ZGVmcz4KICAgIDxzdHlsZT4KICAgICAgLmNscy0xIHsKICAgICAgICBzdHJva2Utd2lkdGg6IC41OXB4OwogICAgICB9CgogICAgICAuY2xzLTEsIC5jbHMtMiwgLmNscy0zLCAuY2xzLTQgewogICAgICAgIGZpbGw6IG5vbmU7CiAgICAgICAgc3Ryb2tlLW1pdGVybGltaXQ6IDMuODY7CiAgICAgIH0KCiAgICAgIC5jbHMtMSwgLmNscy0zLCAuY2xzLTQgewogICAgICAgIHN0cm9rZTogI2E3YTlhYjsKICAgICAgfQoKICAgICAgLmNscy01IHsKICAgICAgICBmaWxsOiAjYTdhOWFiOwogICAgICB9CgogICAgICAuY2xzLTIgewogICAgICAgIHN0cm9rZTogI2ZmZjsKICAgICAgfQoKICAgICAgLmNscy0zIHsKICAgICAgICBzdHJva2Utd2lkdGg6IDIuMDZweDsKICAgICAgfQoKICAgICAgLmNscy00IHsKICAgICAgICBzdHJva2Utd2lkdGg6IC4ycHg7CiAgICAgIH0KICAgIDwvc3R5bGU+CiAgPC9kZWZzPgogIDxnIGlkPSJrYXRtYW5fMSIgZGF0YS1uYW1lPSJrYXRtYW4gMSI+CiAgICA8Zz4KICAgICAgPHBhdGggY2xhc3M9ImNscy0zIiBkPSJNMTEuMzQsMTEuNTdjLS45NCwxLjcxLTIuNzEsMi42Ni00LjgsMi42Ni0zLjA1LDAtNS41MS0yLjQ3LTUuNTEtNS41MlMzLjUsMy4xOSw2LjU1LDMuMTljMS45NCwwLDMuNjUsMSw0LjYzLDIuNTIiLz4KICAgICAgPGNpcmNsZSBjbGFzcz0iY2xzLTUiIGN4PSI2LjU1IiBjeT0iOC42NiIgcj0iMi40Ii8+CiAgICAgIDxjaXJjbGUgY2xhc3M9ImNscy0yIiBjeD0iNi41NSIgY3k9IjguNjYiIHI9IjIuNCIvPgogICAgICA8bGluZSBjbGFzcz0iY2xzLTMiIHgxPSI2OC4zNCIgeTE9IjExLjc2IiB4Mj0iOS45MiIgeTI9IjExLjc2Ii8+CiAgICAgIDxsaW5lIGNsYXNzPSJjbHMtMyIgeDE9IjY4Ljc4IiB5MT0iNS41MSIgeDI9IjkuNzMiIHkyPSI1LjUxIi8+CiAgICAgIDxsaW5lIGNsYXNzPSJjbHMtMyIgeDE9IjU0LjA3IiB5MT0iOC43NSIgeDI9IjguNjQiIHkyPSI4Ljc1Ii8+CiAgICAgIDxwYXRoIGNsYXNzPSJjbHMtMyIgZD0iTTY4LjE1LDUuNTVjMS43MSwwLDMuMDksMS4zOSwzLjA5LDMuMDlzLTEuOTIsMy4wNi0zLjYyLDMuMDYiLz4KICAgICAgPHBhdGggY2xhc3M9ImNscy01IiBkPSJNNTMuOTEsOC43NWMwLS4xNC4xMi0uMjYuMjYtLjI2cy4yNy4xMi4yNy4yNi0uMTIuMjctLjI3LjI3LS4yNi0uMTItLjI2LS4yN1oiLz4KICAgICAgPHBhdGggY2xhc3M9ImNscy0zIiBkPSJNNTMuOTEsOC43NWMwLS4xNC4xMi0uMjYuMjYtLjI2cy4yNy4xMi4yNy4yNi0uMTIuMjctLjI3LjI3LS4yNi0uMTItLjI2LS4yN1oiLz4KICAgICAgPGxpbmUgY2xhc3M9ImNscy0xIiB4MT0iMzYuNDMiIHkxPSIxNi45OCIgeDI9IjM2LjQzIiB5Mj0iMTQuMjQiLz4KICAgICAgPGxpbmUgY2xhc3M9ImNscy0xIiB4MT0iMjguMDUiIHkxPSIxNi45OCIgeDI9IjI4LjA1IiB5Mj0iMTQuMjQiLz4KICAgICAgPGxpbmUgY2xhc3M9ImNscy0xIiB4MT0iMTkuNTkiIHkxPSIxNi45OCIgeDI9IjE5LjU5IiB5Mj0iMTQuMjQiLz4KICAgICAgPGxpbmUgY2xhc3M9ImNscy0xIiB4MT0iNDEuNTciIHkxPSIyLjc0IiB4Mj0iNDEuNTciLz4KICAgICAgPGxpbmUgY2xhc3M9ImNscy0xIiB4MT0iMzMuMjgiIHkxPSIyLjc0IiB4Mj0iMzMuMjgiLz4KICAgICAgPGxpbmUgY2xhc3M9ImNscy0xIiB4MT0iMjQuOTkiIHkxPSIyLjc0IiB4Mj0iMjQuOTkiLz4KICAgICAgPGxpbmUgY2xhc3M9ImNscy0xIiB4MT0iMTYuMDgiIHkxPSIyLjc0IiB4Mj0iMTYuMDgiLz4KICAgICAgPGxpbmUgY2xhc3M9ImNscy0xIiB4MT0iNDQuNjMiIHkxPSIxNi45OCIgeDI9IjQ0LjYzIiB5Mj0iMTQuMjQiLz4KICAgICAgPGxpbmUgY2xhc3M9ImNscy0xIiB4MT0iNDkuNDkiIHkxPSIyLjc0IiB4Mj0iNDkuNDkiLz4KICAgICAgPGxpbmUgY2xhc3M9ImNscy00IiB4MT0iNDAuODgiIHkxPSIxNi45OCIgeDI9IjQwLjg4IiB5Mj0iMTQuMjQiLz4KICAgICAgPGxpbmUgY2xhc3M9ImNscy00IiB4MT0iMzIuMzMiIHkxPSIxNi45OCIgeDI9IjMyLjMzIiB5Mj0iMTQuMjQiLz4KICAgICAgPGxpbmUgY2xhc3M9ImNscy00IiB4MT0iMjMuNzkiIHkxPSIxNi45OCIgeDI9IjIzLjc5IiB5Mj0iMTQuMjQiLz4KICAgICAgPGxpbmUgY2xhc3M9ImNscy00IiB4MT0iMjAuNTkiIHkxPSIyLjc0IiB4Mj0iMjAuNTkiLz4KICAgICAgPGxpbmUgY2xhc3M9ImNscy00IiB4MT0iMjkuMTMiIHkxPSIyLjc0IiB4Mj0iMjkuMTMiLz4KICAgICAgPGxpbmUgY2xhc3M9ImNscy00IiB4MT0iMzcuMTYiIHkxPSIyLjc0IiB4Mj0iMzcuMTYiLz4KICAgICAgPGxpbmUgY2xhc3M9ImNscy00IiB4MT0iNDUuNzEiIHkxPSIyLjc0IiB4Mj0iNDUuNzEiLz4KICAgIDwvZz4KICA8L2c+Cjwvc3ZnPg==\" alt=\"S\u0131cakl\u0131k\" width=\"100\" title=\"\"><\/div>\n<div class=\"temp-values\">\n<div>-10 \u062f\u0631\u062c\u0629 \u0645\u0626\u0648\u064a\u0629 \/ +60 \u062f\u0631\u062c\u0629 \u0645\u0626\u0648\u064a\u0629<\/div>\n<div>-14 \u062f\u0631\u062c\u0629 \u0641\u0647\u0631\u0646\u0647\u0627\u064a\u062a \/ +140 \u062f\u0631\u062c\u0629 \u0641\u0647\u0631\u0646\u0647\u0627\u064a\u062a<\/div>\n<\/div>\n<\/div>\n<div class=\"marking-section\">\n<div class=\"detail-row\">\n<div class=\"detail-label\">\u0648\u0636\u0639 \u0627\u0644\u0639\u0644\u0627\u0645\u0627\u062a<\/div>\n<div class=\"detail-value\">: \u0627\u0644\u0646\u0627\u0641\u062b\u0629 \u0644\u0644\u062d\u0628\u0631 SEL LETOON MD<\/div>\n<\/div>\n<\/div>\n<div>\n<table style=\"width: 100%;\" cellspacing=\"0\" cellpadding=\"0\">\n<tbody>\n<tr>\n<td style=\"width: 120px; font-weight: bold;\">\u0646\u0648\u0631\u0645<\/td>\n<td style=\"width: 400px; text-align: left;\">ISO 1307<\/td>\n<td style=\"width: 120px; font-weight: bold;\">\u0644\u0648\u0646<\/td>\n<td style=\"width: 400px;\">\n<div class=\"color-icons\"><\/div>\n<\/td>\n<\/tr>\n<\/tbody>\n<\/table>\n<\/div>\n<\/div>\n<\/div>","protected":false},"excerpt":{"rendered":"<p>&nbsp; \u00dcr\u00fcn Ad\u0131: LETOON MD \u00dcr\u00fcn Kodu: TSF51 Orta Hizmet Emme ve Basma Kullanim Alan\u0131 : Orta Y\u00fckte Su, Maden Suyu, S\u00fct, Meyve Sular\u0131, G\u0131da S\u0131v\u0131lar\u0131 vb. i\u00e7in Emme ve Transfer \u0130\u015flemleri. Alt Katman : G\u00fc\u00e7l\u00fc, Esnek ve P\u00fcr\u00fczs\u00fcz Plastikle\u015ftirilmi\u015f PVC. Takviye Katman\u0131 : Darbeye Dayan\u0131kl\u0131 PVC Spiral. \u00dcst Katman : Ezilmeye, A\u015f\u0131nmaya ve Hava [&#8230;]\n","protected":false},"featured_media":21876,"comment_status":"open","ping_status":"closed","template":"","meta":{"jetpack_post_was_ever_published":false},"product_brand":[],"product_cat":[2378],"product_tag":[],"class_list":{"0":"post-21878","1":"product","2":"type-product","3":"status-publish","4":"has-post-thumbnail","6":"product_cat-ge","8":"first","9":"instock","10":"taxable","11":"shipping-taxable","12":"product-type-simple"},"jetpack-related-posts":[{"id":21809,"url":"https:\/\/tuzlahortum.com.tr\/ar\/product\/medusa-md\/","url_meta":{"origin":21878,"position":0},"title":"MEDUSA MD","author":"admin","date":"11 \u0623\u063a\u0633\u0637\u0633 2025","format":false,"excerpt":"\u00a0 \u00dcr\u00fcn Ad\u0131: MEDUSA MD \u00dcr\u00fcn Kodu: TSG07 Orta Hizmet Emme ve Basma Kullanim Alan\u0131 : Tar\u0131m, sanayi uygulamalar\u0131 ve in\u015faatlarda orta y\u00fckte su, tuzlu su, hafif kimyasallar, s\u0131v\u0131lar vb. emi\u015f ve transferi i\u00e7in uygundur. Alt Katman : G\u00fc\u00e7l\u00fc, Esnek ve P\u00fcr\u00fczs\u00fcz Plastikle\u015ftirilmi\u015f PVC. Takviye Katman\u0131 : Darbeye Dayan\u0131kl\u0131 PVC\u2026","rel":"","context":"\u062a\u062f\u0648\u064a\u0646\u0629 \u0645\u0634\u0627\u0628\u0647\u0629","block_context":{"text":"\u062a\u062f\u0648\u064a\u0646\u0629 \u0645\u0634\u0627\u0628\u0647\u0629","link":""},"img":{"alt_text":"","src":"https:\/\/i0.wp.com\/tuzlahortum.com.tr\/wp-content\/uploads\/2025\/08\/PVC_17.png?fit=443%2C443&ssl=1&resize=350%2C200","width":350,"height":200},"classes":[]},{"id":21866,"url":"https:\/\/tuzlahortum.com.tr\/ar\/product\/pegasus-md\/","url_meta":{"origin":21878,"position":1},"title":"\u0628\u064a\u062c\u0627\u0633\u0648\u0633 \u062f\u0643\u062a\u0648\u0631\u0627\u0647 \u0641\u064a \u0627\u0644\u0637\u0628","author":"admin","date":"11 \u0623\u063a\u0633\u0637\u0633 2025","format":false,"excerpt":"\u00a0 \u00dcr\u00fcn Ad\u0131: PEGASUS MD \u00dcr\u00fcn Kodu: TSO40 Orta Hizmet Ya\u011f Emme ve Basma Kullanim Alan\u0131 : End\u00fcstriyel ya\u011flar ve yak\u0131tlar\u0131n orta seviyede emi\u015f ve transferi i\u00e7in uygundur. Alt Katman : G\u00fc\u00e7l\u00fc, Esnek ve P\u00fcr\u00fczs\u00fcz Ya\u011f Diren\u00e7li PVC\/NBR Bile\u015fi\u011fi. Takviye Katman\u0131 : Darbeye Dayan\u0131kl\u0131 PVC Spiral. \u00dcst Katman : Ezilmeye,\u2026","rel":"","context":"\u062a\u062f\u0648\u064a\u0646\u0629 \u0645\u0634\u0627\u0628\u0647\u0629","block_context":{"text":"\u062a\u062f\u0648\u064a\u0646\u0629 \u0645\u0634\u0627\u0628\u0647\u0629","link":""},"img":{"alt_text":"","src":"https:\/\/i0.wp.com\/tuzlahortum.com.tr\/wp-content\/uploads\/2025\/08\/PVC_41.png?fit=444%2C444&ssl=1&resize=350%2C200","width":350,"height":200},"classes":[]},{"id":21899,"url":"https:\/\/tuzlahortum.com.tr\/ar\/product\/salamis-md\/","url_meta":{"origin":21878,"position":2},"title":"\u0633\u0644\u0627\u0645\u064a\u0633 \u062f\u0643\u062a\u0648\u0631\u0627\u0647 \u0641\u064a \u0627\u0644\u0637\u0628","author":"admin","date":"11 \u0623\u063a\u0633\u0637\u0633 2025","format":false,"excerpt":"\u00a0 \u00dcr\u00fcn Ad\u0131: SALAMIS MD \u00dcr\u00fcn Kodu: TSV62 Orta Hizmet Hava Emme ve Basma Kullanim Alan\u0131 : End\u00fcstriyel Havaland\u0131rma ve Hava Ak\u0131\u015f Sistemleri. Toz, hava, gazlar, tozlar, s\u0131v\u0131lar vb. emi\u015fi. Alt Katman : Son derece hafif ve esnekle\u015ftirilmi\u015f PVC. Takviye Katman\u0131 : Darbeye Dayan\u0131kl\u0131 PVC Spiral. \u00dcst Katman : Ezilmeye,\u2026","rel":"","context":"\u062a\u062f\u0648\u064a\u0646\u0629 \u0645\u0634\u0627\u0628\u0647\u0629","block_context":{"text":"\u062a\u062f\u0648\u064a\u0646\u0629 \u0645\u0634\u0627\u0628\u0647\u0629","link":""},"img":{"alt_text":"","src":"https:\/\/i0.wp.com\/tuzlahortum.com.tr\/wp-content\/uploads\/2025\/08\/PVC_54.png?fit=447%2C447&ssl=1&resize=350%2C200","width":350,"height":200},"classes":[]},{"id":22639,"url":"https:\/\/tuzlahortum.com.tr\/ar\/product\/selpo-md\/","url_meta":{"origin":21878,"position":3},"title":"SELPO MD","author":"admin","date":"11 \u0623\u063a\u0633\u0637\u0633 2025","format":false,"excerpt":"\u00a0 \u00dcr\u00fcn Ad\u0131: SELPO MD \u00dcr\u00fcn Kodu: POMD140 Tekstil \u00d6rg\u00fcl\u00fc Orta Bas\u0131n\u00e7 Kullanim Alan\u0131 : Orta bas\u0131n\u00e7ta hava, su, mineral ve\/veya sentetik ya\u011flar\u0131n de\u015farj\u0131 i\u00e7in. Alt Katman : Hidrolik Ya\u011flara, Hava ve Su Bazl\u0131 Ak\u0131\u015fkanlara Dayan\u0131kl\u0131 Polyester. Takviye Katman\u0131 : Y\u00fcksek Mukavemetli Polyester Fiber \u00d6rg\u00fc. \u00dcst Katman : Ya\u011fa, A\u015f\u0131nmaya\u2026","rel":"","context":"\u062a\u062f\u0648\u064a\u0646\u0629 \u0645\u0634\u0627\u0628\u0647\u0629","block_context":{"text":"\u062a\u062f\u0648\u064a\u0646\u0629 \u0645\u0634\u0627\u0628\u0647\u0629","link":""},"img":{"alt_text":"","src":"https:\/\/i0.wp.com\/tuzlahortum.com.tr\/wp-content\/uploads\/2025\/08\/THERMO_4.png?fit=590%2C590&ssl=1&resize=350%2C200","width":350,"height":200,"srcset":"https:\/\/i0.wp.com\/tuzlahortum.com.tr\/wp-content\/uploads\/2025\/08\/THERMO_4.png?fit=590%2C590&ssl=1&resize=350%2C200 1x, https:\/\/i0.wp.com\/tuzlahortum.com.tr\/wp-content\/uploads\/2025\/08\/THERMO_4.png?fit=590%2C590&ssl=1&resize=525%2C300 1.5x"},"classes":[]},{"id":22642,"url":"https:\/\/tuzlahortum.com.tr\/ar\/product\/selpo-md-twin\/","url_meta":{"origin":21878,"position":4},"title":"SELPO MD TWIN","author":"admin","date":"11 \u0623\u063a\u0633\u0637\u0633 2025","format":false,"excerpt":"\u00a0 \u00dcr\u00fcn Ad\u0131: SELPO MD TWIN \u00dcr\u00fcn Kodu: POMDTW141 Tekstil \u00d6rg\u00fcl\u00fc Orta Bas\u0131n\u00e7 \u0130kiz Kullanim Alan\u0131 : Hava, su, mineral ve\/veya sentetik ya\u011flar\u0131n orta bas\u0131n\u00e7ta tahliyesi i\u00e7in. Alt Katman : Hidrolik Ya\u011flar, Hava ve Su Bazl\u0131 Ak\u0131\u015fkanlara Dayan\u0131kl\u0131 Polyester. Takviye Katman\u0131 : Y\u00fcksek Mukavemetli Polyester Fiber \u00d6rg\u00fc. \u00dcst Katman :\u2026","rel":"","context":"\u062a\u062f\u0648\u064a\u0646\u0629 \u0645\u0634\u0627\u0628\u0647\u0629","block_context":{"text":"\u062a\u062f\u0648\u064a\u0646\u0629 \u0645\u0634\u0627\u0628\u0647\u0629","link":""},"img":{"alt_text":"","src":"https:\/\/i0.wp.com\/tuzlahortum.com.tr\/wp-content\/uploads\/2025\/08\/THERMO_5.png?fit=549%2C549&ssl=1&resize=350%2C200","width":350,"height":200,"srcset":"https:\/\/i0.wp.com\/tuzlahortum.com.tr\/wp-content\/uploads\/2025\/08\/THERMO_5.png?fit=549%2C549&ssl=1&resize=350%2C200 1x, https:\/\/i0.wp.com\/tuzlahortum.com.tr\/wp-content\/uploads\/2025\/08\/THERMO_5.png?fit=549%2C549&ssl=1&resize=525%2C300 1.5x"},"classes":[]},{"id":22678,"url":"https:\/\/tuzlahortum.com.tr\/ar\/product\/selpaint-md\/","url_meta":{"origin":21878,"position":5},"title":"SELPAINT MD","author":"admin","date":"11 \u0623\u063a\u0633\u0637\u0633 2025","format":false,"excerpt":"\u00a0 \u00dcr\u00fcn Ad\u0131: SELPAINT MD \u00dcr\u00fcn Kodu: PMD410 Tekstil \u00d6rg\u00fcl\u00fc Orta Bas\u0131n\u00e7 Solvent ve Boya Kullanim Alan\u0131 : Su bazl\u0131 s\u0131v\u0131lar, \u00e7\u00f6z\u00fcc\u00fcler, boyalar ve hidrolik ya\u011flar i\u00e7in orta bas\u0131n\u00e7ta kullan\u0131ma uygundur. Alt Katman : Solventlere, boyalara ve hidrolik ya\u011flara dayan\u0131kl\u0131 poliamid. Takviye Katman\u0131 : Y\u00fcksek Mukavemetli Polyester Fiber \u00d6rg\u00fc. \u00dcst\u2026","rel":"","context":"\u062a\u062f\u0648\u064a\u0646\u0629 \u0645\u0634\u0627\u0628\u0647\u0629","block_context":{"text":"\u062a\u062f\u0648\u064a\u0646\u0629 \u0645\u0634\u0627\u0628\u0647\u0629","link":""},"img":{"alt_text":"","src":"https:\/\/i0.wp.com\/tuzlahortum.com.tr\/wp-content\/uploads\/2025\/08\/THERMO_18.png?fit=587%2C587&ssl=1&resize=350%2C200","width":350,"height":200,"srcset":"https:\/\/i0.wp.com\/tuzlahortum.com.tr\/wp-content\/uploads\/2025\/08\/THERMO_18.png?fit=587%2C587&ssl=1&resize=350%2C200 1x, https:\/\/i0.wp.com\/tuzlahortum.com.tr\/wp-content\/uploads\/2025\/08\/THERMO_18.png?fit=587%2C587&ssl=1&resize=525%2C300 1.5x"},"classes":[]}],"jetpack_sharing_enabled":true,"jetpack_likes_enabled":true,"_links":{"self":[{"href":"https:\/\/tuzlahortum.com.tr\/ar\/wp-json\/wp\/v2\/product\/21878","targetHints":{"allow":["GET"]}}],"collection":[{"href":"https:\/\/tuzlahortum.com.tr\/ar\/wp-json\/wp\/v2\/product"}],"about":[{"href":"https:\/\/tuzlahortum.com.tr\/ar\/wp-json\/wp\/v2\/types\/product"}],"replies":[{"embeddable":true,"href":"https:\/\/tuzlahortum.com.tr\/ar\/wp-json\/wp\/v2\/comments?post=21878"}],"wp:featuredmedia":[{"embeddable":true,"href":"https:\/\/tuzlahortum.com.tr\/ar\/wp-json\/wp\/v2\/media\/21876"}],"wp:attachment":[{"href":"https:\/\/tuzlahortum.com.tr\/ar\/wp-json\/wp\/v2\/media?parent=21878"}],"wp:term":[{"taxonomy":"product_brand","embeddable":true,"href":"https:\/\/tuzlahortum.com.tr\/ar\/wp-json\/wp\/v2\/product_brand?post=21878"},{"taxonomy":"product_cat","embeddable":true,"href":"https:\/\/tuzlahortum.com.tr\/ar\/wp-json\/wp\/v2\/product_cat?post=21878"},{"taxonomy":"product_tag","embeddable":true,"href":"https:\/\/tuzlahortum.com.tr\/ar\/wp-json\/wp\/v2\/product_tag?post=21878"}],"curies":[{"name":"\u062f\u0628\u0644\u064a\u0648 \u0628\u064a","href":"https:\/\/api.w.org\/{rel}","templated":true}]}}