{"id":21824,"date":"2025-08-11T11:39:56","date_gmt":"2025-08-11T08:39:56","guid":{"rendered":"https:\/\/tuzlahortum.com.tr\/urun\/troy-st-se\/"},"modified":"2025-08-20T15:15:19","modified_gmt":"2025-08-20T12:15:19","slug":"troy-st-se","status":"publish","type":"product","link":"https:\/\/tuzlahortum.com.tr\/ar\/product\/troy-st-se\/","title":{"rendered":"\u0634\u0627\u0631\u0639 \u062a\u0631\u0648\u064a - \u062c\u0646\u0648\u0628 \u0634\u0631\u0642"},"content":{"rendered":"<p>&nbsp;<\/p>\n<div class=\"report-container\">\n<div class=\"report-header\">\n<div class=\"standard-text\">\u0627\u0633\u0645 \u0627\u0644\u0645\u0646\u062a\u062c: TROY ST - SE<\/div>\n<div class=\"standard-text\">\u0631\u0645\u0632 \u0627\u0644\u0645\u0646\u062a\u062c: TSG05<\/div>\n<\/div>\n<div class=\"product-image-container\">\n<div class=\"key-feature\">\u062c\u0647\u0627\u0632 \u0627\u0644\u0625\u0631\u0633\u0627\u0644 \u0648\u0627\u0644\u0627\u0633\u062a\u0642\u0628\u0627\u0644 \u0627\u0644\u0645\u0627\u0626\u064a \u0641\u0627\u0626\u0642 \u0627\u0644\u0645\u0631\u0648\u0646\u0629 \u0644\u0644\u062e\u062f\u0645\u0629 \u0627\u0644\u0642\u064a\u0627\u0633\u064a\u0629 (-20 \u062f\u0631\u062c\u0629 \u0645\u0626\u0648\u064a\u0629)<\/div>\n<\/div>\n<div class=\"horizontal-line\"><\/div>\n<div class=\"product-details\">\n<div class=\"detail-row\">\n<div class=\"detail-label\">\u0645\u0646\u0637\u0642\u0629 \u0627\u0644\u0627\u0633\u062a\u062e\u062f\u0627\u0645<\/div>\n<div class=\"detail-value\">: \u0645\u0646\u0627\u0633\u0628\u0629 \u0644\u0644\u0627\u0633\u062a\u062e\u062f\u0627\u0645 \u0641\u064a \u0627\u0644\u0645\u0646\u0627\u062e\u0627\u062a \u0627\u0644\u0628\u0627\u0631\u062f\u0629 \u0644\u062a\u0637\u0628\u064a\u0642\u0627\u062a \u0645\u062b\u0644 \u0627\u0644\u0631\u064a\u060c \u0648\u0646\u0642\u0644 \u0627\u0644\u0645\u064a\u0627\u0647\u060c \u0648\u0627\u0644\u0645\u0648\u0627\u062f \u0627\u0644\u0643\u064a\u0645\u064a\u0627\u0626\u064a\u0629 \u0627\u0644\u062e\u0641\u064a\u0641\u0629 \u0627\u0644\u0645\u062e\u062a\u0644\u0641\u0629\u060c \u0648\u0645\u0648\u0627\u062f \u0627\u0644\u0646\u0641\u0627\u064a\u0627\u062a\u060c \u0648\u0627\u0644\u0645\u0648\u0627\u062f \u0627\u0644\u0637\u064a\u0646\u064a\u0629 \u0627\u0644\u062e\u0641\u064a\u0641\u0629\u060c \u0648\u0627\u0644\u0631\u0645\u0644 \u0648\u0627\u0644\u062d\u0635\u0649.<\/div>\n<\/div>\n<div class=\"detail-row\">\n<div class=\"detail-label\">\u0627\u0644\u0637\u0628\u0642\u0629 \u0627\u0644\u0633\u0641\u0644\u0649<\/div>\n<div class=\"detail-value\">: \u0645\u0627\u062f\u0629 \u062e\u0627\u0635\u0629 \u0641\u0627\u0626\u0642\u0629 \u0627\u0644\u0645\u0631\u0648\u0646\u0629 \u0648\u0627\u0644\u0645\u0631\u0648\u0646\u0629 \u0648\u0627\u0644\u0633\u0644\u0627\u0633\u0629 \u0642\u0648\u064a\u0629 \u0648\u0645\u0631\u0646\u0629 \u0648\u0633\u0644\u0633\u0629.<\/div>\n<\/div>\n<div class=\"detail-row\">\n<div class=\"detail-label\">\u0637\u0628\u0642\u0629 \u0627\u0644\u062a\u0639\u0632\u064a\u0632<\/div>\n<div class=\"detail-value\">: \u0628\u0648\u0644\u064a \u0643\u0644\u0648\u0631\u064a\u062f \u0627\u0644\u0641\u064a\u0646\u064a\u0644 \u0627\u0644\u062d\u0644\u0632\u0648\u0646\u064a \u0627\u0644\u0645\u0642\u0627\u0648\u0645 \u0644\u0644\u0635\u062f\u0645\u0627\u062a.<\/div>\n<\/div>\n<div class=\"detail-row\">\n<div class=\"detail-label\">\u0627\u0644\u0637\u0628\u0642\u0629 \u0627\u0644\u0639\u0644\u064a\u0627<\/div>\n<div class=\"detail-value\">: \u0645\u0642\u0627\u0648\u0645 \u0644\u0644\u062a\u0643\u0633\u064a\u0631 \u0648\u0627\u0644\u0645\u0648\u0627\u062f \u0627\u0644\u0643\u064a\u0645\u064a\u0627\u0626\u064a\u0629 \u0648\u0627\u0644\u062a\u0622\u0643\u0644 \u0648\u0627\u0644\u0638\u0631\u0648\u0641 \u0627\u0644\u062c\u0648\u064a\u0629\u060c \u0633\u0637\u062d \u062e\u0627\u0631\u062c\u064a \u0645\u0645\u0648\u062c \u0642\u0644\u064a\u0644\u0627\u064b.<\/div>\n<\/div>\n<\/div>\n<div class=\"datasheet_table\"><img decoding=\"async\" class=\"alignnone size-full\" src=\"https:\/\/tuzlahortum.com.tr\/wp-content\/uploads\/2025\/08\/datasheet426.svg\" alt=\"\" title=\"\"><\/div>\n<div class=\"table-notes\">\u0639\u0646\u062f \u0627\u0644\u0637\u0644\u0628 \u0633\u0644\u0643 \u0646\u062d\u0627\u0633\u064a \u0645\u0636\u0627\u062f \u0644\u0644\u0643\u0647\u0631\u0628\u0627\u0621 \u0627\u0644\u0633\u0627\u0643\u0646\u0629<\/div>\n<div class=\"horizontal-line\"><\/div>\n<div class=\"footer\">\n<div class=\"standards-section\">\n<div class=\"standard-item\" style=\"margin-top: 9px;\"><\/div>\n<div class=\"standard-info\"><\/div>\n<\/div>\n<div class=\"temperature-section\">\n<div class=\"temp-icon\"><img decoding=\"async\" src=\"data:image\/svg+xml;base64,PD94bWwgdmVyc2lvbj0iMS4wIiBlbmNvZGluZz0iVVRGLTgiPz4KPHN2ZyBpZD0ia2F0bWFuXzIiIGRhdGEtbmFtZT0ia2F0bWFuIDIiIHhtbG5zPSJodHRwOi8vd3d3LnczLm9yZy8yMDAwL3N2ZyIgdmlld0JveD0iMCAwIDcyLjI3IDE2Ljk4Ij4KICA8ZGVmcz4KICAgIDxzdHlsZT4KICAgICAgLmNscy0xIHsKICAgICAgICBzdHJva2Utd2lkdGg6IC41OXB4OwogICAgICB9CgogICAgICAuY2xzLTEsIC5jbHMtMiwgLmNscy0zLCAuY2xzLTQgewogICAgICAgIGZpbGw6IG5vbmU7CiAgICAgICAgc3Ryb2tlLW1pdGVybGltaXQ6IDMuODY7CiAgICAgIH0KCiAgICAgIC5jbHMtMSwgLmNscy0zLCAuY2xzLTQgewogICAgICAgIHN0cm9rZTogI2E3YTlhYjsKICAgICAgfQoKICAgICAgLmNscy01IHsKICAgICAgICBmaWxsOiAjYTdhOWFiOwogICAgICB9CgogICAgICAuY2xzLTIgewogICAgICAgIHN0cm9rZTogI2ZmZjsKICAgICAgfQoKICAgICAgLmNscy0zIHsKICAgICAgICBzdHJva2Utd2lkdGg6IDIuMDZweDsKICAgICAgfQoKICAgICAgLmNscy00IHsKICAgICAgICBzdHJva2Utd2lkdGg6IC4ycHg7CiAgICAgIH0KICAgIDwvc3R5bGU+CiAgPC9kZWZzPgogIDxnIGlkPSJrYXRtYW5fMSIgZGF0YS1uYW1lPSJrYXRtYW4gMSI+CiAgICA8Zz4KICAgICAgPHBhdGggY2xhc3M9ImNscy0zIiBkPSJNMTEuMzQsMTEuNTdjLS45NCwxLjcxLTIuNzEsMi42Ni00LjgsMi42Ni0zLjA1LDAtNS41MS0yLjQ3LTUuNTEtNS41MlMzLjUsMy4xOSw2LjU1LDMuMTljMS45NCwwLDMuNjUsMSw0LjYzLDIuNTIiLz4KICAgICAgPGNpcmNsZSBjbGFzcz0iY2xzLTUiIGN4PSI2LjU1IiBjeT0iOC42NiIgcj0iMi40Ii8+CiAgICAgIDxjaXJjbGUgY2xhc3M9ImNscy0yIiBjeD0iNi41NSIgY3k9IjguNjYiIHI9IjIuNCIvPgogICAgICA8bGluZSBjbGFzcz0iY2xzLTMiIHgxPSI2OC4zNCIgeTE9IjExLjc2IiB4Mj0iOS45MiIgeTI9IjExLjc2Ii8+CiAgICAgIDxsaW5lIGNsYXNzPSJjbHMtMyIgeDE9IjY4Ljc4IiB5MT0iNS41MSIgeDI9IjkuNzMiIHkyPSI1LjUxIi8+CiAgICAgIDxsaW5lIGNsYXNzPSJjbHMtMyIgeDE9IjU0LjA3IiB5MT0iOC43NSIgeDI9IjguNjQiIHkyPSI4Ljc1Ii8+CiAgICAgIDxwYXRoIGNsYXNzPSJjbHMtMyIgZD0iTTY4LjE1LDUuNTVjMS43MSwwLDMuMDksMS4zOSwzLjA5LDMuMDlzLTEuOTIsMy4wNi0zLjYyLDMuMDYiLz4KICAgICAgPHBhdGggY2xhc3M9ImNscy01IiBkPSJNNTMuOTEsOC43NWMwLS4xNC4xMi0uMjYuMjYtLjI2cy4yNy4xMi4yNy4yNi0uMTIuMjctLjI3LjI3LS4yNi0uMTItLjI2LS4yN1oiLz4KICAgICAgPHBhdGggY2xhc3M9ImNscy0zIiBkPSJNNTMuOTEsOC43NWMwLS4xNC4xMi0uMjYuMjYtLjI2cy4yNy4xMi4yNy4yNi0uMTIuMjctLjI3LjI3LS4yNi0uMTItLjI2LS4yN1oiLz4KICAgICAgPGxpbmUgY2xhc3M9ImNscy0xIiB4MT0iMzYuNDMiIHkxPSIxNi45OCIgeDI9IjM2LjQzIiB5Mj0iMTQuMjQiLz4KICAgICAgPGxpbmUgY2xhc3M9ImNscy0xIiB4MT0iMjguMDUiIHkxPSIxNi45OCIgeDI9IjI4LjA1IiB5Mj0iMTQuMjQiLz4KICAgICAgPGxpbmUgY2xhc3M9ImNscy0xIiB4MT0iMTkuNTkiIHkxPSIxNi45OCIgeDI9IjE5LjU5IiB5Mj0iMTQuMjQiLz4KICAgICAgPGxpbmUgY2xhc3M9ImNscy0xIiB4MT0iNDEuNTciIHkxPSIyLjc0IiB4Mj0iNDEuNTciLz4KICAgICAgPGxpbmUgY2xhc3M9ImNscy0xIiB4MT0iMzMuMjgiIHkxPSIyLjc0IiB4Mj0iMzMuMjgiLz4KICAgICAgPGxpbmUgY2xhc3M9ImNscy0xIiB4MT0iMjQuOTkiIHkxPSIyLjc0IiB4Mj0iMjQuOTkiLz4KICAgICAgPGxpbmUgY2xhc3M9ImNscy0xIiB4MT0iMTYuMDgiIHkxPSIyLjc0IiB4Mj0iMTYuMDgiLz4KICAgICAgPGxpbmUgY2xhc3M9ImNscy0xIiB4MT0iNDQuNjMiIHkxPSIxNi45OCIgeDI9IjQ0LjYzIiB5Mj0iMTQuMjQiLz4KICAgICAgPGxpbmUgY2xhc3M9ImNscy0xIiB4MT0iNDkuNDkiIHkxPSIyLjc0IiB4Mj0iNDkuNDkiLz4KICAgICAgPGxpbmUgY2xhc3M9ImNscy00IiB4MT0iNDAuODgiIHkxPSIxNi45OCIgeDI9IjQwLjg4IiB5Mj0iMTQuMjQiLz4KICAgICAgPGxpbmUgY2xhc3M9ImNscy00IiB4MT0iMzIuMzMiIHkxPSIxNi45OCIgeDI9IjMyLjMzIiB5Mj0iMTQuMjQiLz4KICAgICAgPGxpbmUgY2xhc3M9ImNscy00IiB4MT0iMjMuNzkiIHkxPSIxNi45OCIgeDI9IjIzLjc5IiB5Mj0iMTQuMjQiLz4KICAgICAgPGxpbmUgY2xhc3M9ImNscy00IiB4MT0iMjAuNTkiIHkxPSIyLjc0IiB4Mj0iMjAuNTkiLz4KICAgICAgPGxpbmUgY2xhc3M9ImNscy00IiB4MT0iMjkuMTMiIHkxPSIyLjc0IiB4Mj0iMjkuMTMiLz4KICAgICAgPGxpbmUgY2xhc3M9ImNscy00IiB4MT0iMzcuMTYiIHkxPSIyLjc0IiB4Mj0iMzcuMTYiLz4KICAgICAgPGxpbmUgY2xhc3M9ImNscy00IiB4MT0iNDUuNzEiIHkxPSIyLjc0IiB4Mj0iNDUuNzEiLz4KICAgIDwvZz4KICA8L2c+Cjwvc3ZnPg==\" alt=\"S\u0131cakl\u0131k\" width=\"100\" title=\"\"><\/div>\n<div class=\"temp-values\">\n<div>-20 \u062f\u0631\u062c\u0629 \u0645\u0626\u0648\u064a\u0629 \/ +60 \u062f\u0631\u062c\u0629 \u0645\u0626\u0648\u064a\u0629<\/div>\n<div>-4\u00b0 \u0641\u0647\u0631\u0646\u0647\u0627\u064a\u062a \/ +140\u00b0 \u0641\u0647\u0631\u0646\u0647\u0627\u064a\u062a<\/div>\n<\/div>\n<\/div>\n<div class=\"marking-section\">\n<div class=\"detail-row\">\n<div class=\"detail-label\">\u0648\u0636\u0639 \u0627\u0644\u0639\u0644\u0627\u0645\u0627\u062a<\/div>\n<div class=\"detail-value\">: \u0627\u0644\u0646\u0627\u0641\u062b\u0629 \u0644\u0644\u062d\u0628\u0631 SEL TROY ST - SE<\/div>\n<\/div>\n<\/div>\n<div>\n<table style=\"width: 100%;\" cellspacing=\"0\" cellpadding=\"0\">\n<tbody>\n<tr>\n<td style=\"width: 120px; font-weight: bold;\">\u0646\u0648\u0631\u0645<\/td>\n<td style=\"width: 400px; text-align: left;\">ISO 1307<\/td>\n<td style=\"width: 120px; font-weight: bold;\">\u0644\u0648\u0646<\/td>\n<td style=\"width: 400px;\">\n<div class=\"color-icons\"><\/div>\n<\/td>\n<\/tr>\n<\/tbody>\n<\/table>\n<\/div>\n<\/div>\n<\/div>","protected":false},"excerpt":{"rendered":"<p>&nbsp; \u00dcr\u00fcn Ad\u0131: TROY ST &#8211; SE \u00dcr\u00fcn Kodu: TSG05 S\u00fcperelastik Standart Hizmet Su Al\u0131c\u0131\/Verici (-20\u00b0C) Kullanim Alan\u0131 : Sulama, su ta\u015f\u0131ma, \u00e7e\u015fitli hafif kimyasallar, at\u0131k maddeler, hafif bulama\u00e7lar, kum ve \u00e7ak\u0131l gibi uygulamalar i\u00e7in so\u011fuk iklimlerde kullan\u0131ma uygundur. Alt Katman : G\u00fc\u00e7l\u00fc, Esnek ve P\u00fcr\u00fczs\u00fcz \u00d6zel S\u00fcperelastik Malzeme. Takviye Katman\u0131 : Darbeye Dayan\u0131kl\u0131 PVC [&#8230;]\n","protected":false},"featured_media":21822,"comment_status":"open","ping_status":"closed","template":"","meta":{"jetpack_post_was_ever_published":false},"product_brand":[],"product_cat":[2377],"product_tag":[],"class_list":{"0":"post-21824","1":"product","2":"type-product","3":"status-publish","4":"has-post-thumbnail","6":"product_cat-sgk","8":"first","9":"instock","10":"taxable","11":"shipping-taxable","12":"product-type-simple"},"jetpack-related-posts":[{"id":21821,"url":"https:\/\/tuzlahortum.com.tr\/ar\/product\/troy-sld-se\/","url_meta":{"origin":21824,"position":0},"title":"TROY SLD-SE","author":"admin","date":"11 \u0623\u063a\u0633\u0637\u0633 2025","format":false,"excerpt":"\u00a0 \u00dcr\u00fcn Ad\u0131: TROY SLD-SE \u00dcr\u00fcn Kodu: TSG82 S\u00fcperelastik \u00c7ok Hafif Hizmet Su Al\u0131c\u0131\/Verici (-20\u00b0C) Kullanim Alan\u0131 : So\u011fuk iklimlerde sulama, su ta\u015f\u0131ma, \u00e7e\u015fitli hafif kimyasallar, at\u0131k maddeler, hafif bulama\u00e7lar, kum ve \u00e7ak\u0131l gibi malzemelerin ta\u015f\u0131nmas\u0131 i\u00e7in kullan\u0131l\u0131r. Alt Katman : G\u00fc\u00e7l\u00fc, Esnek ve P\u00fcr\u00fczs\u00fcz \u00d6zel S\u00fcperelastik Malzeme. Takviye Katman\u0131\u2026","rel":"","context":"\u062a\u062f\u0648\u064a\u0646\u0629 \u0645\u0634\u0627\u0628\u0647\u0629","block_context":{"text":"\u062a\u062f\u0648\u064a\u0646\u0629 \u0645\u0634\u0627\u0628\u0647\u0629","link":""},"img":{"alt_text":"","src":"https:\/\/i0.wp.com\/tuzlahortum.com.tr\/wp-content\/uploads\/2025\/08\/PVC_24.png?fit=456%2C456&ssl=1&resize=350%2C200","width":350,"height":200},"classes":[]},{"id":21806,"url":"https:\/\/tuzlahortum.com.tr\/ar\/product\/troy-st\/","url_meta":{"origin":21824,"position":1},"title":"\u0634\u0627\u0631\u0639 \u062a\u0631\u0648\u064a","author":"admin","date":"11 \u0623\u063a\u0633\u0637\u0633 2025","format":false,"excerpt":"\u00a0 \u00dcr\u00fcn Ad\u0131: TROY ST \u00dcr\u00fcn Kodu: TSG04 Standart Hizmet Su Emme ve Basma Kullanim Alan\u0131 : Tar\u0131m, end\u00fcstriyel uygulamalar ve in\u015faatlarda sulama, suyun emilmesi ve ta\u015f\u0131nmas\u0131, g\u0131da s\u0131v\u0131lar\u0131, g\u00fcbreler, b\u00f6cek ila\u00e7lar\u0131, asitler, deterjanlar, \u00e7\u00f6zeltiler vb. i\u00e7in kullan\u0131l\u0131r. Alt Katman : G\u00fc\u00e7l\u00fc, Esnek ve P\u00fcr\u00fczs\u00fcz Plastikle\u015ftirilmi\u015f PVC. Takviye Katman\u0131 :\u2026","rel":"","context":"\u062a\u062f\u0648\u064a\u0646\u0629 \u0645\u0634\u0627\u0628\u0647\u0629","block_context":{"text":"\u062a\u062f\u0648\u064a\u0646\u0629 \u0645\u0634\u0627\u0628\u0647\u0629","link":""},"img":{"alt_text":"","src":"https:\/\/i0.wp.com\/tuzlahortum.com.tr\/wp-content\/uploads\/2025\/08\/PVC_16.png?fit=446%2C446&ssl=1&resize=350%2C200","width":350,"height":200},"classes":[]},{"id":21803,"url":"https:\/\/tuzlahortum.com.tr\/ar\/product\/troy-ld\/","url_meta":{"origin":21824,"position":2},"title":"\u062a\u0631\u0648\u064a LD","author":"admin","date":"11 \u0623\u063a\u0633\u0637\u0633 2025","format":false,"excerpt":"\u00a0 \u00dcr\u00fcn Ad\u0131: TROY LD \u00dcr\u00fcn Kodu: TSG03 Hafif Hizmet Su Al\u0131c\u0131 \/ Verici Kullanim Alan\u0131 : Tar\u0131m, sanayi uygulamalar\u0131 ve in\u015faatlarda su, g\u0131da s\u0131v\u0131lar\u0131 ve hafif kimyasallar\u0131n hafif hizmet emi\u015f ve transferi i\u00e7in uygundur. Alt Katman : Hafif Hizmet Tipi Su Emme ve Da\u011f\u0131t\u0131m Takviye Katman\u0131 : Darbeye Dayan\u0131kl\u0131\u2026","rel":"","context":"\u062a\u062f\u0648\u064a\u0646\u0629 \u0645\u0634\u0627\u0628\u0647\u0629","block_context":{"text":"\u062a\u062f\u0648\u064a\u0646\u0629 \u0645\u0634\u0627\u0628\u0647\u0629","link":""},"img":{"alt_text":"","src":"https:\/\/i0.wp.com\/tuzlahortum.com.tr\/wp-content\/uploads\/2025\/08\/PVC_15.png?fit=444%2C444&ssl=1&resize=350%2C200","width":350,"height":200},"classes":[]},{"id":21800,"url":"https:\/\/tuzlahortum.com.tr\/ar\/product\/troy-sld\/","url_meta":{"origin":21824,"position":3},"title":"\u062a\u0631\u0648\u064a SLD","author":"admin","date":"11 \u0623\u063a\u0633\u0637\u0633 2025","format":false,"excerpt":"\u00a0 \u00dcr\u00fcn Ad\u0131: TROY SLD \u00dcr\u00fcn Kodu: TSG02 \u00c7ok Hafif Hizmet Su Al\u0131c\u0131\/Verici Kullanim Alan\u0131 : Tar\u0131msal, end\u00fcstriyel uygulamalar ve in\u015faatlarda su, g\u0131da s\u0131v\u0131lar\u0131 ve hafif kimyasallar\u0131n hafif hizmet emi\u015f ve transferi i\u00e7in. Alt Katman : G\u00fc\u00e7l\u00fc, Esnek ve P\u00fcr\u00fczs\u00fcz Plastikle\u015ftirilmi\u015f PVC. Takviye Katman\u0131 : Darbeye Dayan\u0131kl\u0131 PVC Spiral. \u00dcst\u2026","rel":"","context":"\u062a\u062f\u0648\u064a\u0646\u0629 \u0645\u0634\u0627\u0628\u0647\u0629","block_context":{"text":"\u062a\u062f\u0648\u064a\u0646\u0629 \u0645\u0634\u0627\u0628\u0647\u0629","link":""},"img":{"alt_text":"","src":"https:\/\/i0.wp.com\/tuzlahortum.com.tr\/wp-content\/uploads\/2025\/08\/PVC_14.png?fit=443%2C443&ssl=1&resize=350%2C200","width":350,"height":200},"classes":[]},{"id":21827,"url":"https:\/\/tuzlahortum.com.tr\/ar\/product\/medusa-se\/","url_meta":{"origin":21824,"position":4},"title":"\u0645\u064a\u062f\u0648\u0633\u0627 \u0625\u0633 \u0625\u064a","author":"admin","date":"11 \u0623\u063a\u0633\u0637\u0633 2025","format":false,"excerpt":"\u00a0 \u00dcr\u00fcn Ad\u0131: MEDUSA SE \u00dcr\u00fcn Kodu: TSG08 S\u00fcperelastik Orta Hizmet Al\u0131c\u0131\/Verici (-20\u00b0C) Kullanim Alan\u0131 : Tar\u0131m, sanayi uygulamalar\u0131, in\u015faat, kanal temizleme, \u00e7amur, bulama\u00e7, at\u0131k maddeler, kum ve \u00e7ak\u0131l gibi alanlarda orta y\u00fckte su, tuzlu su, hafif kimyasallar, s\u0131v\u0131lar vb. emi\u015f ve transferi i\u00e7in, \u00f6zellikle so\u011fuk iklimlerde kullan\u0131m i\u00e7in uygundur.\u2026","rel":"","context":"\u062a\u062f\u0648\u064a\u0646\u0629 \u0645\u0634\u0627\u0628\u0647\u0629","block_context":{"text":"\u062a\u062f\u0648\u064a\u0646\u0629 \u0645\u0634\u0627\u0628\u0647\u0629","link":""},"img":{"alt_text":"","src":"https:\/\/i0.wp.com\/tuzlahortum.com.tr\/wp-content\/uploads\/2025\/08\/PVC_26.png?fit=499%2C499&ssl=1&resize=350%2C200","width":350,"height":200},"classes":[]},{"id":21830,"url":"https:\/\/tuzlahortum.com.tr\/ar\/product\/medusa-se-c\/","url_meta":{"origin":21824,"position":5},"title":"\u0645\u064a\u062f\u0648\u0633\u0627 SE\/\u062c\u064a\u0645","author":"admin","date":"11 \u0623\u063a\u0633\u0637\u0633 2025","format":false,"excerpt":"\u00a0 \u00dcr\u00fcn Ad\u0131: MEDUSA SE\/C \u00dcr\u00fcn Kodu: TSG09 S\u00fcperelastik Orta Hizmet Al\u0131c\u0131\/Verici Bo\u011fumlu (-20\u00b0C) Kullanim Alan\u0131 : Tar\u0131m, sanayi uygulamalar\u0131, in\u015faat, kanal temizleme, \u00e7amur, bulama\u00e7, at\u0131k maddeler, kum ve \u00e7ak\u0131l gibi alanlarda orta y\u00fckte su, tuzlu su, hafif kimyasallar, s\u0131v\u0131lar vb. emme ve iletimi i\u00e7in, \u00f6zellikle so\u011fuk iklimlerde kullan\u0131m i\u00e7in\u2026","rel":"","context":"\u062a\u062f\u0648\u064a\u0646\u0629 \u0645\u0634\u0627\u0628\u0647\u0629","block_context":{"text":"\u062a\u062f\u0648\u064a\u0646\u0629 \u0645\u0634\u0627\u0628\u0647\u0629","link":""},"img":{"alt_text":"","src":"https:\/\/i0.wp.com\/tuzlahortum.com.tr\/wp-content\/uploads\/2025\/08\/PVC_27.png?fit=441%2C441&ssl=1&resize=350%2C200","width":350,"height":200},"classes":[]}],"jetpack_sharing_enabled":true,"jetpack_likes_enabled":true,"_links":{"self":[{"href":"https:\/\/tuzlahortum.com.tr\/ar\/wp-json\/wp\/v2\/product\/21824","targetHints":{"allow":["GET"]}}],"collection":[{"href":"https:\/\/tuzlahortum.com.tr\/ar\/wp-json\/wp\/v2\/product"}],"about":[{"href":"https:\/\/tuzlahortum.com.tr\/ar\/wp-json\/wp\/v2\/types\/product"}],"replies":[{"embeddable":true,"href":"https:\/\/tuzlahortum.com.tr\/ar\/wp-json\/wp\/v2\/comments?post=21824"}],"wp:featuredmedia":[{"embeddable":true,"href":"https:\/\/tuzlahortum.com.tr\/ar\/wp-json\/wp\/v2\/media\/21822"}],"wp:attachment":[{"href":"https:\/\/tuzlahortum.com.tr\/ar\/wp-json\/wp\/v2\/media?parent=21824"}],"wp:term":[{"taxonomy":"product_brand","embeddable":true,"href":"https:\/\/tuzlahortum.com.tr\/ar\/wp-json\/wp\/v2\/product_brand?post=21824"},{"taxonomy":"product_cat","embeddable":true,"href":"https:\/\/tuzlahortum.com.tr\/ar\/wp-json\/wp\/v2\/product_cat?post=21824"},{"taxonomy":"product_tag","embeddable":true,"href":"https:\/\/tuzlahortum.com.tr\/ar\/wp-json\/wp\/v2\/product_tag?post=21824"}],"curies":[{"name":"\u062f\u0628\u0644\u064a\u0648 \u0628\u064a","href":"https:\/\/api.w.org\/{rel}","templated":true}]}}