{"id":21818,"date":"2025-08-11T11:39:18","date_gmt":"2025-08-11T08:39:18","guid":{"rendered":"https:\/\/tuzlahortum.com.tr\/urun\/termessos\/"},"modified":"2025-08-20T15:15:24","modified_gmt":"2025-08-20T12:15:24","slug":"termessos","status":"publish","type":"product","link":"https:\/\/tuzlahortum.com.tr\/ar\/product\/termessos\/","title":{"rendered":"\u062a\u064a\u0631\u0645\u064a\u0633\u0648\u0633"},"content":{"rendered":"<p>&nbsp;<\/p>\n<div class=\"report-container\">\n<div class=\"report-header\">\n<div class=\"standard-text\">\u0627\u0633\u0645 \u0627\u0644\u0645\u0646\u062a\u062c: TERMESSOS<\/div>\n<div class=\"standard-text\">\u0631\u0645\u0632 \u0627\u0644\u0645\u0646\u062a\u062c: TSG06<\/div>\n<\/div>\n<div class=\"product-image-container\">\n<div class=\"key-feature\">\u0627\u0644\u0645\u0646\u062a\u062c\u0639 \u0627\u0644\u0635\u062d\u064a - \u0627\u0644\u062d\u0645\u0627\u0645<\/div>\n<\/div>\n<div class=\"horizontal-line\"><\/div>\n<div class=\"product-details\">\n<div class=\"detail-row\">\n<div class=\"detail-label\">\u0645\u0646\u0637\u0642\u0629 \u0627\u0644\u0627\u0633\u062a\u062e\u062f\u0627\u0645<\/div>\n<div class=\"detail-value\">: \u0645\u0645\u0631 \u0627\u0644\u0645\u0627\u0621 \u0627\u0644\u0633\u0627\u062e\u0646 \u0639\u0627\u0644\u064a \u0627\u0644\u0636\u063a\u0637 \u0644\u062d\u0645\u0627\u0645\u0627\u062a \u0627\u0644\u0633\u0628\u0627\u062d\u0629 \u0648\u0623\u062d\u0648\u0627\u0636 \u0627\u0644\u0627\u0633\u062a\u062d\u0645\u0627\u0645 \u0627\u0644\u0633\u0627\u062e\u0646\u0629\u060c \u0625\u0644\u062e.<\/div>\n<\/div>\n<div class=\"detail-row\">\n<div class=\"detail-label\">\u0627\u0644\u0637\u0628\u0642\u0629 \u0627\u0644\u0633\u0641\u0644\u0649<\/div>\n<div class=\"detail-value\">: \u0628\u0648\u0644\u064a \u0643\u0644\u0648\u0631\u064a\u062f \u0627\u0644\u0641\u064a\u0646\u064a\u0644 \u0627\u0644\u0623\u0628\u064a\u0636 \u0627\u0644\u0628\u0644\u0627\u0633\u062a\u064a\u0643\u064a \u0627\u0644\u0642\u0648\u064a \u0648\u0627\u0644\u0645\u0631\u0646 \u0648\u0627\u0644\u0633\u0644\u0633.<\/div>\n<\/div>\n<div class=\"detail-row\">\n<div class=\"detail-label\">\u0637\u0628\u0642\u0629 \u0627\u0644\u062a\u0639\u0632\u064a\u0632<\/div>\n<div class=\"detail-value\">: \u062d\u0644\u0632\u0648\u0646\u064a \u0623\u0628\u064a\u0636 \u0644\u0648\u0644\u0628\u064a \u0645\u0642\u0627\u0648\u0645 \u0644\u0644\u0635\u062f\u0645\u0627\u062a.<\/div>\n<\/div>\n<div class=\"detail-row\">\n<div class=\"detail-label\">\u0627\u0644\u0637\u0628\u0642\u0629 \u0627\u0644\u0639\u0644\u064a\u0627<\/div>\n<div class=\"detail-value\">: \u0628\u0648\u0644\u064a \u0643\u0644\u0648\u0631\u064a\u062f \u0627\u0644\u0641\u064a\u0646\u064a\u0644 \u0627\u0644\u0623\u0628\u064a\u0636 \u0627\u0644\u0623\u0645\u0644\u0633 \u0627\u0644\u0645\u0642\u0627\u0648\u0645 \u0644\u0644\u0633\u062d\u0642 \u0648\u0627\u0644\u062a\u0622\u0643\u0644 \u0648\u0627\u0644\u0639\u0648\u0627\u0645\u0644 \u0627\u0644\u062c\u0648\u064a\u0629 (\u064a\u0648\u0635\u0649 \u0628\u0627\u0644\u0623\u0642\u0637\u0627\u0631 \u0627\u0644\u0645\u0639\u0627\u064a\u0631\u0629 \u0644\u0644\u0631\u0628\u0637 \u0645\u0639 \u062a\u0631\u0643\u064a\u0628\u0627\u062a \u0628\u0648\u0644\u064a \u0643\u0644\u0648\u0631\u064a\u062f \u0627\u0644\u0641\u064a\u0646\u064a\u0644)<\/div>\n<\/div>\n<\/div>\n<div class=\"datasheet_table\"><img decoding=\"async\" class=\"alignnone size-full\" src=\"https:\/\/tuzlahortum.com.tr\/wp-content\/uploads\/2025\/08\/datasheet424.svg\" alt=\"\" title=\"\"><\/div>\n<div class=\"table-notes\"><\/div>\n<div class=\"horizontal-line\"><\/div>\n<div class=\"footer\">\n<div class=\"standards-section\">\n<div class=\"standard-item\" style=\"margin-top: 9px;\"><\/div>\n<div class=\"standard-info\"><\/div>\n<\/div>\n<div class=\"temperature-section\">\n<div class=\"temp-icon\"><img decoding=\"async\" src=\"data:image\/svg+xml;base64,PD94bWwgdmVyc2lvbj0iMS4wIiBlbmNvZGluZz0iVVRGLTgiPz4KPHN2ZyBpZD0ia2F0bWFuXzIiIGRhdGEtbmFtZT0ia2F0bWFuIDIiIHhtbG5zPSJodHRwOi8vd3d3LnczLm9yZy8yMDAwL3N2ZyIgdmlld0JveD0iMCAwIDcyLjI3IDE2Ljk4Ij4KICA8ZGVmcz4KICAgIDxzdHlsZT4KICAgICAgLmNscy0xIHsKICAgICAgICBzdHJva2Utd2lkdGg6IC41OXB4OwogICAgICB9CgogICAgICAuY2xzLTEsIC5jbHMtMiwgLmNscy0zLCAuY2xzLTQgewogICAgICAgIGZpbGw6IG5vbmU7CiAgICAgICAgc3Ryb2tlLW1pdGVybGltaXQ6IDMuODY7CiAgICAgIH0KCiAgICAgIC5jbHMtMSwgLmNscy0zLCAuY2xzLTQgewogICAgICAgIHN0cm9rZTogI2E3YTlhYjsKICAgICAgfQoKICAgICAgLmNscy01IHsKICAgICAgICBmaWxsOiAjYTdhOWFiOwogICAgICB9CgogICAgICAuY2xzLTIgewogICAgICAgIHN0cm9rZTogI2ZmZjsKICAgICAgfQoKICAgICAgLmNscy0zIHsKICAgICAgICBzdHJva2Utd2lkdGg6IDIuMDZweDsKICAgICAgfQoKICAgICAgLmNscy00IHsKICAgICAgICBzdHJva2Utd2lkdGg6IC4ycHg7CiAgICAgIH0KICAgIDwvc3R5bGU+CiAgPC9kZWZzPgogIDxnIGlkPSJrYXRtYW5fMSIgZGF0YS1uYW1lPSJrYXRtYW4gMSI+CiAgICA8Zz4KICAgICAgPHBhdGggY2xhc3M9ImNscy0zIiBkPSJNMTEuMzQsMTEuNTdjLS45NCwxLjcxLTIuNzEsMi42Ni00LjgsMi42Ni0zLjA1LDAtNS41MS0yLjQ3LTUuNTEtNS41MlMzLjUsMy4xOSw2LjU1LDMuMTljMS45NCwwLDMuNjUsMSw0LjYzLDIuNTIiLz4KICAgICAgPGNpcmNsZSBjbGFzcz0iY2xzLTUiIGN4PSI2LjU1IiBjeT0iOC42NiIgcj0iMi40Ii8+CiAgICAgIDxjaXJjbGUgY2xhc3M9ImNscy0yIiBjeD0iNi41NSIgY3k9IjguNjYiIHI9IjIuNCIvPgogICAgICA8bGluZSBjbGFzcz0iY2xzLTMiIHgxPSI2OC4zNCIgeTE9IjExLjc2IiB4Mj0iOS45MiIgeTI9IjExLjc2Ii8+CiAgICAgIDxsaW5lIGNsYXNzPSJjbHMtMyIgeDE9IjY4Ljc4IiB5MT0iNS41MSIgeDI9IjkuNzMiIHkyPSI1LjUxIi8+CiAgICAgIDxsaW5lIGNsYXNzPSJjbHMtMyIgeDE9IjU0LjA3IiB5MT0iOC43NSIgeDI9IjguNjQiIHkyPSI4Ljc1Ii8+CiAgICAgIDxwYXRoIGNsYXNzPSJjbHMtMyIgZD0iTTY4LjE1LDUuNTVjMS43MSwwLDMuMDksMS4zOSwzLjA5LDMuMDlzLTEuOTIsMy4wNi0zLjYyLDMuMDYiLz4KICAgICAgPHBhdGggY2xhc3M9ImNscy01IiBkPSJNNTMuOTEsOC43NWMwLS4xNC4xMi0uMjYuMjYtLjI2cy4yNy4xMi4yNy4yNi0uMTIuMjctLjI3LjI3LS4yNi0uMTItLjI2LS4yN1oiLz4KICAgICAgPHBhdGggY2xhc3M9ImNscy0zIiBkPSJNNTMuOTEsOC43NWMwLS4xNC4xMi0uMjYuMjYtLjI2cy4yNy4xMi4yNy4yNi0uMTIuMjctLjI3LjI3LS4yNi0uMTItLjI2LS4yN1oiLz4KICAgICAgPGxpbmUgY2xhc3M9ImNscy0xIiB4MT0iMzYuNDMiIHkxPSIxNi45OCIgeDI9IjM2LjQzIiB5Mj0iMTQuMjQiLz4KICAgICAgPGxpbmUgY2xhc3M9ImNscy0xIiB4MT0iMjguMDUiIHkxPSIxNi45OCIgeDI9IjI4LjA1IiB5Mj0iMTQuMjQiLz4KICAgICAgPGxpbmUgY2xhc3M9ImNscy0xIiB4MT0iMTkuNTkiIHkxPSIxNi45OCIgeDI9IjE5LjU5IiB5Mj0iMTQuMjQiLz4KICAgICAgPGxpbmUgY2xhc3M9ImNscy0xIiB4MT0iNDEuNTciIHkxPSIyLjc0IiB4Mj0iNDEuNTciLz4KICAgICAgPGxpbmUgY2xhc3M9ImNscy0xIiB4MT0iMzMuMjgiIHkxPSIyLjc0IiB4Mj0iMzMuMjgiLz4KICAgICAgPGxpbmUgY2xhc3M9ImNscy0xIiB4MT0iMjQuOTkiIHkxPSIyLjc0IiB4Mj0iMjQuOTkiLz4KICAgICAgPGxpbmUgY2xhc3M9ImNscy0xIiB4MT0iMTYuMDgiIHkxPSIyLjc0IiB4Mj0iMTYuMDgiLz4KICAgICAgPGxpbmUgY2xhc3M9ImNscy0xIiB4MT0iNDQuNjMiIHkxPSIxNi45OCIgeDI9IjQ0LjYzIiB5Mj0iMTQuMjQiLz4KICAgICAgPGxpbmUgY2xhc3M9ImNscy0xIiB4MT0iNDkuNDkiIHkxPSIyLjc0IiB4Mj0iNDkuNDkiLz4KICAgICAgPGxpbmUgY2xhc3M9ImNscy00IiB4MT0iNDAuODgiIHkxPSIxNi45OCIgeDI9IjQwLjg4IiB5Mj0iMTQuMjQiLz4KICAgICAgPGxpbmUgY2xhc3M9ImNscy00IiB4MT0iMzIuMzMiIHkxPSIxNi45OCIgeDI9IjMyLjMzIiB5Mj0iMTQuMjQiLz4KICAgICAgPGxpbmUgY2xhc3M9ImNscy00IiB4MT0iMjMuNzkiIHkxPSIxNi45OCIgeDI9IjIzLjc5IiB5Mj0iMTQuMjQiLz4KICAgICAgPGxpbmUgY2xhc3M9ImNscy00IiB4MT0iMjAuNTkiIHkxPSIyLjc0IiB4Mj0iMjAuNTkiLz4KICAgICAgPGxpbmUgY2xhc3M9ImNscy00IiB4MT0iMjkuMTMiIHkxPSIyLjc0IiB4Mj0iMjkuMTMiLz4KICAgICAgPGxpbmUgY2xhc3M9ImNscy00IiB4MT0iMzcuMTYiIHkxPSIyLjc0IiB4Mj0iMzcuMTYiLz4KICAgICAgPGxpbmUgY2xhc3M9ImNscy00IiB4MT0iNDUuNzEiIHkxPSIyLjc0IiB4Mj0iNDUuNzEiLz4KICAgIDwvZz4KICA8L2c+Cjwvc3ZnPg==\" alt=\"S\u0131cakl\u0131k\" width=\"100\" title=\"\"><\/div>\n<div class=\"temp-values\">\n<div>-5 \u062f\u0631\u062c\u0629 \u0645\u0626\u0648\u064a\u0629 \/ +60 \u062f\u0631\u062c\u0629 \u0645\u0626\u0648\u064a\u0629<\/div>\n<div>-23 \u062f\u0631\u062c\u0629 \u0641\u0647\u0631\u0646\u0647\u0627\u064a\u062a \/ +140 \u062f\u0631\u062c\u0629 \u0641\u0647\u0631\u0646\u0647\u0627\u064a\u062a<\/div>\n<\/div>\n<\/div>\n<div class=\"marking-section\">\n<div class=\"detail-row\">\n<div class=\"detail-label\">\u0648\u0636\u0639 \u0627\u0644\u0639\u0644\u0627\u0645\u0627\u062a<\/div>\n<div class=\"detail-value\">: \u062d\u0628\u0631 \u0646\u0627\u0641\u062b \u0644\u0644\u062d\u0628\u0631 SEL TERMESSOS<\/div>\n<\/div>\n<\/div>\n<div>\n<table style=\"width: 100%;\" cellspacing=\"0\" cellpadding=\"0\">\n<tbody>\n<tr>\n<td style=\"width: 120px; font-weight: bold;\">\u0646\u0648\u0631\u0645<\/td>\n<td style=\"width: 400px; text-align: left;\">ISO 1307<\/td>\n<td style=\"width: 120px; font-weight: bold;\">\u0644\u0648\u0646<\/td>\n<td style=\"width: 400px;\">\n<div class=\"color-icons\"><\/div>\n<\/td>\n<\/tr>\n<\/tbody>\n<\/table>\n<\/div>\n<\/div>\n<\/div>","protected":false},"excerpt":{"rendered":"<p>&nbsp; \u00dcr\u00fcn Ad\u0131: TERMESSOS \u00dcr\u00fcn Kodu: TSG06 Spa &#8211; Banyo Kullanim Alan\u0131 : Y\u00fczme havuzlar\u0131, jakuziler vb. i\u00e7in y\u00fcksek bas\u0131n\u00e7ta s\u0131cak su ge\u00e7i\u015fi. Alt Katman : G\u00fc\u00e7l\u00fc, Esnek ve P\u00fcr\u00fczs\u00fcz Beyaz Plastikle\u015ftirilmi\u015f PVC. Takviye Katman\u0131 : Darbeye Dayan\u0131kl\u0131 Beyaz Spiral. \u00dcst Katman : Ezilmeye, A\u015f\u0131nmaya ve Hava Ko\u015fullar\u0131na Dayan\u0131kl\u0131, D\u0131\u015f Y\u00fczeyi P\u00fcr\u00fczs\u00fcz Beyaz PVC (PVC [&#8230;]\n","protected":false},"featured_media":21816,"comment_status":"open","ping_status":"closed","template":"","meta":{"jetpack_post_was_ever_published":false},"product_brand":[],"product_cat":[2376],"product_tag":[],"class_list":{"0":"post-21818","1":"product","2":"type-product","3":"status-publish","4":"has-post-thumbnail","6":"product_cat-spa","8":"first","9":"instock","10":"taxable","11":"shipping-taxable","12":"product-type-simple"},"jetpack-related-posts":[{"id":21971,"url":"https:\/\/tuzlahortum.com.tr\/ar\/product\/marmaris\/","url_meta":{"origin":21818,"position":0},"title":"\u0645\u0627\u0631\u0645\u0627\u0631\u064a\u0633","author":"admin","date":"11 \u0623\u063a\u0633\u0637\u0633 2025","format":false,"excerpt":"\u00a0 \u00dcr\u00fcn Ad\u0131: MARMAR\u0130S \u00dcr\u00fcn Kodu: TBG01 Bah\u00e7e Mavi Kullanim Alan\u0131 : Bah\u00e7ecilik, Sulama ve Genel Su Tahliyesi. Alt Katman : Beyaz Plastik Kapl\u0131 PVC Takviye Katman\u0131 : Y\u00fcksek Mukavemetli Sentetik Tekstil. \u00dcst Katman : A\u015f\u0131nmaya, Ozona ve Hava Ko\u015fullar\u0131na Dayan\u0131kl\u0131 Mavi PVC. -5\u00b0C \/ +60\u00b0C -23\u00b0F \/ +140\u00b0F Markalama\u2026","rel":"","context":"\u062a\u062f\u0648\u064a\u0646\u0629 \u0645\u0634\u0627\u0628\u0647\u0629","block_context":{"text":"\u062a\u062f\u0648\u064a\u0646\u0629 \u0645\u0634\u0627\u0628\u0647\u0629","link":""},"img":{"alt_text":"","src":"https:\/\/i0.wp.com\/tuzlahortum.com.tr\/wp-content\/uploads\/2025\/08\/PVC_85.png?fit=445%2C445&ssl=1&resize=350%2C200","width":350,"height":200},"classes":[]},{"id":22633,"url":"https:\/\/tuzlahortum.com.tr\/ar\/product\/shower\/","url_meta":{"origin":21818,"position":1},"title":"\u0627\u0644\u0627\u0633\u062a\u062d\u0645\u0627\u0645","author":"admin","date":"11 \u0623\u063a\u0633\u0637\u0633 2025","format":false,"excerpt":"\u00a0 \u00dcr\u00fcn Ad\u0131: SHOWER \u00dcr\u00fcn Kodu: TBD86 Du\u015f Hortumu Kullanim Alan\u0131 : Du\u015f ve banyolarda su iletimi i\u00e7in. Alt Katman : Beyaz Plastik Kapl\u0131 PVC. Takviye Katman\u0131 : Y\u00fcksek Mukavemetli Sentetik Tekstil. \u00dcst Katman : A\u015f\u0131nmaya, Is\u0131ya, Sabun ve Deterjan \u00c7\u00f6zeltilerine ve Hava Ko\u015fullar\u0131na Dayan\u0131kl\u0131 PVC. -5\u00b0C \/ +60\u00b0C -23\u00b0F\u2026","rel":"","context":"\u062a\u062f\u0648\u064a\u0646\u0629 \u0645\u0634\u0627\u0628\u0647\u0629","block_context":{"text":"\u062a\u062f\u0648\u064a\u0646\u0629 \u0645\u0634\u0627\u0628\u0647\u0629","link":""},"img":{"alt_text":"","src":"https:\/\/i0.wp.com\/tuzlahortum.com.tr\/wp-content\/uploads\/2025\/08\/PVC_111.png?fit=451%2C451&ssl=1&resize=350%2C200","width":350,"height":200},"classes":[]},{"id":21797,"url":"https:\/\/tuzlahortum.com.tr\/ar\/product\/myra\/","url_meta":{"origin":21818,"position":2},"title":"MYRA","author":"admin","date":"11 \u0623\u063a\u0633\u0637\u0633 2025","format":false,"excerpt":"\u00a0 \u00dcr\u00fcn Ad\u0131: MYRA \u00dcr\u00fcn Kodu: TSK75 Klima Kullanim Alan\u0131 : Klima sistemlerinden su tahliyesi i\u00e7in. Alt Katman : G\u00fc\u00e7l\u00fc, Esnek ve P\u00fcr\u00fczs\u00fcz Plastikle\u015ftirilmi\u015f PVC. Takviye Katman\u0131 : Darbeye Dayan\u0131kl\u0131 PVC Spiral. \u00dcst Katman : Ezilmeye, Kimyasal Maddelere, A\u015f\u0131nmaya ve Hava Ko\u015fullar\u0131na Dayan\u0131kl\u0131, D\u0131\u015f Y\u00fczeyi Oluklu. Talep \u00dczerine Di\u011fer Renkler\u2026","rel":"","context":"\u062a\u062f\u0648\u064a\u0646\u0629 \u0645\u0634\u0627\u0628\u0647\u0629","block_context":{"text":"\u062a\u062f\u0648\u064a\u0646\u0629 \u0645\u0634\u0627\u0628\u0647\u0629","link":""},"img":{"alt_text":"","src":"https:\/\/i0.wp.com\/tuzlahortum.com.tr\/wp-content\/uploads\/2025\/08\/PVC_13.png?fit=443%2C443&ssl=1&resize=350%2C200","width":350,"height":200},"classes":[]},{"id":21929,"url":"https:\/\/tuzlahortum.com.tr\/ar\/product\/bosphorus-san\/","url_meta":{"origin":21818,"position":3},"title":"\u0628\u0648\u0633\u0641\u0648\u0631\u0648\u0633 - \u0633\u0627\u0646","author":"admin","date":"11 \u0623\u063a\u0633\u0637\u0633 2025","format":false,"excerpt":"\u00a0 \u00dcr\u00fcn Ad\u0131: BOSPHORUS - SAN \u00dcr\u00fcn Kodu: TWS40 Hijyenik Hortumu Kullanim Alan\u0131 : Denizcilik ve ev kullan\u0131m\u0131 i\u00e7in d\u00fc\u015f\u00fck koku ge\u00e7irgenli\u011fine sahip hijyenik tesisatlarda emme ve de\u015farj. Alt Katman : G\u00fc\u00e7l\u00fc, \u00c7ok Esnek ve P\u00fcr\u00fczs\u00fcz, Plastikle\u015fmi\u015f PVC. Takviye Katman\u0131 : Darbeye Dayan\u0131kl\u0131 Galvanizli \u00c7elik Spiral Tel. \u00dcst Katman :\u2026","rel":"","context":"\u062a\u062f\u0648\u064a\u0646\u0629 \u0645\u0634\u0627\u0628\u0647\u0629","block_context":{"text":"\u062a\u062f\u0648\u064a\u0646\u0629 \u0645\u0634\u0627\u0628\u0647\u0629","link":""},"img":{"alt_text":"","src":"https:\/\/i0.wp.com\/tuzlahortum.com.tr\/wp-content\/uploads\/2025\/08\/PVC_65.png?fit=444%2C444&ssl=1&resize=350%2C200","width":350,"height":200},"classes":[]},{"id":21905,"url":"https:\/\/tuzlahortum.com.tr\/ar\/product\/ephesos\/","url_meta":{"origin":21818,"position":4},"title":"\u0625\u064a\u0628\u064a\u0633\u0648\u0633","author":"admin","date":"11 \u0623\u063a\u0633\u0637\u0633 2025","format":false,"excerpt":"\u00a0 \u00dcr\u00fcn Ad\u0131: EPHESOS \u00dcr\u00fcn Kodu: TSP70 Alev Y\u00fcr\u00fctmeyen K\u0131l\u0131f Kullanim Alan\u0131 : Gaz Borular\u0131n\u0131n Korunmas\u0131 ve \u0130zolasyonu \u0130\u00e7in. Alt Katman : Kendili\u011finden S\u00f6nen, Dayan\u0131kl\u0131, Esnek ve \u00c7ok P\u00fcr\u00fczs\u00fcz Plastikle\u015ftirilmi\u015f PVC. Takviye Katman\u0131 : Darbeye Dayan\u0131kl\u0131 PVC Spiral. \u00dcst Katman : Ezilmeye, Hafif Kimyasal Maddelere, A\u015f\u0131nmaya ve Hava Ko\u015fullar\u0131na Dayan\u0131kl\u0131,\u2026","rel":"","context":"\u062a\u062f\u0648\u064a\u0646\u0629 \u0645\u0634\u0627\u0628\u0647\u0629","block_context":{"text":"\u062a\u062f\u0648\u064a\u0646\u0629 \u0645\u0634\u0627\u0628\u0647\u0629","link":""},"img":{"alt_text":"","src":"https:\/\/i0.wp.com\/tuzlahortum.com.tr\/wp-content\/uploads\/2025\/08\/PVC_56.png?fit=446%2C446&ssl=1&resize=350%2C200","width":350,"height":200},"classes":[]},{"id":21815,"url":"https:\/\/tuzlahortum.com.tr\/ar\/product\/orca\/","url_meta":{"origin":21818,"position":5},"title":"\u0623\u0648\u0631\u0643\u0627","author":"admin","date":"11 \u0623\u063a\u0633\u0637\u0633 2025","format":false,"excerpt":"\u00a0 \u00dcr\u00fcn Ad\u0131: ORCA \u00dcr\u00fcn Kodu: TSA90 Bal\u0131k\u00e7\u0131l\u0131k Hortumu, A\u011f\u0131r Hizmet PVC Hortum Kullanim Alan\u0131 : Ezilmeye, kimyasallara, a\u015f\u0131nmaya ve hava ko\u015fullar\u0131na dayan\u0131kl\u0131 hortumumuz, bal\u0131k \u00e7iftliklerinde kulu\u00e7kahanelerden, a\u011flardan veya g\u00f6letlerden gemilere, canl\u0131 ta\u015f\u0131ma tanklar\u0131na veya i\u015fleme alanlar\u0131na bal\u0131k transferi i\u00e7in tasarlanm\u0131\u015ft\u0131r. Alt Katman : S\u0131cakl\u0131k Aral\u0131\u011f\u0131: G\u00fc\u00e7l\u00fc, Esnek ve P\u00fcr\u00fczs\u00fcz\u2026","rel":"","context":"\u062a\u062f\u0648\u064a\u0646\u0629 \u0645\u0634\u0627\u0628\u0647\u0629","block_context":{"text":"\u062a\u062f\u0648\u064a\u0646\u0629 \u0645\u0634\u0627\u0628\u0647\u0629","link":""},"img":{"alt_text":"","src":"https:\/\/i0.wp.com\/tuzlahortum.com.tr\/wp-content\/uploads\/2025\/08\/PVC_20.png?fit=443%2C443&ssl=1&resize=350%2C200","width":350,"height":200},"classes":[]}],"jetpack_sharing_enabled":true,"jetpack_likes_enabled":true,"_links":{"self":[{"href":"https:\/\/tuzlahortum.com.tr\/ar\/wp-json\/wp\/v2\/product\/21818","targetHints":{"allow":["GET"]}}],"collection":[{"href":"https:\/\/tuzlahortum.com.tr\/ar\/wp-json\/wp\/v2\/product"}],"about":[{"href":"https:\/\/tuzlahortum.com.tr\/ar\/wp-json\/wp\/v2\/types\/product"}],"replies":[{"embeddable":true,"href":"https:\/\/tuzlahortum.com.tr\/ar\/wp-json\/wp\/v2\/comments?post=21818"}],"wp:featuredmedia":[{"embeddable":true,"href":"https:\/\/tuzlahortum.com.tr\/ar\/wp-json\/wp\/v2\/media\/21816"}],"wp:attachment":[{"href":"https:\/\/tuzlahortum.com.tr\/ar\/wp-json\/wp\/v2\/media?parent=21818"}],"wp:term":[{"taxonomy":"product_brand","embeddable":true,"href":"https:\/\/tuzlahortum.com.tr\/ar\/wp-json\/wp\/v2\/product_brand?post=21818"},{"taxonomy":"product_cat","embeddable":true,"href":"https:\/\/tuzlahortum.com.tr\/ar\/wp-json\/wp\/v2\/product_cat?post=21818"},{"taxonomy":"product_tag","embeddable":true,"href":"https:\/\/tuzlahortum.com.tr\/ar\/wp-json\/wp\/v2\/product_tag?post=21818"}],"curies":[{"name":"\u062f\u0628\u0644\u064a\u0648 \u0628\u064a","href":"https:\/\/api.w.org\/{rel}","templated":true}]}}