{"id":21789,"date":"2025-08-11T11:36:22","date_gmt":"2025-08-11T08:36:22","guid":{"rendered":"https:\/\/tuzlahortum.com.tr\/urun\/textoil-20-nl\/"},"modified":"2025-08-20T15:22:58","modified_gmt":"2025-08-20T12:22:58","slug":"textoil-20-nl","status":"publish","type":"product","link":"https:\/\/tuzlahortum.com.tr\/ar\/product\/textoil-20-nl\/","title":{"rendered":"TEXTOIL 20 NL"},"content":{"rendered":"<p>&nbsp;<\/p>\n<div class=\"report-container\">\n<div class=\"report-header\">\n<div class=\"standard-text\">\u0627\u0633\u0645 \u0627\u0644\u0645\u0646\u062a\u062c: TEXTOIL\/ 20-NL<\/div>\n<div class=\"standard-text\">\u0631\u0645\u0632 \u0627\u0644\u0645\u0646\u062a\u062c: OTR445<\/div>\n<\/div>\n<div class=\"product-image-container\">\n<div class=\"key-feature\">\u0646\u0633\u064a\u062c \u0645\u0642\u0648\u0649 \u0628\u0627\u0644\u0632\u064a\u062a 20 NL<\/div>\n<\/div>\n<div class=\"horizontal-line\"><\/div>\n<div class=\"product-details\">\n<div class=\"detail-row\">\n<div class=\"detail-label\">\u0645\u0646\u0637\u0642\u0629 \u0627\u0644\u0627\u0633\u062a\u062e\u062f\u0627\u0645<\/div>\n<div class=\"detail-value\">: \u064a\u0633\u062a\u062e\u062f\u0645 \u0641\u064a \u062e\u062f\u0645\u0627\u062a \u0627\u0644\u062a\u0634\u062d\u064a\u0645 \u0648\u0627\u0644\u062a\u0634\u062d\u064a\u0645 \u0644\u062a\u0648\u0635\u064a\u0644 \u0627\u0644\u0648\u0642\u0648\u062f \u0641\u064a \u0645\u062d\u0631\u0643\u0627\u062a \u0627\u0644\u0627\u062d\u062a\u0631\u0627\u0642 \u0627\u0644\u062f\u0627\u062e\u0644\u064a.<\/div>\n<\/div>\n<div class=\"detail-row\">\n<div class=\"detail-label\">\u0627\u0644\u0637\u0628\u0642\u0629 \u0627\u0644\u0633\u0641\u0644\u0649<\/div>\n<div class=\"detail-value\">: \u0645\u0642\u0627\u0648\u0645 \u0644\u0644\u0648\u0642\u0648\u062f \u0648\u0627\u0644\u0632\u064a\u062a\u060c \u0645\u0637\u0627\u0637 NBR \u0646\u0627\u0639\u0645 \u0645\u0642\u0627\u0648\u0645 \u0644\u0644\u0648\u0642\u0648\u062f \u0648\u0627\u0644\u0632\u064a\u0648\u062a.<\/div>\n<\/div>\n<div class=\"detail-row\">\n<div class=\"detail-label\">\u0637\u0628\u0642\u0629 \u0627\u0644\u062a\u0639\u0632\u064a\u0632<\/div>\n<div class=\"detail-value\">: \u0645\u0646\u0633\u0648\u062c\u0627\u062a \u0627\u0635\u0637\u0646\u0627\u0639\u064a\u0629 \u0639\u0627\u0644\u064a\u0629 \u0627\u0644\u0642\u0648\u0629.<\/div>\n<\/div>\n<div class=\"detail-row\">\n<div class=\"detail-label\">\u0627\u0644\u0637\u0628\u0642\u0629 \u0627\u0644\u0639\u0644\u064a\u0627<\/div>\n<div class=\"detail-value\">: \u0627\u0644\u0645\u0637\u0627\u0637 \u0627\u0644\u0635\u0646\u0627\u0639\u064a \u0627\u0644\u062e\u0627\u0635 \u0627\u0644\u0645\u0642\u0627\u0648\u0645 \u0644\u0644\u062a\u0622\u0643\u0644 \u0648\u0627\u0644\u0623\u0643\u0633\u062c\u064a\u0646 \u0648\u0627\u0644\u0647\u0648\u0627\u0621 \u0648\u0627\u0644\u0632\u064a\u062a.<\/div>\n<\/div>\n<\/div>\n<div class=\"datasheet_table\"><img decoding=\"async\" class=\"alignnone size-full\" src=\"https:\/\/tuzlahortum.com.tr\/wp-content\/uploads\/2025\/08\/datasheet403.svg\" alt=\"\" title=\"\"><\/div>\n<div class=\"table-notes\"><\/div>\n<div class=\"horizontal-line\"><\/div>\n<div class=\"footer\">\n<div class=\"standards-section\">\n<div class=\"standard-item\" style=\"margin-top: 9px;\"><\/div>\n<div class=\"standard-info\"><\/div>\n<\/div>\n<div class=\"temperature-section\">\n<div class=\"temp-icon\"><img decoding=\"async\" src=\"data:image\/svg+xml;base64,PD94bWwgdmVyc2lvbj0iMS4wIiBlbmNvZGluZz0iVVRGLTgiPz4KPHN2ZyBpZD0ia2F0bWFuXzIiIGRhdGEtbmFtZT0ia2F0bWFuIDIiIHhtbG5zPSJodHRwOi8vd3d3LnczLm9yZy8yMDAwL3N2ZyIgdmlld0JveD0iMCAwIDcyLjI3IDE2Ljk4Ij4KICA8ZGVmcz4KICAgIDxzdHlsZT4KICAgICAgLmNscy0xIHsKICAgICAgICBzdHJva2Utd2lkdGg6IC41OXB4OwogICAgICB9CgogICAgICAuY2xzLTEsIC5jbHMtMiwgLmNscy0zLCAuY2xzLTQgewogICAgICAgIGZpbGw6IG5vbmU7CiAgICAgICAgc3Ryb2tlLW1pdGVybGltaXQ6IDMuODY7CiAgICAgIH0KCiAgICAgIC5jbHMtMSwgLmNscy0zLCAuY2xzLTQgewogICAgICAgIHN0cm9rZTogI2E3YTlhYjsKICAgICAgfQoKICAgICAgLmNscy01IHsKICAgICAgICBmaWxsOiAjYTdhOWFiOwogICAgICB9CgogICAgICAuY2xzLTIgewogICAgICAgIHN0cm9rZTogI2ZmZjsKICAgICAgfQoKICAgICAgLmNscy0zIHsKICAgICAgICBzdHJva2Utd2lkdGg6IDIuMDZweDsKICAgICAgfQoKICAgICAgLmNscy00IHsKICAgICAgICBzdHJva2Utd2lkdGg6IC4ycHg7CiAgICAgIH0KICAgIDwvc3R5bGU+CiAgPC9kZWZzPgogIDxnIGlkPSJrYXRtYW5fMSIgZGF0YS1uYW1lPSJrYXRtYW4gMSI+CiAgICA8Zz4KICAgICAgPHBhdGggY2xhc3M9ImNscy0zIiBkPSJNMTEuMzQsMTEuNTdjLS45NCwxLjcxLTIuNzEsMi42Ni00LjgsMi42Ni0zLjA1LDAtNS41MS0yLjQ3LTUuNTEtNS41MlMzLjUsMy4xOSw2LjU1LDMuMTljMS45NCwwLDMuNjUsMSw0LjYzLDIuNTIiLz4KICAgICAgPGNpcmNsZSBjbGFzcz0iY2xzLTUiIGN4PSI2LjU1IiBjeT0iOC42NiIgcj0iMi40Ii8+CiAgICAgIDxjaXJjbGUgY2xhc3M9ImNscy0yIiBjeD0iNi41NSIgY3k9IjguNjYiIHI9IjIuNCIvPgogICAgICA8bGluZSBjbGFzcz0iY2xzLTMiIHgxPSI2OC4zNCIgeTE9IjExLjc2IiB4Mj0iOS45MiIgeTI9IjExLjc2Ii8+CiAgICAgIDxsaW5lIGNsYXNzPSJjbHMtMyIgeDE9IjY4Ljc4IiB5MT0iNS41MSIgeDI9IjkuNzMiIHkyPSI1LjUxIi8+CiAgICAgIDxsaW5lIGNsYXNzPSJjbHMtMyIgeDE9IjU0LjA3IiB5MT0iOC43NSIgeDI9IjguNjQiIHkyPSI4Ljc1Ii8+CiAgICAgIDxwYXRoIGNsYXNzPSJjbHMtMyIgZD0iTTY4LjE1LDUuNTVjMS43MSwwLDMuMDksMS4zOSwzLjA5LDMuMDlzLTEuOTIsMy4wNi0zLjYyLDMuMDYiLz4KICAgICAgPHBhdGggY2xhc3M9ImNscy01IiBkPSJNNTMuOTEsOC43NWMwLS4xNC4xMi0uMjYuMjYtLjI2cy4yNy4xMi4yNy4yNi0uMTIuMjctLjI3LjI3LS4yNi0uMTItLjI2LS4yN1oiLz4KICAgICAgPHBhdGggY2xhc3M9ImNscy0zIiBkPSJNNTMuOTEsOC43NWMwLS4xNC4xMi0uMjYuMjYtLjI2cy4yNy4xMi4yNy4yNi0uMTIuMjctLjI3LjI3LS4yNi0uMTItLjI2LS4yN1oiLz4KICAgICAgPGxpbmUgY2xhc3M9ImNscy0xIiB4MT0iMzYuNDMiIHkxPSIxNi45OCIgeDI9IjM2LjQzIiB5Mj0iMTQuMjQiLz4KICAgICAgPGxpbmUgY2xhc3M9ImNscy0xIiB4MT0iMjguMDUiIHkxPSIxNi45OCIgeDI9IjI4LjA1IiB5Mj0iMTQuMjQiLz4KICAgICAgPGxpbmUgY2xhc3M9ImNscy0xIiB4MT0iMTkuNTkiIHkxPSIxNi45OCIgeDI9IjE5LjU5IiB5Mj0iMTQuMjQiLz4KICAgICAgPGxpbmUgY2xhc3M9ImNscy0xIiB4MT0iNDEuNTciIHkxPSIyLjc0IiB4Mj0iNDEuNTciLz4KICAgICAgPGxpbmUgY2xhc3M9ImNscy0xIiB4MT0iMzMuMjgiIHkxPSIyLjc0IiB4Mj0iMzMuMjgiLz4KICAgICAgPGxpbmUgY2xhc3M9ImNscy0xIiB4MT0iMjQuOTkiIHkxPSIyLjc0IiB4Mj0iMjQuOTkiLz4KICAgICAgPGxpbmUgY2xhc3M9ImNscy0xIiB4MT0iMTYuMDgiIHkxPSIyLjc0IiB4Mj0iMTYuMDgiLz4KICAgICAgPGxpbmUgY2xhc3M9ImNscy0xIiB4MT0iNDQuNjMiIHkxPSIxNi45OCIgeDI9IjQ0LjYzIiB5Mj0iMTQuMjQiLz4KICAgICAgPGxpbmUgY2xhc3M9ImNscy0xIiB4MT0iNDkuNDkiIHkxPSIyLjc0IiB4Mj0iNDkuNDkiLz4KICAgICAgPGxpbmUgY2xhc3M9ImNscy00IiB4MT0iNDAuODgiIHkxPSIxNi45OCIgeDI9IjQwLjg4IiB5Mj0iMTQuMjQiLz4KICAgICAgPGxpbmUgY2xhc3M9ImNscy00IiB4MT0iMzIuMzMiIHkxPSIxNi45OCIgeDI9IjMyLjMzIiB5Mj0iMTQuMjQiLz4KICAgICAgPGxpbmUgY2xhc3M9ImNscy00IiB4MT0iMjMuNzkiIHkxPSIxNi45OCIgeDI9IjIzLjc5IiB5Mj0iMTQuMjQiLz4KICAgICAgPGxpbmUgY2xhc3M9ImNscy00IiB4MT0iMjAuNTkiIHkxPSIyLjc0IiB4Mj0iMjAuNTkiLz4KICAgICAgPGxpbmUgY2xhc3M9ImNscy00IiB4MT0iMjkuMTMiIHkxPSIyLjc0IiB4Mj0iMjkuMTMiLz4KICAgICAgPGxpbmUgY2xhc3M9ImNscy00IiB4MT0iMzcuMTYiIHkxPSIyLjc0IiB4Mj0iMzcuMTYiLz4KICAgICAgPGxpbmUgY2xhc3M9ImNscy00IiB4MT0iNDUuNzEiIHkxPSIyLjc0IiB4Mj0iNDUuNzEiLz4KICAgIDwvZz4KICA8L2c+Cjwvc3ZnPg==\" alt=\"S\u0131cakl\u0131k\" width=\"100\" title=\"\"><\/div>\n<div class=\"temp-values\">\n<div>-35 \u062f\u0631\u062c\u0629 \u0645\u0626\u0648\u064a\u0629 \/ +70 \u062f\u0631\u062c\u0629 \u0645\u0626\u0648\u064a\u0629<\/div>\n<div>-31 \u062f\u0631\u062c\u0629 \u0641\u0647\u0631\u0646\u0647\u0627\u064a\u062a \/ +158 \u062f\u0631\u062c\u0629 \u0641\u0647\u0631\u0646\u0647\u0627\u064a\u062a<\/div>\n<\/div>\n<\/div>\n<div class=\"marking-section\">\n<div class=\"detail-row\">\n<div class=\"detail-label\">\u0648\u0636\u0639 \u0627\u0644\u0639\u0644\u0627\u0645\u0627\u062a<\/div>\n<div class=\"detail-value\">: \u0645\u0646\u0642\u0648\u0634\u0629 \u0623\u0648 \u0646\u0627\u0641\u062b\u0629 \u0644\u0644\u062d\u0628\u0631<\/div>\n<\/div>\n<p><img decoding=\"async\" class=\"marking-image\" src=\"data:image\/png;base64,iVBORw0KGgoAAAANSUhEUgAABf0AAAAwCAYAAACrFNDUAAAACXBIWXMAACE3AAAhNwEzWJ96AAAZ6ElEQVR4nO3dv2\/baJoH8O8etg1xvQjsDHYasbpOLBJsiojFDOYKi0WCNLKKZKeRVdhJEduF7SkcGzjbTTYpZDdGXFAuLkgKKcDlkBRUs8BuQTUL7BZUf3jnH7hCel9TFClTEvWD8vcDDCa2rFevyFeU9LzP+7y\/++MfvvsPAP8OIiIiIiIiIiIiIiLKsv\/7PYD\/AvBwwR0hIiIiIiIiIiIiIqLpfPm3RfeAiIiIiIiIiIiIiIjSwaA\/EREREREREREREdGKYNCfiIiIiIiIiIiIiGhF\/H6aO1drNRTMQlp9SUXH83Cwtw8AKNk21uySuu1gbx8dz1tU14iIiIiIiIiIiIiIZmrioH\/JtlGtbaTZl9TldB0F01Q\/a5q2wN4QEREREREREREREc3WxOV9crqeZj+IiIiIiIiIiIiIiGhKU5X3ISIiIgrSNA1CiEV3Y2VMczx5LuLx2BARERHRogWrkyyzru\/D9\/2h32uahrxhLKBH4+t43tDn\/6z3\/zapBf0P9vZxUa+n1RwRERFljK7ruLx6jz8\/e849dFJQrlRQtIp4+vjJRPe\/vHqPi\/o5Go6Tcs+y7\/D4CB2vg7OTk0V3hYiIiIjuqMur94vuQiJnJ6eRn5vzhpGZ5\/D08RO0XXfgd1nv\/21SC\/pP++U+rdkVIQQDDStM13VVWipuppEWIzhDPe6FaNnlDUPtCTLu7GpwzPL6RKuuWttATtdRrW3gl2fPF92dpTDp9UPXdWzv7gDoXV\/Hva6WbBt5w8Cr3R0G\/UNKto2iZaFgmrio15nxT0REREREK2dpyvukNbvSdt2JM+JWweXV+7GWB\/3w3fcomGbiYy9n914fH2HNtiGEwMP7DyK\/MJdsG4fHRwCAh\/cf4Mu3r4n7FT6Pmqbhzbu3Q8+t7br45dnzyMcPPq8fvvt+4DZ5nOJmKym5km3j1e7OwEbZQgj8urcfG2j6x7\/+CWB4pnLUORtHkvOb5LHyhoG\/vHs7tIfJRb2Og739kX0omCZeHx8N3bfr+zg7OR06NpO8DpeFpmn469\/\/BgD4+cefhiY28oaBD58+xh63pK\/HUde3ru\/jYG8frWZzimeyPKq1Gqq1jdjbW80mft3bX6qJT13XsWbbAIBrp7Hg3qRjmjFXtCxs7+4MXQPizp085\/J14Ps+Ws0mipaFam0DTx+PF\/SX4+eaAf8hrWYTVb83QVWuVJbqekpERERENAtd38fTx08ghMDh8RGKlrXoLo2t1Wzi5eYWNE3D5dX7zO03O+\/+T7yRL91tZyenAHrBvnKlEvk3wYDDNIEp+WKICrwUTBNfvn0dCDjT\/MiJnfDx1zQNh8dHqNZqC+rZ9OREZNRFuFypjAzQl2w79r45Xcfh8REur96vzLgVQqDbf43rEc9Z\/i5uNZf8\/TSrIHK6jjfv3qLUDzqvuqJlLd0Yktf8tuuuzOTLKKPGXNGy8CZiwlDe9t+fPiYaq7\/2J8kKpjnWhH7JtpHTdQgh1Ps13Qgel3JlfaleR0REREREs+D3q2X0KhB0Ft2diXS8DoQQ6rlkzbz7vzSZ\/pSOqKCZDBQkKStwW\/kAGdjzfR\/XjoM120a5sj6UJScDDgDQ6Gd8htsOlnQK3xZ8HofHR+rvuv3MR6AXOMnpugows5TEfOUNQ63kAHozlh2vg7yRVzPG1dpG\/\/fZKmmjaRr+8u7tQEmOVrMFXc\/hkWVB0zQUTBPlSmVoLxNN0\/CqX5IDuDkuAKDrOZUJrfcDclGSvg6Xie\/7yOk68oYxFPCVr9+ooKWmaQPHOYmoa5ls+9XuDlrN5sqU62i7LtpuW\/2saffUtW\/ZspQf9V\/3F\/XzBfckfeOOue3ANaA38d3t36eAgmkm3kQ2mO1fskuJS\/w8sorqsVfltZC2huOoVWpFy2IJJCIiIiJaaXnDQME00fE8FK0i2q6bqY1sAaBoFXHtOLinadB1HW3XHSipvOzm3f\/Ugv6T7Dg96strONCR1DIGw+YpqnSGLKVysLd\/a8BgnNJIZyenWLNtaJqGkm0PfGEOZnzKxwy3HSxnEve4uq6rAHLH89RSJPn4l1fvkTcMFC0Luq5ncqYvq9Yr6+rfLze3Bs5\/sLTTemUdLza35t6\/acigKtALmgX7nzfOVYb1emV9KOhf7E8KAMPHBeiN2zfv3o4sD5TFEmVtt42CaSJv5IduK5gF9e+8YQwE9+UHDDnbnUTUtUyWEFq1AF7bbQ8F9Q\/29tXqp6JVXIqgvxz3QoiVzPIfZ8wFrx9Rmy2VbBuPrGLi43TtNFC0rP6kyu3XUtkf4GbSnaJdOw7KlQoeWcWVuWYQEREREUWRVTSAwZLBHz59zEzgP28YqnS4\/K4VLDe87Obd\/9SC\/r0gb3z94Sgdz8PPP\/4UeVtUoIOWSzDbv1rbUF+YC6apAh7TlhV4FKgxFq7dL4TAL8+eqxfMmm1zzMyRPDfXjjMULGk4DgpmAWu2jTXbzlzQX2bJdn1\/qO8dz8Ove\/s47NfrD2+wKQPcHc+LDCL5vh973csyGciPKu8T\/ACh63pk0H\/a1SC91RjN\/uachZUP4F3Uz\/uTLMvx4UyO+88rGPCPEzfmgivYoibaGxHXzFHkKgKZhXPba0UmYXR9P3OrrOat4TRQrlQmSlwhIiIiIsqqYMJ0VlcGy+fA\/sdbaE3\/vGEsTcCCJiOD+jldV\/WJo7L8JyUDSW3XjcwC9n1fPUZUhjHNRt4wVDZ7XCZp8PdZe53LAFD8c7sJ2IWfm5zwmnbsZ418fYaPh94vwSUN354DMH3Qv9dGr4xSVpb2TeO2DwYy27taq40MaMolnvIcFS0L5UolcvJmlJtA9\/gr9LJs1JhL81jI10eS4HRc2bxF0vsTpMH9PaLGplw5WLLt2DEYN2ajrj3lSmVg9VWYPK5ZW9ZMRERERDSNV7s7qNZq2O6Xuzw7Oc3ciu03796iWqvhzbu3aDWbODs5zVTS0zz6P3Gmf+\/L5HiZ\/VHivohVaxsqeDyOtutmsjRGVoWz\/X3fV1\/i09g8MEmt747nDQQAaPaCxzru3AR\/n7Vzk3TcBSc\/wu5C4DkonL0vfw7ux9FbGVEYuN9Npn82NxJatKjgf8m2Va3yng10fR9\/fvZ8aExv7+6gYJp4+vgJSnZJ7TmxvbuDX549T\/zBT173lynQvGhpTkTL8llGgjZvJsuXZwJGfkY4OzlF1\/cD+8FsqBJqcrlxsOTXy82toTEYN2aBm5JqciN2+Rro+j6ePn4SmTzQdt3+sb19FQURERER0SrQNE3FXB\/ef6A+J8vy4FkgE8m7vo8\/3X8AoPfZXpYwWnbz6P\/Emf4yuN6rA5X8PwYEVk8w2\/\/Nu7cA0snyDxLit4luo9mLyzjO6hKroFHPIX4T3l6grVfy426VjJCveSOQMSsDeHLVRDibVv6cxn4cmnZv6jbilGx7ICAZ5\/Lq\/cAmrtO0NUqxX4IqfJ0tmCYOj4+GJqNyuj6wOXVYtbYxEDwFkr+GgxnZ05zH7d2dRB9w0jzGSdoaJWrMyeNWtKzUssdlMDrJZKI8H5Oei1mO4YJZGNgAHuhNCJRsG2\/evR1oT9O0yLEsRY3Zw+OjoYA\/0Dtu4ceVxjm2RERERESrRn4OzlqypnRP01Tfs\/gcZtn\/qWr6TxLYva3UAGVPMNtfDtA0svyJsii4Cury6j1azSY+N1uxJapWiaxJFwyeBUt0td2CKvHh+\/5A6Z9pJwmDm5fOIsNZ7t9w25twkve3pG0BvfJHwTZ7z7Oogp0X9fOBv2+7Lq4dBzldx0X9HEII5A0D27s7yPU3Ro+qJ18wTbSaTVzUz1G0isgbRuJzIs93d8rxLcu23CbNYzzN55G4Mfe52VRB8w+fPuLacdDqXwMmnQyV90syZqY9H2mP4XDbHc\/DRf0c9\/rZRZqmqZUpF\/U62m4ba3ZJleW5bcxeOw0UzALKlQoAqImjg719\/CYEypV1NbbktSdIJg7MctKQiIiIiOg2cqWrEEJ9nzjY21fJMJ+bTTScBgqmiWptAwd7++h4nlr9Kn8uV9ZRMM2RbbVdFxf1c+QNA2\/evUXH86Dr+kAbxcAem0l1PC+yz\/I76ag+5nRd\/fz6+AhCiJFtycTykl3Ch08fVYxB7gf6ur8P413qf1hqG\/nSahi1lEfuLB3l7ORUBaHSzvInmtSkZcKmIYOu8vVQtCz1Ztn1fTScBi7q9ZHBv0lfh4vmeR2sAQMlfIIb9cpSXHnDgN8v9yNvG0dUdnG5sq7ay1otwlHkZthhXd\/Hwd5+5FgIbz7ddl0YRh5rth27yXHbdfHLs+fq35NY5Umtccac7\/u4qNdVEDp4DuXEyrjHWF4vxsmsX8bzIYTA08dP1PP5TQiVzX9Rr+Ngbx9A7zh9+PSxH6y\/fcy2mk1omqaSD4KlqVrNJv76978B6E0U+KG2Jjm2RERERERp63he4DNsC8DNd7Oyt66+57VdF9XaBi7qdXW\/XtJXXbWlaZpq6+zkdCCpq+ytq+8kbddF0SoGknNu2pgk6C+TneTjNJzGwOPc1kf5s6wUINsqOAXVdtt1+0HzE\/U3\/\/jXP9UxCLYxbjwo6\/0PW+hGvqOcnZzih+++H\/s\/1vMnokV7sbkVGdjP6TqqtQ18+fZ1JQNMMngvy4vITP6u70MIoer2y+cuM4rHDU7KMjDB\/24yrt3U6nIXLWugbSlc2uTy6j2qtdpAmRtd17G9u4PX\/ZIiSdtKKrgEMAmZiR6XKbCo+u\/yGIXLupQrFXz49FH9Ls1jnKStqH6OM+YO9vYHPhBKso9xjxNn1rXm5zWGO543cF0MTpbILzbhn5OO2eD9g+0KIdSH7ai2WMefiIiIiJZBcCV83sirPcI0TYOu6yqpSH6Plp+\/e8ld5sD37GBba3ZpqC1ZLlbWlQ\/\/e9IV0eHHCbZ9Wx9Ldkn9XDALA20FS6fK\/8vvJaVAkpxcLSzbuGv9D2OmPw0YlX04KjM5OPtUME0UTHNps5Hp7uj6fmxAWdO0mQbeD\/b2cbC3ry7usmSKfOy\/vHurNmsJm\/R1mIZRx6UXuB+9uTFwE1iT7Xj938v\/yzcvXc\/175fOJr7BzN80FMyCup5JbwJ18Y3+pjvyb+R1MG8Y+PLtK4CbEitJ2oo6tteOo7IEpLxhoFrbwGF\/yWDUyobwebx3ywTBoq7X8oNTcDXDl29f1XHRdR1CiNSOcdLzldSoMXewt4+zk9P+4xVQtCz12lizbbSaraVYlaJp2kzHcFA4UD\/N9Sw8ZldhHxkiIiIiurtyuq5WqErBKgDbuzsDe28Fk6Sifh7VVrlSUZMILze30HAclGx7qI1xFS1rrD6H+zjO85d7igoh8POPP6HjeXh9fDTUxl3qfxiD\/jRgkpUSuq6rgE23X7KjWtvA08cM+tNiNZyGWjIVVjDNuezq3mo20Wo2cXZyAl3X8Wp3RwX\/ipYVGfRb5IoluQlmFLmBexwhhLoGBGfBZaBPBgTl72UAdNyA87XjwPe7A78LLoVMS8NpqJIhkqZpEELgc7Op+v1ycwvV2sbQBkiydvk4bYX5fnfotrbrqrIo1drGwPPWNA3buzuRJYGW0dnJqaqHKMnVIQ2noQK5aR7jJG2FTTrm5KRMq9nEwd4+CqapAuVrdinxmJ31hlSzHMPLLoubfRERERERpUWW0mw4Dg7HXJG8DGQpYaD3nSUr34WlWfZ\/ZNB\/XkGxKJPW4h4VlJrmuZydnMYGD+86eZ66vo8Xm1u4vHrPbH+iCL7v4+XmFgrfTJWJvQyZvmny+vUEdV1XGf3B7N+266qlcDLQO252tayrN2sdz8OLzS2c18\/VjL4QAg\/vPxjIKm44DhqOgzfv3qoleuH3jKRtJdVqNnGIXlkcGXgFehkbWfqQIwPi5UpFZT1EvY+neYyTtBWW1phruy5+3dvH4fHRWEtm5UTZLLLZhRALGcPLYpbHloiIiIhoGQkhcFE\/h67nUK3VBvYlzIpeElZLraqWG+xmxTz6v\/BMf37JyrZglr\/ceVoG9dLM9pe1sMa9jWYvH1PSYRVq1gc3u4m6bRKyRM6kNfJmrev7ODs5jb3tNh2vo1Yy6BGZ\/PK5P+oHFoUQS7nhaNB6\/41XCKEyncP12vX+yg35NyW7FLmvQ5K2kgi2O7ApU7\/9cFmgvGEMLCWchWle88HjIleJhK8raR7jpG3Nghzvk2SYj1N\/Pu7aHGfeY3jZpFVmjIiIiIho2b3c3FIJiB8+fZx6w9hFePr4ifpOkmZJnHmZR\/8XupHvteNwA7WMC2b5yyVBMmAYrv07CTk+RrUjb+NYmp\/gsY47N8HfZ+3c3Iy76I1TZHZ18G9Xhe\/7ODs5ifxPvsZHkcejaBWR0\/Wh4yMDa3LjoGU\/fnJiUwihss+rtY2hgK28Fl7Uz3HtOMgFNloat60k4u4jf\/9ic0tNwqa5uXEUOeEwaZmUkm0jp+sqCx5A5ARFmsc4SVvLZJwJlUnPx7zH8LJg4gARERER3TXBz+9Z\/Swv+83+xxuZ6S+EmFkJhWunMRBASuuxgoGNru+n1v9xy0\/cBcEs\/2BGaZrZ\/m23jXKlAk3TUK5UhrIJ5W3yb2k+ZLZ63jCwXlnHteMMZINqmqayQTuel7kVPW3X7W++a0VmywZnwcPXmHKlAsPI48XmVmTbctd3YDWvK+G6\/eFj54Um8pY96P8oUOqkV9+8jnKlMrQK5JFloev7uKjXoWkaHlnW0KRR0raSCC69XIZjKDMUJinr9qg\/AXSwt6+WNIbLFvX+Lr1jnKStSRVMEyW7FHsNKNklAOPtZSE3vU7yPieP2bjnYt5jeFlErUgiIiIiIlo1QgiVZFWtbaBgFpA3DLWvVxZ0PA9nJ6dqL0IZe8yKefd\/ZNC\/43lz21ByFo8la9RScrcNtq7vq9IE5cAS\/3Aw\/qJ+rjL9p6nt32o21cag27s70DRNtSUnFWS\/JqmNruu5W58zAwHRLurnODw+Qk7XcXn1HmcnpyrwF9wQMm5jzNuMMxbTdlE\/Vxmul1fv8eve\/sC4lzWvw5Mden8Ta03TkNN1XDsNtJpNdVyKloVXgQzmuDG7yOc+rXC\/vFDJjLjM\/6DgdWPa15\/MIu9txDr+MZMBUHmN6wU7O0P9evr4CXRdhxBCfZgKn9+kbQVFXaMKpqmuv3GTauHr7qw\/CMmyTZMEf19ubqFtt9XYONjbV8cxKM1jnKStSb3uXxdzuo6L+jnargshhJoolxM240xUjzNRKEtsjZvBPqsxvMzk3irAak7CEhERERFJF\/VzFSPNG\/mlXukc52BvH23XRavZRNEqZm4fgnn3f+E1\/Wm53LbZsdzYT9bxBXoXjnBwJhisnzbb\/2BvH2\/evQUgM6yHa40d9GcrxxUMwMT54bvvJ2p71TUcR2Xk5g1DnaOgjudNPPGWdCzOgt\/PdpUrSaJ2sBdCDNW+vxdYliUD14cYvi8ANUkSZZHPPQ3B2eqoLPTg7VGBeDmhd3Yy\/aTbml1SAfBJJ0qCx1puehrW8byB5xo37pO0FXTbNSo8BnsfHiyVNQAMBjZnpe22+2O+MHZ99\/DEcdw5T\/MYJ21rXHJ1Qg6jS9xFTZaPalOevySvh97fbIw90TOrMbzMgpMpyzqRSkRERESUhmBSUFb3YJRJZjLRMmvm3f+F1vSn7JLB0FGBi7Rq+7eaTbyMKZMADG5AQvP19PGT2NIi81wpNAsHe\/u4jglmyXrW4SBRx\/Pwnz\/+dGtg7qJeX+qg\/bSCYyLqWNx2OyUTde0LTibJa++4G7pOQvajaFmZramYBnltGPWe1PV9tWlTEnLSp+N5iQLTcmWBXF1E8db6pZb4GYKIiIiIVl3RsvDh00f877evmSqJE7S9u4PLq\/f48u1rJr93zrv\/IzP9C6Z5a8bpXdF23cwGMGXwPW7petf3h7JF48gAncxy7vp+bOCi0d8IEIjemGKcx204DtquizXbVjWG2257ZMmOUe1fOw3uAZACIQR+\/vEnlPrnJafr\/b002iOzP+PG5CRjMYo8v6P+JsljvdjcQsNpoGgVkTeM\/t4j7aGyPkF+P6B3sydAXk2QdbxO7JhN67kvg1azBSF+i73myNvjjmHbdSOz\/OV5HacMxyT3WQbyGEQRQuBzsxk5juTEk7xW9v62pa6f4eOQ1vHpeJ5a3VWuVFZmUmuS4yOEwC\/PnqtrgHzPktdGWfIrLG7cy\/1Rgnvn3OZzs4k120a5sr4UAe245wbEvx\/I+yQds0ne84OPr+u6mhQZ59gSEREREWVVVjP8g7I6YSHNs\/+\/++MfvvsfAA\/jOsKgf0+Wg\/5ERESzVq5UsL27AyEEHt5\/kLkNvJdR0bJU6bSH9x8kLkGTNwx8+PQRQG9F1rJPFC7C9u4OypUKur6PP91\/sOjuEBEREdEdlJUAdlw5zHmUkk1L1H54We\/\/Lb6wpj8RERFN7dpx1EbWq5Ttv0jb\/Y2\/x92IuuN5au+MaffVWUV6f0UKMLwvBhERERHRvGQ9OadXDSG7zyHr\/b\/NyKD\/qj\/5ccy6HjIREVGW9fZ4OUe1tgFdzy26O5mnaRru9UuDTRKYPjs5xeWVCU3TVIkx6pGlB6fZbJ6IiIiIiGiZjSzvQ0RERDSO18dHeDFi83VKLm8YKJgmLur1ie5frdXGXiVwV5RsG77vM7mFiIiIiIhW0RcG\/YmIiIiIiIiIiIiIVsOXf1t0D4iIiIiIiIiIiIiIKB0M+hMRERERERERERERrQgG\/YmIiIiIiIiIiIiIiIiIiIiIiIiIiIiIiIiIiIiIiIiIiIiIiIiIiIiIiIiIiIiIiIiIiIiIiIiIiIiIiIiIiIiIiIiIiIiIiIiIiIiIiIiIiIiIiIiIiIiIiIiIiIiIiIiIiIiIiIiIiIjuoP8HiCZNM3OnZ\/YAAAAASUVORK5CYII=\" alt=\"Markalama G\u00f6rseli\" title=\"\"><\/p>\n<\/div>\n<div>\n<table style=\"width: 100%;\" cellspacing=\"0\" cellpadding=\"0\">\n<tbody>\n<tr>\n<td style=\"width: 120px; font-weight: bold;\">\u0646\u0648\u0631\u0645<\/td>\n<td style=\"width: 400px; text-align: left;\">ISO 1307<\/td>\n<td style=\"width: 120px; font-weight: bold;\">\u0644\u0648\u0646<\/td>\n<td style=\"width: 400px;\">\n<div class=\"color-icons\"><img decoding=\"async\" src=\"data:image\/svg+xml;base64,PHN2ZyB2aWV3Qm94PSIwIDAgMTAwIDEwMCIgeG1sbnM9Imh0dHA6Ly93d3cudzMub3JnLzIwMDAvc3ZnIj4KICA8Y2lyY2xlIGN4PSI1MCIgY3k9IjUwIiByPSI0OSIgZmlsbD0iIzAwMDAwMCIgc3Ryb2tlPSJibGFjayIgc3Ryb2tlLXdpZHRoPSIwLjUiLz4KICA8Y2lyY2xlIGN4PSI1MCIgY3k9IjUwIiByPSIzOCIgZmlsbD0id2hpdGUiIHN0cm9rZT0iYmxhY2siIHN0cm9rZS13aWR0aD0iMC41Ii8+CiAgPGNpcmNsZSBjeD0iNTAiIGN5PSI1MCIgcj0iMzMiIGZpbGw9IiMwMDAwMDAiIHN0cm9rZT0iYmxhY2siIHN0cm9rZS13aWR0aD0iMC41Ii8+CiAgPGNpcmNsZSBjeD0iNTAiIGN5PSI1MCIgcj0iMjIiIGZpbGw9IndoaXRlIiBzdHJva2U9ImJsYWNrIiBzdHJva2Utd2lkdGg9IjAuNSIvPgo8L3N2Zz4=\" alt=\"\" title=\"\"><\/div>\n<\/td>\n<\/tr>\n<\/tbody>\n<\/table>\n<\/div>\n<\/div>\n<\/div>","protected":false},"excerpt":{"rendered":"<p>&nbsp; \u00dcr\u00fcn Ad\u0131: TEXTOIL\/ 20-NL \u00dcr\u00fcn Kodu: OTR445 Tekstil Takviyeli Ya\u011f 20 NL Kullanim Alan\u0131 : \u0130\u00e7ten yanmal\u0131 motorlarda yak\u0131tlar\u0131n teslimi i\u00e7in ya\u011flama ve gresleme hizmetlerinde kullan\u0131l\u0131r. Alt Katman : Yak\u0131t ve Ya\u011fa Dayan\u0131kl\u0131, D\u00fcz NBR Kau\u00e7uk. Takviye Katman\u0131 : Y\u00fcksek Mukavemetli Sentetik Tekstil. \u00dcst Katman : A\u015f\u0131nmaya, Oksijene, Hava ve Ya\u011fa Dayan\u0131kl\u0131 \u00d6zel Sentetik [&#8230;]\n","protected":false},"featured_media":22528,"comment_status":"open","ping_status":"closed","template":"","meta":{"jetpack_post_was_ever_published":false},"product_brand":[],"product_cat":[2364],"product_tag":[],"class_list":{"0":"post-21789","1":"product","2":"type-product","3":"status-publish","4":"has-post-thumbnail","6":"product_cat-sel_akaryakit_hortumlari","8":"first","9":"instock","10":"taxable","11":"shipping-taxable","12":"product-type-simple"},"jetpack-related-posts":[{"id":21786,"url":"https:\/\/tuzlahortum.com.tr\/ar\/product\/textilo-20-nl\/","url_meta":{"origin":21789,"position":0},"title":"TEXTILO\/20-NL","author":"admin","date":"11 \u0623\u063a\u0633\u0637\u0633 2025","format":false,"excerpt":"\u00dcr\u00fcn Ad\u0131: Textoil \/ 20 NL \u00dcr\u00fcn Kodu: OTR445 Tekstil Takviyeli Ya\u011f 20 NL Kullanim Alan\u0131 : \u0130\u00e7ten yanmal\u0131 motorlarda yak\u0131tlar\u0131n teslimi, ya\u011flama ve gresleme hizmetleri i\u00e7in. Alt Katman : Yak\u0131t ve Ya\u011fa Dayan\u0131kl\u0131, D\u00fcz NBR Kau\u00e7uk. Takviye Katman\u0131 : Y\u00fcksek Mukavemetli Sentetik Tekstil. \u00dcst Katman : A\u015f\u0131nmaya, Oksijene, Hava\u2026","rel":"","context":"\u062a\u062f\u0648\u064a\u0646\u0629 \u0645\u0634\u0627\u0628\u0647\u0629","block_context":{"text":"\u062a\u062f\u0648\u064a\u0646\u0629 \u0645\u0634\u0627\u0628\u0647\u0629","link":""},"img":{"alt_text":"","src":"https:\/\/i0.wp.com\/tuzlahortum.com.tr\/wp-content\/uploads\/2025\/08\/textoil10nl20nl-p-2.png?fit=531%2C531&ssl=1&resize=350%2C200","width":350,"height":200,"srcset":"https:\/\/i0.wp.com\/tuzlahortum.com.tr\/wp-content\/uploads\/2025\/08\/textoil10nl20nl-p-2.png?fit=531%2C531&ssl=1&resize=350%2C200 1x, https:\/\/i0.wp.com\/tuzlahortum.com.tr\/wp-content\/uploads\/2025\/08\/textoil10nl20nl-p-2.png?fit=531%2C531&ssl=1&resize=525%2C300 1.5x"},"classes":[]},{"id":21545,"url":"https:\/\/tuzlahortum.com.tr\/ar\/product\/yakit-en-12115-d16\/","url_meta":{"origin":21789,"position":1},"title":"\u0648\u0642\u0648\u062f-\u0625\u0646 12115\/\u062f16","author":"admin","date":"11 \u0623\u063a\u0633\u0637\u0633 2025","format":false,"excerpt":"\u00a0 \u00dcr\u00fcn Ad\u0131: YAKIT-EN 12115 \/ D16 \u00dcr\u00fcn Kodu: ODEN447 Petrol \/ Ya\u011f Verici 16 Bar EN 12115 Tip D Kullanim Alan\u0131 : Aromatik i\u00e7eri\u011fi %50'ye kadar olan petrol \u00fcr\u00fcnlerinin ta\u015f\u0131nmas\u0131 i\u00e7in. Alt Katman : Ya\u011fa ve Petrole Dayan\u0131kl\u0131 \u0130letken NBR. Takviye Katman\u0131 : Y\u00fcksek Mukavemetli Sentetik Tekstil ve 2\u2026","rel":"","context":"\u062a\u062f\u0648\u064a\u0646\u0629 \u0645\u0634\u0627\u0628\u0647\u0629","block_context":{"text":"\u062a\u062f\u0648\u064a\u0646\u0629 \u0645\u0634\u0627\u0628\u0647\u0629","link":""},"img":{"alt_text":"","src":"https:\/\/i0.wp.com\/tuzlahortum.com.tr\/wp-content\/uploads\/2025\/08\/yakiten12115d16-p.png?fit=524%2C524&ssl=1&resize=350%2C200","width":350,"height":200},"classes":[]},{"id":21548,"url":"https:\/\/tuzlahortum.com.tr\/ar\/product\/yakit-en-12115-sd16\/","url_meta":{"origin":21789,"position":2},"title":"\u0648\u0642\u0648\u062f-\u0625\u0646 12115 \/ SD16","author":"admin","date":"11 \u0623\u063a\u0633\u0637\u0633 2025","format":false,"excerpt":"\u00a0 \u00dcr\u00fcn Ad\u0131: YAKIT-EN 12115 \/ SD16 \u00dcr\u00fcn Kodu: OSDEN448 Petrol \/ Ya\u011f Al\u0131c\u0131\/Verici 16 BAR EN 12115 Type SD Kullanim Alan\u0131 : Aromatik i\u00e7eri\u011fi %50'ye kadar olan petrol \u00fcr\u00fcnlerinin emi\u015f ve de\u015farj\u0131 i\u00e7in. Alt Katman : Ya\u011fa ve Petrole Dayan\u0131kl\u0131 \u0130letken NBR. Takviye Katman\u0131 : Y\u00fcksek Mukavemetli Sentetik Tekstil,\u2026","rel":"","context":"\u062a\u062f\u0648\u064a\u0646\u0629 \u0645\u0634\u0627\u0628\u0647\u0629","block_context":{"text":"\u062a\u062f\u0648\u064a\u0646\u0629 \u0645\u0634\u0627\u0628\u0647\u0629","link":""},"img":{"alt_text":"","src":"https:\/\/i0.wp.com\/tuzlahortum.com.tr\/wp-content\/uploads\/2025\/08\/yakiten12115sd16-p.png?fit=510%2C510&ssl=1&resize=350%2C200","width":350,"height":200},"classes":[]},{"id":21599,"url":"https:\/\/tuzlahortum.com.tr\/ar\/product\/textoil-10-nl\/","url_meta":{"origin":21789,"position":3},"title":"TEXTOIL\/10-NL","author":"admin","date":"11 \u0623\u063a\u0633\u0637\u0633 2025","format":false,"excerpt":"\u00dcr\u00fcn Ad\u0131: TEXTOIL\/10-NL \u00dcr\u00fcn Kodu: OTR445 Tekstil Takviyeli Ya\u011f 10 NL Kullanim Alan\u0131 : \u0130\u00e7ten yanmal\u0131 motorlarda yak\u0131tlar\u0131n teslimi, ya\u011flama ve gresleme hizmetleri i\u00e7in. Alt Katman : Yak\u0131t ve Ya\u011fa Dayan\u0131kl\u0131, D\u00fcz NBR Kau\u00e7uk. Takviye Katman\u0131 : Y\u00fcksek Mukavemetli Sentetik Tekstil. \u00dcst Katman : A\u015f\u0131nmaya, Oksijene, Hava ve Ya\u011fa Dayan\u0131kl\u0131\u2026","rel":"","context":"\u062a\u062f\u0648\u064a\u0646\u0629 \u0645\u0634\u0627\u0628\u0647\u0629","block_context":{"text":"\u062a\u062f\u0648\u064a\u0646\u0629 \u0645\u0634\u0627\u0628\u0647\u0629","link":""},"img":{"alt_text":"","src":"https:\/\/i0.wp.com\/tuzlahortum.com.tr\/wp-content\/uploads\/2025\/08\/textoil10nl20nl-p-2.png?fit=531%2C531&ssl=1&resize=350%2C200","width":350,"height":200,"srcset":"https:\/\/i0.wp.com\/tuzlahortum.com.tr\/wp-content\/uploads\/2025\/08\/textoil10nl20nl-p-2.png?fit=531%2C531&ssl=1&resize=350%2C200 1x, https:\/\/i0.wp.com\/tuzlahortum.com.tr\/wp-content\/uploads\/2025\/08\/textoil10nl20nl-p-2.png?fit=531%2C531&ssl=1&resize=525%2C300 1.5x"},"classes":[]},{"id":21575,"url":"https:\/\/tuzlahortum.com.tr\/ar\/product\/aero-b\/","url_meta":{"origin":21789,"position":4},"title":"AERO-B","author":"admin","date":"11 \u0623\u063a\u0633\u0637\u0633 2025","format":false,"excerpt":"\u00a0 \u00dcr\u00fcn Ad\u0131: AERO-B \u00dcr\u00fcn Kodu: ARB495 U\u00e7ak Yak\u0131t Dolumu EN 1361 Tip B Kullanim Alan\u0131 : Aromatik i\u00e7eri\u011fi %50'ye kadar olan u\u00e7aklar\u0131n yerden yak\u0131t ikmali i\u00e7in. Alt Katman : Havac\u0131l\u0131k Benzinleri ve Jet Yak\u0131tlar\u0131na Dayan\u0131kl\u0131, \u0130letken NBR Kau\u00e7uk. Takviye Katman\u0131 : Y\u00fcksek Mukavemetli Sentetik Tekstil ve 2 Antistatik Bak\u0131r\u2026","rel":"","context":"\u062a\u062f\u0648\u064a\u0646\u0629 \u0645\u0634\u0627\u0628\u0647\u0629","block_context":{"text":"\u062a\u062f\u0648\u064a\u0646\u0629 \u0645\u0634\u0627\u0628\u0647\u0629","link":""},"img":{"alt_text":"","src":"https:\/\/i0.wp.com\/tuzlahortum.com.tr\/wp-content\/uploads\/2025\/08\/aerob-p.png?fit=526%2C526&ssl=1&resize=350%2C200","width":350,"height":200,"srcset":"https:\/\/i0.wp.com\/tuzlahortum.com.tr\/wp-content\/uploads\/2025\/08\/aerob-p.png?fit=526%2C526&ssl=1&resize=350%2C200 1x, https:\/\/i0.wp.com\/tuzlahortum.com.tr\/wp-content\/uploads\/2025\/08\/aerob-p.png?fit=526%2C526&ssl=1&resize=525%2C300 1.5x"},"classes":[]},{"id":21605,"url":"https:\/\/tuzlahortum.com.tr\/ar\/product\/oil-1a\/","url_meta":{"origin":21789,"position":5},"title":"\u0627\u0644\u0646\u0641\u0637 - 1 \u0623","author":"admin","date":"11 \u0623\u063a\u0633\u0637\u0633 2025","format":false,"excerpt":"\u00a0 \u00dcr\u00fcn Ad\u0131: OIL - 1A \u00dcr\u00fcn Kodu: ODIN 1A\/461 DIN 73379 Tip 1A Kullanim Alan\u0131 : \u0130\u00e7ten yanmal\u0131 motorlarda yak\u0131tlar\u0131n teslimi i\u00e7in ya\u011flama ve gresleme hizmetlerinde kullan\u0131l\u0131r. Alt Katman : Yak\u0131t ve Ya\u011fa Dayan\u0131kl\u0131, D\u00fcz NBR Kau\u00e7uk. Takviye Katman\u0131 : Y\u00fcksek Mukavemetli Sentetik Tekstil. \u00dcst Katman : A\u015f\u0131nmaya, Alev,\u2026","rel":"","context":"\u062a\u062f\u0648\u064a\u0646\u0629 \u0645\u0634\u0627\u0628\u0647\u0629","block_context":{"text":"\u062a\u062f\u0648\u064a\u0646\u0629 \u0645\u0634\u0627\u0628\u0647\u0629","link":""},"img":{"alt_text":"","src":"https:\/\/i0.wp.com\/tuzlahortum.com.tr\/wp-content\/uploads\/2025\/08\/oil1a-p.png?fit=531%2C531&ssl=1&resize=350%2C200","width":350,"height":200,"srcset":"https:\/\/i0.wp.com\/tuzlahortum.com.tr\/wp-content\/uploads\/2025\/08\/oil1a-p.png?fit=531%2C531&ssl=1&resize=350%2C200 1x, https:\/\/i0.wp.com\/tuzlahortum.com.tr\/wp-content\/uploads\/2025\/08\/oil1a-p.png?fit=531%2C531&ssl=1&resize=525%2C300 1.5x"},"classes":[]}],"jetpack_sharing_enabled":true,"jetpack_likes_enabled":true,"_links":{"self":[{"href":"https:\/\/tuzlahortum.com.tr\/ar\/wp-json\/wp\/v2\/product\/21789","targetHints":{"allow":["GET"]}}],"collection":[{"href":"https:\/\/tuzlahortum.com.tr\/ar\/wp-json\/wp\/v2\/product"}],"about":[{"href":"https:\/\/tuzlahortum.com.tr\/ar\/wp-json\/wp\/v2\/types\/product"}],"replies":[{"embeddable":true,"href":"https:\/\/tuzlahortum.com.tr\/ar\/wp-json\/wp\/v2\/comments?post=21789"}],"wp:featuredmedia":[{"embeddable":true,"href":"https:\/\/tuzlahortum.com.tr\/ar\/wp-json\/wp\/v2\/media\/22528"}],"wp:attachment":[{"href":"https:\/\/tuzlahortum.com.tr\/ar\/wp-json\/wp\/v2\/media?parent=21789"}],"wp:term":[{"taxonomy":"product_brand","embeddable":true,"href":"https:\/\/tuzlahortum.com.tr\/ar\/wp-json\/wp\/v2\/product_brand?post=21789"},{"taxonomy":"product_cat","embeddable":true,"href":"https:\/\/tuzlahortum.com.tr\/ar\/wp-json\/wp\/v2\/product_cat?post=21789"},{"taxonomy":"product_tag","embeddable":true,"href":"https:\/\/tuzlahortum.com.tr\/ar\/wp-json\/wp\/v2\/product_tag?post=21789"}],"curies":[{"name":"\u062f\u0628\u0644\u064a\u0648 \u0628\u064a","href":"https:\/\/api.w.org\/{rel}","templated":true}]}}