{"id":21737,"date":"2025-08-11T11:31:02","date_gmt":"2025-08-11T08:31:02","guid":{"rendered":"https:\/\/tuzlahortum.com.tr\/urun\/osris-wd\/"},"modified":"2025-08-20T15:26:45","modified_gmt":"2025-08-20T12:26:45","slug":"osris-wd","status":"publish","type":"product","link":"https:\/\/tuzlahortum.com.tr\/ar\/product\/osris-wd\/","title":{"rendered":"\u0623\u0648\u0633\u0631\u064a\u0633 - WD"},"content":{"rendered":"<p>&nbsp;<\/p>\n<div class=\"report-container\">\n<div class=\"report-header\">\n<div class=\"standard-text\">\u0627\u0633\u0645 \u0627\u0644\u0645\u0646\u062a\u062c: OSRIS - WD<\/div>\n<div class=\"standard-text\">\u0631\u0645\u0632 \u0627\u0644\u0645\u0646\u062a\u062c: RS115<\/div>\n<\/div>\n<div class=\"product-image-container\">\n<div class=\"key-feature\">\u062a\u0648\u0632\u064a\u0639 \u0645\u064a\u0627\u0647 \u0627\u0644\u062d\u0627\u0626\u0637 \u0627\u0644\u0646\u0627\u0639\u0645\u0629<\/div>\n<\/div>\n<div class=\"horizontal-line\"><\/div>\n<div class=\"product-details\">\n<div class=\"detail-row\">\n<div class=\"detail-label\">\u0645\u0646\u0637\u0642\u0629 \u0627\u0644\u0627\u0633\u062a\u062e\u062f\u0627\u0645<\/div>\n<div class=\"detail-value\">: \u0644\u062a\u0635\u0631\u064a\u0641 \u0627\u0644\u0645\u064a\u0627\u0647<\/div>\n<\/div>\n<div class=\"detail-row\">\n<div class=\"detail-label\">\u0627\u0644\u0637\u0628\u0642\u0629 \u0627\u0644\u0633\u0641\u0644\u0649<\/div>\n<div class=\"detail-value\">: \u0623\u0633\u0648\u062f\u060c \u0645\u0637\u0627\u0637 \u0635\u0646\u0627\u0639\u064a \u062e\u0627\u0635\u060c \u0623\u0633\u0648\u062f.<\/div>\n<\/div>\n<div class=\"detail-row\">\n<div class=\"detail-label\">\u0637\u0628\u0642\u0629 \u0627\u0644\u062a\u0639\u0632\u064a\u0632<\/div>\n<div class=\"detail-value\">: \u0645\u0646\u0633\u0648\u062c\u0627\u062a \u0627\u0635\u0637\u0646\u0627\u0639\u064a\u0629 \u0639\u0627\u0644\u064a\u0629 \u0627\u0644\u0642\u0648\u0629.<\/div>\n<\/div>\n<div class=\"detail-row\">\n<div class=\"detail-label\">\u0627\u0644\u0637\u0628\u0642\u0629 \u0627\u0644\u0639\u0644\u064a\u0627<\/div>\n<div class=\"detail-value\">: \u0623\u0633\u0648\u062f CR \u0645\u0642\u0627\u0648\u0645 \u0644\u0644\u0646\u0641\u0637 \u0648\u0627\u0644\u0648\u0642\u0648\u062f \u0648\u0645\u064a\u0627\u0647 \u0627\u0644\u0628\u062d\u0631 \u0648\u0627\u0644\u0647\u0648\u0627\u0621 \u0648\u0627\u0644\u0623\u0643\u0633\u062c\u064a\u0646.<\/div>\n<\/div>\n<\/div>\n<div class=\"datasheet_table\"><img decoding=\"async\" class=\"alignnone size-full\" src=\"https:\/\/tuzlahortum.com.tr\/wp-content\/uploads\/2025\/08\/datasheet350.svg\" alt=\"\" title=\"\"><\/div>\n<div class=\"table-notes\"><\/div>\n<div class=\"horizontal-line\"><\/div>\n<div class=\"footer\">\n<div class=\"standards-section\">\n<div class=\"standard-item\" style=\"margin-top: 9px;\"><\/div>\n<div class=\"standard-info\"><\/div>\n<\/div>\n<div class=\"temperature-section\">\n<div class=\"temp-icon\"><img decoding=\"async\" src=\"data:image\/svg+xml;base64,PD94bWwgdmVyc2lvbj0iMS4wIiBlbmNvZGluZz0iVVRGLTgiPz4KPHN2ZyBpZD0ia2F0bWFuXzIiIGRhdGEtbmFtZT0ia2F0bWFuIDIiIHhtbG5zPSJodHRwOi8vd3d3LnczLm9yZy8yMDAwL3N2ZyIgdmlld0JveD0iMCAwIDcyLjI3IDE2Ljk4Ij4KICA8ZGVmcz4KICAgIDxzdHlsZT4KICAgICAgLmNscy0xIHsKICAgICAgICBzdHJva2Utd2lkdGg6IC41OXB4OwogICAgICB9CgogICAgICAuY2xzLTEsIC5jbHMtMiwgLmNscy0zLCAuY2xzLTQgewogICAgICAgIGZpbGw6IG5vbmU7CiAgICAgICAgc3Ryb2tlLW1pdGVybGltaXQ6IDMuODY7CiAgICAgIH0KCiAgICAgIC5jbHMtMSwgLmNscy0zLCAuY2xzLTQgewogICAgICAgIHN0cm9rZTogI2E3YTlhYjsKICAgICAgfQoKICAgICAgLmNscy01IHsKICAgICAgICBmaWxsOiAjYTdhOWFiOwogICAgICB9CgogICAgICAuY2xzLTIgewogICAgICAgIHN0cm9rZTogI2ZmZjsKICAgICAgfQoKICAgICAgLmNscy0zIHsKICAgICAgICBzdHJva2Utd2lkdGg6IDIuMDZweDsKICAgICAgfQoKICAgICAgLmNscy00IHsKICAgICAgICBzdHJva2Utd2lkdGg6IC4ycHg7CiAgICAgIH0KICAgIDwvc3R5bGU+CiAgPC9kZWZzPgogIDxnIGlkPSJrYXRtYW5fMSIgZGF0YS1uYW1lPSJrYXRtYW4gMSI+CiAgICA8Zz4KICAgICAgPHBhdGggY2xhc3M9ImNscy0zIiBkPSJNMTEuMzQsMTEuNTdjLS45NCwxLjcxLTIuNzEsMi42Ni00LjgsMi42Ni0zLjA1LDAtNS41MS0yLjQ3LTUuNTEtNS41MlMzLjUsMy4xOSw2LjU1LDMuMTljMS45NCwwLDMuNjUsMSw0LjYzLDIuNTIiLz4KICAgICAgPGNpcmNsZSBjbGFzcz0iY2xzLTUiIGN4PSI2LjU1IiBjeT0iOC42NiIgcj0iMi40Ii8+CiAgICAgIDxjaXJjbGUgY2xhc3M9ImNscy0yIiBjeD0iNi41NSIgY3k9IjguNjYiIHI9IjIuNCIvPgogICAgICA8bGluZSBjbGFzcz0iY2xzLTMiIHgxPSI2OC4zNCIgeTE9IjExLjc2IiB4Mj0iOS45MiIgeTI9IjExLjc2Ii8+CiAgICAgIDxsaW5lIGNsYXNzPSJjbHMtMyIgeDE9IjY4Ljc4IiB5MT0iNS41MSIgeDI9IjkuNzMiIHkyPSI1LjUxIi8+CiAgICAgIDxsaW5lIGNsYXNzPSJjbHMtMyIgeDE9IjU0LjA3IiB5MT0iOC43NSIgeDI9IjguNjQiIHkyPSI4Ljc1Ii8+CiAgICAgIDxwYXRoIGNsYXNzPSJjbHMtMyIgZD0iTTY4LjE1LDUuNTVjMS43MSwwLDMuMDksMS4zOSwzLjA5LDMuMDlzLTEuOTIsMy4wNi0zLjYyLDMuMDYiLz4KICAgICAgPHBhdGggY2xhc3M9ImNscy01IiBkPSJNNTMuOTEsOC43NWMwLS4xNC4xMi0uMjYuMjYtLjI2cy4yNy4xMi4yNy4yNi0uMTIuMjctLjI3LjI3LS4yNi0uMTItLjI2LS4yN1oiLz4KICAgICAgPHBhdGggY2xhc3M9ImNscy0zIiBkPSJNNTMuOTEsOC43NWMwLS4xNC4xMi0uMjYuMjYtLjI2cy4yNy4xMi4yNy4yNi0uMTIuMjctLjI3LjI3LS4yNi0uMTItLjI2LS4yN1oiLz4KICAgICAgPGxpbmUgY2xhc3M9ImNscy0xIiB4MT0iMzYuNDMiIHkxPSIxNi45OCIgeDI9IjM2LjQzIiB5Mj0iMTQuMjQiLz4KICAgICAgPGxpbmUgY2xhc3M9ImNscy0xIiB4MT0iMjguMDUiIHkxPSIxNi45OCIgeDI9IjI4LjA1IiB5Mj0iMTQuMjQiLz4KICAgICAgPGxpbmUgY2xhc3M9ImNscy0xIiB4MT0iMTkuNTkiIHkxPSIxNi45OCIgeDI9IjE5LjU5IiB5Mj0iMTQuMjQiLz4KICAgICAgPGxpbmUgY2xhc3M9ImNscy0xIiB4MT0iNDEuNTciIHkxPSIyLjc0IiB4Mj0iNDEuNTciLz4KICAgICAgPGxpbmUgY2xhc3M9ImNscy0xIiB4MT0iMzMuMjgiIHkxPSIyLjc0IiB4Mj0iMzMuMjgiLz4KICAgICAgPGxpbmUgY2xhc3M9ImNscy0xIiB4MT0iMjQuOTkiIHkxPSIyLjc0IiB4Mj0iMjQuOTkiLz4KICAgICAgPGxpbmUgY2xhc3M9ImNscy0xIiB4MT0iMTYuMDgiIHkxPSIyLjc0IiB4Mj0iMTYuMDgiLz4KICAgICAgPGxpbmUgY2xhc3M9ImNscy0xIiB4MT0iNDQuNjMiIHkxPSIxNi45OCIgeDI9IjQ0LjYzIiB5Mj0iMTQuMjQiLz4KICAgICAgPGxpbmUgY2xhc3M9ImNscy0xIiB4MT0iNDkuNDkiIHkxPSIyLjc0IiB4Mj0iNDkuNDkiLz4KICAgICAgPGxpbmUgY2xhc3M9ImNscy00IiB4MT0iNDAuODgiIHkxPSIxNi45OCIgeDI9IjQwLjg4IiB5Mj0iMTQuMjQiLz4KICAgICAgPGxpbmUgY2xhc3M9ImNscy00IiB4MT0iMzIuMzMiIHkxPSIxNi45OCIgeDI9IjMyLjMzIiB5Mj0iMTQuMjQiLz4KICAgICAgPGxpbmUgY2xhc3M9ImNscy00IiB4MT0iMjMuNzkiIHkxPSIxNi45OCIgeDI9IjIzLjc5IiB5Mj0iMTQuMjQiLz4KICAgICAgPGxpbmUgY2xhc3M9ImNscy00IiB4MT0iMjAuNTkiIHkxPSIyLjc0IiB4Mj0iMjAuNTkiLz4KICAgICAgPGxpbmUgY2xhc3M9ImNscy00IiB4MT0iMjkuMTMiIHkxPSIyLjc0IiB4Mj0iMjkuMTMiLz4KICAgICAgPGxpbmUgY2xhc3M9ImNscy00IiB4MT0iMzcuMTYiIHkxPSIyLjc0IiB4Mj0iMzcuMTYiLz4KICAgICAgPGxpbmUgY2xhc3M9ImNscy00IiB4MT0iNDUuNzEiIHkxPSIyLjc0IiB4Mj0iNDUuNzEiLz4KICAgIDwvZz4KICA8L2c+Cjwvc3ZnPg==\" alt=\"S\u0131cakl\u0131k\" width=\"100\" title=\"\"><\/div>\n<div class=\"temp-values\">\n<div>-35 \u062f\u0631\u062c\u0629 \u0645\u0626\u0648\u064a\u0629 \/ +80 \u062f\u0631\u062c\u0629 \u0645\u0626\u0648\u064a\u0629<\/div>\n<div>-31 \u062f\u0631\u062c\u0629 \u0641\u0647\u0631\u0646\u0647\u0627\u064a\u062a\/+176 \u062f\u0631\u062c\u0629 \u0641\u0647\u0631\u0646\u0647\u0627\u064a\u062a<\/div>\n<\/div>\n<\/div>\n<div class=\"marking-section\">\n<div class=\"detail-row\">\n<div class=\"detail-label\">\u0648\u0636\u0639 \u0627\u0644\u0639\u0644\u0627\u0645\u0627\u062a<\/div>\n<div class=\"detail-value\">: \u0634\u0631\u064a\u0637 \u0646\u0642\u0644 \u0623\u0648 \u0634\u0631\u064a\u0637 \u0646\u0642\u0644 \u0623\u0648 \u0645\u0646\u0642\u0648\u0634<\/div>\n<\/div>\n<p><img decoding=\"async\" class=\"marking-image\" src=\"data:image\/png;base64,iVBORw0KGgoAAAANSUhEUgAABf0AAAAoCAYAAABEkVAiAAAACXBIWXMAACE3AAAhNwEzWJ96AAAeDElEQVR4nO3dP2\/bWLoG8GcX2w6\/gAlsBjuNWNwL3EYsZnC3iFhkMFtYLBKkuLaKZNPYKuyk2CT3IskUjl04brJ2IbsJkkJyM5gU0hQzSAqpGWCmoJoBZgr6CzBf4BbSSx9SJEVSlETZzw8IktgUefhHh+R7znnPn\/721xsbAP4HRERERERERERERES00v4C4AaAvy+3GERERERERERERERENKs\/L7sARERERERERERERERUDAb9iYiIiIiIiIiIiIiuiL\/M8mFN01AxjKLKUphBvw8A0HUda7ru\/3zoOPA8b1nFIiIiIiIiIiIiIiKaq9xBf03T8Obd21IG\/b+48TkAYN22sdXc9n9+9\/Ydv0GAiIiIiIiIiIiIiOiqyZ3ep2IYpQz4ExERERERERERERFdV8zpT0RERERERERERER0RcyU0181dBz0ur2iVkdERERERERERER0JT1++mQlsqictzvotNuRv3vz7u2CS5PPi2fPMXSciZ+vevmTFBb073V7ODo8LGp1REREcyWTvV+4LlzXXXZxiOia0zQNFcOA53mZH+iJiIiIaPVUDANV01x2MaYa9Aexv1uF8gOjZ+0oq17+JIUF\/YtQVOvK3dt3ClkPERFdXVvNbazbNl48e46zVmvZxSG68iqGgc3GJh7u7C67KKVUsyzsHeyj1+3iwb37yy5Oapqm4fXJMZ+\/iYiIiEqu1+1i6AxRt+tY0\/VlFycXeXdft+1cgfBlW2T5SxX0X5XWFSIiWn03LQsAMOj3l1wSouvh8dMnqJomBv1B7PDg6+ymVQOQ3JOqjN68e4uKYaBu2zyvRERERCV14bp+x5Kh4+D1yfGSS5TdebuNF8+e+\/\/faDSWWJrsFl3+UgX9aXFqloWt5rafO2zoODg6fIVet5v4ubptY6Ox6X\/O8zz80O3itHU6MRS9Yhh4\/PRJ7LoG\/QHOWi14njfxO8lrFpezKks5ipQ231q4t1vVNLHR2ERtHGQERi2s5+1O5DGP285oP3sLe6lO2l\/P83DWOk0MmGbd72k2Gg3UrBoG\/UFkOrG6bWPdrsd+Pnw9ZV0+jqZpePz0CW5aFjRN86\/HF8+eR17f8t0YOk6gwo\/7eRZZr1E5Bkk5+uK+j2lGZ4X3Zdp3Oy1d17HV3PaPuWyr0+6k6rVfMQxomoYL18XQcRLrq6Hj4Kx1mjkF0LTrdavZRNWsRvaOVcuT1Ht2Wj2bdF5p8abVqWnrRvne9rq9xOt9lvtw0aqm6XfuuIrptIqo2+T4\/JDj\/rhMg34fFcPAVnOb9Q0RERERUUkw6H8N1W0bewf7gZ9VDAOvT45x1mrFBhtfHuxj3bYDP9M0Deu2jXXbxtHhq0BgS9O0xNEbVdNEzarhm1tfT\/xO8ppFDXXJWo4i5cm3FnW8gVHDS82y0Ot28WhnNxB0SdpOzbKw0djE3dt35h6omba\/NcvCg3v3I4NUefZ7ms3GJtZ0HeftTuTv13Q9sbzh6ynr8nHLSC9H9Wfrto2bloV\/3Pp6IsAV992Y9p1JI+s1KscgqWdp3PcxT1mTvttZ1vHm3duJdYwCnAbqdh0Pd3YTA29Sdmm0Sjr2o8arBh7t7GYOaCXXgVU\/EBpuPDPGx+liSnA0TT1bNatMp1ISaerUNPewdbvuf4+Sgv6z3IeLttXcBjDq3bKqo2vkWA4dZ+LeNWvdpjZErlqjyNHhK6zbNtZ0nb39iYiIiEpqTdfx5t1bDB0HVdP0e\/3vHeyvTJocNRa4puu4e\/vO1I5OZbLo8hcW9N9obKJqVjN9Jq734+h3feYGnYOqaQYCsRIUk4DlRqOBXrc38UJeNc3AxakGyi4\/u5m5x+CoZ1gzdZB+XuWYF03T8C\/ly6sGCiR4ULMsnBnJPebDKoaBvYP9UuT83TvYx+DLfuB4z2O\/q6aJNV2H53mlCii8PjkOjDiRXuOapkHTNOwd7LMuK9jjp0\/8hxI1QCbHvWIYqFnWlKD\/6H6VJY3G3sE+HMdJ3YtXlktqTJByh78Hkl\/RKWDk0rptM51KyYSDxjKpNDAKjp+327GBXzWQXzEM6Lo+U5A46304D11pYD06fDW37cybjG66e\/tO4Q0X4YbIVTIapdLGRqOBjcYm6xoiIiKikpJOZ2qmj0rL8DvorAKJCcoz+aDfR82qrUzK+EWWv7Cgf54eqlXTHE8iMb90LBS00dgEMHpBe3Dvvv9yWTVNvD45hqZp2Gpu4+7tfuTnLlwXd2\/fCQQY5LPfxqQyiWrAUXtH1+166mDDLOUoUtoXfnVijvBndF3H65NjDB0ndl1xn5GgZsUwFvL9idpf6cmvaRpqlhV4yZ91v6PUx2l40qQ9yDraI+\/oELXXruRm8zzPT\/ezbtuxPbnnbR5BqThf3Ph8IdsBgsc8anSR5Ayfdj7jAmxR9dVGo+G3vG81t1M3tqnfzXBgVh0ZYhiViPJVx+sYptpWVLnV+oKBuHJ58ex5ZOO6BJVHo9air+Hws1bVNOFOObdF3ofzkPkzho6zcr3YFyVPQ2SZnLVOsdFoFNIQRURERETzJc+eo1hutg7cZSFxFl3XU6U4LptFlH\/p6X3ihpCM8jU3c61zni+uq0yCs8AoWKYGHAb9Pr599hx7B\/v+8HQ1cC6fe\/Hs+cSL3KDfx9+\/\/CpToN3zPBwdvsLrk2Os6XrqF8SiyzFvtfGkfGet1kSAx3VdfHPr60zDqNxxY8ePHz9A0zTU7TpePFtOo1mn3fbnVaia1UBAsej9Bi6DRr1ub8aSF0caIi5cN5C\/3\/M8PNzZ9UcnjPK6r17vzTKqKcHDcF0vx33atSV1XNoA5Fmr5TeI1pR5G6bxPA8Xrou1cS9udVuGclOXHt4qffyzWa4b13X9elZGQZSpfqSgQb+P83Z73FgY\/+B92SA0GlV006rlatDJex\/OQ+4JnZjUbHRZt+WZ76YMXGV+lDQNUURERES0PFXTxG9\/\/A5gFB+UNDNRaXTLaqu57Y9QkE6PcWmmy2gR5f9z3g\/Ky+m8rI0naczzh6KpLUdR50590YxrZYoLQOUJJKnbiwp6JSmyHIuQ1HMva5llGD0Qf54WRQLwceevqP1WA61lCojI8e91u5H74w+XW8FW57JLCoZPu7bypNFQ86ZnOZ8SRA33zq4ovfujRsnJd2paTv9p0tTrVB6uezF1GbXxHsg3t4aY5T6cRZbvnDRQhalp\/NJuM+sLS5FDarOUN2mugDzijmGUPD2L9HEjUZg8E6xqbzEiIiKi60ie0YcZUtmWjezDqo5un1f5cwf9AeDhzi6+uPF5pj+rnMt11elKECnqpdLzPP9Ci3sBLEuLX1nKkVbR5ZVgetmDeEXtt\/QSTZPaR+jjCQXTBnGyLi+fAeJTsEgApOznaRXNcm3lSaMh8zUA2c6nbEPX1wI\/D69D\/b9cg57nMUUGBUjuf2kAvXDdzMHwRQvPeaKSHkbSo+i799\/ju\/ff4+dff8FLpYdL3bbx86+\/+L+Tho8wSfEl6\/z5118mJloXW80mfvvjd2w1m6gYhr+s\/CyqnOLNu7d+KqYoacurrh+4fNiv2zZ+++N3\/PTxQ+Tyv\/3xO3774\/eJ\/dpqNgPbTeqpVbMs\/PTxA378+MFfPm6ErWwPAF4e7OPH8efC689TRxIRERHRpQvXxaB\/OWeimhZZYnbSMSz8\/\/Bnk9YFjJ49h44znqPVxEajAV3XA5\/JI247ecqYtC51\/7eaTVRNEy8P9jOnkr5q5VctPb0PLY704ksTRIp7SUzKM5yV+lKYtUIpshyLsG7XC22xk+O17MYP6a0cd\/6K2u+sqX1qVi0w6mfoOHhw737stZ91eZH2O7Xs83QV3bQsaFr2+TvU+Wey3kjzfO\/igmDqvARbzW0Yyvwcl41Jq9nLgvKTOjWuQUrqQrl2e90uNhqNqRNXx28v\/304rbTXczg4v27bcN0LDB0nMMRVJkgf3ppMz7V3sD8RYJe5EuLS\/+n62kTwequ5jQvXzXX\/qlk1bDQagfK+PjnG37\/8KvEeBFye9163iz3sR6ZdUhsF1WP6+OmTwHZl2dcnxxPzOUQNG5YUZkB8mkyZq0Zdv5o2jEF\/IiIiovwuXBf\/\/eVXAEbPazetmj+f3MuDfQz6A3Tabb+zzMOdXQz6fWiahp9\/\/cWf91LS9Hxz62t4noeaZaFm1fBwZ9dfl+d5ePHsOQDgu\/ff+x1a5Jm1Yhj47v33mffhvN0ObMdxhv6o+Z8+fkgs4+OnT\/DNra8BYPyOU\/OfYx8\/fYKhM\/Sfz3\/6+AEvnj1Hr9v19x\/YDhxDdW6+61L+sJl6+s\/TxTgXcZ4\/VDxJAbDV3MbLg\/1CXujk5TKq998iyzFPl0PdR0GHab39VolMJgxMBqiK3O+o1D4yOW5c8DWqF3VSXrSsy9PyyDUgDzp1ZdLoNNSA\/yLSgUmwTr3G5N\/q8Ek13Y\/8u4igv\/rdYyNCeck8RnK+4tInhkepyN9506nkuQ9npfb0j1M1TVQMA71uF+fttr\/sRmMTj58+wYXr4qzV8suoaRo2GpsT65DjF7V83AOzBLHP2+1AuiO1IVgdCQkkD33eaDT8Z1h1mbj0k+pIDdm+ej6iJm4GgiPfdF33A\/6j+U5e+deQ3C9VzjiNkPqsLdvbam7H1qkbjQYG\/T7OWi1cuC7O2+1AgwRHJhERERHlpz4vy7Oa+n91DsGkvz95Hj6Flg+v2\/M+xW4XyJ9mNu0+fIoou\/rZTxOf\/RSxD8F1hP+dZx9Wvfxhpe3pP5qAcHV6cl91Z61T\/2V63baxbtvwPA8\/dLvotDuJPWalBUwlKQqAbClbZilHkR4\/fRIZwBg6jt9aCoyCCPICrb5497pd\/NDtrUy+saj9VYMI4XNY5H6vjyfLVbch15NMdhKl1+1i6AxRNat+GWR29CKWL7u012gR4tJczGNbMtRNJkneO9jHHkZD4DrtTiBgGCVPap9Zyysq4978RmTQP6pRIDptVFq6rvuBzqJyhVMx4r4znufh24iJ6kV4lIr8He5xHVbkfTivadfzi2fP\/V40VbPj977\/5Hl+DxoAeH1yjJplTQSypbf8xXiyeFn+5cE+1m17PEpiN3Lbd2\/f8b+L0qNG7WU\/dBzcvX3HT3Hz4tnz2HuD2jvn6PAwtrwibuRRr9sbT4pbDdwzo+qwm0pjx93bdwLXwbpto27XJxot\/nHr68B1dtZq4cePH\/z7dtT8Ob1u1+9tNq2TzSrfP4mIiIiWoWIYeH1yjKEzRN2uB+bcWh+nIq4YBipGBWu6jpcH++NnxlGnsb2DfQydIWpWDWu67q+rZtUmRtQKTfsMmqbh6PAVKkYlsI481JGnErOrtAxo2md+50pZv4yIVcs4imN8wkZj03+\/kf8DQKVlQNfX\/GVl\/yWeU7NqgXUUVX7ZZtnLH1baoD+Vy6Dfx6Od3Ykh9vIlGPT7eHDvfmTAQU2nEXbhupmCgrOUo0hpRxh4noe7t+9MpA4YDa+ysNXcxj\/v3S99D9yk\/X0REaAqar81TfMbeTrtTuryynUgfvr4AWu6HhuEyLr8KljkKJgiJ79M48G9+xOpQEY3TQNbzW18++x5bMNS3tQ+s5BGCl3XMXQc\/6HMcYZwx3OsqMdQ9itLr9lwzvGws9ZpztLTIg36\/djJyiWwfzEOQgOXPcJHweHoQC1Q7H14XtTJsiW35ZquT0yUft7uoGZZsfNidNqdwPJHh6+wPh4RFE6VI9tS70VnrZbfWLYWsfw04XuVdFaImyg5riFyVEdtTzRWRNVh8lJ22joN7Ptp69R\/QQyLum8P+n3\/2EZdS2o9EvecJfUdEREREWUnMRMRSBtpGBPvwOr\/w59NWhdwORJV7UyZZj6qaeK2k6eMSetS9\/+LG58DGHVSyZOW6CqVXzU16B83qVdeaYegy1D3rJJysNbteu4Xkby5Xa+STruNQb+Pm5bl94aWgG7VNLF3sB8InE6TN0BfdDnmbeg4+PuXX417+lX9HsrAKKDw75PjQK\/EVfLg3v3YIFMR+62makgTpD06PIwcISR5r8P1T9blqRy8cc9f9dqSm6Xk+3Yi0m\/ouo6KYUyk6pg3GZYngTQ1vY\/8LfsgE7MCxTVMnLfb1\/7+VTajtCgXgZ\/VrBpqlgX9nT7RWxuIb7Aa9PvjdGu12Po4zqIayqeJagB2x0F\/degxMH3ugfDxUYPbUUH8qG1LQ0oe4e1Pa9yW+1z43EkKMkn\/I\/UEMKpTohojwtuS\/8c1OEx+fpj4klf2DgpERERElJ28f67yXITSq15P+dxbNvMqf4qgf3QO0nlb0\/Vc2x70+7HBDXUIS5HrvU7ccZ5c6ZEnvbYlv3tcLzp1Ernv3n\/vB7fyBhrylENsNZux19Yot+30tFJJaWWieJ6HjhJ4qxijHsnS+69mWaW+vtT9rVkWXp8cA5geAJh1v2+Oey9mDWRNluPT9IVmWL6Msl6js5BW6UXrdbv+taHrOtZt2\/9ubzY2\/Ql4xDJ6+QOjHv3ruMzVP5miZYCqacIwDP9BK2twLSonu+d5OG93Zv7+UPGi0tEdHR7izbu3qJom1m070PMdmJzsVQz6g3EjZXynhlnvwzI\/S5p157HMRoeo+r7I8iStS1Isxc2pID3vq6YZCPrH1WFxad3CRnMiNCaGjU+z7MYhIiIiIiqGpG3UNG38DlL151NcFZIeVCYd7nW7M8V9F20R5V\/6RL5FTExAy9PrdgM9EtOMpJDh4esZJ+AsuhzLNHQcPLh3X8nHvDo9ynvdrv+9zZpjLMt+503tQ\/lo2mfLLsJMZB4YyTMdVQcsOp+\/kGCejDQYlaE\/8fuKUcmV2kfWcff2ncCfpJE4VE7n47ounENTney1albHjdejP3JdSw76NOZxH6bspgXxf+j2xstVA3\/H1WGS5kn9E94WMGoc2GpuZwr4p1X25y8iIiIiupxvSzqfbDQac3k2nCd15DwwSqWzSu82iyj\/0nL6e56HRzu7mQMblJ8aeIojF1iW3lxSSajpW5L0ul38y3vi5+IP92bMK205klLFLLoRSnr4Zq1c85ynInXaHWw1t7Fu27lyQafZbzW1T1lTCkgKCF3XERWCWfZ5yiIplcUqBXEkD3bUtTVrT\/+851O2J9cKEOzJHzWZ76yT+NJqkmeiyUlqL1OuJPX+uGlZqe6pWe\/DSSmx0tbPur6WarnrZFoQXx1hN1o+uQ6LShsl5PlGRkUBlxPYq+Upqr5f1flwiIiIiK4yGekrqUF1XR\/PIbU6ho4DTdNQt+v+\/Hir1GCxyPJPDfrPOmQ7TtTLQBHbCk721i7spWMVgnbTyD6s6bqfL0ql9iScZ5DV8zz8MB62stnYLCzon1bnCuS3lkDBsoLh5+02tprb44rKnsvxVPP\/x01Q+ubd20AaGwlWDB0ndcqKLMuHyWckbcvk+pd7ntKQfYhrDFR\/vsr1YMUwsKbruRuRZq0fZVLSdbs+XsdloC1qMl8GzEiVdjRY1aymuqdmvQ\/LSJI8suaVn9Uq9e6RF6wfYkbkuK7r1x0yz1VcPn8gOm1U2JrS8Bie\/2g0ciR\/0H9Vc6gSERERXQcXruvPq\/j65LjQCWMXRU1L9N3771cqnQ+w+PJPDfovMvBQ9LbchBej60g9vhuNxkTuevViCwe1NhoNnLfbkUG\/PMGwTruDddvGmq6japqpz33R5Zi3mmXBTQgy5gkKS8\/MrJ8rkjseLTHKPV2fCPrPY7\/T2Gpuo2qaeLSzGyiT9DANj+TIunyYjFhYt20cHb4KXJdqeqKyXI9R5LsX912Uay0u5\/Si6eNyxjU0qQ05UT\/Pe5\/ZaDT8f+c5Do7j+PNYyP9V6mS+AFPfXVeS1id8\/uX6PTp8FXkNVwwDj58+SZyENSzvfTiry8bRfBPjZlU1q4G0VsERNMuvw0RlPIdHUhAfuJxYXuYriUrZJce4ZtVSn8d5NOKuRYxkIiIiIqJycJX5vIbOMNO7Q1moaYncceeYVbLo8i89pz8t1vk4ULbV3EZdCfLLRLjA6IVSfRmsmiYeP33iTzCo0jQNj58+yTz55KDf94Ma9XHP12nmUY550jQNewf7ePPubeBYC3XixbSpPGQyRdnPZea6l9zTVdMM9O4rar8H\/f54YuXJP5dlaAeCY3LeZRQCMAqsSODaCW0v6\/KTx6Dt77N6XuQYSAVe5jkJho7jH8PXJ8eB75YaaIrribpoewf72DvYx1azOdGjt2qa\/jwTk0H\/fPn8NU0LTP4drh\/TCl\/r4fJJuWQUVlQQMJyjexZFrouKUbdtv3FJDdzKKBXgcgRj+I\/aUz\/tec1zH85D9kXTtLn2BJfv0Lpt+4F+eTYAkHrS4kVJ2xAZNXFz3DLqvss21HuTKupczJqCSfaJHW6IiIiIyqdiGKjbNmqWNdfn\/3mqWbVx+e2VfJ9ddPkTe\/qreT8JEz3jV9Fp69Q\/pxI8C5MJ\/oRciBXDwJt3bwM9ftWLdJRLNv2LXjgv\/LSX8XmVY16kFx9weazV3N7yuwvXje21\/Obd29j1n7VaS23cUHNCbzQ2\/dz+Rew3AD+YFUUCsJ12J3Cuz1qn\/gQ0P3784PeeFueh7WVdPsx1XfS6XdQsCxXDwM+\/\/hK5H1nPU9U0Y1MaARg3fhRXHx0dvsLewb7feBHlNFQvqJLKOuj3I9OCJF3bAPDFjc8nfqaO5tlqbmOrue2nZtJ1PdBKrjYOAekDbEnH3vM8fJtjDgsgGOSPKkNUjv8wOWZRxyarItdF2U27\/tWGQnX0StK9TUZfZentnfU+nJfMf1I1TbhzSq+npp377v33GPT7gXtOEY2vkmrnzbu3sXVbWmkbIsPnMurchvdd8oRKnbjV3Pbv0Wq6pdF+jLav62szP\/Mva7J0IiIiIppOOieusoph4PXJ8bKLkduiy58Y9B\/lEN1eVFlK7yoE\/YeOg0c7u7Ff9Ec7uxMvlEeHh9C0z\/weiJqmTbRIDR0n84Su8pIKjEYaTMsLP69yzMug38ejnV38SxmBEC6v53n4Zyinbhq9bnciqLloak7ommX5x32e+z2N67o4a7X8Wc\/V7UYFtLIuH+XRzi70d3pk6oqonMll1Gm3UTWrsQGfRzu7pRg943ke7t6+g3+fHPvBrKjjHp4kvmqa0DRtatB02rZnmXx+WlA\/TdCfrofwfVhS\/qTpEZ51BEfW+3BeEoC\/adXmtg3XdXF0+MrfH\/U4DB2nkPmDJNVOEWQ4dVS6HpVMolw1zdj5Z6RBUp7t1HrR87xAg4fnef59L3y9eJ6Xe04ESb0GlGdkGBEREVHZrcq7X1L62VWZjy4uvrPq5U8yNac\/XT2dcU\/4jcZm4KXzrHUae7G\/ePYcvW4PdbsemFl60O+j1+1FvkzLi2pcJea6Ls7bbazp+sREqPKZ8EWdpxxFiitXnM44FcNGYzOQr3voOH76mqh1xR2zUe\/46RP1FWXa\/nbanUDwVZbPu99pyf5HrWMUrP+Eul3Hmq5j6Dg4OnwVG1jJunyYBKI3Gg1\/HXKezlqt2ABN1HdDfj5N0g036zUqHu7sYtAfYKOx6Z+vafVCmrKG93HWh5qh4+CbW1+PG5tqfpDpYjzPxGnrNFc+\/6Rj3+v2YucSSUvmwZD1Jf0+rpdsVPmm1bNxVuXB5qpJOk9J9bvc45L0ut2JCX9nuQ8XqdPuYKPRQM2yoOu633iWVD75Wbi+S\/quHh0e4mL8fFMxDL9eiGrEld9F1adx9ejR4Su\/B31c3RZVT4TLm3USeWnQSfrehp\/tpGH+6PDVRGOl3PdqVs0\/Tp12Bxeui3W7PnFM0tQX6lxDZRhtSURERLQKytJpdRazjH4tg1Uvf5I\/\/e2vN\/4PwP9G\/VJygdII0yAQEa0emQfkwb37qRtziKhY373\/HhXDwHm7jYc7u8suzlLJPCFnrVaqF73XJ8eoWVZp6zBJK7Sm63jx7PncO2AQEREREdF0iT39h45zpVs8iIjoalPTNrF3O9HynLVOsXewj3Xbjux9fp1cpmxKl\/u+7HWYzI3jed7UuXCIiIiIiGgxEoP+aVNNEBERlZEaLJvXJKVENF1nPH\/Amq6PA\/+rP09SHuqE5Gl67cucM2Wuw6QR46x1WtoyEhERERFdN8zpT0REV5YEy86ViSyJaDke7uxiq7l9bQP+ALCm66nn4fjtj9\/9f6cdFbAMD3d28fJg\/1qfVyIiIiKisknM6U9ERERERIsnQX\/P8\/CPW19f65RIRERERESUDXv6ExERERGVjOd5GDrOtZ8DgYiIiIiIsvsLgB+XXQgiIiIiIrr0X\/\/xn8suAhERERERraj\/B+DYRE4VvsE0AAAAAElFTkSuQmCC\" alt=\"Markalama G\u00f6rseli\" title=\"\"><\/p>\n<\/div>\n<div>\n<table style=\"width: 100%;\" cellspacing=\"0\" cellpadding=\"0\">\n<tbody>\n<tr>\n<td style=\"width: 120px; font-weight: bold;\">\u0646\u0648\u0631\u0645<\/td>\n<td style=\"width: 400px; text-align: left;\">ISO 1307<\/td>\n<td style=\"width: 120px; font-weight: bold;\">\u0644\u0648\u0646<\/td>\n<td style=\"width: 400px;\">\n<div class=\"color-icons\"><img decoding=\"async\" src=\"data:image\/svg+xml;base64,PHN2ZyB3aWR0aD0iNjAiIGhlaWdodD0iMTIwIiB2aWV3Qm94PSIwIDAgNjAgMTIwIiB4bWxucz0iaHR0cDovL3d3dy53My5vcmcvMjAwMC9zdmciPgogIDwhLS0gQXJrYSBwbGFuIChzaXlhaCkgLS0+CiAgPHJlY3QgeD0iMCIgeT0iMCIgd2lkdGg9IjYwIiBoZWlnaHQ9IjEyMCIgZmlsbD0iYmxhY2siPjwvcmVjdD4KCiAgPCEtLSBNYXZpIGvEsXZyxLFtbMSxIMWfZWtpbCAtLT4KICA8cGF0aCBkPSJNMTAsMCAKICAgICAgICAgICBDMjUsMCAyNSwzMCAyNSw2MCAKICAgICAgICAgICBDMjUsOTAgMjUsMTIwIDQwLDEyMCAKICAgICAgICAgICBMNTAsMTIwIAogICAgICAgICAgIEMzNSwxMjAgMzUsOTAgMzUsNjAgCiAgICAgICAgICAgQzM1LDMwIDM1LDAgMjAsMCAKICAgICAgICAgICBaIiBmaWxsPSIjMDBCN0YxIj48L3BhdGg+Cjwvc3ZnPgo=\" alt=\"\" title=\"\"><\/div>\n<\/td>\n<\/tr>\n<\/tbody>\n<\/table>\n<\/div>\n<\/div>\n<\/div>","protected":false},"excerpt":{"rendered":"<p>&nbsp; \u00dcr\u00fcn Ad\u0131: OSRIS &#8211; WD \u00dcr\u00fcn Kodu: RS115 Yumu\u015fak \u00c7eperli Su Da\u011f\u0131t\u0131m\u0131 Kullanim Alan\u0131 : Su Tahliyesi \u0130\u00e7in Alt Katman : Siyah, \u00d6zel Sentetik Kau\u00e7uk. Takviye Katman\u0131 : Y\u00fcksek Mukavemetli Sentetik Tekstil. \u00dcst Katman : Ya\u011f, Yak\u0131t, Deniz Suyu, Hava ve Oksijene Dayan\u0131kl\u0131 Siyah CR. -35\u00b0C \/ +80\u00b0C -31\u00b0F \/ +176\u00b0F Markalama : Transfer [&#8230;]\n","protected":false},"featured_media":22494,"comment_status":"open","ping_status":"closed","template":"","meta":{"jetpack_post_was_ever_published":false},"product_brand":[],"product_cat":[2370],"product_tag":[],"class_list":{"0":"post-21737","1":"product","2":"type-product","3":"status-publish","4":"has-post-thumbnail","6":"product_cat-sel_petrol_kuyusu_hortumlari","8":"first","9":"instock","10":"taxable","11":"shipping-taxable","12":"product-type-simple"},"jetpack-related-posts":[{"id":21749,"url":"https:\/\/tuzlahortum.com.tr\/ar\/product\/osris-lmd\/","url_meta":{"origin":21737,"position":0},"title":"\u0623\u0648\u0633\u0631\u064a\u0633 - LMD","author":"admin","date":"11 \u0623\u063a\u0633\u0637\u0633 2025","format":false,"excerpt":"\u00a0 \u00dcr\u00fcn Ad\u0131: OSRIS - LMD \u00dcr\u00fcn Kodu: RS735 Yumu\u015fak \u00c7eperli S\u0131v\u0131 \u00c7amur Transfer Kullanim Alan\u0131 : Y\u00fcksek Bas\u0131n\u00e7l\u0131 S\u0131v\u0131 \u00c7amur, Mineral Ya\u011flar vb. Bo\u015falt\u0131m\u0131 \u0130\u00e7in. Alt Katman : Siyah, \u00d6zel Sentetik Kau\u00e7uk Takviye Katman\u0131 : Y\u00fcksek Mukavemetli Sentetik Tekstil ve Antistatik Bak\u0131r Tel. \u00dcst Katman : Deniz Suyu, Hava\u2026","rel":"","context":"\u062a\u062f\u0648\u064a\u0646\u0629 \u0645\u0634\u0627\u0628\u0647\u0629","block_context":{"text":"\u062a\u062f\u0648\u064a\u0646\u0629 \u0645\u0634\u0627\u0628\u0647\u0629","link":""},"img":{"alt_text":"","src":"https:\/\/i0.wp.com\/tuzlahortum.com.tr\/wp-content\/uploads\/2025\/08\/osrislmd-p.png?fit=509%2C509&ssl=1&resize=350%2C200","width":350,"height":200},"classes":[]},{"id":21752,"url":"https:\/\/tuzlahortum.com.tr\/ar\/product\/osris-lmsd\/","url_meta":{"origin":21737,"position":1},"title":"OSRIS - LMSD","author":"admin","date":"11 \u0623\u063a\u0633\u0637\u0633 2025","format":false,"excerpt":"\u00a0 \u00dcr\u00fcn Ad\u0131: OSRIS - LMSD \u00dcr\u00fcn Kodu: RS745 Sert Yap\u0131l\u0131 S\u0131v\u0131 \u00c7amur Emme ve Bo\u015faltma Kullanim Alan\u0131 : Y\u00fcksek bas\u0131n\u00e7l\u0131 s\u0131v\u0131 \u00e7amur, mineral ya\u011flar vb. emi\u015f ve de\u015farj\u0131 i\u00e7in. Alt Katman : Siyah, \u00d6zel Sentetik Kau\u00e7uk. Takviye Katman\u0131 : Y\u00fcksek Mukavemetli Sentetik Tekstil, 2 \u00c7elik Tel Spiral ve Antistaik\u2026","rel":"","context":"\u062a\u062f\u0648\u064a\u0646\u0629 \u0645\u0634\u0627\u0628\u0647\u0629","block_context":{"text":"\u062a\u062f\u0648\u064a\u0646\u0629 \u0645\u0634\u0627\u0628\u0647\u0629","link":""},"img":{"alt_text":"","src":"https:\/\/i0.wp.com\/tuzlahortum.com.tr\/wp-content\/uploads\/2025\/08\/osrislmsd-p.png?fit=506%2C506&ssl=1&resize=350%2C200","width":350,"height":200},"classes":[]},{"id":21734,"url":"https:\/\/tuzlahortum.com.tr\/ar\/product\/osris-fd\/","url_meta":{"origin":21737,"position":2},"title":"\u0623\u0648\u0633\u0631\u064a\u0633 - FD","author":"admin","date":"11 \u0623\u063a\u0633\u0637\u0633 2025","format":false,"excerpt":"\u00a0 \u00dcr\u00fcn Ad\u0131: OSRIS - FD \u00dcr\u00fcn Kodu: RS225 Yumu\u015fak \u00c7eperli Ya\u011f \/ Yak\u0131t Teslimat\u0131 Kullanim Alan\u0131 : A\u011f\u0131r hizmet tipi petrol \u00fcr\u00fcnlerinin %50'ye kadar aromatik i\u00e7erikle de\u015farj\u0131 i\u00e7in uygundur. Alt Katman : Siyah, Yak\u0131t ve Ya\u011fa Dayan\u0131kl\u0131 NBR. Takviye Katman\u0131 : Y\u00fcksek Mukavemetli Sentetik Tekstil ve Antistatik Bak\u0131r Tel.\u2026","rel":"","context":"\u062a\u062f\u0648\u064a\u0646\u0629 \u0645\u0634\u0627\u0628\u0647\u0629","block_context":{"text":"\u062a\u062f\u0648\u064a\u0646\u0629 \u0645\u0634\u0627\u0628\u0647\u0629","link":""},"img":{"alt_text":"","src":"https:\/\/i0.wp.com\/tuzlahortum.com.tr\/wp-content\/uploads\/2025\/08\/osrisfd-p.png?fit=488%2C488&ssl=1&resize=350%2C200","width":350,"height":200},"classes":[]},{"id":21746,"url":"https:\/\/tuzlahortum.com.tr\/ar\/product\/osris-msd\/","url_meta":{"origin":21737,"position":3},"title":"\u0623\u0648\u0633\u0631\u064a\u0633 - MSD","author":"admin","date":"11 \u0623\u063a\u0633\u0637\u0633 2025","format":false,"excerpt":"\u00a0 \u00dcr\u00fcn Ad\u0131: OSRIS - MSD \u00dcr\u00fcn Kodu: RS725 Sert Yap\u0131l\u0131 D\u00f6kme Malzeme Emme ve Transfer Hortumu Kullanim Alan\u0131 : Barit, bentonit ve di\u011fer a\u015f\u0131nd\u0131r\u0131c\u0131 malzemelerin emi\u015f ve de\u015farj\u0131 i\u00e7in. Alt Katman : Y\u00fcksek A\u015f\u0131nma Diren\u00e7li Antistatik NR (A\u015f\u0131nma De\u011feri 70 MM3 DIN 53516) Takviye Katman\u0131 : Y\u00fcksek Mukavemetli Sentetik\u2026","rel":"","context":"\u062a\u062f\u0648\u064a\u0646\u0629 \u0645\u0634\u0627\u0628\u0647\u0629","block_context":{"text":"\u062a\u062f\u0648\u064a\u0646\u0629 \u0645\u0634\u0627\u0628\u0647\u0629","link":""},"img":{"alt_text":"","src":"https:\/\/i0.wp.com\/tuzlahortum.com.tr\/wp-content\/uploads\/2025\/08\/osrismsd-p.png?fit=517%2C517&ssl=1&resize=350%2C200","width":350,"height":200},"classes":[]},{"id":21755,"url":"https:\/\/tuzlahortum.com.tr\/ar\/product\/osris-pw\/","url_meta":{"origin":21737,"position":4},"title":"\u0623\u0648\u0633\u0631\u064a\u0633 - PW","author":"admin","date":"11 \u0623\u063a\u0633\u0637\u0633 2025","format":false,"excerpt":"\u00a0 \u00dcr\u00fcn Ad\u0131: OSRIS - PW \u00dcr\u00fcn Kodu: RS835 Yumu\u015fak \u00c7eperli \u0130\u00e7me Suyu Da\u011f\u0131t\u0131m\u0131 (F.D.A) Kullanim Alan\u0131 : \u0130\u00e7me Suyunun De\u015farj\u0131 \u0130\u00e7in Alt Katman : K\u0131rm\u0131z\u0131 Zehirli Olmayan, G\u0131da Kalitesinde, Tat ve Koku \u0130\u00e7ermeyen, NR. Takviye Katman\u0131 : Y\u00fcksek Mukavemetli Sentetik Tekstil. \u00dcst Katman : Deniz Suyu, Hava Ko\u015fullar\u0131 ve\u2026","rel":"","context":"\u062a\u062f\u0648\u064a\u0646\u0629 \u0645\u0634\u0627\u0628\u0647\u0629","block_context":{"text":"\u062a\u062f\u0648\u064a\u0646\u0629 \u0645\u0634\u0627\u0628\u0647\u0629","link":""},"img":{"alt_text":"","src":"https:\/\/i0.wp.com\/tuzlahortum.com.tr\/wp-content\/uploads\/2025\/08\/osrispw-p.png?fit=512%2C512&ssl=1&resize=350%2C200","width":350,"height":200},"classes":[]},{"id":21758,"url":"https:\/\/tuzlahortum.com.tr\/ar\/product\/osris-pwsd\/","url_meta":{"origin":21737,"position":5},"title":"OSRIS - PWSD","author":"admin","date":"11 \u0623\u063a\u0633\u0637\u0633 2025","format":false,"excerpt":"\u00a0 \u00dcr\u00fcn Ad\u0131: OSRIS - PWSD \u00dcr\u00fcn Kodu: RS845 Sert Yap\u0131l\u0131 \u0130\u00e7me Suyu Emme ve Bo\u015faltma (F.D.A) Kullanim Alan\u0131 : Ta\u015f\u0131nabilir suyun emi\u015fi ve bo\u015falt\u0131lmas\u0131 i\u00e7in. Alt Katman : K\u0131rm\u0131z\u0131 Zehirli Olmayan, G\u0131da Kalitesinde, Tat ve Koku \u0130\u00e7ermeyen, NR. Takviye Katman\u0131 : Y\u00fcksek Mukavemetli Sentetik Tekstil ve \u00c7elik Tel Spiral.\u2026","rel":"","context":"\u062a\u062f\u0648\u064a\u0646\u0629 \u0645\u0634\u0627\u0628\u0647\u0629","block_context":{"text":"\u062a\u062f\u0648\u064a\u0646\u0629 \u0645\u0634\u0627\u0628\u0647\u0629","link":""},"img":{"alt_text":"","src":"https:\/\/i0.wp.com\/tuzlahortum.com.tr\/wp-content\/uploads\/2025\/08\/osrispwsd-p.png?fit=513%2C513&ssl=1&resize=350%2C200","width":350,"height":200},"classes":[]}],"jetpack_sharing_enabled":true,"jetpack_likes_enabled":true,"_links":{"self":[{"href":"https:\/\/tuzlahortum.com.tr\/ar\/wp-json\/wp\/v2\/product\/21737","targetHints":{"allow":["GET"]}}],"collection":[{"href":"https:\/\/tuzlahortum.com.tr\/ar\/wp-json\/wp\/v2\/product"}],"about":[{"href":"https:\/\/tuzlahortum.com.tr\/ar\/wp-json\/wp\/v2\/types\/product"}],"replies":[{"embeddable":true,"href":"https:\/\/tuzlahortum.com.tr\/ar\/wp-json\/wp\/v2\/comments?post=21737"}],"wp:featuredmedia":[{"embeddable":true,"href":"https:\/\/tuzlahortum.com.tr\/ar\/wp-json\/wp\/v2\/media\/22494"}],"wp:attachment":[{"href":"https:\/\/tuzlahortum.com.tr\/ar\/wp-json\/wp\/v2\/media?parent=21737"}],"wp:term":[{"taxonomy":"product_brand","embeddable":true,"href":"https:\/\/tuzlahortum.com.tr\/ar\/wp-json\/wp\/v2\/product_brand?post=21737"},{"taxonomy":"product_cat","embeddable":true,"href":"https:\/\/tuzlahortum.com.tr\/ar\/wp-json\/wp\/v2\/product_cat?post=21737"},{"taxonomy":"product_tag","embeddable":true,"href":"https:\/\/tuzlahortum.com.tr\/ar\/wp-json\/wp\/v2\/product_tag?post=21737"}],"curies":[{"name":"\u062f\u0628\u0644\u064a\u0648 \u0628\u064a","href":"https:\/\/api.w.org\/{rel}","templated":true}]}}