{"id":21728,"date":"2025-08-11T11:30:07","date_gmt":"2025-08-11T08:30:07","guid":{"rendered":"https:\/\/tuzlahortum.com.tr\/urun\/sirocco\/"},"modified":"2025-08-20T15:26:54","modified_gmt":"2025-08-20T12:26:54","slug":"sirocco","status":"publish","type":"product","link":"https:\/\/tuzlahortum.com.tr\/ar\/product\/sirocco\/","title":{"rendered":"\u0633\u064a\u0631\u0648\u0643\u0648"},"content":{"rendered":"<p>&nbsp;<\/p>\n<div class=\"report-container\">\n<div class=\"report-header\">\n<div class=\"standard-text\">\u0627\u0633\u0645 \u0627\u0644\u0645\u0646\u062a\u062c: \u0633\u064a\u0631\u0648\u0643\u0648<\/div>\n<div class=\"standard-text\">\u0631\u0645\u0632 \u0627\u0644\u0645\u0646\u062a\u062c: SD950<\/div>\n<\/div>\n<div class=\"product-image-container\">\n<div class=\"key-feature\">\u062a\u0628\u0631\u064a\u062f \u0627\u0644\u0633\u064a\u0644\u064a\u0643\u0648\u0646<\/div>\n<\/div>\n<div class=\"horizontal-line\"><\/div>\n<div class=\"product-details\">\n<div class=\"detail-row\">\n<div class=\"detail-label\">\u0645\u0646\u0637\u0642\u0629 \u0627\u0644\u0627\u0633\u062a\u062e\u062f\u0627\u0645<\/div>\n<div class=\"detail-value\">: \u0644\u0646\u0642\u0644 \u063a\u0627\u0632\u0627\u062a \u0627\u0644\u0639\u0627\u062f\u0645 \u0630\u0627\u062a \u062f\u0631\u062c\u0629 \u0627\u0644\u062d\u0631\u0627\u0631\u0629 \u0627\u0644\u0645\u0631\u062a\u0641\u0639\u0629 \u0644\u0644\u063a\u0627\u064a\u0629 \u0648\u0645\u064a\u0627\u0647 \u0627\u0644\u0628\u062d\u0631 \u0641\u064a \u0623\u0646\u0638\u0645\u0629 \u062a\u0628\u0631\u064a\u062f \u0627\u0644\u0633\u0641\u0646 \u0627\u0644\u0628\u062d\u0631\u064a\u0629\u060c \u062d\u064a\u062b \u064a\u062a\u0637\u0644\u0628 \u0623\u062f\u0627\u0621\u064b \u0639\u0627\u0644\u064a\u064b\u0627 \u0648\u0645\u0631\u0648\u0646\u0629 \u0625\u0636\u0627\u0641\u064a\u0629.<\/div>\n<\/div>\n<div class=\"detail-row\">\n<div class=\"detail-label\">\u0627\u0644\u0637\u0628\u0642\u0629 \u0627\u0644\u0633\u0641\u0644\u0649<\/div>\n<div class=\"detail-value\">: \u0645\u064a\u0627\u0647 \u0627\u0644\u0628\u062d\u0631\u060c \u0645\u0627\u0621 \u0627\u0644\u0628\u062d\u0631\u060c \u0645\u0627\u0621 \u0645\u062e\u062a\u0644\u0637 \u0645\u0636\u0627\u062f \u0644\u0644\u062a\u062c\u0645\u062f\u060c \u0633\u064a\u0644\u064a\u0643\u0648\u0646 \u0645\u0633\u0637\u062d \u0645\u0642\u0627\u0648\u0645 \u0644\u0644\u0632\u064a\u0648\u062a \u0627\u0644\u0645\u0639\u062f\u0646\u064a\u0629.<\/div>\n<\/div>\n<div class=\"detail-row\">\n<div class=\"detail-label\">\u0637\u0628\u0642\u0629 \u0627\u0644\u062a\u0639\u0632\u064a\u0632<\/div>\n<div class=\"detail-value\">: \u0645\u0646\u0633\u0648\u062c\u0627\u062a \u0627\u0635\u0637\u0646\u0627\u0639\u064a\u0629 \u0639\u0627\u0644\u064a\u0629 \u0627\u0644\u0642\u0648\u0629.<\/div>\n<\/div>\n<div class=\"detail-row\">\n<div class=\"detail-label\">\u0627\u0644\u0637\u0628\u0642\u0629 \u0627\u0644\u0639\u0644\u064a\u0627<\/div>\n<div class=\"detail-value\">: \u0633\u064a\u0644\u064a\u0643\u0648\u0646 \u0646\u0627\u0639\u0645 \u0645\u0642\u0627\u0648\u0645 \u0644\u0645\u064a\u0627\u0647 \u0627\u0644\u0628\u062d\u0631 \u0648\u0627\u0644\u062a\u0622\u0643\u0644 \u0648\u0627\u0644\u0623\u0643\u0633\u062c\u064a\u0646 \u0648\u0627\u0644\u0638\u0631\u0648\u0641 \u0627\u0644\u062c\u0648\u064a\u0629 \u0648\u0627\u0644\u0644\u0647\u0628.<\/div>\n<\/div>\n<\/div>\n<div class=\"datasheet_table\"><img decoding=\"async\" class=\"alignnone size-full\" src=\"https:\/\/tuzlahortum.com.tr\/wp-content\/uploads\/2025\/08\/datasheet347.svg\" alt=\"\" title=\"\"><\/div>\n<div class=\"table-notes\"><\/div>\n<div class=\"horizontal-line\"><\/div>\n<div class=\"footer\">\n<div class=\"standards-section\">\n<div class=\"standard-item\" style=\"margin-top: 9px;\"><\/div>\n<div class=\"standard-info\"><\/div>\n<\/div>\n<div class=\"temperature-section\">\n<div class=\"temp-icon\"><img decoding=\"async\" src=\"data:image\/svg+xml;base64,PD94bWwgdmVyc2lvbj0iMS4wIiBlbmNvZGluZz0iVVRGLTgiPz4KPHN2ZyBpZD0ia2F0bWFuXzIiIGRhdGEtbmFtZT0ia2F0bWFuIDIiIHhtbG5zPSJodHRwOi8vd3d3LnczLm9yZy8yMDAwL3N2ZyIgdmlld0JveD0iMCAwIDcyLjI3IDE2Ljk4Ij4KICA8ZGVmcz4KICAgIDxzdHlsZT4KICAgICAgLmNscy0xIHsKICAgICAgICBzdHJva2Utd2lkdGg6IC41OXB4OwogICAgICB9CgogICAgICAuY2xzLTEsIC5jbHMtMiwgLmNscy0zLCAuY2xzLTQgewogICAgICAgIGZpbGw6IG5vbmU7CiAgICAgICAgc3Ryb2tlLW1pdGVybGltaXQ6IDMuODY7CiAgICAgIH0KCiAgICAgIC5jbHMtMSwgLmNscy0zLCAuY2xzLTQgewogICAgICAgIHN0cm9rZTogI2E3YTlhYjsKICAgICAgfQoKICAgICAgLmNscy01IHsKICAgICAgICBmaWxsOiAjYTdhOWFiOwogICAgICB9CgogICAgICAuY2xzLTIgewogICAgICAgIHN0cm9rZTogI2ZmZjsKICAgICAgfQoKICAgICAgLmNscy0zIHsKICAgICAgICBzdHJva2Utd2lkdGg6IDIuMDZweDsKICAgICAgfQoKICAgICAgLmNscy00IHsKICAgICAgICBzdHJva2Utd2lkdGg6IC4ycHg7CiAgICAgIH0KICAgIDwvc3R5bGU+CiAgPC9kZWZzPgogIDxnIGlkPSJrYXRtYW5fMSIgZGF0YS1uYW1lPSJrYXRtYW4gMSI+CiAgICA8Zz4KICAgICAgPHBhdGggY2xhc3M9ImNscy0zIiBkPSJNMTEuMzQsMTEuNTdjLS45NCwxLjcxLTIuNzEsMi42Ni00LjgsMi42Ni0zLjA1LDAtNS41MS0yLjQ3LTUuNTEtNS41MlMzLjUsMy4xOSw2LjU1LDMuMTljMS45NCwwLDMuNjUsMSw0LjYzLDIuNTIiLz4KICAgICAgPGNpcmNsZSBjbGFzcz0iY2xzLTUiIGN4PSI2LjU1IiBjeT0iOC42NiIgcj0iMi40Ii8+CiAgICAgIDxjaXJjbGUgY2xhc3M9ImNscy0yIiBjeD0iNi41NSIgY3k9IjguNjYiIHI9IjIuNCIvPgogICAgICA8bGluZSBjbGFzcz0iY2xzLTMiIHgxPSI2OC4zNCIgeTE9IjExLjc2IiB4Mj0iOS45MiIgeTI9IjExLjc2Ii8+CiAgICAgIDxsaW5lIGNsYXNzPSJjbHMtMyIgeDE9IjY4Ljc4IiB5MT0iNS41MSIgeDI9IjkuNzMiIHkyPSI1LjUxIi8+CiAgICAgIDxsaW5lIGNsYXNzPSJjbHMtMyIgeDE9IjU0LjA3IiB5MT0iOC43NSIgeDI9IjguNjQiIHkyPSI4Ljc1Ii8+CiAgICAgIDxwYXRoIGNsYXNzPSJjbHMtMyIgZD0iTTY4LjE1LDUuNTVjMS43MSwwLDMuMDksMS4zOSwzLjA5LDMuMDlzLTEuOTIsMy4wNi0zLjYyLDMuMDYiLz4KICAgICAgPHBhdGggY2xhc3M9ImNscy01IiBkPSJNNTMuOTEsOC43NWMwLS4xNC4xMi0uMjYuMjYtLjI2cy4yNy4xMi4yNy4yNi0uMTIuMjctLjI3LjI3LS4yNi0uMTItLjI2LS4yN1oiLz4KICAgICAgPHBhdGggY2xhc3M9ImNscy0zIiBkPSJNNTMuOTEsOC43NWMwLS4xNC4xMi0uMjYuMjYtLjI2cy4yNy4xMi4yNy4yNi0uMTIuMjctLjI3LjI3LS4yNi0uMTItLjI2LS4yN1oiLz4KICAgICAgPGxpbmUgY2xhc3M9ImNscy0xIiB4MT0iMzYuNDMiIHkxPSIxNi45OCIgeDI9IjM2LjQzIiB5Mj0iMTQuMjQiLz4KICAgICAgPGxpbmUgY2xhc3M9ImNscy0xIiB4MT0iMjguMDUiIHkxPSIxNi45OCIgeDI9IjI4LjA1IiB5Mj0iMTQuMjQiLz4KICAgICAgPGxpbmUgY2xhc3M9ImNscy0xIiB4MT0iMTkuNTkiIHkxPSIxNi45OCIgeDI9IjE5LjU5IiB5Mj0iMTQuMjQiLz4KICAgICAgPGxpbmUgY2xhc3M9ImNscy0xIiB4MT0iNDEuNTciIHkxPSIyLjc0IiB4Mj0iNDEuNTciLz4KICAgICAgPGxpbmUgY2xhc3M9ImNscy0xIiB4MT0iMzMuMjgiIHkxPSIyLjc0IiB4Mj0iMzMuMjgiLz4KICAgICAgPGxpbmUgY2xhc3M9ImNscy0xIiB4MT0iMjQuOTkiIHkxPSIyLjc0IiB4Mj0iMjQuOTkiLz4KICAgICAgPGxpbmUgY2xhc3M9ImNscy0xIiB4MT0iMTYuMDgiIHkxPSIyLjc0IiB4Mj0iMTYuMDgiLz4KICAgICAgPGxpbmUgY2xhc3M9ImNscy0xIiB4MT0iNDQuNjMiIHkxPSIxNi45OCIgeDI9IjQ0LjYzIiB5Mj0iMTQuMjQiLz4KICAgICAgPGxpbmUgY2xhc3M9ImNscy0xIiB4MT0iNDkuNDkiIHkxPSIyLjc0IiB4Mj0iNDkuNDkiLz4KICAgICAgPGxpbmUgY2xhc3M9ImNscy00IiB4MT0iNDAuODgiIHkxPSIxNi45OCIgeDI9IjQwLjg4IiB5Mj0iMTQuMjQiLz4KICAgICAgPGxpbmUgY2xhc3M9ImNscy00IiB4MT0iMzIuMzMiIHkxPSIxNi45OCIgeDI9IjMyLjMzIiB5Mj0iMTQuMjQiLz4KICAgICAgPGxpbmUgY2xhc3M9ImNscy00IiB4MT0iMjMuNzkiIHkxPSIxNi45OCIgeDI9IjIzLjc5IiB5Mj0iMTQuMjQiLz4KICAgICAgPGxpbmUgY2xhc3M9ImNscy00IiB4MT0iMjAuNTkiIHkxPSIyLjc0IiB4Mj0iMjAuNTkiLz4KICAgICAgPGxpbmUgY2xhc3M9ImNscy00IiB4MT0iMjkuMTMiIHkxPSIyLjc0IiB4Mj0iMjkuMTMiLz4KICAgICAgPGxpbmUgY2xhc3M9ImNscy00IiB4MT0iMzcuMTYiIHkxPSIyLjc0IiB4Mj0iMzcuMTYiLz4KICAgICAgPGxpbmUgY2xhc3M9ImNscy00IiB4MT0iNDUuNzEiIHkxPSIyLjc0IiB4Mj0iNDUuNzEiLz4KICAgIDwvZz4KICA8L2c+Cjwvc3ZnPg==\" alt=\"S\u0131cakl\u0131k\" width=\"100\" title=\"\"><\/div>\n<div class=\"temp-values\">\n<div>-54 \u062f\u0631\u062c\u0629 \u0645\u0626\u0648\u064a\u0629 \/ +177 \u062f\u0631\u062c\u0629 \u0645\u0626\u0648\u064a\u0629<\/div>\n<div>-65 \u062f\u0631\u062c\u0629 \u0641\u0647\u0631\u0646\u0647\u0627\u064a\u062a \/ +350 \u062f\u0631\u062c\u0629 \u0641\u0647\u0631\u0646\u0647\u0627\u064a\u062a<\/div>\n<\/div>\n<\/div>\n<div class=\"marking-section\">\n<div class=\"detail-row\">\n<div class=\"detail-label\">\u0648\u0636\u0639 \u0627\u0644\u0639\u0644\u0627\u0645\u0627\u062a<\/div>\n<div class=\"detail-value\">: \u0634\u0631\u064a\u0637 \u0646\u0642\u0644 \u0623\u0648 \u0634\u0631\u064a\u0637 \u0646\u0642\u0644 \u0623\u0648 \u0645\u0646\u0642\u0648\u0634<\/div>\n<\/div>\n<p><img decoding=\"async\" class=\"marking-image\" src=\"data:image\/png;base64,iVBORw0KGgoAAAANSUhEUgAABf0AAAAoCAYAAABEkVAiAAAACXBIWXMAACE3AAAhNwEzWJ96AAAgAElEQVR4nO2df2xb57nfv5UtKpQZlqbjiXYEmmkZoGEDm25X1d2Emnaywe0NbBkNsmRoJ3ob0G5oJwkrWnQoIOufm2XAIGnDMAzYJmktbovAnWUja33vbS050HZd3bVmjFzmomZmhlBtGrJplqbNirSV\/UE+Ry8Pz+\/Dn+LzAYJYos7hc97z\/nze5\/0+n8Dc7yJgGIZhGIZhGIZhGIZhGIZhGKbTSe4EsNRqKxiGYRiGYRiGYRiGYRiGYRiGsc1UT6stYBiGYRiGYRiGYRiGYRiGYRimPrDTn2EYhmEYhmEYhmEYhmEYhmG2CTtbbQBjnojP2WoTGKYryRY3EctstNoMhmEYhmEYhmEYhmEYhlHFstM\/7O3D+eP7EHD11tMe20zFMjgbuwcA+Dj6vPT75XQBxy6ttcqsuhENujE3PNBqMximK5mKZdjpzzAMwzAMwzAMwzAMw7Q1luV92tHhv93xOHowPbS31WYwTFeSzJcwE7\/fajMYhmEYhmEYhmEYhmEYRhPLTn92+Def8dBueBychoFhWsFULINscbPVZjAMwzAMwzAMwzAMwzCMJnXT9E\/mS0jmH9frdrbs2I4EXL2YDHtbbQbDdCXL6QLmE7lWm8EwDMN0IR5HT1dvOnf78zMMwzAMsz0JuHoRDbpbbYYhSEZdTsTnRMTX32RrzJPMlxR9Op1uvx51cfon8yU8dy5Zj1sxKkwPPdNqExima5lSGeAYhmEYppEEXL1YOvEsTl++3ZU5ZcZDHpzyu7ZFXi6GYRiGYRiRgGtnxwT3qjv9+zviGdQCOTvdfj3q5PS3H+Ef9vbVRbommX+87aL9Iz4nRvyuVpvRFJbTBenf9aoTdhBPsARcO03JWonXmn0WKgePowdhb19T7GWUmU\/kquplJyDWt1hmo60iJCM+JwBzfbXYDtrtefQIuHoRcJWHWjP1yEo5AVvvPlvc7EgHYTu8a6s2iNd1avkz7cdk2Cud9jx9+bate1ntV+xidUwKuHqlXFYRn7NtxmKrz9Po8jfb\/zfSnlbVtW7E6jyDYRiG6U4+iMfx7OAg3O7OOGGgxK+vXsUXjxxptRmWaab9dZP3scv00F5pgmiHqVhGdQeqU9nuyXuzxU1Mxe5hJp6t+SwadEsLXhF6zxGfE0snBqs++8T8Dc3vG\/G7MD30jKZDPFvcxOnLt2omzxGfE+eP79d04KtdOx7yYDK8R\/Pa+UQOE6vrVQvIgKsXc8MDmu3Djr2MOuW6mWm1GYZRq9uLqTwmVu\/WLLyXTgwi4nPi2KW1qrpzNrwHk2Gvqf5U7V5ENOjG9NDeqrqoVN\/lTA\/txXjIU\/W7mXgWU7F7iteRHWdW7qjuhKs9H\/1eD7VnFPE4enD++P6qdpvMlzCxeheLqbzqdUrltJwu4MzKHU3HSdjbh\/PH91W9+2S+hDMrdxRtpb5zOV0wHEGrV1\/mEzmcWbmjeK2R75O\/62xxE7PxrOE6+HH0eQDqY4AVGwDt+gaU3\/X00N6ao7nJfAmz8WzN2KY0bilR7\/nMiN+F88f3IVvcxO4\/+7Dm8\/GQB9NDe3H68m3FOkrlq1f\/6e+UWE4XMLG6bmlDRK\/c9MpL7\/pYZgMTq+tt5TQTj3wvJB4AMFZ\/5G1gxO\/C3PBAVb8yE89iYnVd1wZq90ro9WlmxyR535zMl7CYymPE78JkeA+WGxztrzf2mX0ewmq\/ToS9fZgbHkDY26fYf4mfi\/c\/ffmWYr9ltT5QHwIAu\/\/sw7rc22h\/SM\/U7ic+xOdv9JrU7DxDb57WjujNy\/TaHsMwDFPNW4tL+DdpDwYyv8LffvuljnT8vzLzNv6X5zD+5OrbeGf8tVabY5pm28+ewDYnGnSbivTuNLLFTRy7tKbo8AfKTsHDF1N11VNfTOVx+GJKdYJINilNiJfTBTx37qaq80fr2pl4Fqcv31K1ixxm8nsn8yXNCbodexltZuPZjllI0GJcaTNrxO\/CtZP+lukFRoPuGicA\/V5rsT83PFDjgAXKzsnzx\/drfmcrj+h5HD2KjrKAqxfnj+9TPbmlVk4RnxPXTvpVN+\/C3j4snRisefdlWRB1h129iQbdlk8XKb1rj6MHk2Fv0za+rda3pRODim2LopSXTgy2xcYrOdo9jh5Few5U3p3SnEP8nZ0TDOTga8d5DbWjdrKN+rHldEFzs1ALChyQv\/PxkEexvpu99\/nj+xTrf73GpInVuwBIb7U5fZkSVp\/Har9OGKmXcoc\/3X9ueKDmb+3Uh1P+XQDK82ileWUj61onEA26cf74vqb091bnGduNEb8LSyeebYsxlmEYphOIZTaw+ZQLt\/e\/iA\/i8VabY4nfPirPxS5nd7TYEms02\/62ifRnaqHowe3MbDwrORACrl6M+HfB4yhX\/vlEDsl8ybLDWklSh44ZUwS30oLozMqdGpsAYDH1ULr2zModKdpJRIxgFK+dT+SQLW5iOV3AVCxT45CkiFxixO+qRHQ9kpz5py\/fws1Xn6t5Jjv2Muok8yXMxO+32gzDiHk\/5hM5fFSReTpacZS0KhEiOQHkto0Gn0bA1Yuwtw9nw3tqouGiQbfkQMkWN6WNv2jQDY+jBxGfE9GgW3VDkCJkrWwY6iWm1yvH6aG9kgMmmS9hIfEAB1w7peeZGx7A8rlHiid6CHk50XigFEkvOhmW0wVcSRek907f16y8O5Nhr2q0vxp673o85MGFVL6hkYlW65u4MU\/vGgA+6eiRrlVre3oSHPXecBTvRxHDIvQcRxUcq+ToNDMmy+9P8kdUl61G7KqVm9HyEt8Tccq\/S3p+O7bVG3LczSoERsjLQU0OcDLslfqHmXgWfyhuYizkgcfRg7GQRzXoQo6SjA31MdNDe2scwfUak8Ro\/9Ggu2URylaex06\/Toz4XZoOTbEPWkzl8V6mKNXnEb8LAVdvVduwWh88lT4NQE37sXNvmhuLUD8hr3PtLpk22sTACivzjE6G5jbEJx09GPHvqkgb9WI8tHvbnfRnGIZpBD+MhPCHv3gfh7x9cP2d5\/HW4hK+\/nefx7ODxk7dtQP\/\/ssB\/Oj9G\/jGy5\/CL1avI3X3Pt4YPtwxpxaabX9dnP4RnxNnw3tMXaOXeVicUJthOf3I9DXtynho97aPXKA6QJFM4vNOhr2YiWdxIZW3FKGsJhlF0gXziVzNcWtaXCrZNBneg2OX1hDLbGAxlUcyX6qR0lB7HvHamfh9aRFEiBIyc8MD0vNOwlt1AmA2nq3aMLBjL6PNVCzTMYslWtgDytIb0aAbp\/y7LEeK2mFMiO47fDElLdpn4vel6MWxkKdmsUbXJfMlHL6Ykt7FVOyedB1Jyqih97kaC4kHlhePomNkMZWv0uC+ki5IUZDRoLvKAaJWTmdj96Q+IRp0YyqWqXLgiO9+YnW96p4UYWpnA8QsSjbqofauFxI5qU9rtLSH1fpG1ynJTkzF7uH88f2qicBjmY2mO5eX0wVEfE5Fpz+Nl1qR\/macbkrPRhJCEZ+zxhlpFLvllsw\/rmnfZ2P3JBmJVm6SipCzN1vcVOy75eUwHvIgPLS35h1RfyT2D8vpR9LpIKPvQUn6KOztk6LVR\/wuqX3Ue0xaSDzAiN+FEb8LZ2BuU7EeWH0eq\/26HJLBVAoEGlUYb2bi96UgkYjPifnE1r2t1gfagBLnnXKs3FupPVMEe7vJbRkhltnAcrrQ0JMNVucZncyVdKGm355YXZfqyin\/Lnb6MwzDGOCzn\/Lj59\/yAwD2\/+l53N7\/IhZ++hvEv9s5Tv83hg\/jjeHD+CAex4vvbmDzqf2IXbyK\/\/z1f9hq0wzRbPvr5lGeDHtN\/Tc3PKC5UbCQyJUXYSb\/67TJoRqUtG07U46mLU\/+xeggkfGQx7DWp1HERZh8cbyYeij9W35Et6yduRUtL4900ruWFmtKC3j6WYw2JaJBt+SMkTuc7NjLqGM1M3qrIIfccrqg2AfOJ3K2E0BaRay7Ynsr56Eo20SOCYJOAABlaQfR+SbmWSAnghoBV2\/T5SAivn7p3yRLQcwnclK9OiU7ek8ndGaE009b99nSQpY\/D8ktlDcUqxf3YpkrRW83CjObtGJ0snyjjTTWAUiO2EZgp75t2V7rbNCSXmsVVB8OqDwHoCz\/c8jrAAC8lyna+v6ZeFYq31ZKtSghnuxqB4kfarNGHeOHFDZmxDIWxzSxTlICUCtQUIFoL1D\/MYlOEaidZmg0Vp\/Har8uEsts4LlzN1U33OhacY4nngIR+yw79YHmzuK8U8kOK\/feLixUJEn\/0OANQ6vzjO0InYJqhz6bYRiGYdoRy7MvmnzboZlOiE5DPEa8XRHlM8QJbKORJ7wCtn6mo6MUhSiHnIjL6ULNAoyuDXv7FK8leQilKCdygpADT85keA+g4FSyYy+jjlpkbrtzpY2ciwQtxBYUNlHKEkpZoc2U7RcdA0oOL9EBFHDtVIxKpJMtzUj+KCI6h5Tsmo1nVdsqAFxQeF7aKBSjTWuvU3bELCRyCA\/tbcopHyrzsozDfUOR0uJCXWmjbTGVx2i6vIkQcPU2pB+rR31rJ8e+Fh9VbJc7SJR+rnbWletPPco\/ltlQHbNaiV59LW9O9tdI78mRS5OU2+1OSXLPKPRO5P16Mv9YMTKc5jbi3y+nC6qJrevFe5kiRvxQfJ\/1HJOo3kR8zpbNZ8w+j9V+XURv08fM+7VaH8SNUSWpKTv3Ngu1L5LrFBE3hZaFObnV9liub\/2a7V2kWcEiVucZehjt40Q7xPLV+nt6NxFfP2KZDcQyG3WRsMsWn9i+B8MwTLfy1\/\/kC\/jx\/72Br7\/8efzg7V8hmS\/hh5EQPvspf6tNM8QLoRBWiu\/j+q1beOVgCG\/890vwOHrw1skjHSH10yz7LTv95xO5hh5dtBrdPRXLdPzxvojP2TUJmIhkvtS0KA1xkinfuKLJo5Yt5AyRTzSNXKuUQ0B0NKhdG\/E5EVFoE3bsZZSZT+Q6xoEnh6Jx2wVx0anmpBGjHQkjUiJbDqB+xfdFOTvISdSsd3qg4kBWs11JysBIklRyrMk3y\/XKin7fjKjqhcQDSavaqL6unjOZouUbST3qW9jb1xEbq2SjfMygKHHauJE\/pxV5n0YS8TkxGnTjo\/xjww45M8g3AKJBd5Uc4CS8SOZLOH35dk2ZkHzRsUtrGBVO700P7ZXkBY1AbVb+bMl8qaZtlTekrG3MNFLGqJ5j0pWKNNWhJs0VlTDzPHb69Xpidu6nVB9EGTM7jtp61LXRoBvjIU+NrA1QDiA6f3wfkvmSlMdGbI+T4T1VeSjOrNxRdNSHvX1VSZsn4ZXG7lbLfgHW5hl6mOnjPI4ezA0P1KxVSYZKfupwxO9STPC8nC7gzMqdOjn\/W\/9eGIZhOo1nBwfx\/cFB\/PrqVfzbR\/6yDsxyHD\/pEKc\/AHwp\/CK+FAbeWlzCT3s+DTwGwivX8M2vHm21aYZohv2WQ\/UnVtdx7NKa6f8YfSZN5kfoVEQnVDP108UFNCUNlqP2e73PAOVoN6NYvdaOvcwWopRHJ0GLekoA3S6IEdRm2jfVWTt9gphjo5l9KrVhM8f7xYWw2Wema9tlU4\/ajzxviRpUXq1csNupb3RNp8jx0fgnOokB8UROWSJEdG6KfUo9nDN2T4lS\/ppo0I3JsBdLJwbrEoRCDix5gtyIz6nosAq4emtk9UQmw3tqpK6MtlN5viA9xNOSRpz+NP9K5ku2N3I+qfD8jRiTlORqmoWV57HTr9tFjHhXk+MR0asPJFOkdGLP7r3NQqcmlE4IH1XZKANQ5fAnKOeNiMfRI+UgEAl7+xRzKrQCK\/MMLcz2ceOh3YrBaSRlKvbHtEGg1E9GfE5cO2nPsUQSRtsppx\/DMEyzGRwcxEDmJnr+mG8rX4IZDu7fg53ZO9iZvYOD+zvPn9pI+22JK3ZqNGw7I+q3dwMUgbuYyiN2cQMj\/l045Xc1rAyS+ZLklJLriDPMbDxbF6dWs1lMPZQWo9dO+jGfyOFC6iGW04+6OvppKpaR+tRmRvt3M\/OJHCbDXlPR\/p3MYiXR\/IjfhZuvBjAbz7a9nBpF84tSRTQWno3dw2TYWzXhl8tl2IHkIMr3s+akUXIeTQ\/tNSyfozT2n\/K7JAe9XL6EcrwEXL2YjWeRLT6RHIABV29VAluRiM+JxVQes\/EsTlWcxUbLkDZMjY5HWs5OkbPhPTjg2ik57OR64GYpJ\/AtO4RF6ZtGjEnkeG9Ubg8tOmWMjQbdOOTtw4h\/FzyOHszozGmM1AdRfuhQZcPtSrqgK+FW77pGlE+ubuV3UMphoSR3F\/E5MRXLYDn9qMqBPxbyVJ04jAbdUh2bWF2vnPLqx2TYaylRfSdgto\/byu+Qr9LUL2\/276jaaKLyzBY3MbG6jmS+BI9jB075dyEadBuWRDrg2lnVb4v3ANRlpxiGYTqNn6xcwz\/75f\/D5\/pLWPne6\/gXP\/4LLCQeYCzkwQ9OfAF\/7z+8g0yPE\/\/t5U\/j4H4vvvA\/\/hoA8Jevfx65XA5f+\/kNeBw9+MvXP4\/rtzL42s9vIOx14FL0KL5\/8ap0rzdfewmvzLyNy9kdmB56Br\/750fw+7U1ZIt7sf9Pz0v3eHbQvAKL3OYT81cQyxTxs68+D4+jR9PGn6xcw8TqXRz3PME746\/hB2\/\/CrPxLEaDT+Otk0eq7nVwvxf\/4Ke\/Qba4iZ999XkkXw0AAN65\/iFeWvyZdI9us19O22ZUEnXOzdDJEzGPo6djogXrxfTQXum4LOl707HQEb8LYyGPZce83smS8dBuS\/dltifZ4mZVIsdOgtoORVeJCaFpUdaNDu9kvoTliiTEaNBtuAwo4bwS7ZaYtR1ZSDzAZNiL0eDTlp3+ZxVOZxiVcfk4+ryl77TCVCyDEb9LipwnR1IyX8JC4oGmYyzic6ra2kipwlhmo0rCRy7dE8tsSDrN2eKmZdkY+djtceyQ2lW2uGmrHc0nclioOKlIkmIy7MWZlTu619JJATl00kup3OX3XU4XcMjbh2jQjaM+p6LjajldkORHrD6rmPtICzX9fzliv3Zm5Y5hqSHxO0TGQh6pfoj3asSYRO2oFRFonTLGjgqBQ\/OJnKJ8noiR+iDmmqLnj\/icOOXfpSl3Y6eu6bGcfoSRSoAQ9UvVev61G4rziZzUtsX2K69Po5X3OhXLSOuR5XQBRyvBAyP+XTXyNdsBM30cbYqcWbkjvX\/aOIj4+mUyquWTdGKCYaDcbmjjzAhimxNJ5kuYWL3bFu2PYRimHvzo\/dsoBA7ifwP49dWyk74QOIjZ+HWM+OP4m8EvAAAu\/u4mrt+6h9v7XwRQdhQDwO39L+I2gJW\/TWIhkUMhcBB\/BeCDeLzqXt9eW8OfYz8eBwZwIXUD33S74Q6F8NbiknSPd65\/iG9acPrLbf4r92cAN\/Aff3sDR31OTRsvpB6iEDiIP8\/ewe\/X1jAbz6IQOIiFxHVE49X3GvtjHh88EwIAvJtcw\/fD5bK48M51FAIH8Ys\/5vFBPI4XQqG2tH80l2uI\/XLa1uk\/sbredQP4eGh32yW2azS0+D6zcqfGobCYyktRlEpa+HaI+Jxdt8HCaDOxut5WEXtmocW9XOZixO+SorSMOMS2G1Oxe4hUpEC2Y4ReOzITvy85A81E8oko9s+x9jthmMyXcOzSWpX+M4BKEmkvxkIeHLu01laR\/6QjTrrQak5\/ikynKPKPTLYdrdxMVqIyaaMgW3wi9GVlx9R4yGPbGexx9ChK1ahxJV1ANOhWnbc1M7E6OXrN1LPpob1SQk2jf6+G0umWeo9JrW5DnTbGRoNuXKk4Yo2gVh\/UcoyFKw5hIw5ws3VNjyvpAkb8Lpzyu6TvJ7kftaCx92TfvZDIKZ6upn5EXm4LiRwiPieO+pzb0umvhF4fJy9nSk6thJIUUT02gjyOHS05\/cMwDNMovvO5QcR++T4+11\/CF4+8hsn0EqZi1zEZ9uKFUAhfia0gltnAyUqk\/8JPfwMAeOXLhwEAC\/\/zGgBg+OXPw+3OIPbL9xH29uGF0DDGUg8xGy\/f69nBQfwjx1VcvrWOb3w5gN+vrSGXy+GVg5+W7vHKy5+39AxjIY\/0PV88cgR\/cvVt\/PZRL77z8qfhf8ajaeM3Hn+I2Lvl5392cBiT4RuYil3HWMhT9fzfefnT+NJnAvjsu+9g86ldeOXLh\/FBPA63241vvLhPuscLIfOR8pNhr1TmjbT\/738mgM9erb\/9ctrW6d9tBFy90nHJbiPs7cO1k34k8yUsph7ivcwGFlN5aTI5n8jhqM+pGOGhd98tvestjd7xkKdtdDmZ9iCW2bDkmGw3JlbXy05uXz+OViLSaLEWDbpxIfWwrtF2ncByuiBF+xuNBE7mS6oRtp28MdQsssVNzMaz0omJZrcttY0BMRK0nsQyG3juXBJhb5\/kFCJHGekZH76YqrlOrh0vorc5RfI8ytc+1rxero1OiVHJKUb\/p5MAAZ2kkWaZiWctnWJQS055IZU35fSPZTZqIqBpDkYOXaUIaXn90XM0NUtjWnRa6n0nld9YyIMRvwvnj++TEp5apXyi4ZbiZ60Yk7TauVabM0K7j7ETq+sV+aqyHM3c8IBm8l29+iDOo+nkQDnJ7X54HD0Y1XD6N6KuESS3JNZ9PYkrs+9dXmb0cz3zZInlK8fqiXc7mO3jSOqpbOsTzU35sZAHn3T04KNKbge9cUoOne4SCXv7MBneg7nhAc0NB4ZhmE7iK0MHcWvooPTz90eO4fsjW5\/\/\/Ftfrfr7+HcHZT9v5Up5dnCw6l5vvvYS3hT+9sf\/8lUAwO\/X1hC+mEKmx4l3PvcY8e+esvUM8u+RS9Ro2fjG8GG8MXxY+lnv+d\/\/4T8GAPxi9Tpe+e0TeDdTiJ3045ZwD7PIv7PT7Jej6fTXWlQ2GqsLc7VJkl399kZPvibD3q6PVChrQJcX3HMYkBYY5EAy6\/SXLwieO5fUdOYx3YveEfhOghY+i6k8JlbXEfE5hQX60125KJJH++uxkHiw7bXoG4082t\/sCQvRuTs9tNfUnEBN2i3ic2pGn9uFIlln4lkpoSHJR8i1p+nv9WTo1KAktkroSQPFJKd+eXyUa\/bT55TMl5yaZk9ZKLW1xVS+5RHbytJC5c3Bm68GMB7yYCp2T5rzie+yHaH3l8yXdOep4juOvNpfkXkylu9kPpHDR7L5U6wSpKFFvcYko3NkNfkmoPz8Vtsc0c5jLLUtUY4mGnSr9gd69UGM8Kb5+HK6gInVdcwND2j2y3bqmh7luXyp6p7Un9XrhI2a9Fo912rydYpIM6UEzfZx88IpCdF+0u0XN\/opz4\/H0VNzSoY2DI2srz\/KP64pD8rvMDc8gMmwtyvntwzDMPVgbW0Nd\/vLQbHXb63hKy22xwrXb93D5lODuAsX1tbWLOUiaCWNtF\/To6+1qGw0ViOx1SZJWosAO\/etBxELUezdQDToxkf5xzgbu1cXJwEtfBZTeWmxwDCLqXzbSYbUE3GBTsffuw15tL\/cccXUH3m0v1nZC7FNduLpimxxE2dW7iDic0qOqVY7uwlyDlMeArk0DJU9nVyga8zSaRtnyUoEavm5+yUH0nhod1vP0Ywm8RWhiPey067f0LULiVxdxkqrYxI5mNutP2jXMfZKZcw7aiDgSa0+iBuCYrkvpvKYQ1l2k3J\/mL23XRZTDzEe8uCU3yW127KtjT1h04qcEo3GbB9HJ0rk0k90so3yKQHlfvXMyh1Mhr016y7aMLOzEUd1UcxDwzAMwxjjv\/z8Ci6kHmIs5MG3dt5EtriJVw7a049vNt\/+r+dxr6fsT3098yE8jh68EDrSarMM0wz7Wd6nDZhUSFjIlDGyWDGKmFRyNp7V3FjScs7oOW6W048wCeXNMoqUO+R1KOqkitFKIpQUEigfkZVHGtmxt9uZWL3bahMaztax9OaeJhIX90qRzgAkvVgxSSu1Ia3FNZ1CM+qMpGh\/0l5uFORooShpORT5DqAqqSChVk4HVJ6X+gzSX1f6PqXrmoEY7a\/mDNuSmlGfjmzJtD2pv5FoTH0jkvnHCLh66yoJAVQcWzGNz3TYcsIpO4xFXX\/6uRsQk8WS05+kF+XyEmFvX8OlAo04GOlv5Jrl7YydMUmvLibzj1VPdDWqH1R6Hjv9ersjOlbVxp5GcyVdwHjIg4jPiSs6ev5WsHsixAgLiZzqyQStU8lW5hlamO3jssVNKUk5jSERX7+0Pjnld1XVCUriSwoCAVcvTvl3ScmY7Tjr26EuMgzDdCoTq3dRCBwE4jdqZGc6gV9fvYr\/tLOc\/DacWcNP\/umJFltkjmbZ3zKnPx0B7HaUkkgxjSHg6sWI34XFVB7ziZziRJYmjFpOE\/pMvhina9UWpFTns8XNqu8W70OOGDkkN+Jx9FSdvrFjLwNO7NoEKKJYLdJ5emgvPI4eJFdKAArSNQCkSGT5OyovHM05s6ltUvLBRkGOaTUn94h\/FybDXiTzparFOJWTmnOI+gX5KQX6vkMq7fuoFKnd\/NMN2eIm5hM5jIc8qjlryH56p0rvutGO50bUt0ZDp1esQmMNvRcl6aGwtw+nKpvT72WK1o2tEyN+V2XMe9Qwx46SE5p+18wkrfR8ek5xsW4qlUk06MZo0K2Yx6DTMDqHkfetrcRqv24U0SlrxEldr\/qgtLnR7Lomzm1P+XdV2aJEuZ0Y7zeaoalvNQDB6jxDDTt93FawRjl3hJbsE8kyAeUE0zdfDUhjvNU+vdulcRmGYezwqZ0b+JvK\/zuRwcFB9C2\/j5JnoCNVPJplv6bTXyuSzA7Z4hPMJ3JVkymtaAcziI4NI9rNVu5bL+QO3G4jW9zEsUtrmhPE2UqCsHo1AtJbJWeU3Pl31OfETDyLbHETM\/Fsjf4kfUZ\/q3btVCxT825FjeCRygIFQNWCcCp2D9Ggu2oSm8yXMBO\/X7mu+nSAHXu7nXKZ3W+1GXUh4nNiNOhWXbCNVup5KyKgltOPMJTZFK4AAApbSURBVOJ3YSzkqen3x4VTK6JttNgu68w+I0WUEeSoVNbmVmc2nsXc8EBDF4mis2485KlKcuhx9Ei212rTlsuJdGnFchrxu6Q+UK5ZeyVdwIjfhWjQjdl4tsqxRBudQDnZaSuYrfRLamUulsNYyFPjLLL6rs1gp76dP74PU7GMokNPlM5pVlJXo1BUuFqU+FYy32rpn1ZSTtroxdG0E8uCgzMiRPnavX87nWwQN0zV6r48aEAJOglUm7x4Z+V76n+CphFj0oFKH1gvzXYzWH0eq\/26UbLFzarcHGIdOKDyfs3Uh5isn9i6h7KzuZl1jfpjUSJVa5yTb4yrtXWS\/1Q6Fdgu8jFW5xn1Ihp019RnNUgGqFEnLMV1XDv02wzDMO3OT1au4Ufv38Yhbx\/+z796BR\/E4\/jikdOtNssUP3j7V3gvs4FvvLgPH379ReRyObwQql\/i20bTbPt1nP72IsnM0IjJQLtE+qgxHtrdkTtS9WKqotV\/7NKaFCEkTsKnYhlpISQ6ye1Ai6xkvqSYHFj8fGJ1HX8obkrO8ivpglSnRGea0rX0d6PBp5EtbmIhkZMm5aTxLDIW8uDMyh1pI2Qy7K1onz7CxOpdaWI9Wkd7ux06dbEdmBsekCI+Z+NZLKcfIVvclI54Uz036yw54NqpeRLJSCTcQuKBVE+XTgxiYnUdyfzjqpwx84lcTQQ1RYiP+F2YGx6Qjpyf8rukzS2zjhJKKKfX79p5bkrmKkZgLqYeSg5L+m75prRSOQHk6CxLwJHmuPyZ6HuWTgxW+pEn8Dh2YHroGcnZvph6qGivXpL7ZP6xrej2ZL6kuMEqf4Zo0C2914XK5pD4u0Yn6LNS36JBd0WeoB+z8WxVklpy9AFbmtZyGl32WsjvqxTpr\/UzAEGj237kPcl8KfUFxGIqXxkbnZKjS+u0ghpK5R5w9VZt1Ctt0sid743Wb6fTGFpRsHp6\/qJzcG54AFOxDLLFJ5ge2ms5QbMRGjEm2ckvYRerz2O1XzeKmNB2bngAZ1buIJbZwHjIo2iT2fpA7YD+fmJ1vaqtiH1iK+oaydzIbVAiGnRjIZGTxmcqf3nZL6cLiAZ7MT20V0raLI7fhy+m6voMVrA6zyDUNqmM9HFU18Yy5U16MemzUl9MCYIDrl7MxO9Lc6fxivSf\/O\/VUJqXkaQQ3WO7zOkZhmEayb9+N4nb+1\/Ecvw63nzNjS8e6Rz9ewD4IB7Hv8t4sfmUC3j\/Bt4YPoxnW22UCVphP2v6twhxctSt0OSMotTFSBWR8omI+uU9oIS+scyGooa+GOmptnE0PfSM6u\/Fa+XX02JIySaK0o1lNmoiTQFI2qV632nG3m4lltloqK57MxEjz0SNbjlWTjaIzgwljCQ4p0TJ5LySJ1SnkzFyxFMvSnaoXafHVCyj2AZF7D73xOq69JzTQ3trpMRm4tkax5VeOZXvW5t\/QjxZ5HH04PzxfTV\/o\/R9hF6S+6lYxvYG+lQso1meU7EMRvwuKWpRfmLJ6rs2Z6P1+kan9tRO7s0KJ65EmlH2aihp+Gt9rlR\/Ir7+8jPH7DvzRitSh8vpR6p1VRyzldrVrMocQo5euc\/I3tdiKo8RvwtLJwarHJuNlswTE7GqzY\/IBnVd8K1NN6V6TXOOetKIMUks72afWLPzPFb7dTPQmBb29uHaSX+NTeKGr9n6QE5vOk0m\/\/sLNu5dD2gjEDBWL+TlA6BKwx7YGq\/UxtNo0N0W80cr8wzaSKT384n5GwDM9XH0XrX6UTpxISb7VRsj5Umi1dCblzV6jsAwDLNdGA26MRu\/js\/1t4dkqVleCIXwpXd+it+me3GoA\/2prbCfhfBaBDloupm54QFJz1sNio6qZ1mNBp+W\/i2f7AOQIj3VmBseUI2a17rW4+jB0olB1SjjpRODqk6EaNCtmjDQjr3dSqdrG4vQ6RCtSOhkvoRjl9ZaFgV1+vItxcU+2a7k5KPPlGzWuk4PrUjierGcLqjKQMwncqr1T62cgLLWrto7Phu7p+qE0Pq+ZkHOIK3PG\/GuzWClvs0ncjh9+bZmu5qJZ9v21CHVNTVnmd7nrUDthNbE6npdHIpK7aUcsVzt9FXTaK8nWycdXapzICPyS2plky1uNiRPQSPGJHL2xTIbTY\/0t\/s8Vvt1o1CSVCXKJ+tKNb8zUx\/E06Z639vsuiZGd+udGhElNon5RE5xg1Nr\/G4Hhz9gbZ6htgFtpo87G7unuglJ301lqjd+1yu\/Xz3aEcMwTLfw5msv4dHZr2Hle6+32hTLrHzvdTw6+zW8+dpLrTbFEs22XzPSf+nEICeZrVDPiDtRf7LboSPIi6k83hOigMLePhzSSLh51OfE2fAeSbNU5GzlVEBA4bPy78tHU7USp1GC5YXEA+l4c8TXj9Hg07rSIPJrPY4dOFp551qbFx5HD66d9GO+kt8imS9JiRT12qEde7sNirzbTmSLmzh9+TbC3j6M+F1C8tYSrqQLqtqrC1Jdq24LRvO5iNep3YvsO3wxhWjQjVP+XfA4duBKuqDrgI9lNvDcuZuV67a06eW5AYw8k8iZlTuSLImIledWgxa+YyEPwt4+6V1oOQyUyimW2cCsRqS++EwLiRxGK8fok\/kSFhQcGuIzGImME8tIr75o6dZPxTL4SEOuxsq7VvoOLeiZ62nDYiqP5XOPpHZH\/S21OyWniZWybwSz8SwCrl7V76HP1RyWau\/dSsSlkXYLlN\/R4YupqnalVc9F9Mpd7X3Rd0aDbhz1OZEtPsGF1MOKDIi7pj4ZfRY9yMEdcPViPLS7Zg4acPVKz6NVV8jxRvZ7HDtMtS0rz2N1TFKrU2OC9FcjUft+q89D11rt10W0+q8zK3dwJV2Q+iCt+5utD8l8qapfpPqvNJbZrWuEmTpH0et6\/SXJiY5VZGUupPKqzmul8dtoPwMYGxPrgdl5Bm1OyQOBzPZxE6vrkkTqUWHj8YLC\/Lo8rialvw24epEtPpHs1KsXWvOybPEJFlMPWyL5xTAMwzCdwicw97uP1T5kp\/8W9XT6c7kyTOt47lySFwgMwzBM2zMe8kja4s+du9mVmtUjfpcks8LjNyPn4+jzACBJ1cihNZcROUKGYRiGYZhtxlR368u0AIrIZhim+WhF+TIMwzBMO0GRsOV8F7tbbU5LoJxEzZBmYzoLilhnaReGYRiGYRhlNOV9Gq1X2knUa6GhluiPYZjGYiWRLcMwDMO0imxxE7PxLCbDXkU5w+2Ox9EDj2NHU5J5M50DJZmlNZWenj\/DMAzDMEy3ormCaHXyv+3Ic+eSrTaBYRiGYRiG6QDOxu7hgGtnQxKhtjukER\/xOTnKn5EIe\/uwdGJQ+pllexiGYRiGYZTpvrAhhmEYhmEYhukQutHhT8QyG3zymFFFLQE3wzAMwzAMw05\/hmEYhmEYhmEYpgPIFjcxn8jhvcwGZuJZzb9dSORwJV1AMv+4SdYxDMMwDMO0D5\/A3O8+brURDMMwDMMwDMMwDMMwDMMwDMPYZqqn1RYwDMMwDMMwDMMwDMMwDMMwDFMf\/j+mgZDTTtFEJwAAAABJRU5ErkJggg==\" alt=\"Markalama G\u00f6rseli\" title=\"\"><\/p>\n<\/div>\n<div>\n<table style=\"width: 100%;\" cellspacing=\"0\" cellpadding=\"0\">\n<tbody>\n<tr>\n<td style=\"width: 120px; font-weight: bold;\">\u0646\u0648\u0631\u0645<\/td>\n<td style=\"width: 400px; text-align: left;\">SAE J 2006 R1<br \/>\n\u0623\u064a\u0632\u0648 13363 \u0645\u0646 \u0627\u0644\u0646\u0648\u0639 1 - \u0627\u0644\u0641\u0626\u0629 \u0628<\/td>\n<td style=\"width: 120px; font-weight: bold;\">\u0644\u0648\u0646<\/td>\n<td style=\"width: 400px;\">\n<div class=\"color-icons\"><img decoding=\"async\" src=\"data:image\/svg+xml;base64,PHN2ZyB2aWV3Qm94PSIwIDAgMTAwIDEwMCIgeG1sbnM9Imh0dHA6Ly93d3cudzMub3JnLzIwMDAvc3ZnIj4KICA8Y2lyY2xlIGN4PSI1MCIgY3k9IjUwIiByPSI0OSIgZmlsbD0iIzQ2QTZEOCIgc3Ryb2tlPSJibGFjayIgc3Ryb2tlLXdpZHRoPSIwLjUiLz4KICA8Y2lyY2xlIGN4PSI1MCIgY3k9IjUwIiByPSIzOCIgZmlsbD0id2hpdGUiIHN0cm9rZT0iYmxhY2siIHN0cm9rZS13aWR0aD0iMC41Ii8+CiAgPGNpcmNsZSBjeD0iNTAiIGN5PSI1MCIgcj0iMzMiIGZpbGw9IiNFODNGM0YiIHN0cm9rZT0iYmxhY2siIHN0cm9rZS13aWR0aD0iMC41Ii8+CiAgPGNpcmNsZSBjeD0iNTAiIGN5PSI1MCIgcj0iMjIiIGZpbGw9IndoaXRlIiBzdHJva2U9ImJsYWNrIiBzdHJva2Utd2lkdGg9IjAuNSIvPgo8L3N2Zz4=\" alt=\"\" title=\"\"><\/div>\n<\/td>\n<\/tr>\n<\/tbody>\n<\/table>\n<\/div>\n<\/div>\n<\/div>","protected":false},"excerpt":{"rendered":"<p>&nbsp; \u00dcr\u00fcn Ad\u0131: SIROCCO \u00dcr\u00fcn Kodu: SD950 Silikon So\u011futma Kullanim Alan\u0131 : Deniz ara\u00e7lar\u0131n\u0131n so\u011futma sistemlerinde, y\u00fcksek performans ve ekstra esneklik gerektiren \u00e7ok y\u00fcksek s\u0131cakl\u0131ktaki egzoz gazlar\u0131n\u0131n ve deniz suyunun ta\u015f\u0131nmas\u0131 i\u00e7in. Alt Katman : Deniz Suyuna, Antifriz Kar\u0131\u015f\u0131ml\u0131 Suya, Mineral Ya\u011flara Dayan\u0131kl\u0131 D\u00fcz Silikon. Takviye Katman\u0131 : Y\u00fcksek Mukavemetli Sentetik Tekstil. \u00dcst Katman : [&#8230;]\n","protected":false},"featured_media":22488,"comment_status":"open","ping_status":"closed","template":"","meta":{"jetpack_post_was_ever_published":false},"product_brand":[],"product_cat":[2369],"product_tag":[],"class_list":{"0":"post-21728","1":"product","2":"type-product","3":"status-publish","4":"has-post-thumbnail","6":"product_cat-sel_silikon_hortumlar","8":"first","9":"instock","10":"taxable","11":"shipping-taxable","12":"product-type-simple"},"jetpack-related-posts":[],"jetpack_sharing_enabled":true,"jetpack_likes_enabled":true,"_links":{"self":[{"href":"https:\/\/tuzlahortum.com.tr\/ar\/wp-json\/wp\/v2\/product\/21728","targetHints":{"allow":["GET"]}}],"collection":[{"href":"https:\/\/tuzlahortum.com.tr\/ar\/wp-json\/wp\/v2\/product"}],"about":[{"href":"https:\/\/tuzlahortum.com.tr\/ar\/wp-json\/wp\/v2\/types\/product"}],"replies":[{"embeddable":true,"href":"https:\/\/tuzlahortum.com.tr\/ar\/wp-json\/wp\/v2\/comments?post=21728"}],"wp:featuredmedia":[{"embeddable":true,"href":"https:\/\/tuzlahortum.com.tr\/ar\/wp-json\/wp\/v2\/media\/22488"}],"wp:attachment":[{"href":"https:\/\/tuzlahortum.com.tr\/ar\/wp-json\/wp\/v2\/media?parent=21728"}],"wp:term":[{"taxonomy":"product_brand","embeddable":true,"href":"https:\/\/tuzlahortum.com.tr\/ar\/wp-json\/wp\/v2\/product_brand?post=21728"},{"taxonomy":"product_cat","embeddable":true,"href":"https:\/\/tuzlahortum.com.tr\/ar\/wp-json\/wp\/v2\/product_cat?post=21728"},{"taxonomy":"product_tag","embeddable":true,"href":"https:\/\/tuzlahortum.com.tr\/ar\/wp-json\/wp\/v2\/product_tag?post=21728"}],"curies":[{"name":"\u062f\u0628\u0644\u064a\u0648 \u0628\u064a","href":"https:\/\/api.w.org\/{rel}","templated":true}]}}