{"id":21722,"date":"2025-08-11T11:29:29","date_gmt":"2025-08-11T08:29:29","guid":{"rendered":"https:\/\/tuzlahortum.com.tr\/urun\/isi-cc\/"},"modified":"2025-08-20T15:26:59","modified_gmt":"2025-08-20T12:26:59","slug":"isi-cc","status":"publish","type":"product","link":"https:\/\/tuzlahortum.com.tr\/ar\/product\/isi-cc\/","title":{"rendered":"ISI CC"},"content":{"rendered":"<p>&nbsp;<\/p>\n<div class=\"report-container\">\n<div class=\"report-header\">\n<div class=\"standard-text\">\u0627\u0633\u0645 \u0627\u0644\u0645\u0646\u062a\u062c: ISI CC<\/div>\n<div class=\"standard-text\">\u0631\u0645\u0632 \u0627\u0644\u0645\u0646\u062a\u062c: HWCC115<\/div>\n<\/div>\n<div class=\"product-image-container\">\n<div class=\"key-feature\">\u0633\u0637\u062d \u062e\u0627\u0631\u062c\u064a \u0645\u0637\u0644\u064a \u0628\u0627\u0644\u0633\u064a\u0631\u0627\u0645\u064a\u0643 \u0644\u0644\u0645\u064a\u0627\u0647 \u0627\u0644\u0633\u0627\u062e\u0646\u0629<\/div>\n<\/div>\n<div class=\"horizontal-line\"><\/div>\n<div class=\"product-details\">\n<div class=\"detail-row\">\n<div class=\"detail-label\">\u0645\u0646\u0637\u0642\u0629 \u0627\u0644\u0627\u0633\u062a\u062e\u062f\u0627\u0645<\/div>\n<div class=\"detail-value\">: \u064a\u0633\u062a\u062e\u062f\u0645 \u0644\u0646\u0642\u0644 \u0627\u0644\u0645\u0627\u0621 \u0648\u0627\u0644\u0645\u0627\u0621 \u0627\u0644\u0633\u0627\u062e\u0646 \u0641\u064a \u0627\u0644\u0635\u0646\u0627\u0639\u0629\u060c \u062d\u064a\u062b \u064a\u062c\u0628 \u0623\u0646 \u064a\u0643\u0648\u0646 \u0627\u0644\u062e\u0631\u0637\u0648\u0645 \u0645\u0642\u0627\u0648\u0645\u064b\u0627 \u0644\u0644\u062d\u0631\u0627\u0631\u0629.<\/div>\n<\/div>\n<div class=\"detail-row\">\n<div class=\"detail-label\">\u0627\u0644\u0637\u0628\u0642\u0629 \u0627\u0644\u0633\u0641\u0644\u0649<\/div>\n<div class=\"detail-value\">: \u0645\u0637\u0627\u0637 EPDM.<\/div>\n<\/div>\n<div class=\"detail-row\">\n<div class=\"detail-label\">\u0637\u0628\u0642\u0629 \u0627\u0644\u062a\u0639\u0632\u064a\u0632<\/div>\n<div class=\"detail-value\">: \u0645\u0646\u0633\u0648\u062c\u0627\u062a \u0627\u0635\u0637\u0646\u0627\u0639\u064a\u0629 \u0639\u0627\u0644\u064a\u0629 \u0627\u0644\u0642\u0648\u0629.<\/div>\n<\/div>\n<div class=\"detail-row\">\n<div class=\"detail-label\">\u0627\u0644\u0637\u0628\u0642\u0629 \u0627\u0644\u0639\u0644\u064a\u0627<\/div>\n<div class=\"detail-value\">: \u0645\u0637\u0627\u0637 \u0627\u0644\u0643\u064a\u0631\u0627\u0645\u064a\u0643 \u0627\u0644\u0645\u0637\u0644\u064a \u0628\u0645\u0637\u0627\u0637 EPDM \u0627\u0644\u0645\u0642\u0627\u0648\u0645 \u0644\u0644\u062d\u0631\u0627\u0631\u0629 (\u062d\u062a\u0649 600 \u062f\u0631\u062c\u0629 \u0645\u0626\u0648\u064a\u0629)\u060c \u0648\u0627\u0644\u0645\u0642\u0627\u0648\u0645 \u0644\u0644\u062a\u0622\u0643\u0644 \u0648\u0627\u0644\u0623\u0643\u0633\u062c\u064a\u0646 \u0648\u0627\u0644\u0637\u0642\u0633.<\/div>\n<\/div>\n<\/div>\n<div class=\"datasheet_table\"><img decoding=\"async\" class=\"alignnone size-full\" src=\"https:\/\/tuzlahortum.com.tr\/wp-content\/uploads\/2025\/08\/datasheet345.svg\" alt=\"\" title=\"\"><\/div>\n<div class=\"table-notes\"><\/div>\n<div class=\"horizontal-line\"><\/div>\n<div class=\"footer\">\n<div class=\"standards-section\">\n<div class=\"standard-item\" style=\"margin-top: 9px;\"><\/div>\n<div class=\"standard-info\"><\/div>\n<\/div>\n<div class=\"temperature-section\">\n<div class=\"temp-icon\"><img decoding=\"async\" src=\"data:image\/svg+xml;base64,PD94bWwgdmVyc2lvbj0iMS4wIiBlbmNvZGluZz0iVVRGLTgiPz4KPHN2ZyBpZD0ia2F0bWFuXzIiIGRhdGEtbmFtZT0ia2F0bWFuIDIiIHhtbG5zPSJodHRwOi8vd3d3LnczLm9yZy8yMDAwL3N2ZyIgdmlld0JveD0iMCAwIDcyLjI3IDE2Ljk4Ij4KICA8ZGVmcz4KICAgIDxzdHlsZT4KICAgICAgLmNscy0xIHsKICAgICAgICBzdHJva2Utd2lkdGg6IC41OXB4OwogICAgICB9CgogICAgICAuY2xzLTEsIC5jbHMtMiwgLmNscy0zLCAuY2xzLTQgewogICAgICAgIGZpbGw6IG5vbmU7CiAgICAgICAgc3Ryb2tlLW1pdGVybGltaXQ6IDMuODY7CiAgICAgIH0KCiAgICAgIC5jbHMtMSwgLmNscy0zLCAuY2xzLTQgewogICAgICAgIHN0cm9rZTogI2E3YTlhYjsKICAgICAgfQoKICAgICAgLmNscy01IHsKICAgICAgICBmaWxsOiAjYTdhOWFiOwogICAgICB9CgogICAgICAuY2xzLTIgewogICAgICAgIHN0cm9rZTogI2ZmZjsKICAgICAgfQoKICAgICAgLmNscy0zIHsKICAgICAgICBzdHJva2Utd2lkdGg6IDIuMDZweDsKICAgICAgfQoKICAgICAgLmNscy00IHsKICAgICAgICBzdHJva2Utd2lkdGg6IC4ycHg7CiAgICAgIH0KICAgIDwvc3R5bGU+CiAgPC9kZWZzPgogIDxnIGlkPSJrYXRtYW5fMSIgZGF0YS1uYW1lPSJrYXRtYW4gMSI+CiAgICA8Zz4KICAgICAgPHBhdGggY2xhc3M9ImNscy0zIiBkPSJNMTEuMzQsMTEuNTdjLS45NCwxLjcxLTIuNzEsMi42Ni00LjgsMi42Ni0zLjA1LDAtNS41MS0yLjQ3LTUuNTEtNS41MlMzLjUsMy4xOSw2LjU1LDMuMTljMS45NCwwLDMuNjUsMSw0LjYzLDIuNTIiLz4KICAgICAgPGNpcmNsZSBjbGFzcz0iY2xzLTUiIGN4PSI2LjU1IiBjeT0iOC42NiIgcj0iMi40Ii8+CiAgICAgIDxjaXJjbGUgY2xhc3M9ImNscy0yIiBjeD0iNi41NSIgY3k9IjguNjYiIHI9IjIuNCIvPgogICAgICA8bGluZSBjbGFzcz0iY2xzLTMiIHgxPSI2OC4zNCIgeTE9IjExLjc2IiB4Mj0iOS45MiIgeTI9IjExLjc2Ii8+CiAgICAgIDxsaW5lIGNsYXNzPSJjbHMtMyIgeDE9IjY4Ljc4IiB5MT0iNS41MSIgeDI9IjkuNzMiIHkyPSI1LjUxIi8+CiAgICAgIDxsaW5lIGNsYXNzPSJjbHMtMyIgeDE9IjU0LjA3IiB5MT0iOC43NSIgeDI9IjguNjQiIHkyPSI4Ljc1Ii8+CiAgICAgIDxwYXRoIGNsYXNzPSJjbHMtMyIgZD0iTTY4LjE1LDUuNTVjMS43MSwwLDMuMDksMS4zOSwzLjA5LDMuMDlzLTEuOTIsMy4wNi0zLjYyLDMuMDYiLz4KICAgICAgPHBhdGggY2xhc3M9ImNscy01IiBkPSJNNTMuOTEsOC43NWMwLS4xNC4xMi0uMjYuMjYtLjI2cy4yNy4xMi4yNy4yNi0uMTIuMjctLjI3LjI3LS4yNi0uMTItLjI2LS4yN1oiLz4KICAgICAgPHBhdGggY2xhc3M9ImNscy0zIiBkPSJNNTMuOTEsOC43NWMwLS4xNC4xMi0uMjYuMjYtLjI2cy4yNy4xMi4yNy4yNi0uMTIuMjctLjI3LjI3LS4yNi0uMTItLjI2LS4yN1oiLz4KICAgICAgPGxpbmUgY2xhc3M9ImNscy0xIiB4MT0iMzYuNDMiIHkxPSIxNi45OCIgeDI9IjM2LjQzIiB5Mj0iMTQuMjQiLz4KICAgICAgPGxpbmUgY2xhc3M9ImNscy0xIiB4MT0iMjguMDUiIHkxPSIxNi45OCIgeDI9IjI4LjA1IiB5Mj0iMTQuMjQiLz4KICAgICAgPGxpbmUgY2xhc3M9ImNscy0xIiB4MT0iMTkuNTkiIHkxPSIxNi45OCIgeDI9IjE5LjU5IiB5Mj0iMTQuMjQiLz4KICAgICAgPGxpbmUgY2xhc3M9ImNscy0xIiB4MT0iNDEuNTciIHkxPSIyLjc0IiB4Mj0iNDEuNTciLz4KICAgICAgPGxpbmUgY2xhc3M9ImNscy0xIiB4MT0iMzMuMjgiIHkxPSIyLjc0IiB4Mj0iMzMuMjgiLz4KICAgICAgPGxpbmUgY2xhc3M9ImNscy0xIiB4MT0iMjQuOTkiIHkxPSIyLjc0IiB4Mj0iMjQuOTkiLz4KICAgICAgPGxpbmUgY2xhc3M9ImNscy0xIiB4MT0iMTYuMDgiIHkxPSIyLjc0IiB4Mj0iMTYuMDgiLz4KICAgICAgPGxpbmUgY2xhc3M9ImNscy0xIiB4MT0iNDQuNjMiIHkxPSIxNi45OCIgeDI9IjQ0LjYzIiB5Mj0iMTQuMjQiLz4KICAgICAgPGxpbmUgY2xhc3M9ImNscy0xIiB4MT0iNDkuNDkiIHkxPSIyLjc0IiB4Mj0iNDkuNDkiLz4KICAgICAgPGxpbmUgY2xhc3M9ImNscy00IiB4MT0iNDAuODgiIHkxPSIxNi45OCIgeDI9IjQwLjg4IiB5Mj0iMTQuMjQiLz4KICAgICAgPGxpbmUgY2xhc3M9ImNscy00IiB4MT0iMzIuMzMiIHkxPSIxNi45OCIgeDI9IjMyLjMzIiB5Mj0iMTQuMjQiLz4KICAgICAgPGxpbmUgY2xhc3M9ImNscy00IiB4MT0iMjMuNzkiIHkxPSIxNi45OCIgeDI9IjIzLjc5IiB5Mj0iMTQuMjQiLz4KICAgICAgPGxpbmUgY2xhc3M9ImNscy00IiB4MT0iMjAuNTkiIHkxPSIyLjc0IiB4Mj0iMjAuNTkiLz4KICAgICAgPGxpbmUgY2xhc3M9ImNscy00IiB4MT0iMjkuMTMiIHkxPSIyLjc0IiB4Mj0iMjkuMTMiLz4KICAgICAgPGxpbmUgY2xhc3M9ImNscy00IiB4MT0iMzcuMTYiIHkxPSIyLjc0IiB4Mj0iMzcuMTYiLz4KICAgICAgPGxpbmUgY2xhc3M9ImNscy00IiB4MT0iNDUuNzEiIHkxPSIyLjc0IiB4Mj0iNDUuNzEiLz4KICAgIDwvZz4KICA8L2c+Cjwvc3ZnPg==\" alt=\"S\u0131cakl\u0131k\" width=\"100\" title=\"\"><\/div>\n<div class=\"temp-values\">\n<div>-40 \u062f\u0631\u062c\u0629 \u0645\u0626\u0648\u064a\u0629 \/ +125 \u062f\u0631\u062c\u0629 \u0645\u0626\u0648\u064a\u0629<\/div>\n<div>-40 \u062f\u0631\u062c\u0629 \u0641\u0647\u0631\u0646\u0647\u0627\u064a\u062a\/+257 \u062f\u0631\u062c\u0629 \u0641\u0647\u0631\u0646\u0647\u0627\u064a\u062a<\/div>\n<\/div>\n<\/div>\n<div class=\"marking-section\">\n<div class=\"detail-row\">\n<div class=\"detail-label\">\u0648\u0636\u0639 \u0627\u0644\u0639\u0644\u0627\u0645\u0627\u062a<\/div>\n<div class=\"detail-value\">:<\/div>\n<\/div>\n<\/div>\n<div>\n<table style=\"width: 100%;\" cellspacing=\"0\" cellpadding=\"0\">\n<tbody>\n<tr>\n<td style=\"width: 120px; font-weight: bold;\">\u0646\u0648\u0631\u0645<\/td>\n<td style=\"width: 400px; text-align: left;\">ISO 1307<\/td>\n<td style=\"width: 120px; font-weight: bold;\">\u0644\u0648\u0646<\/td>\n<td style=\"width: 400px;\">\n<div class=\"color-icons\"><img decoding=\"async\" src=\"data:image\/svg+xml;base64,PHN2ZyB2aWV3Qm94PSIwIDAgMTAwIDEwMCIgeG1sbnM9Imh0dHA6Ly93d3cudzMub3JnLzIwMDAvc3ZnIj4KICA8Y2lyY2xlIGN4PSI1MCIgY3k9IjUwIiByPSI0OSIgZmlsbD0iIzAwMDAwMCIgc3Ryb2tlPSJibGFjayIgc3Ryb2tlLXdpZHRoPSIwLjUiLz4KICA8Y2lyY2xlIGN4PSI1MCIgY3k9IjUwIiByPSIzOCIgZmlsbD0id2hpdGUiIHN0cm9rZT0iYmxhY2siIHN0cm9rZS13aWR0aD0iMC41Ii8+CiAgPGNpcmNsZSBjeD0iNTAiIGN5PSI1MCIgcj0iMzMiIGZpbGw9IiMwMDAwMDAiIHN0cm9rZT0iYmxhY2siIHN0cm9rZS13aWR0aD0iMC41Ii8+CiAgPGNpcmNsZSBjeD0iNTAiIGN5PSI1MCIgcj0iMjIiIGZpbGw9IndoaXRlIiBzdHJva2U9ImJsYWNrIiBzdHJva2Utd2lkdGg9IjAuNSIvPgo8L3N2Zz4=\" alt=\"\" title=\"\"><\/div>\n<\/td>\n<\/tr>\n<\/tbody>\n<\/table>\n<\/div>\n<\/div>\n<\/div>","protected":false},"excerpt":{"rendered":"<p>&nbsp; \u00dcr\u00fcn Ad\u0131: ISI CC \u00dcr\u00fcn Kodu: HWCC115 S\u0131cak Su \u0130\u00e7in Seramik Kaplamal\u0131 D\u0131\u015f Y\u00fczey Kullanim Alan\u0131 : Sanayide su ve s\u0131cak su transferi i\u00e7in, hortumun \u0131s\u0131ya dayan\u0131kl\u0131 olmas\u0131 gereken durumlarda kullan\u0131l\u0131r. Alt Katman : EPDM Kau\u00e7uk. Takviye Katman\u0131 : Y\u00fcksek Mukavemetli Sentetik Tekstil. \u00dcst Katman : Is\u0131 (600\u00b0C`a Kadar), A\u015f\u0131nmaya, Oksijene ve Hava Ko\u015fullar\u0131na [&#8230;]\n","protected":false},"featured_media":22484,"comment_status":"open","ping_status":"closed","template":"","meta":{"jetpack_post_was_ever_published":false},"product_brand":[],"product_cat":[2368],"product_tag":[],"class_list":{"0":"post-21722","1":"product","2":"type-product","3":"status-publish","4":"has-post-thumbnail","6":"product_cat-sel_celik_dokum_hortumlari","8":"first","9":"instock","10":"taxable","11":"shipping-taxable","12":"product-type-simple"},"jetpack-related-posts":[{"id":21347,"url":"https:\/\/tuzlahortum.com.tr\/ar\/product\/isi-10\/","url_meta":{"origin":21722,"position":0},"title":"\u062f\u0631\u062c\u0629 \u0627\u0644\u062d\u0631\u0627\u0631\u0629 -10","author":"admin","date":"11 \u0623\u063a\u0633\u0637\u0633 2025","format":false,"excerpt":"\u00a0 \u00dcr\u00fcn Ad\u0131: ISI-10 \u00dcr\u00fcn Kodu: HWD160 S\u0131cak Su Kullanim Alan\u0131 : End\u00fcstriyel uygulamalarda \u00e7ok hafif kimyasal i\u00e7erikli s\u0131cak suyun ta\u015f\u0131nmas\u0131 i\u00e7in. Alt Katman : EPDM Kau\u00e7uk. Takviye Katman\u0131 : Y\u00fcksek Mukavemetli Sentetik Tekstil. \u00dcst Katman : A\u015f\u0131nmaya, Is\u0131ya, Oksijene ve Hava Ko\u015fullar\u0131na Dayan\u0131kl\u0131, EPDM Kau\u00e7uk. -40\u00b0C \/ +125\u00b0C -40\u00b0F\u2026","rel":"","context":"\u062a\u062f\u0648\u064a\u0646\u0629 \u0645\u0634\u0627\u0628\u0647\u0629","block_context":{"text":"\u062a\u062f\u0648\u064a\u0646\u0629 \u0645\u0634\u0627\u0628\u0647\u0629","link":""},"img":{"alt_text":"","src":"https:\/\/i0.wp.com\/tuzlahortum.com.tr\/wp-content\/uploads\/2025\/08\/isisd10-p.png?fit=532%2C532&ssl=1&resize=350%2C200","width":350,"height":200,"srcset":"https:\/\/i0.wp.com\/tuzlahortum.com.tr\/wp-content\/uploads\/2025\/08\/isisd10-p.png?fit=532%2C532&ssl=1&resize=350%2C200 1x, https:\/\/i0.wp.com\/tuzlahortum.com.tr\/wp-content\/uploads\/2025\/08\/isisd10-p.png?fit=532%2C532&ssl=1&resize=525%2C300 1.5x"},"classes":[]},{"id":21344,"url":"https:\/\/tuzlahortum.com.tr\/ar\/product\/isi-rad\/","url_meta":{"origin":21722,"position":1},"title":"\u062d\u0631\u0627\u0631\u0629 RAD","author":"admin","date":"11 \u0623\u063a\u0633\u0637\u0633 2025","format":false,"excerpt":"\u00a0 \u00dcr\u00fcn Ad\u0131: ISI RAD \u00dcr\u00fcn Kodu: HWR162 Radyat\u00f6r Kullanim Alan\u0131 : So\u011futma sistemlerinde, otomotiv ve sabit motorlarda antifriz s\u0131v\u0131lar\u0131 ile kar\u0131\u015ft\u0131r\u0131lm\u0131\u015f s\u0131cak suyun ta\u015f\u0131nmas\u0131 i\u00e7in. Alt Katman : Is\u0131 ve Antifriz S\u0131v\u0131lar\u0131na Dayan\u0131kl\u0131 EPDM Kau\u00e7uk. Takviye Katman\u0131 : Y\u00fcksek Mukavemetli Sentetik Tekstil. \u00dcst Katman : Is\u0131 ve Hava Ko\u015fullar\u0131na\u2026","rel":"","context":"\u062a\u062f\u0648\u064a\u0646\u0629 \u0645\u0634\u0627\u0628\u0647\u0629","block_context":{"text":"\u062a\u062f\u0648\u064a\u0646\u0629 \u0645\u0634\u0627\u0628\u0647\u0629","link":""},"img":{"alt_text":"","src":"https:\/\/i0.wp.com\/tuzlahortum.com.tr\/wp-content\/uploads\/2025\/08\/isirad-p.png?fit=532%2C532&ssl=1&resize=350%2C200","width":350,"height":200,"srcset":"https:\/\/i0.wp.com\/tuzlahortum.com.tr\/wp-content\/uploads\/2025\/08\/isirad-p.png?fit=532%2C532&ssl=1&resize=350%2C200 1x, https:\/\/i0.wp.com\/tuzlahortum.com.tr\/wp-content\/uploads\/2025\/08\/isirad-p.png?fit=532%2C532&ssl=1&resize=525%2C300 1.5x"},"classes":[]},{"id":21350,"url":"https:\/\/tuzlahortum.com.tr\/ar\/product\/isi-sd-10\/","url_meta":{"origin":21722,"position":2},"title":"ISI SD\/10","author":"admin","date":"11 \u0623\u063a\u0633\u0637\u0633 2025","format":false,"excerpt":"\u00a0 \u00dcr\u00fcn Ad\u0131: ISI SD \/ 10 \u00dcr\u00fcn Kodu: HWSD163 S\u0131cak Su Al\u0131c\u0131\/Verici Kullanim Alan\u0131 : End\u00fcstriyel uygulamalarda \u00e7ok hafif kimyasal i\u00e7erikli s\u0131cak suyun emi\u015f ve transferi i\u00e7in. Alt Katman : EPDM Kau\u00e7uk. Takviye Katman\u0131 : Y\u00fcksek Mukavemetli Sentetik Tekstil ve \u00c7elik Tel Spiral. \u00dcst Katman : A\u015f\u0131nmaya, Is\u0131ya, Oksijene\u2026","rel":"","context":"\u062a\u062f\u0648\u064a\u0646\u0629 \u0645\u0634\u0627\u0628\u0647\u0629","block_context":{"text":"\u062a\u062f\u0648\u064a\u0646\u0629 \u0645\u0634\u0627\u0628\u0647\u0629","link":""},"img":{"alt_text":"","src":"https:\/\/i0.wp.com\/tuzlahortum.com.tr\/wp-content\/uploads\/2025\/08\/isi10-p.png?fit=532%2C532&ssl=1&resize=350%2C200","width":350,"height":200,"srcset":"https:\/\/i0.wp.com\/tuzlahortum.com.tr\/wp-content\/uploads\/2025\/08\/isi10-p.png?fit=532%2C532&ssl=1&resize=350%2C200 1x, https:\/\/i0.wp.com\/tuzlahortum.com.tr\/wp-content\/uploads\/2025\/08\/isi10-p.png?fit=532%2C532&ssl=1&resize=525%2C300 1.5x"},"classes":[]},{"id":21353,"url":"https:\/\/tuzlahortum.com.tr\/ar\/product\/isi-sdc\/","url_meta":{"origin":21722,"position":3},"title":"ISI SDC","author":"admin","date":"11 \u0623\u063a\u0633\u0637\u0633 2025","format":false,"excerpt":"\u00a0 \u00dcr\u00fcn Ad\u0131: ISI SDC \u00dcr\u00fcn Kodu: HWC164 S\u0131cak Su Al\u0131c\u0131\/Verici KANALLI Kullanim Alan\u0131 : End\u00fcstriyel uygulamalarda \u00e7ok hafif kimyasal i\u00e7erikli s\u0131cak suyun emi\u015f ve transferi i\u00e7in. Alt Katman : EPDM Kau\u00e7uk Takviye Katman\u0131 : Y\u00fcksek Mukavemetli Sentetik Tekstil ve \u00c7elik Tel Spiral. \u00dcst Katman : A\u015f\u0131nmaya, Is\u0131ya, ozona ve\u2026","rel":"","context":"\u062a\u062f\u0648\u064a\u0646\u0629 \u0645\u0634\u0627\u0628\u0647\u0629","block_context":{"text":"\u062a\u062f\u0648\u064a\u0646\u0629 \u0645\u0634\u0627\u0628\u0647\u0629","link":""},"img":{"alt_text":"","src":"https:\/\/i0.wp.com\/tuzlahortum.com.tr\/wp-content\/uploads\/2025\/08\/isisdc-p.png?fit=517%2C517&ssl=1&resize=350%2C200","width":350,"height":200},"classes":[]},{"id":21356,"url":"https:\/\/tuzlahortum.com.tr\/ar\/product\/isi-sdfc\/","url_meta":{"origin":21722,"position":4},"title":"ISI-SDFC","author":"admin","date":"11 \u0623\u063a\u0633\u0637\u0633 2025","format":false,"excerpt":"\u00a0 \u00dcr\u00fcn Ad\u0131: ISI-SDFC \u00dcr\u00fcn Kodu: HWC164 S\u0131cak Su Al\u0131c\u0131\/Verici D\u00dcZ KIVRIMLI Kullanim Alan\u0131 : End\u00fcstriyel uygulamalarda \u00e7ok hafif kimyasal i\u00e7erikli s\u0131cak suyun emi\u015f ve transferi i\u00e7in. Alt Katman : EPDM Kau\u00e7uk Takviye Katman\u0131 : Y\u00fcksek Mukavemetli Sentetik Tekstil ve \u00c7elik Tel Spiral. \u00dcst Katman : A\u015f\u0131nmaya, \u0131s\u0131ya, ozona ve\u2026","rel":"","context":"\u062a\u062f\u0648\u064a\u0646\u0629 \u0645\u0634\u0627\u0628\u0647\u0629","block_context":{"text":"\u062a\u062f\u0648\u064a\u0646\u0629 \u0645\u0634\u0627\u0628\u0647\u0629","link":""},"img":{"alt_text":"","src":"https:\/\/i0.wp.com\/tuzlahortum.com.tr\/wp-content\/uploads\/2025\/08\/isisdfc-p.png?fit=511%2C511&ssl=1&resize=350%2C200","width":350,"height":200},"classes":[]},{"id":21359,"url":"https:\/\/tuzlahortum.com.tr\/ar\/product\/isi-gr\/","url_meta":{"origin":21722,"position":5},"title":"ISI-GR","author":"admin","date":"11 \u0623\u063a\u0633\u0637\u0633 2025","format":false,"excerpt":"\u00a0 \u00dcr\u00fcn Ad\u0131: ISI-GR \u00dcr\u00fcn Kodu: HWGR16K S\u0131cak Su Al\u0131c\u0131\/Verici KANALLI Kullanim Alan\u0131 : End\u00fcstriyel uygulamalarda \u00e7ok hafif kimyasal i\u00e7erikli s\u0131cak suyun emi\u015f ve transferi i\u00e7in. Alt Katman : EPDM Kau\u00e7uk Takviye Katman\u0131 : Y\u00fcksek Mukavemetli Sentetik Tekstil ve \u00c7elik Tel Spiral. \u00dcst Katman : A\u015f\u0131nmaya, Is\u0131ya, Oksijene ve Hava\u2026","rel":"","context":"\u062a\u062f\u0648\u064a\u0646\u0629 \u0645\u0634\u0627\u0628\u0647\u0629","block_context":{"text":"\u062a\u062f\u0648\u064a\u0646\u0629 \u0645\u0634\u0627\u0628\u0647\u0629","link":""},"img":{"alt_text":"","src":"https:\/\/i0.wp.com\/tuzlahortum.com.tr\/wp-content\/uploads\/2025\/08\/isigr-p.png?fit=523%2C523&ssl=1&resize=350%2C200","width":350,"height":200},"classes":[]}],"jetpack_sharing_enabled":true,"jetpack_likes_enabled":true,"_links":{"self":[{"href":"https:\/\/tuzlahortum.com.tr\/ar\/wp-json\/wp\/v2\/product\/21722","targetHints":{"allow":["GET"]}}],"collection":[{"href":"https:\/\/tuzlahortum.com.tr\/ar\/wp-json\/wp\/v2\/product"}],"about":[{"href":"https:\/\/tuzlahortum.com.tr\/ar\/wp-json\/wp\/v2\/types\/product"}],"replies":[{"embeddable":true,"href":"https:\/\/tuzlahortum.com.tr\/ar\/wp-json\/wp\/v2\/comments?post=21722"}],"wp:featuredmedia":[{"embeddable":true,"href":"https:\/\/tuzlahortum.com.tr\/ar\/wp-json\/wp\/v2\/media\/22484"}],"wp:attachment":[{"href":"https:\/\/tuzlahortum.com.tr\/ar\/wp-json\/wp\/v2\/media?parent=21722"}],"wp:term":[{"taxonomy":"product_brand","embeddable":true,"href":"https:\/\/tuzlahortum.com.tr\/ar\/wp-json\/wp\/v2\/product_brand?post=21722"},{"taxonomy":"product_cat","embeddable":true,"href":"https:\/\/tuzlahortum.com.tr\/ar\/wp-json\/wp\/v2\/product_cat?post=21722"},{"taxonomy":"product_tag","embeddable":true,"href":"https:\/\/tuzlahortum.com.tr\/ar\/wp-json\/wp\/v2\/product_tag?post=21722"}],"curies":[{"name":"\u062f\u0628\u0644\u064a\u0648 \u0628\u064a","href":"https:\/\/api.w.org\/{rel}","templated":true}]}}