{"id":21629,"date":"2025-08-11T11:19:51","date_gmt":"2025-08-11T08:19:51","guid":{"rendered":"https:\/\/tuzlahortum.com.tr\/urun\/kemi-d-10-epdm\/"},"modified":"2025-08-21T08:55:37","modified_gmt":"2025-08-21T05:55:37","slug":"kemi-d-10-epdm","status":"publish","type":"product","link":"https:\/\/tuzlahortum.com.tr\/ar\/product\/kemi-d-10-epdm\/","title":{"rendered":"KEMI D\/10 EPDM"},"content":{"rendered":"<p><!DOCTYPE html><\/p>\n<div class=\"report-container\">\n<div class=\"report-header\">\n<div class=\"standard-text\">\u0627\u0633\u0645 \u0627\u0644\u0645\u0646\u062a\u062c: KEMI D\/10 EPDM<\/div>\n<div class=\"standard-text\">\u0631\u0645\u0632 \u0627\u0644\u0645\u0646\u062a\u062c: AD611<\/div>\n<\/p><\/div>\n<div class=\"product-image-container\">\n<div class=\"key-feature\" >\n      \u0627\u0644\u062a\u0641\u0631\u064a\u063a \u0627\u0644\u0643\u064a\u0645\u064a\u0627\u0626\u064a EPDM\n      <\/div>\n<\/p><\/div>\n<div class=\"horizontal-line\"><\/div>\n<div class=\"product-details\">\n<div class=\"detail-row\">\n<div class=\"detail-label\">\u0645\u0646\u0637\u0642\u0629 \u0627\u0644\u0627\u0633\u062a\u062e\u062f\u0627\u0645<\/div>\n<div class=\"detail-value\">: \u0644\u062a\u0635\u0631\u064a\u0641 \u0645\u062c\u0645\u0648\u0639\u0629 \u0648\u0627\u0633\u0639\u0629 \u0645\u0646 \u0627\u0644\u0645\u0648\u0627\u062f \u0627\u0644\u0643\u064a\u0645\u064a\u0627\u0626\u064a\u0629 (\u0627\u0646\u0638\u0631 \u062c\u062f\u0648\u0644 \u0645\u0642\u0627\u0648\u0645\u0629 \u0627\u0644\u0645\u0648\u0627\u062f \u0627\u0644\u0643\u064a\u0645\u064a\u0627\u0626\u064a\u0629)\u060c \u0627\u0644\u0645\u064a\u0627\u0647 \u0627\u0644\u0628\u062d\u0631\u064a\u0629 \u0648\u0627\u0644\u0635\u0646\u0627\u0639\u064a\u0629.<\/div>\n<\/p><\/div>\n<div class=\"detail-row\">\n<div class=\"detail-label\">\u0627\u0644\u0637\u0628\u0642\u0629 \u0627\u0644\u0633\u0641\u0644\u0649<\/div>\n<div class=\"detail-value\">: \u0645\u0637\u0627\u0637 EPDM \u0627\u0644\u0623\u0633\u0648\u062f \u0627\u0644\u0645\u0642\u0627\u0648\u0645 \u0644\u0644\u0645\u0648\u0627\u062f \u0627\u0644\u0643\u064a\u0645\u064a\u0627\u0626\u064a\u0629.<\/div>\n<\/p><\/div>\n<div class=\"detail-row\">\n<div class=\"detail-label\">\u0637\u0628\u0642\u0629 \u0627\u0644\u062a\u0639\u0632\u064a\u0632<\/div>\n<div class=\"detail-value\">: \u0645\u0646\u0633\u0648\u062c\u0627\u062a \u0627\u0635\u0637\u0646\u0627\u0639\u064a\u0629 \u0639\u0627\u0644\u064a\u0629 \u0627\u0644\u0642\u0648\u0629 \u0648\u0623\u0633\u0644\u0627\u0643 \u0646\u062d\u0627\u0633\u064a\u0629 \u0645\u0636\u0627\u062f\u0629 \u0644\u0644\u0643\u0647\u0631\u0628\u0627\u0621 \u0627\u0644\u0633\u0627\u0643\u0646\u0629.<\/div>\n<\/p><\/div>\n<div class=\"detail-row\">\n<div class=\"detail-label\">\u0627\u0644\u0637\u0628\u0642\u0629 \u0627\u0644\u0639\u0644\u064a\u0627<\/div>\n<div class=\"detail-value\">: \u0645\u0637\u0627\u0637 EPDM \u0627\u0644\u0645\u0642\u0627\u0648\u0645 \u0644\u0644\u0639\u0648\u0627\u0645\u0644 \u0627\u0644\u062c\u0648\u064a\u0629 \u0648\u0627\u0644\u0623\u0643\u0633\u062c\u064a\u0646 \u0648\u0627\u0644\u062a\u0622\u0643\u0644.<\/div>\n<\/p><\/div>\n<\/p><\/div>\n<div class=\"datasheet_table\">\n        <img decoding=\"async\" class=\"alignnone size-full\" src=\"https:\/\/tuzlahortum.com.tr\/wp-content\/uploads\/2025\/08\/datasheet314.svg\">\n    <\/div>\n<div class=\"table-notes\">\n      \u0641\u064a \u0627\u0644\u062a\u0631\u062a\u064a\u0628: \u064a\u062c\u0628 \u062a\u062d\u062f\u064a\u062f \u0638\u0631\u0648\u0641 \u0627\u0644\u062a\u0634\u063a\u064a\u0644 \u0645\u062b\u0644 \u062e\u0635\u0627\u0626\u0635 \u0627\u0644\u0633\u0627\u0626\u0644 \u0648\u0627\u0644\u062a\u0631\u0643\u064a\u0632 \u0648\u062f\u0631\u062c\u0629 \u062d\u0631\u0627\u0631\u0629 \u0627\u0644\u062a\u0634\u063a\u064a\u0644 \u0628\u0648\u0636\u0648\u062d. \u064a\u0645\u0643\u0646 \u0625\u0646\u062a\u0627\u062c \u0642\u0637\u0631 \u0648\u0636\u063a\u0637 \u0648\u0644\u0648\u0646 \u0648\u0646\u0648\u0639 \u063a\u0644\u0627\u0641 \u0648\u0644\u0641 \u0641\u0648\u0644\u0627\u0630\u064a \u0645\u0632\u062f\u0648\u062c \u0645\u062e\u062a\u0644\u0641 \u0639\u0646\u062f \u0627\u0644\u0637\u0644\u0628.\n    <\/div>\n<div class=\"horizontal-line\"><\/div>\n<div class=\"footer\">\n<div class=\"standards-section\">\n<div class=\"standard-item\" style=\"margin-top: 9px;\">\n                  <\/div>\n<div class=\"standard-info\"><\/div>\n<\/p><\/div>\n<div class=\"temperature-section\">\n<div class=\"temp-icon\">\n          <img decoding=\"async\" src=\"data:image\/svg+xml;base64,PD94bWwgdmVyc2lvbj0iMS4wIiBlbmNvZGluZz0iVVRGLTgiPz4KPHN2ZyBpZD0ia2F0bWFuXzIiIGRhdGEtbmFtZT0ia2F0bWFuIDIiIHhtbG5zPSJodHRwOi8vd3d3LnczLm9yZy8yMDAwL3N2ZyIgdmlld0JveD0iMCAwIDcyLjI3IDE2Ljk4Ij4KICA8ZGVmcz4KICAgIDxzdHlsZT4KICAgICAgLmNscy0xIHsKICAgICAgICBzdHJva2Utd2lkdGg6IC41OXB4OwogICAgICB9CgogICAgICAuY2xzLTEsIC5jbHMtMiwgLmNscy0zLCAuY2xzLTQgewogICAgICAgIGZpbGw6IG5vbmU7CiAgICAgICAgc3Ryb2tlLW1pdGVybGltaXQ6IDMuODY7CiAgICAgIH0KCiAgICAgIC5jbHMtMSwgLmNscy0zLCAuY2xzLTQgewogICAgICAgIHN0cm9rZTogI2E3YTlhYjsKICAgICAgfQoKICAgICAgLmNscy01IHsKICAgICAgICBmaWxsOiAjYTdhOWFiOwogICAgICB9CgogICAgICAuY2xzLTIgewogICAgICAgIHN0cm9rZTogI2ZmZjsKICAgICAgfQoKICAgICAgLmNscy0zIHsKICAgICAgICBzdHJva2Utd2lkdGg6IDIuMDZweDsKICAgICAgfQoKICAgICAgLmNscy00IHsKICAgICAgICBzdHJva2Utd2lkdGg6IC4ycHg7CiAgICAgIH0KICAgIDwvc3R5bGU+CiAgPC9kZWZzPgogIDxnIGlkPSJrYXRtYW5fMSIgZGF0YS1uYW1lPSJrYXRtYW4gMSI+CiAgICA8Zz4KICAgICAgPHBhdGggY2xhc3M9ImNscy0zIiBkPSJNMTEuMzQsMTEuNTdjLS45NCwxLjcxLTIuNzEsMi42Ni00LjgsMi42Ni0zLjA1LDAtNS41MS0yLjQ3LTUuNTEtNS41MlMzLjUsMy4xOSw2LjU1LDMuMTljMS45NCwwLDMuNjUsMSw0LjYzLDIuNTIiLz4KICAgICAgPGNpcmNsZSBjbGFzcz0iY2xzLTUiIGN4PSI2LjU1IiBjeT0iOC42NiIgcj0iMi40Ii8+CiAgICAgIDxjaXJjbGUgY2xhc3M9ImNscy0yIiBjeD0iNi41NSIgY3k9IjguNjYiIHI9IjIuNCIvPgogICAgICA8bGluZSBjbGFzcz0iY2xzLTMiIHgxPSI2OC4zNCIgeTE9IjExLjc2IiB4Mj0iOS45MiIgeTI9IjExLjc2Ii8+CiAgICAgIDxsaW5lIGNsYXNzPSJjbHMtMyIgeDE9IjY4Ljc4IiB5MT0iNS41MSIgeDI9IjkuNzMiIHkyPSI1LjUxIi8+CiAgICAgIDxsaW5lIGNsYXNzPSJjbHMtMyIgeDE9IjU0LjA3IiB5MT0iOC43NSIgeDI9IjguNjQiIHkyPSI4Ljc1Ii8+CiAgICAgIDxwYXRoIGNsYXNzPSJjbHMtMyIgZD0iTTY4LjE1LDUuNTVjMS43MSwwLDMuMDksMS4zOSwzLjA5LDMuMDlzLTEuOTIsMy4wNi0zLjYyLDMuMDYiLz4KICAgICAgPHBhdGggY2xhc3M9ImNscy01IiBkPSJNNTMuOTEsOC43NWMwLS4xNC4xMi0uMjYuMjYtLjI2cy4yNy4xMi4yNy4yNi0uMTIuMjctLjI3LjI3LS4yNi0uMTItLjI2LS4yN1oiLz4KICAgICAgPHBhdGggY2xhc3M9ImNscy0zIiBkPSJNNTMuOTEsOC43NWMwLS4xNC4xMi0uMjYuMjYtLjI2cy4yNy4xMi4yNy4yNi0uMTIuMjctLjI3LjI3LS4yNi0uMTItLjI2LS4yN1oiLz4KICAgICAgPGxpbmUgY2xhc3M9ImNscy0xIiB4MT0iMzYuNDMiIHkxPSIxNi45OCIgeDI9IjM2LjQzIiB5Mj0iMTQuMjQiLz4KICAgICAgPGxpbmUgY2xhc3M9ImNscy0xIiB4MT0iMjguMDUiIHkxPSIxNi45OCIgeDI9IjI4LjA1IiB5Mj0iMTQuMjQiLz4KICAgICAgPGxpbmUgY2xhc3M9ImNscy0xIiB4MT0iMTkuNTkiIHkxPSIxNi45OCIgeDI9IjE5LjU5IiB5Mj0iMTQuMjQiLz4KICAgICAgPGxpbmUgY2xhc3M9ImNscy0xIiB4MT0iNDEuNTciIHkxPSIyLjc0IiB4Mj0iNDEuNTciLz4KICAgICAgPGxpbmUgY2xhc3M9ImNscy0xIiB4MT0iMzMuMjgiIHkxPSIyLjc0IiB4Mj0iMzMuMjgiLz4KICAgICAgPGxpbmUgY2xhc3M9ImNscy0xIiB4MT0iMjQuOTkiIHkxPSIyLjc0IiB4Mj0iMjQuOTkiLz4KICAgICAgPGxpbmUgY2xhc3M9ImNscy0xIiB4MT0iMTYuMDgiIHkxPSIyLjc0IiB4Mj0iMTYuMDgiLz4KICAgICAgPGxpbmUgY2xhc3M9ImNscy0xIiB4MT0iNDQuNjMiIHkxPSIxNi45OCIgeDI9IjQ0LjYzIiB5Mj0iMTQuMjQiLz4KICAgICAgPGxpbmUgY2xhc3M9ImNscy0xIiB4MT0iNDkuNDkiIHkxPSIyLjc0IiB4Mj0iNDkuNDkiLz4KICAgICAgPGxpbmUgY2xhc3M9ImNscy00IiB4MT0iNDAuODgiIHkxPSIxNi45OCIgeDI9IjQwLjg4IiB5Mj0iMTQuMjQiLz4KICAgICAgPGxpbmUgY2xhc3M9ImNscy00IiB4MT0iMzIuMzMiIHkxPSIxNi45OCIgeDI9IjMyLjMzIiB5Mj0iMTQuMjQiLz4KICAgICAgPGxpbmUgY2xhc3M9ImNscy00IiB4MT0iMjMuNzkiIHkxPSIxNi45OCIgeDI9IjIzLjc5IiB5Mj0iMTQuMjQiLz4KICAgICAgPGxpbmUgY2xhc3M9ImNscy00IiB4MT0iMjAuNTkiIHkxPSIyLjc0IiB4Mj0iMjAuNTkiLz4KICAgICAgPGxpbmUgY2xhc3M9ImNscy00IiB4MT0iMjkuMTMiIHkxPSIyLjc0IiB4Mj0iMjkuMTMiLz4KICAgICAgPGxpbmUgY2xhc3M9ImNscy00IiB4MT0iMzcuMTYiIHkxPSIyLjc0IiB4Mj0iMzcuMTYiLz4KICAgICAgPGxpbmUgY2xhc3M9ImNscy00IiB4MT0iNDUuNzEiIHkxPSIyLjc0IiB4Mj0iNDUuNzEiLz4KICAgIDwvZz4KICA8L2c+Cjwvc3ZnPg==\" alt=\"S\u0131cakl\u0131k\" width=\"100\" title=\"\">\n        <\/div>\n<div class=\"temp-values\">\n<div>-40 \u062f\u0631\u062c\u0629 \u0645\u0626\u0648\u064a\u0629 \/ + 120 \u062f\u0631\u062c\u0629 \u0645\u0626\u0648\u064a\u0629<\/div>\n<div>-40 \u062f\u0631\u062c\u0629 \u0641\u0647\u0631\u0646\u0647\u0627\u064a\u062a\/+248 \u062f\u0631\u062c\u0629 \u0641\u0647\u0631\u0646\u0647\u0627\u064a\u062a<\/div>\n<\/p><\/div>\n<\/p><\/div>\n<div class=\"marking-section\">\n<div class=\"detail-row\">\n<div class=\"detail-label\">\u0648\u0636\u0639 \u0627\u0644\u0639\u0644\u0627\u0645\u0627\u062a<\/div>\n<div class=\"detail-value\">: \u0634\u0631\u064a\u0637 \u0646\u0642\u0644 \u0623\u0648 \u0634\u0631\u064a\u0637 \u0646\u0642\u0644 \u0623\u0648 \u0645\u0646\u0642\u0648\u0634<\/div>\n<\/p><\/div>\n<p>                <img decoding=\"async\" src=\"data:image\/png;base64,iVBORw0KGgoAAAANSUhEUgAABf0AAAAoCAYAAABEkVAiAAAACXBIWXMAACE3AAAhNwEzWJ96AAAgAElEQVR4nO2db2wbV3runySbCHKlyb2OsajDCWolstfi2k7hvTGJJrHTNGS6EXI3FQeNDLe3MhE4TQJIXMBOgLuSPkjOB1kCIgvYGDZyKeH2GlIKUptuIG9DBVn\/y4K0u8aN7aUcW1sHMBkXhe17M\/JGtYPs9gN5RsPhzHBmOMMZSu8PMBLxz8w7Z84ZzjznPc97z2N\/su5PAfwXEARBEARBEARBEARBEARBEARRz\/z\/7wB4B8AzLgdCEARBEARBEARBEARBEARBEER1HL\/X7QgIgiAIgiAIgiAIgiAIgiAIgrAHEv0JgiAIgiAIgiAIgiAIgiAIYpnwHbcDIMzD3f9d3H9Pg9thEMSK5Obda26HQBAEQRAEQRAEQRAEQRCaWBb9OY7DoSOHEQgG7YynajLpNHZ17gQAHJ2aLImvdV2LW2HZxqr7HsSOh\/7O7TAIYkVy8+41\/OrWlNthEARBEARBEARBEARBEIQmlu19evv7PCf4rwT+9MEfuh0CQaxYLi584nYIBEEQBEEQBEEQBEEQBKGLZdHfx\/N2xkEY4KEHHsFDDzzidhgEsSK5tngR4jf\/7nYYBEEQBEEQBEEQBEEQBKGLbZ7+oihiLpu1a3OW8UIMTkFZ\/rVhW\/tGrF7bjPlzX2L+XN7tcAgP8M0f7uA3lOVPEARBEJ6F4ziIouh2GJ6G2oggCIIgvEV3LOZ2CIaYTiSQy+XKXud5Hh2C4EJE5hkbHS17rd7jr4Rtov9\/f6FdtQMQ9vDoH\/0Aq+570O0wVgQ7+54FAFz4H\/\/ociSEV7j6u1\/jm9\/fcTsMgiAIgiBUCIXD6I71YFfnThK1NeiKRhEKh6TaZwRBEARBuE93rMftEAyRSadVNV8fz9fNMaiJ5vUefyVsE\/2rFfx5nrfFMsgrKw7s5P57G7Ch6Um3w1gRbN5RKPa8ePsO8pdvmPru6rXNWL2Ws\/x9wpt8\/e1X+Pz2p26HYQqO49Dm9wMorH5aiQIItQFBuIf8ni6TThv+XpvfD44r\/I7SuK0O+TVwOd4bK+nt74OvmKk1EY+7HY5jWB0jPM+jt78PABAIBk2NS4IgCIIglg\/5onZbz5btc9ksfDwv3RPVG7WM3zbRv1o6BMGW2ZVMOr3sMlg2ND2J++9pMPWdN959Ca1bH8ZH753FP793tuz9xuYG9P3sb9DY1ID8lRsY+dt\/LPuuEX4cfFf6\/7985Qk8\/8oTWLx9B\/\/zuf9V8bt7\/+Gv4Vu\/pizG1q0+vPHuj8q2rwbbpxq3ri9g\/lweH4x+isUFY1naj231AQAunLgqvbaz71lsa98IAJrt+dKPn8KOl7eUvJa\/cgOTg59UFP\/lx1sJ5f7fSb+u+\/kzM5dUj7\/admP7\/WD0NE5MndeNYfOOFkSHCtZUlc6nF\/nNwi\/dDsEUvf196IpGpb9FUcREfFx1VjgQDOLo1KTudbM7FkN3rAdjowdLtsFer8Suzp2SuMD2l8\/lsOOpp3W\/1xWNore\/TzW2+S8K47N1XYvqd820gZJQOIxDRw4birFSHJXQa8PZVAoT8XFNYYbtWw9l25mNV61\/sLady2bx4gvtqt\/jOA7nzn8GAHhtz6uYTaWkbVVC2c\/0jjOfy2H\/wCBmUynptROnT8HH85iIx7F\/YLDsOzzP4\/jpUyWxKTk6NYlAMFgxVnk76p1Lvf6ntS9RFPFxKoWx0YOqSRV2jSW1bVq5HjA4jsOhI4dLjkkURYyNHtQVYkPhsCTayplNpfD2wGBZG1i5\/shjZP3zxRfay8TwNr8fHx6b0exD7JxptYHyc2qo9V0zyI9f7RgjgoCf9PeVPEhk0mm8tufViiJxpbbVOiduEhEE+HheGjeMUDiMoZFhcBxX8XzJrw3PPPW06vHpXY+MPH9U+v7+gUHNyRmzY4T1P9Y\/crkcZlMp2YoIEv0JgiAIYqUhv18x+szjNdg9HcdxOH76VN0J\/7WO33IhX6I2rLrvQTy66ge2b\/f5V55AY1NhImFy0F6v8samBiljXovVa5vhW7\/G1v2q7WNb+0b0\/exv4NtgbF+btxfi\/u25L9HY3IA33n1JEvy1UBP8AcC3fg2iQz9EY7O5CRs72da+EW+8+yNTMZhptycqtA0AbNpuTRD1AjfvXsO\/\/ccVt8MwzIGR4RKxGygIXN2xHinDzwv4eF7KQNUiIkQsbbvaNggEA1KMvIvZD6FwGEenJhHxmL9gJp0BUJptqkR+bp3MJvXxfJnAPB4fBwBNX8bnwmEABdHVquBqFtb\/DowMm\/pOhyDg58dmdMeKk2PJLBzHqT48cByH3v4+Tb9SNtGmlm0UCofx82Mzto4DURSlDCe1Mc5e02pX+Qoiq7C+a+W4DowM64rygWBQErqVrx86ctj0\/pSwa5OXHrBYe0zExyXxOyIIOHTksOE42bVBa+m607BJN7V+Z9cYebs4iRUIBuvyIZ8gCIIgiOqQ37+y57p6gx1Dva5krXX8nsn0J9Rxonhv61afJFJ\/9N5ZzUz0W9cXcOv6gqV9bNreUpItr2R75+OWtqtFwU7nZslrvg0PobGpAY1NDYgO\/RCDf\/UPutso2PM0AwAunLwK3\/o1FVc8NDY3SG25ePsOThaz3h\/b6kPr1oexem0zNm9vwZmZS4aOY\/7cl7rva52P\/JUbWFy4q3o8vvVr8PwrT+CDd06Xfa\/advOtX4PVa5s142psbqg4aeJlLtZR8d6IIEhCpyiKmE4kABTET47j0BWNYjY1a7sIm8\/ldAUSrazSiBDB\/gH1HznegJCpvs3q2yBUFH6AgghUC5sIZRvKbTl+UszQ1mpjvWNx4iZCvr82v191\/0xMUrOeqHRzkzdxnGw\/B0aGpWz36UQCvcUM51A4XCbs747uBgAkE0nNGBhW7GXUxgObIOkQBCQTSdVjUe6L2eNwHIcDI8OaqyoAZ8aSFXr7+6R95XM5JBNJ8LxPGpPdsR7VAmDyybjC+3kAhQm4QDCoW3jU6vUnl8tJEybKPsKOQU0U5TiuxFrFCGr9iG37J\/19mE2lTPWzSoXGuop9nF0DRXFBastAMIg2v99Q7Jl0uuRhkOOaEQqH4Sv2za5o1JKvqN20+f2SGC6\/XneYnOxi14ZpA9cGrTFsFLXVJ+w60dvfV7ZioJoxIkee7R8RImTxQxAEQRArjA5BkO7vIkIEY6MHpfuJeqE71gNRFKV7p7HRg4gIkbqxK6p1\/LaJ\/gdGhqWbUCMsPYyo36QqHzaMoiUY1CMPPfAIHnrgEdu3ywrV3rq+gBPva1uznJ25pGplY4TNO1owWb4qful9m7O\/85dv4qevf1DyWmNzA16KPYlt7Rul7HU98Z2tTigI6Eu2NifeP6+ayQ+UHsdPX\/8n2QTKWfT97G+xem0zNu0wLvorj8EoH7zzKebPlY6\/wkqFH8G3fg22tX9PVfS3q920LH7sPs+15NriRYjf\/LvbYRiGCT35XA4vvtAuXVuTiaSUldkV3W37Q34ykbQk\/ITCYVXrDGAp49Is1baBsrZMIBioieiv1oYRQZCydbuiuzXbqtZ2dky0b\/P7NX2h2WoJLWHMSsxq32G2NUy8ZeIqE7VC4VCJoCsXB9mEkB77BwZNjxe1c8lxHD48NgMfz2sKbWr7OjAyjA5BQJvfrzqBwXBiLJmFTWoABbuR1\/a8Kr03Hh+Xxl93rAdv7t0nvcdEZEDbpuY5xXmUY\/X6k0lnigJ4W9l7rP8CKBPI5R75RrPB1c4tsxBik1NJA\/1RznQiAR\/Pqz6gsYnLtwcGS7bLrK9C4bBB0T9T1rb7Bwal1RyhcMgToj9byaI2eTKXzSKTTpet\/lIivzYYWQFU7XVX73oWCAbB87zUv6odI0qmE0mEwuHitWFfxc8TBEEQBLF8YFacQKnVKbtPrAfa\/H7JNnbrlsclbZnZNHqdWsdvm+hfKfNIjVA4pHnjrPawsdJwIsv\/L195Qspmnxz8xLDXvVkamxo0xWLfhjVSDE6yuHAHk4OfoHWrD6vXNuOJCuI18\/O\/WFyhsHj7DuJv\/QIXTlzVFP3ZceSv3ChbMXF25lKJjVKtWVy4g4\/eO1uwGGpqQOtWX9nEgNb3zLTb9pcf1xT9N1WwefIq3\/zhDn5TR1n+8szwsdGDJcLHXDaLtwcGMTQyXJLF7jZyoVaJFTsSO9qACWhLorF77ZVMJBAIBtAhCLqirhtk0umi6B9QfZ+1o9NLRificXTHesBxHALBoNSXmKjVIQjYPzAo9QXWr2pt3yGKIsbj45KgZ5Q39+5DIBgsCrXaop7dY8kK8rHy1t5SIXEum8V0IoGuaLTs+NmYLSR6lE+GJBMJ04K4EVhbqdn7yFdG8DyvKvpXu4pmLpuVrjOBYMDUMb61dx+SiYRqjQz58Sj7y2wqha5oFDzvsx44ChY6bMWAF2B96uPUbMnr04kkkomEpq2UHL2Jg1qhvJ7lin3C7jHCjpH9ZtbjsniCIAiCIAjCGJY9\/e24Ka6nJSS15tE\/+gFW3fegrdtcvbZZKt564v3zhgTgatASfLdrCOhOcbYoWPs2PKT7OZaVfuFkQfTPX76ha1EkR2mtI6cWExxayOM3G4fRdlu9tlnV+59ZG9UjV3\/3a3zze2cmxJxALr6oPfwnEwlJMPCKUAOoC5JW7UjsaIPnwiEABfGICSFu\/k4xCxqvZV3Iff2V1MrPn8HOk9y3ezaVklb9ycVolpxgxL7DblicZs+l0T5g51iyAosvk06r3h9WOo5ae4qySR9l+\/BFSyVG+fsFwdwOoXQuOwfASp\/QFnjl2yq31lqwtD8lle7\/eZ5HRBDQFY3q9j+5rzzHcYgIAiJFKzYzyEVxOWaEcHadUE4c1Bq964SdY8QLv28EQRAEQbjL0Mgwevv7cHRqErOpFHZ17jS0GtpLfHhsBt2xGI5OTeKtvfuwq3NnXSU01CJ+y6K\/0w\/N3bEezH9x1fQ\/tcyneuP+exuwoelJ27e7s+8vABRsfT6yaNtjhMXbBbF08\/YW1QKyzEaHfc5p8lcKGfh6GfetxSz\/gse9eo0Dq7gp+ssxG4eRdmPnUK2gb63Ps118\/e1X+Pz2p26HYQqW3an3A7Grc6fnfgTVMunlhVbNYEcbLGWoL2VUhooTAW4gF7G8JM6wuOSrKxh6fv61hGU5s4mcUDgs+V47kTnuFKytK51\/O8eSFZhNjtbYkr+udixqNjtOopa9L\/9\/1mbK1SxLmf5zTofoedTGd29\/H46fPiU9RH54bEaz6O\/RqUnpvaNTkxgaGcbQyDCOnz5luIg660uVajvoYdbaByj83vT296G3v69mxdbtHCNsAsFf43FHEARBEIR3YDXvAsGgZEfppdXlRvDxPLpjPcjlclKS39joQbfDMkwt4rcs+s+mUnjxhXZJRDH6z0uCk1fZ0PQk7r\/HXkuYHZ1bpKK0Ttr6AAWfeFbYVZnpvXlHCxqbGnDr+kJZAVmn0MvCZ7BVCUYz++sFudBfqUiwEiPtxtpLLaOfTQTUW5v+ZuGXbodgGiZYuCmymoFlA\/tUMpHlNgtmqLYNWDFEJh7NFjM+vSS2ewV5MV5l+zARqRZZ\/swGAygXtifi4wAKYjhftMcBgI9N9iu7MJu9bBQnxpIV2PGxbHKjsPEaCodrvgqJ9VG\/iujPViYoY2J\/22EPxXHeSAgwCxtLyjHeHYupeucHgkEMjQxrbu\/QkcNl7Wz0Os4mB6o5H1asfX5+bAZd0Si6olEMjQxL3rjVonadcGKMWF15RBAEQRDE8oTdY9Trs698ta6WBa2XcTJ+y6I\/sFQgy8y\/ehGl3GLVfQ\/i0VU\/sHWbjc0Nkq1PrWAWOds7S618NiksdLwCmxD5rUlh3Otsk2Xg37pu\/9i7WDyPq9c2S5n97G\/f+jUln6kHbt69hn\/7jytuh7EiYOKr3JaE2ZEUirHW1mZBnuUv\/2+b3++YYFvPLAmmpZmiS5n+zmZCcxyH3v6+sngYuVxOeq1DECRrn\/HiZECt6ZDVE7Abr40lM8gnYT48NoMDxbobtRhzbKJIWbwbWFrtw3GcJCzLb8arPY+sgG9hW7W1NjIKz\/skC55C4d4wDowMS8L+hGIsTcTjUv0GlujDloizyTc1AsEgxkYPSsXkJuLjhp8V2LmrZjWL0tonEAyiOxbTzeBX9s9QOFx1xn+b369qVeTEGGHtS79tBEEQBOEt5rJZbN3yOLZueRz5XA7TiQRa17XgxRfaIYoiXtvzKlrXtUgZ+S++0I7WdS2YTiQgiiKeeepptK5rkexO2bbYPRrbFlCog9e6rgWv7XlVWp05NDJcsg0rKPfz1t59aF3Xgrf27qsYYyadLjn+2VSq5PjZttjx7+rcKW3r+OlT+PDYDNr8\/pJtrLT4ldhWyNdurC7VrfeVBN\/n\/tz2be7se7bEomV75xZDfv7Pv\/KE5mTB\/Lkv8dPXP9D87smpz7Dj5S3wrS8U7b11fQGNzQ2SCH125hJ8sadMHokzyAVqp+scVOKd9Oua7\/309X\/SjE\/Nd79168PS+Zs\/96W0+sJOFhfu4szMJWxr34hN21ukrP7tnY8DKEzuGFkx4BXqzdbHLgLBIOa\/sDY50x3rQXesR\/W9XZ07NcWx2dRsWZHa5yTxpfbZ2EvZq0sCXCadlsQur1rCaJ23TDqNXZ07HdtvJp0pK8zK83yJt7saen1tbPQgxkZHVd\/T659ahXmnE8migFfon3PZrKl7BD27wNZ16vVKmFAqh\/UhAI4I8HaPpWquB2bJ5XKYiMclIVk+QcMEYD2B3er1BwCy2Tl0oDSbRl6ody6blQrW5nI5qW+bvc9Uy87uiu42bSlTa+TnQk4+l5OWgMsRRVF6OGKwa6iP50uK08qRj3urbZHLWbt3C4XDZeeBXTMy6bTmdX8um8X+gUFwHIfuWA\/a\/H50x3oM\/04orxFsO0ChHeVtW+0YUYOJ\/l6q8UMQBEEQROG+nv1OJxNJ6Tee3Zuy+5WPUymEwiHpvjSZSMLH89IzUaFG3Zy0rdnUbMm25Ha28nsg+XPVdCKpaiFaCbZilu2H3R8lEwl0CBHdGIGl+5TCd5e2NZfNStuaiMfR298nO4ZZdEWj4Px+jI0elG0zpboSdTnHr8Szon8ykdR8+F+uPPTAI\/jjhvW2bvOxrT4piz1\/5QZ869dg8\/YWSYh3ilvXF5b2t6MFJ6bOSxYwBWsfe33zq4H5+eev3HC0TZzkpQoTKE7WcLh48iq2tW\/E5h0tmCxawLFzfbGOrH2uLV7EzbvX3A5jxcBmxpktyVw2K7NZqG1mstybXi46ZdKZYpZrwLOiv1uwGxQfz4Mv3mDK\/dDtsD8xQj6Xw2t7XlV9bzaVwk\/EPimbNVmDAr5aQilQuAF0ojiWl8aSFdhEhfKGNhQOIxQOYzqRwJt799m+X\/aQpMzkz+dyRQurwmqVNr8fs6mUJNSa7dvyFSlKMul03SWrNHOcqQzxTDqNDkHQKeLsvBWYFmyyl2XHVYLF+tbefSX94NCRw\/AV+4+R7ehNKCpXUAD2j5F663MEQRAEsVKICBHpeSEiRNDmb8NcNos2vx+BYBBd0Sgm4nF0CIK0GpPd+7PPzGWzeC4cgt\/vl626DJVtKyIUVkZ3RaOSfat8Gx2yVcRm6IruLtlWdyyGsdFRdMdiFWMEIP0dCAbRzHHStgpJFkvbKrSRgNlUChEhIt3Dh8KhktWmKy1+JZ4V\/Vcim7hnbd8mE\/xPvH8eZ2cuYe\/\/\/msAhSz+ycFPdL976\/qCpgjOirzqwbL5t7\/8OE5MnV\/yzfeY3QuLy6znvRPoxWClIO7i7Tv44J1PHV3BcOHEVSzevoPGpsJKjvyVG1ItgQsnr0qrKLzMN3+4g8u3f+V2GK4h92hXIs\/eVkNP4K0kfrCZ64gQwURclNmRpMoyIZ1Eq\/hsQeDpKWZN2y862oGWYOa0qCOKYonQnMvlSqxR9L6nFZve8kX5Npnl0lw2i12dOzX7mSiK+DiVkkR4s4K7ncWI87kc\/n7Pq45ZHNo5lqq5Hlhl\/8AgxkYPSpNs8gzsDkHAbGpWNQu8muuP0tecTVpli6+z\/7J+zfO+4vfssa7KpNOaE1ZeYDqRKJsoYxntQyPDUv9SYraPuCn6P2dyBY7a6il5G7T5\/VUdz0Q8rpnwZHWMEARBEARRP\/h4HsdPnyr5O3R+Sfjt7e8rSShRJhIo\/5Zvq83vL9mWPFnpxRfaMZfNoisa1U1OMEIoHC7Zj3Jlrl6Myr+Vx6\/c1tDIMIYwjHwuJ1noHDpyuGybKyl+Jbqivzz70S6MZgepLZE3gt4DYDUiktOZi480bgL3ne86su1b1xfw0XtnsbhwB\/PnvkTr1oexrX0jPnrvrG5m+9mZS\/jnKjLEL5y4ipdiT0l+7yz7++TUZ5a36QRsYsQLWel6lkl6nJm5hP+nOJe3ri8U7XWcK9rMuHCikO2\/aUcLHiu255mZSzXZtx1c\/d2v8fW3X7kdhmsw8VSN7lhM0z4DqG5VVjKRRFc0ilA4LNkzuGvtUyrWsL\/Zb6EXsyOdtPCpBMvgDQQDJeKynke5Xl\/TQ\/6drmgUvf19hoTFZCKJDkGwVFNIzcKkEoWlsqXHz\/wcnaxpZOdYquZ6UA1MRJ5NpbB\/YBCBYBCHjhwGx3HoECKqgmY11x\/5xBWz8QGW+i8b7+z1StZVWkwnEmX2M\/Ll2V4ll8urXhMXRBFDI8PojvWUCd69\/X11UwCO+eJrTV44ydjowbLXZlOpir8xVsaIGuTlTxAEQRCEHHYP4sXnXSPkilnyQCFBx44M+VriZPy6on+b31\/1LI9V9JbI66HnCVzNsehtt1ruv7cB33cgy58xOfiJJL5+9N5ZtL77IwDGsv2rgYnOm7e3YGdf4fi8ZqHTutWHxqYGLN6+47qffzWcnfnc1fhPvn++YPGzvUVakVAvBXy\/\/vYr\/OvX\/+J2GCuSuWxWEt2YkOiGHQkTqULhcNlEtyiK4DhOWsZHLJFJZ6SlpQBkoqmzmbvTiQR6+\/ukYqhesl7KpDOuWBN6ZSzZSSadxtsDgxgaGXZMSM5ms5JFFcvol49z5knPFycGAPNFY+V+rMuB2VQKQxiWVtywB5R6EvyBpcleNyaa7bpGWB0j7Frt5EQkQRAEQRDeJpNOY2z0IELhELpjsaLVz263wzLFRDxe9MPfjYggSPY49UIt4id7Hw\/w6Kr\/hvvvaaj8QQucmblUIgbPn8ubyvavlosnCqI\/KyR8duaSY\/vSQq3ILaMW1j5WbHm8gF67KclfLkzmrF7bLE2iXPDAygkjXL79K3zz+\/o8RwxmQ6O3Mov5xhWyTmvjt24EZkvCMg+timNW26DN75cyeH06thShcAgT8bil2KzCy2IxKzTWAnaumLchUBs\/f+aN3yEI6Iru9pTobzesDxg5\/3aNJSuw+hdt\/jbV9632ZdaXnMpMZpk0TPgHStuNFfNlNjCiKHrq+ukGcqGY2dnIrwH7BwZLJk4iQsRSEo8ZtPqdHuyc5nJ5RUHygo2Tl1d4yalmjHj92AiCIAiCcI6x0YNSQd\/5L64CcGY1r5OwukdAdUneblGL+O91ZKsGecuBwmz1xqr7HsSGpj9zbPtKyxegtKjrtvaNju0bKPfvd0MIfkxWqFdJLax98pdvOrZtJ9FrNzXk57peBP+bd6\/h2uJFt8OoGibCaFmyMR9mp2w5qkHuGV2NBYrVNjCaHRkIBmtuiSCPzYtCYy6XkwRc1q61EppZFjsrirRcYdnnRs6\/XWPJCmxffo1z4dW+zETPUDgEH8+XiaDMv59l3HhdJDVyzqvtF2rXQflE00Q8Lj1AZtLpMmsjO5FbsJmFfac71oOjU5PSPzZBweyKGKz4WsThCYxasJyvmQRBEARBGIMlvPAO1OuqFfV+DLWIXzfTP5\/LqfpO2oEy27SwtKT67coFh+lEUtdb2Op27eT73J87sl095s\/lkb9yA771a7C9cwtOvH\/eMe\/1xYU7ODNzSSrwWmtrn9atPqmWgDKbf\/XaZqnIrFVrHJbF37r1YTQ2N5S048MbvF\/AVgu9dtPi5NRn2PHyFgD1Y+3z+e1P3Q7BFljBUY7j0B3rKSsOyQTZWmRhm0VuS\/JxFXYkVtuAiaoT8XjJTLucc+c\/kyx+auX9zI4DgKe9v5d8\/Sv7+dvJbCol9Zvd0d14cxkmEbT5\/ZIAacSqx66xZAV2j+TjeXRFo2WrYthSYWVfDgSDiAgRzfMXESIl27cbpW+\/UtRfKuYbVH3fa8jjC4XDJe29NHFRXSFieda+2+3BJjBqYSvErsnMV19t3060hxNjhK1mqNX1miAIgiAIbzCXzWL\/wCA4jsPQyDA6hEjdJQNMJxJIJpJo8\/vx82Mz0srceqHW8euK\/rlcrmbetCwjyE68vuT\/oQcewR83rHdl3yenzmNn37NobGrAjpe3qBbs\/a9rm9FazPbWwohYfnbmc6xey+Hk+84V8G1sfqAs1k07WiQRGigvINwqy2S3OhkhF8Rfij0p2SXt6NwiieZGM+XlMWlx67po68SJlXbTjm0BZ2YuobG5oS4y\/a8tXsTNu9fcDsM2phMJqZDngZFhjMfHARTEblYIxolJ3EpF15kYr8d4fByhcKhqcdtKG7DX9cSPTDqNUDgsFaxVonf8oihWFIKUbcgXfdmZ1dC0LIPbjn1XG68c5uu\/9Lf+7zibPNHCzMQUs7N5LhwGxw3antle6QbYznsW5b4CwaAklIuiaNh33K6xZJa5bBZz2WxJdjTrR92xJdst5WTEgZFhyVZrIj4uFVzmeb6ktpPW+Kz2+qPsa1mFIK6V+S8nEAwiEAzach8bEQT4eL4qGzZ2HrpjPZjLZpHL5dAVjWpObGih1rbyfqnWtkqf\/8J3ApaOwwjyYzFrxaNVrJrZEbGHYgbrmxzHobe\/T3pgZv09LyvAZifVjhE1rNanIAiCIAiivmGWPgDQld1dV2I5Y\/9A4bkvk07XXU0poPbxk6e\/i21Hk6MAAAW0SURBVGxysHhvJc7MXMLzrzyB1WubNbP9t7VvrGj\/8+PguxX3NX8uj\/nXnS0y61u\/Bm8UCxSr8cHo6TKx3A4\/\/\/zlGyU1EtTay6hoDkD3GICCNZPaBI1VrLSbHk4WhraTb\/5wB5dv\/8rtMGxlbPQgOgQBHMepFkKfy2YdmQitVHR9V+fOikLYRDxui1++2TZggj+gn02fSWcQCocRCodVVwPo+e9l0mlNcYmh14azqZRubFb2XW28ys8zjAj2bX6\/7v7HRg8aTjaYiI9LHvZOFPSVW3uo0bqupSb7Ghs9aFgAtmssWWH\/wKB0btWORzn+mDjsw5JwroYoiprHZMf1hxXrZTHqva92HgLBILpjPRgbrX4iqEOISBMIVkX\/ifg4hkYKhXaPnz5V8h7LUjcWi37byidQ5YL48dOnpHbkdeqk2AU7P2aLrWudK3au1SZAJ+Lj6I71qLYNm2S2EzvGiNo2a1V0nSAIgiAIb9EhRDCbSoHjuLq1xOkQBEzE43W3QoFR6\/hd9fRfyTzSuAncd77ragzM259l+y9HFm\/fweTgJzgxdb7sPbv8\/D8YPa1ZrHdy8JOaWxrZgV67LQeu\/u7X+Prbr9wOw1ZEUcSuzp2qmYZz2awpIbdeMdsGLAPViCgIoKTYZy2YiMc9X\/tG7uufrbHVRy6Xk0S5jqLFxXJCFEXsHxh0TcQ3Syad1uyvauOPjVc9ETqfy2mOabuQC7tq14JK73uNZCKh2qaiKNp2PXlr776yfbxdnBBlq3kCwaBqnQS7YdZXkRpcAybicdXjmU2lHBmnTowRNlnBVoEQBEEQBLFyCIXDmP\/iKs6d\/8zxxAyn6O3vw\/wXV\/HhsRm3Q7FErePXzfTvjsU8WfjRDcxmP+px\/70N+L7DWf5nZy7ht+fyulnsZ2YuYfXaZgAoEa3Zd80yf+5LoGhvU02Mt66LJcWGjexTjfyVQha+Wr2C1q0+NDY1YPH2HUMWRSwetfbMX76Bwb\/6P9jW\/j08Vtxu\/soNnJz6zFBbmD5elbhuXTcniFhtNyv7NXN8teDrb7\/Cv379L26H4Qhz2SyeeeppdAgCQuFQcdlYBtOJhKogwOq26C3xZ\/VWlGKX0Tos8m0b2Z+Rz+rZFJlpg7nsXMkSR71tqu3TiF2SkbZVwuxc9AQZK\/s2+x2j52ts9CB8PK\/bjkZrBCm3Uek7+wcGK9oFGe1zDCv1gLTGidV95XM53WK8do0ls5+rdJzJRAKZdBpd0d1o8\/uLfXlWcxWGKIp4bc+raPP7JQstFksmndFsAyvXHy1mU7MQxQXNz7L3tc6FVpuwc2ul7xn5jt5nX9vzKiKCgOfCIXAch7lsFhPxcUMir17b6l2bkkVLolA4hDa\/H\/lcTiouzVYvyLHLbu7jVAq9\/X1o8\/tV92N2bLLPq7UrE+Hlvy96\/VuJlWO2Oka0+sfuoj1TUsc2jiAIgiAIglge3PPYn6z7JYBn1N4k0X8JO0X\/7zU9iQ1Nf2bLtghrvPTjp7Dj5S24cPIq4m\/+wu1wiBryf7\/6Ba4tXnQ7DIIgCIIgbODQkcMIhcO23qsvR0LhMA4dOQwAeOappynTnyAIgiAIYnlznOx9asyq+x4kwd8D2GXtQ9QXN+9eI8GfIAiCIJYRE0U\/fT3fe2Kp1kY1haIJgiAIgiCI+kHX3qewdNT7\/qW1wC5PUhL83Wf12mb41q8BAEPWPsTy4fPbn7odAkEQBEEQNpJJp6WCvjzPw5w518qA4zg0FwsD22WtRBAEQRAEQXgbXXsfgliO8DyPDkGAKIp1UyCRIAiCIAiCUIfd242NGij2sEJhdQ\/o3pcgCIIgCGJFcJxEf4IgCIIgCIIgCIIgCIIgCIJYHpCnP0EQBEEQBEEQBEEQBEEQBEEsF0j0JwiCIAiCIAiCIAiCIAiCIIhlAon+BEEQBEEQBEEQBEEQBEEQBLFM+E+ccirsosMi5AAAAABJRU5ErkJggg==\" alt=\"Markalama G\u00f6rseli\" class=\"marking-image\" title=\"\">\n              <\/div>\n<div>\n<table cellpadding=\"0\" cellspacing=\"0\" style=\"width: 100%\">\n<tr>\n<td style=\"width: 120px;font-weight: bold;\">\n            \u0646\u0648\u0631\u0645\n          <\/td>\n<td style=\"width: 400px;text-align: left;\">\n                    ISO 1307\n                    <\/td>\n<td style=\"width: 120px;font-weight: bold\">\n            \u0644\u0648\u0646\n          <\/td>\n<td style=\"width: 400px;\">\n<div class = \"color-icons\">\n                                          <img decoding=\"async\" src=\"data:image\/svg+xml;base64,PHN2ZyB2aWV3Qm94PSIwIDAgMTAwIDEwMCIgeG1sbnM9Imh0dHA6Ly93d3cudzMub3JnLzIwMDAvc3ZnIj4KICA8Y2lyY2xlIGN4PSI1MCIgY3k9IjUwIiByPSI0OSIgZmlsbD0iIzAwMDAwMCIgc3Ryb2tlPSJibGFjayIgc3Ryb2tlLXdpZHRoPSIwLjUiLz4KICA8Y2lyY2xlIGN4PSI1MCIgY3k9IjUwIiByPSIzOCIgZmlsbD0id2hpdGUiIHN0cm9rZT0iYmxhY2siIHN0cm9rZS13aWR0aD0iMC41Ii8+CiAgPGNpcmNsZSBjeD0iNTAiIGN5PSI1MCIgcj0iMzMiIGZpbGw9IiMwMDAwMDAiIHN0cm9rZT0iYmxhY2siIHN0cm9rZS13aWR0aD0iMC41Ii8+CiAgPGNpcmNsZSBjeD0iNTAiIGN5PSI1MCIgcj0iMjIiIGZpbGw9IndoaXRlIiBzdHJva2U9ImJsYWNrIiBzdHJva2Utd2lkdGg9IjAuNSIvPgo8L3N2Zz4=\" alt=\"\" title=\"\">\n                                      <\/div>\n<\/td>\n<\/tr>\n<\/table><\/div>\n<\/p><\/div>\n<\/p><\/div>","protected":false},"excerpt":{"rendered":"<p>\u00dcr\u00fcn Ad\u0131: KEMI D\/10 EPDM \u00dcr\u00fcn Kodu: AD611 Kimyasal Tahliyesi EPDM Kullanim Alan\u0131 : Geni\u015f Kimyasal Yelpazesinin Tahliyesi \u0130\u00e7in (Kimyasal Diren\u00e7 Tablosuna Bak\u0131n\u0131z), Deniz ve End\u00fcstriyel Su. Alt Katman : Kimyasal Dayan\u0131ml\u0131 Siyah EPDM Kau\u00e7uk. Takviye Katman\u0131 : Y\u00fcksek Mukavemetli Sentetik Tekstil ve Antistatik Bak\u0131r Tel. \u00dcst Katman : Hava, Oksijen ve A\u015f\u0131nmaya Dayan\u0131kl\u0131 EPDM [&#8230;]\n","protected":false},"featured_media":22425,"comment_status":"open","ping_status":"closed","template":"","meta":{"jetpack_post_was_ever_published":false},"product_brand":[],"product_cat":[2366],"product_tag":[],"class_list":{"0":"post-21629","1":"product","2":"type-product","3":"status-publish","4":"has-post-thumbnail","6":"product_cat-sel_kimyasal_hortumlar","8":"first","9":"instock","10":"taxable","11":"shipping-taxable","12":"product-type-simple"},"jetpack-related-posts":[],"jetpack_sharing_enabled":true,"jetpack_likes_enabled":true,"_links":{"self":[{"href":"https:\/\/tuzlahortum.com.tr\/ar\/wp-json\/wp\/v2\/product\/21629","targetHints":{"allow":["GET"]}}],"collection":[{"href":"https:\/\/tuzlahortum.com.tr\/ar\/wp-json\/wp\/v2\/product"}],"about":[{"href":"https:\/\/tuzlahortum.com.tr\/ar\/wp-json\/wp\/v2\/types\/product"}],"replies":[{"embeddable":true,"href":"https:\/\/tuzlahortum.com.tr\/ar\/wp-json\/wp\/v2\/comments?post=21629"}],"wp:featuredmedia":[{"embeddable":true,"href":"https:\/\/tuzlahortum.com.tr\/ar\/wp-json\/wp\/v2\/media\/22425"}],"wp:attachment":[{"href":"https:\/\/tuzlahortum.com.tr\/ar\/wp-json\/wp\/v2\/media?parent=21629"}],"wp:term":[{"taxonomy":"product_brand","embeddable":true,"href":"https:\/\/tuzlahortum.com.tr\/ar\/wp-json\/wp\/v2\/product_brand?post=21629"},{"taxonomy":"product_cat","embeddable":true,"href":"https:\/\/tuzlahortum.com.tr\/ar\/wp-json\/wp\/v2\/product_cat?post=21629"},{"taxonomy":"product_tag","embeddable":true,"href":"https:\/\/tuzlahortum.com.tr\/ar\/wp-json\/wp\/v2\/product_tag?post=21629"}],"curies":[{"name":"\u062f\u0628\u0644\u064a\u0648 \u0628\u064a","href":"https:\/\/api.w.org\/{rel}","templated":true}]}}