{"id":21602,"date":"2025-08-11T11:17:06","date_gmt":"2025-08-11T08:17:06","guid":{"rendered":"https:\/\/tuzlahortum.com.tr\/urun\/cotton-oil-b\/"},"modified":"2025-08-20T15:38:03","modified_gmt":"2025-08-20T12:38:03","slug":"cotton-oil-b","status":"publish","type":"product","link":"https:\/\/tuzlahortum.com.tr\/ar\/product\/cotton-oil-b\/","title":{"rendered":"\u0632\u064a\u062a \u0627\u0644\u0642\u0637\u0646 - \u0628"},"content":{"rendered":"<p>&nbsp;<\/p>\n<div class=\"report-container\">\n<div class=\"report-header\">\n<div class=\"standard-text\">\u0627\u0633\u0645 \u0627\u0644\u0645\u0646\u062a\u062c: \u0632\u064a\u062a \u0627\u0644\u0642\u0637\u0646 - B<\/div>\n<div class=\"standard-text\">\u0631\u0645\u0632 \u0627\u0644\u0645\u0646\u062a\u062c: OETB471<\/div>\n<\/div>\n<div class=\"product-image-container\">\n<div class=\"key-feature\">\u0628\u0646\u0632\u064a\u0646\/\u0632\u064a\u062a DIN 73379 \u0645\u0646 \u0627\u0644\u0646\u0648\u0639 B<\/div>\n<\/div>\n<div class=\"horizontal-line\"><\/div>\n<div class=\"product-details\">\n<div class=\"detail-row\">\n<div class=\"detail-label\">\u0645\u0646\u0637\u0642\u0629 \u0627\u0644\u0627\u0633\u062a\u062e\u062f\u0627\u0645<\/div>\n<div class=\"detail-value\">: \u0644\u0644\u062a\u0633\u0644\u064a\u0645: \u0627\u0644\u062f\u064a\u0632\u0644\u060c \u0632\u064a\u062a \u0627\u0644\u0648\u0642\u0648\u062f\u060c \u0627\u0644\u0628\u0646\u0632\u064a\u0646\u060c \u0625\u0644\u062e.<\/div>\n<\/div>\n<div class=\"detail-row\">\n<div class=\"detail-label\">\u0627\u0644\u0637\u0628\u0642\u0629 \u0627\u0644\u0633\u0641\u0644\u0649<\/div>\n<div class=\"detail-value\">: \u0645\u0637\u0627\u0637 NBR \u0627\u0644\u0645\u0642\u0627\u0648\u0645 \u0644\u0644\u0632\u064a\u062a \u0648\u0627\u0644\u0648\u0642\u0648\u062f.<\/div>\n<\/div>\n<div class=\"detail-row\">\n<div class=\"detail-label\">\u0627\u0644\u0637\u0628\u0642\u0629 \u0627\u0644\u0639\u0644\u064a\u0627<\/div>\n<div class=\"detail-value\">: \u0646\u0633\u064a\u062c \u0645\u0636\u0641\u0631<\/div>\n<\/div>\n<\/div>\n<div class=\"datasheet_table\"><img decoding=\"async\" class=\"alignnone size-full\" src=\"https:\/\/tuzlahortum.com.tr\/wp-content\/uploads\/2025\/08\/datasheet305.svg\" alt=\"\" title=\"\"><\/div>\n<div class=\"table-notes\"><\/div>\n<div class=\"horizontal-line\"><\/div>\n<div class=\"footer\">\n<div class=\"standards-section\">\n<div class=\"standard-item\" style=\"margin-top: 9px;\"><\/div>\n<div class=\"standard-info\"><\/div>\n<\/div>\n<div class=\"temperature-section\">\n<div class=\"temp-icon\"><img decoding=\"async\" src=\"data:image\/svg+xml;base64,PD94bWwgdmVyc2lvbj0iMS4wIiBlbmNvZGluZz0iVVRGLTgiPz4KPHN2ZyBpZD0ia2F0bWFuXzIiIGRhdGEtbmFtZT0ia2F0bWFuIDIiIHhtbG5zPSJodHRwOi8vd3d3LnczLm9yZy8yMDAwL3N2ZyIgdmlld0JveD0iMCAwIDcyLjI3IDE2Ljk4Ij4KICA8ZGVmcz4KICAgIDxzdHlsZT4KICAgICAgLmNscy0xIHsKICAgICAgICBzdHJva2Utd2lkdGg6IC41OXB4OwogICAgICB9CgogICAgICAuY2xzLTEsIC5jbHMtMiwgLmNscy0zLCAuY2xzLTQgewogICAgICAgIGZpbGw6IG5vbmU7CiAgICAgICAgc3Ryb2tlLW1pdGVybGltaXQ6IDMuODY7CiAgICAgIH0KCiAgICAgIC5jbHMtMSwgLmNscy0zLCAuY2xzLTQgewogICAgICAgIHN0cm9rZTogI2E3YTlhYjsKICAgICAgfQoKICAgICAgLmNscy01IHsKICAgICAgICBmaWxsOiAjYTdhOWFiOwogICAgICB9CgogICAgICAuY2xzLTIgewogICAgICAgIHN0cm9rZTogI2ZmZjsKICAgICAgfQoKICAgICAgLmNscy0zIHsKICAgICAgICBzdHJva2Utd2lkdGg6IDIuMDZweDsKICAgICAgfQoKICAgICAgLmNscy00IHsKICAgICAgICBzdHJva2Utd2lkdGg6IC4ycHg7CiAgICAgIH0KICAgIDwvc3R5bGU+CiAgPC9kZWZzPgogIDxnIGlkPSJrYXRtYW5fMSIgZGF0YS1uYW1lPSJrYXRtYW4gMSI+CiAgICA8Zz4KICAgICAgPHBhdGggY2xhc3M9ImNscy0zIiBkPSJNMTEuMzQsMTEuNTdjLS45NCwxLjcxLTIuNzEsMi42Ni00LjgsMi42Ni0zLjA1LDAtNS41MS0yLjQ3LTUuNTEtNS41MlMzLjUsMy4xOSw2LjU1LDMuMTljMS45NCwwLDMuNjUsMSw0LjYzLDIuNTIiLz4KICAgICAgPGNpcmNsZSBjbGFzcz0iY2xzLTUiIGN4PSI2LjU1IiBjeT0iOC42NiIgcj0iMi40Ii8+CiAgICAgIDxjaXJjbGUgY2xhc3M9ImNscy0yIiBjeD0iNi41NSIgY3k9IjguNjYiIHI9IjIuNCIvPgogICAgICA8bGluZSBjbGFzcz0iY2xzLTMiIHgxPSI2OC4zNCIgeTE9IjExLjc2IiB4Mj0iOS45MiIgeTI9IjExLjc2Ii8+CiAgICAgIDxsaW5lIGNsYXNzPSJjbHMtMyIgeDE9IjY4Ljc4IiB5MT0iNS41MSIgeDI9IjkuNzMiIHkyPSI1LjUxIi8+CiAgICAgIDxsaW5lIGNsYXNzPSJjbHMtMyIgeDE9IjU0LjA3IiB5MT0iOC43NSIgeDI9IjguNjQiIHkyPSI4Ljc1Ii8+CiAgICAgIDxwYXRoIGNsYXNzPSJjbHMtMyIgZD0iTTY4LjE1LDUuNTVjMS43MSwwLDMuMDksMS4zOSwzLjA5LDMuMDlzLTEuOTIsMy4wNi0zLjYyLDMuMDYiLz4KICAgICAgPHBhdGggY2xhc3M9ImNscy01IiBkPSJNNTMuOTEsOC43NWMwLS4xNC4xMi0uMjYuMjYtLjI2cy4yNy4xMi4yNy4yNi0uMTIuMjctLjI3LjI3LS4yNi0uMTItLjI2LS4yN1oiLz4KICAgICAgPHBhdGggY2xhc3M9ImNscy0zIiBkPSJNNTMuOTEsOC43NWMwLS4xNC4xMi0uMjYuMjYtLjI2cy4yNy4xMi4yNy4yNi0uMTIuMjctLjI3LjI3LS4yNi0uMTItLjI2LS4yN1oiLz4KICAgICAgPGxpbmUgY2xhc3M9ImNscy0xIiB4MT0iMzYuNDMiIHkxPSIxNi45OCIgeDI9IjM2LjQzIiB5Mj0iMTQuMjQiLz4KICAgICAgPGxpbmUgY2xhc3M9ImNscy0xIiB4MT0iMjguMDUiIHkxPSIxNi45OCIgeDI9IjI4LjA1IiB5Mj0iMTQuMjQiLz4KICAgICAgPGxpbmUgY2xhc3M9ImNscy0xIiB4MT0iMTkuNTkiIHkxPSIxNi45OCIgeDI9IjE5LjU5IiB5Mj0iMTQuMjQiLz4KICAgICAgPGxpbmUgY2xhc3M9ImNscy0xIiB4MT0iNDEuNTciIHkxPSIyLjc0IiB4Mj0iNDEuNTciLz4KICAgICAgPGxpbmUgY2xhc3M9ImNscy0xIiB4MT0iMzMuMjgiIHkxPSIyLjc0IiB4Mj0iMzMuMjgiLz4KICAgICAgPGxpbmUgY2xhc3M9ImNscy0xIiB4MT0iMjQuOTkiIHkxPSIyLjc0IiB4Mj0iMjQuOTkiLz4KICAgICAgPGxpbmUgY2xhc3M9ImNscy0xIiB4MT0iMTYuMDgiIHkxPSIyLjc0IiB4Mj0iMTYuMDgiLz4KICAgICAgPGxpbmUgY2xhc3M9ImNscy0xIiB4MT0iNDQuNjMiIHkxPSIxNi45OCIgeDI9IjQ0LjYzIiB5Mj0iMTQuMjQiLz4KICAgICAgPGxpbmUgY2xhc3M9ImNscy0xIiB4MT0iNDkuNDkiIHkxPSIyLjc0IiB4Mj0iNDkuNDkiLz4KICAgICAgPGxpbmUgY2xhc3M9ImNscy00IiB4MT0iNDAuODgiIHkxPSIxNi45OCIgeDI9IjQwLjg4IiB5Mj0iMTQuMjQiLz4KICAgICAgPGxpbmUgY2xhc3M9ImNscy00IiB4MT0iMzIuMzMiIHkxPSIxNi45OCIgeDI9IjMyLjMzIiB5Mj0iMTQuMjQiLz4KICAgICAgPGxpbmUgY2xhc3M9ImNscy00IiB4MT0iMjMuNzkiIHkxPSIxNi45OCIgeDI9IjIzLjc5IiB5Mj0iMTQuMjQiLz4KICAgICAgPGxpbmUgY2xhc3M9ImNscy00IiB4MT0iMjAuNTkiIHkxPSIyLjc0IiB4Mj0iMjAuNTkiLz4KICAgICAgPGxpbmUgY2xhc3M9ImNscy00IiB4MT0iMjkuMTMiIHkxPSIyLjc0IiB4Mj0iMjkuMTMiLz4KICAgICAgPGxpbmUgY2xhc3M9ImNscy00IiB4MT0iMzcuMTYiIHkxPSIyLjc0IiB4Mj0iMzcuMTYiLz4KICAgICAgPGxpbmUgY2xhc3M9ImNscy00IiB4MT0iNDUuNzEiIHkxPSIyLjc0IiB4Mj0iNDUuNzEiLz4KICAgIDwvZz4KICA8L2c+Cjwvc3ZnPg==\" alt=\"S\u0131cakl\u0131k\" width=\"100\" title=\"\"><\/div>\n<div class=\"temp-values\">\n<div>-40 \u062f\u0631\u062c\u0629 \u0645\u0626\u0648\u064a\u0629 \/ +85 \u062f\u0631\u062c\u0629 \u0645\u0626\u0648\u064a\u0629<\/div>\n<div>-40 \u062f\u0631\u062c\u0629 \u0641\u0647\u0631\u0646\u0647\u0627\u064a\u062a \/ +185 \u062f\u0631\u062c\u0629 \u0641\u0647\u0631\u0646\u0647\u0627\u064a\u062a<\/div>\n<\/div>\n<\/div>\n<div class=\"marking-section\">\n<div class=\"detail-row\">\n<div class=\"detail-label\">\u0648\u0636\u0639 \u0627\u0644\u0639\u0644\u0627\u0645\u0627\u062a<\/div>\n<div class=\"detail-value\">: \u0645\u0646\u0642\u0648\u0634\u0629 \u0623\u0648 \u0646\u0627\u0641\u062b\u0629 \u0644\u0644\u062d\u0628\u0631<\/div>\n<\/div>\n<p><img decoding=\"async\" class=\"marking-image\" src=\"data:image\/png;base64,iVBORw0KGgoAAAANSUhEUgAABf0AAAA2CAYAAAB9TTPJAAAACXBIWXMAACE3AAAhNwEzWJ96AAAgAElEQVR4nO3dPW8jR5oH8GcXm07jcjWwY6wTdrB72IQd2DgHww5s+AKygxlMQjGY2UkkBtJMYEm7kORgLAWSkrEUUEoEKWjqgDNmDiAn8MIOyGQP66AJ3Bqwg+YX6PkAuoB8StXNfiWbL039f8DAlkiRxe6qYvdTVU8RAQAAAAAAAAAAAAAAAAAAAAAAAAAAAAAAAAAAAAAAAAAAAAAAAAAAAAAAAAAAwH11e3v777e3t\/97e3tbnXdZAAAAAAAAAAAAAABgDLe3tw9vb2\/\/69br\/Pb29t\/mXTYAAAAAAAAAAAAAAEjg9vb2325vb6u3t7e\/3IarzrucAIviN3\/4\/cPPiOizOZcDAAAAAAAAAAAAYMRavf7XJM\/717\/+7\/v\/efvu79MuD8Ci+80ffv\/wb0SUqOEAAAAAAAAAAAAAAMDi+u28CwAAAAAAAAAAAAAAANlA0B8AAAAAAAAAAAAAYEn8btIXKGgaKYqSRVky0+10iIhIVVVaUVXx+55tk+u68yoWAAAAAAAAAAAAAMBUjR30VxSFLq+vqKBpWZYnEx8\/\/IiIiMqmSWv1dfH7p4+fiAEBAAAAAAAAAAAAAIBlM3Z6n7JpLmTAHwAAAAAAAAAAAADgvho76L9oKX0AAAAAAAAAAAAAAO67iXP6M9d1qWfb4ue+45Dj9LN6eQAAAACYA1VVyXVd7IsUoaBp1HecsY9RQdM819EwW0VdRwpQAAAAmLmtne1cZFG5sZrUtKzAxy6vr2ZcmvHs7+4FXm\/nvfxRMgv6v9rYpHarldXLAQAAAMACeH14QIqi0JeffzHvoiwkRVHom8MD6tk2vdzYTP33RV2ny+srevHsOa6l56BimvT68IA+++RTchxn3sUBAACAe6SgaVTU9XkXI1a30w19LA\/lJwrPWJP38kfJdKb\/JFRVpbJpZlKWk6OjTF5nWSiKQiXDoBVVJSKinm0nvqksaBqVDEP83G61AkeWptlIgmZeJS0X4\/L1bDuyriZ9nl\/JMMTorOu69L7VCr1xVBRFPNf\/2VRVpZXhjMppzfgraFpkZzFYpZPfm175+PolOa58fPzHIeq8hb1\/1PP4XEcJOxdy\/e87DrVbrcj66u8DwtpLXN0gCm8bchtI0seM02dEnT\/5uPNxizvGUXU9afni6tSytze\/uD6Mz1NYPUrSB0e1caLodpdEkn64YpqibvUdJ3TWi19UvVrUulDUdVFueTZ60r4uyXPjzmncscmiTqS5ruDjwa\/L\/V9B0+jk6Dj1eVyrrxMRUdmsIOg\/B3z81+rrYw3aAAAAAORFz7apZ9v0yDBym7adr5fla\/c8mWX5Mwv6T2pFVcVF96QQ9L9T0DS6vL4aacw8Gy0qWPXN4cHIQMxafZ1uLIv2d\/c8AZlpLof5+OFHY5fLX74by4q8oePnPX38JFGQQFEUury+Ggk2bO1s0\/7uHl00GiN\/w+ck6LOVTZPW6uvU7XTo6eMnse8\/jq2d7diA5kWjQSdHx7lM5SAf3yCu69LJ0XHguSG6Oz4nR8eevkR+3Vcbm6FBvqjzK+NzHcVfBi5ftVbz\/O4rd5uePn4SGsj\/9uzUE\/zm9uJvC0nqhr9thLWBbqdDL549D61D4\/YZf\/7jn0IHHV4fHhARidnISY7xRaNB+7t7Y5cvrq0ue3vzW1HVyPpfrdVorb4e2oaS9MFxbbzvOPSXZ8\/HGjitmCZ9tbNNiqIEntuw+l6trdLTx09iz2FcvWq3WvRqY3Oh6gK3ITkI7u9Xovo6okFb3NrZpp5tB64WiDunQX1hmr+PqhOKotCbs9ORdrpWXw+9VvLX8aZlUdmsUFHXUweO5UGVk6PjxH8H2Xm5sUmX11dUNs2xBm0AAAAA8qDvOOJavGJ2xf1znshxjKDY4KKbdfnH3sgXFl9YwJ8f+\/bsNHRkL6rylYfLoOdh0nKVTZPUmNnVSYUFf1hQcDYvqrVaLr8AklAUhbZ2tumbCT5fVgOUaZUMI7BOcV0Mas\/fHB4EznYfBMTrE5fpzdlpYBvg4FcW+lIAJrz9V4hoEIRPE+yt1mq0tbM9WQEntEztTT72QX2tqq4QEVFBK4w8JgddJ5mtzwMPaft6HjiKmvESlnOzoGmZ1KOSYcytfwkiLzf+ejg4pg6Pb9xKJVll2D4vGufZFzKBqDoRFPBnBU2j7969TbTyhwP2aa8zqrVVIhrcACCn\/3x0Ox3R5yxS+wMAAADIkjyxaJEmGaWR988w6\/JnNtM\/r8tCltnWcLYi0WCG3o3VJKLBDWZR12lFVWlrZ3tkRlrJMERgjWdF92ybCppGa\/V1kSqkZBhiWYp\/dpqqrojXSDJzjW+ybiwrdAPoccoV9l5ZLN9eq6970plcNM7JcRwqGSURmF2rr0em+pmnG8ui5rBOsKKuU7W2Ko5l3jcWjKqXZdOkptUcK7i4oqpUMc3EKT2iDFKDeM8Dtwf\/lwAHFV3Xpa9398hxHKrWVqk0XJpXMgxPmSqmKepou9Wii8Y5qaoqZjJXzErg7NlBAOQuZ5983OQyqarqScfCx5vbRrVWC53BnqbP6DsOFfUilU2TVmurI6s05HLc+I4l\/73\/GBORqOvVWo2aVjOwrkf1SfzaSdyH9kZEYrNXRVFoRVVH+j6uj0GBcw6UJj0GQeeV65GiKKn7ejlFW9A1jaIooo5yeyIi0QbLphm62szPv4KgoGm0WlulFVWlaq0mvk\/mjYP1bel7bEVVSVGU0OPkx2lv+HWihLXVpP102johz7Lvdjp00TgX569iVqhsmtR3nER1stvpUN9xaEVV6ZFhhK4mk3HbJyI6n9OACAzcWE0q6jo9MgwiQoofAAAAWD4FTaM3Z6fUs3tUMSv0anhd\/JUUO1x08iTIoq7Ti2fPRUwwD2Zd\/syC\/oNZzauJn++6Lt1YzdAbwJ5tB6ZcgGTk2Xn+NB7tVovenJ2KIIV\/KTPPmHVd15MyhGdC8Yziam1VCvp7A4dFXZcCePHplriCRwVhxylX8Otks3ybP1\/Ptj1pHQYzjXtixujg\/RYv5ZTj9EeOdbfToXarRd+9e0tEg4GWPAchg477eeNc1JW1+jo9fTzejOK1+nomQX\/HcTzlHLTbQXuQz09B08TMWnnj9G6nQ3\/\/8QdaUdWR2dOPjBIRDeroi2fPB88fPvZ6uAKAg3eybqfrKROvCPDnOH8k5aCT20DPtun7H38gIhoZiGBp+wzHcag8zKNe1HXPseHvHtd1A9\/Lf4yZXNcrZoX2d0fr+rgDQ6NlWP72xnq2LYKp\/s\/Mwd+gmdMrKYP+YefVcfq0Vl8fK3jHgd83Z6cjj8kDFXIKnp5tU+knQzwnSX0JqgvvWy3Rboq6Tk4G\/cukOCD9vtX2\/J7T5XDdjSIPHMQNiISd06TS1gkuG3+Pywbtc\/C5k87COW+c09bONpWMUqKgv7w3yzK0\/TxrWpa44Q3quwAAAACWAU+UPTk6FvfOPMEuLzhwzilh260WVcxKqpXI8zTL8meW3ocDMUn\/lQyD3pydhi6Bdl1XBHPT\/gPvhhBBgydfS7975Ns8gv\/2onE+chPKM9qJZr\/DdZblmnQUrajrYiQ0aGZn07JEXSzqxYnea9Z4Y5dllVUd5tn+WeMy+QPsqqqKPs4\/qMUDWEGzpzmIGfT8sL8ZLVNRvJaM20C30\/G0AUcKYGX1xcWzaInuAnWM+4ablEFSecPhJMdhGpaxvfEqEU7lw\/ztzf\/9z\/UsamVFElwP4jZ39Wu3WpF5+eWNaP3LMrltTFKPHMcRr7MIF6zyRthyn8O5QJPW27CBg1kKqxP8+YJWFxANPneajXXfD5+b9LuF6zw2710Mac8fAAAAQF7J92rzuheeFN9P8irzvJlF+cee6Z9V7qGg5f9EJGbapOUPlN1XcpAu6Fw5jkOvNjZpRVU9xytJTuXB79fF82cx0JJVubqdjphRPMls\/2Tl6XpSB+RJHnOjpTFpHeZ6NMls\/5vhwJD\/WIcF2NMGn4hIzO5Pan93jxRFGUlZc5f+ouv5fVBedjaNOsSzaB8ZBinKYLCtZBjiC3KcfOE9uydS68zLsrW3vpQGRuY\/xgVN8\/TBfNEz6XeK\/JpplqnGXTskea1pLovllWNFvUgfXJe6nW5g\/6OqqkhL07Ss4aq+CvUdJ1XaIDl9nX9QLyl5hdI8A9txdSKr60bHcUTaoyTfLXcDSd3I5y0bXj12cnQkUlsREbVbbU89qdZqVDJK1O106aLRGOkro+q6nLKNV\/atqKp4rSC23aMy5W+yBgAAAEBa5WEqYEVRqNvp0Jeff0FFXafL66t5Fy2x14cHVDYrVNA0erWxSU3LorV6PTepfmZR\/rGD\/jeWRZVh4aaBN6FNq9vpjCzRvs+ibmTjgpXRwfX5maRcF41z0bFlkds\/6j3lwHLe5CWf27gmrcMnR8d0ea1PlNvfcZzA4NldoK2X+jXHCRzJxyKov5D7eP\/jSfPZZ+XGsjz7dzQtS6T9ai\/o3hlJLFt7s4f1xD\/gqQ0HiXjQrKBpngBf2vQ+y4jrgr9t8TWRXFfKpknV2urI6oQVVaW1+rpo2\/Im0WXTpD\/\/8U+JyiKvbBhXmtQ+bK1ep4pZGa586M4kPd4gsJzNtQ2nt0qS6imLY5xHfCPTbrU89bpsmuKG55vDA7HMnPc\/+eyTT1PV9aePn1Dfcejy+koc68GS9lLgvQL3PXmd7QYAAACQBl\/z8KpXeY+qvOB7To7JcMwgL6Zd\/rHT+7iuS19+\/gV9\/PCjVP+SbOoK2XHdD\/MuwkLhDVCJBjeEYeml7jMOVhAh5UCYbqcj0kVk2SHzgBS\/R9K\/4S+KpOerKmZVxj8\/alUL9y\/+AMm4K7XiuK4r0i9Ua6ukqqqU2ic4PUccXq0wr0DzMrY3+VjKdYP\/n8+VPJtWTms16coHuV\/P0yoKecNbf1vbCtlcK2rTJ1VVPUFQorv0JcnKM2gbk1xHpE3twyuoOGXkWn09cH+FtMLqBA+uDFZQZNNn8eBr3GCe3DYWtZ6u1ev086+\/xB6bn3\/9ZayJOt+enY4cp692tqlaq43klVUURWxm7xdU1\/n5WzvbI99RRV0PTM\/H7W7ZBmIBAAAgP\/x7PfUdxzMhyJ8tQL5vkNOO8s\/ya\/Vs2\/Na\/DNP1CnqOj0YzvyfRND7cJnjyjjO53ddV1zb8SrQSe7v815+WWYb+QLkRXM4csYzxCad7Z9XRb0oltjLv+Ob+4tG417PuI1zcnQsNpYdd7a\/X5K0UWxrZ9sTMI47XwVNE8EP3rz36wSbpYelGyIiX+qEupiRKwdmsp7Bet44F0sRefCi7zhjBcwLmiaCkmHHLmrGZz9ktUaQ+9beerZNBU0jVUohdzeTxKLXhweBAwJZHAN5Y+dFPab+ulDQCtK+NY2RevXi2XPa2tn2bCzNM6HLphm4dw+n7+M0X9XaaqoUWBz4HPcYFnV9JLUP90E3VjNxn1kyjIlTCYbViabVpLJpkqIodHl9NdznY5BiZtK649\/Twm\/S47sMHigKvXj2nLqdDpVNUwxube1s041l0cnRMT1QFPpm2F+Ebc7Ndf3lxiZ9cF1aq697BnL2d\/foxrKoqOv0+vCAFEWhR0Ypsg6qIelHAQAAAKaF985yXZfW6nUqaAVxLX95fUXtVpsuGg1SFIX+8dM\/xUawBU2j7969paePn1DPtqlkGPT68ECskqzWalTUi57X6tm2SO\/73bu39POvvxARib27eB\/WtNqtVmiZv\/\/xh8gyrtZWxefn+wZenfnm7FSkaeTXerWxSe1WS3z+14cHnmO4NZxMcp\/K77ewQf9xb9bv880TJHdydDzMnzVZbv88i9pvYH93LzTnLQw4jkM3lkVl05wot78sKsDuJ88KbrdagUE\/mX\/2\/dPHTxLV+7B8\/vy+vPxvrb4uZgjIywGz7pN549tB0H\/wBRi2CSdTVXUkyKooDzwzScOCoWEzS4kG\/UjS1CP3rb3xOeIUPnf1qCP+W9R1EVjjAGmaFFVB51VVV8R5TTOrfdbCZueH1QXXdUcGqPd390TAuqBpgW3txbPnop3H9RFhxp2FHpTah1cmRZ1nTu+iqipdXl\/RiqpStbaaqF9MWyd41RY\/znV2rb5Ofcehk6Pj1H172J4WYRZtlj8PRgSViweMiaKD4vLzony9uycGhC4aDZE21F\/fX25s0nfv3qaq63xO262WaFPtVotWjlQxaB6Ev9PC9hwDAAAAmBbeH4po9D6a74OJBtdp8mxw\/3\/5cfm15JWMg9fqiec6Ukof\/2ulJacpjiuzv4zez98bed24z0\/kP4bpUyZnVX7X\/eBbZTGb8vstbNC\/Z9vIzQ9Tg9n+0dbq69Sz7XuXZzitrGf7RwXYo5QMg745PEhVjy+vr8QodZgk6Yb2d\/fEDAB\/kCtNHu80LhrnnlQOcQFzbufhrzc6s3qWlrG9OU6fiO5SxPhn8st5zx3HEY+n2Sci6ry6rpvLdIKcnzzJRTZPjpDbqf\/xedbrRylSb3GA3XVd0Y86jiM279YS5lgfp0683Ngkx+lTxax4+rCVYcqYglZINWCS90BxyTDoq+FMe65XqqpS5fCAHhmGmJl\/eX01HPy+O7+V4T4Trusmuoa3ffW83WoHBvXln5PUdV52XdT1gBvGuxVqQeSbXgAAAIBZGuxjVKO+44h4FQfsebX7ydHditrXhwd00TgXk222drap3WpTtbY6nMhSp26nQ1s72yOvxQHrFVWlgqbRRaMh4gpNqylWyqZVra163qeo67S\/uyfu\/aLKWNA0qpjmcOb86rDMPfFzySh5XuurnW3x+Xn1\/2Dfs8ExHOczZFX+klGaS\/n9FjboDzBtyzLbX1XVkdy3sm6nExhMDJqlzMvqy6ZJb85O6T8\/\/yK3x2UWspztnzafPwdUirpOl9dXVDZN6na6oWXodjr08cOPSFEUen14QCXDoG\/PTuk\/Pvk09D2SpBtqt1r09PETqtZWSVEU6juONKs2WR7vtJqWRV8N00DcWNbYAwuu69JF4zxytv6NZYkAtl+aIH0e21vU6oSwfkV+nGhd5FLXxN4JPc9\/eSUAB\/39QcBxcJqPRTqWfh8\/\/MjzM19Ubu1s0+X11ciGpUSDvv6RYXiClVG5x+e58rE0LKfruolSbzmOE9gO+TNMGoSNqxMnR0d0cnRE6nAvgUdGSaRbqtZq1LSa92YlaVEvkqIonqXE8iBrQdM8s+G5j5D7i6R9clbH9L6cGwAAAFh+\/pXmcoqdwb3\/3f1ZyTDENSvR4LpVvoYbTIa5mxAjv5aiaeLnF8+eU7vVopOjY\/rHT\/+MjC\/FURRl5H3kvZ\/iyujfp0n+2f9a8uf\/8x\/\/NJz40Z1oT7C8l98vNuif9WaMcTlO2bgbQUalBYrKzRwnTe5myIdlme0fN4v55Ch5cJKX1HOKg0eGsXRpR7Lmn+0\/bj8hz2RNE8CQ01OUzUrswAPn8i8ZhgjYhNUPLeEmt3IAuFqrUXn4PtPcmJZniocF5P3PDZqpm6RdyDnUs7bo7Y03Ug0S16\/48\/j7N6jl4D4HGMfJbx50Xhc5j3+UwQDUXXqTkmF42vJavZ7ppuHTVjJKRDT7FEuT1gnHccixLGpaFhWGF+WKolDJMBK\/hprzWeIvNzap2+mK6yM2+K6524vhs08+Fbnzmeu6dGNZqfaOWDR5P38AAAAAacmb1OZV3j\/DtMofG\/SXRyFmqeAbAUmq2+mELimOys0cJ03u5kWiKA\/mXYSF5p\/tDwO8xL5klBYqCLmI\/LP9xx084nz+8s7wSdl2j8qUfGCT88RxfuSw4K0\/D3sSq8MlaO+nlNpnHJzqYVEtY3vjPIW8XJTzdPOgmDwoMO4mvot+XsfBdaGoF0VwVY0Z2F1EnNqnPaXVPmGyrBM926YbyxIbnyXFgfI0qaoWTdOyyLZt+u7dWyIaHNcXz557+nTHcejlxiY9GA6KEFHsyqk8WIbzBwAAABCHU6rzflbdjp7qmncR3FgWvdzYpGqtRm\/OTqln90SqozyYRfnnnt5nUYJCyyoqCMg5p3g3ar+wGcBZr\/5IK8ty+Wf7j1OWcR7LUtz+F7hxHZX1ufHO9h+vkx4nwM7ichSH\/U1R10P\/Rh2mbhiUKdkeA5xbkIjoPMczPWHgxrJC62OSfoVzY3NA0B\/U55zbPCs8jzP0p0WeYc0zqbmvl6+bLq+vpvZdw+8TtRooiNyvyIM6RHezqIt6MfXrzoPrfhj7b+NWIcnHdxHxRBneN2Ktvj6yimLQfg3qOw49UBSq1laHKdHyf92xDJ8BAAAAIEy71ZYmzKznbpIR0WBVPtFgj76tnW1PqqM8mEX5f5v5K6bwamMTN\/lTwkG6sKCeqqrD2Ws6fZACCPINOAdi\/OTfz+qGfZrl4hn+afKWecsT3DC5PNM+RtxRh\/0b58Y1aRquvMq6DvNsf6J09YglCbC\/OTuln3\/9JXAFVNDgXkHT6Odff6Gff\/0lMKgUtyogST5\/Px7wkHe5h3iL2t4cx5moX+G6zPXCX7d7IsWPPny\/+FRN88QDHUHfqfy7SQdZo+oCX5jPCu+7MMmKwbX6uuffigj6e\/eLqNZqdHl9RZUJ8oeOI26glD97muPOM6Ti\/iZuc9p54vPTdxwx0FSt1UZS3\/DN4cnRMV00zklRlFzeMLK0exIAAAAA5FVBK5CiKKSqam7TG8p7S+XRLMofO9N\/GilPXNel962WJ2jQd5xM3ku+4e52OnSS0SrjRZ+N5tdutcSN1+vDA3rx7LnncXkzCX\/e7XarRSXDoLJpjmxeV9A0EdScZr7uINMqV9OyqGxWUjW0bqcj0qMMlkJ1PDeJleHO6oPyzDa9waQ4tzjRcq4SKOq62Hglyzq8v7s3sslmmjKxsGB5z+5RyTDEhr9yfQsaYJJfxz+jVh4MDE\/tMwhc9YepgOLIG0rnOZ\/zrC1ze\/Nvwuqv2\/JmvkSL\/z3L1ywFTSNVVcXP6jCFkfyccfBGvUTJV9dMU1\/6vLNQ1HVSVdWzl8HdgNF06sbrwwP6MNxbw483Vya6q6tJqCH1PYicAmuR6j9\/P7zc2CTXdenk6JjW6uv0wPf9pigKdTsdaloWKYqSq+XUQdKcOwAAAIC86TsOffn5F0Q0mFT4j5\/+OecSpddutejFs+ekqir997u3uZtwMuvyJwj6zyY3p+M4mb+XvLnkfdOzbSl1gkGX11d0YzXpwfCmjG\/iLxqNkYDeReOcSsPg5eDvLHLdD6QoD6hsmuJmcNaBvWmW6+To2LMLetLyrNXXqaBp9N27t2JpjqquiEABb2qX1iCHcz3yOZMuoS\/qxZH3UNUVT+CaP1Ne+T9fQSt4VmZkWYcHG3Gej5km6i7AHnZOb4apqBRFoe\/evaWTo2NyXdczYOUPVMh7DajqCjWtpkjTwMKCG2nTDcl1ftYDgtNUiRkQ7DtO7ObJRPejvfn567K\/rtkjgwCjdZHT0O3v7k0ciONVMlHp0KLIg71vzk7FRAVuT2nyyfvrgv97TG5D\/B1dMSueft8\/Wz5rtm8lRlLdToc+fvhR4GOcjsi\/T9L7Vou2drZpRVXpzdkpXTTOqajrol+ZxiAIXx\/x\/8ubdhc0jVZrq+J8JP0el1dtJamvtm3Hbqg+D+1Wi54+fiLKdNFoULfTGflMTx8\/EZ\/XdV36y7PnuQ6Yy3vrAAAAACybptUU9xbdTjeXM+Q5huM4jkhZnCezLv\/cc\/rD9Ozv7tHl9RUpihIYHOjZduDqim6nI4KFiqKIWdGyqFzP0zLNcvEAUZoGd9FoUMkoUUHTQvcE+Hp3b6xl4kn2GBg3dQ+LCxi1W62FCkKMI+oY7u\/uZf75LhoNqkqBoqSSzHR2HGf4+jVaUVXPah2iu0EH2cnRsQgql01zJPVQ0KAf0WD2Ztp8\/jzDc5E28M1CXLomnuUa5z60Nz85cCZv4hv2eFC9GWxqG773RBpZXFDJg71vzk49j6UZ4I3qm24sy3Ns5ID49z\/+kL7QY+JNxZXhRq3THMyTN0QvGYZncHbcwfM4nIbM+x0+el4uGo3E37XyAGySfrDb6Q4\/b2nhNsD190dBgXDXdcmVfp\/3YPndYPf8V9oAAAAAZK1aWxUTmcLSZi+6rZ1tevHs+cjeYXkx6\/JHBv0VRcnlQZyWvAVkeNO\/b89OPZsCEg0+y4tnz0NvSnlJd1Bg\/aLRGNnMbVamWa60s\/1d16Wnj5\/Qm7PTkWCS67r09e5eomDgIrpoNKaS2msR9B2H9nf3phLAGme2v9zPxgUa9nf3PCkn5Pd9+vjJSGDKGeZj5sE\/2Y1lhbaXtPn8S4aBDXwnsMztjQdTw+oRP56XYOHJ0dHIiiGiwaBNFucw6HvMcRx6tbE5MtDHx2ya12nvW61hIL409RU8+7t7Ixe\/ruvSi2fPp7KpKveba\/X1wGsKIhpZkRCnWlslouSrdnhAx58yCmaPv8eWbbUaAAAAAOOsGXlW0LSZToTK2qzL\/5s\/\/P7h34jor0EPFnU99xUiS2HL1fOAZ5ly+oGkARZ1uOx8RVWpP9zUMclNqTeQGR80TDs7Lm25kr5+2nIweTYqp1YK+\/uoYyOnBoiTtoxyWaNmzY77uosiarAyKn0O4+Pjf27SOp227svPT3rs09Q3fo+irlNB0xL1Ad6NheM\/Q9rnh5UxzXELO09B5XJdN3VQOems8LjXXvb2FifuPCV9XD5OXFfSntekKauSvH5B00Tgv91qJS5HVL2Kqwvy917PtqndamV6fMLKy9eBn33y6cg5SpsGLEm75b1L+o5D7YQrhyb9zHIfSUSx\/WrQ5+ZUf0TBxyoMpzy6sazAvQWWUVi9ieqzg67Pos572u\/yN2enVDKMe3UeAAAAYP54Asiiu7GaoZNa8xI3DksZm\/fyR0HQP4U8B\/0BAAAA0vr7jz\/QiqoiGBqDg\/fdTifVvhEV0xSrONIMFkB25PsdeS8DAAAAAIA8++28CwAAAAAAi4nTFpVNM2RW\/eEAAAE1SURBVBezkOZB3rMjbZqnpmVRfxjo\/2pnO\/OyQTxOycf7OwEAAAAALIPInP59x1naPMMAAAAAEK1pWSJXfR+z0AP1HUekThsnaLy\/u0dvzk7pfas9hdJBnJ5tU1HX57ZfFQAAAADANESm9wEAAACA+03OdQ\/BCppGH1x37PQ8FdMMzZMK01cyDGzgCwAAAABLBUF\/AAAAAAAAAAAAAIAlgZz+AAAAAAAAAAAAAABLAkF\/AAAAAAAAAAAAAIAl8Tsi+pWIvp9vMQAAAAAAAAAAAAAAAAAAAAAAAAAAAAAAAAAAAAAAAAAAAAAAAAAAAAAAAAAAAAAAAAAAAAAAAAAAAAAAAAAAAAAAAAAAAAAAAAAAAAAAAAAAAAAAAAAAAAAAAAAAAAAAAAAAAAAAAAAAAABglv4f1JyS22Xl89AAAAAASUVORK5CYII=\" alt=\"Markalama G\u00f6rseli\" title=\"\"><\/p>\n<\/div>\n<div>\n<table style=\"width: 100%;\" cellspacing=\"0\" cellpadding=\"0\">\n<tbody>\n<tr>\n<td style=\"width: 120px; font-weight: bold;\">\u0646\u0648\u0631\u0645<\/td>\n<td style=\"width: 400px; text-align: left;\">\u0645\u0639\u064a\u0627\u0631 DIN 73379 \u0645\u0646 \u0627\u0644\u0646\u0648\u0639 \u0628 (92\/3)<br \/>\nISO 1307<\/td>\n<td style=\"width: 120px; font-weight: bold;\">\u0644\u0648\u0646<\/td>\n<td style=\"width: 400px;\">\n<div class=\"color-icons\"><img decoding=\"async\" src=\"data:image\/svg+xml;base64,PHN2ZyB2aWV3Qm94PSIwIDAgMTAwIDEwMCIgeG1sbnM9Imh0dHA6Ly93d3cudzMub3JnLzIwMDAvc3ZnIj4KICA8Y2lyY2xlIGN4PSI1MCIgY3k9IjUwIiByPSI0OSIgZmlsbD0iIzAwMDAwMCIgc3Ryb2tlPSJibGFjayIgc3Ryb2tlLXdpZHRoPSIwLjUiLz4KICA8Y2lyY2xlIGN4PSI1MCIgY3k9IjUwIiByPSIzOCIgZmlsbD0id2hpdGUiIHN0cm9rZT0iYmxhY2siIHN0cm9rZS13aWR0aD0iMC41Ii8+CiAgPGNpcmNsZSBjeD0iNTAiIGN5PSI1MCIgcj0iMzMiIGZpbGw9IiMwMDAwMDAiIHN0cm9rZT0iYmxhY2siIHN0cm9rZS13aWR0aD0iMC41Ii8+CiAgPGNpcmNsZSBjeD0iNTAiIGN5PSI1MCIgcj0iMjIiIGZpbGw9IndoaXRlIiBzdHJva2U9ImJsYWNrIiBzdHJva2Utd2lkdGg9IjAuNSIvPgo8L3N2Zz4=\" alt=\"\" title=\"\"><\/div>\n<\/td>\n<\/tr>\n<\/tbody>\n<\/table>\n<\/div>\n<\/div>\n<\/div>","protected":false},"excerpt":{"rendered":"<p>&nbsp; \u00dcr\u00fcn Ad\u0131: COTTON OIL &#8211; B \u00dcr\u00fcn Kodu: OETB471 Petrol \/ Ya\u011f DIN 73379 Tip B Kullanim Alan\u0131 : Teslimat i\u00e7in: Motorin, Fuel Oil, Benzin vb. Alt Katman : Ya\u011fa ve Yak\u0131ta Dayan\u0131kl\u0131 NBR Kau\u00e7uk. \u00dcst Katman : Tekstil \u00d6rg\u00fcl\u00fc -40\u00b0C \/ +85\u00b0C -40\u00b0F \/ +185\u00b0F Markalama : Kabartmal\u0131 veya M\u00fcrekkep P\u00fcsk\u00fcrtmeli Norm DIN [&#8230;]\n","protected":false},"featured_media":22405,"comment_status":"open","ping_status":"closed","template":"","meta":{"jetpack_post_was_ever_published":false},"product_brand":[],"product_cat":[2364],"product_tag":[],"class_list":{"0":"post-21602","1":"product","2":"type-product","3":"status-publish","4":"has-post-thumbnail","6":"product_cat-sel_akaryakit_hortumlari","8":"first","9":"instock","10":"taxable","11":"shipping-taxable","12":"product-type-simple"},"jetpack-related-posts":[],"jetpack_sharing_enabled":true,"jetpack_likes_enabled":true,"_links":{"self":[{"href":"https:\/\/tuzlahortum.com.tr\/ar\/wp-json\/wp\/v2\/product\/21602","targetHints":{"allow":["GET"]}}],"collection":[{"href":"https:\/\/tuzlahortum.com.tr\/ar\/wp-json\/wp\/v2\/product"}],"about":[{"href":"https:\/\/tuzlahortum.com.tr\/ar\/wp-json\/wp\/v2\/types\/product"}],"replies":[{"embeddable":true,"href":"https:\/\/tuzlahortum.com.tr\/ar\/wp-json\/wp\/v2\/comments?post=21602"}],"wp:featuredmedia":[{"embeddable":true,"href":"https:\/\/tuzlahortum.com.tr\/ar\/wp-json\/wp\/v2\/media\/22405"}],"wp:attachment":[{"href":"https:\/\/tuzlahortum.com.tr\/ar\/wp-json\/wp\/v2\/media?parent=21602"}],"wp:term":[{"taxonomy":"product_brand","embeddable":true,"href":"https:\/\/tuzlahortum.com.tr\/ar\/wp-json\/wp\/v2\/product_brand?post=21602"},{"taxonomy":"product_cat","embeddable":true,"href":"https:\/\/tuzlahortum.com.tr\/ar\/wp-json\/wp\/v2\/product_cat?post=21602"},{"taxonomy":"product_tag","embeddable":true,"href":"https:\/\/tuzlahortum.com.tr\/ar\/wp-json\/wp\/v2\/product_tag?post=21602"}],"curies":[{"name":"\u062f\u0628\u0644\u064a\u0648 \u0628\u064a","href":"https:\/\/api.w.org\/{rel}","templated":true}]}}