{"id":21581,"date":"2025-08-11T11:14:56","date_gmt":"2025-08-11T08:14:56","guid":{"rendered":"https:\/\/tuzlahortum.com.tr\/urun\/aero-e\/"},"modified":"2025-08-20T15:38:24","modified_gmt":"2025-08-20T12:38:24","slug":"aero-e","status":"publish","type":"product","link":"https:\/\/tuzlahortum.com.tr\/ar\/product\/aero-e\/","title":{"rendered":"AERO-E"},"content":{"rendered":"<p>&nbsp;<\/p>\n<div class=\"report-container\">\n<div class=\"report-header\">\n<div class=\"standard-text\">\u0627\u0633\u0645 \u0627\u0644\u0645\u0646\u062a\u062c: AERO-E<\/div>\n<div class=\"standard-text\">\u0631\u0645\u0632 \u0627\u0644\u0645\u0646\u062a\u062c: ARE496<\/div>\n<\/div>\n<div class=\"product-image-container\">\n<div class=\"key-feature\">\u062c\u0647\u0627\u0632 \u0627\u0633\u062a\u0642\u0628\u0627\u0644\/\u0645\u0631\u0633\u0644 \u0625\u0639\u0627\u062f\u0629 \u062a\u0632\u0648\u064a\u062f \u0627\u0644\u0637\u0627\u0626\u0631\u0627\u062a \u0628\u0627\u0644\u0648\u0642\u0648\u062f EN 1361 \u0627\u0644\u0646\u0648\u0639 E<\/div>\n<\/div>\n<div class=\"horizontal-line\"><\/div>\n<div class=\"product-details\">\n<div class=\"detail-row\">\n<div class=\"detail-label\">\u0645\u0646\u0637\u0642\u0629 \u0627\u0644\u0627\u0633\u062a\u062e\u062f\u0627\u0645<\/div>\n<div class=\"detail-value\">: Aromatik i\u00e7eri\u011fi %50&#8217;ye kadar olan u\u00e7aklar\u0131n yer ikmali ve yak\u0131t bo\u015falt\u0131m\u0131 i\u00e7in.<\/div>\n<\/div>\n<div class=\"detail-row\">\n<div class=\"detail-label\">\u0627\u0644\u0637\u0628\u0642\u0629 \u0627\u0644\u0633\u0641\u0644\u0649<\/div>\n<div class=\"detail-value\">: \u0645\u0637\u0627\u0637 NBR \u0627\u0644\u0645\u0648\u0635\u0651\u0644\u060c \u0645\u0642\u0627\u0648\u0645 \u0644\u0648\u0642\u0648\u062f \u0627\u0644\u0637\u0627\u0626\u0631\u0627\u062a \u0648\u0648\u0642\u0648\u062f \u0627\u0644\u0637\u0627\u0626\u0631\u0627\u062a.<\/div>\n<\/div>\n<div class=\"detail-row\">\n<div class=\"detail-label\">\u0637\u0628\u0642\u0629 \u0627\u0644\u062a\u0639\u0632\u064a\u0632<\/div>\n<div class=\"detail-value\">: \u0646\u0633\u064a\u062c \u0635\u0646\u0627\u0639\u064a \u0635\u0646\u0627\u0639\u064a \u0639\u0627\u0644\u064a \u0627\u0644\u0642\u0648\u0629\u060c 2 \u0623\u0633\u0644\u0627\u0643 \u0641\u0648\u0644\u0627\u0630\u064a\u0629 \u062d\u0644\u0632\u0648\u0646\u064a\u0629 \u06482 \u0623\u0633\u0644\u0627\u0643 \u0646\u062d\u0627\u0633\u064a\u0629 \u0645\u0636\u0627\u062f\u0629 \u0644\u0644\u0635\u062f\u0623.<\/div>\n<\/div>\n<div class=\"detail-row\">\n<div class=\"detail-label\">\u0627\u0644\u0637\u0628\u0642\u0629 \u0627\u0644\u0639\u0644\u064a\u0627<\/div>\n<div class=\"detail-value\">: \u0627\u0644\u0645\u0637\u0627\u0637 \u0627\u0644\u0635\u0646\u0627\u0639\u064a \u0627\u0644\u062e\u0627\u0635 \u0627\u0644\u0645\u0642\u0627\u0648\u0645 \u0644\u0644\u062a\u0622\u0643\u0644 \u0648\u0627\u0644\u0623\u0643\u0633\u062c\u064a\u0646 \u0648\u0627\u0644\u0647\u0648\u0627\u0621 \u0648\u0627\u0644\u062d\u0631\u0627\u0631\u0629 \u0648\u0627\u0644\u0632\u064a\u062a.<\/div>\n<\/div>\n<\/div>\n<div class=\"datasheet_table\"><img decoding=\"async\" class=\"alignnone size-full\" src=\"https:\/\/tuzlahortum.com.tr\/wp-content\/uploads\/2025\/08\/datasheet298.svg\" alt=\"\" title=\"\"><\/div>\n<div class=\"table-notes\">\u0639\u0646\u062f \u0627\u0644\u0637\u0644\u0628: \u064a\u0645\u0643\u0646 \u0625\u0646\u062a\u0627\u062c \u0627\u0644\u0646\u0648\u0639 F \u0645\u0639 \u0644\u0648\u0644\u0628 \u063a\u064a\u0631 \u0645\u0639\u062f\u0646\u064a.<\/div>\n<div class=\"horizontal-line\"><\/div>\n<div class=\"footer\">\n<div class=\"standards-section\">\n<div class=\"standard-item\" style=\"margin-top: 9px;\"><img data-recalc-dims=\"1\" width=\"1020\" decoding=\"async\" style=\"margin-right: 10px;\" src=\"https:\/\/i0.wp.com\/tuzlahortum.com.tr\/wp-content\/uploads\/2025\/04\/tse-1.png?fit=1020%2C40&#038;ssl=1\" height=\"40\" alt=\"\" title=\"\"><\/div>\n<div class=\"standard-info\"><\/div>\n<\/div>\n<div class=\"horizontal-line\"><\/div>\n<div class=\"temperature-section\">\n<div class=\"temp-icon\"><img decoding=\"async\" src=\"data:image\/svg+xml;base64,PD94bWwgdmVyc2lvbj0iMS4wIiBlbmNvZGluZz0iVVRGLTgiPz4KPHN2ZyBpZD0ia2F0bWFuXzIiIGRhdGEtbmFtZT0ia2F0bWFuIDIiIHhtbG5zPSJodHRwOi8vd3d3LnczLm9yZy8yMDAwL3N2ZyIgdmlld0JveD0iMCAwIDcyLjI3IDE2Ljk4Ij4KICA8ZGVmcz4KICAgIDxzdHlsZT4KICAgICAgLmNscy0xIHsKICAgICAgICBzdHJva2Utd2lkdGg6IC41OXB4OwogICAgICB9CgogICAgICAuY2xzLTEsIC5jbHMtMiwgLmNscy0zLCAuY2xzLTQgewogICAgICAgIGZpbGw6IG5vbmU7CiAgICAgICAgc3Ryb2tlLW1pdGVybGltaXQ6IDMuODY7CiAgICAgIH0KCiAgICAgIC5jbHMtMSwgLmNscy0zLCAuY2xzLTQgewogICAgICAgIHN0cm9rZTogI2E3YTlhYjsKICAgICAgfQoKICAgICAgLmNscy01IHsKICAgICAgICBmaWxsOiAjYTdhOWFiOwogICAgICB9CgogICAgICAuY2xzLTIgewogICAgICAgIHN0cm9rZTogI2ZmZjsKICAgICAgfQoKICAgICAgLmNscy0zIHsKICAgICAgICBzdHJva2Utd2lkdGg6IDIuMDZweDsKICAgICAgfQoKICAgICAgLmNscy00IHsKICAgICAgICBzdHJva2Utd2lkdGg6IC4ycHg7CiAgICAgIH0KICAgIDwvc3R5bGU+CiAgPC9kZWZzPgogIDxnIGlkPSJrYXRtYW5fMSIgZGF0YS1uYW1lPSJrYXRtYW4gMSI+CiAgICA8Zz4KICAgICAgPHBhdGggY2xhc3M9ImNscy0zIiBkPSJNMTEuMzQsMTEuNTdjLS45NCwxLjcxLTIuNzEsMi42Ni00LjgsMi42Ni0zLjA1LDAtNS41MS0yLjQ3LTUuNTEtNS41MlMzLjUsMy4xOSw2LjU1LDMuMTljMS45NCwwLDMuNjUsMSw0LjYzLDIuNTIiLz4KICAgICAgPGNpcmNsZSBjbGFzcz0iY2xzLTUiIGN4PSI2LjU1IiBjeT0iOC42NiIgcj0iMi40Ii8+CiAgICAgIDxjaXJjbGUgY2xhc3M9ImNscy0yIiBjeD0iNi41NSIgY3k9IjguNjYiIHI9IjIuNCIvPgogICAgICA8bGluZSBjbGFzcz0iY2xzLTMiIHgxPSI2OC4zNCIgeTE9IjExLjc2IiB4Mj0iOS45MiIgeTI9IjExLjc2Ii8+CiAgICAgIDxsaW5lIGNsYXNzPSJjbHMtMyIgeDE9IjY4Ljc4IiB5MT0iNS41MSIgeDI9IjkuNzMiIHkyPSI1LjUxIi8+CiAgICAgIDxsaW5lIGNsYXNzPSJjbHMtMyIgeDE9IjU0LjA3IiB5MT0iOC43NSIgeDI9IjguNjQiIHkyPSI4Ljc1Ii8+CiAgICAgIDxwYXRoIGNsYXNzPSJjbHMtMyIgZD0iTTY4LjE1LDUuNTVjMS43MSwwLDMuMDksMS4zOSwzLjA5LDMuMDlzLTEuOTIsMy4wNi0zLjYyLDMuMDYiLz4KICAgICAgPHBhdGggY2xhc3M9ImNscy01IiBkPSJNNTMuOTEsOC43NWMwLS4xNC4xMi0uMjYuMjYtLjI2cy4yNy4xMi4yNy4yNi0uMTIuMjctLjI3LjI3LS4yNi0uMTItLjI2LS4yN1oiLz4KICAgICAgPHBhdGggY2xhc3M9ImNscy0zIiBkPSJNNTMuOTEsOC43NWMwLS4xNC4xMi0uMjYuMjYtLjI2cy4yNy4xMi4yNy4yNi0uMTIuMjctLjI3LjI3LS4yNi0uMTItLjI2LS4yN1oiLz4KICAgICAgPGxpbmUgY2xhc3M9ImNscy0xIiB4MT0iMzYuNDMiIHkxPSIxNi45OCIgeDI9IjM2LjQzIiB5Mj0iMTQuMjQiLz4KICAgICAgPGxpbmUgY2xhc3M9ImNscy0xIiB4MT0iMjguMDUiIHkxPSIxNi45OCIgeDI9IjI4LjA1IiB5Mj0iMTQuMjQiLz4KICAgICAgPGxpbmUgY2xhc3M9ImNscy0xIiB4MT0iMTkuNTkiIHkxPSIxNi45OCIgeDI9IjE5LjU5IiB5Mj0iMTQuMjQiLz4KICAgICAgPGxpbmUgY2xhc3M9ImNscy0xIiB4MT0iNDEuNTciIHkxPSIyLjc0IiB4Mj0iNDEuNTciLz4KICAgICAgPGxpbmUgY2xhc3M9ImNscy0xIiB4MT0iMzMuMjgiIHkxPSIyLjc0IiB4Mj0iMzMuMjgiLz4KICAgICAgPGxpbmUgY2xhc3M9ImNscy0xIiB4MT0iMjQuOTkiIHkxPSIyLjc0IiB4Mj0iMjQuOTkiLz4KICAgICAgPGxpbmUgY2xhc3M9ImNscy0xIiB4MT0iMTYuMDgiIHkxPSIyLjc0IiB4Mj0iMTYuMDgiLz4KICAgICAgPGxpbmUgY2xhc3M9ImNscy0xIiB4MT0iNDQuNjMiIHkxPSIxNi45OCIgeDI9IjQ0LjYzIiB5Mj0iMTQuMjQiLz4KICAgICAgPGxpbmUgY2xhc3M9ImNscy0xIiB4MT0iNDkuNDkiIHkxPSIyLjc0IiB4Mj0iNDkuNDkiLz4KICAgICAgPGxpbmUgY2xhc3M9ImNscy00IiB4MT0iNDAuODgiIHkxPSIxNi45OCIgeDI9IjQwLjg4IiB5Mj0iMTQuMjQiLz4KICAgICAgPGxpbmUgY2xhc3M9ImNscy00IiB4MT0iMzIuMzMiIHkxPSIxNi45OCIgeDI9IjMyLjMzIiB5Mj0iMTQuMjQiLz4KICAgICAgPGxpbmUgY2xhc3M9ImNscy00IiB4MT0iMjMuNzkiIHkxPSIxNi45OCIgeDI9IjIzLjc5IiB5Mj0iMTQuMjQiLz4KICAgICAgPGxpbmUgY2xhc3M9ImNscy00IiB4MT0iMjAuNTkiIHkxPSIyLjc0IiB4Mj0iMjAuNTkiLz4KICAgICAgPGxpbmUgY2xhc3M9ImNscy00IiB4MT0iMjkuMTMiIHkxPSIyLjc0IiB4Mj0iMjkuMTMiLz4KICAgICAgPGxpbmUgY2xhc3M9ImNscy00IiB4MT0iMzcuMTYiIHkxPSIyLjc0IiB4Mj0iMzcuMTYiLz4KICAgICAgPGxpbmUgY2xhc3M9ImNscy00IiB4MT0iNDUuNzEiIHkxPSIyLjc0IiB4Mj0iNDUuNzEiLz4KICAgIDwvZz4KICA8L2c+Cjwvc3ZnPg==\" alt=\"S\u0131cakl\u0131k\" width=\"100\" title=\"\"><\/div>\n<div class=\"temp-values\">\n<div>-30 \u062f\u0631\u062c\u0629 \u0645\u0626\u0648\u064a\u0629 \/ +65 \u062f\u0631\u062c\u0629 \u0645\u0626\u0648\u064a\u0629<\/div>\n<div>-22 \u062f\u0631\u062c\u0629 \u0641\u0647\u0631\u0646\u0647\u0627\u064a\u062a \/ +149 \u062f\u0631\u062c\u0629 \u0641\u0647\u0631\u0646\u0647\u0627\u064a\u062a<\/div>\n<\/div>\n<\/div>\n<div class=\"marking-section\">\n<div class=\"detail-row\">\n<div class=\"detail-label\">\u0648\u0636\u0639 \u0627\u0644\u0639\u0644\u0627\u0645\u0627\u062a<\/div>\n<div class=\"detail-value\">: \u0634\u0631\u064a\u0637 \u0646\u0642\u0644 \u0623\u0648 \u0634\u0631\u064a\u0637 \u0646\u0642\u0644 \u0623\u0648 \u0645\u0646\u0642\u0648\u0634<\/div>\n<\/div>\n<p><img decoding=\"async\" class=\"marking-image\" src=\"data:image\/png;base64,iVBORw0KGgoAAAANSUhEUgAABf4AAAAoCAYAAACvpushAAAACXBIWXMAACE3AAAhNwEzWJ96AAAgAElEQVR4nO2dX2wb1\/Xnv5T\/pEnXg9\/uW6D5oSnaLUAaaBd5+JEBbCQFRBqwmy4gMoUM50FiW7t++MmKIdkPllRHsh9sCVlJ++Da+ZXSAhUkNKSAXcMGPBTwS5EAJgvEQAKUfNgCCdAR8rbAjjdp88fSPpBneGc4MxwOZ0iOdD6AYEv8M2dm7tx77rnnfk\/kB9976b8A+G9gGIZhGIZhGIZhGIZhGIZhGCbsvHUYwD8BeK3HhjAMwzAMwzAMwzAMwzAMwzAM0zn\/NNBrCxiGYRiGYRiGYRiGYRiGYRiG8Q8O\/DMMwzAMwzAMwzAMwzAMEyriiUSvTWCYvuZwp1\/Qjw9ZtVKBpmmQJAnRWEz\/+46qQlXVHlrmDz\/ai+BVRHptBsMwHfAEe\/gostdrMxiGYRiGYRiGYRgmdNxeXMBQKgUAWFlaxlou12OLGKb\/6Cjwf3txAcOZjF+2+Ma5kbMol0qIxmJY39zQ\/76ytIyVpaUeWuYPl\/cG8PIeB\/4ZJsz810PPem0CwzAMwzAMwzAMw4SKeCKB24sLGJRl\/W\/TszOIJ+K4OTe\/LxJ+GcYvOpL66ceg\/37nZxz0Z5jQ8+7ALj4HZ\/szDMMwDMMwDMMwjBtkWcade3exvrlhCPoTyVQK\/+vhA4xmsz2wjmH6E9b4Dxm\/3uVbxjBh5imAzchur81gGIZhGIZhGIZhmFAwPjGB9z\/8AMm6tA9Qk\/N+7cRJXDx\/AZqmAQAkScL07AzWNzcgWywOMMxBo2ONf0LTNKzlVv36uo7Y2afben69N4AXe20EwzAd8e7ALp722giGYRiGYRiGsSGeSEDTNFQrlV6bEgpGs1ls5fN64JFhGP+IJxIYn7hkqC+qaRq28nncmJsHAKiqiurpCm4tLujviycSWN\/cwI25eRQVpSe2uyGdyWA4k+61Ga44N3LW8u\/TszOG+qr9SrVS0duMSNjtb4Vvgf9qpbIv9PP7lWMARjjbn2FCzefgbH+GYRiGYRimv7m9uIBjkoTXTpzkYHYL0pkMpmdnIEkSx0MYxkckScL4xKUm2Z5yqYSrk1NNOv6qquLcyFmD\/v9gXRqoXCrhxtx8Xy5mDsqyYVEjjERjsVCfQ9jtb4VvgX8\/8GuVpV8f6E54a\/cQjvXaCAeee2MYA\/8s4+tHRTz7S9Xxvc9fHnf1nbt\/U\/HVe1uuP+fm2GTrkVNJDEi1K\/ptpYp\/\/NsadtUdV3Z1itfzZ8LP3ED4CvrKsozhTAY7qopCPu\/43vGJCQBomvTQ361w871AbVI1lEpCkiR9h1m5VHK0o5Pj0TEHZRlb+bxjgah4IuHKUSiXSq4dCjs7Wx3Lzla6j25sFK+r07W0stWuDZjtMJ9fp\/a5nWjT9TN\/j9t23up4kiRhOJNBMpUEULs2K0vLrguMuWlzXmwo5Au2z4vd5wCgqBSxrSiWtrTbNvyAro8bzNdQlmWMZsd0P1PTNGwrRRQVpWVQy0v79KtNiYxms5Akqan9iq+32\/bEc1vL5SyvRTKVQjQWsz0Xt9dHxOm60H2uViooKkrL77d7Xty2F6dr77Z\/bzVOeMVt+5AkSQ+M+B14FL\/bqo3Q63btku6D3evm91nhR18SjcUwlh3Tj1FUiljL5SzfS+cUT8QBoKXfIdKqzRQVxdU81Yv\/ZYWXayfeC\/K7iGQqheFMWv\/7Vr5gm0kbTyQwmh1z9V46rpj1upUvuLLd6ZpTVrBTP9\/O+GB1X+hajWbHbPtRhmHaI53J4NbiguFvO6qKK5NTTT48PYPVSgWapqFcKuHVEydxe3EBQ6kUJElCPJHA\/YcPsLK0fOCf05p\/VUQ0FjXIJoWJ2lhaRTKVDEWmvplu2x\/5wfdeeg3Av3v58F8\/+1T\/f7lUst324Zb1zQ1fVlnOjZzVAyzrmxv631eWlkO5Cv+jvQj+sHuo12bYEpEk\/Me\/fAQA+Mfv1\/Dl9ZuO7\/9Pf\/vfrr7328dlaL94s63PtTr+d9+5hefeGG76+56m4YvLV\/H1o21XtnWC1\/Nnws2TyB5+E8LA\/2g2i+nZGQDAD1\/6vuN7aUwwv08cK6yoVio4N3LW1gG7vbhgGfTZyudxZXLK1g6vxyOefPJxPXvLeewYn5jA+MQlx+8CamOQm\/cB9mOqm2NdnZxqmiibx0MnG8VzbXUtzbbatQGzHebz69S+Vm2ToOtn\/h7x+K+dOGkbwHM6niRJWN\/csHTerO6JFeQHkR\/jpw1ruZzt1tBoLIb1zQ1IktT0mqZp+iTJyg4n\/PANRdrxE8VraDV5JKwmkWa8tE8\/2hRhvq9WfZLVtdE0DT8\/fcYxIE19\/I6q4tUTJ5teF\/tfu\/vp9vqYbbPKJJYkCU8++RhA47lx8\/1Wz5jb9uJ07d32707PbCdQ+7h4\/kLLgCm1cbf9oRc7rM6T7k9RUXDx\/IWmz95\/+ADRWAw35uZtA+1A6\/vlduy2wq6Ps2rTnfblbtqMmzmpF\/\/Ljnav3Z8+\/ACDstxkp11fanU+yVQKd+7dbXqvXTto19cTaXXNNU3DuZGzlgsu7Y4Pdn6M3TVjGKY9orEYxicuGQLStIC3lls1+DTJVArTszOGwP+NuXnDM5tMpTA+ccnQp5dLJawsLQcybnvBra\/hF+JY7safF7Ebj\/yK5bZrR7s+qJ0vG3b7W\/BT1o4JAZf3+vs2HXnlX\/T\/Hz2VdHhn8Hznl6OWgX0AeOH6NdvXIpKE775zCwPyYIDWMQeZtwfCKfFD2W4AAssIIAfPiunZGdtMz+FMpmnrZ6fHE99DAQIxAzoMXJud4UJWHeDV8bYLFAHArcWFrmRzONlQywa3foZ\/d++uZdAfaBRIC2tGkCzLtkEdoJapabfo4RedTuZatZ90JmM5WZEkCdfqgUM7xrJjAIBCvtD02mg223YmfysoG0+SJMs2RX\/TNK2tLGVR03c\/0mocGgp4nKIAgVU7pL\/FbNoovd7pbuxoLGYZSHaDXR8XTySQNrXx0WzW9nm7Vpdz6RSzVrUVfvpfbvwe8ViDslzf5dAI0Dv1peMTlwx+hyRJtu+dtvBR4omEo6\/X6bNNiznme+fn+LCytAyglvXPMEz7yLKM8YkJrG9uGPo8WlS+MTdvCPrHEwncqsv5EDROiH0MfV7M8o8nErhz7y7GJyYO5JyJ+rQgfd+gCfs5dNv+vpL6YZp5dS+Cl\/civTbDkSNCsH9AHsSh41FXkjtfXr+JZxX79+3aZKVYfW5AHsQL168hIkl4\/vJ4k0TOoeNRfOeXowCM2f0D8iCevzyO594YRkSS8ML1afy\/X11sabsfeD1\/JnxsRnbxOfZ6bYYnRMcrnoh3VBjJanWaJN5Gs1msLC0bstFqW69rgX0xg4OcNdJ9tNvC3e7xRMTzpkWAVplyW\/m8ZfCM2FHVpswSsscsUeflWNFYTNeYHc2OWWZ3tyoItGOTGeyUWeDnVlmv9vnJcCbTljwPUAu8UqCoqCi4WZ+ciBmb07Mzvma\/u7Uhncnowarp2ZmmZ1iUdDBvf6bPkuSKFd1qG0AtU1R0kKnNW7Ubep4o2KVpGm7OzevBZJLyoB0gbmz12j69tCkROudqpWIZkKRzFLN6KXvWKWAYjcX0e79lEWRvdVyCjivi1LeNZccwXJdvMwf3KWhmZY\/V9ZdlWW\/fo9kxy+w9PyRAW\/XvQUuMDqVSAKyznu0WUfyE2rZskSATi0UB1IKk5rHSnGHpBqv7NZodQzKVQjyRQDQWa+t6i30cZezL9YDuoCxjOJM2tMN0XWqmqCi4OjkFTdP0jDy61m4WpcyZ3\/TZVu2V8OJ\/deL3NI5bm9dtm2RuxL6UsufFTMVaP7ek2079h7hzh3w38b1A45rv1PW5VVU13KN0Ju2q\/Vg9p1QUlI4rLmb4OT4UFQXXtBn9PvdzIVGG6TfiiYSl7LfTTrF4IqH3M7TbzK6PUVUVN+bmUcgX8Lt7d\/XxqrazINm0S2C\/c2txAfF8HMlUSh9zaZwNC\/cfPkBRUZBMpXDx\/AXd93UrCdprum2\/b4F\/L9t8d+oPoN1gGsRW1bBxuY8lfoijp4YA1ALqEUnCkUTcVeD\/WaWKbx6X2z6e0+coa9+8+CBm+mu\/eFN\/bVfdwReXryIiSTh6aghHTw1hQB7sit6\/1\/NnwsVTAO+GNtu\/lmElZmd6qSJPWDlUF89fwPsffqAfT5woDQnOx8XzF\/SgGW1xu\/\/wgeMkvN3jiYi6vm4n+qq609JpNAf+aPyrViptOZxWxyqXSojFoo7ZcaR72S7dcoa92uc3dgsndgwJuuqi1AVNVqZnZzwFrNqBbKhWKgYbCnXtcQqgUI0D8+eKitIkT1DI51EulXDMIRulm\/fL7to5tRvqR1aWlg3PcE3CaAnlUsn1PemkfbbbpszHvXj+AqKxWNOkWNS2vVIPUgK1yTJl0JrvOUHZ\/kWbOg4A9K3wTj6+1XVx6tsK+YK+KCHLsn5sWZb187MKslsdh7yoW4sLthPWdvtXK9z070HiFEzsxkS9UqliGM4Z\/\/R\/s\/Yy0N7CiNX9KpdKupRKMpVq6\/toPC8qit4HqPUaGFY7RcSFUGrH5VJJn6B7nZTTLpZBWW6Z8e\/V\/+rE7yGozywqRUubVpaW9etfLpWwlc\/X\/Y7GDoVofTFIvOb0XrF2AkHXdFWQ8VBVFau5VYOMRyvsfCNZHtRr2IhBRL\/Hh21F0a8FB\/4ZpjW0eG8ex7by+boGfcyyhslWPq\/3IytLy\/rzRgli5j6GqFYqePXESUNiDu0S2FaUjpI0woRYm0fsE8MU+B+sJwiK97+QL3RVMqkTum2\/rxoyVFjH7c9wJuP7FuL9xK\/3BvBir41owaHjUUQkCXuahr+\/898BwFZOJ2jEIPqAKUhxpN75f\/XeluWixJfXb+j\/P3w8GpCFzEHk3YFdPO21ER6hrK+13Co0TcOgLPu+HVJVVX1SZQ4okNNmVTSxWqnoGaF2zl27xyOoABTQ2LrdzjF6CU3Uw1jkqJ8YzmTa2nppbi8i5q3FQUHO+lputem1cqmkZ+yabaDz3DYFeQjxmQkjjfOzDsKUS6WuFHhrt02JXJ2ccgwi1TKLl5sy61tBQS+7e7+WywWiVS22R3GBl+YE1UqlrTYnXpuDKPcTtMwPAMdx0xz4t3rNj0AK3ed2x2NaMDK3cyubxPZjboPV+i7dTv0BCkw79Qd++l9u\/B5ClDk09zlqfdeiObCuWiRLNeSdjHOucsk64Ymue\/M1rxhe9wr5Rvbjnz\/jg91xGIZpZnp2pknWp1wq4eL5C7gyOaVLlFn9iIuBYp98Y24e50bO6gulf\/3sU8uftVwOr58+o\/sitEvAbM9+R0woSaaS0DQtdEWPk6kkJEmqz9\/jobc\/qN3tPZf6cXJ6rFb33GAVJAobxwCM7Pa3tj\/Q0PT\/5vGf8fWjIl64fs2wGNBNxCz9Q7GoYSHgUD2Yb7cTYVfd0XcsHDoeA7pQ5JfZ\/3yOmsxPWKGJS7lUQjQW1bfZq23oLrvBboCm8aFiI4lVy9AqtD3At3q\/eN40wQ3LJC5szk6\/UcsMlIUsDHdBz0ZbtQ5Wnhs5C0mSAnPmRF\/KzoaiomA0m7WU6gD2f9vp1fl5bVMiTrbXMpfb\/850fSHCSUs\/yGtGmbzpTFrPNiO5D6vFKyf2e9slrOR+uiHzAzQCsDQ5tVvMJNkfgjK\/zQFgL2iatzQKu0x5CqT3Y\/vx2\/9ye45Up8Fq54CdrBuNKW6O0Y1FcKfjen3dLW4XWBjmIBONxXDbVLuoVlNk1ZAs08pnLipFPaF4enambVk\/yv4XC+sOyjLu3LtbT3xwJ\/MVZiRJwv2HDwDU+v3XTpyEpmldL3TbCdFYDE8++RhALWGF5lzvf\/hBKPT\/u2V\/R5Hlq8KW4iCwW+Fr9RMWXScn3to9hGO9NsIFR1M1mZ9vH5exq+7owXeS\/+kmR15prPbaaec7aeq7kSdimHaYG3jWaxM8I0ouiJlyQWQW2mWx2WWAEZR91m42cqusOcq0K5fKqFYq2FFVDArXo585iAWq\/EYs0OfG4XLKEBX\/Xi6VAktKENumvRxOLWhm5yOFrYh1u\/Qyg6vdNuUH4nGs2gT15VZa+t2AMmyjsZg+3lDbZImMZnZU1TLIn9RlWYK9Zpqm6UEYqwx\/akdWUlRAdyXB3EJZot3e0dRK\/igI\/8utbzCo3y\/3UqQNX631PIr6pX5rD36ND6qq9mxxg2HCwO3FBdx\/+MAwVmzl8\/j56TNYWVoyxBYL+Tx++NL39UXHcqmEH770ffzwpe\/r0mHUl4xms47P8bmRs\/pnzXLiK0tLeO3EScNCw2g2i\/sPHxyo57hcKgvyduGUo6ZdV5qmhXK3cpD2dxT4L+TzePnHPzE8RK1+gixst1\/40V4EP+vzgr5Ao5AvAHz9qNZIKcv+8Cvdl8U4KkgMPftbuHd8MOHnSWQPH0XCWdAXMGabif\/67QDFEwlhohn8RNDN8bp17kEwXM+Y7bdJdZgo5PN6kI2KS+9nyLEczmQwPjERiuyYdqDzuzY7g3SP5CW73aZkWda1a62Kn8t1nXSgkTHX7fuuqqoerB7Njun1BuyKtTshBhC6UQC8F9C1Mi\/QDemFWK3lmvxEtZALowz\/cqmMHVW1lfrx477Q7gE\/vkuSJFst+yCRZVkvYG13XL99kHb8rHZljMTvFhefKGhkbq+9WmC2a4dBjA9hDDYxTDf404cfNMl8k6yPl8QYKjRO\/dqde3dtg\/\/rmxv462ef4vbiguXrqqri1RMn9SKrQG0hdH1zQy8Y3E00TcNW3XcEan2X6B8VFcXQ5xYVRe976LPi70VFsf0uks+l4r61n6ThO7xgPg7VymnHRvH3olBwXvwuOv9yqaTXVEtnMpBl2fAdB81+Mz2X+mGaubzX\/xI\/QCPDXsz0\/+ZREc+9MYyjp4bwRYvPH31j2HaB4NvHZdvCt1afG5AH9doCtPug3\/F6\/kw4eDukBX0JmvzR5E1VVUPmuxdHwCzfJknHdAcwiKKuXo4nFspsTLrLerE2sQCSmXgibitR57dOttWx4om4HhiwCyjIsmxro5V2L+HlM17wap\/fkAzJaHYsEI3zVqQz6a4tNK3lVvVgNO2crDmkRWw7FH0l7O7Xjqq2LIjdDdZyq7i1uABJknBrcQHXZmf0LFrRCXdDJ+2zW23qr599qv+\/WqlYypyIuvo0odU0DTfn5rt6z7byBX2SSQWkrYr6toIWOXZU1bK9Oj1Pbu+FU\/\/eDYnRQr6A0WzWIPcj7gAoKgpuwTqg4RflUhnxRMIgF0YB1UqlgkqlYiggLhao7fT6xBMJ\/Vz9yEQcn7ikt\/ugdr3U2l3Dz5ckSdC+r9j6E534X375WW7fR8+eefelKHkzms1iK59HMpUy1PHoFpIk6TIe5vPyc3wwYy50zTAHnSuTU5ienTEsEFMf0smutXMjZ\/Hkk48hSRLu3LuLl3\/8E8\/PLvly4gJCMpXCzoTqqsC6X1w8fwHlUkmXfHn99BlomoZkqohkKokrkzU\/4PbiAjRN0227\/\/AB1nKrui\/3pw8\/wI25eRQVxfK7xicu4fXTZwAA4xM7uHPvLoCasov4He0qqmiaZjjOaHZMTwCfnp1BtVK1tfHJJx\/j3MhZqKoKWZZNNqeavgtoSPqtb25gfXMDAPDaiZOG7zhI9lvR14F\/qyJ5bghzts+rexG8HIJsfwA4ouv7Nxzwbx7\/GQAQkSQceSXuGLx2KgL8d9P3uv0cAHzx9k3H1\/sFr+fP9D+bkV18jvBm+wMQMuHEDK4ShjMZJFMpj4F\/+yr1NwNwprwcz+68gdZbwUln0gr\/A\/\/2xxILH5sZlGXb67KyZD\/Z9\/IZL3i1z2+28nk9MJTOZDwFQ630Mculkqudj+aMqCBRVRVXJ6dwS8iCEjVTt\/J53Jibt51E2d2vcqnUF4H\/Qj6PeCKuX1MKliZTKVzTZrCWW3X9fHbSPv1oU+1SVIqW94209IGG9AYFvkhCrRtQYI0mlDstjh2NxfQJESEu1totGjg9T+4D\/\/Z9bpAyXoQoO5dMpVBUFEPQvxs6xDTuiwEAMZBdrVSRTKX0gGcrSRs7pmdnms5HXEToVNZIrtfbABrFc4NgUGibItVKBedGztoetxP\/q5t+VjqT0e+\/ec5OmY+D9d1HFNwggpKRMC+2AMaCxeY+ws\/xgahWKj3ZRcUw\/U65VMLrp89gNJvV\/SHS1C8qCm7OzXseSy+ev6AnMtx\/+ACvnjhpeF3cGWBHOpNpkg2vLdKudt2fNcczabwwF9+t\/f7U9Lv59cZnnzoU7xWPaf4O6+pg9piPY\/z\/U0cbW\/3rFOu1OgcvY3zY7beizwP\/3c+y6zWXdw\/12gTXkI7\/N48amaV7moZvH5dx+JU4jpwa6mrwelfdwReXr7JWP9NTngJ4N+TZ\/jRJMuvLUeZ7MpX0rX\/WNK1epLc7DlWr45kz7QBjth0FXPqVcqkUeP2dgwAVGaMM+H4IYAdJoZ6xTJnR4qRnOJPBoCyHWqrxyuQUyqUyhlJJQ0BGzAQN2ufsVpsSZUFqE+tjhiw1MeuYsp2jsZgeWE1n0l3NUq1tL68FYVtl+0uS5Ljg6bQjaz9Au0aSqSSKitJVmR+gWerHWpLmki7\/M+gx8O9UT+emwyKkW2iRs\/ZMBtdmrHagRGMxfQHLKvgfhP8VhJ8lSRKuCdn+Vn3GlckpW4mMoPoYu8UWAAY9cBG\/xwevRagZ5qCwlsthW1Fwa3FBH0eSqRRisRhWlpY9LWaXSyX8\/PQZvF\/PTh+fmDA8t2LSgDkJJxqL6RIrBEmzdDPLX6S2GFJENBbVdzLUFteThjFyNJvVr5UkHUM8kaiNM7kYorGofm70XbTQUq1Ukc6k9cVZTXuKdCaNlaVlSNIx3FpcQDQXgywPeqpx53QckrsTv1+0Eajdr6JS1OXhzOdP52xO7IjW21A0FtW\/o10JO7P9dEwr+62usRf7Ne0pJOmYb\/Zb0deB\/4PGr\/cG8GKvjXCJWLyXsvz130t\/rgX+WzTSL6\/ftC\/C66DRL34uIh3Df\/i3OwCAr97b6spCwwvXr+Fw\/aG2QvvFm66+x+v5M\/3NuwO7CLvLb57ME\/S7ODFtB9HJIh3BHVUNbOLt5XhO505yP3aB\/6183pNMhRfEY5FDCNSyF52yZeykPwDn3XJ2QV+\/d9h5tS8I1nI5jGbHMCjLnjK0xaCN7BCMsOLG3LxtsMyc8ewXYvBGlmUMpVIYq58\/yWxYtX27ttGqfyBH2QqnduCVQj6v38NoLIZ0Jo3hTEYP7qzlci1t7rR9dtqm3ED3I55IYH1zA6PZrKFfECdwtJUcaGjjilIy3UCUmvIiuUKLFytLy7b3z+l5cotT\/97qu83SBl5t21YUTM\/OYCiVgiTNeyrs28lzZ+7TxGx\/8V\/6e6N4bucJOWRbpwFjceeGH4sIThTyBcuAMT1r07MzulyDaB\/g3f\/qlp81ms3qAfKrk9b9BQXiKLBBcoTd2qFC7KgqVnOrjtfAj\/GBYRj3qKqKi+cvIJlK6Vn2g7KMW4sLGFKSWFla1scU2g1oHitpbN3KF\/QElmql0lT3x+x\/0240qrtEgWmg5lNsKwpWc6s9rddBi8QE7UQixHpR4iKl1e9uv2stl9PHLPN3eMHJZgCONrZz\/uLvF89f0H2iP334QUfn0E376bv8tN9My8B\/up7p5ReiLmQr7LQ0W2Gntemkz+mGILPBjgEY2Q2Htj\/QKN777C9VHD5uDILv\/d+aY3ToeBQD8qCt3v6zStVToN78ua8fbePoqSE898Yw\/v7OStvf1y6HY1Ffihd7PX+mf\/kcNZmfsEOr0081rSm7UtM0Peuy3cx380SWJAG81gzw+3jmTC\/x3GnC56S7rqo7XcuUNR+L9JSHM2nH++K1lkK3ziuIWg9e6TRDWwygjU9MtOW8VSuVnl4HtR4o2srncf\/hg3rw33rRy6udTtnbQVMLIlZQyBdw\/+EDAHDVp3XaPru5k4QmyZTNrwpBLaBZVmdlaRnJVKonRX6t\/m+FW6ksM348T5307+KOCjPtXG8xqEFZ6+0GUTt97misGZRlQ2FfoLGFndoYBVfalW5wI8ngFbEeRK92ctGzZrXI1qn\/1Q0\/SyxQ3Kq+haqq+vz5yScf1z8TXILEytJyx\/N1r+MDEXVIDmMYpoGmaSjUd+KMT1yqL2pLevb\/am5V72Osxn5xbKXn0xy3PDdytulvO6qqLziIwdlqpaLvODiIiP7IsS77gn4hzuPDSJD2twz8D3exwJwZryscdlqbTvqcbggy8P\/W7iEcC+zb\/edoXd\/\/0PEojv3xD47v+8fv1wK15ev3Cjh6akgv8PvVe1u2741I9lc5EtIOgukf5gae9dqEjhGDAsOZjK02MkkNeKVcKulZGGPZsaasN6CRpeHH4OfmeDThBuyzqqOxGGRZDlzPuV228gU9K7sf7KPijma8bBftJWKGtl2Nh37IAhSzzb3sxrGjNikrNE2O9gsUEKat0d2Y7LlpU35B7UCc9FJ\/au4jxKBgUIuxTOcU8gVMz8Z8LXTbDqRfLkqCiW1FLPBLr\/fLYq6oSW\/lA3QLul4kuyX+7qf\/5cbvscPJ7xILI7vdmZWuZ8\/7UaOhW3gdH+jacR\/KMO5QVRVXJqeQTBUxPTujZ\/9Pz84gnUnj4vkLlvMacTyieRs9fzTuqBaSa7cXF5r61xtz89hWlJ7Pn7qNpml47cRJaJqG24sLWN\/cMEhChgFKCqEd8MOZdNs7rXtJt+zveYp5P0yYe82P9iL4WUgK+gKNTH43+JEZ34qvH23ruwrsCubu1duZnT0RScKh+s4F2rFgh\/aLN\/F\/\/vk\/2\/4wB5MnkT18FAl3QV\/AOaPdy\/ucWM2tAoCe4WGmoSds\/dxOz87gr5996lr6pNXxunnuflPI5231DnuBXdCgnV1\/\/QBlaAPQMxzNiJN7u7ZBGYBBBQLEiYqds25Vv6KXlEsl\/PCl71v+hBJFFogAAAuSSURBVLmeQCvctKl2kOtBVj8naU\/ZN\/eVcyNnbdt6u0HxbVPw0fx7Kzp97tS6vy3Lg4gnEtA0zdD\/kKwPte1+CX660aTvBeJYGYQP0srvMUOLyPbjSEL3MdopjDxcLyjuRc4rbNB15hgHw7RHUVHw+ukzhgXFaCyG9z\/8wFKiTpQDEqVVVpaWLfv4dCaDJ598bJgnbeXzeP30Gazlcgcu6A\/Uxmjqqwr1JLIwBf0B467DcqncVKus3+mW\/T3V+F\/L5fZ9IS43XN7r+fpLW5B2\/56m4R+\/\/x+W76Hs+6OnhhCRJD3wHhRfvbeF59\/6Vxx+JW4pL\/TN4z\/j6KkhHD2VxJfXbzZ93lCzoE+CIky4eDvkBX2JhiZvBUWbgoGkxdhpVijpFdO2TvO2e8rkSKZSllll7WY8Oh1PzG6oabk2V2ogfdqhVLIvi71uKwqGM5l6caZgC5XaQdlxdhmJvcpS7YStfB7jE5ccgy2N4s\/JpskGtTfAH61rO0gCxKo4q5hJataij8Zi2FFV2yAFLdZ0u8aCX9jtPiFIjqSb5+emTbllOJPB+MQlVCsVvH76TMv3N4rAGYOA4kTvIE5+w4Io91OtVLp+r2jMH9L7NKMP0CjwG9Pt7QdETfqVpWXb95nrGIj2U1\/Y6WKG+KyJ\/W4Q\/lcrP8uMuLBjd3yy2+0cnhYnAfsC3tSmZVlG2fRZej0IghgfRDk1hmHag\/qWcqmE3927qwdAR7NZJFOpejHukv7e10+fMUiTFxWlqb+IJxKWPpeop37QoALyNM\/WNM22\/k+\/QnMXmvfUajZ0nlDTLbptf8vA\/425+UA0hsTVJb+PJRaZ6vessVf3Ing5RNn+QCNI\/s3jP9tq6lPgHwCOvPIv+PrRdqA2ffXHAp5\/618BAM9fHscXl68aXv\/mUVGXA\/ruO7cMrx86HsUL168BAHbVHTz7S3CBGWZ\/shnZxecIf7Y\/0AjMFvIF20kdVaSPJxIdTcZUVUVRUZBMpTCaHWuakBaVIkazWQzKMm4vLhi2qd9eXNCdPLcZZE7Ho\/N22rqeTKU6lowLktXcKobrzq9dIdagKSpFPSOwXCobrrF4z8LkaKuqiq183nEnBRV\/Hs1mUVSKhkACaXEDwZ53USkiGos1XXtJkhxtuF1\/zWorNX0fAFQCXLQIClmWcefeXWwrCm5YFPKk\/gWoSZR0Czdtyi0UaDXreIvat2I\/LRYJFd9PfSAHq\/ofkvvpVjF5EWo\/DTkF4yIutaeGDFDv+w2zJr1ToFfTNF1LfziTMRQ6pMUO1aZ2mRskSdKDKxR4IYLwv1r5WWbMBZqNx055KoxM\/Vy1UrG1Wa3XhhjOpA020k6BIBaQghgfeAGVYfyhWqng1RMnDbI8g7KM9c0NrCwtGwpu2\/VrVLx3NDtmiDHWitguH+hdOedGzqJaqSCZSuHOvbu9NqdtdlQVr58+oy9YuN393y\/0wv6Wgf9ubtH0+1j9VCTQjsu7h3ptQltEJEmXy\/nmkXU2CtAIoB86HsWRU0nLwP8Lv73muBPg20rVMjvf7nhU5PfoqSF8adpl8NV7W3j+8ri+IHHklTh2\/1ZzyET5n24UByb8PH+mdzwF8O4+yfYX9eSc5APKpVJ94hnveNfWtlK0LT4nFqccrmvzUnaCGPRvZ3JldzzKtGt13kCzLm+\/UK1U9MxzuyK\/0VjM0bnYyhc62s1AmcwUbB7NjkHTNEPbcpr8e7XP6TO1Qn3udIjtWFladgzSiq+vb27obTeZShnaapCTjK18Xp\/c3Fpc0AMm4rU320DPAgC8\/+EHdQmMWiAvGosaFsTsFtiCvvadQNdjOJPBUCpVvy+1QCQF0IBGX9MKP5+fVm3KLaKO9\/rmBrbrxV7F7xZ9YbGfWN\/cwFY+b6g3EKZFObdMz844PntukoTSmbSt7BxQS17q1piwlc879qNBQ+0HaJ67UYFfJ31\/KnbuRyFWN99FYxJg\/wyLbYB2z41PXIIsD0JVd5DOpPXvcCuvZNVmorGY5fcE6X85+VlmxMC\/uV6MmA06nEnrY4z4Wav+Pl1\/n9NCFdlIWt01uYO4vtCwbbMDohP8Hh+AhgxTv8cfGCYsXJmcwmpuVdeeB2p9ejqTxo25eVufJZ5IGBKOgNrYdW7kLC\/KwZgoHUZUYadyPyQYtEsv7O+p1M9B59d7A3ix10a0iUES57GzVMM3pXIt8G+jq0+a+n5BRX4jkoTn3hhuKir89FcXIf3xD4hIEgbkwaY6BV+9t+VYGNhv\/D5\/pje8O7CLZlGYcDIkZHw6OUXlUlnfctkphXwe1+rb0GtOnNEBuTI5ZSg0JGZTeQkq2h1vyIUEDWXnRWO1wor96Cyt5lYxPTuDZF3P1xzsEiVfrOhUgkfTNNycm9czzM1Zg5qmORYY9Gpf0LswWmVoq6qKq5NT+nmbd4Z0IwCuqqrh2puviZUNRUUxnJfdjhan7M5+3QED1ILrpFdKUhfmfqudApV+Pj9+Zv3fmJvHnXt39SCWiFVWG\/UTlA1HiPUH9hN+6NUOys6F1oLYHW1HrxObqIAvYB00EF\/vhx0k4n1z0xZWlpZ1TXzz81Rso\/ijU5sx98dB+l+t\/CwRVVUF6TqjNJB4Lu3UI3CzO7NQX7im3Qzi9+\/Udy34jd\/jA1BbMABgK9XEMEz7VCsVvPzjnyCdyeg+7mB9xw4pfIgyhuubG02Salcnp\/ZlYoNXbi8uoJAvhEoaRySeSGA0m8WOqobyHHphf8vAv6iZddBpN7PUiWMARnbDpe0PNLLjd9WdJh19M98+LgO\/HMWAPIhDx6OBS+hQkd8BeRDf+dVoU+D\/2V+q0H7xJr7722uGLH+qVdDNbH9mf\/A5ajI\/+4VG8U\/ngIL4eit9VDdQdt1wJtM0wSKHbnp2xjARLJdKuHj+gqcMavPxxAw8N+dO2Xb9COn5ArXt9b2oo0OFhqdnZwz+Q7lU6mpWrN+0ytC2O++tfN5SRiAIvNhwZXIKRaWI8YlLTUExCk6FNXuR9F\/HJyaQzqSb\/NmiouDm3HzPsr\/8yvovKgquTk7pwT2gEcS3yoJey+V0LVF6\/46q4jcWck8MY6ZaqSKZStkGqel1c+HfsKCqKi6ev9CULUryEJ2gaZqltEzQ\/peTn2WmqCgYzWabZHe8QNn+xfpOJCcunr+AW4sLTb7e1cmpQMZPv8cHsZZBu0W3GYZpTaEu1Xbn3l3dX43GYnjyyce4eP4CADTJ1vTaz+tXaDwIM2GrSWCm2\/ZHfvC9l14D8O92b1jf3OjrbK5ucm7krG+T39ndQ\/hZyLT99xMRScLh41Hsahpr+jOeuTjwDB9F9oe2fxigrfBWNWKY\/oQWVVplMe436Lx72Va92CAWud6Pz5kopxHWxYxW0H13e37xRKJJa5xhmBr90Jd3G1mW8f6HHwDwd+7bzvEHZbnrfkOn48P07AxGs1nXhdYZhvHOaDZrkHEzs6OqhkLA\/U46k2mST+tX7OQRp2dnfNlhGTR2u7DDbn8LfsqB\/zbwy\/l5ERH8z2fh0vZnGMbIk8gefjPwrNdmMAzDMAzDMIxv0Py\/XCq5qoFx0BEXS65OTnW8U4JhmNbIsoxrdXlTQtM0vfgvwzA6Pw2f1sw+4LchlPhhGMbIO\/tI4odhGIZhGIZhAOiSRnZ1XxgjpNG8o6oc9GeYLkGybFcnp\/RaIOdGznLQn2EsaJnxL2ofH3T82Ob5IiIc+GeYkPNRZA\/vcuCfYRiGYRiG2YeQVjZpZzP2RGMxrG9u4OL5C6GRFmGY\/YQsywdKUpRh2qS11A\/DMAzDMAzDMAzDMAcDsVA40xoOPDIMwzB9yk8P99oChmEYhmEYhmEYhmH6Aw74twcH\/RmGYZh+hTVnGIZhGIZhGIZhGIZhGIZhGGYfwYF\/hmEYhmEYhmEYhmEYhmEYhtlHHAbwGYC3e2wHwzAMwzAMwzAMwzAMwzAMwzCd89n\/B\/vrlTp8mu8gAAAAAElFTkSuQmCC\" alt=\"Markalama G\u00f6rseli\" title=\"\"><\/p>\n<\/div>\n<div>\n<table style=\"width: 100%;\" cellspacing=\"0\" cellpadding=\"0\">\n<tbody>\n<tr>\n<td style=\"width: 120px; font-weight: bold;\">\u0646\u0648\u0631\u0645<\/td>\n<td style=\"width: 400px; text-align: left;\">TTS EN 1361 \u0627\u0644\u0646\u0648\u0639 - \u0647\u0640<\/td>\n<td style=\"width: 120px; font-weight: bold;\">\u0644\u0648\u0646<\/td>\n<td style=\"width: 400px;\">\n<div class=\"color-icons\"><img decoding=\"async\" src=\"data:image\/svg+xml;base64,PHN2ZyB2aWV3Qm94PSIwIDAgMTAwIDEwMCIgeG1sbnM9Imh0dHA6Ly93d3cudzMub3JnLzIwMDAvc3ZnIj4KICA8Y2lyY2xlIGN4PSI1MCIgY3k9IjUwIiByPSI0OSIgZmlsbD0iIzAwMDAwMCIgc3Ryb2tlPSJibGFjayIgc3Ryb2tlLXdpZHRoPSIwLjUiLz4KICA8Y2lyY2xlIGN4PSI1MCIgY3k9IjUwIiByPSIzOCIgZmlsbD0id2hpdGUiIHN0cm9rZT0iYmxhY2siIHN0cm9rZS13aWR0aD0iMC41Ii8+CiAgPGNpcmNsZSBjeD0iNTAiIGN5PSI1MCIgcj0iMzMiIGZpbGw9IiMwMDAwMDAiIHN0cm9rZT0iYmxhY2siIHN0cm9rZS13aWR0aD0iMC41Ii8+CiAgPGNpcmNsZSBjeD0iNTAiIGN5PSI1MCIgcj0iMjIiIGZpbGw9IndoaXRlIiBzdHJva2U9ImJsYWNrIiBzdHJva2Utd2lkdGg9IjAuNSIvPgo8L3N2Zz4=\" alt=\"\" title=\"\"><\/div>\n<\/td>\n<\/tr>\n<\/tbody>\n<\/table>\n<\/div>\n<\/div>\n<\/div>","protected":false},"excerpt":{"rendered":"<p>&nbsp; \u00dcr\u00fcn Ad\u0131: AERO-E \u00dcr\u00fcn Kodu: ARE496 U\u00e7ak Yak\u0131t Dolumu Al\u0131c\u0131\/Verici EN 1361 Tip E Kullanim Alan\u0131 : Aromatik i\u00e7eri\u011fi %50&#8217;ye kadar olan u\u00e7aklar\u0131n yer ikmali ve yak\u0131t bo\u015falt\u0131m\u0131 i\u00e7in. Alt Katman : Havac\u0131l\u0131k Benzinleri ve Jet Yak\u0131tlar\u0131na Dayan\u0131kl\u0131, \u0130letken NBR Kau\u00e7uk. Takviye Katman\u0131 : Y\u00fcksek Mukavemetli Sentetik Tekstil, 2 \u00c7elik Tel Spiral ve 2 [&#8230;]\n","protected":false},"featured_media":22391,"comment_status":"open","ping_status":"closed","template":"","meta":{"jetpack_post_was_ever_published":false},"product_brand":[],"product_cat":[2364],"product_tag":[],"class_list":{"0":"post-21581","1":"product","2":"type-product","3":"status-publish","4":"has-post-thumbnail","6":"product_cat-sel_akaryakit_hortumlari","8":"first","9":"instock","10":"taxable","11":"shipping-taxable","12":"product-type-simple"},"jetpack-related-posts":[],"jetpack_sharing_enabled":true,"jetpack_likes_enabled":true,"_links":{"self":[{"href":"https:\/\/tuzlahortum.com.tr\/ar\/wp-json\/wp\/v2\/product\/21581","targetHints":{"allow":["GET"]}}],"collection":[{"href":"https:\/\/tuzlahortum.com.tr\/ar\/wp-json\/wp\/v2\/product"}],"about":[{"href":"https:\/\/tuzlahortum.com.tr\/ar\/wp-json\/wp\/v2\/types\/product"}],"replies":[{"embeddable":true,"href":"https:\/\/tuzlahortum.com.tr\/ar\/wp-json\/wp\/v2\/comments?post=21581"}],"wp:featuredmedia":[{"embeddable":true,"href":"https:\/\/tuzlahortum.com.tr\/ar\/wp-json\/wp\/v2\/media\/22391"}],"wp:attachment":[{"href":"https:\/\/tuzlahortum.com.tr\/ar\/wp-json\/wp\/v2\/media?parent=21581"}],"wp:term":[{"taxonomy":"product_brand","embeddable":true,"href":"https:\/\/tuzlahortum.com.tr\/ar\/wp-json\/wp\/v2\/product_brand?post=21581"},{"taxonomy":"product_cat","embeddable":true,"href":"https:\/\/tuzlahortum.com.tr\/ar\/wp-json\/wp\/v2\/product_cat?post=21581"},{"taxonomy":"product_tag","embeddable":true,"href":"https:\/\/tuzlahortum.com.tr\/ar\/wp-json\/wp\/v2\/product_tag?post=21581"}],"curies":[{"name":"\u062f\u0628\u0644\u064a\u0648 \u0628\u064a","href":"https:\/\/api.w.org\/{rel}","templated":true}]}}