{"id":21575,"date":"2025-08-11T11:14:20","date_gmt":"2025-08-11T08:14:20","guid":{"rendered":"https:\/\/tuzlahortum.com.tr\/urun\/aero-b\/"},"modified":"2025-08-20T15:42:49","modified_gmt":"2025-08-20T12:42:49","slug":"aero-b","status":"publish","type":"product","link":"https:\/\/tuzlahortum.com.tr\/ar\/product\/aero-b\/","title":{"rendered":"AERO-B"},"content":{"rendered":"<p>&nbsp;<\/p>\n<div class=\"report-container\">\n<div class=\"report-header\">\n<div class=\"standard-text\">\u0627\u0633\u0645 \u0627\u0644\u0645\u0646\u062a\u062c: AERO-B<\/div>\n<div class=\"standard-text\">\u0631\u0645\u0632 \u0627\u0644\u0645\u0646\u062a\u062c: ARB495<\/div>\n<\/div>\n<div class=\"product-image-container\">\n<div class=\"key-feature\">\u0625\u0639\u0627\u062f\u0629 \u062a\u0632\u0648\u064a\u062f \u0627\u0644\u0637\u0627\u0626\u0631\u0627\u062a \u0628\u0627\u0644\u0648\u0642\u0648\u062f EN 1361 \u0627\u0644\u0646\u0648\u0639 B<\/div>\n<\/div>\n<div class=\"horizontal-line\"><\/div>\n<div class=\"product-details\">\n<div class=\"detail-row\">\n<div class=\"detail-label\">\u0645\u0646\u0637\u0642\u0629 \u0627\u0644\u0627\u0633\u062a\u062e\u062f\u0627\u0645<\/div>\n<div class=\"detail-value\">: Aromatik i\u00e7eri\u011fi %50&#8217;ye kadar olan u\u00e7aklar\u0131n yerden yak\u0131t ikmali i\u00e7in.<\/div>\n<\/div>\n<div class=\"detail-row\">\n<div class=\"detail-label\">\u0627\u0644\u0637\u0628\u0642\u0629 \u0627\u0644\u0633\u0641\u0644\u0649<\/div>\n<div class=\"detail-value\">: \u0645\u0637\u0627\u0637 NBR \u0627\u0644\u0645\u0648\u0635\u0651\u0644\u060c \u0645\u0642\u0627\u0648\u0645 \u0644\u0648\u0642\u0648\u062f \u0627\u0644\u0637\u0627\u0626\u0631\u0627\u062a \u0648\u0648\u0642\u0648\u062f \u0627\u0644\u0637\u0627\u0626\u0631\u0627\u062a.<\/div>\n<\/div>\n<div class=\"detail-row\">\n<div class=\"detail-label\">\u0637\u0628\u0642\u0629 \u0627\u0644\u062a\u0639\u0632\u064a\u0632<\/div>\n<div class=\"detail-value\">: \u0646\u0633\u064a\u062c \u0635\u0646\u0627\u0639\u064a \u0639\u0627\u0644\u064a \u0627\u0644\u0642\u0648\u0629 \u06482 \u0633\u0644\u0643 \u0646\u062d\u0627\u0633\u064a \u0645\u0636\u0627\u062f \u0644\u0644\u0643\u0647\u0631\u0628\u0627\u0621 \u0627\u0644\u0633\u0627\u0643\u0646\u0629.<\/div>\n<\/div>\n<div class=\"detail-row\">\n<div class=\"detail-label\">\u0627\u0644\u0637\u0628\u0642\u0629 \u0627\u0644\u0639\u0644\u064a\u0627<\/div>\n<div class=\"detail-value\">: \u0627\u0644\u0645\u0637\u0627\u0637 \u0627\u0644\u0635\u0646\u0627\u0639\u064a \u0627\u0644\u062e\u0627\u0635 \u0627\u0644\u0645\u0642\u0627\u0648\u0645 \u0644\u0644\u062a\u0622\u0643\u0644 \u0648\u0627\u0644\u0623\u0643\u0633\u062c\u064a\u0646 \u0648\u0627\u0644\u0647\u0648\u0627\u0621 \u0648\u0627\u0644\u062d\u0631\u0627\u0631\u0629 \u0648\u0627\u0644\u0632\u064a\u062a.<\/div>\n<\/div>\n<\/div>\n<div class=\"datasheet_table\"><img decoding=\"async\" class=\"alignnone size-full\" src=\"https:\/\/tuzlahortum.com.tr\/wp-content\/uploads\/2025\/08\/datasheet296.svg\" alt=\"\" title=\"\"><\/div>\n<div class=\"table-notes\"><\/div>\n<div class=\"horizontal-line\"><\/div>\n<div class=\"footer\">\n<div class=\"standards-section\">\n<div class=\"standard-item\" style=\"margin-top: 9px;\"><img data-recalc-dims=\"1\" width=\"1020\" decoding=\"async\" style=\"margin-right: 10px;\" src=\"https:\/\/i0.wp.com\/tuzlahortum.com.tr\/wp-content\/uploads\/2025\/04\/tse-1.png?fit=1020%2C40&#038;ssl=1\" height=\"40\" alt=\"\" title=\"\"><\/div>\n<div class=\"standard-info\"><\/div>\n<\/div>\n<div class=\"horizontal-line\"><\/div>\n<div class=\"temperature-section\">\n<div class=\"temp-icon\"><img decoding=\"async\" src=\"data:image\/svg+xml;base64,PD94bWwgdmVyc2lvbj0iMS4wIiBlbmNvZGluZz0iVVRGLTgiPz4KPHN2ZyBpZD0ia2F0bWFuXzIiIGRhdGEtbmFtZT0ia2F0bWFuIDIiIHhtbG5zPSJodHRwOi8vd3d3LnczLm9yZy8yMDAwL3N2ZyIgdmlld0JveD0iMCAwIDcyLjI3IDE2Ljk4Ij4KICA8ZGVmcz4KICAgIDxzdHlsZT4KICAgICAgLmNscy0xIHsKICAgICAgICBzdHJva2Utd2lkdGg6IC41OXB4OwogICAgICB9CgogICAgICAuY2xzLTEsIC5jbHMtMiwgLmNscy0zLCAuY2xzLTQgewogICAgICAgIGZpbGw6IG5vbmU7CiAgICAgICAgc3Ryb2tlLW1pdGVybGltaXQ6IDMuODY7CiAgICAgIH0KCiAgICAgIC5jbHMtMSwgLmNscy0zLCAuY2xzLTQgewogICAgICAgIHN0cm9rZTogI2E3YTlhYjsKICAgICAgfQoKICAgICAgLmNscy01IHsKICAgICAgICBmaWxsOiAjYTdhOWFiOwogICAgICB9CgogICAgICAuY2xzLTIgewogICAgICAgIHN0cm9rZTogI2ZmZjsKICAgICAgfQoKICAgICAgLmNscy0zIHsKICAgICAgICBzdHJva2Utd2lkdGg6IDIuMDZweDsKICAgICAgfQoKICAgICAgLmNscy00IHsKICAgICAgICBzdHJva2Utd2lkdGg6IC4ycHg7CiAgICAgIH0KICAgIDwvc3R5bGU+CiAgPC9kZWZzPgogIDxnIGlkPSJrYXRtYW5fMSIgZGF0YS1uYW1lPSJrYXRtYW4gMSI+CiAgICA8Zz4KICAgICAgPHBhdGggY2xhc3M9ImNscy0zIiBkPSJNMTEuMzQsMTEuNTdjLS45NCwxLjcxLTIuNzEsMi42Ni00LjgsMi42Ni0zLjA1LDAtNS41MS0yLjQ3LTUuNTEtNS41MlMzLjUsMy4xOSw2LjU1LDMuMTljMS45NCwwLDMuNjUsMSw0LjYzLDIuNTIiLz4KICAgICAgPGNpcmNsZSBjbGFzcz0iY2xzLTUiIGN4PSI2LjU1IiBjeT0iOC42NiIgcj0iMi40Ii8+CiAgICAgIDxjaXJjbGUgY2xhc3M9ImNscy0yIiBjeD0iNi41NSIgY3k9IjguNjYiIHI9IjIuNCIvPgogICAgICA8bGluZSBjbGFzcz0iY2xzLTMiIHgxPSI2OC4zNCIgeTE9IjExLjc2IiB4Mj0iOS45MiIgeTI9IjExLjc2Ii8+CiAgICAgIDxsaW5lIGNsYXNzPSJjbHMtMyIgeDE9IjY4Ljc4IiB5MT0iNS41MSIgeDI9IjkuNzMiIHkyPSI1LjUxIi8+CiAgICAgIDxsaW5lIGNsYXNzPSJjbHMtMyIgeDE9IjU0LjA3IiB5MT0iOC43NSIgeDI9IjguNjQiIHkyPSI4Ljc1Ii8+CiAgICAgIDxwYXRoIGNsYXNzPSJjbHMtMyIgZD0iTTY4LjE1LDUuNTVjMS43MSwwLDMuMDksMS4zOSwzLjA5LDMuMDlzLTEuOTIsMy4wNi0zLjYyLDMuMDYiLz4KICAgICAgPHBhdGggY2xhc3M9ImNscy01IiBkPSJNNTMuOTEsOC43NWMwLS4xNC4xMi0uMjYuMjYtLjI2cy4yNy4xMi4yNy4yNi0uMTIuMjctLjI3LjI3LS4yNi0uMTItLjI2LS4yN1oiLz4KICAgICAgPHBhdGggY2xhc3M9ImNscy0zIiBkPSJNNTMuOTEsOC43NWMwLS4xNC4xMi0uMjYuMjYtLjI2cy4yNy4xMi4yNy4yNi0uMTIuMjctLjI3LjI3LS4yNi0uMTItLjI2LS4yN1oiLz4KICAgICAgPGxpbmUgY2xhc3M9ImNscy0xIiB4MT0iMzYuNDMiIHkxPSIxNi45OCIgeDI9IjM2LjQzIiB5Mj0iMTQuMjQiLz4KICAgICAgPGxpbmUgY2xhc3M9ImNscy0xIiB4MT0iMjguMDUiIHkxPSIxNi45OCIgeDI9IjI4LjA1IiB5Mj0iMTQuMjQiLz4KICAgICAgPGxpbmUgY2xhc3M9ImNscy0xIiB4MT0iMTkuNTkiIHkxPSIxNi45OCIgeDI9IjE5LjU5IiB5Mj0iMTQuMjQiLz4KICAgICAgPGxpbmUgY2xhc3M9ImNscy0xIiB4MT0iNDEuNTciIHkxPSIyLjc0IiB4Mj0iNDEuNTciLz4KICAgICAgPGxpbmUgY2xhc3M9ImNscy0xIiB4MT0iMzMuMjgiIHkxPSIyLjc0IiB4Mj0iMzMuMjgiLz4KICAgICAgPGxpbmUgY2xhc3M9ImNscy0xIiB4MT0iMjQuOTkiIHkxPSIyLjc0IiB4Mj0iMjQuOTkiLz4KICAgICAgPGxpbmUgY2xhc3M9ImNscy0xIiB4MT0iMTYuMDgiIHkxPSIyLjc0IiB4Mj0iMTYuMDgiLz4KICAgICAgPGxpbmUgY2xhc3M9ImNscy0xIiB4MT0iNDQuNjMiIHkxPSIxNi45OCIgeDI9IjQ0LjYzIiB5Mj0iMTQuMjQiLz4KICAgICAgPGxpbmUgY2xhc3M9ImNscy0xIiB4MT0iNDkuNDkiIHkxPSIyLjc0IiB4Mj0iNDkuNDkiLz4KICAgICAgPGxpbmUgY2xhc3M9ImNscy00IiB4MT0iNDAuODgiIHkxPSIxNi45OCIgeDI9IjQwLjg4IiB5Mj0iMTQuMjQiLz4KICAgICAgPGxpbmUgY2xhc3M9ImNscy00IiB4MT0iMzIuMzMiIHkxPSIxNi45OCIgeDI9IjMyLjMzIiB5Mj0iMTQuMjQiLz4KICAgICAgPGxpbmUgY2xhc3M9ImNscy00IiB4MT0iMjMuNzkiIHkxPSIxNi45OCIgeDI9IjIzLjc5IiB5Mj0iMTQuMjQiLz4KICAgICAgPGxpbmUgY2xhc3M9ImNscy00IiB4MT0iMjAuNTkiIHkxPSIyLjc0IiB4Mj0iMjAuNTkiLz4KICAgICAgPGxpbmUgY2xhc3M9ImNscy00IiB4MT0iMjkuMTMiIHkxPSIyLjc0IiB4Mj0iMjkuMTMiLz4KICAgICAgPGxpbmUgY2xhc3M9ImNscy00IiB4MT0iMzcuMTYiIHkxPSIyLjc0IiB4Mj0iMzcuMTYiLz4KICAgICAgPGxpbmUgY2xhc3M9ImNscy00IiB4MT0iNDUuNzEiIHkxPSIyLjc0IiB4Mj0iNDUuNzEiLz4KICAgIDwvZz4KICA8L2c+Cjwvc3ZnPg==\" alt=\"S\u0131cakl\u0131k\" width=\"100\" title=\"\"><\/div>\n<div class=\"temp-values\">\n<div>-30 \u062f\u0631\u062c\u0629 \u0645\u0626\u0648\u064a\u0629 \/ +65 \u062f\u0631\u062c\u0629 \u0645\u0626\u0648\u064a\u0629<\/div>\n<div>-22 \u062f\u0631\u062c\u0629 \u0641\u0647\u0631\u0646\u0647\u0627\u064a\u062a \/ +149 \u062f\u0631\u062c\u0629 \u0641\u0647\u0631\u0646\u0647\u0627\u064a\u062a<\/div>\n<\/div>\n<\/div>\n<div class=\"marking-section\">\n<div class=\"detail-row\">\n<div class=\"detail-label\">\u0648\u0636\u0639 \u0627\u0644\u0639\u0644\u0627\u0645\u0627\u062a<\/div>\n<div class=\"detail-value\">: \u0634\u0631\u064a\u0637 \u0646\u0642\u0644 \u0623\u0648 \u0634\u0631\u064a\u0637 \u0646\u0642\u0644 \u0623\u0648 \u0645\u0646\u0642\u0648\u0634<\/div>\n<\/div>\n<p><img decoding=\"async\" class=\"marking-image\" src=\"data:image\/png;base64,iVBORw0KGgoAAAANSUhEUgAABf4AAAAoCAYAAACvpushAAAACXBIWXMAACE3AAAhNwEzWJ96AAAgAElEQVR4nO2dbWwb17nn\/5JjJ03r2fu14BS3xe0WIA20QAqUNGAjKSDSi7x0AXESyHCAldjUrhe4EpO14w+W1KztfPDLJpIusK6dlOKHGBYSkh+a2ICHBprCBkwGaHBbICSwWGAX6GjzbYEd3zaJX6T9QD5Hh8OZ4ZAcDjnS8wMEm29zzsycOS\/PeZ7\/M\/ZP\/\/j95wD8AQzDMAzDMAzDMAzDMAzDMAzDhJ2fjw+7BgzDMAzDMAzDMAzDMAzDMAzD+Acb\/hmGYRiGYRiGYRiGYRiGYRhmG8GGf4ZhGIZhGIZhGIZhGIZhQsVsNou0pg27GgwzsjzRz49VVcVsdg4RVfWrPr5w7sxZ1Gs1RGMxzC8uiPdLhSKKhcIQa+YPL26OY3GD92wYJsy8M76BtbGNYVeDYRiGYRiGYRiGYUJFPJHAhUsXhT1yUkvj1ImTMAxjyDVjmNGiL8P\/tbXrI2f0BwBFUcS\/8URCvF+tVIdVJd\/YC+B1NvozTKj5EsANNvozDMMwDMMwDMMwjGdUVcXpxQUkU6mW9+OJBH5\/8wbyuVWsLC0NqXYMM3r0ZUEeRaP\/dmdqcxx7h10JhmH64r3xDdwfdiUYhmEYhmEYhmEYJiTMZrP4\/c0bLUb\/dcOAaZoAGs6\/s9k5XFu7DpXtlQwDoE+PfyZYvosx\/Iq9\/Rkm1Hw+tolP2NufYRiGYRiGYRiGYTqiqqqt4sjK0jJWlpagKArOX7ooNgTI+39laRn5XG4YVfaMqqqhcaquViq270djMaG8MsqYpol6rdb2ftjr3wnfDP\/rhoEjU4dZT2uAvMFGf4YJPe+x0Z9hGIZhGIYZcaYzGdw3zW2RIy8ILl+9grfPnGV7CMP4iNWgT5R1HadOnBSe\/qZp4vjRY0imUphfXEBEVaEoCuYXF5BMJUda+39S0zCbnRt2NTzxw+\/\/wPb9+cWFFpn1UaVaqeDI1OG298Ne\/074Zkk2DGNkH6TtwE83x\/Ds5tiwq8EwTB98MraJP41tDrsaDMMwDMMwDOMIyWWcv3SR5TI8MN\/UGw+L8Y5hwkAylcLHNrI+586cxfGjx4TRX6as63j2wEGUpA3LeCKBT+\/ewWw2Gwqvbobxm5GS+rm2dt2XXZYjU4cdQ1DCyuubO8Pb\/9vvnMcuNYKvf5fHg1u3Xb+rfPiBp2M+qtXx97fe9vy7B7du4+vf5V2\/M6YoePqt09hzaAJjzcHj8Rd1fPXuSsd6+0Wn83hY+Qxfv5\/Hps2AyATPfTS0\/cNGNBbD\/OIC1g0Db5446frda2vXAaBtF5ret2PdMLCytOy6cUzeGhOpFBRFgWmayOdWkc\/lbCd8\/ZZHzC8uIBqLYWVp2XVMSWsaJrV0x+OVCkVP3wOAeq2Gc2fOdl1WqVC09cyj++iljvLv3a6lXV2d2oC1Htbz67d+Xj0f6PpZj+O1nXs5v9nsnFigUHvz6i1Jbe7cmbOOYZy91KFYKHZMchZPJDCdmWlZXJV1HaVCEWVdd6yHG07tuFfo+njBeg3TmobpzIz4vWmauK3rWM2tdgyZ7aV9+tWmCEpkpyiK7XNuTXRHC2O7e+d0bnaLaDL+RWMxx\/vp9frIuLWNC5cuIqKqKOtl5HO5jsd36ve8the3a9+pz6U6DhJqI05GDkJVVZy\/dBGA9z7RK4qi4PLVKwBg6zVJZXe6F06fW79nRzfjtxPpplclSSqUdd3RQ5vmHpOaJt4rFQo4d+as632gcvxoN73Mwezo5dpNZzJizmU9X7ou9HmpUMDK0rLtdZG9b4F2L12ZQV1zmjd2mst5HSPs5jLVShXTmQwmNa3vdsowOx16xmTbID2T1r4wrWmif6nXamLe8+aJkygWii3jymx2DvFEvOPabrtD\/eqkpnU9fxsVzp05i1Kh0DZmhIWg6z9Shn\/Gnhc3x\/GjHeDtP65G8OTLkwCA3cZ6RwP6E\/vjPZXT6XdP7I\/jyZcnYb7yqq3RfExRoHz4AXbti7a8v2tfFN95\/zK+evdf8NU7Kz3VrRs8n8fLR7BhrA+8Pow7a+Mb+BLh8\/ZPplJi0tVp4eW0cdtpQ3cilcIvnn\/BceF9be16iyGADFHJVBJHpg631amf8mSmMxkAQDJVc50cRlTV06Z1tVLte3O7U1nxRALRWLTNoKYoiuc6Wo\/XDZ2+71SPoOpH1896HLn8YqHoeL\/dyovGYri2dr3FkyjSNIbFE\/GORhs6RjyRcPVG6qUO9Ly89PwLtr9La5owGMokUykkUylbQ80wwmHp+nhBvgYXLl1sm1QrioJJTRNGGreNkV7apx9tirDeV7v2a9W9jagqLl+90tEZJq2lEU8kUK\/VbI3+1v7XDq\/XRyaeSCCfW7U1INO9Wlla9nT8eCJh+4x1016c8NLn0lg0KKj8ZCrlajSfkMZrvzFNU+jfRlS17b7J18mujslUChFVRalQdC2n0z2bSKVwZOpwT\/q2dv1cMpVCLBbDS8+\/0Nb+7dr+pKYh2vy+G361Gz\/mYITXuQ\/QeOamMzMAgLct5Vr708Z3M4ioKo4fPdZWJ9owks8pdjP4a55MpXDqxEnb9tntGGHXJ5V1HdVKBfFEArPZOU9jPsMwrdBzZzVGVyuVNmO9kwRQPpeTNuQqeOn5FzCbzWI6MyOe3WtrCeRzOccNy+1OsVBsbojmQmv4p83zYqEYSsN\/0PXfGW7kIWYvgNd3iLb\/bsmQvefQxBBr0jDiP\/XatO1ne9\/\/7y1G\/0f3qi2G9W+9\/s8t5zJoHn9Rx6N7VfH3+Iu6+GxcjeA775wPrC6MPV8CWAuptn8ylZT+n3L5Zu\/QxM2Oy1evtHhfVSsVMUEjz2Y\/yyPkcx3UeQ+K6UwmFBqFo0qvbUo2zK4bRsviZFLTBt6OOtWh8bxkbX93Wpr012uNjS75t8lUyrOn\/agRTyRaJtR0brLhkBaDg6Jf6Yf5pqe\/E2R0A7bun\/xbN+ja5HOrtsf1+75XKxWsNw2PEzbPBNXH2n47MalpSA9w4UT1sWs\/8URioGUTE9J4bEfaY0RZr9A5240v9J5Te6H2WevBYC+jKAp+azEke\/0d9XM0l6B2GFFVsdFPpJvGZmDr3tP3o7GY5\/vdb7vxcw7mZe4jl6UoSjNirFUuw\/qM0pwsabPxdEEqL6hr7oadbJGfYwT1oxQNwTCMd5KpFC5fvdIybzFNU8j6WOcE5JwCNMYnembt1kErS0s4deJkSxTkdCaDy1evhG6d5wfU18YTCTEmhg35HNYNoyeHgGESdP198\/jvxdvHzrtIptcGuJ127aY2x7F32JUIiN2Htia3Y4qC3fvjeHiv6vKLBvdfedXT97z8blyNYO\/7lxuG\/1\/+pzbP\/T2HJoSn\/eMv6i1RAU++PIlvN43sT\/\/mNP7ff\/hF13Xqhb\/\/17fbzkOOSnhifxzjaoS9\/ofIe+MbuD\/sSvSAoigti\/h4It5Xgje7ZEDkZRVPJKBavAhlzz851Fv2Qp3OZGy9RnspTyae2Nq8i6iq63eJTl7Dje+0fk4Sd91K1NmVJXsFp7W07fF6TQjklMjJb3qtn580vIcTXRsdaZF\/7sxZ4cUh35P5xYWOsiv94FQHten53XheZtoksuTfWdsh\/dZqTJYJqm0A7fIlDa+t667thrxW1w0DR6YOtzzH5I1q9Wh1otf22UubskILM7sFKp1jqVAQXqbTmYwIbyc5Ditk3DNN07VtlgoFV2+kaqXS1g7c+rb5xQVMZzJIa+k2uRMyXq\/abETYXX9r+7Ybo\/yQALWTy1JVVURaTGrpgSdAle+XFVVVB745V6\/VmmNnpO2zaKzhEKMoStt4Ka8PvS5s7e4ZtemIqopIJK\/IsjRyxAC102Qq2XJ\/aZPF2ubo+xOppKf73U+76XUO1s\/ch6Dzt15j6mvqtZqIuFQUBZ\/evQNFUZBMJcV9i8ZiYsNH9rQnQ9ugrrnd\/Ij6eopkkKMi\/RwjyrqOdcMQbZSTIjNMZ6KxGGYyM0LSlcjncigWio7jBq3VqpWKiDb6+OYNRFTVdh1U1nWUdR3TmQxms3PCfhmNxRAvxB3Xk9uR+cUFzC8uwDRNPHfgIEzTFGNsWPj45g0Ajfv\/7IGDABCqjZyg6++bKzktbrv5+\/TuHdfNgiNTh3v6C9tujxPfxRh+tUO8\/YEtL3\/yWN89BK\/\/DWMdX73bMPbT5oMMbU5smmabFNA3H5Xw1bv\/AqARMWCVAgqSTdPEv\/2XU+L1ru9xUq5h8fnYJj4Jqbc\/9c\/Up9p5Z\/aLvPiyjgc08JG3By26aOFOr7upl1t5MkGcu9\/UazWRyIo9\/vujW8\/ZpGSwkA2Z9VpNLEa8SkL1CtW5rOstdTAMQ9TBzkmD6p7P5doWSYZh4KXnX\/BVpz9oqB85Z6PjXa1U8NyBg4EYZ\/rxxq7XavjF8y+gXqu3fUaGfWBLGgdASxtwMgiTHvZtXbc1alFfW+wgz9It5BUbjcVa6iYbCm97NOoaTe1y+n2QXrZy2UH1uU4LwiDGKGp\/EbV9ThmT7qP1c\/Kw7nfzJZ\/LSVEH3UXW0vdv63rLOlFuizJUZ6s0Eb3uJ9mt13bj5zzE69yHoHZmffbpt\/ncasucrCTlNiFikve+3McO45pXKxXH+ZHfYwRtlnTbRhlmJ5JMpfDbq1faomSOHz2Geq2O+cUFWzuiPF+oVqoiF4khRRUBwGw22\/anKAqOTB0WEUUkV3Zt7XpojMZ+sW4Yoi8Pqw1VrrfdPHnUCar+Q7Uq9xIlsJN4Ywca\/TeMdZFYd88h95DmQfHw3mfi\/2NKa7wFbQR881HJVv\/\/6\/fz4v9PxIZn+AfQIvnDDI\/3Qmr0B7YMgsVCEeuG0eZ95gdyeKHVWECLplKh0GaUkhea3Syu3MojyHOSksF1W8YwKetlAM7nxrhD7WxS07oyMsjGECuyXMEg5zz0bNppaBtSCKnTM2zVjZfZDpGUTkbHQZ9br21Kxs4gRZCXqtVTtRMN71x74x5htxnkB4Yk4yNviMw0PW\/Lut7VucheyUFLUgXtHegk9zNomR9g61yt\/Rjp\/hPWz+mzdR+uFY1x3d7n23q5mWi9ta07Pf90fOv9pdf9tjMv7cbPOZiXuQ9B9880zTZDUD63apsU0zTb41qpHDtjOiEb+gZ9zTu1Hb\/GCCqHbRwM44yqqvj45g1cvnqlpU9aWVrGMz\/+Ccq6Lhxm7P5IigxojH80vzoydRg\/\/P4PRNTQbHbO9q9eq+HZAwdbNkUpN9Llq1f62mgMEyQDSknYS4WCp8TzowRJPTb+GpGkg4yw9pug6t+X1A+Fsg2Ka2vXe\/rduTNnQ7tjRfx0cwzP7oCEvgTJ5zy8V8WDW7fxbTRkd4YtUTNm8Rwbb4Y3OxnVN00TG8Z6o+7sZb\/j+WRsE38aC19CX4IWLdVKBbFYVISJB9W\/0oLQaff73JmzA\/FEls+bFoK8gNsZyBrWXpPzyYYLp2eDQjgHhbxAcapDWS83PaztN6W3ux6xk0TKoOmlTXVDr9qsvWrp+0WpUGxKrKREP04ezZ0SwO5k7OR+5M3qQT7HVhkwJ4OstY+hjfPaED3xnDy2ZU35UWNYczC6Jnb9gpOcId3zbq9jRFVhjsia3a8xgu5PRFWHNu4wzChjJ2dS1nW8bXFyIAcvVY1gUtOa0UON+cG6YaCslzGpaYg05dPc5tqlQgGGjU0pn8vhtq7j\/KWLos+lpO\/nzpwNlQG5VygPlSwXCaAtD8uoIuevkWXlPr55IxT5yYKqf1+G\/yNTh3vKQOw1yVmvhpbtsHh9fXPnePsDW979j+5VsWmaePxFHbv2RbHnUFJEAATF7v0\/E\/932nRw24zY+KshNgiGiSxT9Pivo7eg2e7cR0PbP6xQCCV5fNHkKplK+u4JICfvtXvfb49Kp\/KILZ3ZqvCUpnwDo578qNO5MZ1ZWVrGtbVGsr+VpeWO7U+elA1LG1R2wuhUB6c5UhAa5cOkcT\/dc3AMim7blB\/QZpDTxoCbln4QlHUdp80F4dGnKIqnfAOjhpuR1G9oLLJqh9OGyW1d72ld1ksdorFYWwTAytIyZrNzLbI\/wFZbHEWnrK1NiWDr1qndDGIO5nV+QDkcupEcoDYgb+5QOdYxx8tG9TDwa4wwTVM4R0ZjsZGfNzJMUMh5rwhr3hWZhizakkjATa\/lz8+dOStyv1y+ekVIW1qp1eqiDDtZyyNThzGbzYpE3nS8fC6HlaVlXlcxoacv6zI9fN3+Me68uDmOH+0gb\/9d+6LCUP7g1m0AwMOm5MAT+4OX13jql9Pi\/49CKJczpijYc2gCT\/\/mNIDGNeXEvsGzNr6BL7E9vP3lf\/32fJ\/OZMQEMIjFkZfygjp3v1EURUhl8EKzd+RID6+OCmFGliXYjvqmZESezc7hwqWLQ\/H+CbJNxRMJpDUNl69eAWAvPyVr6983Tcxms4H3b6ZpCh3\/tJYW+QZKPWw+yW02yIi0tKZJnnKDj1IgT0er3M9Wfo\/ywOtg5+VP3t71Wg31Wk14OgOtMkB+3BuSv\/HjWGozASvQkAIKAq\/txu95SDdzrW4dCNKSNrecm0OWl5ON\/YPenHLCqe0MYozYKQlCGaYb5hcX2jYCV5aW++rP87mciBpMplJi7mNXNiUKd2JlaQnPHTjY0kdOZzL49O6dwOfGZV3HkanDYk60srQskt6bponjR4\/h+NFjYqPx+NFjOHXipNgsPjJ1WFwXSphOuWXoWHTdz505i+NHjyEai+HCpYu40Ix+kI\/RC3I5pmni1ImTOH70GNabTnVudSwVCi3nn8\/lcGTqMMrNnFR0LMrtQOc\/m50T95rK6GVeuR3qb6Uvj3\/Gf\/YCeH0HafsDwO6mt83jL+pCN\/\/hrdt46pfT2HNoAmOKYqunTzz9m9OOn3\/zUQnffFTy\/Lvx76liE8JJx3\/U2PvhB46fPbpXxd\/eOOX4OTMYvgSwFmJtf2DLC450v2kiQd6GvXhkWuXbZL1aGkT9pJfyKDmkrG1brVQxnckgmUq6bl6ntbRjLgDSmvQLu7LkxJZORgzytrGjVCg6enz38pte6LV+fkMyJJOa1pJYuhvsEo3aaSbbMb+4EJh3UalQwGx2TuRdokVRWddxWy93vOZO96teq41EUuB8blUs2CY1DZOaJozOxUKxq02yftqnH23KC3L9Gp5q7X2WrAdP4cXAXFuY96BZza1iUtMw0ZSvAew3KtxQVRXziwsAIBZnVtyeJ699M+kC25HP5QLpm27rOuYXF1rkfmSZnyAiJeq1OpKpVIucD3n4k+GfNpaqlUrLmNtvm5\/NZiVPeeecJF6htm9NPusnvbabfuZgfs21vHxPURScbj5\/DSmNLYM3GagURWl6zq4ioqqYHoKDQjyRELIV1nL9HCPsymVHDIZpcGTqMKYzGTHnBNAc05I4deJkzxtm+VwOyVRSyAfa9ZFO8wMr8UTCdvMv6M08MuJXKxXEEwkxl1tZamxi0vlFc4260utJLY18blU4nDTWrsuW141jnTtzFrPZuZYoMto4OX70WMtvut10rtdqLeWkpajiaCyGeq3mWMfZ7JyYJ1crFTFvJuQx23r+0VhU9PXP\/PgnLcfYSfW3Y6QN\/z\/8\/g+GXYXAmdocx97OX9tWPPnyJIAtL3+gofW\/aZoYUxTs3v8zEQlgx659zkl0H1Y+c\/zM7Xebpom\/v\/W2W7VHnk3TxNe\/y4di82K78d74BtrTnIWLpCQdQNAiPp6I92RgcJs0\/NohNLMfeinP6byB1k0BOyKqGlhSXbeyyrruaEwg464dboaUXn7TC73Wz2+KTWN4w0iR6SlacX5xoe1cyCOkE0F6pVOYtTX8mhZPs9k5\/ProMUcj0KhHwlQrFZw6cVIycDfaGRl4qpWK8LrpRD\/t04821S1OfZaT51rjelQD22Cr12ot+cLqtZrr4jqeSOB\/\/u\/\/5fi506bBIJ+neq3mmBzZbygpMhk3ioVCi8xPEDTGwznhwU0e\/aZpwjAM1Gp1TGLL4NmrZJ9bnreGtnN\/5ytvcpKHXpB0ajf9zMGCnGvJkQR21zGfW8Vsdg7RWKylDwYGN6a7bbZQnVrr4d8YsXXM6siPjQwzDOw09SnitB9NfZrHxhMJXL56Bc8dONgy7hQLRTGPlXPUEKqqttRJru8wnFjiiQTKui5k32guJ0dsNr4Xt835U9Z1sekrb8TL80KKxpJfE\/Ixekl0bC3HLkrQro5UFr2m+0HGdpLetR5LLlf+v3yMsNbfrznsSBv+dxrfxRh+tcO8\/ccURRjgH1qM+w\/vfYY9hyaw+1DS1fDvNw9u3cbf3jgVGoP5Nx+V2qR8xtUInnx5Et95\/zL+\/tbbgedJ2Ml8PraJT0Lv7d8YkNYNw+K9RZ7vKd8mQeuG4WpU9JtO5Vm97IB2T7tR1kEf1gR1O7KytIzzly5iOjODfC63rfU967UanjtwEMlUCvFEHPFEQhhjI6qK3169gpeefyG016BYKKBaqWBCOj8yVsUTCZy\/dNFRF9ZPgmhTZHxrRAU1FsDyZpMqbRo2PJqWEY3FhKFsIpUMtI9bza0Kj\/1uvf1lSoXCQOvd8ORqNVRGY1EkUylcW7vuqFHsNxQ5QvcpSJkfYCt5Ky1E6V869y15l8bcnvTi\/TLymqbpi\/H6QtPI2zDAj1a7GcQcbBBzLVVVRb+Rz+VsN3dWlpbE+VoZRi4PJ6\/iURkjGGYnQJr605kMZjIzwpnp8tUrqFYqOHfmrKe+ioyz1FcemTqMz\/\/yZ7FxJztY0DyDIAdjRVFEFIKMXbLhIKFrQePBp3fvoF6ridd\/vHsHwFaOr49v3hAb8bPZOSRTSbFhQFEVNF5\/evcO1g2j7TUAPNdMkNyQ\/ky2SPd1i7WcP969IwzpDeci5zpeW7vecv4kfeN0\/vS6WqngmR\/\/RETo9mr43w71t8KG\/xHijR1m9AeAPYcmADS80x\/ea50YP7pXbRj+O+j833\/l1bbfekH+3Zii4B\/u\/UHICgVh9Fc+\/MA1h8H\/\/d6\/93ScBx+VbM\/\/0b0qvv3OeTz91unQyBZtB94LudEf2NJBtYYn0+uIqtp6S3RCjuKaX1wQoWyDMpZ0W57szWt37uRp52QkWFlaDiyPjVyWoij4\/C9\/BtA5GZ9Xj3MrQUXg9Vq\/QdCvh3apUBQGHzIkeIV0PO1w83juB9M0UZSMp2QMTqZSiDS1sO3afq9tgzy87BhEOzAMA\/lcToQ0UzQDTeC99Gn91isIr386ZqlQwKd374iwder35Eih40ePwZC8p+l+B0mpUBAL8k6GQDupLNM0USoUXX\/r9jx5pVqp2t6v2WxWeBi7GQbdtIW7qV9Z13EeF5tyO7GeZH76efaMpmQPebltjZlV8XtgS\/7HujHgFTtZBtqo6nfDLK1p4jkY9EZ5L+2m3zlYUHMtMpSZpukaNUHa0TTHms3ODUTekbBumNB7q7lV1zL9GCMYhvEOPW8XLl0UUibxRAIf37yBlaVl4SBRrVSwsrQsjNMERdbKa6J1w4AieUiXCoW2CGk6TjKVEomBCZKpHAWJLnnOYI04tZ6T1Svc+tp6LPka0euVpWXRxxULxb5zUlnLiagqIh7raFdnt\/On18VCUbSZfo3mYa+\/lY6G\/05JMAZJr4tbpwl0p9C\/TgzS8PHTzTE8u4MS+hJk+N407+Nbb8y2fEZa++NqBLv2RfF4gIl2N00TD27dxpMvT2LPoQn8vUNegTDwzUclfOuNWYyrEew5NOGY64Dxj0\/GNvGnsfAm9CWoz294DWRbPqMFfzyRgNGHl1w+t4rpTEYYFAft+eWlPHmss2rp0YA8iqHbDcNXAZOahunMzEhEJLhJIoUJq4d2N8j3YRjJU\/ulXqvh+NFjYh7otukVRsq6jmqlgk\/v3vGlT\/NKP22qG2RZmHgiIQxe1A6tsjqU6yFo5H6iU59Bic5GCbpuQW2YkJE\/mUoJr\/WgZH4I8lprSAo0PPvldRdFyMna8t0aTAdleJE16eWk20Hj1m78nIMNaq5F+UqoDC\/PLrDldbvaR3RPJ4qFoi+bqv2MEU75nhiGaefNEyebEU0zYsxobLpFxca+3TNN\/U5aS7ckE7ce2wrlBqJNUTpWqVBAPre64zb4qpVKc1yPC+9+ORdUGKAEuGktLTnrhWfdFUT92eN\/RHh9c+d5+wNbHv\/jagTfev2fXb6XxFcDNPwDwNe\/y+PJlycxpih48uVJV3kc2pSw\/ex73nTQHnXwzPWDjb8aGFcjnuvE9M59NLT9ww5pAwKtGrhW+pWDkI1Sk1radjFKxgNVVWEX00OSFV4Spnopj7zsADgawCLN6xOUNJFXioUiJjVNeIAOu36kS2glTJMwoNVD28mwJ3sgDWvDQ77fTl6JitLIINRt\/Uir2O\/8FeTRYkdQ7Zf6jkGcnxNe2pTf2IVpW9uB3GY4IaV3vF43tzbd7TN5Wy8Lj3+gexmdfp896hNofLb+TtaxpbY37DGJkDXpTwWYyNqKU7vxew7mZe7jhNPcC9iaI60bhmcju6yTHPRmVa\/0O0ZwP8ow3iC5LXJiUhRF5JrK53K20V4kfUcyQcS6YQhDqhVZXohobCwsj8w4FSSyQ0Va00QEeZiQZW4vXLo4sMjoQRFU\/Ydu+OcBEXhxcxw\/2oHe\/rv3xzHmUTNsT2oCX72zMtD6PP6ijsdf1LFrXxRPvTZta\/jfMNYxrkbwxP64rQf9uBoRmwIbf3XfLQ578mCmlbXxDXyJ7ePt79f33KAJm1MINU3wnDyNZ7NzmNQ0lHXdk\/Zqp\/K6OfdRmxxWKxWRJHMmM2Pr4RIE5I3ovFkTEd8LC+Sh7bQZZDXguG0qDSqZoXw9o7GYreF\/y9N78JvOXhhF7+2g6NSmuoGMg+uG4VtExqj1b9sBPyVlSO5Hft0N\/T57Wzr\/UURjMaw35X8ISvA7nZkBMDprPVmTvlQojKRX5yDmYJ3mPlY6GbrTmtZTYuSZZnso6\/pIXns\/6SUZJsPsdIzmRguujdMAAArESURBVGJZ1\/Hbq1dEHzSdySCeSLRFgpV1HcoZpSUx97ph4E2bXB6qquL04kKbw8Xxo8eGkm+EYYJmaG7mZV3HS8+\/MDKTwWGxF9hxCX2J3U1v\/w1jHfdfedX2j4zju\/ZFXb3s\/YKM\/eNqxDa3AGnp7zk0Ybtp8eQr6bbvDosxRXHNIcD4x30Aa9tA2x\/YCk8u6zqOTB22\/QPatep6oazrwlhgldYBtoykE6lUm8eqoiiYaE7evBpT3cqTE14eP3rM9rzJe0SODBglioUiAPvrFRQ0pk\/ahIj2cs9GAWo3bt5+ZCi1O2\/Zy3GQBlW69mRs81oH2XPYDuoTwmoMlj18rchSJEGen5c25RXKxWC3iWB33mS0tRqm5P48TBtzw0Y2Ilj1hweFrOkvj2tBUWs+K3TuNcuzY5VcCOq6dMKrJj2w1Z866Sb3u351ajeDmIN1mmtZMc37ALYSNFuh69htYmQa\/287JKIe9DV3YhBjRMQmEoZhGG\/UazU8e+Bgy4Y5JTu9IBn5gUakwHMHDor+8dkDB9v6itlsFr+\/eaOl3y0VCnjmxz\/ZsUZ\/inIAGomE5xcXhAxeWKBIkElNw\/ziQkuuiDAQdP07evwH6Y3ld1nVSiWwhIS9MrU5ju8OuxJDYndzcvvwXtXRSP7oizqefut04\/sOXvZ+8uDWbTxtmg25n19Ot9XrwUclIQekfPgB7r92HBvGOgDgqV9OC7miR\/eq4v1hsGtfFN\/5b+fF6we37CfZjD+8O76B+8OuhE\/ICzOnRZasG93PQsw0TdzWdUxqGtJaui1cnDRwFUXBtbXrODJ1GKZpQm2GdJKsilM4Zzfl0XmvS4ku7ZiUPN1GDfl6OSViHTQkQRFPJHDh0kWcO3O27Z41vheeibZpmsjnVl29s8t6WSQAnM1mRdtSVVUsUrpNwNkt5NVJ156iPqKxmGMdFGXLU+rtM2fb2gx5WQGjEynQDfFEAvOLC0hr6TZPMUVRML+4MBQpEi9tyityws+0pol7mG5Kf8nfcfs+bRixoco71L4A+4Sig4T6Wicj6iCxthFr30BtjJ6tmk3fQQZVL1J9naCNe7d7YNWk73SvyBg\/k5lBqVAQ0Wzktd7PZoZbuxnEHKzTXMvu+MCcSNAsM5vN9pQYOa1pYs7mNDcZ5DV3YhBjBI2ZpmnyJirD9EE+l0O1Umnx\/qd12LkzZ8V81nDo++2S91YrFZw7c3bHz3UoUr6s6\/j45o0h16Z76D4Cjb52PmSbFsOo\/9ClfnYy38UYpnaotz8l7AWAhy5G6U3TxKN7VTyxP47dh5K2hv+9H37gWtaje1WYr7zqqV7WJL\/jaqTFgP\/wXlXUZ9e+KP7h3qe2x\/nq3X\/xVJ4feDn\/QSZG3un8j7FNfLJNvP0pGR\/gLh1A+r7JVLLvBGqkTW+XeM5oGuHJI\/nzv\/xZyNkQXpLKeSlP9rJzQl4QBpGQuFtkLV+nJL\/xRMJVO3Blabmveyrrl09qmq3ngluYf6\/1c\/tNtVLp27Egn8sJzdFOn5P3Nelcb31ncMkMgcZ1nTXcr721DvIzf\/7SRZy\/dLHF65I+c5ORGfS17wcywJCnmGxklDfwvMp++Pn8dGpTXqnXauK5J\/kg0zRF27PquRuGIdomJRmOqKqoB0UObSeurV13\/dyLk5BTVAUR9HUrFgpDTbYt9292xmf5czsDCz2TfvQRk5qG2eyc6\/MnR0I53Uu5HchzhU\/v3mlJWAw0Nnu90E27GeQczG2uZYXuV0RV26SB5Oto91w53c+JZqSk26a\/X9e8G\/weI+Tf7XRVA4bxA\/L+l72hSdO\/rOs4deJk2zqQ5uLW5L353Kovib+3A7QRG1ZZMnnurAagCuI3w6j\/zrQ6jwi\/2hjH3mFXYkjsObQllfHw3meu331YaXy+e\/\/PBlonQtb2f+q16bbP77\/2n10N6X9749TQZX6IDWMd\/\/bGqWFXY1vz7jYx+gNboef1Ws3VmG5nGOwV0qZvlN8uoXPqxMkWo4Fs9C8VCl1P4JzKS3qUoKFzp42CUaPUNCLISReD5tdHjzm2n3qtNtSEir1CCwa3zykihZCN\/r201V7q6Hbt7epQrVTaFk3kSUrPNh03jKwsLSGfy4nXJI8hG3TqtZqv+ute6dSmuoEia4CtBOSE3fNmDZ+XPVq9RlAxWwTxfI8a1mS+3X4eNN3OVaqVijCOU79Bx5A\/6wdruxnkHKzTXEtGNn5PWPSwe5nzqVIi81WXPi+Ia25lEGNEuin5N4xoHIbZrrx54iSe+fFPWsaTZCqFz\/\/yZ6QlRxdKUCsb\/cu6jucOHNxx47QbH9+8gWtr11vyI4SJaCwmzkG+12FhGPXv6PE\/v7jgqv26k\/AzLOinm2N4cQcm9CXG\/p3S8EQ31rHZwVv3wa0ydicaRv9d+6LC6P7Io3H9kSXEmH634VDu4y\/q+OajEnapEYzbGM42TRPmK6\/iqdemsSc1gV37otg0TTy89xm++V0+MKN\/p\/N\/cOs2vvmo1PH6Mr3zx7FN\/Gks\/Al9CUXZ21xcuS9WqpVKi1yE2ewX3cLS3VjNrSKZStrqXZNBdTqTQVpLI6KqqNdqKOtlxwlct+VFYzHxm06\/Ldl4da43Pe17CUOnMcVr1EKnssq6jslKY9EZTyRgNI14Vq9ft+PL9OKxVq\/V8IvnX8Bsdk7kG2h4jBeRz+Vsz3WQ9ZPHbafrR+W7jfH5XM51w8fuvOu1GvK5Vc+euV7ag9s591KHYqGAaqWC6cwM4olEi5dutVLBytKybX26vfaDwMt9a4SDl5HW0i0JK6mvk40+ncrphNyu\/GhTdse3a7+UrHU2OyeMZWVdRz63altv8sqdzswgmUoJKRB5A0HGy7lY6aZv63RteylfrkM\/0DV3qtdtvTxwz\/tu+uGgvIyrlaqQ17HvHxqfO8mdON3TbsdEwNsY3EtbOH70GGazWTH3oHHMi\/Gol3YzqDkY4TbXslIsFDG\/GMNMZqalj+xUhlN0R7VS8STr5Mc173Yu1ssY4dR+5d+PWlQow4Qd0zTx0vMvIK1pOC3JcFH0ItDqdLNuGPj10WMjsfk8akSk3HZhJew26qDrP\/ZP\/\/j95wD8wekL19auj6yecdAcmTrs24T6txu78MwONvwzzHbgP+56jC+xfQz\/DMMwDMMwzM5GURR8\/pc\/A2hEDQ1TVipMXL56RUgpHQ9ppBzDhAFVVXH+0kVbOyU5M7wZoghjNUSGeCd7qB9KAEHgtAkd9vp34Oes8T8EXtwcZ6M\/w4Sc98Y32OjPMAzDMAzDbCtM00SpUBD5E9jw35lG3oWGpNGgc\/owzE7HMAwcmTqMdLOPkiNt3j5z1nNOjlHBKUFxmAh7ZEXY698J1vgPmL1oaPszDBNe7gNY20ba\/gzDMAzDMAxDrCwtA2hIQnD0f2cod4IsxcQwzGApFgp49sBBlAoFnDpxEsePHgu9AZ1hBkFHqR\/GX\/YC+BF7+zNMqPk\/Y2Bvf4ZhGIZhGGbbMpvNAgAnxfSAoii4tnadDY8MwzDMqPFzNvwzDMMwDMMwDMMwDMMwDMMwzPbh56w5wzAMwzAMwzAMwzAMwzAMwzDbCDb8MwzDMAzDMAzDMAzDMAzDMMw2gg3\/DMMwDMMwDMMwDMMwDMMwDLONeALAvwL4+bArwjAMwzAMwzAMwzAMwzAMwzBM3\/zr\/wc+w9ReVJVdLwAAAABJRU5ErkJggg==\" alt=\"Markalama G\u00f6rseli\" title=\"\"><\/p>\n<\/div>\n<div>\n<table style=\"width: 100%;\" cellspacing=\"0\" cellpadding=\"0\">\n<tbody>\n<tr>\n<td style=\"width: 120px; font-weight: bold;\">\u0646\u0648\u0631\u0645<\/td>\n<td style=\"width: 400px; text-align: left;\">TS EN 1361 \u0627\u0644\u0646\u0648\u0639 - \u0628<br \/>\nISO 1307<\/td>\n<td style=\"width: 120px; font-weight: bold;\">\u0644\u0648\u0646<\/td>\n<td style=\"width: 400px;\">\n<div class=\"color-icons\"><img decoding=\"async\" src=\"data:image\/svg+xml;base64,PHN2ZyB2aWV3Qm94PSIwIDAgMTAwIDEwMCIgeG1sbnM9Imh0dHA6Ly93d3cudzMub3JnLzIwMDAvc3ZnIj4KICA8Y2lyY2xlIGN4PSI1MCIgY3k9IjUwIiByPSI0OSIgZmlsbD0iIzAwMDAwMCIgc3Ryb2tlPSJibGFjayIgc3Ryb2tlLXdpZHRoPSIwLjUiLz4KICA8Y2lyY2xlIGN4PSI1MCIgY3k9IjUwIiByPSIzOCIgZmlsbD0id2hpdGUiIHN0cm9rZT0iYmxhY2siIHN0cm9rZS13aWR0aD0iMC41Ii8+CiAgPGNpcmNsZSBjeD0iNTAiIGN5PSI1MCIgcj0iMzMiIGZpbGw9IiMwMDAwMDAiIHN0cm9rZT0iYmxhY2siIHN0cm9rZS13aWR0aD0iMC41Ii8+CiAgPGNpcmNsZSBjeD0iNTAiIGN5PSI1MCIgcj0iMjIiIGZpbGw9IndoaXRlIiBzdHJva2U9ImJsYWNrIiBzdHJva2Utd2lkdGg9IjAuNSIvPgo8L3N2Zz4=\" alt=\"\" title=\"\"><\/div>\n<\/td>\n<\/tr>\n<\/tbody>\n<\/table>\n<\/div>\n<\/div>\n<\/div>","protected":false},"excerpt":{"rendered":"<p>&nbsp; \u00dcr\u00fcn Ad\u0131: AERO-B \u00dcr\u00fcn Kodu: ARB495 U\u00e7ak Yak\u0131t Dolumu EN 1361 Tip B Kullanim Alan\u0131 : Aromatik i\u00e7eri\u011fi %50&#8217;ye kadar olan u\u00e7aklar\u0131n yerden yak\u0131t ikmali i\u00e7in. Alt Katman : Havac\u0131l\u0131k Benzinleri ve Jet Yak\u0131tlar\u0131na Dayan\u0131kl\u0131, \u0130letken NBR Kau\u00e7uk. Takviye Katman\u0131 : Y\u00fcksek Mukavemetli Sentetik Tekstil ve 2 Antistatik Bak\u0131r Tel. \u00dcst Katman : A\u015f\u0131nmaya, [&#8230;]\n","protected":false},"featured_media":22387,"comment_status":"open","ping_status":"closed","template":"","meta":{"jetpack_post_was_ever_published":false},"product_brand":[],"product_cat":[2364],"product_tag":[],"class_list":{"0":"post-21575","1":"product","2":"type-product","3":"status-publish","4":"has-post-thumbnail","6":"product_cat-sel_akaryakit_hortumlari","8":"first","9":"instock","10":"taxable","11":"shipping-taxable","12":"product-type-simple"},"jetpack-related-posts":[],"jetpack_sharing_enabled":true,"jetpack_likes_enabled":true,"_links":{"self":[{"href":"https:\/\/tuzlahortum.com.tr\/ar\/wp-json\/wp\/v2\/product\/21575","targetHints":{"allow":["GET"]}}],"collection":[{"href":"https:\/\/tuzlahortum.com.tr\/ar\/wp-json\/wp\/v2\/product"}],"about":[{"href":"https:\/\/tuzlahortum.com.tr\/ar\/wp-json\/wp\/v2\/types\/product"}],"replies":[{"embeddable":true,"href":"https:\/\/tuzlahortum.com.tr\/ar\/wp-json\/wp\/v2\/comments?post=21575"}],"wp:featuredmedia":[{"embeddable":true,"href":"https:\/\/tuzlahortum.com.tr\/ar\/wp-json\/wp\/v2\/media\/22387"}],"wp:attachment":[{"href":"https:\/\/tuzlahortum.com.tr\/ar\/wp-json\/wp\/v2\/media?parent=21575"}],"wp:term":[{"taxonomy":"product_brand","embeddable":true,"href":"https:\/\/tuzlahortum.com.tr\/ar\/wp-json\/wp\/v2\/product_brand?post=21575"},{"taxonomy":"product_cat","embeddable":true,"href":"https:\/\/tuzlahortum.com.tr\/ar\/wp-json\/wp\/v2\/product_cat?post=21575"},{"taxonomy":"product_tag","embeddable":true,"href":"https:\/\/tuzlahortum.com.tr\/ar\/wp-json\/wp\/v2\/product_tag?post=21575"}],"curies":[{"name":"\u062f\u0628\u0644\u064a\u0648 \u0628\u064a","href":"https:\/\/api.w.org\/{rel}","templated":true}]}}