{"id":21572,"date":"2025-08-11T11:14:01","date_gmt":"2025-08-11T08:14:01","guid":{"rendered":"https:\/\/tuzlahortum.com.tr\/urun\/asphalt\/"},"modified":"2025-08-20T15:42:51","modified_gmt":"2025-08-20T12:42:51","slug":"asphalt","status":"publish","type":"product","link":"https:\/\/tuzlahortum.com.tr\/ar\/product\/asphalt\/","title":{"rendered":"\u0623\u0635\u0641\u0647\u0627\u0644\u062a"},"content":{"rendered":"<p>&nbsp;<\/p>\n<div class=\"report-container\">\n<div class=\"report-header\">\n<div class=\"standard-text\">\u0627\u0633\u0645 \u0627\u0644\u0645\u0646\u062a\u062c: \u0623\u0635\u0641\u0647\u0627\u0644\u062a<\/div>\n<div class=\"standard-text\">\u0631\u0645\u0632 \u0627\u0644\u0645\u0646\u062a\u062c: ASF401<\/div>\n<\/div>\n<div class=\"product-image-container\">\n<div class=\"key-feature\">\u0645\u0633\u062a\u0642\u0628\u0644\/\u062c\u0647\u0627\u0632 \u0625\u0631\u0633\u0627\u0644\/\u062c\u0647\u0627\u0632 \u0627\u0633\u062a\u0642\u0628\u0627\u0644 \u0627\u0644\u0623\u0633\u0641\u0644\u062a<\/div>\n<\/div>\n<div class=\"horizontal-line\"><\/div>\n<div class=\"product-details\">\n<div class=\"detail-row\">\n<div class=\"detail-label\">\u0645\u0646\u0637\u0642\u0629 \u0627\u0644\u0627\u0633\u062a\u062e\u062f\u0627\u0645<\/div>\n<div class=\"detail-value\">: \u062a\u064f\u0633\u062a\u062e\u062f\u0645 \u0644\u0634\u0641\u0637 \u0648\u062a\u0641\u0631\u064a\u063a \u0627\u0644\u0642\u0637\u0631\u0627\u0646 \u0648\u0627\u0644\u0623\u0633\u0641\u0644\u062a \u0627\u0644\u0633\u0627\u062e\u0646 \u062d\u062a\u0649 180 \u062f\u0631\u062c\u0629 \u0645\u0626\u0648\u064a\u0629 \u0641\u064a \u0628\u0646\u0627\u0621 \u0627\u0644\u0637\u0631\u0642 \u0641\u064a \u0627\u0644\u0645\u0631\u0643\u0628\u0627\u062a \u0645\u062b\u0644 \u0627\u0644\u0634\u0627\u062d\u0646\u0627\u062a \u0627\u0644\u0635\u0647\u0631\u064a\u062c\u064a\u0629 \u0648\u0627\u0644\u0639\u0631\u0628\u0627\u062a \u0627\u0644\u0635\u0647\u0631\u064a\u062c\u064a\u0629.<\/div>\n<\/div>\n<div class=\"detail-row\">\n<div class=\"detail-label\">\u0627\u0644\u0637\u0628\u0642\u0629 \u0627\u0644\u0633\u0641\u0644\u0649<\/div>\n<div class=\"detail-value\">: \u0645\u0642\u0627\u0648\u0645 \u0644\u0644\u062d\u0631\u0627\u0631\u0629\u060c \u0645\u0637\u0627\u0637 \u0623\u0643\u0631\u064a\u0644\u064a\u0643 \u0635\u0646\u0627\u0639\u064a \u062e\u0627\u0635 \u0645\u0642\u0627\u0648\u0645 \u0644\u0644\u062d\u0631\u0627\u0631\u0629.<\/div>\n<\/div>\n<div class=\"detail-row\">\n<div class=\"detail-label\">\u0637\u0628\u0642\u0629 \u0627\u0644\u062a\u0639\u0632\u064a\u0632<\/div>\n<div class=\"detail-value\">: \u0646\u0633\u064a\u062c \u0635\u0646\u0627\u0639\u064a \u0635\u0646\u0627\u0639\u064a \u0639\u0627\u0644\u064a \u0627\u0644\u0642\u0648\u0629\u060c 2 \u0623\u0633\u0644\u0627\u0643 \u0641\u0648\u0644\u0627\u0630\u064a\u0629 \u062d\u0644\u0632\u0648\u0646\u064a\u0629 \u0648\u0623\u0633\u0644\u0627\u0643 \u0646\u062d\u0627\u0633\u064a\u0629 \u0645\u0636\u0627\u062f\u0629 \u0644\u0644\u0635\u062f\u0623.<\/div>\n<\/div>\n<div class=\"detail-row\">\n<div class=\"detail-label\">\u0627\u0644\u0637\u0628\u0642\u0629 \u0627\u0644\u0639\u0644\u064a\u0627<\/div>\n<div class=\"detail-value\">: \u0645\u0637\u0627\u0637 \u0635\u0646\u0627\u0639\u064a \u062e\u0627\u0635 \u0645\u0642\u0627\u0648\u0645 \u0644\u0644\u062a\u0622\u0643\u0644 \u0645\u0642\u0627\u0648\u0645 \u0644\u0644\u062d\u0631\u0627\u0631\u0629 \u0648\u0627\u0644\u0632\u064a\u062a \u0648\u0627\u0644\u0638\u0631\u0648\u0641 \u0627\u0644\u062c\u0648\u064a\u0629 \u0648\u0627\u0644\u0623\u0633\u0641\u0644\u062a\u064a\u0629.<\/div>\n<\/div>\n<\/div>\n<div class=\"datasheet_table\"><img decoding=\"async\" class=\"alignnone size-full\" src=\"https:\/\/tuzlahortum.com.tr\/wp-content\/uploads\/2025\/08\/datasheet295.svg\" alt=\"\" title=\"\"><\/div>\n<div class=\"table-notes\">* \u0628\u0639\u062f \u0627\u0644\u0627\u0633\u062a\u062e\u062f\u0627\u0645\u060c \u064a\u062c\u0628 \u062a\u0646\u0638\u064a\u0641 \u0627\u0644\u062e\u0631\u0637\u0648\u0645 \u062c\u064a\u062f\u0627\u064b \u0645\u0646 \u0627\u0644\u0642\u0637\u0631\u0627\u0646 \u0648\u062a\u0635\u0631\u064a\u0641\u0647 \u0628\u0634\u0643\u0644 \u0635\u062d\u064a\u062d.<\/div>\n<div class=\"horizontal-line\"><\/div>\n<div class=\"footer\">\n<div class=\"standards-section\">\n<div class=\"standard-item\" style=\"margin-top: 9px;\"><\/div>\n<div class=\"standard-info\"><\/div>\n<\/div>\n<div class=\"temperature-section\">\n<div class=\"temp-icon\"><img decoding=\"async\" src=\"data:image\/svg+xml;base64,PD94bWwgdmVyc2lvbj0iMS4wIiBlbmNvZGluZz0iVVRGLTgiPz4KPHN2ZyBpZD0ia2F0bWFuXzIiIGRhdGEtbmFtZT0ia2F0bWFuIDIiIHhtbG5zPSJodHRwOi8vd3d3LnczLm9yZy8yMDAwL3N2ZyIgdmlld0JveD0iMCAwIDcyLjI3IDE2Ljk4Ij4KICA8ZGVmcz4KICAgIDxzdHlsZT4KICAgICAgLmNscy0xIHsKICAgICAgICBzdHJva2Utd2lkdGg6IC41OXB4OwogICAgICB9CgogICAgICAuY2xzLTEsIC5jbHMtMiwgLmNscy0zLCAuY2xzLTQgewogICAgICAgIGZpbGw6IG5vbmU7CiAgICAgICAgc3Ryb2tlLW1pdGVybGltaXQ6IDMuODY7CiAgICAgIH0KCiAgICAgIC5jbHMtMSwgLmNscy0zLCAuY2xzLTQgewogICAgICAgIHN0cm9rZTogI2E3YTlhYjsKICAgICAgfQoKICAgICAgLmNscy01IHsKICAgICAgICBmaWxsOiAjYTdhOWFiOwogICAgICB9CgogICAgICAuY2xzLTIgewogICAgICAgIHN0cm9rZTogI2ZmZjsKICAgICAgfQoKICAgICAgLmNscy0zIHsKICAgICAgICBzdHJva2Utd2lkdGg6IDIuMDZweDsKICAgICAgfQoKICAgICAgLmNscy00IHsKICAgICAgICBzdHJva2Utd2lkdGg6IC4ycHg7CiAgICAgIH0KICAgIDwvc3R5bGU+CiAgPC9kZWZzPgogIDxnIGlkPSJrYXRtYW5fMSIgZGF0YS1uYW1lPSJrYXRtYW4gMSI+CiAgICA8Zz4KICAgICAgPHBhdGggY2xhc3M9ImNscy0zIiBkPSJNMTEuMzQsMTEuNTdjLS45NCwxLjcxLTIuNzEsMi42Ni00LjgsMi42Ni0zLjA1LDAtNS41MS0yLjQ3LTUuNTEtNS41MlMzLjUsMy4xOSw2LjU1LDMuMTljMS45NCwwLDMuNjUsMSw0LjYzLDIuNTIiLz4KICAgICAgPGNpcmNsZSBjbGFzcz0iY2xzLTUiIGN4PSI2LjU1IiBjeT0iOC42NiIgcj0iMi40Ii8+CiAgICAgIDxjaXJjbGUgY2xhc3M9ImNscy0yIiBjeD0iNi41NSIgY3k9IjguNjYiIHI9IjIuNCIvPgogICAgICA8bGluZSBjbGFzcz0iY2xzLTMiIHgxPSI2OC4zNCIgeTE9IjExLjc2IiB4Mj0iOS45MiIgeTI9IjExLjc2Ii8+CiAgICAgIDxsaW5lIGNsYXNzPSJjbHMtMyIgeDE9IjY4Ljc4IiB5MT0iNS41MSIgeDI9IjkuNzMiIHkyPSI1LjUxIi8+CiAgICAgIDxsaW5lIGNsYXNzPSJjbHMtMyIgeDE9IjU0LjA3IiB5MT0iOC43NSIgeDI9IjguNjQiIHkyPSI4Ljc1Ii8+CiAgICAgIDxwYXRoIGNsYXNzPSJjbHMtMyIgZD0iTTY4LjE1LDUuNTVjMS43MSwwLDMuMDksMS4zOSwzLjA5LDMuMDlzLTEuOTIsMy4wNi0zLjYyLDMuMDYiLz4KICAgICAgPHBhdGggY2xhc3M9ImNscy01IiBkPSJNNTMuOTEsOC43NWMwLS4xNC4xMi0uMjYuMjYtLjI2cy4yNy4xMi4yNy4yNi0uMTIuMjctLjI3LjI3LS4yNi0uMTItLjI2LS4yN1oiLz4KICAgICAgPHBhdGggY2xhc3M9ImNscy0zIiBkPSJNNTMuOTEsOC43NWMwLS4xNC4xMi0uMjYuMjYtLjI2cy4yNy4xMi4yNy4yNi0uMTIuMjctLjI3LjI3LS4yNi0uMTItLjI2LS4yN1oiLz4KICAgICAgPGxpbmUgY2xhc3M9ImNscy0xIiB4MT0iMzYuNDMiIHkxPSIxNi45OCIgeDI9IjM2LjQzIiB5Mj0iMTQuMjQiLz4KICAgICAgPGxpbmUgY2xhc3M9ImNscy0xIiB4MT0iMjguMDUiIHkxPSIxNi45OCIgeDI9IjI4LjA1IiB5Mj0iMTQuMjQiLz4KICAgICAgPGxpbmUgY2xhc3M9ImNscy0xIiB4MT0iMTkuNTkiIHkxPSIxNi45OCIgeDI9IjE5LjU5IiB5Mj0iMTQuMjQiLz4KICAgICAgPGxpbmUgY2xhc3M9ImNscy0xIiB4MT0iNDEuNTciIHkxPSIyLjc0IiB4Mj0iNDEuNTciLz4KICAgICAgPGxpbmUgY2xhc3M9ImNscy0xIiB4MT0iMzMuMjgiIHkxPSIyLjc0IiB4Mj0iMzMuMjgiLz4KICAgICAgPGxpbmUgY2xhc3M9ImNscy0xIiB4MT0iMjQuOTkiIHkxPSIyLjc0IiB4Mj0iMjQuOTkiLz4KICAgICAgPGxpbmUgY2xhc3M9ImNscy0xIiB4MT0iMTYuMDgiIHkxPSIyLjc0IiB4Mj0iMTYuMDgiLz4KICAgICAgPGxpbmUgY2xhc3M9ImNscy0xIiB4MT0iNDQuNjMiIHkxPSIxNi45OCIgeDI9IjQ0LjYzIiB5Mj0iMTQuMjQiLz4KICAgICAgPGxpbmUgY2xhc3M9ImNscy0xIiB4MT0iNDkuNDkiIHkxPSIyLjc0IiB4Mj0iNDkuNDkiLz4KICAgICAgPGxpbmUgY2xhc3M9ImNscy00IiB4MT0iNDAuODgiIHkxPSIxNi45OCIgeDI9IjQwLjg4IiB5Mj0iMTQuMjQiLz4KICAgICAgPGxpbmUgY2xhc3M9ImNscy00IiB4MT0iMzIuMzMiIHkxPSIxNi45OCIgeDI9IjMyLjMzIiB5Mj0iMTQuMjQiLz4KICAgICAgPGxpbmUgY2xhc3M9ImNscy00IiB4MT0iMjMuNzkiIHkxPSIxNi45OCIgeDI9IjIzLjc5IiB5Mj0iMTQuMjQiLz4KICAgICAgPGxpbmUgY2xhc3M9ImNscy00IiB4MT0iMjAuNTkiIHkxPSIyLjc0IiB4Mj0iMjAuNTkiLz4KICAgICAgPGxpbmUgY2xhc3M9ImNscy00IiB4MT0iMjkuMTMiIHkxPSIyLjc0IiB4Mj0iMjkuMTMiLz4KICAgICAgPGxpbmUgY2xhc3M9ImNscy00IiB4MT0iMzcuMTYiIHkxPSIyLjc0IiB4Mj0iMzcuMTYiLz4KICAgICAgPGxpbmUgY2xhc3M9ImNscy00IiB4MT0iNDUuNzEiIHkxPSIyLjc0IiB4Mj0iNDUuNzEiLz4KICAgIDwvZz4KICA8L2c+Cjwvc3ZnPg==\" alt=\"S\u0131cakl\u0131k\" width=\"100\" title=\"\"><\/div>\n<div class=\"temp-values\">\n<div>-40 \u062f\u0631\u062c\u0629 \u0645\u0626\u0648\u064a\u0629 \/ +180 \u062f\u0631\u062c\u0629 \u0645\u0626\u0648\u064a\u0629<\/div>\n<div>-40 \u062f\u0631\u062c\u0629 \u0641\u0647\u0631\u0646\u0647\u0627\u064a\u062a\/+356 \u062f\u0631\u062c\u0629 \u0641\u0647\u0631\u0646\u0647\u0627\u064a\u062a<\/div>\n<\/div>\n<\/div>\n<div class=\"marking-section\">\n<div class=\"detail-row\">\n<div class=\"detail-label\">\u0648\u0636\u0639 \u0627\u0644\u0639\u0644\u0627\u0645\u0627\u062a<\/div>\n<div class=\"detail-value\">: \u0634\u0631\u064a\u0637 \u0646\u0642\u0644 \u0623\u0648 \u0634\u0631\u064a\u0637 \u0646\u0642\u0644 \u0623\u0648 \u0645\u0646\u0642\u0648\u0634<\/div>\n<\/div>\n<p><img decoding=\"async\" class=\"marking-image\" src=\"data:image\/png;base64,iVBORw0KGgoAAAANSUhEUgAABf4AAAA0CAYAAADbsinBAAAACXBIWXMAACE3AAAhNwEzWJ96AAAgAElEQVR4nO3db4gb570v8O+u\/yXp8XDeBk05LactSIb2kAOVDAlJYSVD0vaCND6s8XmxqzR2fSG7a187fmHv1vGfF\/YaZ3f7wtdOs7sHamwa7b64PjZYMtwEGywVakjAEhwKDXSWvOul4+P4T+zVfTF6Zh+NZjSz0ujvfj9gbOvP6Jk\/mhn9nt\/zewb++Z++9y8APgIREREREREREREREfW6g5sB\/COAtzrcECIiIiIiIiIiIiIiat4\/Dna6BUREREREREREREREFBwG\/omIiIiIiIiIiIiI+sjmZhcQTyQQjkSCaEtgljMZ6LoOVVWR1DTr8UI+j0I+38GWBeNH5QG8iYFON4OImnAfZfxpoNzpZhARERERERERUR9qKvB\/7vx0VWC9WxTyeei6jpCqYmxi3Hp8bgZ9Efg\/VB7Ea2UG\/ol62f\/Y9KLTTSAiIiIiIiIioj7VVKmfbgz697ufM+hP1PM+HlzF12C2PxERERERERERtQZr\/PeQ7QDeW+UuI+plDwFcG1jtdDOIiIiIiIiIiKiPNV3jXzAMA4vzC0Etrikrut7pJrTEcHkQr3a6EUTUlI8GV\/Gw040gIiIiIiIioo5KaRqSWqrTzfBl7\/Aex8ePT0123dyvTkrFIk6fPFXzeK+330tggf9SsYi5mZmgFkc2r2IAw8z2J+pp\/zVQxn8y2586QFEU3P\/yCwDAD773\/Q63hojaYSSdxuL8fKeb0TdUVUU0FsNSJtPpphAREVGfCFXuL3pZOBLp6XXo9fZ7CSzwH4SgellOnzyFUrEYQIu6x3urg9je6Ua0yLbdSQx+V8WzWzm8eFDy9Z5BNYRt\/5bClthPrceeF0t48rtFrOorrp\/h5vm9Ar69V3B87uVDYwCAp39Yclw2AGzZGcXmnVGs\/lXH00+X67ZdvPbFgyKe3bpd97V+PlvwWke7xxfmfL+WgvERg\/7UIfFEAkB\/THBPRN5SmobjU5NQFIWJOQFQFAUXL19CSFWRy2ZhGEanm9QSI+k04ok4VnQdC\/MLvn5PiQ6RkGregxqGgdvZLPQ+HYFNRETUy0rFInLZHMKRsPUbsdfkslmUiiXEE\/GeyNS3a3f7uyrwH1Qvi6IoAbSme\/xreQA\/79MJfQcUBd+5cLby7+345sEZz\/ds253EKyeOYcC2nzfvjOKld0fw5JNFPL7wW5SlH2XbdiexeWfUfaEH38fTT5fx6NDRmqdePvg+ALNzwC34vnlnFC8ffB\/P7xU8A\/+v\/OYYNu0I48WDknfg38dnC57raMPAf3t9PlDGnwZ6d0LfaCyGaCyGQj7vO3ic0jQMJeLWOblULGIps+QYSEhpmhU0sFvRddcMy7GJCQBwDWypqoqkptVdht9l2du6nMnUDWyIz\/bDq32KoiCpaYgn4tZjuWzOd3AlGota7zH\/H3O93po3Iv46z\/1sXz\/HTjQWQ0pLWcdALpvDcibjGVyzv29F15HL5pDLZl3b4cVrv65XPJFAOBKp3GTXtks873TcycdQvePS61gLep36nTgXODGPMX+BX7\/nCq9js5H9NzYxDgBQ1dC63tfN6u0XP9emRq5J8rYPqSoURcFIOu27M0W8HnDfj9FYDCPpUSiKUgma5+peD+TXm+tewOL8fNOdEVeuXUU4EsHi\/ALCkTCu37yBvcN7XLerqqoYmxh3PPccn5pEIZ\/H0cNHeO4hIiLqIqdPnrKu7X\/+6i8dbk1jDuzbD8C8\/7ty7WqHW7N+7W5\/VwX+ydl75f4t8bNl51rG\/tZdcXxzon7gf8vOqNVR4Oald0cAwHNZdtt2J7Gqr7Q0ID6gKNi0IwwA2LQjjEE15BnQp\/5wYbC3s\/1H0qOIJxIo5KPYO1w\/uKIoihVAkJnBCrP0xNzMbFWQIqml6ga+RtKj2Du8pyawIYJbbkGYUCUwUcjn6wZSwpGItSyvAJJoayGfrxvQEJ\/tR732hSMRXLl2taZTOxqLYWxiHHMzs57lPMS2Fesl3utEbK8D+\/Z7BpL8bN+1djqPOEhpGs6en655z2h6FL\/et9+1E+Lc+WnHgFNS0xwDTvXWWea1X9dLHFuFfN4x8D+SHkU0FnPscBHvNQyjbqDR61gbmxjH0cNHWKLEJ6\/jZEwfx97hPZ7HybFKxj1Qv+PG69hc7\/4TQWvDMBqqA9qt6u+XcSxnMvjg8JGaZ5q5JonzgWEYOHPyFM6en8ZIetRXoN1+7nY6tzid\/+KJBKKxqOO6uJ0v44m44zXSL5G1Lx9nn9+9g5H0qON52+26ZG\/X\/6l0HvTbSGwiIqJeJa7dvZwwLZIlenUd2t3+\/o0o94mflwfxWp9m+wPAll1r2auDasgKirvZ9u6I9e9vTpzB\/9vxr\/jbd3+Iv333h3h06ChW9RWUDQNPfrfo+P6nny7j4b\/9e9Wf\/\/7VAWt0wMsH368ZSRCkrbuGbP+Pu7xy\/R59eKZm3YRvTrg\/R6338eAqvkbvZvsDa4HjaCzmeYHyKts2kk77DogL4UgEFy9fWtd71kPudJCz6rvB\/758yXWbK4qC41OTdYdpqqpqBQH9Bl+isVhLt7cQTyRqglhCSFVxzuU5cxIs9wz3drXfDxE0c\/tOiMcjDs+L54IImp09P93XtSvbKaSqrsetEI5ErO9tEOeUY1OTUF1GRdmNpEcBAIvzC31bksZJUtMcRwUEdU1aymSwouvWCCwvXoFxVVVxbGrS8TlzhFf1eV1RFNfXhyMRa2RBI+QyPYLbsaMoSs11KZfNYm5mFnMzs1iWOqhEp4vfY5eIiIha6+z5aVy8fAnXb97AgX378dbrbzgmJ3Wz6zdv4OLlSxibGMcv3n4Hv3j7Haz00AjDdrc\/sIz\/aCyG6zdvrOsHhmEYOHr4iOt7NvoEhNth1vbvZyIQXjYMDCgKtsSidev8i9c\/\/ui3ePLJYtVzTz9dxrNbt7Fl509ds+hX9RXHWv7lX\/1PbP\/D763P8CrX0yjR0SHWd\/POKGBbj0a9eFDCC7fniiXXOQyotR4CuNbjtf3twX6RnexELjmSy2Zx5uQpK8MxGovh+NQkQqqKuZlZx\/c7zdEiRhtEYzGrZErQ5MBcUMHRUrGIvcN7qh4TASj7erpdB+USSCKzX7w2pWk4NjXpWkJGsGf7y5YzGSxllqz\/K4qCsYlxq\/ReStNamiV+vBLEEtm0S5mMFQwTJXCc2iCCdKVisWq4qvxet0xn+zrbBX18iZs4RVGs7A5BrZQOAYBwpLbjWzxWyPs7f4vtIRPbxCw54py9S87s96FiBIaf85EctBWdAF73yE7HZjgSsWr1j6RHPTP4VVW1gtzLfTrCw35elc9bI+nRqtEVzV6T7JYySxibGEdKS3mOtBL7\/KFhOJayG0okrO+\/yLSXM+mTWqrq3B6XXi9K8CiKgrPnpxFPJJDSUg3P51DI51EqFq0RRuL4dtouI+l0VUfBgX37a84rC\/ML1nqI\/eM0goGIiIjaS1GUykj+tdHIi\/MLPVXvP1RJbJubmbXuxcU9Wi9od\/sDLfXTyKQEBa3geeO8UQ2XB\/FqpxvRQpt2hDGgKCgbBh5f+C1eOXEM23YnawL6whapfv2zWznH15QNw7NuvpNvKzX0B9XQuibIXS9R2uibE2fwnQtnsXXXkLUNqD99NLiKh51uRJNE4FgMR4sn4q6B5qHKDcOKrtd07Bbyeewd3oNwJOIaACsVizUBhEI+j8\/v3kFIVRFPJFoS+JfXMRyJQFXVpsu9GIZRsy5ivZ3W08lQpUPCzKasDugsZTIo5PPY7jECQyzjdrb2vKnrK47b+\/rNGwipKoYS8ZYF\/sORiBU8Onr4iHVM6bqOA\/v248q1q4jGYkhqqao2yO\/74PCRquNBvFfczDpxWudWEmVCFEVBOBKp+mz5vsnpHkpkyfo95p2OOdFlIIKD1LhSsYijh48getfsDI3GYq77RsyrsXbeTHh+l9y+j5FIGElN89UpKc7BpWKxb2urO31\/S8UiPrt7x9ov4jXNXpPsljMZq5PBqzOnVCzig8NHrM4FO3GMmB0+Ges9oqSQfX+vzYGStdbPLAM2i3gi4TpPjl97h\/dYox9WdN21vn9KS1n\/XpxfcN0fe4f34PrNGwDMEQxzM7N9e0wSERH1GjmJJZ6IW\/c0vVQ+R07EiMaiWNH1pu+H2qld7W8qnTyI4cP1DqqxiYmG\/vTDcNJXMYDhvs\/2N4NR3977oxXIF50BXlb\/Gnxd\/NW\/mj9GtsR+6vHKxmzZGbWC\/E8\/XbZGJcjzHFB\/+a+BMv6zx7P9gbVseJH5Vy\/4JNcydrpGOAUm\/RBBYREoCZIIhsq1\/bulJIrYnk5Be8AMKnsFhetl\/DsRgSQALQ0Ux6WAnFNH0nIl89m+L8Q2Wamz7t02XFW00x7c9wr8i8eaDZbJ26Nbju1eJZfMqleCS2zntfNm4+cuMSm3nwQb+0TeG4V8LpSP8aCvSW6f48Srtr1om24bpapLo4RkYt+WitUjY+XPaOb7LeYS2Tu8Bx8cPuK4XUTpOKFe8lapWMTi\/Lx1be2lH+JEREQbwfWbN\/Dnr\/6CcCSC1378E7z245\/01OjgkKri\/pdf4P6XX6CQL+DN19\/Aaz\/+Sc+UumxX+5vK+D9z8hTGJsZbdiPX6DCHoCfm64T3VgexvdONaLGtCbNsz\/NKtr3IuHcrtfPir2v7tJXleF60aLLdLZUyRd\/e+2Pl7wK27U5iy654Q6MUqPt91AdBf5GlDJg\/8MU53ysjPuiLlWG0btyECKYU8gUYhmFNrNhNE6E2uj1FVuqKrq\/ruijf8AUx+sGJophXuWKd4P1ZTLu2oVdu6AAzABaNxaCqoarH5WCwoihV6ykHeZsd5dJL26ofyJ1tQXQmrmf\/ibkieulHW1DqbacgvwOlYhHhSAThSKRuJ2M\/fu\/k33xunSmyfppcmoiIqF\/JvzUK+UJPJgqJdRBJOr22Dq1sf1Mp5UuZDN58\/Q384Hvf9\/3HXpeTav2oPICf9\/GEvkD1RL4i21\/UoN+80zkrTkzcCwCvnDiGl94dCWwiXqvefuVzWsEa4VBZ3+eV9d3isr7U2+4PlPGngd6e0BeozoYHgNuVIMeQRyZ4L5UUkdfR7\/q1W6OTg64321+Qg+yt6txfm7jWeV4XOaDk1AZRkqkXiHV0y\/gXtdjl58W6bcQAbrfzKsEkvq+FfAGlYtEatttISUz58\/wI8bhxFOQ1qVj5Pjc7Ak0cP\/YOwfWW+CIiIqL+YRgGFufnrXnCVnS9ap63XDZbNY\/TcqX8q\/xe+\/\/dllXI57GcySCpaYgnEtacQfIyG+H2OaJNTm2W2zg3M+vZZvv6j02MIxqLYSSdhqqqVcvcaO23C7TGPwXjULm\/S\/wAa8FukekPmAHxbbuT2LprCI9c3vfkk\/\/Aywffx4Ci4JUTx\/DKiWN4fq+Ab\/NmuaB6EwPX88qJY9a\/3eYP2Lo76dop4VUeaFANYbDyw050cDy7dRvfwVonSKNtp+704WDvZ\/sD1dnw4m+z1nTUcYi\/CFSEVBUXL1+qmkixGWKS06Bnu5fLFoiLtxyk63TgRfT2JzUNur5SddPgR9yaI6B\/yn7I++Ti5UtVk\/t2K3kyUUFM7Lui69b3Ss4gFkHiII55OeAc9HdooxETm9YrEWPvcCvk81aN\/kbOKclKTXWv47zXMpuC5vSdacU1KajrQi6bw0g6jaSmYSmzhEI+D1VVrRHP\/XTeJiIiIn8O7NuPQj6PuZlZfHb3Dn7x9juV+84C4ok4Pjh8xHqtYRjW6LrrN29gcX7BGrX++d07OH3yVGWuuNpljU2MW4nZI+kSLl6+BMCce01exnqTwAzDqPqckfSo9TlmNnvJtY33v\/wCe4f3QNd1LGcyNW22LwtYG1148fIlXLl2FQDw1utvQNd1LM4v4LO7dzZU+510deBf1EVdr17+UftmeQCv9Xm2PwBsser7F6zHRAmcAUXBlp3RqueExxfmMKiGsG130nps884oNu+M4uWD7+P5vQIefXjGNYi+bXeyJkg\/+F3VCso\/v1eo+95GiWx\/uaOjbBh48aCETTvC2LorjscM\/PeNawOr+Bq9n+0POAew5MftctmsFTgXWQNiItulzFJDAZNoLCZl5deeFwBzThgn9kxKp2Wby10LqDUbpAvS4vwCRtJpAGb5u7GJcRTyeeSyOdzOZj0DWI1m\/K+XGaxy3gdBz8sgsixEoPzKtauV4Lm5Xbzq+0djUde2LmcyLSlr5FQ6SQQpi8WiVe5I3lbi30WXERHrcXxqEgDWXfJpoxM334IonQWY5S6dOuGcOhO9OkwFp2MzGota32O\/geBu7whrhbGJiap6\/kIrrklCoyM4BDnL7sq1q9ZE0MBafXwiIiLaWOzxTPl+0\/5vuRyu+X\/784b174e252UP63xG\/V\/Tzstya7PzOhhVj9f7u16s12kdGim72Ovtd9Llgf+ZTjeh7Q6tbup0E9piq6h3L2XXlw0Dz+8VsHlnFFt2DTkG\/gHg0aGj+PZWDlt2xbF111BVuZ\/NO6NQ\/vB7\/H3XLx1L9siZ93Zlw8CjD880s1quxPraRxM8y97GyzvC2JoYwuMLcy35bGqvhwA+7pNs\/3AkUpPZquu6FUSJxmKOAaZf79uPK9euWgEMUQt5JJ1GIZ\/H6ZOnXIMtx6cmay5wIuhlGIZrULfROWGGHDLiRZAunoh3PPCi6zqOHj6Cs+enrceisRiisRiOT01iOZPBaZcApNhupWKx5bWmQ1KWajucPnnKOq7E5yc1DUlNw4quW5kXTsT2c9LKOYJEXfCQLfBfKpYcJ\/9tpNyH6AiRyYHopcqEyb1EzDPi1Wkh1tPreI\/GYlUT9NbjdpzImVB2okyYfPyJ86RXuZl6x2apWKwaFtxqopPDzygDr+0Z9L6xH+PyXDRO3+FmrklOvCZ3Xg9xvbEvL5fN9eUcAURERFTfxcuXkMvmEI1FoSgKLl6+hFKxhJSWqsq+H0mnK0kD5rxp0VjMvMeZjyAcCSMcieDc+WksZZYQjoSt0Y\/yss6dn4auryClpTA3MwtF2Y6z56erlrFeTp8jkpDE7zW3NgLmfV4um7NGrl+5dtUa7RCORKz7I3H\/JIQjEczNzCIcCdcsYyO130lXB\/43mvfKg3i1041oAxEEB9ay\/K3\/5\/9oBv49MkSf3bqNZ7du4xFQmRA4jpd+NYJBNYQBRcHLh8bw6NBRX+0pGwae3bqNxxfm6tb3\/+bEGbxwybzcujvpOiJAnj\/gua0z4\/m9AnDwfWzaEcaAolhzGFDv+nhwFa2bhra93LLFRUZ8PBF3DAqVikX88u13MJIetW5A5GVeuXYVb73+hmNQo97NhVuGbTPcMv7Fc4qidDz4slTJQk9pKURjsaobvqSmIaSqjvPnrNUZ77\/sX8MwsHd4j3UcysFScbO2d3hPV627CPaLDrO1Mlpro2nMCYDNjoFQA4F\/RVHqBo473ZHVCNGZMTczWzchJKlp1pDlevvdvPnO+5pzyr4cEWAWHXFOwX97eTSgusM0nkh4jkpxasfRw0faei46PjWJaCyGH3zv+3Vf52d7Br1v3I5xebi7rJlrktvnBEFVVRyr\/JC0G5sYR6lYXPexQkRERL1NTm4CYI1YFMRocMC8N7X\/X07Gsidn2Zclgs+L8\/NV99nNJnTVa7N9+fY22tffnhhjX5b4\/4F9+637pus3bzS1Dr3efjvPwH+qElQIilfZBZnbUHwvbkP16w3v96OVIxC2Axhe7f\/a\/sDa5L0vHpSwuTLBr1D+u\/ljatOOMAbVkK+Jdlf1FTz5ZBFPPlmE8offY\/POqOs8AY8\/+m3DmfUviiXXUQhutf8BYMvOtdJCZeOh62S+W3cN4emnyw21jbrD1zDL\/PQLpwCW+L8oheNGr2RdA+YNSDyRQLISuBY3JE4BGielYtGzjrtboCgciVg99E7PicC+HFy1j2rohsBLIZ+31l9VVQwlEhhNj1ptdAomrrc8SDPEPnKS0lI1GQ1BEBMpiWC2eYMWtz7r+NQkfvH2OzXvW85kXDPfvYLsx6cmXTunvLKGS8US4omEdR+0lvFftP4WQUlx37Wi600HGUVppLmZ2Y53YvUap\/NKOBLB9Zs3cPb8tGN2uVeHaTQWdT2nyMemyPACzJJfLNFUXy6brVu\/P8hrUlDGJsata9De4T0oFYtQFAVXrl1FOBLB2MR4V1x\/iIiIqL\/Jow6DjP+2k1gHRVECGZXZbq1sv2fgX9wUd0KjPRxuQ\/XrDaH2o5WB\/4Orm7C9ZUvvLqLe\/aYdYWz\/w+\/rvu7JJ4vrWvaTTxbxDzujVeV\/Ok3MZwCg7vpu2RVn4L\/HnRx80ekmBEru5XY6d8qB83oMw8BSJoOlTAYXL19CPJFwPRc3mqXdyHvE+q3oek17dCvw7x6k6xRzop95LGcyuH7zhmM77aUvWs3PRKetlstmkctmUSyWrAC90\/Gp6ysNbxORse\/E6wbN\/MxxhFTVmthXLn1SqowoE2VtzLauL9jrN5O9F6Q0zTGjXlVVbK9sO1FCxml\/ijk6DMNAPJFAIZ+vORbE92Q9x4PIwo4nEhhKJKpGUYggsli2fKyIz67fYVp9bIpRIEkt1ZbzUDQWcy2pJHcu+tmerdw3XqMQvKznmuSk2dr+gvjMM1KnoWEYOLBvPz67ewfhSMQaAUREREQUJMMwrBGPx6cmrbKIQd3ntIP47aMoCs6en0ZSS1WVOe127Wp\/x1PMmX0G\/Kg8gJ9vgAl9gbVMfj\/qZdG7KRvdV2RFLm1UjzwygHrP\/YEy\/jTQHxP6AtVBf3EjIP7I9ea9albbLc4vAAgucNIMUQpHlBKR\/4iAzHrXr53M4JWZHWzfnu2a1LcZIrgt6lIGRQ7EdsNxJojAnlyuSR4hIE\/wuzY5rPMos34nyul8fvcORtKjlcfMepef3b1jfS+HEglcuXYV12\/esEYoxRNxfH73jpU1DQBnz0\/js7t3cK5y7lIUBefOT+P+l180lGQiOmnsE1fLdTjt5xQxjFcEc\/1Yrny\/zZEi\/n8ANJolNJIexWd37+Di5UvW541NTOD+l19Yow8Af9uzU\/tmvRq5JskT8DbDPgm0IEadya\/pRus5JomIiKi7yAlI5pwCsa767eSH+K1kjuAv1ZTF7Xbtan9Ha\/zPzcz2ZL3ZoB0qd7z\/pW1E7f6yYeDJJ\/\/h+JpBNYRtu5PWxL1y3futu4bw7NZt1+X77VRoF1G7HzBHI7h1TLx88H0MKIrn+lH3+rBPJvQV7AGteq9zm+Sym\/nNZhDZ2b2WcRl3mLR4PeTs11Z1HuiVUm5u+6EdbVivZrLpDcOoTMClIKWlAABFad4Ypwl+mw0s9iq1Mql4SMp4kTvhRLkkebJWQa6bqaoqVlQVDyvLEmWg5NqbzQQv7QF2v1nj0VgMuo\/z5lImg2NTk1AUBUlN8xx5KoLFjf5oE+sjb2sRfDcMA+FIBA8Nw9f27PS+aSWxbkElLzldXwzDQHfd0Zrkc5Kf6+P1mzes\/SnXriUiIqLOEGVuo7EYUpoGXdddS+N2K1EONaWlrHsTkSzUC9rdfs\/A\/+mTp1pSH0nuXQr6s+R6ud0+5P3N8gBe2yDZ\/sBa9vu39\/7oWmtfBP4BMwteBMK37IziH353EU8\/XcY3J87UTIS7aUcYr5w4BgBdEzwXZY3KhoFvTpxxfd223UkMqiFs3hntmraTf9cGVvE1+ifbH5Drw2et7FaZqoaQ1DQMJRIAjliPK4qCkKq6BixFIGelw4F0sX5mnfgFx9ektBRClXr6neqkFmVf3AJMIgBq357NZvyLwHQr95OcAe8UPBKdF05tEBPkOpGDhZ0+zuzETfZQJbBq\/57IE\/wC6y\/10y9y2SwKr+cxkk5jJD1q3RsuZzJYmF+wttvczAyWMxmMTYxbgWPxnZbne3rz9TeQqkwwK2dZL84vNBSIDEfC1mcJcmfi4vw8DIeO\/mgsWtn\/cd8dprezWSQ1DSkt5Rn4l4+XRjos9w7vQTQWw9jEuHUOWdF1zM3MIpfNWuvrZ3t2at\/YteKaJPZzUOcX+\/nMrWNanD\/s86XJ57xWdxaKYIFo37GpSRzYt9\/xtSlNs15nGAaD\/kRERF3gl2+\/A13XEU8kqkZ09ooVXcebr78BwKxM0Gvr0In2ewb+25ltFvRn1as53C0OrW7qdBPaZkBRrPI9395yz0Jd1Vfw4kEJm3aEsWVX3AqEv\/IbM6i\/bXcS23Yn8ezWbbyoBCQ3RcJVJXWefeo8cWO7bU2YbfIK5j+7lcNL745g6664YwfBK785VtPRIXteLNXtWKDWeQjg4z7L9ldV1fqxPjcz63huFhmoIkAhXiOCPAf27a85\/4oJFIG1siadIoLKhXzeNZimKNsxkk4jGot2LPAvyl8c2Le\/JogXjkSsgJqcOS7qAtonLfZrJJ22ltvKQI2o6y0mMd07vKeqDrrIDra3Qdyknj55ynG\/HKtkrBiG0XWB80K+UFUH3v4dEYE9p1JAG42YlFjOfinkCzXbRNd15LI565hVFKUqsCwsVZYlQqYrut7Q8W1OIp2w2iM\/LtrtNkmsqCW\/nnryC\/MLSGoaQqrqOIm3nQjKhiORho7\/Qj6PUjFe1UanTgo\/27Pd+8ZJK65JouNHjFpqlNhXYxPj2Du81jZ5ZET1xPPm5w0lElCUU9b5Uu5YaUcJ1cX5BavkXzyRwLnz0zh98lTVZ4+k01XZg24d7ERERNRe4j6sV39nyPeRTgmK3a4T7e9oqZ+N7r3yIF7tdCPaSA7Mf3uvft3ib\/MFM\/Av1fn\/7\/91FNt\/d9Eq57N11xDgUD\/\/6afLXZE1P6iGsGmH+ePwucf6Pr9XAN4dwaAawqAawqrtx6RYDnWfjwdX0X0zSzRHzvR0uyGQs\/7ERI2KolgBiyvXrqJULFaCuw+hqqFKsMIMeHY6CCDW8XadUjiFfKES+HcO0h2fmqwbZGl2xFk8kbA6YD67e2RjXVUAAAbhSURBVAeFfN4KNIYj4apA47IUmFtPtn9KS1WVdZInEzIMA3Mzs02tQz1rgd00wpEIrt+8Yd0IydvcfqyIQN3xqUmMpkdRyOeh6ytQlO2IJxJW++uN5KhXyuq0NNFm0FaqbvRqP0O++XPbf3\/+6i8Amp\/gNOhltcLYxLgVLE5qGo5NTVZlngsiwChed\/b8dM33T2Qfi4lnk5qGpcxS3e\/JlWtXq\/5vz8S+LQWnxTF1u07AWnyWvcO0nlKxiJXKZON+JvldOy83NjG5qqoYSaet5Jl4IoGxiYmaDlK\/27NV+8aPVl2TgppDJZfNWdfQz+\/ewVJmyRoVYj5ffazfzmZxvFL66frNG1jKLFmj78Tz7bCUySCppax2itF\/crkyeQR3qVj0HK1CRERE7XHu\/DSWMks9VRpHJhLEVnS9J9ehE+33DPynKllGBMcspUZtBzC8unFq+wNrk\/Wu6is1gW07ORC+aUcYLx6U8OJBCX\/f9Uu89KsRqzSObFVfweMLc3j66XKrVmFd5E4Lz46Oe3+0\/r11VxxPPllsVbMoQF\/DLPPTb4akbPh6Cvk8wpEI4ol4pbSFgaOHj1iZgHKtZtlyJtPR0VjhSMR1UkWZHKRzKi3T6smPctmsFSwD4JopfMaWaSn2X71ODUGuoS4T+7LV2aNzM7PWRFJObTl6+EjNdfeDw0dw5dpVq4SH2D6yUrHoOkrDbZ2FVpQ3FOSsYqegr\/x8t5UpajcRAJYz6JOahpF0uiqIKO5TC\/k8Pjh8xPqe2L+zosNobmYWqqri7Pnpmkxru3qZ+fZjc8hhFICd3GEalwKlXhbmF3B8ahLxSqC63veykC8gqWmIJxKuIw\/qEdtJlOSJJxIYSY9a53j76+ptz1buGz9acU0SI3aCGFW8OD+PeCJunf\/kyYydOl51Xcfi\/DxG0uma1wPmcdIuB\/btx8XLl6zviLhO2vVC2VUiIqKNJKlpjr+fekmvzUlg1+72ewb+5YyOjc7MKgzmh\/jB1U3YHsiSesejQ0fx6NBRX699dus2\/vbdH9Y8XjYMPL4wh8cX5szSQSKj\/kGpbikc49\/+vbFGA47tsBNtkj39dNl3J0TZMBw\/x89n19Ps+6m+k4MvOt2ElljLZqzfYeWUEb+UyaBYLGJsYrxqgkjADGQuzC90fFJ3eURDvXO6fVRDJzorPjh8BLlsDmMT4zUBq1KxiNMnT9W0q5lsVMMwcDubxdzMbFvK5BiGgb3De3B8arLqBnRF13H65CnHjOVSsYi3Xn8Dx6cmqzJ2xfKWMxnMzcy2peTFesmBXqfvl\/x8sQeHrgZJfP8W5xes4H80Fqs5JoqVOaOOHjbnGvng8BEcn5p0nD9B\/F2AeX+7nFl\/WUAze3m2qh1yhrPfDlO\/E6gDa5negPljrd45NJfN4iymEVLVhs5bohyV6Fwxg\/Ghmu+Tn+3Z7n3jJOhrkpj\/JIjsenH+kwPool2\/3rffsWNIdAbI5YBWdB0fHD7S1iH7ou0pTcNIerTm+iTmhvA7lwUREdFGtaLrXV+i3EuvlA1ya2evt9\/LwD\/\/0\/feAvB\/3V5w5dpVBv4r9g7vCeQL+aPyAH6\/gWr7E\/Wj+wNl\/LpPA\/9B8htkJ29ymZFSJaBmJ0rmyJMG9Qqxfuudm0AEXRud04C6lz273S3bvZHXeWXO97Jz56eR1DQU8vmGsq39bic\/r+u2fdPMNUlRFNz\/8gsAZsZ7kHOgiPOf33Y1er5sFT\/XJyIiIiJqu5+xxn8HHCpvrBI\/RP3owz6b0LdVej17oZv4KS0RVO3pTmi0dEY3BL2oNezBQ7dgYiOv6+fA5FJmCUlNcyyr44ff7eTndd22b5o5N4pRF0FOPiys9\/wXRKmhIHVbe4iIiIjI5Bn4P33yVEvr3faSIIILr2IAgJktTES96U8DZXwNfoep+8Qr9f1zPur7E1F\/MicCzyMaiwVSK5\/MjHZRjqyVk54TEREREQXJs9QPERER9YY\/f\/UXAMBrP\/5JX2c0E1F9ouzXL95+h6NiAnLuvDl3AierJSIiIqIe8TMG\/omIiIiI+oyqqpxbJWDcpkRERETUQ37GYvNERERERH2GAergcZsSERERUS9h4J+IiIiIiIiIiIiIqI9sBvAVgA873A4iIiIiIiIiIiIiImreV51uABEREREREREREREREREREREREREREREREREREREREREREREREREREREREREREREREREREREREREREREREREREREREREREREREREREREREREREREREREREREREREREREREREREREREREREREREREREREREREREREREREREREREREREREREREREREREREREdFG9P8BgW+PnKLyKjIAAAAASUVORK5CYII=\" alt=\"Markalama G\u00f6rseli\" title=\"\"><\/p>\n<\/div>\n<div>\n<table style=\"width: 100%;\" cellspacing=\"0\" cellpadding=\"0\">\n<tbody>\n<tr>\n<td style=\"width: 120px; font-weight: bold;\">\u0646\u0648\u0631\u0645<\/td>\n<td style=\"width: 400px; text-align: left;\">ISO 1307<\/td>\n<td style=\"width: 120px; font-weight: bold;\">\u0644\u0648\u0646<\/td>\n<td style=\"width: 400px;\">\n<div class=\"color-icons\"><img decoding=\"async\" src=\"data:image\/svg+xml;base64,PHN2ZyB2aWV3Qm94PSIwIDAgMTAwIDEwMCIgeG1sbnM9Imh0dHA6Ly93d3cudzMub3JnLzIwMDAvc3ZnIj4KICA8Y2lyY2xlIGN4PSI1MCIgY3k9IjUwIiByPSI0OSIgZmlsbD0iIzAwMDAwMCIgc3Ryb2tlPSJibGFjayIgc3Ryb2tlLXdpZHRoPSIwLjUiLz4KICA8Y2lyY2xlIGN4PSI1MCIgY3k9IjUwIiByPSIzOCIgZmlsbD0id2hpdGUiIHN0cm9rZT0iYmxhY2siIHN0cm9rZS13aWR0aD0iMC41Ii8+CiAgPGNpcmNsZSBjeD0iNTAiIGN5PSI1MCIgcj0iMzMiIGZpbGw9IiMwMDAwMDAiIHN0cm9rZT0iYmxhY2siIHN0cm9rZS13aWR0aD0iMC41Ii8+CiAgPGNpcmNsZSBjeD0iNTAiIGN5PSI1MCIgcj0iMjIiIGZpbGw9IndoaXRlIiBzdHJva2U9ImJsYWNrIiBzdHJva2Utd2lkdGg9IjAuNSIvPgo8L3N2Zz4=\" alt=\"\" title=\"\"><\/div>\n<\/td>\n<\/tr>\n<\/tbody>\n<\/table>\n<\/div>\n<\/div>\n<\/div>","protected":false},"excerpt":{"rendered":"<p>&nbsp; \u00dcr\u00fcn Ad\u0131: ASPHALT \u00dcr\u00fcn Kodu: ASF401 Asfalt Al\u0131c\u0131\/Verici Kullanim Alan\u0131 : Tank kamyonlar\u0131 ve tank vagonlar\u0131 gibi ara\u00e7larda yol yap\u0131m\u0131nda 180\u00b0C&#8217;ye kadar katran ve s\u0131cak asfalt\u0131n emi\u015f ve tahliyesi i\u00e7in kullan\u0131l\u0131r. Alt Katman : Is\u0131ya Dayan\u0131kl\u0131, \u00d6zel Sentetik Akrilik Kau\u00e7uk. Takviye Katman\u0131 : Y\u00fcksek Mukavemetli Sentetik Tekstil, 2 \u00c7elik Tel Spiral ve Antistaik Bak\u0131r [&#8230;]\n","protected":false},"featured_media":22385,"comment_status":"open","ping_status":"closed","template":"","meta":{"jetpack_post_was_ever_published":false},"product_brand":[],"product_cat":[2364],"product_tag":[],"class_list":{"0":"post-21572","1":"product","2":"type-product","3":"status-publish","4":"has-post-thumbnail","6":"product_cat-sel_akaryakit_hortumlari","8":"first","9":"instock","10":"taxable","11":"shipping-taxable","12":"product-type-simple"},"jetpack-related-posts":[],"jetpack_sharing_enabled":true,"jetpack_likes_enabled":true,"_links":{"self":[{"href":"https:\/\/tuzlahortum.com.tr\/ar\/wp-json\/wp\/v2\/product\/21572","targetHints":{"allow":["GET"]}}],"collection":[{"href":"https:\/\/tuzlahortum.com.tr\/ar\/wp-json\/wp\/v2\/product"}],"about":[{"href":"https:\/\/tuzlahortum.com.tr\/ar\/wp-json\/wp\/v2\/types\/product"}],"replies":[{"embeddable":true,"href":"https:\/\/tuzlahortum.com.tr\/ar\/wp-json\/wp\/v2\/comments?post=21572"}],"wp:featuredmedia":[{"embeddable":true,"href":"https:\/\/tuzlahortum.com.tr\/ar\/wp-json\/wp\/v2\/media\/22385"}],"wp:attachment":[{"href":"https:\/\/tuzlahortum.com.tr\/ar\/wp-json\/wp\/v2\/media?parent=21572"}],"wp:term":[{"taxonomy":"product_brand","embeddable":true,"href":"https:\/\/tuzlahortum.com.tr\/ar\/wp-json\/wp\/v2\/product_brand?post=21572"},{"taxonomy":"product_cat","embeddable":true,"href":"https:\/\/tuzlahortum.com.tr\/ar\/wp-json\/wp\/v2\/product_cat?post=21572"},{"taxonomy":"product_tag","embeddable":true,"href":"https:\/\/tuzlahortum.com.tr\/ar\/wp-json\/wp\/v2\/product_tag?post=21572"}],"curies":[{"name":"\u062f\u0628\u0644\u064a\u0648 \u0628\u064a","href":"https:\/\/api.w.org\/{rel}","templated":true}]}}