{"id":21521,"date":"2025-08-11T11:08:46","date_gmt":"2025-08-11T08:08:46","guid":{"rendered":"https:\/\/tuzlahortum.com.tr\/urun\/yakit-fc-10\/"},"modified":"2025-08-21T09:03:08","modified_gmt":"2025-08-21T06:03:08","slug":"yakit-fc-10","status":"publish","type":"product","link":"https:\/\/tuzlahortum.com.tr\/ar\/product\/yakit-fc-10\/","title":{"rendered":"\u0648\u0642\u0648\u062f FC-10"},"content":{"rendered":"<p><!DOCTYPE html><\/p>\n<div class=\"report-container\">\n<div class=\"report-header\">\n<div class=\"standard-text\">\u0627\u0633\u0645 \u0627\u0644\u0645\u0646\u062a\u062c: FUEL FC-10<\/div>\n<div class=\"standard-text\">\u0631\u0645\u0632 \u0627\u0644\u0645\u0646\u062a\u062c: OSDFC45F<\/div>\n<\/p><\/div>\n<div class=\"product-image-container\">\n<div class=\"key-feature\" >\n      \u062c\u0647\u0627\u0632 \u0627\u0633\u062a\u0642\u0628\u0627\u0644\/\u0645\u0633\u062a\u0642\u0628\u0644 \u0627\u0644\u0632\u064a\u062a\/\u062c\u0647\u0627\u0632 \u0627\u0644\u0625\u0631\u0633\u0627\u0644 10 \u0628\u0627\u0631 \u0645\u0633\u0637\u062d \u0627\u0644\u062a\u062c\u0648\u064a\u0641\n      <\/div>\n<\/p><\/div>\n<div class=\"horizontal-line\"><\/div>\n<div class=\"product-details\">\n<div class=\"detail-row\">\n<div class=\"detail-label\">\u0645\u0646\u0637\u0642\u0629 \u0627\u0644\u0627\u0633\u062a\u062e\u062f\u0627\u0645<\/div>\n<div class=\"detail-value\">: Aromatik i\u00e7eri\u011fi %50&#039;ye kadar olan petrol \u00fcr\u00fcnlerinin emi\u015f ve de\u015farj\u0131 i\u00e7in.<\/div>\n<\/p><\/div>\n<div class=\"detail-row\">\n<div class=\"detail-label\">\u0627\u0644\u0637\u0628\u0642\u0629 \u0627\u0644\u0633\u0641\u0644\u0649<\/div>\n<div class=\"detail-value\">: \u0645\u0642\u0627\u0648\u0645 \u0644\u0644\u0632\u064a\u0648\u062a \u0648\u0627\u0644\u0628\u0646\u0632\u064a\u0646\u060c NBR \u0623\u0633\u0648\u062f NBR.<\/div>\n<\/p><\/div>\n<div class=\"detail-row\">\n<div class=\"detail-label\">\u0637\u0628\u0642\u0629 \u0627\u0644\u062a\u0639\u0632\u064a\u0632<\/div>\n<div class=\"detail-value\">: \u0627\u0644\u0645\u0646\u0633\u0648\u062c\u0627\u062a \u0627\u0644\u0627\u0635\u0637\u0646\u0627\u0639\u064a\u0629 \u0639\u0627\u0644\u064a\u0629 \u0627\u0644\u0642\u0648\u0629\u060c \u0648\u0627\u0644\u0623\u0633\u0644\u0627\u0643 \u0627\u0644\u0641\u0648\u0644\u0627\u0630\u064a\u0629 \u0627\u0644\u062d\u0644\u0632\u0648\u0646\u064a\u0629 \u0648\u0627\u0644\u0623\u0633\u0644\u0627\u0643 \u0627\u0644\u0646\u062d\u0627\u0633\u064a\u0629 \u0627\u0644\u0645\u0636\u0627\u062f\u0629 \u0644\u0644\u0635\u062f\u0623.<\/div>\n<\/p><\/div>\n<div class=\"detail-row\">\n<div class=\"detail-label\">\u0627\u0644\u0637\u0628\u0642\u0629 \u0627\u0644\u0639\u0644\u064a\u0627<\/div>\n<div class=\"detail-value\">: \u0645\u0642\u0627\u0648\u0645 \u0644\u0644\u0632\u064a\u062a \u0648\u0627\u0644\u0637\u0642\u0633 \u0648\u0627\u0644\u0623\u0648\u0632\u0648\u0646 \u0648\u0627\u0644\u062a\u0622\u0643\u0644 \u0648\u0645\u064a\u0627\u0647 \u0627\u0644\u0628\u062d\u0631\u060c \u0645\u0637\u0627\u0637 \u0635\u0646\u0627\u0639\u064a \u062e\u0627\u0635\u060c \u0645\u0641\u0635\u0644 \u0645\u0633\u0637\u062d.<\/div>\n<\/p><\/div>\n<\/p><\/div>\n<div class=\"datasheet_table\">\n        <img decoding=\"async\" class=\"alignnone size-full\" src=\"https:\/\/tuzlahortum.com.tr\/wp-content\/uploads\/2025\/08\/datasheet275.svg\">\n    <\/div>\n<div class=\"table-notes\">\n      \u0623\u0646\u0628\u0648\u0628 \u0639\u0646\u062f \u0627\u0644\u0637\u0644\u0628: \u0645\u0648\u0635\u0644 (\u03a9)\n    <\/div>\n<div class=\"horizontal-line\"><\/div>\n<div class=\"footer\">\n<div class=\"standards-section\">\n<div class=\"standard-item\" style=\"margin-top: 9px;\">\n                  <\/div>\n<div class=\"standard-info\"><\/div>\n<\/p><\/div>\n<div class=\"temperature-section\">\n<div class=\"temp-icon\">\n          <img decoding=\"async\" src=\"data:image\/svg+xml;base64,PD94bWwgdmVyc2lvbj0iMS4wIiBlbmNvZGluZz0iVVRGLTgiPz4KPHN2ZyBpZD0ia2F0bWFuXzIiIGRhdGEtbmFtZT0ia2F0bWFuIDIiIHhtbG5zPSJodHRwOi8vd3d3LnczLm9yZy8yMDAwL3N2ZyIgdmlld0JveD0iMCAwIDcyLjI3IDE2Ljk4Ij4KICA8ZGVmcz4KICAgIDxzdHlsZT4KICAgICAgLmNscy0xIHsKICAgICAgICBzdHJva2Utd2lkdGg6IC41OXB4OwogICAgICB9CgogICAgICAuY2xzLTEsIC5jbHMtMiwgLmNscy0zLCAuY2xzLTQgewogICAgICAgIGZpbGw6IG5vbmU7CiAgICAgICAgc3Ryb2tlLW1pdGVybGltaXQ6IDMuODY7CiAgICAgIH0KCiAgICAgIC5jbHMtMSwgLmNscy0zLCAuY2xzLTQgewogICAgICAgIHN0cm9rZTogI2E3YTlhYjsKICAgICAgfQoKICAgICAgLmNscy01IHsKICAgICAgICBmaWxsOiAjYTdhOWFiOwogICAgICB9CgogICAgICAuY2xzLTIgewogICAgICAgIHN0cm9rZTogI2ZmZjsKICAgICAgfQoKICAgICAgLmNscy0zIHsKICAgICAgICBzdHJva2Utd2lkdGg6IDIuMDZweDsKICAgICAgfQoKICAgICAgLmNscy00IHsKICAgICAgICBzdHJva2Utd2lkdGg6IC4ycHg7CiAgICAgIH0KICAgIDwvc3R5bGU+CiAgPC9kZWZzPgogIDxnIGlkPSJrYXRtYW5fMSIgZGF0YS1uYW1lPSJrYXRtYW4gMSI+CiAgICA8Zz4KICAgICAgPHBhdGggY2xhc3M9ImNscy0zIiBkPSJNMTEuMzQsMTEuNTdjLS45NCwxLjcxLTIuNzEsMi42Ni00LjgsMi42Ni0zLjA1LDAtNS41MS0yLjQ3LTUuNTEtNS41MlMzLjUsMy4xOSw2LjU1LDMuMTljMS45NCwwLDMuNjUsMSw0LjYzLDIuNTIiLz4KICAgICAgPGNpcmNsZSBjbGFzcz0iY2xzLTUiIGN4PSI2LjU1IiBjeT0iOC42NiIgcj0iMi40Ii8+CiAgICAgIDxjaXJjbGUgY2xhc3M9ImNscy0yIiBjeD0iNi41NSIgY3k9IjguNjYiIHI9IjIuNCIvPgogICAgICA8bGluZSBjbGFzcz0iY2xzLTMiIHgxPSI2OC4zNCIgeTE9IjExLjc2IiB4Mj0iOS45MiIgeTI9IjExLjc2Ii8+CiAgICAgIDxsaW5lIGNsYXNzPSJjbHMtMyIgeDE9IjY4Ljc4IiB5MT0iNS41MSIgeDI9IjkuNzMiIHkyPSI1LjUxIi8+CiAgICAgIDxsaW5lIGNsYXNzPSJjbHMtMyIgeDE9IjU0LjA3IiB5MT0iOC43NSIgeDI9IjguNjQiIHkyPSI4Ljc1Ii8+CiAgICAgIDxwYXRoIGNsYXNzPSJjbHMtMyIgZD0iTTY4LjE1LDUuNTVjMS43MSwwLDMuMDksMS4zOSwzLjA5LDMuMDlzLTEuOTIsMy4wNi0zLjYyLDMuMDYiLz4KICAgICAgPHBhdGggY2xhc3M9ImNscy01IiBkPSJNNTMuOTEsOC43NWMwLS4xNC4xMi0uMjYuMjYtLjI2cy4yNy4xMi4yNy4yNi0uMTIuMjctLjI3LjI3LS4yNi0uMTItLjI2LS4yN1oiLz4KICAgICAgPHBhdGggY2xhc3M9ImNscy0zIiBkPSJNNTMuOTEsOC43NWMwLS4xNC4xMi0uMjYuMjYtLjI2cy4yNy4xMi4yNy4yNi0uMTIuMjctLjI3LjI3LS4yNi0uMTItLjI2LS4yN1oiLz4KICAgICAgPGxpbmUgY2xhc3M9ImNscy0xIiB4MT0iMzYuNDMiIHkxPSIxNi45OCIgeDI9IjM2LjQzIiB5Mj0iMTQuMjQiLz4KICAgICAgPGxpbmUgY2xhc3M9ImNscy0xIiB4MT0iMjguMDUiIHkxPSIxNi45OCIgeDI9IjI4LjA1IiB5Mj0iMTQuMjQiLz4KICAgICAgPGxpbmUgY2xhc3M9ImNscy0xIiB4MT0iMTkuNTkiIHkxPSIxNi45OCIgeDI9IjE5LjU5IiB5Mj0iMTQuMjQiLz4KICAgICAgPGxpbmUgY2xhc3M9ImNscy0xIiB4MT0iNDEuNTciIHkxPSIyLjc0IiB4Mj0iNDEuNTciLz4KICAgICAgPGxpbmUgY2xhc3M9ImNscy0xIiB4MT0iMzMuMjgiIHkxPSIyLjc0IiB4Mj0iMzMuMjgiLz4KICAgICAgPGxpbmUgY2xhc3M9ImNscy0xIiB4MT0iMjQuOTkiIHkxPSIyLjc0IiB4Mj0iMjQuOTkiLz4KICAgICAgPGxpbmUgY2xhc3M9ImNscy0xIiB4MT0iMTYuMDgiIHkxPSIyLjc0IiB4Mj0iMTYuMDgiLz4KICAgICAgPGxpbmUgY2xhc3M9ImNscy0xIiB4MT0iNDQuNjMiIHkxPSIxNi45OCIgeDI9IjQ0LjYzIiB5Mj0iMTQuMjQiLz4KICAgICAgPGxpbmUgY2xhc3M9ImNscy0xIiB4MT0iNDkuNDkiIHkxPSIyLjc0IiB4Mj0iNDkuNDkiLz4KICAgICAgPGxpbmUgY2xhc3M9ImNscy00IiB4MT0iNDAuODgiIHkxPSIxNi45OCIgeDI9IjQwLjg4IiB5Mj0iMTQuMjQiLz4KICAgICAgPGxpbmUgY2xhc3M9ImNscy00IiB4MT0iMzIuMzMiIHkxPSIxNi45OCIgeDI9IjMyLjMzIiB5Mj0iMTQuMjQiLz4KICAgICAgPGxpbmUgY2xhc3M9ImNscy00IiB4MT0iMjMuNzkiIHkxPSIxNi45OCIgeDI9IjIzLjc5IiB5Mj0iMTQuMjQiLz4KICAgICAgPGxpbmUgY2xhc3M9ImNscy00IiB4MT0iMjAuNTkiIHkxPSIyLjc0IiB4Mj0iMjAuNTkiLz4KICAgICAgPGxpbmUgY2xhc3M9ImNscy00IiB4MT0iMjkuMTMiIHkxPSIyLjc0IiB4Mj0iMjkuMTMiLz4KICAgICAgPGxpbmUgY2xhc3M9ImNscy00IiB4MT0iMzcuMTYiIHkxPSIyLjc0IiB4Mj0iMzcuMTYiLz4KICAgICAgPGxpbmUgY2xhc3M9ImNscy00IiB4MT0iNDUuNzEiIHkxPSIyLjc0IiB4Mj0iNDUuNzEiLz4KICAgIDwvZz4KICA8L2c+Cjwvc3ZnPg==\" alt=\"S\u0131cakl\u0131k\" width=\"100\" title=\"\">\n        <\/div>\n<div class=\"temp-values\">\n<div>-35 \u062f\u0631\u062c\u0629 \u0645\u0626\u0648\u064a\u0629\/+70 \u062f\u0631\u062c\u0629 \u0645\u0626\u0648\u064a\u0629 (\u0627\u062e\u062a\u064a\u0627\u0631\u064a -55 \u062f\u0631\u062c\u0629 \u0645\u0626\u0648\u064a\u0629\/+80 \u062f\u0631\u062c\u0629 \u0645\u0626\u0648\u064a\u0629)<\/div>\n<div>-31 \u062f\u0631\u062c\u0629 \u0641\u0647\u0631\u0646\u0647\u0627\u064a\u062a\/+158 \u062f\u0631\u062c\u0629 \u0641\u0647\u0631\u0646\u0647\u0627\u064a\u062a (\u0627\u062e\u062a\u064a\u0627\u0631\u064a -67 \u062f\u0631\u062c\u0629 \u0641\u0647\u0631\u0646\u0647\u0627\u064a\u062a\/+176 \u062f\u0631\u062c\u0629 \u0641\u0647\u0631\u0646\u0647\u0627\u064a\u062a)<\/div>\n<\/p><\/div>\n<\/p><\/div>\n<div class=\"marking-section\">\n<div class=\"detail-row\">\n<div class=\"detail-label\">\u0648\u0636\u0639 \u0627\u0644\u0639\u0644\u0627\u0645\u0627\u062a<\/div>\n<div class=\"detail-value\">: <\/div>\n<\/p><\/div>\n<p>                <img decoding=\"async\" src=\"data:image\/png;base64,iVBORw0KGgoAAAANSUhEUgAABf4AAAAoCAYAAACvpushAAAACXBIWXMAACE3AAAhNwEzWJ96AAAgAElEQVR4nO3dXYgbZ7on8L\/U7rYTH9ec26AKJ8OZHVAZzoGZZSRDQnKgpV6SzFx0K8HGAyvLibNeSLdi\/HHhj\/H646LTxml3YL12kk4vjLEZq\/ti88FabTgOCVgaSGAGXILDwi5MidwtM683cWynW3shvdUlqapUkkoqqf3\/wTBpfZTe+pAsPe\/zPk\/oH\/\/huecApEFERERERERERERERMNuaQuA5wD8LuCBEBERERERERERERFR9+6Egx4BERERERERERERERH5h4F\/IiIiIiIiIiIiIqJNZEu3G4hqGhRF8WMsvinpOoQQUBQFUU0zby8bBgzDCHBk\/vh5JYQXEQp6GERPpG9QwdehStDDICIiIiIiIiIictRV4P\/dC3OYTKX8Gotv9u7eg2KhgKim4dqN6+btC\/OXsDA\/H+DI\/HGqEsbPKwz8E\/XbfQCfjqwFPQwiIiIiIiIiIiJXHZf6iWraQAb9N7tXGfQnCsyN8Dq+BbP9iYiIiIiIiIhosHUc+B+08j5Pgh0A3llnWwaiIHwL4EZoPehhEBERERERERERtdR1jX9JCIGVXA5C3Pdrkx0rb4I6\/nZ2V8LYEfQgqCvbL85iRI3gh4+W8OjW7aCHQ234ILyO4D\/dSJJl3Pbu3hPwSIg2v6imoaTrQQ9joMXicRQLhaCHQURERERDZCqVwmRqKuhhtFTSdZw7c9b2vhOnTtb1Vx1UK7llLOdyTbcP+\/hb8S3wv5LLOV4E1L1nEMKbzPYfaiFFwdbXJgEAPx46FvBoqB3fhCr4lNn+AyORTCIWjzMQSdQHiqLg2o3r\/J7nYiqVwuyFObz0\/AswNmnyCRERERH5L6KqiMXjQQ+jK1FNG4p9KBaKtrcP+\/hb8THjv\/tc2Ols1oeRVCchNtsPr0Meg\/5hNYKRZ1UAwOO7zhfF6K4YAGBdCKzdK7k+xm07QDWgvWVn1PWx1ses\/cXAulFuep0f75VQEQIjO6MIt1FKyuk15XZbaRyPNLIzirGJBACg8jeBR7dWbR\/n1djEOABg3Sg7bsftOFltfW0S4dp59mNs5O6DIQv6q6qK8WQSiqJACIHb+bzjZ6KiKIhqGoQQTYF0+Y+fH1msUU1DIpk0\/17N5zsO3MfiMddxRTXNthyd3T66UVUVEVVF2TAcj598rZKuQwjhuB2v58PpeUA1y2I1n3cdRyu9zkiW14zT8ZCZFHbnQR7vVudJPs5Ou+fYjjyWTuddVdW6Hkdev3PI95oTt2soSOlMBoqiYDKVqgv8ez1fgLdj6nROgdbHxu36d3v\/SoqiIJFMmmMoGwZW83nb17T7XJjOzpj\/f\/TwEdfXIiIiIiIKStkwsJxbxlRqyvX79yArFgoo6TomU6mhLEPf7\/H7Fvj3g\/zh1K1iobCpAv+\/rITwoseGviPPqtjxh98DAP7fGwdty8mE1Yj5mO9Pn7cN\/I\/sjJqPuf\/6b12D\/1ssj\/2\/z\/4728c8ffq4me3+t\/\/wG8ASpG58ne2\/O44tHoP2bq8pt9vKg\/fex4OLC3W3bb84a47Xug92j\/VK7tOjW6u294cUBcoffo+RWuDf7rUaHyM9dehtfH\/6PB7eXOlobOTs01AFX4eGp6GvzDy1OnHqJBbmL2Fhfr7p8VFNw7Ub11EsFJrK5shyOj977qcdj0dRFFy+eqVpBn06O4OSruPo4SNtB2rltlbz9u+lE6dOOs7Ylw0D586cdQygW02mUpjOzjgeO+tr7d29xzao3u75sD4mnck03S6EwLHDR5rG77bPVt2cSy+mszOIxeOO+\/fJ55+hbBh48fkXmu6Tx9vuWrR7nJNioYCDB97qKIhuPe52+2B3PqezMzh2+EjLZZfyveam1XXRb4qiIJ3ZB6A6NmkqlcLxUyehKErL8wVUP0sURcHBA2\/Zfj9rdU6d3l9Sq+t\/aXHRcbWCdV+sZjFnez7sPheOHj6CazeuYzKVwsL8pU31HZSIiIiINo+9u\/fAMAys5HK489WXQQ+nbWXDMH97lPRS02+zQRfE+Fk7Zgi8U\/F+mh7fLZqZ32Ov2dcJ2\/p69faKEI6BYpnpDgCjtUz1To3uiplB9Afvve+4wmBQ2AX9pafeeRvb9qc72q7M+P\/RZhIlrEbw93f\/tSmg32jHh\/\/V9jEhRcHTp48jrEY6GhvZu49qbf9hYReUlKazM7aB5F6zC\/pLUU3DJ59\/1tayOmvWdCfZ6xFVxeWrV+pWH\/RKp+djOpt1vE9OpPi1Qs5vchJHtfksUmsZJRFVtc1s2FjJ0dkSxo3txFsG2O04TbZIqqo6ns\/ZC3Pm\/nVjOjvTl2vTK5mFUjYMLC0uAqiW2pq9MOc5OyVRW7Uis+iDkM5kcOLUyabbY\/G4675MZ2c8XUvFQsH8PPIriYWIiIiIyG8yOWoQVxp7Mazjlqzj79e++JbxryhsO9sLr1bC+LnHbH\/pwcUFbL84i7GJcYTVSFMJGBnUfnTrNioOF9pYciPYPzaRwPenz7c58qqQomD7xVkA1RI3XrLlH95cwePCH+tue+qdt8372i1p0+o51kC8dZKiIgQeXHwfa3oJW3bFsG3\/fzQD7O2W1hnZGUWoFliwW4Ux8qxq3u8krEbMVQNr90r4\/r9Uz8mWXTE89c7bCCkKxiYS+OGjJc\/jInc3wuv4FsOR7a8oCo7XAltCCCwtfoxioYBYPI50Zh8URcF0dqbWhL0\/\/8DE4vG6ckFLix+brz2VmsJkKoWyYbSV8d9O+aFqCZaN96mqRswSLbMX5lB8vtCzY9Hp+bBmWJcNoy572PpcpwBq4z73m3xtu2Wj1jI3UU1rOocycO71eqgGW+snCWLxGGLxOKKahqlUqq3mR3J8QgjbQLA8L0IInD9zFoZhQFVVM1s8ndnnqQa+XWOsRDJhBtlPnDoZWIC80VSt0djHix+bt7U6To1kszIv+2R3ToHqe8ELu+tfLmNOZzJYWvy4LhtfBumt71Ggei1OZ2cQUVXHlUXNr72MWDyO8WQSAMv9EBEREdHguXbjOlbzq0gkEzh2+AiEEJjOzgxFc1ug+lvk8tUrKOklJJIJHDzwlvnbexjK\/gQxft8C\/5OpVNsXSrFQdF3S3mrpuJPN0vBxB4B3Omjo++jWbTwtRLWZ7OtTdcF2ORkAwDFAHFYjdVnlYTViO4HgxbY30ubrfeexoa3dKgQZ+H90c6Vlz4FG7Txn6\/40gGrQX7z+W3N1wuO7RTy6tYqf\/M\/\/UR3PoWnP+wNsrKCwC\/pLFSHw3aFj+LsPL7tuAwDE6781J20e3y1iNP4rbNkVw9jEOAP\/PvkWwI0hqu2fsNSCP3jgLTOAVSwUsJrP45PPPzPrdMvM3V6TQcOSrjd9nlfHVQ2otRN8TySr7wMvwbjl3HJTcLlYKJoZvolksq3AcDs6PR8JSy8AuQxzY+zV57o1Nrbb536S47JbxWH9jhCLx5vGGWk78G\/\/HeLajeu1AGyi7fO7tLgIIe7bZm3L8a\/kcuZ2iwCiWhTpTMbzdyAhhM11WTCXekZUFaqqBl4uRlVVc59uNwTt5UTe5atXXLch32dA9dpspdX3wlbsrv+lxUXc+epLKIqC8WTSfL+plkZqjeWziqhOVExnZzx\/Xi7ncuYXdrvrm4iIiIgoaFFNM5Ow5G8aRVGGqmROIplEIpnEwvwl8zt8LB6r68M2yPo9ft9K\/cgfOu38bzo7gymXHZNLp9v937Av\/ZB2V8LoZB1FRQgzwNxYsma0Fjxeu1dq2dR37V7JzIa3Bp29GtkZNQP2P3y01HbAPgiyHM\/DmytNx2ftXsmclBhrs\/yRXEFhV+YHqDby\/dvEb1wnBkI\/UcxtNK7UaFwhQd37ILyO7luW98+4GRDPNwWcrE1hZTmVfpCBXKeA32o+33Zmc7cNh5dzOfO58pj1QqfnQx4zp141JV3v28RNJ6z72lj6xrqvjaWArBMF3Qa8V2rXWzslpADg3Jmzrhn7MgjeOOkk\/+42S8Y6STEIjbasjZqt52Q1n8fe3Xs8fdeSQf92V\/b4STbUBuqvQXmMhRC2n0NCCE8rOKw2Xqe9a4+IiIiIqJ9US\/nVqOZecnpQWcc9LCsWrPo1\/o4z\/r0uu27F7cdtpz+cNkOW1TMI4c0Osv2lHz5awtbXJhFWIxjdFcPju8XqCoDaRIBbVricHHiUv43K30THmeTbf3ccgCzx835H+9FPo5aGwo8dAvAPLi60vfIhpCjmCgqnxr6drKaw06pHAHnzTaiCT4co2x+A+Y92Sbef0LudX0UimfSlDnm7\/Ar4qaqKiKpCCNHVNlfzq4jF4z09Ft2eD6fnDYOyYSBSO1fWgHFjqR8r1TLh0S35mu0ulWx1TbXaXq+XlsbicSSSiVqGTrFW1qb5u9hUKoWIqpplpGTJmtv51TZLH1X\/PbGbuPLKOgEWJFn+x+4c+TkhoeslTKK\/E6xERERERO2KqCrufPUlyoYBIQR+8U\/\/DEVRcO3G9YFIQvIikUzii1qD4tV8Hr9++ZWO+70FoV\/j7zjwL7tA93IpRac7+7PnfurzSPqvm6A\/sJGtv2VXDGOvTeLx3WJd7Xqnpr4AMLrrVwCqmeXrtYy+LbtiCCmKY0+ARtv2p8169N8dOub5eYPiR4fVEF77FFjJ47lulH0L8Dtp1SeAvPlgyIL+QOtMeBkgDGImPJFM+BLQ7TbbX5KBvl4ei27PRyKZ6KrkSZB0XUekVkbFWjNdNngFmve73TI\/m5E1KN2YXPHuhbm671ty1eSxw0eagvmTqSmzHJS1XmcimcQORfG8YmSjiXZnq\/XaLfNTfc4OvHthDrF4HIZhYGnx455PGsTicbO8Vrf68dlCREREROQHRVGgaBoW5i9BCGGWJB2WkjnAxu9IuQq7WCiYiWjDoB\/j7yq6fPTwEfzsuZ+29b9O6\/Y\/SX5ZCeHVNhv62pHB\/a2vTSKkKNj2RrrudjtjE+NmgP\/x3SLW7pXMoL0MYLcSViN46tBGM95hKPHTyM+JCnMFhUO2Pw2WL0IVfB0ajoa+g04GLydTKV9KX8js4dsem20OI2tgPJ3JBDyazsjVCnZLF3Vdh27TB0BmSPvRmFi1lHAZJvILdtkw6jL5Y\/G445fv46dOOq4aOXHqZFMAurFWvxtrE99OdFLmJ53JYLK2YiEWj+Py1Su+vA9kaSnrvlgnV0741ExLTnQNQ2MxIiIiIho8Mvguv7eWDaMumayk63XfY2Wg2Pq3fK6XbZV0HYlkAmqtz9h4Mtl1CXWn1\/EyxsZ+aF62VTYMTKWmzMSjHYrSVbLgsI+\/kW\/Nfck\/b1b8ab3w8OYKnj59HCFFwVOH3t5o6vvhkuNzZJb+47sbNeMf3bqNra9NYnQi4VqDXnr69Akz89xaPicoIy71yn60TGz0ijwGTvX9abBcDA9ftv+gWs4tYzKVMpcMVmvbr2I1n+8os9uvjP92qWrEceLC7wDfaj6P46IahDxx6iT2ZfbV+gQUPWU+u2Ua9+u4yXNrDUjLcclJgUQyaTaVqr+\/+4z\/dGYfgMEt+6eqKqaz2brbZAkfAE115YuFAo4dPoKIqtaaDwtENQ3XblxvalhrFVFVnDtzFkuLi+bxbqd\/wka5qs7OyWStube8bqOahhOnTgJAW0kg09kZs2xRJ+QPGKB+9YJR+xIuJ1bGk0nctrzXup04GoQGzUREREQ0XH7z8iswDAOxeBzvXpjDr19+pVa+MwtVjeDo4SMAgE8+\/wyr+VUszM9DURR88vlnOHfmLFbzeSiKgm\/+\/CccPPAWioUCopqG\/3b1Cl58\/gUAwHQ2i1g8Zn4nf\/fCHO7USs7IFcVyG+0qG0bd60S1KA4eeAtAtaqLXNFrN8ZPPv8MLz3\/AoQQSCSTmLXsfzqTgaZFzf2\/duM6ioWiuUr+i6++NMf70vMvwDAMJJJJXL56xdfxr+SW647PoI3fzkAH\/hfmLwU9hL57tRLGL3zI9pce3lzBtv1pbNufBlAr3+OSUSmb+FqD1D\/WygSNTYzjuxavNzYxXtf4NqxGMDYx7mnCoFeePn3c8b77r\/+2pysSRnZGzQkX62QKDaYPwuv4Fsz290uxUKgrCRfVNEQ1DdPZGZQNAwvzlzzXHI9qmlkqpt\/BtMlUqm\/LHYUQOH\/mLGYvzAGoBm\/TmQzSmQyEEFha\/NgM\/tqRgVU7\/SqDZ1fuRGb0bwTjZ6DVJmUVRTGDzO0E62PxWFMAPRaPma87qCtDIqqK6exM0+1CCPOLY6PG90lJ17GSyyGdySAWj9kG\/ldyOfP2ThppW8fVLrWWsQ9slPlRFKXlyh8hBPbu3oOSrpv1LRVFwWQq5alE0VStzFHjbfL6alzxcO7MWfM15OtMplKYxRxWcjkszF9q+\/PGqccFEREREVEr8vtjSddh1Orvy7+trH3vZJkea9a59TmNv6FLum6uiK2+Ztny30bdNttNdGt8HauSrruO0Xq7EMLsPyDvt46lceWDYSmPI8fQyXfxVuM3GsY5aOO3M+CB\/+Gsb9ypHei+tn+jHz5cMoP+gHtTX2uQ2lqW5tGt29iOjSa1aw7174Fqtj9QnXCQZYO27U8HGvgP0mh8I9t\/2PocPGnuA7gxhLX9B93Rw0dgGGVMpabq6tRFVBWzF+YQ1aJNGc52gsr2D8KypSmrNXiuKAqmszNIJBP49cuvBDhCd40NfUu6bpvRL2+T\/99Y176VWDzuGEgu6XpbjWwHgVzlsXf3Hk\/B9mKhiHQm4\/hlXA+wQbTMsG9cyuqkWChgYb7+8cVCAav5PBLJpDlJ1IrbBN3S4mLTl+eSrmPv7j2191WyaVvjyaSZdeWV9Us7EREREVE7Ll+9gqXFj5HO7Kv19cqavbsiqoqyYWBHLaFG\/g6QCXYnTp3EwvwlJGolcmcvzLluaypVTYKdSk1haXEREVWt20Ynq9udxgxslAB2GqN1\/2XZUrdtycB6VNOgqqq5Xes2nrTx2xnowP+TZncljGd83ua6UcajW7cxNjFu\/rcTGaRubEJbEQJr90oY2RnF2EQCD1wC\/2E1gnWjjO9PnwdQ7S+wZVcMo7tigdX6f3hzxXGVw9pfepuNJ1c\/PKkTH8PkvfA67gc9iE1qYX4eC\/PzZhbweDJhBtnSmQyWc8stg4PyH9bVALK4i4WCY4PTxgkNv8gMbZklnUgmMJ5MQlEUs\/6\/U5a3H3XyATRl01u1mpiXJVRUVcX9WqZIY8ZDY+Bf77CkTKPVfB7HaksoB1GxUGgqdaPWVgFMplK4fPWKbSkcWa5n4zmRpsdYBdkoeapW5sdrU9\/qe6x5Uq+kl5BIJrt+jy3MX3K8Zku6bi7fle81+ZqKouD4qZPm\/UREREREvZRIJusSUhpXCsuV4UD1d5S1FEzj3163JcuDAtUSQt2Wl3Ebs9JijO3sv3Vbv375FZR0HUuLi\/jmz39qSup5ksbfqGXgf6rWZM0vrX6oWrkFHdw4\/bizKwvgVdkwepo9+AxC2O1ztr+0ppeAiXGstwhybwSpmwNrjwvFauA\/OY4HFxdct\/PdoWOoCIEHFxew9bVJAMBT77wdWOD\/UUANhkOKstEzwSFoSIPh30IVfMps\/54zDANGLoflXK6uRnkimWwZpAwy499ae69RLB7raXavEMIyCVAtSxLVNCSSCdvA\/3Ju2bdjZFeORmoV+JelWqyBauu4dF03G7jK7wWlNjPUV3K5psByEKWg\/GAYBs6dOWtmkVjrw6uqims3rg9NFrmqqpZyS52VF+rUuTNnXZcUtyInIM6dOYt3L8xhMpVq+0u3U7NlIiIiIiKifmsZ+J+0qZfaL25BBzfOARrnsgCtFAuFngb+31wPY0fPtt6aNUht7QnQSJYDcsqg\/+GjJTPIvm6U8fDmykBk\/bcrpChdl+YZ3fUrANXj4FYeiYL33iYI+ndSfy9IjTXK3cjP7XYCeEHrxfkQQmBh\/hIuX70S2L\/LXskgftRSosVaekZmcstlqdXb2stQN4zypir9JIQwV0rE4nEYte8cclnosLCW+en3JExJ1327JuREDFD9DPK6XXmu2i1dRURERETUL2XDMEuMzl6Yg6pGzNXlw0Ku9FYUBZevXsFqfrVlbGGQ9Gv8gZf64Q8j4JeVEF71saFvJ6wNeVsZ3RXDw5srtvc9uPh+w98bWf9b96eHJvC\/ZWfUdqwjO6PY\/rtqs+D7b\/xn18mB0Vqj5H7us1vjZrL3RaiCr0PD39BXZlg7Bag6Da72khDeiivJMj9+BfT6cSx6dT76OfFhV27GK2u2umTd1+oxqTb4HcRrM2jWQL8MPh87fKQuAUE2v+0VOXnVTtAb2Hi\/VvtUbKyytK74nM5mB76PU7fvtWFceUJERERETwbDslK6pJc6TrwOUkkv1TU2HrZ96Nf4Aw38Ly0uDl3zvV54s9KbEj\/tkNn+sp6\/nfCzKsJqBKMTCcfAf2Mg3Jr1PzYx7rpaIGjWAP3oxLhtwH7b\/jS27Iph3Si3XBEwKsv82JRO6kbIJYu4VTknanYxPPzZ\/sDGJKrTDLG8vZ\/BKEVRXINnilJd59QqwCaz2\/2q7y8Dk708Ft2cD7fjJlcR9GMCoJuJFvncqKaZY7ZuTwb5rfcPeqC0XGva2riSQ\/7tRyKDW5mYfn9fkpNXna5ccVtlOZ2dqQv8v3thDhFVtS3V00te3muA9\/eb3N9hWZlERERERE8mVVWhqiqEEObv42ET1aJQFAURS6nRYdKv8bcM\/J87c7Yn5SPs6vB2k11op6Trvm2zVz\/iXq2E8YuAs\/2BjYz\/Hz767441\/LftT+Pp08fbWh1Q3ebSRq3\/Q9P47tCxrsbaS7IR8rb9aTy8uVI3CTK6K2buh10fBCtZEgkAHt\/9oy9jk0F9u3JLY8n2zglVfRBex7cY\/mx\/oFqHXtYHn0qlmjKDZZ3q231sjjt7YQ73hcBRm0ariqKYmcxutd2tyw39yPifqh0joLfHotPzkc5kMJWaMpddNkpn9gEYjuz4kq4jqmmIqGrTeIUQdQ1+h6Fkj1EL\/CeSCaxaatf7NZFkbWI7CMdDTmRENa1uf3thR21lwb7MvrrPC9kk2Km5djdkn5G9u\/fYvp\/SmYz5317fb3LiZhjen0RERET0ZBFCmN99p7NZ3Pnqy6CH1DYZ5xVC4NqN6\/jmz38KekhtCWL8LQP\/\/fzx4vcPXVkvd1DtQLW2f9BGdkbNLHK3gPajW6t4+nS1zM3YxDge3brtaftr90r48W4RW2qB8wcXFwY26\/\/hR0vmxIbyh9\/j4c0Vc+yy70FFCPzw4ZLrdkZr2bw\/3i123StAsq5A2PHhZfzw0RLWjTK27k9jZGe1jrbXc0LAfQA3NkFtf2k5l8PxUyehKApmL8whqkUhxH0oyg4zgCUbxbbLrSm6U+Nza3A7Fo\/XNZ2Nahr2ZfaZk8orLpnM3TT1nWroUROLx8y\/y4bR02BmJ+dDURRMZ2egKArufPUlVnI5FAtFCCGgqmpdz52Vhqa2UuM+N+pneRXDEti3+y4hG\/w63R\/VNJw4dRIlXce5M2e7Gosf26rWXIxjMpUy+wvIv+X9Xqiq2vSeUtWIuZ3G7y6y5I61PI6iKOYkUK\/oegmTcF614sQp4cJamuhnz\/207r7b+VUkksm6Y5vO7OvpRMiJ2vvzk88\/M99rhmHUGo4nzPPh9vnUSB4rBv6JiIiIaNCUDcP8nipLrw6bYqFgJsgVC8WB733XKIjxB17j\/0m2uxLGM0EPAjCz2N3K\/ADVsj3rRhlhNYItu2JtBZkfvPc+dtRK3wxy1v\/ju0WzNFFIUarB\/v3pusd8f\/p8y4kLOXngZyDeWjZpZGcU2y\/O1t1fEcKxBBM1ey+8Dm8V5ofHscNHcPnqFQD12arS+TNnO1q95FZrzqnxeUnX6zK+q9to3s7S4qJrprTMpu6kzI8M3Nk5evhIz8txtHs+hBC4nc9jMpWqBXYzts8r6bpj2Re3fQb6G\/iXDXyB+sa+dvcbNp+psr68H\/zY1kouZ07MNF7P8tx5sfF+sHe+YWJCXhPT2Zm+1q2UwXZZ7qeX75fl2rG1+6zws2Gv1Upu2bwmJlMp2\/eObKjt1cZE5XD0MyIiIiKiJ0dU05DOZFDS9Z4nEfXKZCplJsfJ1cHDJIjxtwz8D9vsSS+VdN23H77PIITdA5DtD2xkp3spSfP4brFWrz+B70+f9\/waj+8Whybr\/7tDx1ARwszwlypC4PvT51sG10OKYvZMeOzzj\/\/vT5\/HSG3ixWrdKOP+Gwd9W12w2f1bqIJPN1G2vyS7wstMc0kIgfNnzva1RrhcRjidnbENXgPAwvylloHobjL+7RQLhb7VEe\/kfBw9fAR6rbmSXZk9uc1hYM0isTt\/1vuHIUNaCIGDB97C5atXms7nscNHui7143RdnDtzFlFNa6r7uJLLtZzo6UZJ182+BolksuefH\/\/pwFu4duN63bEt6ToOHnirJ6+3nMvBMAyzv0Cjkq7jaBvnVZZq6nRlFRERERFRr504dTLoIXRFURQzuW4YBTH+0D\/+w3MvAfhXpwf8r\/\/zv\/s3mgG3d\/ce34JPp9ZH8GqfavuH1QhGnlWx7pDRL5vQrv3FaBmMl9sCNkrPhBQFW2qlZuwa4to91\/pa8vV\/vFdyDFx7eYwfz2kc7+iuGMLPqli7p+Px3T962s7YxDj+7sPLWDfK+Ouul9p+XS\/nY2RnFKPxGEI\/UbB2T2eJnzYdDK\/h69DmqO1vp1qqohqEkiVt3BpYRjUNQoim4KuXiV+759m9Riweryv7Yl3i5kRVVdz56ksIIfCLf\/rnlmORrA1jrex6y7R6fXkMnZ4nX8ttYrid82FlbY5aNgwUC4WW42iln+XvWvVn8Hp\/4zXm5bx43ZadVtvv9Hxa99dOq3Mjrwe5ukAIYbtPXq5Jr6azWUxnZ1A2DLz4\/Au2++PlmFofDzjvq\/XYlnTdcwC9232OalrdyoZioeC4T07Xx+WrV5BIJrGSy9n2Nb1Jt+EAAAF5SURBVCEiIiIiajSVSmFyCDLX3Uqmnjh1ciia667klm2TmYZ9\/C38CwP\/bfAr8P\/LSgiX10d8GBENou0XZ7H1tUk8vLkysCWNnmRfhCo4El4LehjkwVQqhdkLc1jN53uW9UtEzuTkG1AtXdXPVUPDxNq\/wM8kESIiIiIioi78y2DUmnnCvFnhYd\/MZMb+Y5dGyRSci+HNV+Jnsxqv1fe\/3UF9fyLqnmEYZnNbp\/JTtNEHpVgoMOhPREREREQDo2WN\/3aamm125S7r9wLAz2vlfb7ZxGVGnmR\/r0Xx79UIgGpzvwrP80C5E6rgW\/CcDAu\/6\/sTUfsW5i9hPJn0VJ7rSVXSdcTiccflz0REREREREFoWeqHiLxrt+YxETlj4J9oMCQY+G8pkUyyqS8REREREQ2S1jX+iYiIiIiIiIiIiIhoaLDGPxERERERERERERHRZsLAPxERERERERERERHRJrIFwF8B3Al4HERERERERERERERE1L2\/\/n8pKEAz0aEinQAAAABJRU5ErkJggg==\" alt=\"Markalama G\u00f6rseli\" class=\"marking-image\" title=\"\">\n              <\/div>\n<div>\n<table cellpadding=\"0\" cellspacing=\"0\" style=\"width: 100%\">\n<tr>\n<td style=\"width: 120px;font-weight: bold;\">\n            \u0646\u0648\u0631\u0645\n          <\/td>\n<td style=\"width: 400px;text-align: left;\">\n                    ISO 1307\n                    <\/td>\n<td style=\"width: 120px;font-weight: bold\">\n            \u0644\u0648\u0646\n          <\/td>\n<td style=\"width: 400px;\">\n<div class = \"color-icons\">\n                                                            <img decoding=\"async\" src=\"data:image\/svg+xml;base64,PHN2ZyB2aWV3Qm94PSIwIDAgMTAwIDEwMCIgeG1sbnM9Imh0dHA6Ly93d3cudzMub3JnLzIwMDAvc3ZnIj4KICA8Y2lyY2xlIGN4PSI1MCIgY3k9IjUwIiByPSI0OSIgZmlsbD0iIzAwMDAwMCIgc3Ryb2tlPSJibGFjayIgc3Ryb2tlLXdpZHRoPSIwLjUiLz4KICA8Y2lyY2xlIGN4PSI1MCIgY3k9IjUwIiByPSIzOCIgZmlsbD0id2hpdGUiIHN0cm9rZT0iYmxhY2siIHN0cm9rZS13aWR0aD0iMC41Ii8+CiAgPGNpcmNsZSBjeD0iNTAiIGN5PSI1MCIgcj0iMzMiIGZpbGw9IiMwMDAwMDAiIHN0cm9rZT0iYmxhY2siIHN0cm9rZS13aWR0aD0iMC41Ii8+CiAgPGNpcmNsZSBjeD0iNTAiIGN5PSI1MCIgcj0iMjIiIGZpbGw9IndoaXRlIiBzdHJva2U9ImJsYWNrIiBzdHJva2Utd2lkdGg9IjAuNSIvPgo8L3N2Zz4=\" alt=\"\" title=\"\"><br \/>\n                                  <img decoding=\"async\" src=\"data:image\/svg+xml;base64,PHN2ZyB2aWV3Qm94PSIwIDAgMTAwIDEwMCIgeG1sbnM9Imh0dHA6Ly93d3cudzMub3JnLzIwMDAvc3ZnIj4KICA8Y2lyY2xlIGN4PSI1MCIgY3k9IjUwIiByPSI0OSIgZmlsbD0iI0U4M0YzRiIgc3Ryb2tlPSJibGFjayIgc3Ryb2tlLXdpZHRoPSIwLjUiLz4KICA8Y2lyY2xlIGN4PSI1MCIgY3k9IjUwIiByPSIzOCIgZmlsbD0id2hpdGUiIHN0cm9rZT0iYmxhY2siIHN0cm9rZS13aWR0aD0iMC41Ii8+CiAgPGNpcmNsZSBjeD0iNTAiIGN5PSI1MCIgcj0iMzMiIGZpbGw9IiMwMDAwMDAiIHN0cm9rZT0iYmxhY2siIHN0cm9rZS13aWR0aD0iMC41Ii8+CiAgPGNpcmNsZSBjeD0iNTAiIGN5PSI1MCIgcj0iMjIiIGZpbGw9IndoaXRlIiBzdHJva2U9ImJsYWNrIiBzdHJva2Utd2lkdGg9IjAuNSIvPgo8L3N2Zz4=\" alt=\"\" title=\"\">\n                                                      <\/div>\n<\/td>\n<\/tr>\n<\/table><\/div>\n<\/p><\/div>\n<\/p><\/div>","protected":false},"excerpt":{"rendered":"<p>\u00dcr\u00fcn Ad\u0131: YAKIT FC-10 \u00dcr\u00fcn Kodu: OSDFC45F Petrol \/ Ya\u011f Al\u0131c\u0131\/Verici 10 Bar D\u00dcZ BO\u011eUMLU Kullanim Alan\u0131 : Aromatik i\u00e7eri\u011fi %50&#039;ye kadar olan petrol \u00fcr\u00fcnlerinin emi\u015f ve de\u015farj\u0131 i\u00e7in. Alt Katman : Ya\u011fa ve Petrole Dayan\u0131kl\u0131, Siyah NBR. Takviye Katman\u0131 : Y\u00fcksek Mukavemetli Sentetik Tekstil, \u00c7elik Tel Spiral ve Antistaik Bak\u0131r Tel. \u00dcst Katman : [&#8230;]\n","protected":false},"featured_media":22355,"comment_status":"open","ping_status":"closed","template":"","meta":{"jetpack_post_was_ever_published":false},"product_brand":[],"product_cat":[2364],"product_tag":[],"class_list":{"0":"post-21521","1":"product","2":"type-product","3":"status-publish","4":"has-post-thumbnail","6":"product_cat-sel_akaryakit_hortumlari","8":"first","9":"instock","10":"taxable","11":"shipping-taxable","12":"product-type-simple"},"jetpack-related-posts":[],"jetpack_sharing_enabled":true,"jetpack_likes_enabled":true,"_links":{"self":[{"href":"https:\/\/tuzlahortum.com.tr\/ar\/wp-json\/wp\/v2\/product\/21521","targetHints":{"allow":["GET"]}}],"collection":[{"href":"https:\/\/tuzlahortum.com.tr\/ar\/wp-json\/wp\/v2\/product"}],"about":[{"href":"https:\/\/tuzlahortum.com.tr\/ar\/wp-json\/wp\/v2\/types\/product"}],"replies":[{"embeddable":true,"href":"https:\/\/tuzlahortum.com.tr\/ar\/wp-json\/wp\/v2\/comments?post=21521"}],"wp:featuredmedia":[{"embeddable":true,"href":"https:\/\/tuzlahortum.com.tr\/ar\/wp-json\/wp\/v2\/media\/22355"}],"wp:attachment":[{"href":"https:\/\/tuzlahortum.com.tr\/ar\/wp-json\/wp\/v2\/media?parent=21521"}],"wp:term":[{"taxonomy":"product_brand","embeddable":true,"href":"https:\/\/tuzlahortum.com.tr\/ar\/wp-json\/wp\/v2\/product_brand?post=21521"},{"taxonomy":"product_cat","embeddable":true,"href":"https:\/\/tuzlahortum.com.tr\/ar\/wp-json\/wp\/v2\/product_cat?post=21521"},{"taxonomy":"product_tag","embeddable":true,"href":"https:\/\/tuzlahortum.com.tr\/ar\/wp-json\/wp\/v2\/product_tag?post=21521"}],"curies":[{"name":"\u062f\u0628\u0644\u064a\u0648 \u0628\u064a","href":"https:\/\/api.w.org\/{rel}","templated":true}]}}