{"id":21515,"date":"2025-08-11T11:08:09","date_gmt":"2025-08-11T08:08:09","guid":{"rendered":"https:\/\/tuzlahortum.com.tr\/urun\/yakit-sd-10\/"},"modified":"2025-08-20T15:46:39","modified_gmt":"2025-08-20T12:46:39","slug":"yakit-sd-10","status":"publish","type":"product","link":"https:\/\/tuzlahortum.com.tr\/ar\/product\/yakit-sd-10\/","title":{"rendered":"\u0648\u0642\u0648\u062f SD\/10"},"content":{"rendered":"<p>&nbsp;<\/p>\n<div class=\"report-container\">\n<div class=\"report-header\">\n<div class=\"standard-text\">\u0627\u0633\u0645 \u0627\u0644\u0645\u0646\u062a\u062c: FUEL SD\/10<\/div>\n<div class=\"standard-text\">\u0631\u0645\u0632 \u0627\u0644\u0645\u0646\u062a\u062c: OSD451<\/div>\n<\/div>\n<div class=\"product-image-container\">\n<div class=\"key-feature\">\u062c\u0647\u0627\u0632 \u0627\u0633\u062a\u0642\u0628\u0627\u0644\/\u0645\u0633\u062a\u0642\u0628\u0644 \u0627\u0644\u0632\u064a\u062a\/\u062c\u0647\u0627\u0632 \u0625\u0631\u0633\u0627\u0644 \u0627\u0644\u0632\u064a\u062a 10 \u0628\u0627\u0631<\/div>\n<\/div>\n<div class=\"horizontal-line\"><\/div>\n<div class=\"product-details\">\n<div class=\"detail-row\">\n<div class=\"detail-label\">\u0645\u0646\u0637\u0642\u0629 \u0627\u0644\u0627\u0633\u062a\u062e\u062f\u0627\u0645<\/div>\n<div class=\"detail-value\">: Aromatik i\u00e7eri\u011fi %50&#8217;ye kadar olan petrol \u00fcr\u00fcnlerinin emi\u015f ve de\u015farj\u0131 i\u00e7in.<\/div>\n<\/div>\n<div class=\"detail-row\">\n<div class=\"detail-label\">\u0627\u0644\u0637\u0628\u0642\u0629 \u0627\u0644\u0633\u0641\u0644\u0649<\/div>\n<div class=\"detail-value\">: \u0645\u0642\u0627\u0648\u0645 \u0644\u0644\u0632\u064a\u0648\u062a \u0648\u0627\u0644\u0628\u0646\u0632\u064a\u0646\u060c NBR \u0623\u0633\u0648\u062f NBR.<\/div>\n<\/div>\n<div class=\"detail-row\">\n<div class=\"detail-label\">\u0637\u0628\u0642\u0629 \u0627\u0644\u062a\u0639\u0632\u064a\u0632<\/div>\n<div class=\"detail-value\">: \u0627\u0644\u0645\u0646\u0633\u0648\u062c\u0627\u062a \u0627\u0644\u0627\u0635\u0637\u0646\u0627\u0639\u064a\u0629 \u0639\u0627\u0644\u064a\u0629 \u0627\u0644\u0642\u0648\u0629\u060c \u0648\u0627\u0644\u0623\u0633\u0644\u0627\u0643 \u0627\u0644\u0641\u0648\u0644\u0627\u0630\u064a\u0629 \u0627\u0644\u062d\u0644\u0632\u0648\u0646\u064a\u0629 \u0648\u0627\u0644\u0623\u0633\u0644\u0627\u0643 \u0627\u0644\u0646\u062d\u0627\u0633\u064a\u0629 \u0627\u0644\u0645\u0636\u0627\u062f\u0629 \u0644\u0644\u0635\u062f\u0623.<\/div>\n<\/div>\n<div class=\"detail-row\">\n<div class=\"detail-label\">\u0627\u0644\u0637\u0628\u0642\u0629 \u0627\u0644\u0639\u0644\u064a\u0627<\/div>\n<div class=\"detail-value\">: \u0645\u0637\u0627\u0637 \u0635\u0646\u0627\u0639\u064a \u062e\u0627\u0635 \u0645\u0642\u0627\u0648\u0645 \u0644\u0644\u0632\u064a\u062a \u0648\u0627\u0644\u0647\u0648\u0627\u0621 \u0648\u0627\u0644\u0623\u0648\u0632\u0648\u0646 \u0648\u0645\u0642\u0627\u0648\u0645 \u0644\u0644\u062a\u0622\u0643\u0644.<\/div>\n<\/div>\n<\/div>\n<div class=\"datasheet_table\"><img decoding=\"async\" class=\"alignnone size-full\" src=\"https:\/\/tuzlahortum.com.tr\/wp-content\/uploads\/2025\/08\/datasheet273.svg\" alt=\"\" title=\"\"><\/div>\n<div class=\"table-notes\">\u0623\u0646\u0628\u0648\u0628 \u0639\u0646\u062f \u0627\u0644\u0637\u0644\u0628: \u0645\u0648\u0635\u0644 (\u03a9)<\/div>\n<div class=\"horizontal-line\"><\/div>\n<div class=\"footer\">\n<div class=\"standards-section\">\n<div class=\"standard-item\" style=\"margin-top: 9px;\"><\/div>\n<div class=\"standard-info\"><\/div>\n<\/div>\n<div class=\"temperature-section\">\n<div class=\"temp-icon\"><img decoding=\"async\" src=\"data:image\/svg+xml;base64,PD94bWwgdmVyc2lvbj0iMS4wIiBlbmNvZGluZz0iVVRGLTgiPz4KPHN2ZyBpZD0ia2F0bWFuXzIiIGRhdGEtbmFtZT0ia2F0bWFuIDIiIHhtbG5zPSJodHRwOi8vd3d3LnczLm9yZy8yMDAwL3N2ZyIgdmlld0JveD0iMCAwIDcyLjI3IDE2Ljk4Ij4KICA8ZGVmcz4KICAgIDxzdHlsZT4KICAgICAgLmNscy0xIHsKICAgICAgICBzdHJva2Utd2lkdGg6IC41OXB4OwogICAgICB9CgogICAgICAuY2xzLTEsIC5jbHMtMiwgLmNscy0zLCAuY2xzLTQgewogICAgICAgIGZpbGw6IG5vbmU7CiAgICAgICAgc3Ryb2tlLW1pdGVybGltaXQ6IDMuODY7CiAgICAgIH0KCiAgICAgIC5jbHMtMSwgLmNscy0zLCAuY2xzLTQgewogICAgICAgIHN0cm9rZTogI2E3YTlhYjsKICAgICAgfQoKICAgICAgLmNscy01IHsKICAgICAgICBmaWxsOiAjYTdhOWFiOwogICAgICB9CgogICAgICAuY2xzLTIgewogICAgICAgIHN0cm9rZTogI2ZmZjsKICAgICAgfQoKICAgICAgLmNscy0zIHsKICAgICAgICBzdHJva2Utd2lkdGg6IDIuMDZweDsKICAgICAgfQoKICAgICAgLmNscy00IHsKICAgICAgICBzdHJva2Utd2lkdGg6IC4ycHg7CiAgICAgIH0KICAgIDwvc3R5bGU+CiAgPC9kZWZzPgogIDxnIGlkPSJrYXRtYW5fMSIgZGF0YS1uYW1lPSJrYXRtYW4gMSI+CiAgICA8Zz4KICAgICAgPHBhdGggY2xhc3M9ImNscy0zIiBkPSJNMTEuMzQsMTEuNTdjLS45NCwxLjcxLTIuNzEsMi42Ni00LjgsMi42Ni0zLjA1LDAtNS41MS0yLjQ3LTUuNTEtNS41MlMzLjUsMy4xOSw2LjU1LDMuMTljMS45NCwwLDMuNjUsMSw0LjYzLDIuNTIiLz4KICAgICAgPGNpcmNsZSBjbGFzcz0iY2xzLTUiIGN4PSI2LjU1IiBjeT0iOC42NiIgcj0iMi40Ii8+CiAgICAgIDxjaXJjbGUgY2xhc3M9ImNscy0yIiBjeD0iNi41NSIgY3k9IjguNjYiIHI9IjIuNCIvPgogICAgICA8bGluZSBjbGFzcz0iY2xzLTMiIHgxPSI2OC4zNCIgeTE9IjExLjc2IiB4Mj0iOS45MiIgeTI9IjExLjc2Ii8+CiAgICAgIDxsaW5lIGNsYXNzPSJjbHMtMyIgeDE9IjY4Ljc4IiB5MT0iNS41MSIgeDI9IjkuNzMiIHkyPSI1LjUxIi8+CiAgICAgIDxsaW5lIGNsYXNzPSJjbHMtMyIgeDE9IjU0LjA3IiB5MT0iOC43NSIgeDI9IjguNjQiIHkyPSI4Ljc1Ii8+CiAgICAgIDxwYXRoIGNsYXNzPSJjbHMtMyIgZD0iTTY4LjE1LDUuNTVjMS43MSwwLDMuMDksMS4zOSwzLjA5LDMuMDlzLTEuOTIsMy4wNi0zLjYyLDMuMDYiLz4KICAgICAgPHBhdGggY2xhc3M9ImNscy01IiBkPSJNNTMuOTEsOC43NWMwLS4xNC4xMi0uMjYuMjYtLjI2cy4yNy4xMi4yNy4yNi0uMTIuMjctLjI3LjI3LS4yNi0uMTItLjI2LS4yN1oiLz4KICAgICAgPHBhdGggY2xhc3M9ImNscy0zIiBkPSJNNTMuOTEsOC43NWMwLS4xNC4xMi0uMjYuMjYtLjI2cy4yNy4xMi4yNy4yNi0uMTIuMjctLjI3LjI3LS4yNi0uMTItLjI2LS4yN1oiLz4KICAgICAgPGxpbmUgY2xhc3M9ImNscy0xIiB4MT0iMzYuNDMiIHkxPSIxNi45OCIgeDI9IjM2LjQzIiB5Mj0iMTQuMjQiLz4KICAgICAgPGxpbmUgY2xhc3M9ImNscy0xIiB4MT0iMjguMDUiIHkxPSIxNi45OCIgeDI9IjI4LjA1IiB5Mj0iMTQuMjQiLz4KICAgICAgPGxpbmUgY2xhc3M9ImNscy0xIiB4MT0iMTkuNTkiIHkxPSIxNi45OCIgeDI9IjE5LjU5IiB5Mj0iMTQuMjQiLz4KICAgICAgPGxpbmUgY2xhc3M9ImNscy0xIiB4MT0iNDEuNTciIHkxPSIyLjc0IiB4Mj0iNDEuNTciLz4KICAgICAgPGxpbmUgY2xhc3M9ImNscy0xIiB4MT0iMzMuMjgiIHkxPSIyLjc0IiB4Mj0iMzMuMjgiLz4KICAgICAgPGxpbmUgY2xhc3M9ImNscy0xIiB4MT0iMjQuOTkiIHkxPSIyLjc0IiB4Mj0iMjQuOTkiLz4KICAgICAgPGxpbmUgY2xhc3M9ImNscy0xIiB4MT0iMTYuMDgiIHkxPSIyLjc0IiB4Mj0iMTYuMDgiLz4KICAgICAgPGxpbmUgY2xhc3M9ImNscy0xIiB4MT0iNDQuNjMiIHkxPSIxNi45OCIgeDI9IjQ0LjYzIiB5Mj0iMTQuMjQiLz4KICAgICAgPGxpbmUgY2xhc3M9ImNscy0xIiB4MT0iNDkuNDkiIHkxPSIyLjc0IiB4Mj0iNDkuNDkiLz4KICAgICAgPGxpbmUgY2xhc3M9ImNscy00IiB4MT0iNDAuODgiIHkxPSIxNi45OCIgeDI9IjQwLjg4IiB5Mj0iMTQuMjQiLz4KICAgICAgPGxpbmUgY2xhc3M9ImNscy00IiB4MT0iMzIuMzMiIHkxPSIxNi45OCIgeDI9IjMyLjMzIiB5Mj0iMTQuMjQiLz4KICAgICAgPGxpbmUgY2xhc3M9ImNscy00IiB4MT0iMjMuNzkiIHkxPSIxNi45OCIgeDI9IjIzLjc5IiB5Mj0iMTQuMjQiLz4KICAgICAgPGxpbmUgY2xhc3M9ImNscy00IiB4MT0iMjAuNTkiIHkxPSIyLjc0IiB4Mj0iMjAuNTkiLz4KICAgICAgPGxpbmUgY2xhc3M9ImNscy00IiB4MT0iMjkuMTMiIHkxPSIyLjc0IiB4Mj0iMjkuMTMiLz4KICAgICAgPGxpbmUgY2xhc3M9ImNscy00IiB4MT0iMzcuMTYiIHkxPSIyLjc0IiB4Mj0iMzcuMTYiLz4KICAgICAgPGxpbmUgY2xhc3M9ImNscy00IiB4MT0iNDUuNzEiIHkxPSIyLjc0IiB4Mj0iNDUuNzEiLz4KICAgIDwvZz4KICA8L2c+Cjwvc3ZnPg==\" alt=\"S\u0131cakl\u0131k\" width=\"100\" title=\"\"><\/div>\n<div class=\"temp-values\">\n<div>-35 \u062f\u0631\u062c\u0629 \u0645\u0626\u0648\u064a\u0629\/+70 \u062f\u0631\u062c\u0629 \u0645\u0626\u0648\u064a\u0629 (\u0627\u062e\u062a\u064a\u0627\u0631\u064a -55 \u062f\u0631\u062c\u0629 \u0645\u0626\u0648\u064a\u0629\/+80 \u062f\u0631\u062c\u0629 \u0645\u0626\u0648\u064a\u0629)<\/div>\n<div>-31 \u062f\u0631\u062c\u0629 \u0641\u0647\u0631\u0646\u0647\u0627\u064a\u062a\/+158 \u062f\u0631\u062c\u0629 \u0641\u0647\u0631\u0646\u0647\u0627\u064a\u062a (\u0627\u062e\u062a\u064a\u0627\u0631\u064a -67 \u062f\u0631\u062c\u0629 \u0641\u0647\u0631\u0646\u0647\u0627\u064a\u062a\/+176 \u062f\u0631\u062c\u0629 \u0641\u0647\u0631\u0646\u0647\u0627\u064a\u062a)<\/div>\n<\/div>\n<\/div>\n<div class=\"marking-section\">\n<div class=\"detail-row\">\n<div class=\"detail-label\">\u0648\u0636\u0639 \u0627\u0644\u0639\u0644\u0627\u0645\u0627\u062a<\/div>\n<div class=\"detail-value\">: \u0634\u0631\u064a\u0637 \u0646\u0642\u0644 \u0623\u0648 \u0634\u0631\u064a\u0637 \u0646\u0642\u0644 \u0623\u0648 \u0645\u0646\u0642\u0648\u0634<\/div>\n<\/div>\n<p><img decoding=\"async\" class=\"marking-image\" src=\"data:image\/png;base64,iVBORw0KGgoAAAANSUhEUgAABf0AAAAoCAYAAABEkVAiAAAACXBIWXMAACE3AAAhNwEzWJ96AAAgAElEQVR4nO3db2hbZ74n8K\/s2InTydndl12d4Xa4cwekwAx0YCRDy3TAkpf23i5YSnHIwChKmkwu1Ha9SfMiiZtJ0hf5Q2p7YHPTNoouNCQ0slm2t2Uj+UW7LUQqTOEORIKl0MIc03eXmZO2+eNY2hfS8\/jo6Bzp6L9kfz8wTG1JR8\/5I+fo9\/ye38\/193\/3zGkAb4KIiIiIiIiIiIiIiPraQLcHQERERERERERERERErcGgPxERERERERERERHRJsGgPxERERERERERERHRJrGtmRd7vF7sj+6HW1VbNZ6W2De5FwAQCocxEQ7J3587cxa5bLZbw2qZVwsD+GXB1e1hEG1JfxjI41sUuj0MIiIiIiIiIiIiSw0H\/VVVxY1bN6EoSivH01JuVYXP75c\/9\/JYnfpZwYVX81ygQdQNX7oKDPgTEREREREREVFPazh67FbVTRFE7zezBQb8ibrlDwP5bg+BiIiIiIiIiIioqqbK+1Bn\/brgwrMs67MpDKhuDP5YRV7XsX4v1+3hkAO3XCzr0ysURYHH64Wu65uiZBsRERERERERUSu1LOifSiYRj11v1ebIwmx+sNtDoBbZefokhsfH8PBaHD\/ce6vbw6Ea7gN4l1n+PSMQDOL8pYtIJZM4cuhwt4dDtKkpioLzly7i+NFj0HW928PpSYqi4Mo7V2VPKSIiIiIiJ27cullWlrxXZdJp23vdr775usOjaczi\/AIW5+crft\/v46+mZUH\/XDaHTDrdqs2RyauFATzd7UFQywyN\/goAsHZnpcsjISfeHcjjfrcHQdJYMAAAyKQzXR4J0eYXiUYRCAZxf07HG0ePdXs4PenGrZvweL0IhcNYSiS6PRwiIiIiIqLeKu\/TqtmVnz7zk5Zsp1fsAjDpsHnv8PgYdhyIAAC+mz2OvLZq+Tzlg\/cBAI\/vrODhtXjF4y5Fwa73\/mfN7QDA4G4PnnrzBABAf+W3Ncf18Focj0vBbqvXirE58SSbww+nq2fKj8xOYTg4hsHdHvm7x3dW8OhaHGt3K4OGO0+fwDavp+L34v3W7qxYvs6poVEfXIqCgq7bbsd4XOz2UTxn26hP\/u7xnRX8cPpc1fNF9fkWxdI+\/UJRFJycO4WxYBCKokDXdawkkzh35qxllm4oHMZEOITlxFJZsMrj9eLk3CnkslmcO3O2qTGFwmFEovvh8XoBQI7peux6Q+V5RCbESjJp+fiNWzctf7+qaVhKLDmeoLY7NkYn507B4\/Xi3Jmzlvvi8XoxNTONQDBYNoZaM\/Q+vx+R6H75OqC4om45sYSUxX6LcdTSzkxkke0MAMePHoOmaWWPq6qK85cu2h5PsQ\/VjrfxeVZWNQ2L8wsV7+2Uz+\/H1Mw0AFieU\/H5mgiH5e+WEwnbz5eRuJ7spJIpxGOxhsbdLoqiIBLdDwDQDP+uqKqKE3OnoChKzfMFABcuXYRbVRGPXW\/o+q113TZzTRT3MYpQOAS3qsrXpJJJLM4vVJxXq78LmXRaftYZ9CciIiKiXiW+44TCobLvNP1C13W5Atnpd+Be0unx91TQn6y9nh\/ELofPXbv7BX703hUAwPZXQnhwebHiOcPjYzJQ\/ODtP1pux\/icoVEfHt1etn3PAUUpCzybuRQFO0+fxIDqxvq9nAz427222rbq4VIUKB+8XxbsF4bHxzA8PobHd1bw\/exxFAxf6rd5PbZj2Dbqw44DkWJZnhqTDXaGxscAFM+VleHxMTx1+TxcVRplD+72QPng\/YrnDI+PYWj0V\/jr6G\/K9okad2ZgvdtDcExRFJlxavzdRDiMsWAQL7\/4UkXgy62q8Pn9FVnziqK0ZJnhhUsXK24mxJgmwuG6l6h5vF4oioJVTbMN4lUb90Q4jOVEwlHGst2xMY\/H5\/dbNrb3eL24cetm2WNuVS1NAgTwTy++ZLnNUDiM85cuVvw+EAwiEAwilUxWlFoR4+gmXdfl+XGrqu21BsAyMBoIBuFWVSwnlqq+T619HQsGsW9yb90TSubjbnVOzZ8voHhNebxe2\/MpGPffis\/vRyAY6KkSMZFoVH7exOfUfF3XWnGjqqr8G3Dc5nPX7PXb6DVh9TcTKJ6rSDSKiXAYx48eK5uosPq7sDi\/gIlwGG5VZbY\/EREREfUsY5JRPwb9c9msvDdPJVN9F\/Tv9PidpY9T1\/ys4MI\/1tG8t6DrMkC\/fc+E5XOG9xQzDdfv5WwzzY1B76HxgOP3tzIy+xoGVDcA4Lv\/cbypbdVj5+kTZQH\/J3czeHI3U9Y4d3h8DNssJgVq2XEggpHZqYbGNeQvHtu1OynLx3\/03pWqAX8AGHl9Sj5n\/V4OT+5mZHa\/S1EwMvtaQ2Ojcl+6CviTq3+a915552pZNn0mnZaBYVGXu5N8fn\/ZjUQmnUYmnS4LvEWi+y2Dq9W2KbbVqIlwGJFotOHXOyGCiWLfVjWtbMzFrOAZy9edmDslf85ls\/K4CYFgsGdvbsS5tQrAit\/ZjV1kWWebbM6sKAr+pbTioB61Ph+hUnAf2Difq6WJDVHaxQnxWqvPg8\/vd7ydTgiVViYszi\/I350sZfg7Jf4GpJLJhldgNMvumohEoxV\/M43n1bjSoRpd17FcCvQ7eT4RERERUTeIe1+P1wtd1+V9b79QVVV+F\/F4PVjVtL7qO9bp8bcs018tBXVbRdf1hso+bDazhfrnZR5ei2P7ngkMqG6ZzS6I34nn2RHPMf93vYZKmfHi\/YwBdzv\/8eN\/qNjGrlLJH\/NjdlyKIic91u\/loL\/y27LM96FRH3a+eQLr2qrtxMeDt\/9YsVJi+54J7Dx9Ai5FwY4Dv8PD9+J1ZdQPqG45EVGtRFBB11HQ78vJEvO+iXPy6PYyvp\/dmEhRPngf20Z9GB4PNLwSgTb8oY+a9xozXY3lRozlSHx+fylDtTP9V0Twa1XTsG9yb1nAz+f348o7V\/GWg7IoRr7SpJmTev7mUm\/iPRVFwdTMdFtLqUyEw\/If83Nnzsr3UlVVTs5EovsRj8XK9t\/4un2Te8vOlXitmAiwYn5Np+WyWfj8fst7Ak+pbJqiKFBNKwGMkwRO\/+232tdINIqTc6fgVlW5KqLe8RfHWjkxsdFLoryJlWi+NRYMOMrwtirvpKoqbty6CbeqYiIc6olMcY\/XKydizMdRBMiN5afsiImDlaT1RLdRs9dvvdeE+BtltXpGvM5udYJZPHZdTiKYr28iIiIiol7w4ccfASh+p3n2578A0D\/NhIFiotiXf\/53AMXEpCOHDkNRFHzy+Wd1JSZ1S6fH37JM\/4lwGF9983Vd\/\/vw449sdyqXzWLf5N6G\/rdZ\/LrgwrN1ZPkL6\/dyMrgusvqF4VLWfkHXyyYDjIw150X2eKOB\/52luvR5bRUPLluXEmoH0SgXAO4fPFIRmF+7m4H+ym\/LAuZOPLq9jO8O\/jOA8okF5+MqBizX7+Vs6+4\/uZvBX0d\/g\/xfrAMGxpUJ5kkJMZFjNVlA9bnlyuNb9E+WvwisrWpaWX1xXS823xQz+IFgcyt36iECgufOnK0IgGXSabzw3PN1BzfFNusN5or3PHLoMIBi4NlJwLJR4nykksmyyQVN08rGYL65EucnHotVBC81TcM\/vfhS0z0W2imXLf7bI4LFRl5DIN38uFr6udkJi3gsZlhtUF+puOVEAvsm99pOQokxmssPiZ9Vi312SivVnQeql6fqJONnzXhMctksXn7xJXmuq6k2cdApdteEsSyXOeAvXvfsz3\/hOHivaVrVlS5ERERERL3CmGjlJKGuF4l96Nek8U6Mv6vlfTxeb8+WKOgFs\/nBhl8rgr\/D42NlpWJ2HIwAKDZ8tctQFzXnHxsa1jZS4mdkdkpmtZvr5rfb4O7idZXXVm2D68Vs+vrHtGYoEWTVL6AacRzXqvxRNa9KqMa8bwX9vvzvWiWCyN59AO\/2UZY\/sJGZbA7QCSLg1o2\/uXaB3HqXsYlAWi6bbXgJnLGcSjuPhdi2VX16Y3DQbgzVbrx6efmiCJCag56izr9gftzYQLVZqVJGeb3n9w2LwK+R2J45CKwZSvw0w0lwuZFeG4qiNDQ2u1U1VpN4doyTX928bqtdE9X+ntQ7ZvE+9U44ERERERF10kQ4LHvGBYIBy6SzXjc1My3Lo6qqisX5hb4qV9SJ8Tdc3qfdB1I0imvEZsj2f7UwgKebeP3jOyvYqesyG\/3htTiGRn0yA9yqwa8gas4\/uZtBQdexfc+EzFB3akB1Y8eB3wEoTkBUK2XTj55kcxjc7cFgnRn1YgXCms0qi1battuz6Y57p7w7kMf92k\/rKSLL2C77NpVMldWv7iRFUVoS8GtFPX\/x+uKkc\/39PJwwZnzbzdiLpj12Y+iHpYlWzOWI7ALi5v0WQdKsg+zxrcjj9eLk3KmygL+xjJeRWJ67b3IvVFWVvQpWNQ2\/P3TYcRaJOGfNfN7EagEnpX2M7+v1epHNZjuSsdPKz1onJhSJiIiIiJqlKAqulHpeHT96TK7A\/\/TzzyxXbfciY9z4heeeh6ZpWE4k8Mnnn3V5ZM50YvwNB\/1FiYKJcKiuL0yqqjq6gBrJZtssdgGYzDe3CEM09N1xIIIdByN4eC2O4VIpGmPTVzNzzXmROS5+76QmPwD86PJ5uBSl42V9hPV7xS\/eA6obQ6O+lge\/7Y5fNYO7PbJsEoPxvetbFEv79Bvxd7VWBm43gskT4XBFDfNGBGRN9eY+P3rp71q7joXx37hGz0ev1HVvRC6blSv5zJn\/i\/MLmJqZLiv1AxgnrfpvWWar2AXZxc2g+VqZCIfhVlXbRIdAMFDWsNqtqvB6vY6OsaIo8v0aPSeNlPY5OXeqLGCeSiZlOax2catqy3qdMOhPRERERP1M13X0c7HoXl4V70Srx99UZFl8Gaun3v6SRakDKvd6fhC7WrCdh+\/FAWwEvkX9+Ue3l21fI2r+i5rzBV2Xgf4hh8vVt++ZwLbSyoC10mqBTntimJzY9cH72Hn6RN2leFpNHNu1u190dRxU3ZmB9W4PYdMQgb6pmWlcuHSxqUCYsURJt2qDd8JGeRA\/bty62da+A+1ild0vMvtzpextt6rKoLKx9E8rgv5icqhfJhAURUEoHMbUzDSAypJQq5qGVU2DruuIx2JYnF+QnwGf3297jUSiUayWegXkslmsaprjiSRx7pq56TSX9hHJHNUSOsx\/IwLBIKZmZhoew8Z2Kq+JTDot9+\/KO1cxNTPTVF8GwFmJJiIiIiIiO6K5q7hvPXfmrOw\/lctmceTQYdkLTPwsvhukkknsm9xb9rPYlq7rOH70mNyW8eepmWlMzczgyjtXoWla2TbqZfU+xjFXG6PV\/i\/OL9Tc\/8X5BXk\/f+PWzYptbKXxmzWc6U\/t8bOCC\/\/YQPNeK3ltFU\/uZrBt1IenLp8HsLECwI4M1hsyaR8nVzCy2yPLBFXjUhTsPH1C\/rx9zwQeXF5sKDO+GXltFQ+vxbHjQAQAiiseDkRKWfZfYO1OqupxaIfhYLFXwhNm+fesL10F\/MnVP817e108dl0GJCfCYUyEw9B1HSvJJJYSS3Vl1raqtE8jQuGQbY3uVmf0LicSmJqZrgiQppJJrCRTNYO2J+dO2QZqO1X6LpfNIRAMlpXwEZn9IugvVgKIUksAZGC7GVMzM4aM+d78W1u8qZ62fCwei1WcY13X5bkzHh9Rxsfn91nelK+WGj\/ruo7F+fmGAtrN3GhOhMMANkr7GJev\/vSZn9i+Lh6LQdfvIxQOwa2qiET3l37X2LVR7ZqIx67Lz5s4L6uaVmrAfb2pIH6rVg8QERER0dZQTNgprpDXdR2hcAjxWAxAcXVqLptFKplEKplEIBjAuTNnkUmnkUom8dU3X5cFlwN\/DsoVs2Jb4nuGSLgSP\/v8Pvn95Nmf\/6JsG\/UqftffeB9xb51KJuHz+6qO8eTcqbIKAZHofvmz1bYW5xfk\/ofCIUzNTCOXzZZtQ5Qw2irjN+vZoH8um8W5M2e7PYyOmy20trfyo9vL2Gao5f\/w2r\/aPtelKBgerwxMP76Twsjrr5WVp7Gz8\/QJ+RzRSHb7K6GqPQTa5YfTb8meBoLYx+HxMYzMTuH+wSOOSxY1w6UocqXB4zvOaxtTZ\/2hz5r39rpMOo3jR4\/JmuJAMatZTABk0mkcOXTYUTDPrqloJ7gdlqVrBRHgNZdzEU2Wpmamq9Zl74WyIsVA57QMMotMfl3XoWkastkcJrARFLVrkFtLtb4\/4oaqn+SyWdvVkNbNuVPw+f2253wpsVT2uk5moQeCQdnLo57zsDi\/IG9yRT1LscrHSQC93muiOBnilhMUAEoTDVFEolHEY7G670Uz6fSWLU9JRERERI3bVSqxqes6VFUtu89XVbe8txelOI0rp4HifaxeWlUtfi9W3Bq\/z6qm3pTGx8R9d6Pff83voyi7DD+rVceoGPbfuDK8+LxdQNm2VaiqikxpG7sMx8C4ja02frOeDfrrur7lMqR+WXDh2RZl+QuPbi9jZHZKBv0ffWBfXkk0mQWKjYCF9Xs5GcQfHh+rmiEvAuzfHfxn7HyzWFJnx4Hf4eF78a6U+fl+9jgeXF7E8HgAw+NjcuICKJY9Uj54H38d\/U3bxyYmU\/LaasdXPZAz\/+Yq4Fswy7\/VlhIJZNJpjAWD8Pl98Pn98h8\/n9+P85cuOqrZLVYM9FsgtxG5bBYvPPc8AoZjJv7Bd6sq\/uWdqzKDuxetmsr7eAxZ\/sb\/FysBxE1nqyZ0dF3H79tcB74ZmXS6Yl89Xg8CwSBu3LqJfZN7HWXY13pON8sbiXI6K6XSPrVYrULRNE2uCmk2a77aNfHG0WO4XlqVJD5vQiQahaatygwrIiIiIqJ2URQFH378ETRNk\/ekH378EYDid6oJFO+zRfD5yjtXy5Kobty6Ke+fAeCTzz9DLpu13Jbx\/0VJH4\/XiyvvXC3bRr18fr\/l+4gxOxmjcf8\/\/fwz6Loun+\/z++S2zl+6iIlwCKqqIh67jkw6jVA4VLGNrTR+s54N+m9Fc\/nBtmz38Z0UdhyIVG3gCwBDpZrzxoC\/sHb3CwyPj2HbqK9mWZyH1+JYu5vBw2txPFVq6LvjYKQr2f7ARqkfUZpoeHwMOw5EsG3UJ1cC1Cpb1CxRNolZ\/r3pPoC3Wcu\/bTRNQzwWk4EzkbHu8XoRCAahqmrVLGQ5o15aRtdpxuxjM1FipdV0XcdSIiGXFnq8XkzNTCMQDMKtqggEg5alfvZN7m3JhLnoKWAlk05XLRWklcr0iAztjdJMGfl6YKPkj3lSwClRm9L8u8X5hZ6dEAGKx8HqepqamZElZswTYaFwGJHo\/rpuvrt5DMbkJF1z\/+bVuw+NXhOi7BRQ\/LIVCAZxYu4UFEXB\/lJ5ISIiIiKidjOvMjff\/5u\/exp\/FiVi7X42b0v8LMoEZdJpBIKBpr\/fVhtzrTGa99+tqmWNhe32X3y\/yqTT+Oqbr5vKku\/38RvVDPpXWyrdCKc1ZY21X+tlF4yoVuu4lnaXG5osDODpNm27oN939LyhUmB6QNmFkdmpsscGSktahsfH8H2VbeS1VTy4\/EcA5asMupntb\/b4zgoe31nBf777CQZUN4bHx9oe9Lcqm0S949ZAHs4+JdQKqWQSmXRalu7w+f3QqtSq72Y9\/14hmvwY67g7bcraDSLbobgstZjRbzx\/IjvC2KC53vIz4uZ0sxD9HMyNeUPhcFmJrF7XaGmfVmjFNSEm3DRNw41bN+EuLb11en2ytA8RERER9YNUMim\/j4sVA\/10Lyv6BYpeeJl0GpFotNvDcqwT468Z9O\/WCTfPlrRCL9Q6trILwKv51tbyr9fgbo8sAbRt1Ccz081cioKhUR\/WbILX388eLwvsP7i82BPZ\/lYe3V7GyOuvNfTaAVMNtGqMJYWsVlFQd30L4F1X\/9fyF0FUURfOTJTU6ZUMaJG1byxdY6fV9fxFXb52HQtjxrpdsLDRMWTSGUfHrFnVSuw5ycgX4xTXpPl1xrIt4trsZjmaXmC8TozlbERTrWLjro3MeXMt+nZopPmvsbRPPzNe\/+46gv5WryciIiIi6iXLiQTeOHoMAHDh0kV89c3XXR5R\/d46c1Ymwn36+Wcd68PXKp0Yf1fL++i6Lmv\/bmWv5gewq\/bT2mq4VNrHiaHxMdugv\/n3xmz\/7Xsmeiro3wyxKmLdQX3+4Splk9rJ7hxRucubpKyPCB6LrGozETjvx8CqKBXSqiCimFDOZdvTxNsYyPd4vZbBwnaPoVm5bLZqCZ9aNur6e+DxerFaKvkjiGa+keh+AAyQViNu\/vZN7i07hj6\/v21Bf\/F3opnmV6Jht5WvvvkaP33mJwBQttqj36+DRiZJiIiIiIg6rVeSAZvR7\/vQifF3Lei\/nEhgcX6h7sypzeZpuDBZ6G6WPwAMB4vlZx7fWcEjm1I3w3smsH3PBIbHA\/jh9FuOty2y\/UXgv1ZPgFZwKQpGZl+rOs4hf7Fxcd5h+SNheHxMZvo7Kdcjjm07SvsM7vZg\/d5G0LCeFQgEfOkq4FPX5mjeKzKrJ8LhivrVokY10NmgfyQaxXIiYfmPmTHQV21MogTMqqa15N8LkX1e632blUmn4fP7EYnuryhx4vF6bccQCAZlA1Mr\/TJ5ky2NT1x3WdN4N5r5Fo9DPyQAiHPq8XrLgtOtClgby\/pYHY9O3tSaJ67aeb3pui7LOb7w3PNln3MRRG\/X9TE1M2Pbr8O42tTp\/rstVrUQEREREfUK8f3c+N2j3auHW0nXdSwnElAUBSfnTpW+W3v6Jsu\/0+OvGfQXmVid0Or3Wpyft\/0y1yve7HJZH6AYIB\/cXcwOXruTss0Qdym7sH3PBAZUNwZUd9WmwEaP76xgp66XAvFTHQn6P3X5fCk4r+LB24tlgXGXomDn6ROyhNGaw+a6ounvyGyxJFBB12tm7xuPbaua+BrPz8jrU\/ju4BH5XjsORADA8bnZ6i5vgrI+gqgHrigKbty6KbOCFUXB+UsX5T8iS4mljozH5\/fj5NwphMKhijrb4h84J2VdWlnPPxQO48TcKQBoe73x5cSSrM134dJFuXTS4\/XiQqk+u3kM4lwB5Uv9hEg02vMrBATzOTWPV5xPcQ1kLfZHTAy1ooGzaAbdzOSRCDzvj+6XN8ui0avx8UaIz4vYjtUYzaWi2p1VLiY5vHUG\/ZcTS5aluIzliBbnF8oeE+WeTsydkk2MI9Go\/LtlnjRqBdE42eP14K0zZyuOrfF8OJ1wEZ\/PrZ7QQkRERES9J5fNyu+lmrYq73f7yXIiIfutXnnnqiyF2i86Pf6ulvfZ6n5ZcOHZgqvbw5BNZoHqJWiMjw2PBxw3vy3oOh5e+1eMvP5aR7L9i30HflUa5xiGx8eQ11aR\/0vxS7ixX0FeW7Xd55HXX6ta8\/+H02\/VbEwsjm1eW21pIP7R7eXSqosx\/Jd7f8L6vVxZ74BOTKz0u39zFfD\/NkmWP1AMMqWSSQSCQXi8Xnz553+veE4mna47eOrz+6vW91ucX7CcXBXBL9GU3Ri4NWbQLpcaZtq\/f+P1\/KuN+3jpZqddUskkprRpuFXVtsxJPHa97GexqgEAzl+6iPOXLsrguPGxVU2zbeIrMqbtdHIiXwRyAetJG+PjVteluHYy6XRTpYaAYvbK1My07fXqxFJiCRPhMNyqik8+\/6ysGTGAsnr71UzNTFe9uTNPzIn3uXHrpnxMUXa1PSNH9Nyot2m03XON5YjM5yAeu47zly4iEAzi088\/g67rZddGOzLnxd+WQDCIQDAoJ1uMq5CKY12w24TtNlvVf4SIiIiIqB3Ed5h+1u\/70Inxdz\/NfAubyw92ewgAgKFSzfn1e7maQWxRosau0a+dh+\/F5bZHZqcaGKVzBV2H\/spvK8remBsUF3Qd9w8eqbnPVn44\/ZajwLp4v1Zl+QsPLi\/KcbsUBdtGfTLgv34vh4fvxVv6fpvNfQBvb5Ja\/kbHjx6zDY7lslmZQdsJi\/PziMdi8mfRnN1cMkPMctsRyw5bmZW\/OL\/Q1ix\/oJjF\/\/tDh20zhIsl7soDn5l0GsePHquo225sdiu22w\/MjXvrfbzXZNJped2I61mcF+NjzbC6LkTQ2a2qcsIgEo02\/V61iMD1mGHpb7ssJRJlfQSMQfc32jRBd+TQ4YpmvcbyX0DxfDid8FBLrwf6v4kxEREREW0+IpHo5Nwp2Vut30SiUVy4dBEXLl0siy30i06Pv2amf62swa2k2UxDo8nCAJ5u2daqy\/9Fw5O7GTypUg7iyd2Mo0azItA9oGy0Hs7res169QVdx4PLf5SZ70OjPqzdzTh6rZPnmK3fy+Fv\/+1lbN8zgaHxALbt9pTV4V9Lf1E2EWFU7Titpb\/Aow+WHGfti\/1tpJ6\/GIfVePLaKv42\/jJGZqcwNOqT5ZYe3V623S\/acGsgj\/o6OfQHXdexb3IvItEoQuGQLGeylFhCPBazDECvahoy6XRFaRJd1x2V1KlW0uTcmbNIJVMIhUPw+f2yVEcxQJoqmxSwslHKJltXPXO7ceeyWcRj1x2X3rA7NuZtAtb11nPZLF5+8SVMzUxjLBiEoihyDHaBxKVEApl0GpHo\/or+A5l0uqJfg3kcvSSTzshr0GrM4nFd1y0fF9dgZakg+2Nux8m5dLL9I4cOY2pmpuLz5WT1gBiDFV3XsZJMWV4XqWQSRw4dltdE8blJLCWWMDUz3ZLjYyWVTMoSRqFwuGJs9RxTMZ5qf1P2Te7FyblT8rOSSiaxOL\/g6NpuZJ\/F38tQOIyxYEBO4ohxLieWLCdy7PZbrGLIZbMs70NEREREPcmciNeP+qkHgZVOjt\/193\/3zGkAb9o9oVp5hK2mVWURdgH4X+vbsKvmM6mfDe724D\/9n\/8NAPiPH\/9Dl0dDwrcA\/vvgk24PgxwQNbfjsVjNFQFE1HrFLKAoVjUNv37u+W4Pp2cpioIPP\/4IblXFuTNna05oEhEREREBxb5z\/dCEtjK0qJEAAAFHSURBVFqJ2amZmQ6PpjGZdNoyCanfx18Na\/p3wav5AQb8t4DhUtkkJysoqHMub8KyPptVIFj8DLE+NlF3xGPXZUNdq2x\/KhLHSNd1LPMYEREREZFDm+H+utGeab2i38dfDWv6d9jTcGGywMO+FQwHGy\/tQ+3xpauATzdR897NzNhMs93194nImqZpMog9EQ51eTS9S0xQxmPXmy6rRERERERE1Ao1M\/1bVdKGiv5rAXh3IN\/tYVAHvHD\/b0A6jf+buoM8z3lP+BQM+PcLt6pa1nMnos46d+YsfH5\/RxuB95s3jh7DhUsXN3WWEBERERER9ZeaNf2JiIiIiIiIiIiIiKg\/sM4MEREREREREREREdEmwaA\/EREREREREREREdEmwaA\/EREREREREREREdEmsQ1AHMAn3R0GERERERERERERERE16\/8DQIUo4nbckGEAAAAASUVORK5CYII=\" alt=\"Markalama G\u00f6rseli\" title=\"\"><\/p>\n<\/div>\n<div>\n<table style=\"width: 100%;\" cellspacing=\"0\" cellpadding=\"0\">\n<tbody>\n<tr>\n<td style=\"width: 120px; font-weight: bold;\">\u0646\u0648\u0631\u0645<\/td>\n<td style=\"width: 400px; text-align: left;\">ISO 1307<\/td>\n<td style=\"width: 120px; font-weight: bold;\">\u0644\u0648\u0646<\/td>\n<td style=\"width: 400px;\">\n<div class=\"color-icons\"><img decoding=\"async\" src=\"data:image\/svg+xml;base64,PHN2ZyB2aWV3Qm94PSIwIDAgMTAwIDEwMCIgeG1sbnM9Imh0dHA6Ly93d3cudzMub3JnLzIwMDAvc3ZnIj4KICA8Y2lyY2xlIGN4PSI1MCIgY3k9IjUwIiByPSI0OSIgZmlsbD0iIzAwMDAwMCIgc3Ryb2tlPSJibGFjayIgc3Ryb2tlLXdpZHRoPSIwLjUiLz4KICA8Y2lyY2xlIGN4PSI1MCIgY3k9IjUwIiByPSIzOCIgZmlsbD0id2hpdGUiIHN0cm9rZT0iYmxhY2siIHN0cm9rZS13aWR0aD0iMC41Ii8+CiAgPGNpcmNsZSBjeD0iNTAiIGN5PSI1MCIgcj0iMzMiIGZpbGw9IiMwMDAwMDAiIHN0cm9rZT0iYmxhY2siIHN0cm9rZS13aWR0aD0iMC41Ii8+CiAgPGNpcmNsZSBjeD0iNTAiIGN5PSI1MCIgcj0iMjIiIGZpbGw9IndoaXRlIiBzdHJva2U9ImJsYWNrIiBzdHJva2Utd2lkdGg9IjAuNSIvPgo8L3N2Zz4=\" alt=\"\" title=\"\"><br \/>\n<img decoding=\"async\" src=\"data:image\/svg+xml;base64,PHN2ZyB2aWV3Qm94PSIwIDAgMTAwIDEwMCIgeG1sbnM9Imh0dHA6Ly93d3cudzMub3JnLzIwMDAvc3ZnIj4KICA8Y2lyY2xlIGN4PSI1MCIgY3k9IjUwIiByPSI0OSIgZmlsbD0iI0EwQTBBMCIgc3Ryb2tlPSJibGFjayIgc3Ryb2tlLXdpZHRoPSIwLjUiLz4KICA8Y2lyY2xlIGN4PSI1MCIgY3k9IjUwIiByPSIzOCIgZmlsbD0id2hpdGUiIHN0cm9rZT0iYmxhY2siIHN0cm9rZS13aWR0aD0iMC41Ii8+CiAgPGNpcmNsZSBjeD0iNTAiIGN5PSI1MCIgcj0iMzMiIGZpbGw9IiMwMDAwMDAiIHN0cm9rZT0iYmxhY2siIHN0cm9rZS13aWR0aD0iMC41Ii8+CiAgPGNpcmNsZSBjeD0iNTAiIGN5PSI1MCIgcj0iMjIiIGZpbGw9IndoaXRlIiBzdHJva2U9ImJsYWNrIiBzdHJva2Utd2lkdGg9IjAuNSIvPgo8L3N2Zz4=\" alt=\"\" title=\"\"><br \/>\n<img decoding=\"async\" src=\"data:image\/svg+xml;base64,PHN2ZyB2aWV3Qm94PSIwIDAgMTAwIDEwMCIgeG1sbnM9Imh0dHA6Ly93d3cudzMub3JnLzIwMDAvc3ZnIj4KICA8Y2lyY2xlIGN4PSI1MCIgY3k9IjUwIiByPSI0OSIgZmlsbD0iI0U4M0YzRiIgc3Ryb2tlPSJibGFjayIgc3Ryb2tlLXdpZHRoPSIwLjUiLz4KICA8Y2lyY2xlIGN4PSI1MCIgY3k9IjUwIiByPSIzOCIgZmlsbD0id2hpdGUiIHN0cm9rZT0iYmxhY2siIHN0cm9rZS13aWR0aD0iMC41Ii8+CiAgPGNpcmNsZSBjeD0iNTAiIGN5PSI1MCIgcj0iMzMiIGZpbGw9IiMwMDAwMDAiIHN0cm9rZT0iYmxhY2siIHN0cm9rZS13aWR0aD0iMC41Ii8+CiAgPGNpcmNsZSBjeD0iNTAiIGN5PSI1MCIgcj0iMjIiIGZpbGw9IndoaXRlIiBzdHJva2U9ImJsYWNrIiBzdHJva2Utd2lkdGg9IjAuNSIvPgo8L3N2Zz4=\" alt=\"\" title=\"\"><\/div>\n<\/td>\n<\/tr>\n<\/tbody>\n<\/table>\n<\/div>\n<\/div>\n<\/div>","protected":false},"excerpt":{"rendered":"<p>&nbsp; \u00dcr\u00fcn Ad\u0131: YAKIT SD\/10 \u00dcr\u00fcn Kodu: OSD451 Petrol \/ Ya\u011f Al\u0131c\u0131\/Verici 10 Bar Kullanim Alan\u0131 : Aromatik i\u00e7eri\u011fi %50&#8217;ye kadar olan petrol \u00fcr\u00fcnlerinin emi\u015f ve de\u015farj\u0131 i\u00e7in. Alt Katman : Ya\u011f ve Petrol Dayan\u0131kl\u0131, Siyah NBR. Takviye Katman\u0131 : Y\u00fcksek Mukavemetli Sentetik Tekstil, \u00c7elik Tel Spiral ve Antistaik Bak\u0131r Tel. \u00dcst Katman : Ya\u011f, [&#8230;]\n","protected":false},"featured_media":22349,"comment_status":"open","ping_status":"closed","template":"","meta":{"jetpack_post_was_ever_published":false},"product_brand":[],"product_cat":[2364],"product_tag":[],"class_list":{"0":"post-21515","1":"product","2":"type-product","3":"status-publish","4":"has-post-thumbnail","6":"product_cat-sel_akaryakit_hortumlari","8":"first","9":"instock","10":"taxable","11":"shipping-taxable","12":"product-type-simple"},"jetpack-related-posts":[],"jetpack_sharing_enabled":true,"jetpack_likes_enabled":true,"_links":{"self":[{"href":"https:\/\/tuzlahortum.com.tr\/ar\/wp-json\/wp\/v2\/product\/21515","targetHints":{"allow":["GET"]}}],"collection":[{"href":"https:\/\/tuzlahortum.com.tr\/ar\/wp-json\/wp\/v2\/product"}],"about":[{"href":"https:\/\/tuzlahortum.com.tr\/ar\/wp-json\/wp\/v2\/types\/product"}],"replies":[{"embeddable":true,"href":"https:\/\/tuzlahortum.com.tr\/ar\/wp-json\/wp\/v2\/comments?post=21515"}],"wp:featuredmedia":[{"embeddable":true,"href":"https:\/\/tuzlahortum.com.tr\/ar\/wp-json\/wp\/v2\/media\/22349"}],"wp:attachment":[{"href":"https:\/\/tuzlahortum.com.tr\/ar\/wp-json\/wp\/v2\/media?parent=21515"}],"wp:term":[{"taxonomy":"product_brand","embeddable":true,"href":"https:\/\/tuzlahortum.com.tr\/ar\/wp-json\/wp\/v2\/product_brand?post=21515"},{"taxonomy":"product_cat","embeddable":true,"href":"https:\/\/tuzlahortum.com.tr\/ar\/wp-json\/wp\/v2\/product_cat?post=21515"},{"taxonomy":"product_tag","embeddable":true,"href":"https:\/\/tuzlahortum.com.tr\/ar\/wp-json\/wp\/v2\/product_tag?post=21515"}],"curies":[{"name":"\u062f\u0628\u0644\u064a\u0648 \u0628\u064a","href":"https:\/\/api.w.org\/{rel}","templated":true}]}}