{"id":21503,"date":"2025-08-11T11:06:53","date_gmt":"2025-08-11T08:06:53","guid":{"rendered":"https:\/\/tuzlahortum.com.tr\/urun\/white-sdc\/"},"modified":"2025-08-20T15:46:49","modified_gmt":"2025-08-20T12:46:49","slug":"white-sdc","status":"publish","type":"product","link":"https:\/\/tuzlahortum.com.tr\/ar\/product\/white-sdc\/","title":{"rendered":"\u0627\u0644\u0623\u0628\u064a\u0636 SDC"},"content":{"rendered":"<p>&nbsp;<\/p>\n<div class=\"report-container\">\n<div class=\"report-header\">\n<div class=\"standard-text\">\u0627\u0633\u0645 \u0627\u0644\u0645\u0646\u062a\u062c: WHITE SDC<\/div>\n<div class=\"standard-text\">\u0631\u0645\u0632 \u0627\u0644\u0645\u0646\u062a\u062c: ABFC849<\/div>\n<\/div>\n<div class=\"product-image-container\">\n<div class=\"key-feature\">\u0645\u0643\u064a\u0641 \u0647\u0648\u0627\u0626\u064a \u0644\u0644\u062e\u062f\u0645\u0629 \u0627\u0644\u0634\u0627\u0642\u0629 S&amp;D \u0644\u0644\u0637\u0639\u0627\u0645 \u0627\u0644\u062b\u0642\u064a\u0644<\/div>\n<\/div>\n<div class=\"horizontal-line\"><\/div>\n<div class=\"product-details\">\n<div class=\"detail-row\">\n<div class=\"detail-label\">\u0645\u0646\u0637\u0642\u0629 \u0627\u0644\u0627\u0633\u062a\u062e\u062f\u0627\u0645<\/div>\n<div class=\"detail-value\">: \u064a\u064f\u0633\u062a\u062e\u062f\u0645 \u0644\u0634\u0641\u0637 \u0648\u062a\u0641\u0631\u064a\u063a \u0627\u0644\u0645\u0646\u062a\u062c\u0627\u062a \u0627\u0644\u0643\u0627\u0634\u0637\u0629 \u0627\u0644\u0633\u0627\u0626\u0628\u0629 (\u0627\u0644\u0633\u0643\u0631\u060c \u0648\u0627\u0644\u062f\u0642\u064a\u0642\u060c \u0648\u0645\u0633\u062d\u0648\u0642 \u0627\u0644\u062d\u0644\u064a\u0628\u060c \u0648\u0627\u0644\u062d\u0628\u064a\u0628\u0627\u062a\u060c \u0625\u0644\u062e)<\/div>\n<\/div>\n<div class=\"detail-row\">\n<div class=\"detail-label\">\u0627\u0644\u0637\u0628\u0642\u0629 \u0627\u0644\u0633\u0641\u0644\u0649<\/div>\n<div class=\"detail-value\">: \u0644\u0648\u0646 \u0623\u0628\u064a\u0636\u060c \u0645\u0637\u0627\u0637 \u0637\u0628\u064a\u0639\u064a \u063a\u064a\u0631 \u0633\u0627\u0645 \u0648\u0645\u0642\u0627\u0648\u0645 \u0644\u0644\u062a\u0622\u0643\u0644.<\/div>\n<\/div>\n<div class=\"detail-row\">\n<div class=\"detail-label\">\u0637\u0628\u0642\u0629 \u0627\u0644\u062a\u0639\u0632\u064a\u0632<\/div>\n<div class=\"detail-value\">: \u0627\u0644\u0645\u0646\u0633\u0648\u062c\u0627\u062a \u0627\u0644\u0627\u0635\u0637\u0646\u0627\u0639\u064a\u0629 \u0639\u0627\u0644\u064a\u0629 \u0627\u0644\u0642\u0648\u0629\u060c \u0648\u0627\u0644\u0623\u0633\u0644\u0627\u0643 \u0627\u0644\u0641\u0648\u0644\u0627\u0630\u064a\u0629 \u0627\u0644\u062d\u0644\u0632\u0648\u0646\u064a\u0629 \u0648\u0627\u0644\u0623\u0633\u0644\u0627\u0643 \u0627\u0644\u0646\u062d\u0627\u0633\u064a\u0629 \u0627\u0644\u0645\u0636\u0627\u062f\u0629 \u0644\u0644\u0635\u062f\u0623.<\/div>\n<\/div>\n<div class=\"detail-row\">\n<div class=\"detail-label\">\u0627\u0644\u0637\u0628\u0642\u0629 \u0627\u0644\u0639\u0644\u064a\u0627<\/div>\n<div class=\"detail-value\">: \u0645\u0642\u0627\u0648\u0645 \u0644\u0644\u062a\u0622\u0643\u0644 \u0648\u0627\u0644\u0623\u0648\u0632\u0648\u0646 \u0648\u0627\u0644\u0639\u0648\u0627\u0645\u0644 \u0627\u0644\u062c\u0648\u064a\u0629\u060c \u0645\u0637\u0627\u0637 \u0635\u0646\u0627\u0639\u064a \u062e\u0627\u0635 \u0645\u0639\u0642\u0648\u0641 \u0648\u0645\u0642\u0627\u0648\u0645 \u0644\u0644\u062a\u0622\u0643\u0644.<\/div>\n<\/div>\n<\/div>\n<div class=\"datasheet_table\"><img decoding=\"async\" class=\"alignnone size-full\" src=\"https:\/\/tuzlahortum.com.tr\/wp-content\/uploads\/2025\/08\/datasheet269.svg\" alt=\"\" title=\"\"><\/div>\n<div class=\"table-notes\">\u0642\u064a\u0645\u0629 \u0641\u0642\u062f \u0627\u0644\u062a\u0622\u0643\u0644: \u2264 120 \u0645\u0645\u00b3 \u0648\u0641\u0642\u064b\u0627 \u0644\u0640 DIN 53516<\/div>\n<div class=\"horizontal-line\"><\/div>\n<div class=\"footer\">\n<div class=\"standards-section\">\n<div class=\"standard-item\" style=\"margin-top: 9px;\"><\/div>\n<div class=\"standard-info\"><\/div>\n<\/div>\n<div class=\"temperature-section\">\n<div class=\"temp-icon\"><img decoding=\"async\" src=\"data:image\/svg+xml;base64,PD94bWwgdmVyc2lvbj0iMS4wIiBlbmNvZGluZz0iVVRGLTgiPz4KPHN2ZyBpZD0ia2F0bWFuXzIiIGRhdGEtbmFtZT0ia2F0bWFuIDIiIHhtbG5zPSJodHRwOi8vd3d3LnczLm9yZy8yMDAwL3N2ZyIgdmlld0JveD0iMCAwIDcyLjI3IDE2Ljk4Ij4KICA8ZGVmcz4KICAgIDxzdHlsZT4KICAgICAgLmNscy0xIHsKICAgICAgICBzdHJva2Utd2lkdGg6IC41OXB4OwogICAgICB9CgogICAgICAuY2xzLTEsIC5jbHMtMiwgLmNscy0zLCAuY2xzLTQgewogICAgICAgIGZpbGw6IG5vbmU7CiAgICAgICAgc3Ryb2tlLW1pdGVybGltaXQ6IDMuODY7CiAgICAgIH0KCiAgICAgIC5jbHMtMSwgLmNscy0zLCAuY2xzLTQgewogICAgICAgIHN0cm9rZTogI2E3YTlhYjsKICAgICAgfQoKICAgICAgLmNscy01IHsKICAgICAgICBmaWxsOiAjYTdhOWFiOwogICAgICB9CgogICAgICAuY2xzLTIgewogICAgICAgIHN0cm9rZTogI2ZmZjsKICAgICAgfQoKICAgICAgLmNscy0zIHsKICAgICAgICBzdHJva2Utd2lkdGg6IDIuMDZweDsKICAgICAgfQoKICAgICAgLmNscy00IHsKICAgICAgICBzdHJva2Utd2lkdGg6IC4ycHg7CiAgICAgIH0KICAgIDwvc3R5bGU+CiAgPC9kZWZzPgogIDxnIGlkPSJrYXRtYW5fMSIgZGF0YS1uYW1lPSJrYXRtYW4gMSI+CiAgICA8Zz4KICAgICAgPHBhdGggY2xhc3M9ImNscy0zIiBkPSJNMTEuMzQsMTEuNTdjLS45NCwxLjcxLTIuNzEsMi42Ni00LjgsMi42Ni0zLjA1LDAtNS41MS0yLjQ3LTUuNTEtNS41MlMzLjUsMy4xOSw2LjU1LDMuMTljMS45NCwwLDMuNjUsMSw0LjYzLDIuNTIiLz4KICAgICAgPGNpcmNsZSBjbGFzcz0iY2xzLTUiIGN4PSI2LjU1IiBjeT0iOC42NiIgcj0iMi40Ii8+CiAgICAgIDxjaXJjbGUgY2xhc3M9ImNscy0yIiBjeD0iNi41NSIgY3k9IjguNjYiIHI9IjIuNCIvPgogICAgICA8bGluZSBjbGFzcz0iY2xzLTMiIHgxPSI2OC4zNCIgeTE9IjExLjc2IiB4Mj0iOS45MiIgeTI9IjExLjc2Ii8+CiAgICAgIDxsaW5lIGNsYXNzPSJjbHMtMyIgeDE9IjY4Ljc4IiB5MT0iNS41MSIgeDI9IjkuNzMiIHkyPSI1LjUxIi8+CiAgICAgIDxsaW5lIGNsYXNzPSJjbHMtMyIgeDE9IjU0LjA3IiB5MT0iOC43NSIgeDI9IjguNjQiIHkyPSI4Ljc1Ii8+CiAgICAgIDxwYXRoIGNsYXNzPSJjbHMtMyIgZD0iTTY4LjE1LDUuNTVjMS43MSwwLDMuMDksMS4zOSwzLjA5LDMuMDlzLTEuOTIsMy4wNi0zLjYyLDMuMDYiLz4KICAgICAgPHBhdGggY2xhc3M9ImNscy01IiBkPSJNNTMuOTEsOC43NWMwLS4xNC4xMi0uMjYuMjYtLjI2cy4yNy4xMi4yNy4yNi0uMTIuMjctLjI3LjI3LS4yNi0uMTItLjI2LS4yN1oiLz4KICAgICAgPHBhdGggY2xhc3M9ImNscy0zIiBkPSJNNTMuOTEsOC43NWMwLS4xNC4xMi0uMjYuMjYtLjI2cy4yNy4xMi4yNy4yNi0uMTIuMjctLjI3LjI3LS4yNi0uMTItLjI2LS4yN1oiLz4KICAgICAgPGxpbmUgY2xhc3M9ImNscy0xIiB4MT0iMzYuNDMiIHkxPSIxNi45OCIgeDI9IjM2LjQzIiB5Mj0iMTQuMjQiLz4KICAgICAgPGxpbmUgY2xhc3M9ImNscy0xIiB4MT0iMjguMDUiIHkxPSIxNi45OCIgeDI9IjI4LjA1IiB5Mj0iMTQuMjQiLz4KICAgICAgPGxpbmUgY2xhc3M9ImNscy0xIiB4MT0iMTkuNTkiIHkxPSIxNi45OCIgeDI9IjE5LjU5IiB5Mj0iMTQuMjQiLz4KICAgICAgPGxpbmUgY2xhc3M9ImNscy0xIiB4MT0iNDEuNTciIHkxPSIyLjc0IiB4Mj0iNDEuNTciLz4KICAgICAgPGxpbmUgY2xhc3M9ImNscy0xIiB4MT0iMzMuMjgiIHkxPSIyLjc0IiB4Mj0iMzMuMjgiLz4KICAgICAgPGxpbmUgY2xhc3M9ImNscy0xIiB4MT0iMjQuOTkiIHkxPSIyLjc0IiB4Mj0iMjQuOTkiLz4KICAgICAgPGxpbmUgY2xhc3M9ImNscy0xIiB4MT0iMTYuMDgiIHkxPSIyLjc0IiB4Mj0iMTYuMDgiLz4KICAgICAgPGxpbmUgY2xhc3M9ImNscy0xIiB4MT0iNDQuNjMiIHkxPSIxNi45OCIgeDI9IjQ0LjYzIiB5Mj0iMTQuMjQiLz4KICAgICAgPGxpbmUgY2xhc3M9ImNscy0xIiB4MT0iNDkuNDkiIHkxPSIyLjc0IiB4Mj0iNDkuNDkiLz4KICAgICAgPGxpbmUgY2xhc3M9ImNscy00IiB4MT0iNDAuODgiIHkxPSIxNi45OCIgeDI9IjQwLjg4IiB5Mj0iMTQuMjQiLz4KICAgICAgPGxpbmUgY2xhc3M9ImNscy00IiB4MT0iMzIuMzMiIHkxPSIxNi45OCIgeDI9IjMyLjMzIiB5Mj0iMTQuMjQiLz4KICAgICAgPGxpbmUgY2xhc3M9ImNscy00IiB4MT0iMjMuNzkiIHkxPSIxNi45OCIgeDI9IjIzLjc5IiB5Mj0iMTQuMjQiLz4KICAgICAgPGxpbmUgY2xhc3M9ImNscy00IiB4MT0iMjAuNTkiIHkxPSIyLjc0IiB4Mj0iMjAuNTkiLz4KICAgICAgPGxpbmUgY2xhc3M9ImNscy00IiB4MT0iMjkuMTMiIHkxPSIyLjc0IiB4Mj0iMjkuMTMiLz4KICAgICAgPGxpbmUgY2xhc3M9ImNscy00IiB4MT0iMzcuMTYiIHkxPSIyLjc0IiB4Mj0iMzcuMTYiLz4KICAgICAgPGxpbmUgY2xhc3M9ImNscy00IiB4MT0iNDUuNzEiIHkxPSIyLjc0IiB4Mj0iNDUuNzEiLz4KICAgIDwvZz4KICA8L2c+Cjwvc3ZnPg==\" alt=\"S\u0131cakl\u0131k\" width=\"100\" title=\"\"><\/div>\n<div class=\"temp-values\">\n<div>-40 \u062f\u0631\u062c\u0629 \u0645\u0626\u0648\u064a\u0629 \/ +80 \u062f\u0631\u062c\u0629 \u0645\u0626\u0648\u064a\u0629<\/div>\n<div>-40 \u062f\u0631\u062c\u0629 \u0641\u0647\u0631\u0646\u0647\u0627\u064a\u062a \/ +176 \u062f\u0631\u062c\u0629 \u0641\u0647\u0631\u0646\u0647\u0627\u064a\u062a<\/div>\n<\/div>\n<\/div>\n<div class=\"marking-section\">\n<div class=\"detail-row\">\n<div class=\"detail-label\">\u0648\u0636\u0639 \u0627\u0644\u0639\u0644\u0627\u0645\u0627\u062a<\/div>\n<div class=\"detail-value\">: \u0634\u0631\u064a\u0637 \u0646\u0642\u0644 \u0623\u0648 \u0634\u0631\u064a\u0637 \u0646\u0642\u0644 \u0623\u0648 \u0645\u0646\u0642\u0648\u0634<\/div>\n<\/div>\n<p><img decoding=\"async\" class=\"marking-image\" src=\"data:image\/png;base64,iVBORw0KGgoAAAANSUhEUgAABf0AAAAoCAYAAABEkVAiAAAACXBIWXMAACE3AAAhNwEzWJ96AAAgAElEQVR4nO2dv2\/bWLbHzy5eG\/4DIvBmsa8RixlgGqlIgBQRixnMKywWCdLYKhKksVUkkyK298F2isQuHDdBUshugqSgXGyQFFKKWSQF1SywW9DNArsF\/Q9w\/oFXkOfqirqkSImSSOn7AYIk+kFd3l+899xzvucPf\/7v774jou8IAAAAAAAAAAAAAAAAAACl5r+IaJOI\/rLkcgAAAAAAAAAAAAAAAAAAYEb+uOwCAAAAAAAAAAAAAAAAAAAgH2D0BwAAAAAAAAAAAAAAAABWBBj9AQAAAAAAAAAAAAAAAIAV4b9m+XLTsmi7vUMVXc+rPBMZOM7Ez9y\/e4+IgvJtWE3x+tHBIV257tzKtijefXhPtXp92cUAYC25ffMWeZ637GIAAAAAAIA1plavT7UnvPY88jyP9HAPz\/\/2PC\/VXhsAAAAA5WBqo3\/VMOjFyXGeZUlFloVNRddHPq9p2jyKtFAapgmDPwBL4qLTgcEfAAAAAAAsnVq9TputrUxObUPj\/oBq9RoRkfj3wBnA6A8AAACsEFMb\/VfBgF5Gdvf3ll0EANYS3\/fp7PTVsosBAAAAAAAAERFdua6Ick\/DdrstjP0AAAAAWG1mkvcBi2W73V6olBIAYMjZ6SvyfX\/ZxQAAgNQ0LYsquk6Xto0oJQBCNE3D83wCqCMAAABgMVQNoxRO1b7vx0aWlUWNhOXtopS9\/EnkZvS\/6HTo6OAwr8uBCJqm0WZra9nFAGAtufY8uuh0ll0MAADIxLP9PdI0jS5te9lFAaAQNEyTtts7dP\/uPRi1Y9hstahhNjJ5jwMAAABgOnb390phdB44Tuza4N2H9wsuzXScnb6is9PTsdfLXv4kcjP6+\/7vM18jr46+ilqEu+HGHQCZK9cVm9Z5PijkE8UyPJDy5tfHT5ZdBADADOi6LiLlsqwRNE2jqmEQ0eh8u0jkOTdL2Wv1OmmaNpVHyKKYtl1kj6hltcuqIPfxJA+uVWF3f48quk4blrXSh\/nTjhFd14WUaK1eX8k9FQAAAADAulAoeZ+8Tlf+57s\/5XKdolA1DNqwrGUXI3d++elnunJdevfh\/ZghmU+w\/vbt65ik0dHBIV10OrTdbtN2e0ecONbq9dg+xH3iX\/\/5t3gt+r20p2b8+ft3703cDHEZ86bf69Hzg8MRQ46mabTd3qHNVmvks3H3FUSPtGiztRV7oMQ69vLGWNd1ev32jTASrDoDxynFppf7WlI\/5rEW7buqMagiaW7d3d+jzVaLLm079pDk4+dPVDWMxMiwhmnS67dviCgY62x8+PH7H5RGi5cnx7RhWXTluvTLTz+PvZ80L1y5Ll10zqmr8ILm7yV5NETrPG09ysTVha7r9Nu3r0RE9OjBQ+r3emOfSfo93\/fp0raVslRx\/UCG50q5zdPUSZRJ\/XKz1RJtnFSetHNp9BqaptHrt29G6kk1r6ngPi1z0enESn3FtYfv+\/Sl16Oz01eZjO\/b7fbY\/JzUrlG4LNx3kuqw3+vRRec81Vw3zdiIMm27NExTGG2j5Y8+E+VyTELV9zRNo7\/\/8x9ENFyvyFQNgz5+\/hQ7hrk\/TFpbJI3ja8+jo4ND5fhPg3z\/qntsWpaIBmEGjkOPHjyc2L8m1W1cmywTlrviMck0TJNenByTpmkT20uem2\/fvKW8v0nPgkn7FHmtGmXgOHR0cBh7OJN1jESfB57nUb\/XkyIiir\/+AQAAAEB6eF0r78PKxLXn0S8\/\/Uy+79Prt2+oYZrLLlImFl3+P8716iAXyjgQ06CHG5JrxYaJNzOqzRS\/VzWqcyxdceENebRufN+no4NDeprSKz0wsJwmhrg\/Dw9YZDzPo\/t37ynbbRVJW5\/rDhs4kgwdbHBK+ozsVX3R6Yi+GXfweSd8SF50zjOXuWoY9OLkmF6eHGf+7qywEW\/SfV2HBpis8KHeiyXcW1r4oJKI6NK2cz9c0zRNaXzTNI129\/dou92O\/e7Lk+Mxgz9RcEjBh1JZyrFhWfTX8NArDUH5dsYOZLldP6a4FidqHDiDib\/XME169+E9NRfgYDBtu\/CBoCq3UcM06a+fP+Vaft\/3xXNOV\/wmvxbXDvJcNi2V8JB9mvt6eXKcaJSv1evC0B19PWsfV8F9qkhRqlwfF51zsYZqWha9fvsmdTl5bmYD+aLhQzdVv8trjDwPD7Fq9fpaRneuC5e2TUcHh3R0cEiXtk1Vw0DUFAAArAG8Ni1rdKfneeJ5deVeLbk02Vl0+Qvl6Q\/GaZjmyi64q4ZB\/V6PPO967D3eSA2cwdj98+Sk2oTPgq5XRn6LJRHk0Hcut0xS4hVdr+RaRqKhEZoNSZxs7dK2yff92E2oLKNANLw\/9naOGgcGjiM8oPUwFP7a86gb\/s6vj5+URvtsWi46nUJ5Kc6baWUydF0X46IS\/lu1iBg4A9pstRKNlUNDZWAAvrRt2my1qGk1xw6gmlL\/n2QYV8lW8HjfsCzq9\/pTe9My0evz3KH67YvOOTVMkzRNo4Zpjv32VpjDpWt3J\/5ukKR1OI\/qeoXuSNcuqkQDy9bxgWUaJknVyP13d39P9LVg7uqSrlfEQct2e0eZ4LZpWeIzPLcSkZhva\/U6NS1LGSFCND6OeO7VNI1enhwrI1JkdF0XBw7Duf33sGxNqug63dA0+j2lp3+07aN1KD\/jnu3vzd2YOW27yA4Qcp+v1WtCyihu\/srSb2Q8zxNzWnSM8j2o1miapo1Iq6RBNf\/ytZ\/t71G\/18s0P0+KEOU8UXIf47qs1eux83iUIBpueLCkaTeoYZpUCfv9ZquVWXt0HlQNQ6yB5GfJhtXMdB2emy9TzM2zSk+pok94zbm7vzcWaTPLGJGRvf2bVrOQzw8wO550qMkRP19mXAcBAAAoPputFg0cRzzjfd8vlbd81TCoYZrkeR41zIY4uC6LEsWiy5+b0Z8XlFlI2oTxRnDdWVUvf6Khp36wmRg1OCedPvKGJe9BsSEZeoiGsjhVw0g0bi8y8cqV64oxE\/X02m7v0NPHT2ITPm9Y1ohh3\/d9en5wSF3bDuWSRtuAPaf5\/tmAUTWqdHRwSAPHoevQILKKsNTEOsHtmpVo\/6\/V6zFGf2fkM6rfGhoqAyNS1+6KgwJd10eeGXfMBhERfUlhDLty3TEDidy3t9s7Mxv9o4Zr9shU\/TYRCaNKw2yM\/LZsnEqTgLVrdxXGoUP67dvX0PDfKJzRRpate35wmNow1rW7qQyIfChKFNTzowcPxXvnnfORdo\/KUfEcKodeEgXPBJ53t9s7sUZ\/1ThiGSpe5CX1NdkYe\/vmrZG6OTs9pd39PfL93xON2LxwVxkdVXXYtCzh9b3Z2kp9CJOVaduFjchE8TI1dyLjSCZtv4nCjgeqyEI+oCSiMQO5rJGf9gBF1W9YQogP8OL6XByXtk0VXVeuUbiP8DqAYVnFhmmmNPoPxur26OBQRHM0zEYhjP7N0LivOjy5cl0aOI4yukdGnpvTPC+mfaYyqucGh+LX6vWRZ+KsYyTKpd2lhmmGkQ2IeFxleLyroogBAACsHmxjvLRtsdbgvUoZYJlQosAhltexKmnwIrLo8udo9K\/Tuw\/ZDJ+qDS3jeV4hNgnLZLPVKkWnnZY4eR95oxLdcPJ7ZTnFyxs5mW60DuTJIw2apo14Dw4cZ8QwMNSBHpWY2Gy1qGt36cp1qd\/rTdwkl5WLzjnCnFPCxi\/ZiK3S5WaP96phKI3+qoSlV64rviMbI9kIRpTOG17FlevS84NDenFyrDxUmDdsVNmwLDqSDN9snJrF45q9dydFViwLXmzKEUV5InurRCW6rlxX1E3UGCpHrRxFDiP4IJDlM7L0l18fP6FavR4aV5INb\/z7cXNQGoP8cEz2U5Wva9tUq9dow7KoYZpzM\/pP2y5cJ3E5Vrq2PZd+lBRZKI8rXdeVRv9Zw6b5ORtE7NQy3SNvIlROC\/L9RPsiP9dnjVS86Jwr1yrLgvvUl8iYuLS71LXtRLkvJungYFGwkwZHHXlhn8h7jPA9cnRBWSUAQHpmdXwAAABQXlbB7uH7PuWvs7E45lX+pWr6R2VTwBBZ63hV4baPGk3kQ4C494w17Tes+ZVXZAFvGolGdZ\/lzZ0q1GurtbWyslNEQT9b90PHLLDGMUdGpNH1V3nOyoYyeeHBUSdyX2RPhGvPm8mTUjaCLPqQtd\/riTlNdW9p5COSYEmYotG0LNFH5mVc5rbkkNUofFAUbfNKgjGUX+PrZe0vcb8Zxyz9Ok7aJ4ms5ZuGaduFSZOfIE94DRJdq+qhXBMz\/n6wZM\/DUMrP\/ez9Ld7AK18r2g48b8zaDyZtHnVdp6ZlpZB8G+rKa5pGTcsS0m5ZkI3iMlkM4TxPRw8OFg33K1Ub5TlG+HdWeb1Xdnzfx14aAADAVGxYFu3u7wnpzaePnygd94rMszAf2MuTY\/I8j54+flKqQ+xFlH9qT382yswrQVetXqd\/\/effU333f777U86lWTyqBH6rCHsPsScvEZEbbnD5PdkDnfVJVzkCIg15elyptIonSShFpZBWjXkZIlcR1he+DvND8FiOkzBhXX+VESGq58\/0ez16Qccj+QLY4\/J8igS+42VyhGFp0TI47FV7x2xQ17aFzr\/v+7l5LhfJc4MjjIiCQ6J5eY\/yoVLc9eXX5XZP46F95bpT9ReWsktrQKsaxlT9UXaoyF6+gHmNhWnbJfr9RRH13uf\/yzkJAvmc2sj3hv2ofMnF8kY1\/+zu741FCQ4chx49eDj2eY5U+PH7H0ZkDZ\/5e\/S\/P\/2cKtqGx9yk3A5JZJX2IRom3jaMKrnulci9NE\/yHCMsb2UseNyB9Fy5rsghkrZvVY1qodYFAAAAlgevxx49eCjWN0WK1JyE7Cz94\/c\/iFx\/jX+WI0fBIso\/tae\/7\/v0vz\/9HOqep\/9TNF3hIiIn8Vt1OMRc3oTxplrWJGa4\/0Q32OuCbBRdRKj1Ohw8RRk4TqlOh5cNj1MemywnEjdG+XOqSC9DGCpHPRXlZKpbra0RCZayJ52Toxj0UPqFKJ\/74mst2js6ic1WSxwSzdOThOeurNEOw+8tzyDCv73V2ppqDuYxWcR5bNp24TppmObCNyE8Z8kRhlwGjkyIlikuknEaNO3GzNdYBsP5Z3Tdv91uK9e4tXqdXpwcx17v9ds3Y\/Wcdpyq1ppZmUba58XJMe3u7wlPOs7PMCuqa8xjjCRFFIBiEN0zpSE4UC3OugAAAMDykdcOZbUB8XqlrOXnNsi7\/DPJ+7DufpY\/WGRMJmnTs2qovOHYa4U3jOzdTzTc1Kj0ddcBOTng\/bv36OnjJzhIyxl4+WdjeBA1CP\/mgzm1NzPr+hONGtF0XRcPatWBFhvX7pimSHTa7\/VKn3TOk+SJ5AiaLBEMnCOB\/zQtS3jEygcmy0bX9bFk4mAclg6p6Dr99u1r5mTx0TG5CsiHYB8\/f6KXJ8ciKmbesASXbPiUD+AHjkOapol1iSz9M+vzWc5dUtT21PXKyPzTME16eXIsDPsXkbnsotMR+Rvu371H9+\/eE3MUH36qqNXrdHb6SniiZcm7w20XzSGVhai0T61ep+12m5oJUY\/R\/lnRdZHPZFqqhqGM5JnHGOH6LevmeR3gnFwb4aHUJFgaq+wOEwAAsMocHRzSj9\/\/ICIE79+9R7dv3hK5nm7fvEWPHjwkoiAZ74\/f\/yBsGGenr+j2zVtCdjfpWleuS7dv3qL7d+\/RZmuL3n14T3\/79pW6dnfkGllJ+h3OkRZXRqIg6uD2zVvC0SLpWvL9v\/vwnt59eE9\/\/fxp5BplKf\/rt29yKX+U3BL5gnyQtUvXgWio\/7Xnke\/7IyFFsgEwWcfUWYq0E2c8j7Ldbueel4FDxS86HSH\/0bVtYRjYbu\/AI2sGLm279Mnqtts7U\/c7VcJHRjW2RnNCOCN\/JyXGHThOaKgeJqacJL8wcBwhpcHGpFk174vCpd0NDUhBu\/GCIC1xRqSB44wlo10m8oF2JdTzziphlNS\/V0HajyjQGN9sbQnprM1WizZbLfJ9n770enR2+irxsGsaPf9pmEWGMSteGBnCY18+IGMDcNL9JvWb+3fvJX7Xda9og0ajl+T1Ccs9VQ2DvHCO4veyoPLO3mxtZZaUWTRxcn\/XnkdHB4djdev7Pv3y088jr7HEWiCVNExOKxNEDAe5dqatC9mJJAsN0xxrB56zk5KR+75PTx8\/Id\/3abO1JRK3TxrDTHQ\/IIeAs7F3eG+zjZG48hPFSz2CYnB2+orefXgv9gdxVA2Dnu3v0aVtl95hAgAAVpUr1xVzOTu9yRH1A8chL9wvB2uQLvm+TxedDu3u74m10tnpKW23d0auJa8dODqfr3Vp22INEb1GVi5te+R3eH\/vhXLASWWs6LpYa110zknTtJFrXbnuyLXk+29aTSEPKl8jSzTcKpQ\/ylIT+SbBBtxp\/pSZl2vk5U809NjnjQUvQnmjI2saI6FYgEoLlw8Afvnp59IbrZeF7\/vw8s8Ij0V+eDGTvP3ZY1V+nw8Ak4wSXcnIz3p3q0BULqKb02FGkSKiGmaDavU6+b4vvG3TeiauIypDtKZptGFZ9Nu3r7HexRwxI0fUrApHB4dKg1bDNOndh\/dzWz9xPUY9+dlJ4UrKQ0Q0nNeyGtV29\/eEhxL\/keXTytaeN0Kd8bRwf49P4ry8qEaOPE2ryc\/5qDgZG\/+bSWtEj\/YHWeIoGkFBlP8YKVufW1e4f+3u79Hrt29GJJ708CCN5xc+jAMAAFBM5Ig+3j9x7pZavSbkBvlz\/Fn+m\/cI\/Lf8PkcA8rVq9Zr4v2xYjl4jK9HfuROuo1iiN6mM8j01reZIBG3VqIr9I1+L12jRupCvsW7ljwJP\/wKx2WqtnZd2NESZjYFsADTCxHmy92+cIUulEc7Mc7PI3phRdL2S+L24MiXdB7O7v0fb7R360uvRwBkIoyEbrpM8toGaLFIBRSYpUWFcX2U4QXta4hLvcvI\/Tk6r+h2iwLjDyeeG3snxEhaXti28DYoiWZMH7MHNXplZ7+3o4HDMONMwG7TZatG7D+9TJ7ucJzyncRgkS9ZkTRg7SyLOMsGhoGywCRacQ6mOZ\/t7wtNH5o6QIJn\/gVjSwYIs15UnRweHdHb6StSJ7IG9YVnU7\/WVh4FJ\/WbSnBeNMOS+7Iavu8IhIZgP+dmfVxJfTnBbVC5te+ygsmoYtN3eoRcnx7EHtFn7yDKN\/ndEnox+qs+rjKrsXcdRIbMcWl90OsLLTPXb04wRUG66off+ZmuLXr99QwPHoft379GGZdF2eyf0HD0XkcIAAACKy8fPn0b+\/\/d\/\/mPk\/3KE5e7+3kjU94uT45Ho6knX4v9zRGXVMOjdh\/czSY5XdH3sd+To4EllnFRm+VocEU00dJpqWtbYNdap\/FFg9C8IcsjuusFGn+swxIVoaNhn47\/rumIDHbdJ5AlKxTwjQLLqLTNxskC1ej2V0Z69Pjcsi17QMT19\/IS6YSgSy6CAdFyH+UlWga7djb2Xdx\/eJ\/ZVlRRDEnFa08E1dmJ\/y\/M80Ud5\/Ks0ilXfY6NJWuNLWejaXdqwLBo4TuYNOXuVyrDO+IZl0WZrqxCefRyuys87TdOoaTUz9bmk\/r2KeJ5HXijjRvSENlst2t3fI03T6I5pjnn1LlLP\/8p1Fypvx7ARud\/r0dHBIdXqdXr99k3Y35tKg+Ys\/YajU3i+Gs5VQR3zuoVf52dvViN1ILkxKj\/D2q1FxvOulfPP775PL06Oabu9M3IPVcOYet20DNjbaxnRZSot3X6vN9EDf5oxogJa\/uWCc4xst9sjcmR8AAAAAADEIatrsHRl2eB76Np2KfOkzqv8E43+i9JrjTKLVmycgXcW7+d5L5jYALKO6LpOAxrqiRGNhsgQBR5z10L6p6a8zrrz4uQ4PBxxR3SFwWSKYBAtG7KX5nZ7RyTXleGoFZWBIkg8Z1GtXhNG7iJ6cSdJ5GjajQWWJDv9Xj+sY\/WijefeKPN6FvE4C3QLz2m7vZNJ3xoEHr6GURVjZ9zovxg9\/yIxcBx6fnBIL06O57ZBcV2XKroeRl4EaxB5XuPDSI7MIMqeNLZrd1eq3fq9Hr2gYxFhxvN8mQz+RENpn2UkPs3rgHPaMcJrcHiGAwAAAKsH78k07YbYywd598qzTgscZPpUNaq03W6HnvLlkZBdRPnh6V8AdCkx5Toy9IobjJ0qysnyeNNRJJ3qWdhut5WvT5IFSkKWQ0pL0mYuzpss8CYakK5XlAn8yoScKAWk546k+5ckR9UwzRij\/4A2LIuqhkG+\/3v42nIMXjynqMZN0uFZ0ZMbTkrCmBQ1lTdyQiT+P3uCzyMSgSWmOFosivwckdudo1SS6iCpvyQx7feisDd49HCGjavTHp7F1UmeTNsuk+D7ndeB1ZV7JWRSdIUnP69deF70fX\/tD7LktQXnZ5I3klFZsqbVnPt6Iq7fJcFt6nnXI+tTXqslHW4XiVnGSNHvDQAAAADZubRt4WDAuV\/KxtnpK2HL+fj5U+nUUxZR\/qUa\/Tl0ZN0pY+hJnrDXHHd22diiaRrpuj6SKHRVPNjnMaCnqSP2XpMPG3hjK8sayFzaXeraduzBRZmAl\/90pI24aZgNpbeiKtnvIiRJosgRC7KRTjY4xhl0eK6al4F0VuKMO9ciokptAJvHfUVlSzzPo0vbFhJlZ6evcvUm5WsZMcZ7ud\/J7c7f42dP1HAb11\/SwGNmXsbghtAdn+4QM65O8mTadlk2PP4bZoMq4Zpk9P0r8b78+aKSZqzNOh5V8w+\/NnCc2CiVecCHedMYvPk7wZptfN3GckUcDaxpmnDkKbsUWdEPtgEAAAAwPfK6qKw2Nr4HTrxbNhZR\/olG\/3l5XvZ7\/bEFf96\/dR3qP+fBvDZwnMhwnWGvOa5jI2KIqui60kC4jnAiLtVBUVJSxTguw8RfRON1y4bOs9NXI7937XnSAU12r7kicWnbhTfOFBXuL48ePFQaGauGQR8\/fxqTdmCiuv5Ey\/H0fxYmPuIki6rybbd3xhJpbrZaIwasIrIRhgZG+zhHWTRMc+xAQ9M02grDO+d9X+edc9qwLJF7ILommAUueyWMpItem0NYo32Xo8o0TaNn+3uKdg++F+0vk6gahvBinpSPYrvdpmvPUybBJiIR8hk9JJtFz1\/OKzTPyKdp26VWr1PTatKvj58orzusk\/n02ahuf3RMDZP51pXvFw25fA3THKnv4cHFbImIZa\/9ZdcHP38WsYb0fV+MJdZYJxpGBBDNpz7mMUbYGWQZB\/IAAAAAmA9PHz8R6xVOGFumg\/5rz6Ojg0OxX9uwmiOOWUVn0eWfaPRfZOKfvH+rK5LfFZeXa+7lTzR+qhidcDjRp+q9IpC0ect78HKiVc\/zaLO1JSVSdejo4FAYq1Qb2+ghmHzwVqvXx8rZtJp0dOBS17apouvUtJrkhocAvu+Truvi98uI7\/vw8o8waXzJh2+TDN6y8TRIvDtuSGRdf6L56\/lHx0XgjbklXrtUPCu6dpe22zvUME16\/fYNXXTOiSi4fzbqyFFIy0LVbk2rOTI\/yPR7PXrmB8lg3314T88PDsnzPGH45bkgzjgdN8cwaduSExDX6nXaam3lavTnSEL2wuXXiAKPXa6zL4p7vLRt2my1qGGa9PLkmLp2l4gCYyh78Cbpe6ueYfJhQdJ39fCQKfhebUTnvWoYI+0Tbde0h2e6XonIlOgj170M73ceTNsuL0+OqRI+Ty865yLhta7rIlqEKN44Gb1nVbmSPNuj\/dmNGMTjPP9l2MlDNgRPSx7X4nbYbu+IeWyz1cpsmFbVrdznVXWrOgyeZ74m+V6ySvHE7U1YjujKdcfWEv1ejxqmSbvhwaHv+yIBd7Q8eTHrGFExbX4KUByuPY+qxnjOJQAAAOvJwHGEjVTTtFKqjnTtrrAt1Oq10slNL7r80PRfIputVmlOo+ZNkmFf9iafRe9+XiQZjrfb7VxlfHiDnLTRj8sPkXQIxsYXGVly4+z0dCxM\/ZniO2XionOO5HQRVP1AhpOksycoGxXiGDgONUyTGmYjxug\/kAwR8\/UqrxpGrE7htefR2emrsdcvOh3abG2RpmnhfYwfchXh4Cip3ThBk+o1TiCvWuwl5bpIqkuiQJswrazFRedcHDo2LSvXg\/qjg0NRTlUdXbmu8vfOTl+NRCBEF2LBnDjeX5ik9piUtPhGaAiN+20m+gzgvjnJeE1Eidft93pzz3GStV3YOFyh5OjIoF+rD46S7pkoMOxOmoP4gIrLmPS+qo35sPDsdPb5Lo9rcdRg1TDot29fR97zfT91P5hUt\/JY4WeGpmn027evoh4X4Z3F7VOr1zMZ3ePqV5ZBjF7vonMuIqmiddvv9XI\/KM5jjKiuyevxokazATVVoyoOavhAXxVxCQAAYP3QdV08E8qq2iCXu4hOwZNYdPn\/OPdfAErkUHowlPhRdXo5sV8ZB3WevPvwPtG7vmlZmfqVpmn0+u0bZb2yF7BKW4y9YMtKYOQtt9buMhl6FCd7DPL7cQYI2ZAQ9ZxdFAPHoft37yk3w77vx75HFIRGFtkYwuVXGZjOTk+V0Q1EgUEzKmszL\/q9njBOsGdwXgwch57GSF1cuW6sB29SuyfVaRIcWTTJ4MblSjJKDhxnrH2GuXGSpYOSuOh0YusrT7K2C9d5khH62vMSx2oeyG2iGveT3i8aXdtW1qnv+7n1g6ePn4z9xvPwoJQjhvjQb94SQDw2WOZmngwcRzm\/XnveXMbYPMYIH+QUIZoNpIfHFa+phvlIyrtmBwAAkB8VXaePnz\/Rx8+fYp1Fi07DNOnj50\/0t29fS2kfXHT5J3r6\/+s\/\/557IcoCe7nmAXtYgoANq0kVXVd68gfh523x7yiBNEE7MQpAlXB20vdq9Vri+02rOVEfNu9wdTbSX7ku9Xv9keiIhtlQlofvI0rVqI7ItKhgXfbzzjlduW4YJj75votOEbyz8xozE1wAAAMSSURBVGbgOBO9Pi\/tLg2cwVioPr+eln6vT\/1eP9ZozHzp9RL7lyd52CdJnqjKmlZuIM6LnygwOE8yNF25Lt2+eSvUwB8m6bzonE80hPBvpylrls8ySe3GuTeSDDy\/Pn5CXbtLzXD+DaRn+rHe9kl1KSP3wTT98tfHT8ScEueNmOY6Krq2TQPHoc3WFlUNY+I9Mqp25z4fV6dx7ZGmLaK\/\/ctPP1PDNKlWr43IrQycgdKwl0bah+swCksOpTXspemrk9ora7v4vk+PHjwMn3WmeLYGsnWD2PqNu2fVPU2i3+uT7\/8e+1l+P66d4+ok65yWdC0VSdd\/9OAhNS2L7pgN0jQt9dwml0FFUp\/qhrmEGmaDqoYR5q8IJKXkqE8mzZyThi+9Hu3u71HVMJS\/k3WO4c\/Htduvj5\/QwBmIup00f8hMc8\/TjpG4\/sG5XbpzlPsC+cP5hnhNxVE72+2dTM8hAAAAq0tF16l4+hnZKKOxX2aR5f\/Dn\/\/7u\/8jor\/EfQBG\/yF5Gf11XR8L9wUALAb27AYAgFVA0zT6+z\/\/QUT5OicAsGq8fvuGGqaJdcAEOI8NEdHtm7fg6V9gOGdD8O+KkOaUo1l1Xae\/fv4UHkAHES9ysvhavU7vPrzH8wMAAJYE5zoqOipJQ6YsTqFxuefKXv4koOm\/BMqYLAOAVWEVvfwBAOsLyzbMW4sfgLLDWvtyImQwDufauAyjMkBxuaFpI1HFjx48HHsWeKG001ZrS3z2yr2x0HICAACIZ94Sh4ug7Guqspc\/iYlG\/1W++WWQlGALADBfLm17JR6qAADAsBEni0QXAOsIJ8Cu1euk6zphxIyjaZpIKJ6XtBKYH0n5aaKf+zUmn8TAceDlDwAAAKwoE+V9QL7ouk4VKTEtAGBxXLku9EwBACtF07KoouvwygUgBSyHIsufgFE478GkxOMAAAAAAKDYwOgPAAAAAAAAAAAAAAAAAKwIf1x2AQAAAAAAAAAAAAAAAAAAkA8w+gMAAAAAAAAAAAAAAAAAKwKM\/gAAAAAAAAAAAAAAAADAivD\/M0q\/7iSmHVcAAAAASUVORK5CYII=\" alt=\"Markalama G\u00f6rseli\" title=\"\"><\/p>\n<\/div>\n<div>\n<table style=\"width: 100%;\" cellspacing=\"0\" cellpadding=\"0\">\n<tbody>\n<tr>\n<td style=\"width: 120px; font-weight: bold;\">\u0646\u0648\u0631\u0645<\/td>\n<td style=\"width: 400px; text-align: left;\">ISO 1307<\/td>\n<td style=\"width: 120px; font-weight: bold;\">\u0644\u0648\u0646<\/td>\n<td style=\"width: 400px;\">\n<div class=\"color-icons\"><img decoding=\"async\" src=\"data:image\/svg+xml;base64,PHN2ZyB2aWV3Qm94PSIwIDAgMTAwIDEwMCIgeG1sbnM9Imh0dHA6Ly93d3cudzMub3JnLzIwMDAvc3ZnIj4KICA8Y2lyY2xlIGN4PSI1MCIgY3k9IjUwIiByPSI0OSIgZmlsbD0iIzAwMDAwMCIgc3Ryb2tlPSJibGFjayIgc3Ryb2tlLXdpZHRoPSIwLjUiLz4KICA8Y2lyY2xlIGN4PSI1MCIgY3k9IjUwIiByPSIzOCIgZmlsbD0id2hpdGUiIHN0cm9rZT0iYmxhY2siIHN0cm9rZS13aWR0aD0iMC41Ii8+CiAgPGNpcmNsZSBjeD0iNTAiIGN5PSI1MCIgcj0iMzMiIGZpbGw9IiNGRkZGRkYiIHN0cm9rZT0iYmxhY2siIHN0cm9rZS13aWR0aD0iMC41Ii8+CiAgPGNpcmNsZSBjeD0iNTAiIGN5PSI1MCIgcj0iMjIiIGZpbGw9IndoaXRlIiBzdHJva2U9ImJsYWNrIiBzdHJva2Utd2lkdGg9IjAuNSIvPgo8L3N2Zz4=\" alt=\"\" title=\"\"><\/div>\n<\/td>\n<\/tr>\n<\/tbody>\n<\/table>\n<\/div>\n<\/div>\n<\/div>","protected":false},"excerpt":{"rendered":"<p>&nbsp; \u00dcr\u00fcn Ad\u0131: WHITE SDC \u00dcr\u00fcn Kodu: ABFC849 A\u011f\u0131r Hizmet G\u0131da S&amp;D KANALLI Kullanim Alan\u0131 : D\u00f6kme a\u015f\u0131nd\u0131r\u0131c\u0131 \u00fcr\u00fcnlerin emi\u015f ve tahliyesi i\u00e7in kullan\u0131l\u0131r. (\u015eeker, Un, S\u00fct Tozu, Gran\u00fcller vb.) Alt Katman : Beyaz Renk, Toksik Olmayan A\u015f\u0131nmaya Dayan\u0131kl\u0131 Do\u011fal Kau\u00e7uk. Takviye Katman\u0131 : Y\u00fcksek Mukavemetli Sentetik Tekstil, \u00c7elik Tel Spiral ve Antistaik Bak\u0131r Tel. [&#8230;]\n","protected":false},"featured_media":22341,"comment_status":"open","ping_status":"closed","template":"","meta":{"jetpack_post_was_ever_published":false},"product_brand":[],"product_cat":[2362],"product_tag":[],"class_list":{"0":"post-21503","1":"product","2":"type-product","3":"status-publish","4":"has-post-thumbnail","6":"product_cat-sel_asindirici_gida_hortumlari","8":"first","9":"instock","10":"taxable","11":"shipping-taxable","12":"product-type-simple"},"jetpack-related-posts":[],"jetpack_sharing_enabled":true,"jetpack_likes_enabled":true,"_links":{"self":[{"href":"https:\/\/tuzlahortum.com.tr\/ar\/wp-json\/wp\/v2\/product\/21503","targetHints":{"allow":["GET"]}}],"collection":[{"href":"https:\/\/tuzlahortum.com.tr\/ar\/wp-json\/wp\/v2\/product"}],"about":[{"href":"https:\/\/tuzlahortum.com.tr\/ar\/wp-json\/wp\/v2\/types\/product"}],"replies":[{"embeddable":true,"href":"https:\/\/tuzlahortum.com.tr\/ar\/wp-json\/wp\/v2\/comments?post=21503"}],"wp:featuredmedia":[{"embeddable":true,"href":"https:\/\/tuzlahortum.com.tr\/ar\/wp-json\/wp\/v2\/media\/22341"}],"wp:attachment":[{"href":"https:\/\/tuzlahortum.com.tr\/ar\/wp-json\/wp\/v2\/media?parent=21503"}],"wp:term":[{"taxonomy":"product_brand","embeddable":true,"href":"https:\/\/tuzlahortum.com.tr\/ar\/wp-json\/wp\/v2\/product_brand?post=21503"},{"taxonomy":"product_cat","embeddable":true,"href":"https:\/\/tuzlahortum.com.tr\/ar\/wp-json\/wp\/v2\/product_cat?post=21503"},{"taxonomy":"product_tag","embeddable":true,"href":"https:\/\/tuzlahortum.com.tr\/ar\/wp-json\/wp\/v2\/product_tag?post=21503"}],"curies":[{"name":"\u062f\u0628\u0644\u064a\u0648 \u0628\u064a","href":"https:\/\/api.w.org\/{rel}","templated":true}]}}