{"id":21494,"date":"2025-08-11T11:05:58","date_gmt":"2025-08-11T08:05:58","guid":{"rendered":"https:\/\/tuzlahortum.com.tr\/urun\/white-l\/"},"modified":"2025-08-20T15:46:57","modified_gmt":"2025-08-20T12:46:57","slug":"white-l","status":"publish","type":"product","link":"https:\/\/tuzlahortum.com.tr\/ar\/product\/white-l\/","title":{"rendered":"\u0623\u0628\u064a\u0636 \u0644"},"content":{"rendered":"<p>&nbsp;<\/p>\n<div class=\"report-container\">\n<div class=\"report-header\">\n<div class=\"standard-text\">\u0627\u0633\u0645 \u0627\u0644\u0645\u0646\u062a\u062c: \u0623\u0628\u064a\u0636 \u0644<\/div>\n<div class=\"standard-text\">\u0631\u0645\u0632 \u0627\u0644\u0645\u0646\u062a\u062c: ABFL248<\/div>\n<\/div>\n<div class=\"product-image-container\">\n<div class=\"key-feature\">\u062c\u0647\u0627\u0632 \u0625\u0631\u0633\u0627\u0644 \u0627\u0644\u0645\u0648\u0627\u062f \u0627\u0644\u063a\u0630\u0627\u0626\u064a\u0629 \u0627\u0644\u0633\u0627\u0626\u0628\u0629 \u0627\u0644\u062e\u0641\u064a\u0641\u0629 \u0627\u0644\u0648\u0632\u0646 \u0627\u0644\u062e\u0641\u064a\u0641 \u0627\u0644\u0648\u0632\u0646 \u0627\u0644\u0645\u0633\u0637\u062d<\/div>\n<\/div>\n<div class=\"horizontal-line\"><\/div>\n<div class=\"product-details\">\n<div class=\"detail-row\">\n<div class=\"detail-label\">\u0645\u0646\u0637\u0642\u0629 \u0627\u0644\u0627\u0633\u062a\u062e\u062f\u0627\u0645<\/div>\n<div class=\"detail-value\">: \u062a\u0641\u0631\u064a\u063a \u0627\u0644\u0645\u0648\u0627\u062f \u0627\u0644\u0643\u0627\u0634\u0637\u0629 \u0627\u0644\u0633\u0627\u0626\u0628\u0629 \u0644\u0644\u0635\u0646\u0627\u0639\u0627\u062a \u0627\u0644\u063a\u0630\u0627\u0626\u064a\u0629.<\/div>\n<\/div>\n<div class=\"detail-row\">\n<div class=\"detail-label\">\u0627\u0644\u0637\u0628\u0642\u0629 \u0627\u0644\u0633\u0641\u0644\u0649<\/div>\n<div class=\"detail-value\">: \u0644\u0648\u0646 \u0623\u0628\u064a\u0636\u060c \u0645\u0637\u0627\u0637 \u0637\u0628\u064a\u0639\u064a \u063a\u064a\u0631 \u0633\u0627\u0645 \u0648\u0645\u0642\u0627\u0648\u0645 \u0644\u0644\u062a\u0622\u0643\u0644.<\/div>\n<\/div>\n<div class=\"detail-row\">\n<div class=\"detail-label\">\u0637\u0628\u0642\u0629 \u0627\u0644\u062a\u0639\u0632\u064a\u0632<\/div>\n<div class=\"detail-value\">: \u0645\u0646\u0633\u0648\u062c\u0627\u062a \u0627\u0635\u0637\u0646\u0627\u0639\u064a\u0629 \u0639\u0627\u0644\u064a\u0629 \u0627\u0644\u0642\u0648\u0629 \u0648\u0623\u0633\u0644\u0627\u0643 \u0646\u062d\u0627\u0633\u064a\u0629 \u0645\u0636\u0627\u062f\u0629 \u0644\u0644\u0643\u0647\u0631\u0628\u0627\u0621 \u0627\u0644\u0633\u0627\u0643\u0646\u0629.<\/div>\n<\/div>\n<div class=\"detail-row\">\n<div class=\"detail-label\">\u0627\u0644\u0637\u0628\u0642\u0629 \u0627\u0644\u0639\u0644\u064a\u0627<\/div>\n<div class=\"detail-value\">: \u0645\u0637\u0627\u0637 \u0635\u0646\u0627\u0639\u064a \u062e\u0627\u0635 \u0645\u0642\u0627\u0648\u0645 \u0644\u0644\u062a\u0622\u0643\u0644 \u0648\u0627\u0644\u0623\u0648\u0632\u0648\u0646 \u0648\u0627\u0644\u0639\u0648\u0627\u0645\u0644 \u0627\u0644\u062c\u0648\u064a\u0629<\/div>\n<\/div>\n<\/div>\n<div class=\"datasheet_table\"><img decoding=\"async\" class=\"alignnone size-full\" src=\"https:\/\/tuzlahortum.com.tr\/wp-content\/uploads\/2025\/08\/datasheet266.svg\" alt=\"\" title=\"\"><\/div>\n<div class=\"table-notes\"><\/div>\n<div class=\"horizontal-line\"><\/div>\n<div class=\"footer\">\n<div class=\"standards-section\">\n<div class=\"standard-item\" style=\"margin-top: 9px;\"><\/div>\n<div class=\"standard-info\"><\/div>\n<\/div>\n<div class=\"temperature-section\">\n<div class=\"temp-icon\"><img decoding=\"async\" src=\"data:image\/svg+xml;base64,PD94bWwgdmVyc2lvbj0iMS4wIiBlbmNvZGluZz0iVVRGLTgiPz4KPHN2ZyBpZD0ia2F0bWFuXzIiIGRhdGEtbmFtZT0ia2F0bWFuIDIiIHhtbG5zPSJodHRwOi8vd3d3LnczLm9yZy8yMDAwL3N2ZyIgdmlld0JveD0iMCAwIDcyLjI3IDE2Ljk4Ij4KICA8ZGVmcz4KICAgIDxzdHlsZT4KICAgICAgLmNscy0xIHsKICAgICAgICBzdHJva2Utd2lkdGg6IC41OXB4OwogICAgICB9CgogICAgICAuY2xzLTEsIC5jbHMtMiwgLmNscy0zLCAuY2xzLTQgewogICAgICAgIGZpbGw6IG5vbmU7CiAgICAgICAgc3Ryb2tlLW1pdGVybGltaXQ6IDMuODY7CiAgICAgIH0KCiAgICAgIC5jbHMtMSwgLmNscy0zLCAuY2xzLTQgewogICAgICAgIHN0cm9rZTogI2E3YTlhYjsKICAgICAgfQoKICAgICAgLmNscy01IHsKICAgICAgICBmaWxsOiAjYTdhOWFiOwogICAgICB9CgogICAgICAuY2xzLTIgewogICAgICAgIHN0cm9rZTogI2ZmZjsKICAgICAgfQoKICAgICAgLmNscy0zIHsKICAgICAgICBzdHJva2Utd2lkdGg6IDIuMDZweDsKICAgICAgfQoKICAgICAgLmNscy00IHsKICAgICAgICBzdHJva2Utd2lkdGg6IC4ycHg7CiAgICAgIH0KICAgIDwvc3R5bGU+CiAgPC9kZWZzPgogIDxnIGlkPSJrYXRtYW5fMSIgZGF0YS1uYW1lPSJrYXRtYW4gMSI+CiAgICA8Zz4KICAgICAgPHBhdGggY2xhc3M9ImNscy0zIiBkPSJNMTEuMzQsMTEuNTdjLS45NCwxLjcxLTIuNzEsMi42Ni00LjgsMi42Ni0zLjA1LDAtNS41MS0yLjQ3LTUuNTEtNS41MlMzLjUsMy4xOSw2LjU1LDMuMTljMS45NCwwLDMuNjUsMSw0LjYzLDIuNTIiLz4KICAgICAgPGNpcmNsZSBjbGFzcz0iY2xzLTUiIGN4PSI2LjU1IiBjeT0iOC42NiIgcj0iMi40Ii8+CiAgICAgIDxjaXJjbGUgY2xhc3M9ImNscy0yIiBjeD0iNi41NSIgY3k9IjguNjYiIHI9IjIuNCIvPgogICAgICA8bGluZSBjbGFzcz0iY2xzLTMiIHgxPSI2OC4zNCIgeTE9IjExLjc2IiB4Mj0iOS45MiIgeTI9IjExLjc2Ii8+CiAgICAgIDxsaW5lIGNsYXNzPSJjbHMtMyIgeDE9IjY4Ljc4IiB5MT0iNS41MSIgeDI9IjkuNzMiIHkyPSI1LjUxIi8+CiAgICAgIDxsaW5lIGNsYXNzPSJjbHMtMyIgeDE9IjU0LjA3IiB5MT0iOC43NSIgeDI9IjguNjQiIHkyPSI4Ljc1Ii8+CiAgICAgIDxwYXRoIGNsYXNzPSJjbHMtMyIgZD0iTTY4LjE1LDUuNTVjMS43MSwwLDMuMDksMS4zOSwzLjA5LDMuMDlzLTEuOTIsMy4wNi0zLjYyLDMuMDYiLz4KICAgICAgPHBhdGggY2xhc3M9ImNscy01IiBkPSJNNTMuOTEsOC43NWMwLS4xNC4xMi0uMjYuMjYtLjI2cy4yNy4xMi4yNy4yNi0uMTIuMjctLjI3LjI3LS4yNi0uMTItLjI2LS4yN1oiLz4KICAgICAgPHBhdGggY2xhc3M9ImNscy0zIiBkPSJNNTMuOTEsOC43NWMwLS4xNC4xMi0uMjYuMjYtLjI2cy4yNy4xMi4yNy4yNi0uMTIuMjctLjI3LjI3LS4yNi0uMTItLjI2LS4yN1oiLz4KICAgICAgPGxpbmUgY2xhc3M9ImNscy0xIiB4MT0iMzYuNDMiIHkxPSIxNi45OCIgeDI9IjM2LjQzIiB5Mj0iMTQuMjQiLz4KICAgICAgPGxpbmUgY2xhc3M9ImNscy0xIiB4MT0iMjguMDUiIHkxPSIxNi45OCIgeDI9IjI4LjA1IiB5Mj0iMTQuMjQiLz4KICAgICAgPGxpbmUgY2xhc3M9ImNscy0xIiB4MT0iMTkuNTkiIHkxPSIxNi45OCIgeDI9IjE5LjU5IiB5Mj0iMTQuMjQiLz4KICAgICAgPGxpbmUgY2xhc3M9ImNscy0xIiB4MT0iNDEuNTciIHkxPSIyLjc0IiB4Mj0iNDEuNTciLz4KICAgICAgPGxpbmUgY2xhc3M9ImNscy0xIiB4MT0iMzMuMjgiIHkxPSIyLjc0IiB4Mj0iMzMuMjgiLz4KICAgICAgPGxpbmUgY2xhc3M9ImNscy0xIiB4MT0iMjQuOTkiIHkxPSIyLjc0IiB4Mj0iMjQuOTkiLz4KICAgICAgPGxpbmUgY2xhc3M9ImNscy0xIiB4MT0iMTYuMDgiIHkxPSIyLjc0IiB4Mj0iMTYuMDgiLz4KICAgICAgPGxpbmUgY2xhc3M9ImNscy0xIiB4MT0iNDQuNjMiIHkxPSIxNi45OCIgeDI9IjQ0LjYzIiB5Mj0iMTQuMjQiLz4KICAgICAgPGxpbmUgY2xhc3M9ImNscy0xIiB4MT0iNDkuNDkiIHkxPSIyLjc0IiB4Mj0iNDkuNDkiLz4KICAgICAgPGxpbmUgY2xhc3M9ImNscy00IiB4MT0iNDAuODgiIHkxPSIxNi45OCIgeDI9IjQwLjg4IiB5Mj0iMTQuMjQiLz4KICAgICAgPGxpbmUgY2xhc3M9ImNscy00IiB4MT0iMzIuMzMiIHkxPSIxNi45OCIgeDI9IjMyLjMzIiB5Mj0iMTQuMjQiLz4KICAgICAgPGxpbmUgY2xhc3M9ImNscy00IiB4MT0iMjMuNzkiIHkxPSIxNi45OCIgeDI9IjIzLjc5IiB5Mj0iMTQuMjQiLz4KICAgICAgPGxpbmUgY2xhc3M9ImNscy00IiB4MT0iMjAuNTkiIHkxPSIyLjc0IiB4Mj0iMjAuNTkiLz4KICAgICAgPGxpbmUgY2xhc3M9ImNscy00IiB4MT0iMjkuMTMiIHkxPSIyLjc0IiB4Mj0iMjkuMTMiLz4KICAgICAgPGxpbmUgY2xhc3M9ImNscy00IiB4MT0iMzcuMTYiIHkxPSIyLjc0IiB4Mj0iMzcuMTYiLz4KICAgICAgPGxpbmUgY2xhc3M9ImNscy00IiB4MT0iNDUuNzEiIHkxPSIyLjc0IiB4Mj0iNDUuNzEiLz4KICAgIDwvZz4KICA8L2c+Cjwvc3ZnPg==\" alt=\"S\u0131cakl\u0131k\" width=\"100\" title=\"\"><\/div>\n<div class=\"temp-values\">\n<div>-40 \u062f\u0631\u062c\u0629 \u0645\u0626\u0648\u064a\u0629 \/ +70 \u062f\u0631\u062c\u0629 \u0645\u0626\u0648\u064a\u0629<\/div>\n<div>-40 \u062f\u0631\u062c\u0629 \u0641\u0647\u0631\u0646\u0647\u0627\u064a\u062a\/+158 \u062f\u0631\u062c\u0629 \u0641\u0647\u0631\u0646\u0647\u0627\u064a\u062a<\/div>\n<\/div>\n<\/div>\n<div class=\"marking-section\">\n<div class=\"detail-row\">\n<div class=\"detail-label\">\u0648\u0636\u0639 \u0627\u0644\u0639\u0644\u0627\u0645\u0627\u062a<\/div>\n<div class=\"detail-value\">: \u0634\u0631\u064a\u0637 \u0646\u0642\u0644 \u0623\u0648 \u0634\u0631\u064a\u0637 \u0646\u0642\u0644 \u0623\u0648 \u0645\u0646\u0642\u0648\u0634<\/div>\n<\/div>\n<p><img decoding=\"async\" class=\"marking-image\" src=\"data:image\/png;base64,iVBORw0KGgoAAAANSUhEUgAABf0AAAAoCAYAAABEkVAiAAAACXBIWXMAACE3AAAhNwEzWJ96AAAgAElEQVR4nO2dv3Pb1pbHv\/vmtcY\/IMxsMpuGKPJmXkMWybwUJopk8goRhT0ulmJhvzQUCzspIqmQnUKWClqNn1RQajx2AarYTFKAnlnvJAXY7OxuATZv5qUA\/wHkH9iCPFcXIADiF0lAPJ+ZTCySAA5wz72499zz41\/+7V8\/agP4CAzDMAzDMAzDMAzDMAzDMAzDVJnf\/gjg3wF8sWFBGIZhGIZhGIZhGIZhGIZhGIbJx4c\/bFoChmEYhmEYhmEYhmEYhmEYhmGKgY3+DMMwDMMwDMMwDMMwDMMwDHNH+GPeE9Q0DYqiFCFLIXieh4njAFiUbWzbmxKrUMr2zBlmm7gr4wjDMAzDMAzDMAzDMAxzN8ls9FdVFW\/evcWOqhYpT27Gto1HDx4CAA6ODlFvNMR3n3z08abEKox6o4E3795uWgyG2UpGlsVGf4ZhGIZhGIZhGIZhGKbUZDb6d3v7pTP4bwPd3v6mRWCYreWH4+ebFoFhGIZhGIZhNo7sXJeGieOg3elgbNuoNxq4MU3sGgbO+\/2CJWQYhmGY7Saz0Z8N\/uunZRiZJ1cMw+TjvP8KrutuWgyGYRiGYRiG2ThZo88fPXiIbm8f5\/2ZQ9vYtud\/s9GfYRiGYYokd05\/Yuq6pTCIUT7\/u4aiKOzlzzAbwvM8XA8GmxaDYRiGYZgtpaZpd3ads4yapmHquvA8b9OiMAEePXiYKvXlP3775wqlYRiGqR7dXm\/TIiTixjRDbb6qqmLXMDYgUXrCNperLv8yCjP6P3rwsBRG\/7tKu9Ph6AqG2RA\/HD\/nhSbDMAzDMBuh2+uh3dnDX7\/8auvWW4qi4OXZKSaOg2+fPtu0OAzDMAxTKFVx7h3bdugcZEdVK3MPYUbzqsu\/jMKM\/nknoPVGo5DUNVPXxdA0c5+nTKiqinZnb9NiFApFhiiKgpqmLXw\/tm2oqhq60UHeJKQvdK6o33ueh4njLFxr4jjwPA81TYOiKIm9VNL8nn6bhqBczGaZOE4lxhTqD0n1mPoD9Y8omrou+s3YtmPPv0yG4DWj+n8YUXJG9fs4OcJkCYPOTWNMnv4cdf2438S9E+Oi69K2w7LP4wg+o6hrLZM5rh1lwp6Voiho6ro4fmRZieWX9XviOBhZVuRvo9o\/zfMCsusskCx\/clCeIsYGuvdl9xp8Lyft40HdSKv7wesmkS0I3WNUf5TPEfcs0+hU1HGe5+G9ZS29lzii2oruM+o5kH6G3aPcnknG1yjSeAVHyRdFXPsB8fOytH15XSiKgnZnD4qi4L6u43owWPo+imrfNO90+fp527OmaWjquvg7bpwO9jOSuaZpnGqRYRiGYXIiz++rSpy9sAqsU\/7CjP55qTcaheyujG27Ega6NHR7+3fO+Ou6Lh49eIh6oxGaD\/LRg4do6jpeX174Pp\/OjwNuw0OH5hDn\/T66vV6oDk0cJ\/RaL46fY2zbePPuLeqNhjjvMtL8nn6bhqBczGZ5UZHivaTbn3z0caLf1zQNb969xdi2Q3VZURS8efc2MBmY5V395vGTUKPKMhmC16S\/kxAl565hRL47ZmmZrkJ3xJfdv3zu8\/4rnPf7ODg6TN0nv3v6LPSdtGsYODg6hOd5+POnfwo9dtmzGVkWvnv6bKEt0rbDss\/jCD6jIN3ePtqdDjzPw1+\/\/GrpeZYRTCNAMsvvyG5vP\/LZEOH6DeFJGmaMimv\/qevixfHzRAberDoLJMufHGy\/IsaGpq6j29vH1HXxl88+Dz1OVVVxLYr+TNrHg\/qz7JjrwcA3Nnd7+6IYZJgnsCzH1xF6SO0bl6oi7llm0SmS7e+XFwuT\/oOjw6V9PI6ofkxtGfX9ydkp6o0Gvvjs8wXjqvwc4\/RpWbtPXRd\/e\/wkk4F92VixLNXIsnF8WXttgnanIzZqbubvk2X3ETYmL84r9yP7jEye9lQUBa8vLxZk7fb2I591UMeGpoldoyXWiuztzzAMwzDZkOd\/L89OK5PWRkae4\/zXr79UzvC\/bvn\/sNKzM7mpNxqV7IjLUOeKHbZAoMVamCcPfcbGcGYdjCwrl0diVYkyXgGzvhfcjCsrVAvl4Ohw7deezseqqCitltECAGHAyQIZ78pKTdPQ7nQAANeDq8K9M8MM\/kRT13Fydhp6XJx+kwE27Ub7jqri9eWFz5M1C5vU2ThoHNxRVfH+DiI\/z1WPm+1OR+gWANyYQwAzg3BY21F\/mzjOSoy5WXWKjoua7Dd1HR9+\/aVQxw+6\/6h2pM+jxn8gf\/vuzDeIomTYJDVNw8uIsWNT0HvkvP8qc6rBbq8XOnfeNYzc41Zce4YZ\/ImapuHHn39KNKc\/778S8pZRbxiGYRimCsjz4KqmL676Paxb\/sI8\/SnsmymWMht08kALXM\/z4Hmeb0FLxrLwDYExgOjFah6CBVRo961lGL4FefDacYVXeGFSbX6oiJd\/0bQ7HV\/4\/\/XgCsBsPKppGuqNBlqGkTuqauq6YiFPtIwWdlR1Xiho6vttHLM0BWPxt6LcEwbAdqeDkTXKbai6MYe+a6jqDnYNY55Wbuj77cRx8PryAjVNg6qqPoM3pSkAIJ5tHEFv3JqmYa+zhx1VRbvTWYlBvQjIcD1xnMT5B4PtGETWg4OjQ\/HuuDFNDM0h1HlOxh1VRVPXUW80Fto9Sr\/bnT3UGw3xXKNkDuom6QEw85Ief2Ynmg\/l0dlgv5FZ1leyEIyuCNO3eqO+8FtZpmAfiTq\/TNh9UpqTbm9fFFgfmia+n+tDU9cXxiZqnyT9LQtZdYo8uIFbHQZu07mQ\/kbpUxY9oLYL22hQFEV8XtO0hcgVVd0BED4\/i5Ih2O7UX6gNs3ptR40VSfX\/xfFz333MirjNvMlrmlbIO64Imrou1lhh8gTHI3qHypA+AbO2e3H8HIqi4OTsFIqiYNdoJYpSStuecupW6hekyy2jJd6fSfRpbNuYui52VFWkOGKqzXn\/Fca2jfM+Qt\/VDMMwTPGQ04zn\/Y6apuGbx09Qb9R9zjRl5+TsFLWBBkW5B3duT9g1WrmdGNbFuuUvzOj\/+vIidqEeRlT1Z\/ouboEYxV3aeGgZxp32aKcJ3sRxfPfpOBPx77Ft+76j9l1FCExwg4UW57QITHocczfY5ryx5BUbTP9AaadqmoZubz+3QWT2kvMbweqNOnZUFUNzmGoBOLbHC+camkPhCd4yWrkXlMH7pUissPsAIAwUu4bh+172Ok6iY0G5x7aN95aFD7\/+IuRwS2CckiGDO5AuRVZYO4ahqqo4vxwiOcYsQufHn3+aG1r3Fp5flH6PLEt467c7e5FyhOnm2B4LA1qY0TnpvSbV2SxFnPJC7+N6ox5qILw17i3OBaP6yDLCjqFxSFEUn6HovWVh1zCwa7R8z5+MpgAS59dPS1adouOC6Yro2G6vFxsNlOWZBus9BDd0br+rLxxLc6+JNE+LI6rdXXeKbm8f93UdQFajf7KxIoqJ4\/jufYzZGE9h1vVGvSRG\/yaAmX6HERyPaE4qf1ZvNEQfePTgoZhLK8eKSOeUhLTtKb\/rgpvXY9vGyBoBSL52uxpc4eDoEE29yUb\/OwDpkud5+PvlBRv9GYZh1gQZ+L95\/AQjy8LIsoTTQxUgRwMA+POnf4LneRjbNpr\/Vw2j\/7rlLyy9D+VZTPNfXH5I152KAlNp\/itTDs48yIpwV4lK8SP\/HfVd2GKUYYpilld7OxeUckGZoBep53nis7g0H2Vh4jjC4\/b+Bnb+r+bXJsMHQbv4ebyOXdf1pVwpE4qiCC\/\/G9NcyUKe2nOmk34jlOd54tkHjVk1TRPPK2wzgvQ7TZFpYGYspPu8PzfSZWHTOhsHGfOjnkuSAq\/FyGELb265feU2l8cmMpremOZKHEPy6BQdF+Xkct7vr2TzmdooOIbLzzNsfKfv88pEGxlp+9k6oLYoy7hKz5wM5HHIzzJYpH3maT\/w9QFqx7zpo6Lac5l+k6EhKbTxcZcdorYRqm9UlRpaDMMwdwV6\/8uRnlWD7qFs88mkrEP+zJ7+RYSPxymWqu5kmtR5nncnDP\/tTqeyHS8ptyl+fvd9LrefHLIsf1fVTs1Ugx+On9+pqKE0yONOmPFuZFmxKSXKxsxbdlYMfd1p6G5MEwdHh9hRVdQ0DRPHQVPXsaOq8DxvZV7Hm4beX6tcxNMEKep9\/96yRPofud1l41bYsRPHEREaqqqmmk+MrNGCwTkLm9TZOGbjwX7o3Ez+bB3emu68jWQoX39N00T6j1nqkllqnyzRo0koQqfWPW+dRqT4qWk18e8dVfXpn7rk3ZAGedOgyHoF62AWhVvHPUXB2B5HbiZR6sfzfl+kZAPCI4WikBfhwWMoRU8wcgOY6ZMs09A0Vxq1sKw9i9Jv13VFSlBOB3O3GFmj0rzrGIZhtoWTs1PsGi2oqorz\/ivcmCbanU6lnI\/\/4+efMHEcqKqKRw8eYuq6+P7osDKpftYhf2aj\/9XgCvelkOmimYVopy9gGwytriLqPCXBXcef\/3c2sEznE3o59Q8h5\/+v2iKRqQ4TxylFSP+mSOKtu4nUIlmRx5Capq3VSECG\/aauo2W08OLY8aVqyLvApXFwFTncs0I59YHVbp7dvj\/C0woGayhQuycpREoG5bCc5nEUtSm9SZ2NI5guJPh38DerJGoOMDSHODjS0DJauB4MxIR5KkXGFE0ROtXU9bVuAjrOBLtYjJrUpPGfwryDEUVlcaxRlHt4OU9N47ourgdXhTxDRbkHYHFcDSvWTMXUHz14uPBcaBwcWZav4PiuYeDrL79K9BzpWkEjPn0WRJtv2qRto1W\/Q5p6s7D+RylByzQ2Msnh9RvDMEy5oHksZTk47\/crZfSXHQFoXnA9uKqM0X8d8mdO7zNxHPz50z\/h0YOHqf4ry2KhzJCH312HvMbkxQYZaqjQpTyhZy9\/Zh1se3jxNow96+Rm7l1MhQ4pZUter2O5GHCZDB\/fS8V7t3nz7K4S3DwhyEM8bW2nLKhz4zmwaNykNCPUP3bnqbVW5eWfF5r\/dHv7a02XFjafIq\/y2WblLJWM3M5FpfYB\/FEDWTcG250Odg1jnn+\/gdeXF7mL0FFNDmBRl+VizcFjXp6dRp7z75cXvvdq0sK1wG37JH1G1EZOwpoLbSn6IA9R7Un6vVtgjTJqF56rlAPP81Kty6LGboZhGOaWqev6bGTBzX957RfMdBL8e9m56Lc0\/2l3OoVkT0kjc1DGNPdP39c0TcxH2p29hXNsm\/wyuQv5pjU2cOhePLNFavoIhypCXmPyApIm85pWw+\/zzkRh8VNpQyCMKE++VU8so\/pATdN4UVIxRpZVKgNqVYla3G\/jht3IssQYRoVe03odU5oIoqbVpLoAg9IUnK43GkKuYGqQpMSl9uO+eUvUM1p1isOxPZ572dZ8n8tpRcIgL5Ywpq4bqcPBY4L1joI64XkebkwTu4aBbu82FVFcMdwg6xynhuYQ3d4+apqGD7\/+Mn8HjfHeshL166x6QN\/JKaRkY9ztpsBtO9eEF3kyg3IcZGwuWl+7vf3EtRtaRitQw2BHRDCHbVqe9\/tQlHuYOBPxXcswcHJ2KjaZwu7lnqIIp6ddw0i1gFuWxkxGrscTN1bWNA0HR4dijjqrI5KvhlFUew7NodjwfvPuLSaOg5E1wsiycre7qu7kOp4phonjiAiTJNQbDRHVzTAMwywiZy558+4txvZ4PgdR8OHXX8Scot5o4M27t\/jis8\/heR7anQ72Onv4+suv4Hkeur0emnoTX3\/5FQDg9eUFJs7Ed67z\/itcDwaoaRp+\/PknALN5OZ2z2+tl8vo\/77\/yXeebx09EFOnLs9NYGYFZgWG6\/4njiJSGP\/78E759+kyc6827tyJ6st3p4MOvvwCYrb\/\/8tnn4hxpHQ+qLn+Q3Eb\/VRG3CIyj6p4DVPxwW5BDWeqNhs\/7jPL5O46DHVUVf0dN9FedszSKqHRSRXRQZr38sOVe\/nGEFV6\/MYehfS6uSPs2MrIstDsdYRC\/SlnAN2qy9eL4eakKTsverpRLPa18can9Pvno41zy3SWi+tiqUxyG5fWXN7jjNsGjZKaJdRhxY0mwKCkxskbYNQzR30YJDejEOudhsxRETWFwb+o6mrqOg6NDjG0b5\/1XsQbcrHrgeZ7YjKSoyts0RWNxTU3aAFETGJSDzNJ99QKf7Yg+\/j5HOh7P8xYWvmnGnahx5sY0IyP+gp8PTRPtzh5qmuabw8r8cPxcCtfONl4Ha1+FEVXEN4i8Aed5Hr59+iyxATZte45tW2zCkYw1TUO3t4+p6+K8\/yr1vD2qHgWzGUbWCAdHh3iRMJ1fy2jxBj7DMEwMcqShPCejjXV6x9O\/aeydOI6ofUN\/U8rC2d+T2HMRwXNkuwf\/dejvsW0vlVFmduxYnMuVHOfo\/2H3IJ+H5onbJH+Q0hr9h+awUnmji6Cp61tnJFZVFWPcRoDI6X1uO9METV0XHWMbvYWZ1VMmj+kyEjY2rSOVx13genDlSzuRx9Al0+3tL9Q+2RTtzp6IYnBdF\/VGA3udvVJtSjD5ofewoijCs1nTovOOr4qRZUUaZuXoGgB4P09VU0bIcH1wdLhQJ2tmyG7gm8dPVpLv3w0Y\/WuBfPAUahyMBEjjqb4j1fgI4nlepqLws80Qf0TC2LZF\/ZQ0Xsdh7BoGxvY4sTF69uyiIzudNY3P\/jpZySAP\/KTpV7O057dPn8F1p2gZLZ+hnqLfalotVVpFnqeVixvTRLe3j5OzU+HZGEW318POvFgkwzAME067syfeye3OHpp6Ey+OnwsHg4OjQ4ysEVpGCzVNQ7vTwcRxRIRryzDgui66vX3sqKpYr7eM1sK52p3ZvJ2isFzXRU3TfOfIAm0G03Venp1iaA5FlGWcjMDtXJTSA3qeB3WezlE+FzB7t4xtWzw3z\/PQMlq+c2yb\/EFKa\/TfRrbNyx\/wh4s3dd23kxXM+7gsvU+90Qg1TE5dd6URAEGvJyKYnzdqkit7STGbIavxgQmHdd0P7erXG43UXsfAooc7ebMeHB36wjo3CRm8vn36TExqdlQVLcNINf7OIr94M2kZUX1sHUWdyRiszY3+SYyNs\/dweN7w+KLht\/dJHvFj215qXKK0OZ7npX7\/35imiCwMsorCZuRtDTwTiwtayAHAydkpRp+GG\/3z6AGlaqLoSS0w56J2lp0wyEspLxPHmRuD059LLnTmP+dsHpnUA\/zRg4cL52nqOk7OTnFydurzxiIo5798jWWOKOvalL2t8RI\/fo5tG5989DEURcHJ2amILMkTIbSsPc\/7fZz3++LdcF9v+nIHD81hKTavmfR4nofvnj7D68sLvL68wHn\/1UJb1jQNe5097BoGvsvY7xmGYbYFRVFEmhgAUALRsu1Ox+dMFrQhngTqDMnn2oE\/SpQiTAHgz5\/+CZ7noanrvmOyEIzwDUZyx8kY\/Dt4\/8Fzzebm+5g4jkizc3B0mOseqi5\/kFijP3lyFUnSHOdxeX3jSJMbtqjzFgF5P2wbsmGfFldkLFcUBaqqismj67oi\/2wY9UYjdEE+tu0VG\/2TGQGiIlfqjcZWGkLLxHn\/1caNpmVHNjwvS13Fur4IGdiKyIfteR6uBwNhGGzqeimK5lJNjDEgPB92jVZKo\/9466L8srDJZ0SezfVGHUPT9KWFicJ13Uwyy8dMXRcnZ6dzQ7UaOyejNERZDIlDcxi5EbEKo78Mea\/P+rch6oBQKsQgefRATqdIRXzlua7jTLAL+NLWpH2elMdUZtV1J\/IwsizUzTranc5CGhLaEChrraZldTWCeJ6HH46fiyjjJDVY8ran67pw56k4aUFNGylJz7HOgtdMMkaWJSKWKCc0bar947d\/ApiN36uKWmIYhmHyIzt4VBFZ7iRpEcvGKuWPNfrH5WBdNXF5fePImhs2z3nzoiiKKIK1bZDR35WqU8uF42bhMrZvccowRTJ1XU5BssXEjSllLxQ4skY+42uQqMKSqzCakAGJOO+\/EgbaKINl3uut8zjmlrE9RrvTEYbCJMVDi2Bomvj+6FBEupRlc2hVOhXMF1\/085XnVTQOyqlowor5pjXWe55XufzdI2sk9FvmYK57ZUSWNc3zljfOKIomjiLbc+I4uDHN+bOuJz6Oxpt1RDUxyRnbNr7+8iuoqioKERJs7GcYhiknN6aJq8EV6o2GKPTb1JubFisVL+a1k\/Y6ezg4OoTn\/V4p2+o65N9oeh9efM8o80Ji1ZDn\/sRx4Mw9YGUjHC10KS1AlY3+UZtO29r2ZWGWVoEhyEM23hhenUX3suKGcf2vKtFXUXJG3dsq7muWEuVWH0aWhe+92bttFYX7KJVHlLEoqt3p33GRKsHUcknJelzUeYo41yqgttxRVRESvK58\/mQkbBmt0hj9V6lTq3ym1F\/lwq5yJFJYMd8iIpWqgjxOUroyuXgw0e31VhYBQu2\/zCgu11uo0toqjydbVAouZrOERWBVSScZhmG2CUqvRzUBaF5fJch582pwJaLNqsQ65P\/DSs6agKBX4LZS07StTXdB0GKFilvKC2fyMLuZe7GW3fM2DvJ4Df5X5Y2MqhOVG3ibocVZVHq3mqYJY8i6ChTmgSYvnuf5Fp6y0SZsguM3hJXzPqPGQ5I3ylODPi\/yvoLGm1kKoisAs8i9oqML5BovYZsb1HbBdpc3qsKMtPL50qb0o+eaNxVglM6WBTmdB3mirGscJQcAecNh0+TRqWWb\/vT9qvSA2o2KiQXbceI42FFV0X\/LkIv75dkp3rx7u7K5U9xYJRcPXgd0rWV6sqyuxpt3b\/GP3\/4ZWYNqVSzX73sA0uk33WsZx0aGYRiGqRI0l4paT1UBuoc8qdw3yTrkj\/X0n7ruSopbep6HG9P0TdjGto3zApy25AnvjTksrCDgqha021i8NwiFFFO1cBlafJGusIGcKZLv2Mt\/AfLYVRQltLgfjVlT1y2tMZyoaZowSr4PhJaT4bKmaej29jG2bd87SR6by7gxpKoq7s+NnsH3HOVc3zWMhQKJLcNIXPAxLzemKTxg2529hVzQeaA2IT2VI3YURRHXDbY7pZLbUVWh32Htnla\/W4YhJmvvrVG2m0K8zpYJ0rF16RJBRteZfrdKkTIiq04pioIff\/4J5\/1Xoem5ZKeAVY21s0LMDbGRG7yOXMwXKMdYeG++IbvX2fP1+9uNi3y6uO6NrDjkzc04KBrDiYjEoHZu6k1fhIy8wFxF5N7J2Sl+F4Wq\/VCarpl8ySNI1AhdZRiGYRhmOSPLwndPn0FRFPzHzz9V0h5Jqdebul5J7\/51yx9r9M9aeC0Lq\/C4LUNhwzioeNa2I3uraoGFTXChU8bnFbcx1jJamVNpxG1a1Rv1Uj6LKnE9GJTCa7Fo4jz5pq6baFy8Hlyh29tHvdHAjz\/\/hKE5xO+eh12jJfSOPG7LQr1R9927qu74oqiu5l7nMteDK5ycnaKmaeI+6Vx0nyPL2rhHYbBNFeUedg1DeGQEDZ\/Xgyu0Ox0oioI3797ON9l\/9z0Tz\/MiDaaqqsbqUdL3teu6uDFNUaOnyILZrutiZFlo6jp2DQP3FEUYjtqdPfFswvT0anCFg6NDUbdoNDfSN\/WmeOfE6XdL6geAX1+mc7mSkEVniSz9vIixgaC8\/rd\/x+tDUToFzNrm4GhWwHpZQd91kUWn2p0OdlQVJ2en8w2MkS9Kh3Rh6roxhYXztamcIiUsNQwV8wWijayUujC4QZyWmqbh4OgwtFiszHtrJPq9604xtm20O3upa0sE+zF9RucZSZt3t2l2\/DVKVFUVmw2rwJ23SVwxZ1VVl9471SmoaRpeX17gxhxCURR8L21IFd2PZpsMuvi3XCC7pmnYk8bpm4Rjj3yvbPRnGIZhmPRMnImIJiangKpBa60yOP9kgeZD65J\/ozn9t50q7qqtAtmwH2Ygp4XOKopPFkHcxli9Uc9s9I9brHd7vUoO0GXB87yVRDGVgbjcwrP6GEmM\/gNhrJoZYvybbxPHKV3xYzLGhHHefxVqIJALZe6o6sKzK0saurg2vTHNhXtz58WpyfAvG2eJuCiXsGchc95Pbli7GlyJDYp2p1OoI8EPx89FMdmmri+ke7kxzVA5rwcDtIyW0O\/g5vIy\/Y5Lyfft02eJNzay6CyRpZ8XMTbIvyeS5PMvUqduTFPMn+7reinGoiw6NbIssUEVpwtxBvC8bSrrWFi6Nvn7KKNwUXMROaVaHMN5BNGtTt0+g4njJNajuH5MRWblvymaI6o+06oY2\/Z8fGuG3luSGiC0qUaG+OBYGbfBmBU5KiesrYg0Dhhyyr1Nb8Yz4VQ1PQTDMMy2UG\/URRrfqmbRaBktvDh2Qte4VYDmdOuSP9boL3tUbDtyDtsi6PZ6\/Gzn+Av3LhYrU1UVY1SnqCZTfor0OL6LULHC15cXC0aYsW3jm8dPKvH8pq6LF8fPY3fRo+5z6rr42+MnpfAijuJ6MIg0CNLnwckEbWSsy7OAjHD1RqPw4quu6+LRg4f4++XFwvsh7tkA0e2eVb\/Hto0Xx89zzxOS6GwZkNNjrdvjlqJUmrqOvc5eKYz+QHqdmjgO\/vrlVzg5Ow01dnueh++ePlupLshG5LDIQv\/mTnmK+P7t8RO8effWZ2CcOA6+efwk97mj2ivsmp7nCaP8qqDIhqauh45py\/L5E9\/M5Q8u8K8Hg5X0IZpHdHv7kYtaCm9PCqVeKlukIXNLMBWY53kijSvDMAyzeeqNBv77\/\/5302Lkot3pVNbgD6xf\/n\/5t3\/96D8BfBH2ZbfXi\/Ui2ibGtp07dJlQFAUffv2FvSEk5JDf4HOhsOOoTahl35NxIliYlDyFogqXxMkkfx9HlqIoSTyYeEMuO1PXxV8++3zTYhROEg9JefOS+sOyDc2apgmDxsiyYn9LMkT1jSTXpD6T1JNvWb9PinyfE8dJZGhL+gxlOdOkUYhr0zTP576uQ1EUkXom6rio4s1B5F5OcNkAAAJUSURBVHtIcl\/BlAxh18\/yfGSaui7a4r1lJT5HGv2OGs\/TypxHZ9P28yzHpBkbSK+i7j+LTskyR40ly1KapOmbRJKxZ5lcdJ6kOkWoqurLrb8s3VEWPVh2rqj7Tvq9LG+W55\/2GIrw2VHVxGM2ED8vW9aXKRqhpmliPFUUJXTsSqIrSZDXDN89fbYQvZGkH8pQVEmasTJLewaPD9aoCNbRCcoI+J8dpeEDgC8++7zUG\/LbzMHRIZq6LubZry8vACB2Q+7Nu7cY2+O1pRRmGIYpG\/\/47Z+bFiERjx48DJ3X1BuNtUdCZuWTjz5e+Kzq8i\/hAxv9E1Kk0f\/l2WlsWDHDMKsj6mXFMAzDMAxTNmjdcFedFpLw5t1bke6zqPUYUyxUnHxkWSIqpWUYODk7jd2oYaM\/wzAMw6yMD3\/YtATbRk3T2ODPMBtiFQXDGYZhGIZhVgXVINpR1UqHs2dFrnlxV+sxVRVqG\/KSvKcovjYazusOvb68QFPXY+uXMAzDMAxTPLE5\/ce2jXPedAcwC\/ktAo6cYJjNEVe8lGEYhmEYpmxQcfZdw9hKx4Wp64r6Cdt4\/2VGTocwtm18++DhQtomqndCqX6ATOkJGIZhGIbJQGx6H4ZhGIZhGIZhGGZzUF78shf5XhU1TcPvnse5\/O8g3LYMwzAMszLic\/ozDMMwDMMwDMMwDMMwDMMwDFMZOKc\/wzAMwzAMwzAMwzAMwzAMw9wV2OjPMAzDMAzDMAzDMAzDMAzDMHeEPwL4n00LwTAMwzAMwzAMwzAMwzAMwzBMbv7n\/wEtr7GynommcAAAAABJRU5ErkJggg==\" alt=\"Markalama G\u00f6rseli\" title=\"\"><\/p>\n<\/div>\n<div>\n<table style=\"width: 100%;\" cellspacing=\"0\" cellpadding=\"0\">\n<tbody>\n<tr>\n<td style=\"width: 120px; font-weight: bold;\">\u0646\u0648\u0631\u0645<\/td>\n<td style=\"width: 400px; text-align: left;\">ISO 1307<\/td>\n<td style=\"width: 120px; font-weight: bold;\">\u0644\u0648\u0646<\/td>\n<td style=\"width: 400px;\">\n<div class=\"color-icons\"><img decoding=\"async\" src=\"data:image\/svg+xml;base64,PHN2ZyB2aWV3Qm94PSIwIDAgMTAwIDEwMCIgeG1sbnM9Imh0dHA6Ly93d3cudzMub3JnLzIwMDAvc3ZnIj4KICA8Y2lyY2xlIGN4PSI1MCIgY3k9IjUwIiByPSI0OSIgZmlsbD0iIzAwMDAwMCIgc3Ryb2tlPSJibGFjayIgc3Ryb2tlLXdpZHRoPSIwLjUiLz4KICA8Y2lyY2xlIGN4PSI1MCIgY3k9IjUwIiByPSIzOCIgZmlsbD0id2hpdGUiIHN0cm9rZT0iYmxhY2siIHN0cm9rZS13aWR0aD0iMC41Ii8+CiAgPGNpcmNsZSBjeD0iNTAiIGN5PSI1MCIgcj0iMzMiIGZpbGw9IiNGRkZGRkYiIHN0cm9rZT0iYmxhY2siIHN0cm9rZS13aWR0aD0iMC41Ii8+CiAgPGNpcmNsZSBjeD0iNTAiIGN5PSI1MCIgcj0iMjIiIGZpbGw9IndoaXRlIiBzdHJva2U9ImJsYWNrIiBzdHJva2Utd2lkdGg9IjAuNSIvPgo8L3N2Zz4=\" alt=\"\" title=\"\"><\/div>\n<\/td>\n<\/tr>\n<\/tbody>\n<\/table>\n<\/div>\n<\/div>\n<\/div>","protected":false},"excerpt":{"rendered":"<p>&nbsp; \u00dcr\u00fcn Ad\u0131: WHITE L \u00dcr\u00fcn Kodu: ABFL248 Hafif Hizmet D\u00f6kme G\u0131da Verici D\u00dcZ Kullanim Alan\u0131 : G\u0131da End\u00fcstrisi \u0130\u00e7in D\u00f6kme A\u015f\u0131nd\u0131r\u0131c\u0131 Malzemelerin Bo\u015falt\u0131lmas\u0131. Alt Katman : Beyaz Renk, Toksik Olmayan, A\u015f\u0131nmaya Dayan\u0131kl\u0131 Do\u011fal Kau\u00e7uk. Takviye Katman\u0131 : Y\u00fcksek Mukavemetli Sentetik Tekstil ve Antistatik Bak\u0131r Tel. \u00dcst Katman : A\u015f\u0131nma, Ozon ve Hava Ko\u015fullar\u0131na Dayan\u0131kl\u0131 [&#8230;]\n","protected":false},"featured_media":22335,"comment_status":"open","ping_status":"closed","template":"","meta":{"jetpack_post_was_ever_published":false},"product_brand":[],"product_cat":[2362],"product_tag":[],"class_list":{"0":"post-21494","1":"product","2":"type-product","3":"status-publish","4":"has-post-thumbnail","6":"product_cat-sel_asindirici_gida_hortumlari","8":"first","9":"instock","10":"taxable","11":"shipping-taxable","12":"product-type-simple"},"jetpack-related-posts":[],"jetpack_sharing_enabled":true,"jetpack_likes_enabled":true,"_links":{"self":[{"href":"https:\/\/tuzlahortum.com.tr\/ar\/wp-json\/wp\/v2\/product\/21494","targetHints":{"allow":["GET"]}}],"collection":[{"href":"https:\/\/tuzlahortum.com.tr\/ar\/wp-json\/wp\/v2\/product"}],"about":[{"href":"https:\/\/tuzlahortum.com.tr\/ar\/wp-json\/wp\/v2\/types\/product"}],"replies":[{"embeddable":true,"href":"https:\/\/tuzlahortum.com.tr\/ar\/wp-json\/wp\/v2\/comments?post=21494"}],"wp:featuredmedia":[{"embeddable":true,"href":"https:\/\/tuzlahortum.com.tr\/ar\/wp-json\/wp\/v2\/media\/22335"}],"wp:attachment":[{"href":"https:\/\/tuzlahortum.com.tr\/ar\/wp-json\/wp\/v2\/media?parent=21494"}],"wp:term":[{"taxonomy":"product_brand","embeddable":true,"href":"https:\/\/tuzlahortum.com.tr\/ar\/wp-json\/wp\/v2\/product_brand?post=21494"},{"taxonomy":"product_cat","embeddable":true,"href":"https:\/\/tuzlahortum.com.tr\/ar\/wp-json\/wp\/v2\/product_cat?post=21494"},{"taxonomy":"product_tag","embeddable":true,"href":"https:\/\/tuzlahortum.com.tr\/ar\/wp-json\/wp\/v2\/product_tag?post=21494"}],"curies":[{"name":"\u062f\u0628\u0644\u064a\u0648 \u0628\u064a","href":"https:\/\/api.w.org\/{rel}","templated":true}]}}